{"id":22042,"date":"2022-05-31T18:20:41","date_gmt":"2022-05-31T16:20:41","guid":{"rendered":"https:\/\/www.antderground.com\/producto\/caisse-de-nourriture-de-tube-a-essai\/"},"modified":"2023-07-18T12:30:34","modified_gmt":"2023-07-18T10:30:34","slug":"caisse-de-nourriture-de-tube-a-essai","status":"publish","type":"product","link":"https:\/\/antderground.com\/fr\/produit\/caisse-de-nourriture-de-tube-a-essai\/","title":{"rendered":"Aire de chasse avec tube \u00e0 essai"},"content":{"rendered":"<p>Cette <em>aire de chasse<\/em> avec tube \u00e0 essai est parfaite pour avoir une zone connect\u00e9e \u00e0 un tube \u00e0 essai en toute s\u00e9curit\u00e9.<\/p>\n<p>Cette zone permet plus de confort et de s\u00e9curit\u00e9 pour les fourmis.<\/p>\n<p>Il est id\u00e9al pour n&#8217;importe quelle <a href=\"https:\/\/antderground.com\/fr\/categorie-produit\/fourmis\/\">fourmi reine<\/a> ou avec peu de <em>fourmis ouvri\u00e8res<\/em>.<\/p>\n<p>Couleur structure: Blanc<br \/>\nPour tubes de diam\u00e8tre 16 mm.<br \/>\nTaille totale de la surface : 45 x 40 x 22 (mm).<br \/>\nInclut un tube \u00e0 essai<\/p>\n","protected":false},"excerpt":{"rendered":"<p><strong>Aire de chasse avec tube \u00e0 essai. (avec tube inclus)<\/strong><\/p>\n<p>Tube \u00e0 essai : 16 mm de diam\u00e8tre.<br \/>\nTaille de aire de chasse : 45 x 40 x 22 mm.<br \/>\nCouleur blanche.<\/p>\n","protected":false},"featured_media":20052,"template":"","meta":[],"product_brand":[],"product_cat":[107,106,303],"product_tag":[],"class_list":{"0":"post-22042","1":"product","2":"type-product","3":"status-publish","4":"has-post-thumbnail","6":"product_cat-accessoires","7":"product_cat-caisse-de-nourriture","8":"product_cat-nouveautes","10":"first","11":"instock","12":"sale","13":"shipping-taxable","14":"purchasable","15":"product-type-simple"},"yoast_head":"<!-- This site is optimized with the Yoast SEO plugin v27.3 - https:\/\/yoast.com\/product\/yoast-seo-wordpress\/ -->\n<title>Aire de chasse avec tube \u00e0 essai - ANTDERGROUND<\/title>\n<meta name=\"description\" content=\"Bo\u00eete de fourrage pour tube \u00e0 essai, un accessoire tr\u00e8s utile pour nos fourmili\u00e8res et fourmis, d\u00e9couvrez plus de produits myrm\u00e9cologie. (Aires de chasse)\" \/>\n<meta name=\"robots\" content=\"index, follow, max-snippet:-1, max-image-preview:large, max-video-preview:-1\" \/>\n<link rel=\"canonical\" href=\"https:\/\/antderground.com\/fr\/produit\/caisse-de-nourriture-de-tube-a-essai\/\" \/>\n<meta property=\"og:locale\" content=\"fr_FR\" \/>\n<meta property=\"og:type\" content=\"article\" \/>\n<meta property=\"og:title\" content=\"Aire de chasse avec tube \u00e0 essai - ANTDERGROUND\" \/>\n<meta property=\"og:description\" content=\"Bo\u00eete de fourrage pour tube \u00e0 essai, un accessoire tr\u00e8s utile pour nos fourmili\u00e8res et fourmis, d\u00e9couvrez plus de produits myrm\u00e9cologie. (Aires de chasse)\" \/>\n<meta property=\"og:url\" content=\"https:\/\/antderground.com\/fr\/produit\/caisse-de-nourriture-de-tube-a-essai\/\" \/>\n<meta property=\"og:site_name\" content=\"ANTDERGROUND\" \/>\n<meta property=\"article:modified_time\" content=\"2023-07-18T10:30:34+00:00\" \/>\n<meta property=\"og:image\" content=\"https:\/\/antderground.com\/wp-content\/uploads\/2022\/05\/forrajeo-para-tubo.jpg\" \/>\n\t<meta property=\"og:image:width\" content=\"1752\" \/>\n\t<meta property=\"og:image:height\" content=\"1752\" \/>\n\t<meta property=\"og:image:type\" content=\"image\/jpeg\" \/>\n<meta name=\"twitter:card\" content=\"summary_large_image\" \/>\n<meta name=\"twitter:label1\" content=\"Dur\u00e9e de lecture estim\u00e9e\" \/>\n\t<meta name=\"twitter:data1\" content=\"1 minute\" \/>\n<script type=\"application\/ld+json\" class=\"yoast-schema-graph\">{\"@context\":\"https:\\\/\\\/schema.org\",\"@graph\":[{\"@type\":\"WebPage\",\"@id\":\"https:\\\/\\\/antderground.com\\\/fr\\\/produit\\\/caisse-de-nourriture-de-tube-a-essai\\\/\",\"url\":\"https:\\\/\\\/antderground.com\\\/fr\\\/produit\\\/caisse-de-nourriture-de-tube-a-essai\\\/\",\"name\":\"Aire de chasse avec tube \u00e0 essai - ANTDERGROUND\",\"isPartOf\":{\"@id\":\"https:\\\/\\\/antderground.com\\\/fr\\\/#website\"},\"primaryImageOfPage\":{\"@id\":\"https:\\\/\\\/antderground.com\\\/fr\\\/produit\\\/caisse-de-nourriture-de-tube-a-essai\\\/#primaryimage\"},\"image\":{\"@id\":\"https:\\\/\\\/antderground.com\\\/fr\\\/produit\\\/caisse-de-nourriture-de-tube-a-essai\\\/#primaryimage\"},\"thumbnailUrl\":\"https:\\\/\\\/antderground.com\\\/wp-content\\\/uploads\\\/2022\\\/05\\\/forrajeo-para-tubo.jpg\",\"datePublished\":\"2022-05-31T16:20:41+00:00\",\"dateModified\":\"2023-07-18T10:30:34+00:00\",\"description\":\"Bo\u00eete de fourrage pour tube \u00e0 essai, un accessoire tr\u00e8s utile pour nos fourmili\u00e8res et fourmis, d\u00e9couvrez plus de produits myrm\u00e9cologie. (Aires de chasse)\",\"breadcrumb\":{\"@id\":\"https:\\\/\\\/antderground.com\\\/fr\\\/produit\\\/caisse-de-nourriture-de-tube-a-essai\\\/#breadcrumb\"},\"inLanguage\":\"fr-FR\",\"potentialAction\":[{\"@type\":\"ReadAction\",\"target\":[\"https:\\\/\\\/antderground.com\\\/fr\\\/produit\\\/caisse-de-nourriture-de-tube-a-essai\\\/\"]}]},{\"@type\":\"ImageObject\",\"inLanguage\":\"fr-FR\",\"@id\":\"https:\\\/\\\/antderground.com\\\/fr\\\/produit\\\/caisse-de-nourriture-de-tube-a-essai\\\/#primaryimage\",\"url\":\"https:\\\/\\\/antderground.com\\\/wp-content\\\/uploads\\\/2022\\\/05\\\/forrajeo-para-tubo.jpg\",\"contentUrl\":\"https:\\\/\\\/antderground.com\\\/wp-content\\\/uploads\\\/2022\\\/05\\\/forrajeo-para-tubo.jpg\",\"width\":1752,\"height\":1752,\"caption\":\"fourmis tube \u00e0 essai.\"},{\"@type\":\"BreadcrumbList\",\"@id\":\"https:\\\/\\\/antderground.com\\\/fr\\\/produit\\\/caisse-de-nourriture-de-tube-a-essai\\\/#breadcrumb\",\"itemListElement\":[{\"@type\":\"ListItem\",\"position\":1,\"name\":\"Portada\",\"item\":\"https:\\\/\\\/antderground.com\\\/fr\\\/\"},{\"@type\":\"ListItem\",\"position\":2,\"name\":\"Boutique\",\"item\":\"https:\\\/\\\/antderground.com\\\/fr\\\/boutique\\\/\"},{\"@type\":\"ListItem\",\"position\":3,\"name\":\"Aire de chasse avec tube \u00e0 essai\"}]},{\"@type\":\"WebSite\",\"@id\":\"https:\\\/\\\/antderground.com\\\/fr\\\/#website\",\"url\":\"https:\\\/\\\/antderground.com\\\/fr\\\/\",\"name\":\"ANTDERGROUND\",\"description\":\"Tu tienda de hormigas, gran variedad de hormigueros acr\u00edlicos,madera,arena,3D y mas.. Pide tus hormigas gratis con tu pedido, somos expertos en hormigueros antifugas.\",\"publisher\":{\"@id\":\"https:\\\/\\\/antderground.com\\\/fr\\\/#\\\/schema\\\/person\\\/0e322c505e84fe72c65e2f6d08f96b81\"},\"alternateName\":\"Antderground\",\"potentialAction\":[{\"@type\":\"SearchAction\",\"target\":{\"@type\":\"EntryPoint\",\"urlTemplate\":\"https:\\\/\\\/antderground.com\\\/fr\\\/?s={search_term_string}\"},\"query-input\":{\"@type\":\"PropertyValueSpecification\",\"valueRequired\":true,\"valueName\":\"search_term_string\"}}],\"inLanguage\":\"fr-FR\"},{\"@type\":[\"Person\",\"Organization\"],\"@id\":\"https:\\\/\\\/antderground.com\\\/fr\\\/#\\\/schema\\\/person\\\/0e322c505e84fe72c65e2f6d08f96b81\",\"name\":\"Eric de Antderground\",\"image\":{\"@type\":\"ImageObject\",\"inLanguage\":\"fr-FR\",\"@id\":\"https:\\\/\\\/secure.gravatar.com\\\/avatar\\\/c49a1b9f79216d1498cb73c1e85cd47f4465dda35f2a94c03790d491bd4423c3?s=96&d=mm&r=g\",\"url\":\"https:\\\/\\\/secure.gravatar.com\\\/avatar\\\/c49a1b9f79216d1498cb73c1e85cd47f4465dda35f2a94c03790d491bd4423c3?s=96&d=mm&r=g\",\"contentUrl\":\"https:\\\/\\\/secure.gravatar.com\\\/avatar\\\/c49a1b9f79216d1498cb73c1e85cd47f4465dda35f2a94c03790d491bd4423c3?s=96&d=mm&r=g\",\"caption\":\"Eric de Antderground\"},\"logo\":{\"@id\":\"https:\\\/\\\/secure.gravatar.com\\\/avatar\\\/c49a1b9f79216d1498cb73c1e85cd47f4465dda35f2a94c03790d491bd4423c3?s=96&d=mm&r=g\"},\"description\":\"Eric es el especialista y fundador de Antderground, con una amplia trayectoria en artr\u00f3podos y enfocado en la mirmecolog\u00eda y el dise\u00f1o de hormigueros artificiales. Su enfoque combina la innovaci\u00f3n t\u00e9cnica con el respeto por la biolog\u00eda de las hormigas, is\u00f3podos y otros, desarrollando sistemas de nidos modulares 3D y acr\u00edlicos que son referentes para aficionados y profesionales en toda Europa. Su objetivo es facilitar la cr\u00eda de hormigas y otros artr\u00f3podos mediante soluciones seguras y divulgaci\u00f3n de calidad.\",\"sameAs\":[\"https:\\\/\\\/antderground.com\\\/\",\"https:\\\/\\\/www.youtube.com\\\/channel\\\/UCio72z7TlbufkAthAJIJfPw\"]}]}<\/script>\n<!-- \/ Yoast SEO plugin. -->","yoast_head_json":{"title":"Aire de chasse avec tube \u00e0 essai - ANTDERGROUND","description":"Bo\u00eete de fourrage pour tube \u00e0 essai, un accessoire tr\u00e8s utile pour nos fourmili\u00e8res et fourmis, d\u00e9couvrez plus de produits myrm\u00e9cologie. (Aires de chasse)","robots":{"index":"index","follow":"follow","max-snippet":"max-snippet:-1","max-image-preview":"max-image-preview:large","max-video-preview":"max-video-preview:-1"},"canonical":"https:\/\/antderground.com\/fr\/produit\/caisse-de-nourriture-de-tube-a-essai\/","og_locale":"fr_FR","og_type":"article","og_title":"Aire de chasse avec tube \u00e0 essai - ANTDERGROUND","og_description":"Bo\u00eete de fourrage pour tube \u00e0 essai, un accessoire tr\u00e8s utile pour nos fourmili\u00e8res et fourmis, d\u00e9couvrez plus de produits myrm\u00e9cologie. (Aires de chasse)","og_url":"https:\/\/antderground.com\/fr\/produit\/caisse-de-nourriture-de-tube-a-essai\/","og_site_name":"ANTDERGROUND","article_modified_time":"2023-07-18T10:30:34+00:00","og_image":[{"width":1752,"height":1752,"url":"https:\/\/antderground.com\/wp-content\/uploads\/2022\/05\/forrajeo-para-tubo.jpg","type":"image\/jpeg"}],"twitter_card":"summary_large_image","twitter_misc":{"Dur\u00e9e de lecture estim\u00e9e":"1 minute"},"schema":{"@context":"https:\/\/schema.org","@graph":[{"@type":"WebPage","@id":"https:\/\/antderground.com\/fr\/produit\/caisse-de-nourriture-de-tube-a-essai\/","url":"https:\/\/antderground.com\/fr\/produit\/caisse-de-nourriture-de-tube-a-essai\/","name":"Aire de chasse avec tube \u00e0 essai - ANTDERGROUND","isPartOf":{"@id":"https:\/\/antderground.com\/fr\/#website"},"primaryImageOfPage":{"@id":"https:\/\/antderground.com\/fr\/produit\/caisse-de-nourriture-de-tube-a-essai\/#primaryimage"},"image":{"@id":"https:\/\/antderground.com\/fr\/produit\/caisse-de-nourriture-de-tube-a-essai\/#primaryimage"},"thumbnailUrl":"https:\/\/antderground.com\/wp-content\/uploads\/2022\/05\/forrajeo-para-tubo.jpg","datePublished":"2022-05-31T16:20:41+00:00","dateModified":"2023-07-18T10:30:34+00:00","description":"Bo\u00eete de fourrage pour tube \u00e0 essai, un accessoire tr\u00e8s utile pour nos fourmili\u00e8res et fourmis, d\u00e9couvrez plus de produits myrm\u00e9cologie. (Aires de chasse)","breadcrumb":{"@id":"https:\/\/antderground.com\/fr\/produit\/caisse-de-nourriture-de-tube-a-essai\/#breadcrumb"},"inLanguage":"fr-FR","potentialAction":[{"@type":"ReadAction","target":["https:\/\/antderground.com\/fr\/produit\/caisse-de-nourriture-de-tube-a-essai\/"]}]},{"@type":"ImageObject","inLanguage":"fr-FR","@id":"https:\/\/antderground.com\/fr\/produit\/caisse-de-nourriture-de-tube-a-essai\/#primaryimage","url":"https:\/\/antderground.com\/wp-content\/uploads\/2022\/05\/forrajeo-para-tubo.jpg","contentUrl":"https:\/\/antderground.com\/wp-content\/uploads\/2022\/05\/forrajeo-para-tubo.jpg","width":1752,"height":1752,"caption":"fourmis tube \u00e0 essai."},{"@type":"BreadcrumbList","@id":"https:\/\/antderground.com\/fr\/produit\/caisse-de-nourriture-de-tube-a-essai\/#breadcrumb","itemListElement":[{"@type":"ListItem","position":1,"name":"Portada","item":"https:\/\/antderground.com\/fr\/"},{"@type":"ListItem","position":2,"name":"Boutique","item":"https:\/\/antderground.com\/fr\/boutique\/"},{"@type":"ListItem","position":3,"name":"Aire de chasse avec tube \u00e0 essai"}]},{"@type":"WebSite","@id":"https:\/\/antderground.com\/fr\/#website","url":"https:\/\/antderground.com\/fr\/","name":"ANTDERGROUND","description":"Tu tienda de hormigas, gran variedad de hormigueros acr\u00edlicos,madera,arena,3D y mas.. Pide tus hormigas gratis con tu pedido, somos expertos en hormigueros antifugas.","publisher":{"@id":"https:\/\/antderground.com\/fr\/#\/schema\/person\/0e322c505e84fe72c65e2f6d08f96b81"},"alternateName":"Antderground","potentialAction":[{"@type":"SearchAction","target":{"@type":"EntryPoint","urlTemplate":"https:\/\/antderground.com\/fr\/?s={search_term_string}"},"query-input":{"@type":"PropertyValueSpecification","valueRequired":true,"valueName":"search_term_string"}}],"inLanguage":"fr-FR"},{"@type":["Person","Organization"],"@id":"https:\/\/antderground.com\/fr\/#\/schema\/person\/0e322c505e84fe72c65e2f6d08f96b81","name":"Eric de Antderground","image":{"@type":"ImageObject","inLanguage":"fr-FR","@id":"https:\/\/secure.gravatar.com\/avatar\/c49a1b9f79216d1498cb73c1e85cd47f4465dda35f2a94c03790d491bd4423c3?s=96&d=mm&r=g","url":"https:\/\/secure.gravatar.com\/avatar\/c49a1b9f79216d1498cb73c1e85cd47f4465dda35f2a94c03790d491bd4423c3?s=96&d=mm&r=g","contentUrl":"https:\/\/secure.gravatar.com\/avatar\/c49a1b9f79216d1498cb73c1e85cd47f4465dda35f2a94c03790d491bd4423c3?s=96&d=mm&r=g","caption":"Eric de Antderground"},"logo":{"@id":"https:\/\/secure.gravatar.com\/avatar\/c49a1b9f79216d1498cb73c1e85cd47f4465dda35f2a94c03790d491bd4423c3?s=96&d=mm&r=g"},"description":"Eric es el especialista y fundador de Antderground, con una amplia trayectoria en artr\u00f3podos y enfocado en la mirmecolog\u00eda y el dise\u00f1o de hormigueros artificiales. Su enfoque combina la innovaci\u00f3n t\u00e9cnica con el respeto por la biolog\u00eda de las hormigas, is\u00f3podos y otros, desarrollando sistemas de nidos modulares 3D y acr\u00edlicos que son referentes para aficionados y profesionales en toda Europa. Su objetivo es facilitar la cr\u00eda de hormigas y otros artr\u00f3podos mediante soluciones seguras y divulgaci\u00f3n de calidad.","sameAs":["https:\/\/antderground.com\/","https:\/\/www.youtube.com\/channel\/UCio72z7TlbufkAthAJIJfPw"]}]}},"_links":{"self":[{"href":"https:\/\/antderground.com\/fr\/wp-json\/wp\/v2\/product\/22042","targetHints":{"allow":["GET"]}}],"collection":[{"href":"https:\/\/antderground.com\/fr\/wp-json\/wp\/v2\/product"}],"about":[{"href":"https:\/\/antderground.com\/fr\/wp-json\/wp\/v2\/types\/product"}],"version-history":[{"count":0,"href":"https:\/\/antderground.com\/fr\/wp-json\/wp\/v2\/product\/22042\/revisions"}],"wp:featuredmedia":[{"embeddable":true,"href":"https:\/\/antderground.com\/fr\/wp-json\/wp\/v2\/media\/20052"}],"wp:attachment":[{"href":"https:\/\/antderground.com\/fr\/wp-json\/wp\/v2\/media?parent=22042"}],"wp:term":[{"taxonomy":"product_brand","embeddable":true,"href":"https:\/\/antderground.com\/fr\/wp-json\/wp\/v2\/product_brand?post=22042"},{"taxonomy":"product_cat","embeddable":true,"href":"https:\/\/antderground.com\/fr\/wp-json\/wp\/v2\/product_cat?post=22042"},{"taxonomy":"product_tag","embeddable":true,"href":"https:\/\/antderground.com\/fr\/wp-json\/wp\/v2\/product_tag?post=22042"}],"curies":[{"name":"wp","href":"https:\/\/api.w.org\/{rel}","templated":true}]}}