{"id":27367,"date":"2023-03-09T14:14:04","date_gmt":"2023-03-09T13:14:04","guid":{"rendered":"https:\/\/www.antderground.com\/producto\/rhytidoponera-metallica-reine\/"},"modified":"2023-08-27T14:50:31","modified_gmt":"2023-08-27T12:50:31","slug":"rhytidoponera-metallica-reine","status":"publish","type":"product","link":"https:\/\/antderground.com\/fr\/produit\/rhytidoponera-metallica-reine\/","title":{"rendered":"Rhytidoponera metallica (Reine)"},"content":{"rendered":"<p>Fiche technique de la fourmi Rhytidoponera metallica:<\/p>\n<ul>\n<li>Nom scientifique : Rhytidoponera metallica<\/li>\n<li>Classification taxonomique :\n<ul>\n<li>R\u00e8gne : Animalia<\/li>\n<li>Phylum : Arthropoda<\/li>\n<li>Classe : Insecta<\/li>\n<li>Ordre : Hymenoptera<\/li>\n<li>Famille : Formicidae<\/li>\n<li>Sous-famille : Ectatomminae<\/li>\n<li>Tribu : Ectatommini<\/li>\n<li>Genre : Rhytidoponera<\/li>\n<li>Esp\u00e8ce : R. metallica<\/li>\n<\/ul>\n<\/li>\n<li>R\u00e9partition g\u00e9ographique : Cette esp\u00e8ce est principalement pr\u00e9sente dans les r\u00e9gions tropicales et subtropicales d&#8217;Australie, notamment dans l&#8217;est du Queensland, le nord de la Nouvelle-Galles du Sud et l&#8217;\u00eele Lord Howe.<\/li>\n<li>Habitat : La Rhytidoponera metallica se trouve dans des habitats forestiers, y compris les for\u00eats tropicales, subtropicales et d&#8217;eucalyptus. Elle est souvent pr\u00e9sente dans les zones proches des ruisseaux et des rivi\u00e8res, o\u00f9 elle peut construire ses nids dans la liti\u00e8re ou le bois mort.<\/li>\n<li>Description physique : La Rhytidoponera metallica est une fourmi de taille moyenne, mesurant entre 6 et 10 mm de longueur. Son corps est de couleur noire m\u00e9tallique, avec un \u00e9clat rappelant le m\u00e9tal. La t\u00eate et le thorax sont assez larges par rapport \u00e0 l&#8217;abdomen, qui est plus \u00e9troit. L&#8217;esp\u00e8ce pr\u00e9sente une mandibule longue et forte, ainsi qu&#8217;une taille tr\u00e8s marqu\u00e9e entre le thorax et l&#8217;abdomen.<\/li>\n<li>Alimentation : La Rhytidoponera metallica se nourrit principalement d&#8217;insectes et d&#8217;autres arthropodes, ainsi que de nectar et de jus de plantes.<\/li>\n<li>Comportement : Les fourmis de cette esp\u00e8ce sont tr\u00e8s agressives et peuvent attaquer d&#8217;autres insectes, animaux et humains si elles se sentent menac\u00e9es. Elles sont connues pour leur comportement territorial et pour d\u00e9fendre leurs nids avec f\u00e9rocit\u00e9. Les ouvri\u00e8res de cette esp\u00e8ce peuvent \u00eatre solitaires ou former des groupes allant jusqu&#8217;\u00e0 20 individus pour chercher de la nourriture ou pour attaquer des proies plus grandes.<\/li>\n<li>\u00c9tat de conservation : La Rhytidoponera metallica n&#8217;est pas consid\u00e9r\u00e9e comme \u00e9tant en danger d&#8217;extinction actuellement.<\/li>\n<\/ul>\n","protected":false},"excerpt":{"rendered":"<p>Fourmi reine (Rhytidoponera metallica).<br \/>\nExp\u00e9di\u00e9e : Reine seule.<\/p>\n","protected":false},"featured_media":27360,"template":"","meta":[],"product_brand":[],"product_cat":[113,302],"product_tag":[],"class_list":{"0":"post-27367","1":"product","2":"type-product","3":"status-publish","4":"has-post-thumbnail","6":"product_cat-fourmis","7":"product_cat-fourmis-exotiques","9":"first","10":"outofstock","11":"sale","12":"shipping-taxable","13":"purchasable","14":"product-type-simple"},"yoast_head":"<!-- This site is optimized with the Yoast SEO plugin v27.4 - https:\/\/yoast.com\/product\/yoast-seo-wordpress\/ -->\n<title>Rhytidoponera metallica (Reine) - ANTDERGROUND<\/title>\n<meta name=\"description\" content=\"D\u00e9couvrez la nouvelle reine des fourmis (Rhytidoponera metallica), une fourmi connue sous le nom de fourmi m\u00e9tallique de la jungle. Une fourmi exotique tr\u00e8s surprenante !\" \/>\n<meta name=\"robots\" content=\"index, follow, max-snippet:-1, max-image-preview:large, max-video-preview:-1\" \/>\n<link rel=\"canonical\" href=\"https:\/\/antderground.com\/fr\/produit\/rhytidoponera-metallica-reine\/\" \/>\n<meta property=\"og:locale\" content=\"fr_FR\" \/>\n<meta property=\"og:type\" content=\"article\" \/>\n<meta property=\"og:title\" content=\"Rhytidoponera metallica (Reine) - ANTDERGROUND\" \/>\n<meta property=\"og:description\" content=\"D\u00e9couvrez la nouvelle reine des fourmis (Rhytidoponera metallica), une fourmi connue sous le nom de fourmi m\u00e9tallique de la jungle. Une fourmi exotique tr\u00e8s surprenante !\" \/>\n<meta property=\"og:url\" content=\"https:\/\/antderground.com\/fr\/produit\/rhytidoponera-metallica-reine\/\" \/>\n<meta property=\"og:site_name\" content=\"ANTDERGROUND\" \/>\n<meta property=\"article:modified_time\" content=\"2023-08-27T12:50:31+00:00\" \/>\n<meta property=\"og:image\" content=\"https:\/\/antderground.com\/wp-content\/uploads\/2023\/03\/WhatsApp-Image-2023-03-09-at-14.31.01.jpeg\" \/>\n\t<meta property=\"og:image:width\" content=\"1200\" \/>\n\t<meta property=\"og:image:height\" content=\"1200\" \/>\n\t<meta property=\"og:image:type\" content=\"image\/jpeg\" \/>\n<meta name=\"twitter:card\" content=\"summary_large_image\" \/>\n<meta name=\"twitter:label1\" content=\"Dur\u00e9e de lecture estim\u00e9e\" \/>\n\t<meta name=\"twitter:data1\" content=\"1 minute\" \/>\n<script type=\"application\/ld+json\" class=\"yoast-schema-graph\">{\"@context\":\"https:\\\/\\\/schema.org\",\"@graph\":[{\"@type\":\"WebPage\",\"@id\":\"https:\\\/\\\/antderground.com\\\/fr\\\/produit\\\/rhytidoponera-metallica-reine\\\/\",\"url\":\"https:\\\/\\\/antderground.com\\\/fr\\\/produit\\\/rhytidoponera-metallica-reine\\\/\",\"name\":\"Rhytidoponera metallica (Reine) - ANTDERGROUND\",\"isPartOf\":{\"@id\":\"https:\\\/\\\/antderground.com\\\/fr\\\/#website\"},\"primaryImageOfPage\":{\"@id\":\"https:\\\/\\\/antderground.com\\\/fr\\\/produit\\\/rhytidoponera-metallica-reine\\\/#primaryimage\"},\"image\":{\"@id\":\"https:\\\/\\\/antderground.com\\\/fr\\\/produit\\\/rhytidoponera-metallica-reine\\\/#primaryimage\"},\"thumbnailUrl\":\"https:\\\/\\\/antderground.com\\\/wp-content\\\/uploads\\\/2023\\\/03\\\/WhatsApp-Image-2023-03-09-at-14.31.01.jpeg\",\"datePublished\":\"2023-03-09T13:14:04+00:00\",\"dateModified\":\"2023-08-27T12:50:31+00:00\",\"description\":\"D\u00e9couvrez la nouvelle reine des fourmis (Rhytidoponera metallica), une fourmi connue sous le nom de fourmi m\u00e9tallique de la jungle. Une fourmi exotique tr\u00e8s surprenante !\",\"breadcrumb\":{\"@id\":\"https:\\\/\\\/antderground.com\\\/fr\\\/produit\\\/rhytidoponera-metallica-reine\\\/#breadcrumb\"},\"inLanguage\":\"fr-FR\",\"potentialAction\":[{\"@type\":\"ReadAction\",\"target\":[\"https:\\\/\\\/antderground.com\\\/fr\\\/produit\\\/rhytidoponera-metallica-reine\\\/\"]}]},{\"@type\":\"ImageObject\",\"inLanguage\":\"fr-FR\",\"@id\":\"https:\\\/\\\/antderground.com\\\/fr\\\/produit\\\/rhytidoponera-metallica-reine\\\/#primaryimage\",\"url\":\"https:\\\/\\\/antderground.com\\\/wp-content\\\/uploads\\\/2023\\\/03\\\/WhatsApp-Image-2023-03-09-at-14.31.01.jpeg\",\"contentUrl\":\"https:\\\/\\\/antderground.com\\\/wp-content\\\/uploads\\\/2023\\\/03\\\/WhatsApp-Image-2023-03-09-at-14.31.01.jpeg\",\"width\":1200,\"height\":1200},{\"@type\":\"BreadcrumbList\",\"@id\":\"https:\\\/\\\/antderground.com\\\/fr\\\/produit\\\/rhytidoponera-metallica-reine\\\/#breadcrumb\",\"itemListElement\":[{\"@type\":\"ListItem\",\"position\":1,\"name\":\"Portada\",\"item\":\"https:\\\/\\\/antderground.com\\\/fr\\\/\"},{\"@type\":\"ListItem\",\"position\":2,\"name\":\"Boutique\",\"item\":\"https:\\\/\\\/antderground.com\\\/fr\\\/boutique\\\/\"},{\"@type\":\"ListItem\",\"position\":3,\"name\":\"Rhytidoponera metallica (Reine)\"}]},{\"@type\":\"WebSite\",\"@id\":\"https:\\\/\\\/antderground.com\\\/fr\\\/#website\",\"url\":\"https:\\\/\\\/antderground.com\\\/fr\\\/\",\"name\":\"ANTDERGROUND\",\"description\":\"Tu tienda de hormigas, gran variedad de hormigueros acr\u00edlicos,madera,arena,3D y mas.. Pide tus hormigas gratis con tu pedido, somos expertos en hormigueros antifugas.\",\"publisher\":{\"@id\":\"https:\\\/\\\/antderground.com\\\/fr\\\/#\\\/schema\\\/person\\\/0e322c505e84fe72c65e2f6d08f96b81\"},\"alternateName\":\"Antderground\",\"potentialAction\":[{\"@type\":\"SearchAction\",\"target\":{\"@type\":\"EntryPoint\",\"urlTemplate\":\"https:\\\/\\\/antderground.com\\\/fr\\\/?s={search_term_string}\"},\"query-input\":{\"@type\":\"PropertyValueSpecification\",\"valueRequired\":true,\"valueName\":\"search_term_string\"}}],\"inLanguage\":\"fr-FR\"},{\"@type\":[\"Person\",\"Organization\"],\"@id\":\"https:\\\/\\\/antderground.com\\\/fr\\\/#\\\/schema\\\/person\\\/0e322c505e84fe72c65e2f6d08f96b81\",\"name\":\"Eric de Antderground\",\"image\":{\"@type\":\"ImageObject\",\"inLanguage\":\"fr-FR\",\"@id\":\"https:\\\/\\\/secure.gravatar.com\\\/avatar\\\/c49a1b9f79216d1498cb73c1e85cd47f4465dda35f2a94c03790d491bd4423c3?s=96&d=mm&r=g\",\"url\":\"https:\\\/\\\/secure.gravatar.com\\\/avatar\\\/c49a1b9f79216d1498cb73c1e85cd47f4465dda35f2a94c03790d491bd4423c3?s=96&d=mm&r=g\",\"contentUrl\":\"https:\\\/\\\/secure.gravatar.com\\\/avatar\\\/c49a1b9f79216d1498cb73c1e85cd47f4465dda35f2a94c03790d491bd4423c3?s=96&d=mm&r=g\",\"caption\":\"Eric de Antderground\"},\"logo\":{\"@id\":\"https:\\\/\\\/secure.gravatar.com\\\/avatar\\\/c49a1b9f79216d1498cb73c1e85cd47f4465dda35f2a94c03790d491bd4423c3?s=96&d=mm&r=g\"},\"description\":\"Eric es el especialista y fundador de Antderground, con una amplia trayectoria en artr\u00f3podos y enfocado en la mirmecolog\u00eda y el dise\u00f1o de hormigueros artificiales. Su enfoque combina la innovaci\u00f3n t\u00e9cnica con el respeto por la biolog\u00eda de las hormigas, is\u00f3podos y otros, desarrollando sistemas de nidos modulares 3D y acr\u00edlicos que son referentes para aficionados y profesionales en toda Europa. Su objetivo es facilitar la cr\u00eda de hormigas y otros artr\u00f3podos mediante soluciones seguras y divulgaci\u00f3n de calidad.\",\"sameAs\":[\"https:\\\/\\\/antderground.com\\\/\",\"https:\\\/\\\/www.youtube.com\\\/channel\\\/UCio72z7TlbufkAthAJIJfPw\"]}]}<\/script>\n<!-- \/ Yoast SEO plugin. -->","yoast_head_json":{"title":"Rhytidoponera metallica (Reine) - ANTDERGROUND","description":"D\u00e9couvrez la nouvelle reine des fourmis (Rhytidoponera metallica), une fourmi connue sous le nom de fourmi m\u00e9tallique de la jungle. Une fourmi exotique tr\u00e8s surprenante !","robots":{"index":"index","follow":"follow","max-snippet":"max-snippet:-1","max-image-preview":"max-image-preview:large","max-video-preview":"max-video-preview:-1"},"canonical":"https:\/\/antderground.com\/fr\/produit\/rhytidoponera-metallica-reine\/","og_locale":"fr_FR","og_type":"article","og_title":"Rhytidoponera metallica (Reine) - ANTDERGROUND","og_description":"D\u00e9couvrez la nouvelle reine des fourmis (Rhytidoponera metallica), une fourmi connue sous le nom de fourmi m\u00e9tallique de la jungle. Une fourmi exotique tr\u00e8s surprenante !","og_url":"https:\/\/antderground.com\/fr\/produit\/rhytidoponera-metallica-reine\/","og_site_name":"ANTDERGROUND","article_modified_time":"2023-08-27T12:50:31+00:00","og_image":[{"width":1200,"height":1200,"url":"https:\/\/antderground.com\/wp-content\/uploads\/2023\/03\/WhatsApp-Image-2023-03-09-at-14.31.01.jpeg","type":"image\/jpeg"}],"twitter_card":"summary_large_image","twitter_misc":{"Dur\u00e9e de lecture estim\u00e9e":"1 minute"},"schema":{"@context":"https:\/\/schema.org","@graph":[{"@type":"WebPage","@id":"https:\/\/antderground.com\/fr\/produit\/rhytidoponera-metallica-reine\/","url":"https:\/\/antderground.com\/fr\/produit\/rhytidoponera-metallica-reine\/","name":"Rhytidoponera metallica (Reine) - ANTDERGROUND","isPartOf":{"@id":"https:\/\/antderground.com\/fr\/#website"},"primaryImageOfPage":{"@id":"https:\/\/antderground.com\/fr\/produit\/rhytidoponera-metallica-reine\/#primaryimage"},"image":{"@id":"https:\/\/antderground.com\/fr\/produit\/rhytidoponera-metallica-reine\/#primaryimage"},"thumbnailUrl":"https:\/\/antderground.com\/wp-content\/uploads\/2023\/03\/WhatsApp-Image-2023-03-09-at-14.31.01.jpeg","datePublished":"2023-03-09T13:14:04+00:00","dateModified":"2023-08-27T12:50:31+00:00","description":"D\u00e9couvrez la nouvelle reine des fourmis (Rhytidoponera metallica), une fourmi connue sous le nom de fourmi m\u00e9tallique de la jungle. Une fourmi exotique tr\u00e8s surprenante !","breadcrumb":{"@id":"https:\/\/antderground.com\/fr\/produit\/rhytidoponera-metallica-reine\/#breadcrumb"},"inLanguage":"fr-FR","potentialAction":[{"@type":"ReadAction","target":["https:\/\/antderground.com\/fr\/produit\/rhytidoponera-metallica-reine\/"]}]},{"@type":"ImageObject","inLanguage":"fr-FR","@id":"https:\/\/antderground.com\/fr\/produit\/rhytidoponera-metallica-reine\/#primaryimage","url":"https:\/\/antderground.com\/wp-content\/uploads\/2023\/03\/WhatsApp-Image-2023-03-09-at-14.31.01.jpeg","contentUrl":"https:\/\/antderground.com\/wp-content\/uploads\/2023\/03\/WhatsApp-Image-2023-03-09-at-14.31.01.jpeg","width":1200,"height":1200},{"@type":"BreadcrumbList","@id":"https:\/\/antderground.com\/fr\/produit\/rhytidoponera-metallica-reine\/#breadcrumb","itemListElement":[{"@type":"ListItem","position":1,"name":"Portada","item":"https:\/\/antderground.com\/fr\/"},{"@type":"ListItem","position":2,"name":"Boutique","item":"https:\/\/antderground.com\/fr\/boutique\/"},{"@type":"ListItem","position":3,"name":"Rhytidoponera metallica (Reine)"}]},{"@type":"WebSite","@id":"https:\/\/antderground.com\/fr\/#website","url":"https:\/\/antderground.com\/fr\/","name":"ANTDERGROUND","description":"Tu tienda de hormigas, gran variedad de hormigueros acr\u00edlicos,madera,arena,3D y mas.. Pide tus hormigas gratis con tu pedido, somos expertos en hormigueros antifugas.","publisher":{"@id":"https:\/\/antderground.com\/fr\/#\/schema\/person\/0e322c505e84fe72c65e2f6d08f96b81"},"alternateName":"Antderground","potentialAction":[{"@type":"SearchAction","target":{"@type":"EntryPoint","urlTemplate":"https:\/\/antderground.com\/fr\/?s={search_term_string}"},"query-input":{"@type":"PropertyValueSpecification","valueRequired":true,"valueName":"search_term_string"}}],"inLanguage":"fr-FR"},{"@type":["Person","Organization"],"@id":"https:\/\/antderground.com\/fr\/#\/schema\/person\/0e322c505e84fe72c65e2f6d08f96b81","name":"Eric de Antderground","image":{"@type":"ImageObject","inLanguage":"fr-FR","@id":"https:\/\/secure.gravatar.com\/avatar\/c49a1b9f79216d1498cb73c1e85cd47f4465dda35f2a94c03790d491bd4423c3?s=96&d=mm&r=g","url":"https:\/\/secure.gravatar.com\/avatar\/c49a1b9f79216d1498cb73c1e85cd47f4465dda35f2a94c03790d491bd4423c3?s=96&d=mm&r=g","contentUrl":"https:\/\/secure.gravatar.com\/avatar\/c49a1b9f79216d1498cb73c1e85cd47f4465dda35f2a94c03790d491bd4423c3?s=96&d=mm&r=g","caption":"Eric de Antderground"},"logo":{"@id":"https:\/\/secure.gravatar.com\/avatar\/c49a1b9f79216d1498cb73c1e85cd47f4465dda35f2a94c03790d491bd4423c3?s=96&d=mm&r=g"},"description":"Eric es el especialista y fundador de Antderground, con una amplia trayectoria en artr\u00f3podos y enfocado en la mirmecolog\u00eda y el dise\u00f1o de hormigueros artificiales. Su enfoque combina la innovaci\u00f3n t\u00e9cnica con el respeto por la biolog\u00eda de las hormigas, is\u00f3podos y otros, desarrollando sistemas de nidos modulares 3D y acr\u00edlicos que son referentes para aficionados y profesionales en toda Europa. Su objetivo es facilitar la cr\u00eda de hormigas y otros artr\u00f3podos mediante soluciones seguras y divulgaci\u00f3n de calidad.","sameAs":["https:\/\/antderground.com\/","https:\/\/www.youtube.com\/channel\/UCio72z7TlbufkAthAJIJfPw"]}]}},"_links":{"self":[{"href":"https:\/\/antderground.com\/fr\/wp-json\/wp\/v2\/product\/27367","targetHints":{"allow":["GET"]}}],"collection":[{"href":"https:\/\/antderground.com\/fr\/wp-json\/wp\/v2\/product"}],"about":[{"href":"https:\/\/antderground.com\/fr\/wp-json\/wp\/v2\/types\/product"}],"version-history":[{"count":0,"href":"https:\/\/antderground.com\/fr\/wp-json\/wp\/v2\/product\/27367\/revisions"}],"wp:featuredmedia":[{"embeddable":true,"href":"https:\/\/antderground.com\/fr\/wp-json\/wp\/v2\/media\/27360"}],"wp:attachment":[{"href":"https:\/\/antderground.com\/fr\/wp-json\/wp\/v2\/media?parent=27367"}],"wp:term":[{"taxonomy":"product_brand","embeddable":true,"href":"https:\/\/antderground.com\/fr\/wp-json\/wp\/v2\/product_brand?post=27367"},{"taxonomy":"product_cat","embeddable":true,"href":"https:\/\/antderground.com\/fr\/wp-json\/wp\/v2\/product_cat?post=27367"},{"taxonomy":"product_tag","embeddable":true,"href":"https:\/\/antderground.com\/fr\/wp-json\/wp\/v2\/product_tag?post=27367"}],"curies":[{"name":"wp","href":"https:\/\/api.w.org\/{rel}","templated":true}]}}