{"id":27615,"date":"2023-04-05T21:54:12","date_gmt":"2023-04-05T19:54:12","guid":{"rendered":"https:\/\/www.antderground.com\/producto\/colobopsis-leonardi\/"},"modified":"2023-08-02T17:40:35","modified_gmt":"2023-08-02T15:40:35","slug":"colobopsis-leonardi","status":"publish","type":"product","link":"https:\/\/antderground.com\/fr\/produit\/colobopsis-leonardi\/","title":{"rendered":"Colobopsis leonardi (Reine)"},"content":{"rendered":"<p><strong>Nom scientifique:<\/strong> Colobopsis leonardi<\/p>\n<p><strong>Classification taxonomique:<\/strong><\/p>\n<ul>\n<li>R\u00e8gne : Animalia<\/li>\n<li>Phylum : Arthropoda<\/li>\n<li>Classe : Insecta<\/li>\n<li>Ordre : Hymenoptera<\/li>\n<li>Famille : Formicidae<\/li>\n<li>Genre : Colobopsis<\/li>\n<li>Esp\u00e8ce : C. leonardi<\/li>\n<\/ul>\n<p><strong>R\u00e9partition g\u00e9ographique:<\/strong> Asie du Sud-Est, en particulier en Malaisie et \u00e0 Born\u00e9o.<\/p>\n<p><strong>Caract\u00e9ristiques physiques:<\/strong><\/p>\n<ul>\n<li>Taille : Ouvri\u00e8res entre 5 et 8 mm de longueur, reines entre 13 et 14 mm de longueur.<\/li>\n<li>Couleur : Ouvri\u00e8res rouge\u00e2tres ou brunes, reines brun fonc\u00e9.<\/li>\n<li>Mandibules en forme de faucille, utilis\u00e9es pour couper des feuilles et chasser en groupe.<\/li>\n<\/ul>\n<p><strong>Comportement:<\/strong><\/p>\n<ul>\n<li>Chassent en groupe, utilisant leurs mandibules pour mordre et une substance collante pour immobiliser leurs proies.<\/li>\n<li>Ont une relation symbiotique avec une esp\u00e8ce de bact\u00e9rie qui leur procure une protection contre d&#8217;autres insectes.<\/li>\n<\/ul>\n<p><strong>Statut de conservation:<\/strong> Ne figure sur aucune liste d&#8217;esp\u00e8ces en danger d&#8217;extinction.<\/p>\n<p><strong>Notes suppl\u00e9mentaires:<\/strong> La fourmi Colobopsis leonardi est une esp\u00e8ce fascinante et unique, connue pour son comportement de chasse en groupe et sa relation symbiotique avec une bact\u00e9rie. De plus, ces fourmis peuvent jouer un r\u00f4le important dans l&#8217;\u00e9cologie de la for\u00eat, en influen\u00e7ant la structure de la communaut\u00e9 d&#8217;insectes et la d\u00e9composition de la mati\u00e8re organique.<\/p>\n","protected":false},"excerpt":{"rendered":"<p>Nom scientifique: Colobopsis leonardi Classification taxonomique: R\u00e8gne : Animalia Phylum : Arthropoda Classe : Insecta Ordre : Hymenoptera Famille :<\/p>\n","protected":false},"featured_media":27610,"template":"","meta":[],"product_brand":[],"product_cat":[113,302],"product_tag":[],"class_list":{"0":"post-27615","1":"product","2":"type-product","3":"status-publish","4":"has-post-thumbnail","6":"product_cat-fourmis","7":"product_cat-fourmis-exotiques","9":"first","10":"outofstock","11":"shipping-taxable","12":"purchasable","13":"product-type-variable"},"yoast_head":"<!-- This site is optimized with the Yoast SEO plugin v27.3 - https:\/\/yoast.com\/product\/yoast-seo-wordpress\/ -->\n<title>Colobopsis leonardi (Reine) - ANTDERGROUND<\/title>\n<meta name=\"description\" content=\"D\u00e9couvrez la nouvelle reine des fourmis (Colobopsis leonardi), une fourmi exotique et surprenante. D\u00e9couvrez le monde de la myrm\u00e9cologie ;-)\" \/>\n<meta name=\"robots\" content=\"index, follow, max-snippet:-1, max-image-preview:large, max-video-preview:-1\" \/>\n<link rel=\"canonical\" href=\"https:\/\/antderground.com\/fr\/produit\/colobopsis-leonardi\/\" \/>\n<meta property=\"og:locale\" content=\"fr_FR\" \/>\n<meta property=\"og:type\" content=\"article\" \/>\n<meta property=\"og:title\" content=\"Colobopsis leonardi (Reine) - ANTDERGROUND\" \/>\n<meta property=\"og:description\" content=\"D\u00e9couvrez la nouvelle reine des fourmis (Colobopsis leonardi), une fourmi exotique et surprenante. D\u00e9couvrez le monde de la myrm\u00e9cologie ;-)\" \/>\n<meta property=\"og:url\" content=\"https:\/\/antderground.com\/fr\/produit\/colobopsis-leonardi\/\" \/>\n<meta property=\"og:site_name\" content=\"ANTDERGROUND\" \/>\n<meta property=\"article:modified_time\" content=\"2023-08-02T15:40:35+00:00\" \/>\n<meta property=\"og:image\" content=\"https:\/\/antderground.com\/wp-content\/uploads\/2023\/04\/Imagen-de-WhatsApp-2023-04-05-a-las-18.59.13.jpg\" \/>\n\t<meta property=\"og:image:width\" content=\"1417\" \/>\n\t<meta property=\"og:image:height\" content=\"1417\" \/>\n\t<meta property=\"og:image:type\" content=\"image\/jpeg\" \/>\n<meta name=\"twitter:card\" content=\"summary_large_image\" \/>\n<meta name=\"twitter:label1\" content=\"Dur\u00e9e de lecture estim\u00e9e\" \/>\n\t<meta name=\"twitter:data1\" content=\"1 minute\" \/>\n<script type=\"application\/ld+json\" class=\"yoast-schema-graph\">{\"@context\":\"https:\\\/\\\/schema.org\",\"@graph\":[{\"@type\":\"WebPage\",\"@id\":\"https:\\\/\\\/antderground.com\\\/fr\\\/produit\\\/colobopsis-leonardi\\\/\",\"url\":\"https:\\\/\\\/antderground.com\\\/fr\\\/produit\\\/colobopsis-leonardi\\\/\",\"name\":\"Colobopsis leonardi (Reine) - ANTDERGROUND\",\"isPartOf\":{\"@id\":\"https:\\\/\\\/antderground.com\\\/fr\\\/#website\"},\"primaryImageOfPage\":{\"@id\":\"https:\\\/\\\/antderground.com\\\/fr\\\/produit\\\/colobopsis-leonardi\\\/#primaryimage\"},\"image\":{\"@id\":\"https:\\\/\\\/antderground.com\\\/fr\\\/produit\\\/colobopsis-leonardi\\\/#primaryimage\"},\"thumbnailUrl\":\"https:\\\/\\\/antderground.com\\\/wp-content\\\/uploads\\\/2023\\\/04\\\/Imagen-de-WhatsApp-2023-04-05-a-las-18.59.13.jpg\",\"datePublished\":\"2023-04-05T19:54:12+00:00\",\"dateModified\":\"2023-08-02T15:40:35+00:00\",\"description\":\"D\u00e9couvrez la nouvelle reine des fourmis (Colobopsis leonardi), une fourmi exotique et surprenante. D\u00e9couvrez le monde de la myrm\u00e9cologie ;-)\",\"breadcrumb\":{\"@id\":\"https:\\\/\\\/antderground.com\\\/fr\\\/produit\\\/colobopsis-leonardi\\\/#breadcrumb\"},\"inLanguage\":\"fr-FR\",\"potentialAction\":[{\"@type\":\"ReadAction\",\"target\":[\"https:\\\/\\\/antderground.com\\\/fr\\\/produit\\\/colobopsis-leonardi\\\/\"]}]},{\"@type\":\"ImageObject\",\"inLanguage\":\"fr-FR\",\"@id\":\"https:\\\/\\\/antderground.com\\\/fr\\\/produit\\\/colobopsis-leonardi\\\/#primaryimage\",\"url\":\"https:\\\/\\\/antderground.com\\\/wp-content\\\/uploads\\\/2023\\\/04\\\/Imagen-de-WhatsApp-2023-04-05-a-las-18.59.13.jpg\",\"contentUrl\":\"https:\\\/\\\/antderground.com\\\/wp-content\\\/uploads\\\/2023\\\/04\\\/Imagen-de-WhatsApp-2023-04-05-a-las-18.59.13.jpg\",\"width\":1417,\"height\":1417},{\"@type\":\"BreadcrumbList\",\"@id\":\"https:\\\/\\\/antderground.com\\\/fr\\\/produit\\\/colobopsis-leonardi\\\/#breadcrumb\",\"itemListElement\":[{\"@type\":\"ListItem\",\"position\":1,\"name\":\"Portada\",\"item\":\"https:\\\/\\\/antderground.com\\\/fr\\\/\"},{\"@type\":\"ListItem\",\"position\":2,\"name\":\"Boutique\",\"item\":\"https:\\\/\\\/antderground.com\\\/fr\\\/boutique\\\/\"},{\"@type\":\"ListItem\",\"position\":3,\"name\":\"Colobopsis leonardi (Reine)\"}]},{\"@type\":\"WebSite\",\"@id\":\"https:\\\/\\\/antderground.com\\\/fr\\\/#website\",\"url\":\"https:\\\/\\\/antderground.com\\\/fr\\\/\",\"name\":\"ANTDERGROUND\",\"description\":\"Tu tienda de hormigas, gran variedad de hormigueros acr\u00edlicos,madera,arena,3D y mas.. Pide tus hormigas gratis con tu pedido, somos expertos en hormigueros antifugas.\",\"publisher\":{\"@id\":\"https:\\\/\\\/antderground.com\\\/fr\\\/#\\\/schema\\\/person\\\/0e322c505e84fe72c65e2f6d08f96b81\"},\"alternateName\":\"Antderground\",\"potentialAction\":[{\"@type\":\"SearchAction\",\"target\":{\"@type\":\"EntryPoint\",\"urlTemplate\":\"https:\\\/\\\/antderground.com\\\/fr\\\/?s={search_term_string}\"},\"query-input\":{\"@type\":\"PropertyValueSpecification\",\"valueRequired\":true,\"valueName\":\"search_term_string\"}}],\"inLanguage\":\"fr-FR\"},{\"@type\":[\"Person\",\"Organization\"],\"@id\":\"https:\\\/\\\/antderground.com\\\/fr\\\/#\\\/schema\\\/person\\\/0e322c505e84fe72c65e2f6d08f96b81\",\"name\":\"Eric de Antderground\",\"image\":{\"@type\":\"ImageObject\",\"inLanguage\":\"fr-FR\",\"@id\":\"https:\\\/\\\/secure.gravatar.com\\\/avatar\\\/c49a1b9f79216d1498cb73c1e85cd47f4465dda35f2a94c03790d491bd4423c3?s=96&d=mm&r=g\",\"url\":\"https:\\\/\\\/secure.gravatar.com\\\/avatar\\\/c49a1b9f79216d1498cb73c1e85cd47f4465dda35f2a94c03790d491bd4423c3?s=96&d=mm&r=g\",\"contentUrl\":\"https:\\\/\\\/secure.gravatar.com\\\/avatar\\\/c49a1b9f79216d1498cb73c1e85cd47f4465dda35f2a94c03790d491bd4423c3?s=96&d=mm&r=g\",\"caption\":\"Eric de Antderground\"},\"logo\":{\"@id\":\"https:\\\/\\\/secure.gravatar.com\\\/avatar\\\/c49a1b9f79216d1498cb73c1e85cd47f4465dda35f2a94c03790d491bd4423c3?s=96&d=mm&r=g\"},\"description\":\"Eric es el especialista y fundador de Antderground, con una amplia trayectoria en artr\u00f3podos y enfocado en la mirmecolog\u00eda y el dise\u00f1o de hormigueros artificiales. Su enfoque combina la innovaci\u00f3n t\u00e9cnica con el respeto por la biolog\u00eda de las hormigas, is\u00f3podos y otros, desarrollando sistemas de nidos modulares 3D y acr\u00edlicos que son referentes para aficionados y profesionales en toda Europa. Su objetivo es facilitar la cr\u00eda de hormigas y otros artr\u00f3podos mediante soluciones seguras y divulgaci\u00f3n de calidad.\",\"sameAs\":[\"https:\\\/\\\/antderground.com\\\/\",\"https:\\\/\\\/www.youtube.com\\\/channel\\\/UCio72z7TlbufkAthAJIJfPw\"]}]}<\/script>\n<!-- \/ Yoast SEO plugin. -->","yoast_head_json":{"title":"Colobopsis leonardi (Reine) - ANTDERGROUND","description":"D\u00e9couvrez la nouvelle reine des fourmis (Colobopsis leonardi), une fourmi exotique et surprenante. D\u00e9couvrez le monde de la myrm\u00e9cologie ;-)","robots":{"index":"index","follow":"follow","max-snippet":"max-snippet:-1","max-image-preview":"max-image-preview:large","max-video-preview":"max-video-preview:-1"},"canonical":"https:\/\/antderground.com\/fr\/produit\/colobopsis-leonardi\/","og_locale":"fr_FR","og_type":"article","og_title":"Colobopsis leonardi (Reine) - ANTDERGROUND","og_description":"D\u00e9couvrez la nouvelle reine des fourmis (Colobopsis leonardi), une fourmi exotique et surprenante. D\u00e9couvrez le monde de la myrm\u00e9cologie ;-)","og_url":"https:\/\/antderground.com\/fr\/produit\/colobopsis-leonardi\/","og_site_name":"ANTDERGROUND","article_modified_time":"2023-08-02T15:40:35+00:00","og_image":[{"width":1417,"height":1417,"url":"https:\/\/antderground.com\/wp-content\/uploads\/2023\/04\/Imagen-de-WhatsApp-2023-04-05-a-las-18.59.13.jpg","type":"image\/jpeg"}],"twitter_card":"summary_large_image","twitter_misc":{"Dur\u00e9e de lecture estim\u00e9e":"1 minute"},"schema":{"@context":"https:\/\/schema.org","@graph":[{"@type":"WebPage","@id":"https:\/\/antderground.com\/fr\/produit\/colobopsis-leonardi\/","url":"https:\/\/antderground.com\/fr\/produit\/colobopsis-leonardi\/","name":"Colobopsis leonardi (Reine) - ANTDERGROUND","isPartOf":{"@id":"https:\/\/antderground.com\/fr\/#website"},"primaryImageOfPage":{"@id":"https:\/\/antderground.com\/fr\/produit\/colobopsis-leonardi\/#primaryimage"},"image":{"@id":"https:\/\/antderground.com\/fr\/produit\/colobopsis-leonardi\/#primaryimage"},"thumbnailUrl":"https:\/\/antderground.com\/wp-content\/uploads\/2023\/04\/Imagen-de-WhatsApp-2023-04-05-a-las-18.59.13.jpg","datePublished":"2023-04-05T19:54:12+00:00","dateModified":"2023-08-02T15:40:35+00:00","description":"D\u00e9couvrez la nouvelle reine des fourmis (Colobopsis leonardi), une fourmi exotique et surprenante. D\u00e9couvrez le monde de la myrm\u00e9cologie ;-)","breadcrumb":{"@id":"https:\/\/antderground.com\/fr\/produit\/colobopsis-leonardi\/#breadcrumb"},"inLanguage":"fr-FR","potentialAction":[{"@type":"ReadAction","target":["https:\/\/antderground.com\/fr\/produit\/colobopsis-leonardi\/"]}]},{"@type":"ImageObject","inLanguage":"fr-FR","@id":"https:\/\/antderground.com\/fr\/produit\/colobopsis-leonardi\/#primaryimage","url":"https:\/\/antderground.com\/wp-content\/uploads\/2023\/04\/Imagen-de-WhatsApp-2023-04-05-a-las-18.59.13.jpg","contentUrl":"https:\/\/antderground.com\/wp-content\/uploads\/2023\/04\/Imagen-de-WhatsApp-2023-04-05-a-las-18.59.13.jpg","width":1417,"height":1417},{"@type":"BreadcrumbList","@id":"https:\/\/antderground.com\/fr\/produit\/colobopsis-leonardi\/#breadcrumb","itemListElement":[{"@type":"ListItem","position":1,"name":"Portada","item":"https:\/\/antderground.com\/fr\/"},{"@type":"ListItem","position":2,"name":"Boutique","item":"https:\/\/antderground.com\/fr\/boutique\/"},{"@type":"ListItem","position":3,"name":"Colobopsis leonardi (Reine)"}]},{"@type":"WebSite","@id":"https:\/\/antderground.com\/fr\/#website","url":"https:\/\/antderground.com\/fr\/","name":"ANTDERGROUND","description":"Tu tienda de hormigas, gran variedad de hormigueros acr\u00edlicos,madera,arena,3D y mas.. Pide tus hormigas gratis con tu pedido, somos expertos en hormigueros antifugas.","publisher":{"@id":"https:\/\/antderground.com\/fr\/#\/schema\/person\/0e322c505e84fe72c65e2f6d08f96b81"},"alternateName":"Antderground","potentialAction":[{"@type":"SearchAction","target":{"@type":"EntryPoint","urlTemplate":"https:\/\/antderground.com\/fr\/?s={search_term_string}"},"query-input":{"@type":"PropertyValueSpecification","valueRequired":true,"valueName":"search_term_string"}}],"inLanguage":"fr-FR"},{"@type":["Person","Organization"],"@id":"https:\/\/antderground.com\/fr\/#\/schema\/person\/0e322c505e84fe72c65e2f6d08f96b81","name":"Eric de Antderground","image":{"@type":"ImageObject","inLanguage":"fr-FR","@id":"https:\/\/secure.gravatar.com\/avatar\/c49a1b9f79216d1498cb73c1e85cd47f4465dda35f2a94c03790d491bd4423c3?s=96&d=mm&r=g","url":"https:\/\/secure.gravatar.com\/avatar\/c49a1b9f79216d1498cb73c1e85cd47f4465dda35f2a94c03790d491bd4423c3?s=96&d=mm&r=g","contentUrl":"https:\/\/secure.gravatar.com\/avatar\/c49a1b9f79216d1498cb73c1e85cd47f4465dda35f2a94c03790d491bd4423c3?s=96&d=mm&r=g","caption":"Eric de Antderground"},"logo":{"@id":"https:\/\/secure.gravatar.com\/avatar\/c49a1b9f79216d1498cb73c1e85cd47f4465dda35f2a94c03790d491bd4423c3?s=96&d=mm&r=g"},"description":"Eric es el especialista y fundador de Antderground, con una amplia trayectoria en artr\u00f3podos y enfocado en la mirmecolog\u00eda y el dise\u00f1o de hormigueros artificiales. Su enfoque combina la innovaci\u00f3n t\u00e9cnica con el respeto por la biolog\u00eda de las hormigas, is\u00f3podos y otros, desarrollando sistemas de nidos modulares 3D y acr\u00edlicos que son referentes para aficionados y profesionales en toda Europa. Su objetivo es facilitar la cr\u00eda de hormigas y otros artr\u00f3podos mediante soluciones seguras y divulgaci\u00f3n de calidad.","sameAs":["https:\/\/antderground.com\/","https:\/\/www.youtube.com\/channel\/UCio72z7TlbufkAthAJIJfPw"]}]}},"_links":{"self":[{"href":"https:\/\/antderground.com\/fr\/wp-json\/wp\/v2\/product\/27615","targetHints":{"allow":["GET"]}}],"collection":[{"href":"https:\/\/antderground.com\/fr\/wp-json\/wp\/v2\/product"}],"about":[{"href":"https:\/\/antderground.com\/fr\/wp-json\/wp\/v2\/types\/product"}],"version-history":[{"count":0,"href":"https:\/\/antderground.com\/fr\/wp-json\/wp\/v2\/product\/27615\/revisions"}],"wp:featuredmedia":[{"embeddable":true,"href":"https:\/\/antderground.com\/fr\/wp-json\/wp\/v2\/media\/27610"}],"wp:attachment":[{"href":"https:\/\/antderground.com\/fr\/wp-json\/wp\/v2\/media?parent=27615"}],"wp:term":[{"taxonomy":"product_brand","embeddable":true,"href":"https:\/\/antderground.com\/fr\/wp-json\/wp\/v2\/product_brand?post=27615"},{"taxonomy":"product_cat","embeddable":true,"href":"https:\/\/antderground.com\/fr\/wp-json\/wp\/v2\/product_cat?post=27615"},{"taxonomy":"product_tag","embeddable":true,"href":"https:\/\/antderground.com\/fr\/wp-json\/wp\/v2\/product_tag?post=27615"}],"curies":[{"name":"wp","href":"https:\/\/api.w.org\/{rel}","templated":true}]}}