{"id":27740,"date":"2023-04-10T23:21:19","date_gmt":"2023-04-10T21:21:19","guid":{"rendered":"https:\/\/www.antderground.com\/producto\/camponotus-ligniperdus\/"},"modified":"2024-03-27T06:50:22","modified_gmt":"2024-03-27T05:50:22","slug":"camponotus-ligniperdus","status":"publish","type":"product","link":"https:\/\/antderground.com\/fr\/produit\/camponotus-ligniperdus\/","title":{"rendered":"Camponotus ligniperdus (Reine)"},"content":{"rendered":"<p><strong>Nom scientifique:<\/strong> Camponotus ligniperdus<\/p>\n<p><strong>Classification taxonomique:<\/strong><\/p>\n<ul>\n<li>R\u00e8gne : Animalia<\/li>\n<li>Embranchement : Arthropoda<\/li>\n<li>Classe : Insecta<\/li>\n<li>Ordre : Hymenoptera<\/li>\n<li>Famille : Formicidae<\/li>\n<li>Genre : Camponotus<\/li>\n<li>Esp\u00e8ce : C. ligniperdus<\/li>\n<\/ul>\n<p><strong>Distribution g\u00e9ographique:<\/strong> La fourmi Camponotus ligniperdus se trouve en Europe, en Asie et en Am\u00e9rique du Nord.<\/p>\n<p><strong>Caract\u00e9ristiques physiques :<\/strong><\/p>\n<ul>\n<li>Taille : les ouvri\u00e8res mesurent de 6 \u00e0 13 mm de long, tandis que les reines mesurent de 14 \u00e0 16 mm de long.<\/li>\n<li>Couleur : g\u00e9n\u00e9ralement noires, avec des pattes et des antennes plus claires. Parfois, elles ont des tons bruns sur le corps.<\/li>\n<li>Mandibules grandes et puissantes utilis\u00e9es pour mordre et couper le mat\u00e9riel v\u00e9g\u00e9tal.<\/li>\n<\/ul>\n<p><strong>Comportement :<\/strong><\/p>\n<ul>\n<li>Elles sont principalement herbivores, mais se nourrissent \u00e9galement de petits insectes et d&#8217;autres arthropodes.<\/li>\n<li>Les ouvri\u00e8res sont polymorphes, ce qui signifie qu&#8217;elles peuvent varier en taille et en fonction au sein de la colonie.<\/li>\n<li>Elles forment des colonies relativement importantes, qui peuvent contenir jusqu&#8217;\u00e0 plusieurs milliers d&#8217;ouvri\u00e8res.<\/li>\n<\/ul>\n<p><strong>\u00c9tat de conservation :<\/strong> La fourmi Camponotus ligniperdus n&#8217;est pr\u00e9sente sur aucune liste d&#8217;esp\u00e8ces en danger d&#8217;extinction.<\/p>\n<p><strong>Notes suppl\u00e9mentaires :<\/strong> La fourmi Camponotus ligniperdus est une esp\u00e8ce commune dans les for\u00eats et les zones bois\u00e9es en Europe, en Asie et en Am\u00e9rique du Nord. Ces fourmis peuvent jouer un r\u00f4le important dans l&#8217;\u00e9cologie des \u00e9cosyst\u00e8mes, contribuant \u00e0 la dispersion des graines, \u00e0 la cr\u00e9ation de microhabitats et \u00e0 la r\u00e9gulation de la population d&#8217;herbivores et d&#8217;autres arthropodes. De plus, on sait que certaines esp\u00e8ces de fourmis du genre Camponotus \u00e9tablissent des relations symbiotiques avec certaines plantes, leur fournissant une protection contre les herbivores et les pathog\u00e8nes en \u00e9change d&#8217;une source de nourriture.<\/p>\n","protected":false},"excerpt":{"rendered":"<p>Nom scientifique: Camponotus ligniperdus Classification taxonomique: R\u00e8gne : Animalia Embranchement : Arthropoda Classe : Insecta Ordre : Hymenoptera Famille :<\/p>\n","protected":false},"featured_media":27724,"template":"","meta":[],"product_brand":[],"product_cat":[113,305],"product_tag":[],"class_list":{"0":"post-27740","1":"product","2":"type-product","3":"status-publish","4":"has-post-thumbnail","6":"product_cat-fourmis","7":"product_cat-fourmis-autochtones","9":"first","10":"instock","11":"shipping-taxable","12":"purchasable","13":"product-type-variable"},"yoast_head":"<!-- This site is optimized with the Yoast SEO plugin v27.3 - https:\/\/yoast.com\/product\/yoast-seo-wordpress\/ -->\n<title>Camponotus ligniperdus (Reine) (Reine) - ANTDERGROUND<\/title>\n<meta name=\"description\" content=\"D\u00e9couvrez la fourmi g\u00e9ante Camponotus ligniperdus, une \u00e9tonnante esp\u00e8ce de fourmi autochtone connue sous le nom de fourmi charpenti\u00e8re ou de plus grande fourmi !\" \/>\n<meta name=\"robots\" content=\"index, follow, max-snippet:-1, max-image-preview:large, max-video-preview:-1\" \/>\n<link rel=\"canonical\" href=\"https:\/\/antderground.com\/fr\/produit\/camponotus-ligniperdus\/\" \/>\n<meta property=\"og:locale\" content=\"fr_FR\" \/>\n<meta property=\"og:type\" content=\"article\" \/>\n<meta property=\"og:title\" content=\"Camponotus ligniperdus (Reine) (Reine) - ANTDERGROUND\" \/>\n<meta property=\"og:description\" content=\"D\u00e9couvrez la fourmi g\u00e9ante Camponotus ligniperdus, une \u00e9tonnante esp\u00e8ce de fourmi autochtone connue sous le nom de fourmi charpenti\u00e8re ou de plus grande fourmi !\" \/>\n<meta property=\"og:url\" content=\"https:\/\/antderground.com\/fr\/produit\/camponotus-ligniperdus\/\" \/>\n<meta property=\"og:site_name\" content=\"ANTDERGROUND\" \/>\n<meta property=\"article:modified_time\" content=\"2024-03-27T05:50:22+00:00\" \/>\n<meta property=\"og:image\" content=\"https:\/\/antderground.com\/wp-content\/uploads\/2023\/04\/Imagen-de-WhatsApp-2023-04-09-a-las-15.50.38.jpg\" \/>\n\t<meta property=\"og:image:width\" content=\"1417\" \/>\n\t<meta property=\"og:image:height\" content=\"1417\" \/>\n\t<meta property=\"og:image:type\" content=\"image\/jpeg\" \/>\n<meta name=\"twitter:card\" content=\"summary_large_image\" \/>\n<meta name=\"twitter:label1\" content=\"Dur\u00e9e de lecture estim\u00e9e\" \/>\n\t<meta name=\"twitter:data1\" content=\"1 minute\" \/>\n<script type=\"application\/ld+json\" class=\"yoast-schema-graph\">{\"@context\":\"https:\\\/\\\/schema.org\",\"@graph\":[{\"@type\":\"WebPage\",\"@id\":\"https:\\\/\\\/antderground.com\\\/fr\\\/produit\\\/camponotus-ligniperdus\\\/\",\"url\":\"https:\\\/\\\/antderground.com\\\/fr\\\/produit\\\/camponotus-ligniperdus\\\/\",\"name\":\"Camponotus ligniperdus (Reine) (Reine) - ANTDERGROUND\",\"isPartOf\":{\"@id\":\"https:\\\/\\\/antderground.com\\\/fr\\\/#website\"},\"primaryImageOfPage\":{\"@id\":\"https:\\\/\\\/antderground.com\\\/fr\\\/produit\\\/camponotus-ligniperdus\\\/#primaryimage\"},\"image\":{\"@id\":\"https:\\\/\\\/antderground.com\\\/fr\\\/produit\\\/camponotus-ligniperdus\\\/#primaryimage\"},\"thumbnailUrl\":\"https:\\\/\\\/antderground.com\\\/wp-content\\\/uploads\\\/2023\\\/04\\\/Imagen-de-WhatsApp-2023-04-09-a-las-15.50.38.jpg\",\"datePublished\":\"2023-04-10T21:21:19+00:00\",\"dateModified\":\"2024-03-27T05:50:22+00:00\",\"description\":\"D\u00e9couvrez la fourmi g\u00e9ante Camponotus ligniperdus, une \u00e9tonnante esp\u00e8ce de fourmi autochtone connue sous le nom de fourmi charpenti\u00e8re ou de plus grande fourmi !\",\"breadcrumb\":{\"@id\":\"https:\\\/\\\/antderground.com\\\/fr\\\/produit\\\/camponotus-ligniperdus\\\/#breadcrumb\"},\"inLanguage\":\"fr-FR\",\"potentialAction\":[{\"@type\":\"ReadAction\",\"target\":[\"https:\\\/\\\/antderground.com\\\/fr\\\/produit\\\/camponotus-ligniperdus\\\/\"]}]},{\"@type\":\"ImageObject\",\"inLanguage\":\"fr-FR\",\"@id\":\"https:\\\/\\\/antderground.com\\\/fr\\\/produit\\\/camponotus-ligniperdus\\\/#primaryimage\",\"url\":\"https:\\\/\\\/antderground.com\\\/wp-content\\\/uploads\\\/2023\\\/04\\\/Imagen-de-WhatsApp-2023-04-09-a-las-15.50.38.jpg\",\"contentUrl\":\"https:\\\/\\\/antderground.com\\\/wp-content\\\/uploads\\\/2023\\\/04\\\/Imagen-de-WhatsApp-2023-04-09-a-las-15.50.38.jpg\",\"width\":1417,\"height\":1417},{\"@type\":\"BreadcrumbList\",\"@id\":\"https:\\\/\\\/antderground.com\\\/fr\\\/produit\\\/camponotus-ligniperdus\\\/#breadcrumb\",\"itemListElement\":[{\"@type\":\"ListItem\",\"position\":1,\"name\":\"Portada\",\"item\":\"https:\\\/\\\/antderground.com\\\/fr\\\/\"},{\"@type\":\"ListItem\",\"position\":2,\"name\":\"Boutique\",\"item\":\"https:\\\/\\\/antderground.com\\\/fr\\\/boutique\\\/\"},{\"@type\":\"ListItem\",\"position\":3,\"name\":\"Camponotus ligniperdus (Reine)\"}]},{\"@type\":\"WebSite\",\"@id\":\"https:\\\/\\\/antderground.com\\\/fr\\\/#website\",\"url\":\"https:\\\/\\\/antderground.com\\\/fr\\\/\",\"name\":\"ANTDERGROUND\",\"description\":\"Tu tienda de hormigas, gran variedad de hormigueros acr\u00edlicos,madera,arena,3D y mas.. Pide tus hormigas gratis con tu pedido, somos expertos en hormigueros antifugas.\",\"publisher\":{\"@id\":\"https:\\\/\\\/antderground.com\\\/fr\\\/#\\\/schema\\\/person\\\/0e322c505e84fe72c65e2f6d08f96b81\"},\"alternateName\":\"Antderground\",\"potentialAction\":[{\"@type\":\"SearchAction\",\"target\":{\"@type\":\"EntryPoint\",\"urlTemplate\":\"https:\\\/\\\/antderground.com\\\/fr\\\/?s={search_term_string}\"},\"query-input\":{\"@type\":\"PropertyValueSpecification\",\"valueRequired\":true,\"valueName\":\"search_term_string\"}}],\"inLanguage\":\"fr-FR\"},{\"@type\":[\"Person\",\"Organization\"],\"@id\":\"https:\\\/\\\/antderground.com\\\/fr\\\/#\\\/schema\\\/person\\\/0e322c505e84fe72c65e2f6d08f96b81\",\"name\":\"Eric de Antderground\",\"image\":{\"@type\":\"ImageObject\",\"inLanguage\":\"fr-FR\",\"@id\":\"https:\\\/\\\/secure.gravatar.com\\\/avatar\\\/c49a1b9f79216d1498cb73c1e85cd47f4465dda35f2a94c03790d491bd4423c3?s=96&d=mm&r=g\",\"url\":\"https:\\\/\\\/secure.gravatar.com\\\/avatar\\\/c49a1b9f79216d1498cb73c1e85cd47f4465dda35f2a94c03790d491bd4423c3?s=96&d=mm&r=g\",\"contentUrl\":\"https:\\\/\\\/secure.gravatar.com\\\/avatar\\\/c49a1b9f79216d1498cb73c1e85cd47f4465dda35f2a94c03790d491bd4423c3?s=96&d=mm&r=g\",\"caption\":\"Eric de Antderground\"},\"logo\":{\"@id\":\"https:\\\/\\\/secure.gravatar.com\\\/avatar\\\/c49a1b9f79216d1498cb73c1e85cd47f4465dda35f2a94c03790d491bd4423c3?s=96&d=mm&r=g\"},\"description\":\"Eric es el especialista y fundador de Antderground, con una amplia trayectoria en artr\u00f3podos y enfocado en la mirmecolog\u00eda y el dise\u00f1o de hormigueros artificiales. Su enfoque combina la innovaci\u00f3n t\u00e9cnica con el respeto por la biolog\u00eda de las hormigas, is\u00f3podos y otros, desarrollando sistemas de nidos modulares 3D y acr\u00edlicos que son referentes para aficionados y profesionales en toda Europa. Su objetivo es facilitar la cr\u00eda de hormigas y otros artr\u00f3podos mediante soluciones seguras y divulgaci\u00f3n de calidad.\",\"sameAs\":[\"https:\\\/\\\/antderground.com\\\/\",\"https:\\\/\\\/www.youtube.com\\\/channel\\\/UCio72z7TlbufkAthAJIJfPw\"]}]}<\/script>\n<!-- \/ Yoast SEO plugin. -->","yoast_head_json":{"title":"Camponotus ligniperdus (Reine) (Reine) - ANTDERGROUND","description":"D\u00e9couvrez la fourmi g\u00e9ante Camponotus ligniperdus, une \u00e9tonnante esp\u00e8ce de fourmi autochtone connue sous le nom de fourmi charpenti\u00e8re ou de plus grande fourmi !","robots":{"index":"index","follow":"follow","max-snippet":"max-snippet:-1","max-image-preview":"max-image-preview:large","max-video-preview":"max-video-preview:-1"},"canonical":"https:\/\/antderground.com\/fr\/produit\/camponotus-ligniperdus\/","og_locale":"fr_FR","og_type":"article","og_title":"Camponotus ligniperdus (Reine) (Reine) - ANTDERGROUND","og_description":"D\u00e9couvrez la fourmi g\u00e9ante Camponotus ligniperdus, une \u00e9tonnante esp\u00e8ce de fourmi autochtone connue sous le nom de fourmi charpenti\u00e8re ou de plus grande fourmi !","og_url":"https:\/\/antderground.com\/fr\/produit\/camponotus-ligniperdus\/","og_site_name":"ANTDERGROUND","article_modified_time":"2024-03-27T05:50:22+00:00","og_image":[{"width":1417,"height":1417,"url":"https:\/\/antderground.com\/wp-content\/uploads\/2023\/04\/Imagen-de-WhatsApp-2023-04-09-a-las-15.50.38.jpg","type":"image\/jpeg"}],"twitter_card":"summary_large_image","twitter_misc":{"Dur\u00e9e de lecture estim\u00e9e":"1 minute"},"schema":{"@context":"https:\/\/schema.org","@graph":[{"@type":"WebPage","@id":"https:\/\/antderground.com\/fr\/produit\/camponotus-ligniperdus\/","url":"https:\/\/antderground.com\/fr\/produit\/camponotus-ligniperdus\/","name":"Camponotus ligniperdus (Reine) (Reine) - ANTDERGROUND","isPartOf":{"@id":"https:\/\/antderground.com\/fr\/#website"},"primaryImageOfPage":{"@id":"https:\/\/antderground.com\/fr\/produit\/camponotus-ligniperdus\/#primaryimage"},"image":{"@id":"https:\/\/antderground.com\/fr\/produit\/camponotus-ligniperdus\/#primaryimage"},"thumbnailUrl":"https:\/\/antderground.com\/wp-content\/uploads\/2023\/04\/Imagen-de-WhatsApp-2023-04-09-a-las-15.50.38.jpg","datePublished":"2023-04-10T21:21:19+00:00","dateModified":"2024-03-27T05:50:22+00:00","description":"D\u00e9couvrez la fourmi g\u00e9ante Camponotus ligniperdus, une \u00e9tonnante esp\u00e8ce de fourmi autochtone connue sous le nom de fourmi charpenti\u00e8re ou de plus grande fourmi !","breadcrumb":{"@id":"https:\/\/antderground.com\/fr\/produit\/camponotus-ligniperdus\/#breadcrumb"},"inLanguage":"fr-FR","potentialAction":[{"@type":"ReadAction","target":["https:\/\/antderground.com\/fr\/produit\/camponotus-ligniperdus\/"]}]},{"@type":"ImageObject","inLanguage":"fr-FR","@id":"https:\/\/antderground.com\/fr\/produit\/camponotus-ligniperdus\/#primaryimage","url":"https:\/\/antderground.com\/wp-content\/uploads\/2023\/04\/Imagen-de-WhatsApp-2023-04-09-a-las-15.50.38.jpg","contentUrl":"https:\/\/antderground.com\/wp-content\/uploads\/2023\/04\/Imagen-de-WhatsApp-2023-04-09-a-las-15.50.38.jpg","width":1417,"height":1417},{"@type":"BreadcrumbList","@id":"https:\/\/antderground.com\/fr\/produit\/camponotus-ligniperdus\/#breadcrumb","itemListElement":[{"@type":"ListItem","position":1,"name":"Portada","item":"https:\/\/antderground.com\/fr\/"},{"@type":"ListItem","position":2,"name":"Boutique","item":"https:\/\/antderground.com\/fr\/boutique\/"},{"@type":"ListItem","position":3,"name":"Camponotus ligniperdus (Reine)"}]},{"@type":"WebSite","@id":"https:\/\/antderground.com\/fr\/#website","url":"https:\/\/antderground.com\/fr\/","name":"ANTDERGROUND","description":"Tu tienda de hormigas, gran variedad de hormigueros acr\u00edlicos,madera,arena,3D y mas.. Pide tus hormigas gratis con tu pedido, somos expertos en hormigueros antifugas.","publisher":{"@id":"https:\/\/antderground.com\/fr\/#\/schema\/person\/0e322c505e84fe72c65e2f6d08f96b81"},"alternateName":"Antderground","potentialAction":[{"@type":"SearchAction","target":{"@type":"EntryPoint","urlTemplate":"https:\/\/antderground.com\/fr\/?s={search_term_string}"},"query-input":{"@type":"PropertyValueSpecification","valueRequired":true,"valueName":"search_term_string"}}],"inLanguage":"fr-FR"},{"@type":["Person","Organization"],"@id":"https:\/\/antderground.com\/fr\/#\/schema\/person\/0e322c505e84fe72c65e2f6d08f96b81","name":"Eric de Antderground","image":{"@type":"ImageObject","inLanguage":"fr-FR","@id":"https:\/\/secure.gravatar.com\/avatar\/c49a1b9f79216d1498cb73c1e85cd47f4465dda35f2a94c03790d491bd4423c3?s=96&d=mm&r=g","url":"https:\/\/secure.gravatar.com\/avatar\/c49a1b9f79216d1498cb73c1e85cd47f4465dda35f2a94c03790d491bd4423c3?s=96&d=mm&r=g","contentUrl":"https:\/\/secure.gravatar.com\/avatar\/c49a1b9f79216d1498cb73c1e85cd47f4465dda35f2a94c03790d491bd4423c3?s=96&d=mm&r=g","caption":"Eric de Antderground"},"logo":{"@id":"https:\/\/secure.gravatar.com\/avatar\/c49a1b9f79216d1498cb73c1e85cd47f4465dda35f2a94c03790d491bd4423c3?s=96&d=mm&r=g"},"description":"Eric es el especialista y fundador de Antderground, con una amplia trayectoria en artr\u00f3podos y enfocado en la mirmecolog\u00eda y el dise\u00f1o de hormigueros artificiales. Su enfoque combina la innovaci\u00f3n t\u00e9cnica con el respeto por la biolog\u00eda de las hormigas, is\u00f3podos y otros, desarrollando sistemas de nidos modulares 3D y acr\u00edlicos que son referentes para aficionados y profesionales en toda Europa. Su objetivo es facilitar la cr\u00eda de hormigas y otros artr\u00f3podos mediante soluciones seguras y divulgaci\u00f3n de calidad.","sameAs":["https:\/\/antderground.com\/","https:\/\/www.youtube.com\/channel\/UCio72z7TlbufkAthAJIJfPw"]}]}},"_links":{"self":[{"href":"https:\/\/antderground.com\/fr\/wp-json\/wp\/v2\/product\/27740","targetHints":{"allow":["GET"]}}],"collection":[{"href":"https:\/\/antderground.com\/fr\/wp-json\/wp\/v2\/product"}],"about":[{"href":"https:\/\/antderground.com\/fr\/wp-json\/wp\/v2\/types\/product"}],"version-history":[{"count":0,"href":"https:\/\/antderground.com\/fr\/wp-json\/wp\/v2\/product\/27740\/revisions"}],"wp:featuredmedia":[{"embeddable":true,"href":"https:\/\/antderground.com\/fr\/wp-json\/wp\/v2\/media\/27724"}],"wp:attachment":[{"href":"https:\/\/antderground.com\/fr\/wp-json\/wp\/v2\/media?parent=27740"}],"wp:term":[{"taxonomy":"product_brand","embeddable":true,"href":"https:\/\/antderground.com\/fr\/wp-json\/wp\/v2\/product_brand?post=27740"},{"taxonomy":"product_cat","embeddable":true,"href":"https:\/\/antderground.com\/fr\/wp-json\/wp\/v2\/product_cat?post=27740"},{"taxonomy":"product_tag","embeddable":true,"href":"https:\/\/antderground.com\/fr\/wp-json\/wp\/v2\/product_tag?post=27740"}],"curies":[{"name":"wp","href":"https:\/\/api.w.org\/{rel}","templated":true}]}}