{"id":27799,"date":"2023-04-12T16:05:42","date_gmt":"2023-04-12T14:05:42","guid":{"rendered":"https:\/\/www.antderground.com\/producto\/cataulacus-granulatus\/"},"modified":"2023-04-12T16:05:42","modified_gmt":"2023-04-12T14:05:42","slug":"cataulacus-granulatus","status":"publish","type":"product","link":"https:\/\/antderground.com\/fr\/produit\/cataulacus-granulatus\/","title":{"rendered":"Cataulacus granulatus"},"content":{"rendered":"<p><strong>Nom scientifique :<\/strong> Cataulacus granulatus<\/p>\n<p><strong>Nom commun :<\/strong> Fourmi tortue asiatique<\/p>\n<p><strong>Classification taxonomique :<\/strong><\/p>\n<p>R\u00e8gne : Animalia<br \/>\nEmbranchement : Arthropoda<br \/>\nClasse : Insecta<br \/>\nOrdre : Hymenoptera<br \/>\nFamille : Formicidae<br \/>\nGenre : Cataulacus<br \/>\nEsp\u00e8ce : C. granulatus<\/p>\n<p><strong>R\u00e9partition g\u00e9ographique :<\/strong> La fourmi Cataulacus granulatus se trouve dans les r\u00e9gions tropicales et subtropicales d&#8217;Afrique et dans certaines parties de l&#8217;Asie, y compris des pays tels que le Ghana, le Nig\u00e9ria, le Cameroun, l&#8217;Inde et la Chine.<\/p>\n<p><strong>Caract\u00e9ristiques physiques :<\/strong><\/p>\n<p>Taille : les ouvri\u00e8res mesurent environ 3-5 mm de longueur.<br \/>\nCouleur : elles sont de couleur brun rouge\u00e2tre et ont un aspect brillant et lisse.<br \/>\nElles ont un corps \u00e9lanc\u00e9 et allong\u00e9, avec de longues antennes et de longues pattes minces.<\/p>\n<p><strong>Comportement :<\/strong><\/p>\n<p>Ce sont des fourmis arboricoles et on les trouve en train de construire leurs nids sur les arbres et les buissons.<br \/>\nElles se nourrissent principalement de s\u00e9cr\u00e9tions d&#8217;insectes et de miellat, et parfois \u00e9galement de petits insectes et d&#8217;arthropodes.<br \/>\nLes colonies sont relativement petites, avec un nombre limit\u00e9 d&#8217;ouvri\u00e8res.<\/p>\n<p><strong>\u00c9tat de conservation :<\/strong> Aucune information n&#8217;est disponible sur l&#8217;\u00e9tat de conservation de la fourmi Cataulacus granulatus.<\/p>\n<p><strong>Notes suppl\u00e9mentaires :<\/strong> La fourmi Cataulacus granulatus est une esp\u00e8ce int\u00e9ressante en raison de son comportement arboricole et de sa nourriture \u00e0 base de s\u00e9cr\u00e9tions d&#8217;insectes.<\/p>\n","protected":false},"excerpt":{"rendered":"<p>Nom scientifique : Cataulacus granulatus Nom commun : Fourmi tortue asiatique Classification taxonomique : R\u00e8gne : Animalia Embranchement : Arthropoda<\/p>\n","protected":false},"featured_media":27784,"template":"","meta":[],"product_brand":[],"product_cat":[113,302],"product_tag":[],"class_list":{"0":"post-27799","1":"product","2":"type-product","3":"status-publish","4":"has-post-thumbnail","6":"product_cat-fourmis","7":"product_cat-fourmis-exotiques","9":"first","10":"outofstock","11":"shipping-taxable","12":"purchasable","13":"product-type-variable"},"yoast_head":"<!-- This site is optimized with the Yoast SEO plugin v27.4 - https:\/\/yoast.com\/product\/yoast-seo-wordpress\/ -->\n<title>Cataulacus granulatus - ANTDERGROUND<\/title>\n<meta name=\"description\" content=\"D\u00e9couvrez la fourmi tortue d&#039;Asie (Cataulacus granulatus), une impressionnante fourmi exotique et arboricole ! Votre boutique de myrm\u00e9cologie !\" \/>\n<meta name=\"robots\" content=\"index, follow, max-snippet:-1, max-image-preview:large, max-video-preview:-1\" \/>\n<link rel=\"canonical\" href=\"https:\/\/antderground.com\/fr\/produit\/cataulacus-granulatus\/\" \/>\n<meta property=\"og:locale\" content=\"fr_FR\" \/>\n<meta property=\"og:type\" content=\"article\" \/>\n<meta property=\"og:title\" content=\"Cataulacus granulatus - ANTDERGROUND\" \/>\n<meta property=\"og:description\" content=\"D\u00e9couvrez la fourmi tortue d&#039;Asie (Cataulacus granulatus), une impressionnante fourmi exotique et arboricole ! Votre boutique de myrm\u00e9cologie !\" \/>\n<meta property=\"og:url\" content=\"https:\/\/antderground.com\/fr\/produit\/cataulacus-granulatus\/\" \/>\n<meta property=\"og:site_name\" content=\"ANTDERGROUND\" \/>\n<meta property=\"og:image\" content=\"https:\/\/antderground.com\/wp-content\/uploads\/2023\/04\/Cataulacus-granulatus.jpg\" \/>\n\t<meta property=\"og:image:width\" content=\"1200\" \/>\n\t<meta property=\"og:image:height\" content=\"1600\" \/>\n\t<meta property=\"og:image:type\" content=\"image\/jpeg\" \/>\n<meta name=\"twitter:card\" content=\"summary_large_image\" \/>\n<meta name=\"twitter:label1\" content=\"Dur\u00e9e de lecture estim\u00e9e\" \/>\n\t<meta name=\"twitter:data1\" content=\"1 minute\" \/>\n<script type=\"application\/ld+json\" class=\"yoast-schema-graph\">{\"@context\":\"https:\\\/\\\/schema.org\",\"@graph\":[{\"@type\":\"WebPage\",\"@id\":\"https:\\\/\\\/antderground.com\\\/fr\\\/produit\\\/cataulacus-granulatus\\\/\",\"url\":\"https:\\\/\\\/antderground.com\\\/fr\\\/produit\\\/cataulacus-granulatus\\\/\",\"name\":\"Cataulacus granulatus - ANTDERGROUND\",\"isPartOf\":{\"@id\":\"https:\\\/\\\/antderground.com\\\/fr\\\/#website\"},\"primaryImageOfPage\":{\"@id\":\"https:\\\/\\\/antderground.com\\\/fr\\\/produit\\\/cataulacus-granulatus\\\/#primaryimage\"},\"image\":{\"@id\":\"https:\\\/\\\/antderground.com\\\/fr\\\/produit\\\/cataulacus-granulatus\\\/#primaryimage\"},\"thumbnailUrl\":\"https:\\\/\\\/antderground.com\\\/wp-content\\\/uploads\\\/2023\\\/04\\\/Cataulacus-granulatus.jpg\",\"datePublished\":\"2023-04-12T14:05:42+00:00\",\"description\":\"D\u00e9couvrez la fourmi tortue d'Asie (Cataulacus granulatus), une impressionnante fourmi exotique et arboricole ! Votre boutique de myrm\u00e9cologie !\",\"breadcrumb\":{\"@id\":\"https:\\\/\\\/antderground.com\\\/fr\\\/produit\\\/cataulacus-granulatus\\\/#breadcrumb\"},\"inLanguage\":\"fr-FR\",\"potentialAction\":[{\"@type\":\"ReadAction\",\"target\":[\"https:\\\/\\\/antderground.com\\\/fr\\\/produit\\\/cataulacus-granulatus\\\/\"]}]},{\"@type\":\"ImageObject\",\"inLanguage\":\"fr-FR\",\"@id\":\"https:\\\/\\\/antderground.com\\\/fr\\\/produit\\\/cataulacus-granulatus\\\/#primaryimage\",\"url\":\"https:\\\/\\\/antderground.com\\\/wp-content\\\/uploads\\\/2023\\\/04\\\/Cataulacus-granulatus.jpg\",\"contentUrl\":\"https:\\\/\\\/antderground.com\\\/wp-content\\\/uploads\\\/2023\\\/04\\\/Cataulacus-granulatus.jpg\",\"width\":1200,\"height\":1600},{\"@type\":\"BreadcrumbList\",\"@id\":\"https:\\\/\\\/antderground.com\\\/fr\\\/produit\\\/cataulacus-granulatus\\\/#breadcrumb\",\"itemListElement\":[{\"@type\":\"ListItem\",\"position\":1,\"name\":\"Portada\",\"item\":\"https:\\\/\\\/antderground.com\\\/fr\\\/\"},{\"@type\":\"ListItem\",\"position\":2,\"name\":\"Boutique\",\"item\":\"https:\\\/\\\/antderground.com\\\/fr\\\/boutique\\\/\"},{\"@type\":\"ListItem\",\"position\":3,\"name\":\"Cataulacus granulatus\"}]},{\"@type\":\"WebSite\",\"@id\":\"https:\\\/\\\/antderground.com\\\/fr\\\/#website\",\"url\":\"https:\\\/\\\/antderground.com\\\/fr\\\/\",\"name\":\"ANTDERGROUND\",\"description\":\"Tu tienda de hormigas, gran variedad de hormigueros acr\u00edlicos,madera,arena,3D y mas.. Pide tus hormigas gratis con tu pedido, somos expertos en hormigueros antifugas.\",\"publisher\":{\"@id\":\"https:\\\/\\\/antderground.com\\\/fr\\\/#\\\/schema\\\/person\\\/0e322c505e84fe72c65e2f6d08f96b81\"},\"alternateName\":\"Antderground\",\"potentialAction\":[{\"@type\":\"SearchAction\",\"target\":{\"@type\":\"EntryPoint\",\"urlTemplate\":\"https:\\\/\\\/antderground.com\\\/fr\\\/?s={search_term_string}\"},\"query-input\":{\"@type\":\"PropertyValueSpecification\",\"valueRequired\":true,\"valueName\":\"search_term_string\"}}],\"inLanguage\":\"fr-FR\"},{\"@type\":[\"Person\",\"Organization\"],\"@id\":\"https:\\\/\\\/antderground.com\\\/fr\\\/#\\\/schema\\\/person\\\/0e322c505e84fe72c65e2f6d08f96b81\",\"name\":\"Eric de Antderground\",\"image\":{\"@type\":\"ImageObject\",\"inLanguage\":\"fr-FR\",\"@id\":\"https:\\\/\\\/secure.gravatar.com\\\/avatar\\\/c49a1b9f79216d1498cb73c1e85cd47f4465dda35f2a94c03790d491bd4423c3?s=96&d=mm&r=g\",\"url\":\"https:\\\/\\\/secure.gravatar.com\\\/avatar\\\/c49a1b9f79216d1498cb73c1e85cd47f4465dda35f2a94c03790d491bd4423c3?s=96&d=mm&r=g\",\"contentUrl\":\"https:\\\/\\\/secure.gravatar.com\\\/avatar\\\/c49a1b9f79216d1498cb73c1e85cd47f4465dda35f2a94c03790d491bd4423c3?s=96&d=mm&r=g\",\"caption\":\"Eric de Antderground\"},\"logo\":{\"@id\":\"https:\\\/\\\/secure.gravatar.com\\\/avatar\\\/c49a1b9f79216d1498cb73c1e85cd47f4465dda35f2a94c03790d491bd4423c3?s=96&d=mm&r=g\"},\"description\":\"Eric es el especialista y fundador de Antderground, con una amplia trayectoria en artr\u00f3podos y enfocado en la mirmecolog\u00eda y el dise\u00f1o de hormigueros artificiales. Su enfoque combina la innovaci\u00f3n t\u00e9cnica con el respeto por la biolog\u00eda de las hormigas, is\u00f3podos y otros, desarrollando sistemas de nidos modulares 3D y acr\u00edlicos que son referentes para aficionados y profesionales en toda Europa. Su objetivo es facilitar la cr\u00eda de hormigas y otros artr\u00f3podos mediante soluciones seguras y divulgaci\u00f3n de calidad.\",\"sameAs\":[\"https:\\\/\\\/antderground.com\\\/\",\"https:\\\/\\\/www.youtube.com\\\/channel\\\/UCio72z7TlbufkAthAJIJfPw\"]}]}<\/script>\n<!-- \/ Yoast SEO plugin. -->","yoast_head_json":{"title":"Cataulacus granulatus - ANTDERGROUND","description":"D\u00e9couvrez la fourmi tortue d'Asie (Cataulacus granulatus), une impressionnante fourmi exotique et arboricole ! Votre boutique de myrm\u00e9cologie !","robots":{"index":"index","follow":"follow","max-snippet":"max-snippet:-1","max-image-preview":"max-image-preview:large","max-video-preview":"max-video-preview:-1"},"canonical":"https:\/\/antderground.com\/fr\/produit\/cataulacus-granulatus\/","og_locale":"fr_FR","og_type":"article","og_title":"Cataulacus granulatus - ANTDERGROUND","og_description":"D\u00e9couvrez la fourmi tortue d'Asie (Cataulacus granulatus), une impressionnante fourmi exotique et arboricole ! Votre boutique de myrm\u00e9cologie !","og_url":"https:\/\/antderground.com\/fr\/produit\/cataulacus-granulatus\/","og_site_name":"ANTDERGROUND","og_image":[{"width":1200,"height":1600,"url":"https:\/\/antderground.com\/wp-content\/uploads\/2023\/04\/Cataulacus-granulatus.jpg","type":"image\/jpeg"}],"twitter_card":"summary_large_image","twitter_misc":{"Dur\u00e9e de lecture estim\u00e9e":"1 minute"},"schema":{"@context":"https:\/\/schema.org","@graph":[{"@type":"WebPage","@id":"https:\/\/antderground.com\/fr\/produit\/cataulacus-granulatus\/","url":"https:\/\/antderground.com\/fr\/produit\/cataulacus-granulatus\/","name":"Cataulacus granulatus - ANTDERGROUND","isPartOf":{"@id":"https:\/\/antderground.com\/fr\/#website"},"primaryImageOfPage":{"@id":"https:\/\/antderground.com\/fr\/produit\/cataulacus-granulatus\/#primaryimage"},"image":{"@id":"https:\/\/antderground.com\/fr\/produit\/cataulacus-granulatus\/#primaryimage"},"thumbnailUrl":"https:\/\/antderground.com\/wp-content\/uploads\/2023\/04\/Cataulacus-granulatus.jpg","datePublished":"2023-04-12T14:05:42+00:00","description":"D\u00e9couvrez la fourmi tortue d'Asie (Cataulacus granulatus), une impressionnante fourmi exotique et arboricole ! Votre boutique de myrm\u00e9cologie !","breadcrumb":{"@id":"https:\/\/antderground.com\/fr\/produit\/cataulacus-granulatus\/#breadcrumb"},"inLanguage":"fr-FR","potentialAction":[{"@type":"ReadAction","target":["https:\/\/antderground.com\/fr\/produit\/cataulacus-granulatus\/"]}]},{"@type":"ImageObject","inLanguage":"fr-FR","@id":"https:\/\/antderground.com\/fr\/produit\/cataulacus-granulatus\/#primaryimage","url":"https:\/\/antderground.com\/wp-content\/uploads\/2023\/04\/Cataulacus-granulatus.jpg","contentUrl":"https:\/\/antderground.com\/wp-content\/uploads\/2023\/04\/Cataulacus-granulatus.jpg","width":1200,"height":1600},{"@type":"BreadcrumbList","@id":"https:\/\/antderground.com\/fr\/produit\/cataulacus-granulatus\/#breadcrumb","itemListElement":[{"@type":"ListItem","position":1,"name":"Portada","item":"https:\/\/antderground.com\/fr\/"},{"@type":"ListItem","position":2,"name":"Boutique","item":"https:\/\/antderground.com\/fr\/boutique\/"},{"@type":"ListItem","position":3,"name":"Cataulacus granulatus"}]},{"@type":"WebSite","@id":"https:\/\/antderground.com\/fr\/#website","url":"https:\/\/antderground.com\/fr\/","name":"ANTDERGROUND","description":"Tu tienda de hormigas, gran variedad de hormigueros acr\u00edlicos,madera,arena,3D y mas.. Pide tus hormigas gratis con tu pedido, somos expertos en hormigueros antifugas.","publisher":{"@id":"https:\/\/antderground.com\/fr\/#\/schema\/person\/0e322c505e84fe72c65e2f6d08f96b81"},"alternateName":"Antderground","potentialAction":[{"@type":"SearchAction","target":{"@type":"EntryPoint","urlTemplate":"https:\/\/antderground.com\/fr\/?s={search_term_string}"},"query-input":{"@type":"PropertyValueSpecification","valueRequired":true,"valueName":"search_term_string"}}],"inLanguage":"fr-FR"},{"@type":["Person","Organization"],"@id":"https:\/\/antderground.com\/fr\/#\/schema\/person\/0e322c505e84fe72c65e2f6d08f96b81","name":"Eric de Antderground","image":{"@type":"ImageObject","inLanguage":"fr-FR","@id":"https:\/\/secure.gravatar.com\/avatar\/c49a1b9f79216d1498cb73c1e85cd47f4465dda35f2a94c03790d491bd4423c3?s=96&d=mm&r=g","url":"https:\/\/secure.gravatar.com\/avatar\/c49a1b9f79216d1498cb73c1e85cd47f4465dda35f2a94c03790d491bd4423c3?s=96&d=mm&r=g","contentUrl":"https:\/\/secure.gravatar.com\/avatar\/c49a1b9f79216d1498cb73c1e85cd47f4465dda35f2a94c03790d491bd4423c3?s=96&d=mm&r=g","caption":"Eric de Antderground"},"logo":{"@id":"https:\/\/secure.gravatar.com\/avatar\/c49a1b9f79216d1498cb73c1e85cd47f4465dda35f2a94c03790d491bd4423c3?s=96&d=mm&r=g"},"description":"Eric es el especialista y fundador de Antderground, con una amplia trayectoria en artr\u00f3podos y enfocado en la mirmecolog\u00eda y el dise\u00f1o de hormigueros artificiales. Su enfoque combina la innovaci\u00f3n t\u00e9cnica con el respeto por la biolog\u00eda de las hormigas, is\u00f3podos y otros, desarrollando sistemas de nidos modulares 3D y acr\u00edlicos que son referentes para aficionados y profesionales en toda Europa. Su objetivo es facilitar la cr\u00eda de hormigas y otros artr\u00f3podos mediante soluciones seguras y divulgaci\u00f3n de calidad.","sameAs":["https:\/\/antderground.com\/","https:\/\/www.youtube.com\/channel\/UCio72z7TlbufkAthAJIJfPw"]}]}},"_links":{"self":[{"href":"https:\/\/antderground.com\/fr\/wp-json\/wp\/v2\/product\/27799","targetHints":{"allow":["GET"]}}],"collection":[{"href":"https:\/\/antderground.com\/fr\/wp-json\/wp\/v2\/product"}],"about":[{"href":"https:\/\/antderground.com\/fr\/wp-json\/wp\/v2\/types\/product"}],"version-history":[{"count":0,"href":"https:\/\/antderground.com\/fr\/wp-json\/wp\/v2\/product\/27799\/revisions"}],"wp:featuredmedia":[{"embeddable":true,"href":"https:\/\/antderground.com\/fr\/wp-json\/wp\/v2\/media\/27784"}],"wp:attachment":[{"href":"https:\/\/antderground.com\/fr\/wp-json\/wp\/v2\/media?parent=27799"}],"wp:term":[{"taxonomy":"product_brand","embeddable":true,"href":"https:\/\/antderground.com\/fr\/wp-json\/wp\/v2\/product_brand?post=27799"},{"taxonomy":"product_cat","embeddable":true,"href":"https:\/\/antderground.com\/fr\/wp-json\/wp\/v2\/product_cat?post=27799"},{"taxonomy":"product_tag","embeddable":true,"href":"https:\/\/antderground.com\/fr\/wp-json\/wp\/v2\/product_tag?post=27799"}],"curies":[{"name":"wp","href":"https:\/\/api.w.org\/{rel}","templated":true}]}}