{"id":27818,"date":"2022-12-05T12:05:02","date_gmt":"2022-12-05T11:05:02","guid":{"rendered":"https:\/\/www.antderground.com\/producto\/polyrhachis-dives\/"},"modified":"2023-04-15T11:13:49","modified_gmt":"2023-04-15T09:13:49","slug":"polyrhachis-dives","status":"publish","type":"product","link":"https:\/\/antderground.com\/fr\/produit\/polyrhachis-dives\/","title":{"rendered":"Polyrhachis dives"},"content":{"rendered":"<p><strong>Nom scientifique:<\/strong> Polyrhachis dives<\/p>\n<p><strong>Classification taxonomique:<\/strong><br \/>\nRoyaume: Animalia<br \/>\nEmbranchement: Arthropoda<br \/>\nClasse: Insecta<br \/>\nOrdre: Hymenoptera<br \/>\nFamille: Formicidae<br \/>\nSous-famille: Formicinae<br \/>\nGenre: Polyrhachis<br \/>\nEsp\u00e8ce: P. dives<\/p>\n<p><strong>R\u00e9partition g\u00e9ographique:<\/strong> Les fourmis Polyrhachis dives se trouvent principalement en Asie, dans des pays tels que la Malaisie, l&#8217;Indon\u00e9sie, la Tha\u00eflande et le Vietnam.<\/p>\n<p><strong>Caract\u00e9ristiques physiques:<\/strong><br \/>\nTaille: les ouvri\u00e8res mesurent environ 5 \u00e0 9 mm de longueur, tandis que la reine est plus grande.<br \/>\nCouleur: le corps est d&#8217;un ton marron-jaune fonc\u00e9 avec des nuances de noir \/ argent\u00e9. Les pattes sont plus fonc\u00e9es que le reste du corps.<br \/>\nLes ouvri\u00e8res ont une t\u00eate et un corps allong\u00e9s, des mandibules pointues, des antennes relativement courtes et des pattes longues et minces.<\/p>\n<p><strong>Comportement:<\/strong><br \/>\nLes fourmis Polyrhachis dives construisent leurs nids principalement dans le sol et les arbres.<br \/>\nElles se nourrissent principalement de s\u00e9cr\u00e9tions d&#8217;insectes et de miellat, mais peuvent \u00e9galement consommer de petits insectes et arthropodes.<br \/>\nLes colonies sont relativement petites, avec un nombre limit\u00e9 d&#8217;ouvri\u00e8res.<\/p>\n<p><strong>Statut de conservation:<\/strong> Il n&#8217;y a pas d&#8217;informations disponibles sur le statut de conservation de la fourmi Polyrhachis dives.<\/p>\n<p><strong>Notes suppl\u00e9mentaires:<\/strong> Polyrhachis dives est une esp\u00e8ce int\u00e9ressante en raison de son apparence et de son comportement uniques.<\/p>\n","protected":false},"excerpt":{"rendered":"<p>Nom scientifique: Polyrhachis dives Classification taxonomique: Royaume: Animalia Embranchement: Arthropoda Classe: Insecta Ordre: Hymenoptera Famille: Formicidae Sous-famille: Formicinae Genre: Polyrhachis<\/p>\n","protected":false},"featured_media":27764,"template":"","meta":[],"product_brand":[],"product_cat":[113,302],"product_tag":[],"class_list":{"0":"post-27818","1":"product","2":"type-product","3":"status-publish","4":"has-post-thumbnail","6":"product_cat-fourmis","7":"product_cat-fourmis-exotiques","9":"first","10":"outofstock","11":"shipping-taxable","12":"purchasable","13":"product-type-variable"},"yoast_head":"<!-- This site is optimized with the Yoast SEO plugin v27.3 - https:\/\/yoast.com\/product\/yoast-seo-wordpress\/ -->\n<title>Polyrhachis dives - ANTDERGROUND<\/title>\n<meta name=\"description\" content=\"D\u00e9couvrez la fourmi exotique (Polyrhachis dives) connue sous le nom de fourmi tisserande. En savoir plus sur la myrm\u00e9cologie (formicarium)\" \/>\n<meta name=\"robots\" content=\"index, follow, max-snippet:-1, max-image-preview:large, max-video-preview:-1\" \/>\n<link rel=\"canonical\" href=\"https:\/\/antderground.com\/fr\/produit\/polyrhachis-dives\/\" \/>\n<meta property=\"og:locale\" content=\"fr_FR\" \/>\n<meta property=\"og:type\" content=\"article\" \/>\n<meta property=\"og:title\" content=\"Polyrhachis dives - ANTDERGROUND\" \/>\n<meta property=\"og:description\" content=\"D\u00e9couvrez la fourmi exotique (Polyrhachis dives) connue sous le nom de fourmi tisserande. En savoir plus sur la myrm\u00e9cologie (formicarium)\" \/>\n<meta property=\"og:url\" content=\"https:\/\/antderground.com\/fr\/produit\/polyrhachis-dives\/\" \/>\n<meta property=\"og:site_name\" content=\"ANTDERGROUND\" \/>\n<meta property=\"article:modified_time\" content=\"2023-04-15T09:13:49+00:00\" \/>\n<meta property=\"og:image\" content=\"https:\/\/antderground.com\/wp-content\/uploads\/2022\/12\/Imagen-de-WhatsApp-2023-04-11-a-las-19.57.47.jpg\" \/>\n\t<meta property=\"og:image:width\" content=\"1200\" \/>\n\t<meta property=\"og:image:height\" content=\"1600\" \/>\n\t<meta property=\"og:image:type\" content=\"image\/jpeg\" \/>\n<meta name=\"twitter:card\" content=\"summary_large_image\" \/>\n<meta name=\"twitter:label1\" content=\"Dur\u00e9e de lecture estim\u00e9e\" \/>\n\t<meta name=\"twitter:data1\" content=\"1 minute\" \/>\n<script type=\"application\/ld+json\" class=\"yoast-schema-graph\">{\"@context\":\"https:\\\/\\\/schema.org\",\"@graph\":[{\"@type\":\"WebPage\",\"@id\":\"https:\\\/\\\/antderground.com\\\/fr\\\/produit\\\/polyrhachis-dives\\\/\",\"url\":\"https:\\\/\\\/antderground.com\\\/fr\\\/produit\\\/polyrhachis-dives\\\/\",\"name\":\"Polyrhachis dives - ANTDERGROUND\",\"isPartOf\":{\"@id\":\"https:\\\/\\\/antderground.com\\\/fr\\\/#website\"},\"primaryImageOfPage\":{\"@id\":\"https:\\\/\\\/antderground.com\\\/fr\\\/produit\\\/polyrhachis-dives\\\/#primaryimage\"},\"image\":{\"@id\":\"https:\\\/\\\/antderground.com\\\/fr\\\/produit\\\/polyrhachis-dives\\\/#primaryimage\"},\"thumbnailUrl\":\"https:\\\/\\\/antderground.com\\\/wp-content\\\/uploads\\\/2022\\\/12\\\/Imagen-de-WhatsApp-2023-04-11-a-las-19.57.47.jpg\",\"datePublished\":\"2022-12-05T11:05:02+00:00\",\"dateModified\":\"2023-04-15T09:13:49+00:00\",\"description\":\"D\u00e9couvrez la fourmi exotique (Polyrhachis dives) connue sous le nom de fourmi tisserande. En savoir plus sur la myrm\u00e9cologie (formicarium)\",\"breadcrumb\":{\"@id\":\"https:\\\/\\\/antderground.com\\\/fr\\\/produit\\\/polyrhachis-dives\\\/#breadcrumb\"},\"inLanguage\":\"fr-FR\",\"potentialAction\":[{\"@type\":\"ReadAction\",\"target\":[\"https:\\\/\\\/antderground.com\\\/fr\\\/produit\\\/polyrhachis-dives\\\/\"]}]},{\"@type\":\"ImageObject\",\"inLanguage\":\"fr-FR\",\"@id\":\"https:\\\/\\\/antderground.com\\\/fr\\\/produit\\\/polyrhachis-dives\\\/#primaryimage\",\"url\":\"https:\\\/\\\/antderground.com\\\/wp-content\\\/uploads\\\/2022\\\/12\\\/Imagen-de-WhatsApp-2023-04-11-a-las-19.57.47.jpg\",\"contentUrl\":\"https:\\\/\\\/antderground.com\\\/wp-content\\\/uploads\\\/2022\\\/12\\\/Imagen-de-WhatsApp-2023-04-11-a-las-19.57.47.jpg\",\"width\":1200,\"height\":1600},{\"@type\":\"BreadcrumbList\",\"@id\":\"https:\\\/\\\/antderground.com\\\/fr\\\/produit\\\/polyrhachis-dives\\\/#breadcrumb\",\"itemListElement\":[{\"@type\":\"ListItem\",\"position\":1,\"name\":\"Portada\",\"item\":\"https:\\\/\\\/antderground.com\\\/fr\\\/\"},{\"@type\":\"ListItem\",\"position\":2,\"name\":\"Boutique\",\"item\":\"https:\\\/\\\/antderground.com\\\/fr\\\/boutique\\\/\"},{\"@type\":\"ListItem\",\"position\":3,\"name\":\"Polyrhachis dives\"}]},{\"@type\":\"WebSite\",\"@id\":\"https:\\\/\\\/antderground.com\\\/fr\\\/#website\",\"url\":\"https:\\\/\\\/antderground.com\\\/fr\\\/\",\"name\":\"ANTDERGROUND\",\"description\":\"Tu tienda de hormigas, gran variedad de hormigueros acr\u00edlicos,madera,arena,3D y mas.. Pide tus hormigas gratis con tu pedido, somos expertos en hormigueros antifugas.\",\"publisher\":{\"@id\":\"https:\\\/\\\/antderground.com\\\/fr\\\/#\\\/schema\\\/person\\\/0e322c505e84fe72c65e2f6d08f96b81\"},\"alternateName\":\"Antderground\",\"potentialAction\":[{\"@type\":\"SearchAction\",\"target\":{\"@type\":\"EntryPoint\",\"urlTemplate\":\"https:\\\/\\\/antderground.com\\\/fr\\\/?s={search_term_string}\"},\"query-input\":{\"@type\":\"PropertyValueSpecification\",\"valueRequired\":true,\"valueName\":\"search_term_string\"}}],\"inLanguage\":\"fr-FR\"},{\"@type\":[\"Person\",\"Organization\"],\"@id\":\"https:\\\/\\\/antderground.com\\\/fr\\\/#\\\/schema\\\/person\\\/0e322c505e84fe72c65e2f6d08f96b81\",\"name\":\"Eric de Antderground\",\"image\":{\"@type\":\"ImageObject\",\"inLanguage\":\"fr-FR\",\"@id\":\"https:\\\/\\\/secure.gravatar.com\\\/avatar\\\/c49a1b9f79216d1498cb73c1e85cd47f4465dda35f2a94c03790d491bd4423c3?s=96&d=mm&r=g\",\"url\":\"https:\\\/\\\/secure.gravatar.com\\\/avatar\\\/c49a1b9f79216d1498cb73c1e85cd47f4465dda35f2a94c03790d491bd4423c3?s=96&d=mm&r=g\",\"contentUrl\":\"https:\\\/\\\/secure.gravatar.com\\\/avatar\\\/c49a1b9f79216d1498cb73c1e85cd47f4465dda35f2a94c03790d491bd4423c3?s=96&d=mm&r=g\",\"caption\":\"Eric de Antderground\"},\"logo\":{\"@id\":\"https:\\\/\\\/secure.gravatar.com\\\/avatar\\\/c49a1b9f79216d1498cb73c1e85cd47f4465dda35f2a94c03790d491bd4423c3?s=96&d=mm&r=g\"},\"description\":\"Eric es el especialista y fundador de Antderground, con una amplia trayectoria en artr\u00f3podos y enfocado en la mirmecolog\u00eda y el dise\u00f1o de hormigueros artificiales. Su enfoque combina la innovaci\u00f3n t\u00e9cnica con el respeto por la biolog\u00eda de las hormigas, is\u00f3podos y otros, desarrollando sistemas de nidos modulares 3D y acr\u00edlicos que son referentes para aficionados y profesionales en toda Europa. Su objetivo es facilitar la cr\u00eda de hormigas y otros artr\u00f3podos mediante soluciones seguras y divulgaci\u00f3n de calidad.\",\"sameAs\":[\"https:\\\/\\\/antderground.com\\\/\",\"https:\\\/\\\/www.youtube.com\\\/channel\\\/UCio72z7TlbufkAthAJIJfPw\"]}]}<\/script>\n<!-- \/ Yoast SEO plugin. -->","yoast_head_json":{"title":"Polyrhachis dives - ANTDERGROUND","description":"D\u00e9couvrez la fourmi exotique (Polyrhachis dives) connue sous le nom de fourmi tisserande. En savoir plus sur la myrm\u00e9cologie (formicarium)","robots":{"index":"index","follow":"follow","max-snippet":"max-snippet:-1","max-image-preview":"max-image-preview:large","max-video-preview":"max-video-preview:-1"},"canonical":"https:\/\/antderground.com\/fr\/produit\/polyrhachis-dives\/","og_locale":"fr_FR","og_type":"article","og_title":"Polyrhachis dives - ANTDERGROUND","og_description":"D\u00e9couvrez la fourmi exotique (Polyrhachis dives) connue sous le nom de fourmi tisserande. En savoir plus sur la myrm\u00e9cologie (formicarium)","og_url":"https:\/\/antderground.com\/fr\/produit\/polyrhachis-dives\/","og_site_name":"ANTDERGROUND","article_modified_time":"2023-04-15T09:13:49+00:00","og_image":[{"width":1200,"height":1600,"url":"https:\/\/antderground.com\/wp-content\/uploads\/2022\/12\/Imagen-de-WhatsApp-2023-04-11-a-las-19.57.47.jpg","type":"image\/jpeg"}],"twitter_card":"summary_large_image","twitter_misc":{"Dur\u00e9e de lecture estim\u00e9e":"1 minute"},"schema":{"@context":"https:\/\/schema.org","@graph":[{"@type":"WebPage","@id":"https:\/\/antderground.com\/fr\/produit\/polyrhachis-dives\/","url":"https:\/\/antderground.com\/fr\/produit\/polyrhachis-dives\/","name":"Polyrhachis dives - ANTDERGROUND","isPartOf":{"@id":"https:\/\/antderground.com\/fr\/#website"},"primaryImageOfPage":{"@id":"https:\/\/antderground.com\/fr\/produit\/polyrhachis-dives\/#primaryimage"},"image":{"@id":"https:\/\/antderground.com\/fr\/produit\/polyrhachis-dives\/#primaryimage"},"thumbnailUrl":"https:\/\/antderground.com\/wp-content\/uploads\/2022\/12\/Imagen-de-WhatsApp-2023-04-11-a-las-19.57.47.jpg","datePublished":"2022-12-05T11:05:02+00:00","dateModified":"2023-04-15T09:13:49+00:00","description":"D\u00e9couvrez la fourmi exotique (Polyrhachis dives) connue sous le nom de fourmi tisserande. En savoir plus sur la myrm\u00e9cologie (formicarium)","breadcrumb":{"@id":"https:\/\/antderground.com\/fr\/produit\/polyrhachis-dives\/#breadcrumb"},"inLanguage":"fr-FR","potentialAction":[{"@type":"ReadAction","target":["https:\/\/antderground.com\/fr\/produit\/polyrhachis-dives\/"]}]},{"@type":"ImageObject","inLanguage":"fr-FR","@id":"https:\/\/antderground.com\/fr\/produit\/polyrhachis-dives\/#primaryimage","url":"https:\/\/antderground.com\/wp-content\/uploads\/2022\/12\/Imagen-de-WhatsApp-2023-04-11-a-las-19.57.47.jpg","contentUrl":"https:\/\/antderground.com\/wp-content\/uploads\/2022\/12\/Imagen-de-WhatsApp-2023-04-11-a-las-19.57.47.jpg","width":1200,"height":1600},{"@type":"BreadcrumbList","@id":"https:\/\/antderground.com\/fr\/produit\/polyrhachis-dives\/#breadcrumb","itemListElement":[{"@type":"ListItem","position":1,"name":"Portada","item":"https:\/\/antderground.com\/fr\/"},{"@type":"ListItem","position":2,"name":"Boutique","item":"https:\/\/antderground.com\/fr\/boutique\/"},{"@type":"ListItem","position":3,"name":"Polyrhachis dives"}]},{"@type":"WebSite","@id":"https:\/\/antderground.com\/fr\/#website","url":"https:\/\/antderground.com\/fr\/","name":"ANTDERGROUND","description":"Tu tienda de hormigas, gran variedad de hormigueros acr\u00edlicos,madera,arena,3D y mas.. Pide tus hormigas gratis con tu pedido, somos expertos en hormigueros antifugas.","publisher":{"@id":"https:\/\/antderground.com\/fr\/#\/schema\/person\/0e322c505e84fe72c65e2f6d08f96b81"},"alternateName":"Antderground","potentialAction":[{"@type":"SearchAction","target":{"@type":"EntryPoint","urlTemplate":"https:\/\/antderground.com\/fr\/?s={search_term_string}"},"query-input":{"@type":"PropertyValueSpecification","valueRequired":true,"valueName":"search_term_string"}}],"inLanguage":"fr-FR"},{"@type":["Person","Organization"],"@id":"https:\/\/antderground.com\/fr\/#\/schema\/person\/0e322c505e84fe72c65e2f6d08f96b81","name":"Eric de Antderground","image":{"@type":"ImageObject","inLanguage":"fr-FR","@id":"https:\/\/secure.gravatar.com\/avatar\/c49a1b9f79216d1498cb73c1e85cd47f4465dda35f2a94c03790d491bd4423c3?s=96&d=mm&r=g","url":"https:\/\/secure.gravatar.com\/avatar\/c49a1b9f79216d1498cb73c1e85cd47f4465dda35f2a94c03790d491bd4423c3?s=96&d=mm&r=g","contentUrl":"https:\/\/secure.gravatar.com\/avatar\/c49a1b9f79216d1498cb73c1e85cd47f4465dda35f2a94c03790d491bd4423c3?s=96&d=mm&r=g","caption":"Eric de Antderground"},"logo":{"@id":"https:\/\/secure.gravatar.com\/avatar\/c49a1b9f79216d1498cb73c1e85cd47f4465dda35f2a94c03790d491bd4423c3?s=96&d=mm&r=g"},"description":"Eric es el especialista y fundador de Antderground, con una amplia trayectoria en artr\u00f3podos y enfocado en la mirmecolog\u00eda y el dise\u00f1o de hormigueros artificiales. Su enfoque combina la innovaci\u00f3n t\u00e9cnica con el respeto por la biolog\u00eda de las hormigas, is\u00f3podos y otros, desarrollando sistemas de nidos modulares 3D y acr\u00edlicos que son referentes para aficionados y profesionales en toda Europa. Su objetivo es facilitar la cr\u00eda de hormigas y otros artr\u00f3podos mediante soluciones seguras y divulgaci\u00f3n de calidad.","sameAs":["https:\/\/antderground.com\/","https:\/\/www.youtube.com\/channel\/UCio72z7TlbufkAthAJIJfPw"]}]}},"_links":{"self":[{"href":"https:\/\/antderground.com\/fr\/wp-json\/wp\/v2\/product\/27818","targetHints":{"allow":["GET"]}}],"collection":[{"href":"https:\/\/antderground.com\/fr\/wp-json\/wp\/v2\/product"}],"about":[{"href":"https:\/\/antderground.com\/fr\/wp-json\/wp\/v2\/types\/product"}],"version-history":[{"count":0,"href":"https:\/\/antderground.com\/fr\/wp-json\/wp\/v2\/product\/27818\/revisions"}],"wp:featuredmedia":[{"embeddable":true,"href":"https:\/\/antderground.com\/fr\/wp-json\/wp\/v2\/media\/27764"}],"wp:attachment":[{"href":"https:\/\/antderground.com\/fr\/wp-json\/wp\/v2\/media?parent=27818"}],"wp:term":[{"taxonomy":"product_brand","embeddable":true,"href":"https:\/\/antderground.com\/fr\/wp-json\/wp\/v2\/product_brand?post=27818"},{"taxonomy":"product_cat","embeddable":true,"href":"https:\/\/antderground.com\/fr\/wp-json\/wp\/v2\/product_cat?post=27818"},{"taxonomy":"product_tag","embeddable":true,"href":"https:\/\/antderground.com\/fr\/wp-json\/wp\/v2\/product_tag?post=27818"}],"curies":[{"name":"wp","href":"https:\/\/api.w.org\/{rel}","templated":true}]}}