{"id":27855,"date":"2023-04-13T22:02:42","date_gmt":"2023-04-13T20:02:42","guid":{"rendered":"https:\/\/www.antderground.com\/producto\/diacamma-violaceum\/"},"modified":"2023-12-01T20:29:11","modified_gmt":"2023-12-01T19:29:11","slug":"diacamma-violaceum","status":"publish","type":"product","link":"https:\/\/antderground.com\/fr\/produit\/diacamma-violaceum\/","title":{"rendered":"Diacamma violaceum"},"content":{"rendered":"<p><strong>Nom scientifique :<\/strong> Diacamma violaceum<\/p>\n<p><strong>Classification taxonomique :<\/strong><\/p>\n<ul>\n<li>R\u00e8gne : Animalia<\/li>\n<li>Embranchement : Arthropoda<\/li>\n<li>Classe : Insecta<\/li>\n<li>Ordre : Hymenoptera<\/li>\n<li>Famille : Formicidae<\/li>\n<li>Genre : Diacamma<\/li>\n<li>Esp\u00e8ce : D. violaceum<\/li>\n<\/ul>\n<p><strong>R\u00e9partition g\u00e9ographique :<\/strong> Diacamma violaceum se trouve en Asie et en Australie, y compris dans des pays tels que l&#8217;Inde, le Sri Lanka, la Tha\u00eflande, le Vietnam, l&#8217;Indon\u00e9sie et l&#8217;Australie.<\/p>\n<p><strong>Caract\u00e9ristiques physiques :<\/strong><\/p>\n<ul>\n<li>Taille : les ouvri\u00e8res mesurent entre 8 et 10 mm de long, tandis que les reines peuvent atteindre jusqu&#8217;\u00e0 16 mm.<\/li>\n<li>Couleur : le corps de la fourmi est brun fonc\u00e9 avec des reflets violets.<\/li>\n<li>Les antennes ont 12 segments.<\/li>\n<\/ul>\n<p><strong>Comportement :<\/strong><\/p>\n<ul>\n<li>Les fourmis Diacamma violaceum sont principalement nocturnes et se nourrissent de petits insectes, d&#8217;araign\u00e9es et d&#8217;autres invert\u00e9br\u00e9s.<\/li>\n<li>Elles construisent leurs nids sur le sol, dans la liti\u00e8re de feuilles et sous les pierres.<\/li>\n<li>Ces fourmis sont connues pour leur capacit\u00e9 \u00e0 chasser les termites et d&#8217;autres insectes difficiles \u00e0 attraper en raison de leur taille et de leurs d\u00e9fenses.<\/li>\n<li>De plus, les ouvri\u00e8res de Diacamma violaceum ont la capacit\u00e9 de vibrer leur corps pour communiquer entre elles et se d\u00e9placer dans le noir.<\/li>\n<li>Il n&#8217;a pas \u00e9t\u00e9 signal\u00e9 que cette esp\u00e8ce soit venimeuse ou dangereuse pour l&#8217;homme.<\/li>\n<\/ul>\n<p><strong>Statut de conservation :<\/strong> Aucune information n&#8217;est disponible sur le statut de conservation de Diacamma violaceum.<\/p>\n<p><strong>Notes suppl\u00e9mentaires :<\/strong> Les fourmis Diacamma violaceum sont connues pour leur capacit\u00e9 \u00e0 chasser les termites et d&#8217;autres insectes difficiles \u00e0 attraper.<\/p>\n","protected":false},"excerpt":{"rendered":"<p>Nom scientifique : Diacamma violaceum Classification taxonomique : R\u00e8gne : Animalia Embranchement : Arthropoda Classe : Insecta Ordre : Hymenoptera<\/p>\n","protected":false},"featured_media":27870,"template":"","meta":[],"product_brand":[],"product_cat":[113,302],"product_tag":[],"class_list":{"0":"post-27855","1":"product","2":"type-product","3":"status-publish","4":"has-post-thumbnail","6":"product_cat-fourmis","7":"product_cat-fourmis-exotiques","9":"first","10":"outofstock","11":"shipping-taxable","12":"purchasable","13":"product-type-variable"},"yoast_head":"<!-- This site is optimized with the Yoast SEO plugin v27.4 - https:\/\/yoast.com\/product\/yoast-seo-wordpress\/ -->\n<title>Diacamma violaceum \/ Formicidae - ANTDERGROUND<\/title>\n<meta name=\"description\" content=\"D\u00e9couvrez cette fourmi exotique (Diacamma violaceum), une fourmi forte et d\u00e9fensive avec de grandes capacit\u00e9s de chasse. Votre boutique de fourmis du monde entier.\" \/>\n<meta name=\"robots\" content=\"index, follow, max-snippet:-1, max-image-preview:large, max-video-preview:-1\" \/>\n<link rel=\"canonical\" href=\"https:\/\/antderground.com\/fr\/produit\/diacamma-violaceum\/\" \/>\n<meta property=\"og:locale\" content=\"fr_FR\" \/>\n<meta property=\"og:type\" content=\"article\" \/>\n<meta property=\"og:title\" content=\"Diacamma violaceum \/ Formicidae - ANTDERGROUND\" \/>\n<meta property=\"og:description\" content=\"D\u00e9couvrez cette fourmi exotique (Diacamma violaceum), une fourmi forte et d\u00e9fensive avec de grandes capacit\u00e9s de chasse. Votre boutique de fourmis du monde entier.\" \/>\n<meta property=\"og:url\" content=\"https:\/\/antderground.com\/fr\/produit\/diacamma-violaceum\/\" \/>\n<meta property=\"og:site_name\" content=\"ANTDERGROUND\" \/>\n<meta property=\"article:modified_time\" content=\"2023-12-01T19:29:11+00:00\" \/>\n<meta property=\"og:image\" content=\"https:\/\/antderground.com\/wp-content\/uploads\/2023\/04\/Diacamma-violaceum.jpg\" \/>\n\t<meta property=\"og:image:width\" content=\"1417\" \/>\n\t<meta property=\"og:image:height\" content=\"1417\" \/>\n\t<meta property=\"og:image:type\" content=\"image\/jpeg\" \/>\n<meta name=\"twitter:card\" content=\"summary_large_image\" \/>\n<meta name=\"twitter:label1\" content=\"Dur\u00e9e de lecture estim\u00e9e\" \/>\n\t<meta name=\"twitter:data1\" content=\"1 minute\" \/>\n<script type=\"application\/ld+json\" class=\"yoast-schema-graph\">{\"@context\":\"https:\\\/\\\/schema.org\",\"@graph\":[{\"@type\":\"WebPage\",\"@id\":\"https:\\\/\\\/antderground.com\\\/fr\\\/produit\\\/diacamma-violaceum\\\/\",\"url\":\"https:\\\/\\\/antderground.com\\\/fr\\\/produit\\\/diacamma-violaceum\\\/\",\"name\":\"Diacamma violaceum \\\/ Formicidae - ANTDERGROUND\",\"isPartOf\":{\"@id\":\"https:\\\/\\\/antderground.com\\\/fr\\\/#website\"},\"primaryImageOfPage\":{\"@id\":\"https:\\\/\\\/antderground.com\\\/fr\\\/produit\\\/diacamma-violaceum\\\/#primaryimage\"},\"image\":{\"@id\":\"https:\\\/\\\/antderground.com\\\/fr\\\/produit\\\/diacamma-violaceum\\\/#primaryimage\"},\"thumbnailUrl\":\"https:\\\/\\\/antderground.com\\\/wp-content\\\/uploads\\\/2023\\\/04\\\/Diacamma-violaceum.jpg\",\"datePublished\":\"2023-04-13T20:02:42+00:00\",\"dateModified\":\"2023-12-01T19:29:11+00:00\",\"description\":\"D\u00e9couvrez cette fourmi exotique (Diacamma violaceum), une fourmi forte et d\u00e9fensive avec de grandes capacit\u00e9s de chasse. Votre boutique de fourmis du monde entier.\",\"breadcrumb\":{\"@id\":\"https:\\\/\\\/antderground.com\\\/fr\\\/produit\\\/diacamma-violaceum\\\/#breadcrumb\"},\"inLanguage\":\"fr-FR\",\"potentialAction\":[{\"@type\":\"ReadAction\",\"target\":[\"https:\\\/\\\/antderground.com\\\/fr\\\/produit\\\/diacamma-violaceum\\\/\"]}]},{\"@type\":\"ImageObject\",\"inLanguage\":\"fr-FR\",\"@id\":\"https:\\\/\\\/antderground.com\\\/fr\\\/produit\\\/diacamma-violaceum\\\/#primaryimage\",\"url\":\"https:\\\/\\\/antderground.com\\\/wp-content\\\/uploads\\\/2023\\\/04\\\/Diacamma-violaceum.jpg\",\"contentUrl\":\"https:\\\/\\\/antderground.com\\\/wp-content\\\/uploads\\\/2023\\\/04\\\/Diacamma-violaceum.jpg\",\"width\":1417,\"height\":1417},{\"@type\":\"BreadcrumbList\",\"@id\":\"https:\\\/\\\/antderground.com\\\/fr\\\/produit\\\/diacamma-violaceum\\\/#breadcrumb\",\"itemListElement\":[{\"@type\":\"ListItem\",\"position\":1,\"name\":\"Portada\",\"item\":\"https:\\\/\\\/antderground.com\\\/fr\\\/\"},{\"@type\":\"ListItem\",\"position\":2,\"name\":\"Boutique\",\"item\":\"https:\\\/\\\/antderground.com\\\/fr\\\/boutique\\\/\"},{\"@type\":\"ListItem\",\"position\":3,\"name\":\"Diacamma violaceum\"}]},{\"@type\":\"WebSite\",\"@id\":\"https:\\\/\\\/antderground.com\\\/fr\\\/#website\",\"url\":\"https:\\\/\\\/antderground.com\\\/fr\\\/\",\"name\":\"ANTDERGROUND\",\"description\":\"Tu tienda de hormigas, gran variedad de hormigueros acr\u00edlicos,madera,arena,3D y mas.. Pide tus hormigas gratis con tu pedido, somos expertos en hormigueros antifugas.\",\"publisher\":{\"@id\":\"https:\\\/\\\/antderground.com\\\/fr\\\/#\\\/schema\\\/person\\\/0e322c505e84fe72c65e2f6d08f96b81\"},\"alternateName\":\"Antderground\",\"potentialAction\":[{\"@type\":\"SearchAction\",\"target\":{\"@type\":\"EntryPoint\",\"urlTemplate\":\"https:\\\/\\\/antderground.com\\\/fr\\\/?s={search_term_string}\"},\"query-input\":{\"@type\":\"PropertyValueSpecification\",\"valueRequired\":true,\"valueName\":\"search_term_string\"}}],\"inLanguage\":\"fr-FR\"},{\"@type\":[\"Person\",\"Organization\"],\"@id\":\"https:\\\/\\\/antderground.com\\\/fr\\\/#\\\/schema\\\/person\\\/0e322c505e84fe72c65e2f6d08f96b81\",\"name\":\"Eric de Antderground\",\"image\":{\"@type\":\"ImageObject\",\"inLanguage\":\"fr-FR\",\"@id\":\"https:\\\/\\\/secure.gravatar.com\\\/avatar\\\/c49a1b9f79216d1498cb73c1e85cd47f4465dda35f2a94c03790d491bd4423c3?s=96&d=mm&r=g\",\"url\":\"https:\\\/\\\/secure.gravatar.com\\\/avatar\\\/c49a1b9f79216d1498cb73c1e85cd47f4465dda35f2a94c03790d491bd4423c3?s=96&d=mm&r=g\",\"contentUrl\":\"https:\\\/\\\/secure.gravatar.com\\\/avatar\\\/c49a1b9f79216d1498cb73c1e85cd47f4465dda35f2a94c03790d491bd4423c3?s=96&d=mm&r=g\",\"caption\":\"Eric de Antderground\"},\"logo\":{\"@id\":\"https:\\\/\\\/secure.gravatar.com\\\/avatar\\\/c49a1b9f79216d1498cb73c1e85cd47f4465dda35f2a94c03790d491bd4423c3?s=96&d=mm&r=g\"},\"description\":\"Eric es el especialista y fundador de Antderground, con una amplia trayectoria en artr\u00f3podos y enfocado en la mirmecolog\u00eda y el dise\u00f1o de hormigueros artificiales. Su enfoque combina la innovaci\u00f3n t\u00e9cnica con el respeto por la biolog\u00eda de las hormigas, is\u00f3podos y otros, desarrollando sistemas de nidos modulares 3D y acr\u00edlicos que son referentes para aficionados y profesionales en toda Europa. Su objetivo es facilitar la cr\u00eda de hormigas y otros artr\u00f3podos mediante soluciones seguras y divulgaci\u00f3n de calidad.\",\"sameAs\":[\"https:\\\/\\\/antderground.com\\\/\",\"https:\\\/\\\/www.youtube.com\\\/channel\\\/UCio72z7TlbufkAthAJIJfPw\"]}]}<\/script>\n<!-- \/ Yoast SEO plugin. -->","yoast_head_json":{"title":"Diacamma violaceum \/ Formicidae - ANTDERGROUND","description":"D\u00e9couvrez cette fourmi exotique (Diacamma violaceum), une fourmi forte et d\u00e9fensive avec de grandes capacit\u00e9s de chasse. Votre boutique de fourmis du monde entier.","robots":{"index":"index","follow":"follow","max-snippet":"max-snippet:-1","max-image-preview":"max-image-preview:large","max-video-preview":"max-video-preview:-1"},"canonical":"https:\/\/antderground.com\/fr\/produit\/diacamma-violaceum\/","og_locale":"fr_FR","og_type":"article","og_title":"Diacamma violaceum \/ Formicidae - ANTDERGROUND","og_description":"D\u00e9couvrez cette fourmi exotique (Diacamma violaceum), une fourmi forte et d\u00e9fensive avec de grandes capacit\u00e9s de chasse. Votre boutique de fourmis du monde entier.","og_url":"https:\/\/antderground.com\/fr\/produit\/diacamma-violaceum\/","og_site_name":"ANTDERGROUND","article_modified_time":"2023-12-01T19:29:11+00:00","og_image":[{"width":1417,"height":1417,"url":"https:\/\/antderground.com\/wp-content\/uploads\/2023\/04\/Diacamma-violaceum.jpg","type":"image\/jpeg"}],"twitter_card":"summary_large_image","twitter_misc":{"Dur\u00e9e de lecture estim\u00e9e":"1 minute"},"schema":{"@context":"https:\/\/schema.org","@graph":[{"@type":"WebPage","@id":"https:\/\/antderground.com\/fr\/produit\/diacamma-violaceum\/","url":"https:\/\/antderground.com\/fr\/produit\/diacamma-violaceum\/","name":"Diacamma violaceum \/ Formicidae - ANTDERGROUND","isPartOf":{"@id":"https:\/\/antderground.com\/fr\/#website"},"primaryImageOfPage":{"@id":"https:\/\/antderground.com\/fr\/produit\/diacamma-violaceum\/#primaryimage"},"image":{"@id":"https:\/\/antderground.com\/fr\/produit\/diacamma-violaceum\/#primaryimage"},"thumbnailUrl":"https:\/\/antderground.com\/wp-content\/uploads\/2023\/04\/Diacamma-violaceum.jpg","datePublished":"2023-04-13T20:02:42+00:00","dateModified":"2023-12-01T19:29:11+00:00","description":"D\u00e9couvrez cette fourmi exotique (Diacamma violaceum), une fourmi forte et d\u00e9fensive avec de grandes capacit\u00e9s de chasse. Votre boutique de fourmis du monde entier.","breadcrumb":{"@id":"https:\/\/antderground.com\/fr\/produit\/diacamma-violaceum\/#breadcrumb"},"inLanguage":"fr-FR","potentialAction":[{"@type":"ReadAction","target":["https:\/\/antderground.com\/fr\/produit\/diacamma-violaceum\/"]}]},{"@type":"ImageObject","inLanguage":"fr-FR","@id":"https:\/\/antderground.com\/fr\/produit\/diacamma-violaceum\/#primaryimage","url":"https:\/\/antderground.com\/wp-content\/uploads\/2023\/04\/Diacamma-violaceum.jpg","contentUrl":"https:\/\/antderground.com\/wp-content\/uploads\/2023\/04\/Diacamma-violaceum.jpg","width":1417,"height":1417},{"@type":"BreadcrumbList","@id":"https:\/\/antderground.com\/fr\/produit\/diacamma-violaceum\/#breadcrumb","itemListElement":[{"@type":"ListItem","position":1,"name":"Portada","item":"https:\/\/antderground.com\/fr\/"},{"@type":"ListItem","position":2,"name":"Boutique","item":"https:\/\/antderground.com\/fr\/boutique\/"},{"@type":"ListItem","position":3,"name":"Diacamma violaceum"}]},{"@type":"WebSite","@id":"https:\/\/antderground.com\/fr\/#website","url":"https:\/\/antderground.com\/fr\/","name":"ANTDERGROUND","description":"Tu tienda de hormigas, gran variedad de hormigueros acr\u00edlicos,madera,arena,3D y mas.. Pide tus hormigas gratis con tu pedido, somos expertos en hormigueros antifugas.","publisher":{"@id":"https:\/\/antderground.com\/fr\/#\/schema\/person\/0e322c505e84fe72c65e2f6d08f96b81"},"alternateName":"Antderground","potentialAction":[{"@type":"SearchAction","target":{"@type":"EntryPoint","urlTemplate":"https:\/\/antderground.com\/fr\/?s={search_term_string}"},"query-input":{"@type":"PropertyValueSpecification","valueRequired":true,"valueName":"search_term_string"}}],"inLanguage":"fr-FR"},{"@type":["Person","Organization"],"@id":"https:\/\/antderground.com\/fr\/#\/schema\/person\/0e322c505e84fe72c65e2f6d08f96b81","name":"Eric de Antderground","image":{"@type":"ImageObject","inLanguage":"fr-FR","@id":"https:\/\/secure.gravatar.com\/avatar\/c49a1b9f79216d1498cb73c1e85cd47f4465dda35f2a94c03790d491bd4423c3?s=96&d=mm&r=g","url":"https:\/\/secure.gravatar.com\/avatar\/c49a1b9f79216d1498cb73c1e85cd47f4465dda35f2a94c03790d491bd4423c3?s=96&d=mm&r=g","contentUrl":"https:\/\/secure.gravatar.com\/avatar\/c49a1b9f79216d1498cb73c1e85cd47f4465dda35f2a94c03790d491bd4423c3?s=96&d=mm&r=g","caption":"Eric de Antderground"},"logo":{"@id":"https:\/\/secure.gravatar.com\/avatar\/c49a1b9f79216d1498cb73c1e85cd47f4465dda35f2a94c03790d491bd4423c3?s=96&d=mm&r=g"},"description":"Eric es el especialista y fundador de Antderground, con una amplia trayectoria en artr\u00f3podos y enfocado en la mirmecolog\u00eda y el dise\u00f1o de hormigueros artificiales. Su enfoque combina la innovaci\u00f3n t\u00e9cnica con el respeto por la biolog\u00eda de las hormigas, is\u00f3podos y otros, desarrollando sistemas de nidos modulares 3D y acr\u00edlicos que son referentes para aficionados y profesionales en toda Europa. Su objetivo es facilitar la cr\u00eda de hormigas y otros artr\u00f3podos mediante soluciones seguras y divulgaci\u00f3n de calidad.","sameAs":["https:\/\/antderground.com\/","https:\/\/www.youtube.com\/channel\/UCio72z7TlbufkAthAJIJfPw"]}]}},"_links":{"self":[{"href":"https:\/\/antderground.com\/fr\/wp-json\/wp\/v2\/product\/27855","targetHints":{"allow":["GET"]}}],"collection":[{"href":"https:\/\/antderground.com\/fr\/wp-json\/wp\/v2\/product"}],"about":[{"href":"https:\/\/antderground.com\/fr\/wp-json\/wp\/v2\/types\/product"}],"version-history":[{"count":0,"href":"https:\/\/antderground.com\/fr\/wp-json\/wp\/v2\/product\/27855\/revisions"}],"wp:featuredmedia":[{"embeddable":true,"href":"https:\/\/antderground.com\/fr\/wp-json\/wp\/v2\/media\/27870"}],"wp:attachment":[{"href":"https:\/\/antderground.com\/fr\/wp-json\/wp\/v2\/media?parent=27855"}],"wp:term":[{"taxonomy":"product_brand","embeddable":true,"href":"https:\/\/antderground.com\/fr\/wp-json\/wp\/v2\/product_brand?post=27855"},{"taxonomy":"product_cat","embeddable":true,"href":"https:\/\/antderground.com\/fr\/wp-json\/wp\/v2\/product_cat?post=27855"},{"taxonomy":"product_tag","embeddable":true,"href":"https:\/\/antderground.com\/fr\/wp-json\/wp\/v2\/product_tag?post=27855"}],"curies":[{"name":"wp","href":"https:\/\/api.w.org\/{rel}","templated":true}]}}