{"id":28107,"date":"2023-04-25T11:35:35","date_gmt":"2023-04-25T09:35:35","guid":{"rendered":"https:\/\/www.antderground.com\/producto\/messor-cephalotes\/"},"modified":"2023-05-03T15:53:48","modified_gmt":"2023-05-03T13:53:48","slug":"messor-cephalotes","status":"publish","type":"product","link":"https:\/\/antderground.com\/fr\/produit\/messor-cephalotes\/","title":{"rendered":"Messor cephalotes"},"content":{"rendered":"<p><strong>Nom scientifique:<\/strong> Messor cephalotes<\/p>\n<p><strong>Classification taxonomique:<\/strong><br \/>\nR\u00e8gne: Animalia<br \/>\nEmbranchement: Arthropoda<br \/>\nClasse: Insecta<br \/>\nOrdre: Hymenoptera<br \/>\nFamille: Formicidae<br \/>\nSous-famille: Myrmicinae<br \/>\nGenre: Messor<\/p>\n<p><strong>Distribution g\u00e9ographique:<\/strong> La fourmi Messor cephalotes se trouve en Europe, en Asie et en Afrique.<\/p>\n<p><strong>Caract\u00e9ristiques physiques:<\/strong> Les ouvri\u00e8res mesurent entre 4 et 8 mm de longueur, tandis que la reine peut atteindre 12 mm. Le corps est de couleur marron fonc\u00e9 avec l&#8217;abdomen l\u00e9g\u00e8rement plus clair. Le corps de la fourmi est recouvert de poils qui leur permettent de transporter des objets beaucoup plus grands que leur propre taille.<\/p>\n<p><strong>Comportement:<\/strong> Les fourmis Messor cephalotes sont connues pour collecter des graines et les stocker dans leurs nids pour une consommation ult\u00e9rieure. Les ouvri\u00e8res coupent et transportent les graines jusqu&#8217;\u00e0 leur colonie, o\u00f9 elles sont stock\u00e9es dans des d\u00e9p\u00f4ts sp\u00e9ciaux appel\u00e9s \u00ab greniers \u00bb. De plus, ces fourmis se nourrissent \u00e9galement d&#8217;insectes et d&#8217;autres invert\u00e9br\u00e9s morts.<\/p>\n<p><strong>\u00c9tat de conservation:<\/strong> On consid\u00e8re que l&#8217;esp\u00e8ce Messor cephalotes n&#8217;est pas en danger d&#8217;extinction.<\/p>\n<p><strong>Notes suppl\u00e9mentaires:<\/strong> Les fourmis Messor cephalotes sont consid\u00e9r\u00e9es comme une esp\u00e8ce b\u00e9n\u00e9fique pour l&#8217;\u00e9cosyst\u00e8me, car leur activit\u00e9 de collecte de graines aide \u00e0 maintenir l&#8217;\u00e9quilibre de la v\u00e9g\u00e9tation. De plus, elles sont largement utilis\u00e9es dans des \u00e9tudes de comportement animal en raison de leur capacit\u00e9 \u00e0 collecter et stocker des graines de mani\u00e8re organis\u00e9e et efficace.<\/p>\n","protected":false},"excerpt":{"rendered":"<p>fourmi reine<\/p>\n","protected":false},"featured_media":28265,"template":"","meta":[],"product_brand":[],"product_cat":[113,302],"product_tag":[],"class_list":{"0":"post-28107","1":"product","2":"type-product","3":"status-publish","4":"has-post-thumbnail","6":"product_cat-fourmis","7":"product_cat-fourmis-exotiques","9":"first","10":"outofstock","11":"shipping-taxable","12":"product-type-simple"},"yoast_head":"<!-- This site is optimized with the Yoast SEO plugin v27.3 - https:\/\/yoast.com\/product\/yoast-seo-wordpress\/ -->\n<title>Messor cephalotes - ANTDERGROUND<\/title>\n<meta name=\"description\" content=\"Nouvelle fourmi Messor cephalotes, trouve une surprenante reine des fourmis. Grande vari\u00e9t\u00e9 d&#039;esp\u00e8ces de fourmis. Votre boutique de myrm\u00e9cologie.\" \/>\n<meta name=\"robots\" content=\"index, follow, max-snippet:-1, max-image-preview:large, max-video-preview:-1\" \/>\n<link rel=\"canonical\" href=\"https:\/\/antderground.com\/fr\/produit\/messor-cephalotes\/\" \/>\n<meta property=\"og:locale\" content=\"fr_FR\" \/>\n<meta property=\"og:type\" content=\"article\" \/>\n<meta property=\"og:title\" content=\"Messor cephalotes - ANTDERGROUND\" \/>\n<meta property=\"og:description\" content=\"Nouvelle fourmi Messor cephalotes, trouve une surprenante reine des fourmis. Grande vari\u00e9t\u00e9 d&#039;esp\u00e8ces de fourmis. Votre boutique de myrm\u00e9cologie.\" \/>\n<meta property=\"og:url\" content=\"https:\/\/antderground.com\/fr\/produit\/messor-cephalotes\/\" \/>\n<meta property=\"og:site_name\" content=\"ANTDERGROUND\" \/>\n<meta property=\"article:modified_time\" content=\"2023-05-03T13:53:48+00:00\" \/>\n<meta property=\"og:image\" content=\"https:\/\/antderground.com\/wp-content\/uploads\/2023\/04\/messor-cephalotes-2.png\" \/>\n\t<meta property=\"og:image:width\" content=\"675\" \/>\n\t<meta property=\"og:image:height\" content=\"659\" \/>\n\t<meta property=\"og:image:type\" content=\"image\/png\" \/>\n<meta name=\"twitter:card\" content=\"summary_large_image\" \/>\n<meta name=\"twitter:label1\" content=\"Dur\u00e9e de lecture estim\u00e9e\" \/>\n\t<meta name=\"twitter:data1\" content=\"1 minute\" \/>\n<script type=\"application\/ld+json\" class=\"yoast-schema-graph\">{\"@context\":\"https:\\\/\\\/schema.org\",\"@graph\":[{\"@type\":\"WebPage\",\"@id\":\"https:\\\/\\\/antderground.com\\\/fr\\\/produit\\\/messor-cephalotes\\\/\",\"url\":\"https:\\\/\\\/antderground.com\\\/fr\\\/produit\\\/messor-cephalotes\\\/\",\"name\":\"Messor cephalotes - ANTDERGROUND\",\"isPartOf\":{\"@id\":\"https:\\\/\\\/antderground.com\\\/fr\\\/#website\"},\"primaryImageOfPage\":{\"@id\":\"https:\\\/\\\/antderground.com\\\/fr\\\/produit\\\/messor-cephalotes\\\/#primaryimage\"},\"image\":{\"@id\":\"https:\\\/\\\/antderground.com\\\/fr\\\/produit\\\/messor-cephalotes\\\/#primaryimage\"},\"thumbnailUrl\":\"https:\\\/\\\/antderground.com\\\/wp-content\\\/uploads\\\/2023\\\/04\\\/messor-cephalotes-eric.jpg\",\"datePublished\":\"2023-04-25T09:35:35+00:00\",\"dateModified\":\"2023-05-03T13:53:48+00:00\",\"description\":\"Nouvelle fourmi Messor cephalotes, trouve une surprenante reine des fourmis. Grande vari\u00e9t\u00e9 d'esp\u00e8ces de fourmis. Votre boutique de myrm\u00e9cologie.\",\"breadcrumb\":{\"@id\":\"https:\\\/\\\/antderground.com\\\/fr\\\/produit\\\/messor-cephalotes\\\/#breadcrumb\"},\"inLanguage\":\"fr-FR\",\"potentialAction\":[{\"@type\":\"ReadAction\",\"target\":[\"https:\\\/\\\/antderground.com\\\/fr\\\/produit\\\/messor-cephalotes\\\/\"]}]},{\"@type\":\"ImageObject\",\"inLanguage\":\"fr-FR\",\"@id\":\"https:\\\/\\\/antderground.com\\\/fr\\\/produit\\\/messor-cephalotes\\\/#primaryimage\",\"url\":\"https:\\\/\\\/antderground.com\\\/wp-content\\\/uploads\\\/2023\\\/04\\\/messor-cephalotes-eric.jpg\",\"contentUrl\":\"https:\\\/\\\/antderground.com\\\/wp-content\\\/uploads\\\/2023\\\/04\\\/messor-cephalotes-eric.jpg\",\"width\":1417,\"height\":1417},{\"@type\":\"BreadcrumbList\",\"@id\":\"https:\\\/\\\/antderground.com\\\/fr\\\/produit\\\/messor-cephalotes\\\/#breadcrumb\",\"itemListElement\":[{\"@type\":\"ListItem\",\"position\":1,\"name\":\"Portada\",\"item\":\"https:\\\/\\\/antderground.com\\\/fr\\\/\"},{\"@type\":\"ListItem\",\"position\":2,\"name\":\"Boutique\",\"item\":\"https:\\\/\\\/antderground.com\\\/fr\\\/boutique\\\/\"},{\"@type\":\"ListItem\",\"position\":3,\"name\":\"Messor cephalotes\"}]},{\"@type\":\"WebSite\",\"@id\":\"https:\\\/\\\/antderground.com\\\/fr\\\/#website\",\"url\":\"https:\\\/\\\/antderground.com\\\/fr\\\/\",\"name\":\"ANTDERGROUND\",\"description\":\"Tu tienda de hormigas, gran variedad de hormigueros acr\u00edlicos,madera,arena,3D y mas.. Pide tus hormigas gratis con tu pedido, somos expertos en hormigueros antifugas.\",\"publisher\":{\"@id\":\"https:\\\/\\\/antderground.com\\\/fr\\\/#\\\/schema\\\/person\\\/0e322c505e84fe72c65e2f6d08f96b81\"},\"alternateName\":\"Antderground\",\"potentialAction\":[{\"@type\":\"SearchAction\",\"target\":{\"@type\":\"EntryPoint\",\"urlTemplate\":\"https:\\\/\\\/antderground.com\\\/fr\\\/?s={search_term_string}\"},\"query-input\":{\"@type\":\"PropertyValueSpecification\",\"valueRequired\":true,\"valueName\":\"search_term_string\"}}],\"inLanguage\":\"fr-FR\"},{\"@type\":[\"Person\",\"Organization\"],\"@id\":\"https:\\\/\\\/antderground.com\\\/fr\\\/#\\\/schema\\\/person\\\/0e322c505e84fe72c65e2f6d08f96b81\",\"name\":\"Eric de Antderground\",\"image\":{\"@type\":\"ImageObject\",\"inLanguage\":\"fr-FR\",\"@id\":\"https:\\\/\\\/secure.gravatar.com\\\/avatar\\\/c49a1b9f79216d1498cb73c1e85cd47f4465dda35f2a94c03790d491bd4423c3?s=96&d=mm&r=g\",\"url\":\"https:\\\/\\\/secure.gravatar.com\\\/avatar\\\/c49a1b9f79216d1498cb73c1e85cd47f4465dda35f2a94c03790d491bd4423c3?s=96&d=mm&r=g\",\"contentUrl\":\"https:\\\/\\\/secure.gravatar.com\\\/avatar\\\/c49a1b9f79216d1498cb73c1e85cd47f4465dda35f2a94c03790d491bd4423c3?s=96&d=mm&r=g\",\"caption\":\"Eric de Antderground\"},\"logo\":{\"@id\":\"https:\\\/\\\/secure.gravatar.com\\\/avatar\\\/c49a1b9f79216d1498cb73c1e85cd47f4465dda35f2a94c03790d491bd4423c3?s=96&d=mm&r=g\"},\"description\":\"Eric es el especialista y fundador de Antderground, con una amplia trayectoria en artr\u00f3podos y enfocado en la mirmecolog\u00eda y el dise\u00f1o de hormigueros artificiales. Su enfoque combina la innovaci\u00f3n t\u00e9cnica con el respeto por la biolog\u00eda de las hormigas, is\u00f3podos y otros, desarrollando sistemas de nidos modulares 3D y acr\u00edlicos que son referentes para aficionados y profesionales en toda Europa. Su objetivo es facilitar la cr\u00eda de hormigas y otros artr\u00f3podos mediante soluciones seguras y divulgaci\u00f3n de calidad.\",\"sameAs\":[\"https:\\\/\\\/antderground.com\\\/\",\"https:\\\/\\\/www.youtube.com\\\/channel\\\/UCio72z7TlbufkAthAJIJfPw\"]}]}<\/script>\n<!-- \/ Yoast SEO plugin. -->","yoast_head_json":{"title":"Messor cephalotes - ANTDERGROUND","description":"Nouvelle fourmi Messor cephalotes, trouve une surprenante reine des fourmis. Grande vari\u00e9t\u00e9 d'esp\u00e8ces de fourmis. Votre boutique de myrm\u00e9cologie.","robots":{"index":"index","follow":"follow","max-snippet":"max-snippet:-1","max-image-preview":"max-image-preview:large","max-video-preview":"max-video-preview:-1"},"canonical":"https:\/\/antderground.com\/fr\/produit\/messor-cephalotes\/","og_locale":"fr_FR","og_type":"article","og_title":"Messor cephalotes - ANTDERGROUND","og_description":"Nouvelle fourmi Messor cephalotes, trouve une surprenante reine des fourmis. Grande vari\u00e9t\u00e9 d'esp\u00e8ces de fourmis. Votre boutique de myrm\u00e9cologie.","og_url":"https:\/\/antderground.com\/fr\/produit\/messor-cephalotes\/","og_site_name":"ANTDERGROUND","article_modified_time":"2023-05-03T13:53:48+00:00","og_image":[{"width":675,"height":659,"url":"https:\/\/antderground.com\/wp-content\/uploads\/2023\/04\/messor-cephalotes-2.png","type":"image\/png"}],"twitter_card":"summary_large_image","twitter_misc":{"Dur\u00e9e de lecture estim\u00e9e":"1 minute"},"schema":{"@context":"https:\/\/schema.org","@graph":[{"@type":"WebPage","@id":"https:\/\/antderground.com\/fr\/produit\/messor-cephalotes\/","url":"https:\/\/antderground.com\/fr\/produit\/messor-cephalotes\/","name":"Messor cephalotes - ANTDERGROUND","isPartOf":{"@id":"https:\/\/antderground.com\/fr\/#website"},"primaryImageOfPage":{"@id":"https:\/\/antderground.com\/fr\/produit\/messor-cephalotes\/#primaryimage"},"image":{"@id":"https:\/\/antderground.com\/fr\/produit\/messor-cephalotes\/#primaryimage"},"thumbnailUrl":"https:\/\/antderground.com\/wp-content\/uploads\/2023\/04\/messor-cephalotes-eric.jpg","datePublished":"2023-04-25T09:35:35+00:00","dateModified":"2023-05-03T13:53:48+00:00","description":"Nouvelle fourmi Messor cephalotes, trouve une surprenante reine des fourmis. Grande vari\u00e9t\u00e9 d'esp\u00e8ces de fourmis. Votre boutique de myrm\u00e9cologie.","breadcrumb":{"@id":"https:\/\/antderground.com\/fr\/produit\/messor-cephalotes\/#breadcrumb"},"inLanguage":"fr-FR","potentialAction":[{"@type":"ReadAction","target":["https:\/\/antderground.com\/fr\/produit\/messor-cephalotes\/"]}]},{"@type":"ImageObject","inLanguage":"fr-FR","@id":"https:\/\/antderground.com\/fr\/produit\/messor-cephalotes\/#primaryimage","url":"https:\/\/antderground.com\/wp-content\/uploads\/2023\/04\/messor-cephalotes-eric.jpg","contentUrl":"https:\/\/antderground.com\/wp-content\/uploads\/2023\/04\/messor-cephalotes-eric.jpg","width":1417,"height":1417},{"@type":"BreadcrumbList","@id":"https:\/\/antderground.com\/fr\/produit\/messor-cephalotes\/#breadcrumb","itemListElement":[{"@type":"ListItem","position":1,"name":"Portada","item":"https:\/\/antderground.com\/fr\/"},{"@type":"ListItem","position":2,"name":"Boutique","item":"https:\/\/antderground.com\/fr\/boutique\/"},{"@type":"ListItem","position":3,"name":"Messor cephalotes"}]},{"@type":"WebSite","@id":"https:\/\/antderground.com\/fr\/#website","url":"https:\/\/antderground.com\/fr\/","name":"ANTDERGROUND","description":"Tu tienda de hormigas, gran variedad de hormigueros acr\u00edlicos,madera,arena,3D y mas.. Pide tus hormigas gratis con tu pedido, somos expertos en hormigueros antifugas.","publisher":{"@id":"https:\/\/antderground.com\/fr\/#\/schema\/person\/0e322c505e84fe72c65e2f6d08f96b81"},"alternateName":"Antderground","potentialAction":[{"@type":"SearchAction","target":{"@type":"EntryPoint","urlTemplate":"https:\/\/antderground.com\/fr\/?s={search_term_string}"},"query-input":{"@type":"PropertyValueSpecification","valueRequired":true,"valueName":"search_term_string"}}],"inLanguage":"fr-FR"},{"@type":["Person","Organization"],"@id":"https:\/\/antderground.com\/fr\/#\/schema\/person\/0e322c505e84fe72c65e2f6d08f96b81","name":"Eric de Antderground","image":{"@type":"ImageObject","inLanguage":"fr-FR","@id":"https:\/\/secure.gravatar.com\/avatar\/c49a1b9f79216d1498cb73c1e85cd47f4465dda35f2a94c03790d491bd4423c3?s=96&d=mm&r=g","url":"https:\/\/secure.gravatar.com\/avatar\/c49a1b9f79216d1498cb73c1e85cd47f4465dda35f2a94c03790d491bd4423c3?s=96&d=mm&r=g","contentUrl":"https:\/\/secure.gravatar.com\/avatar\/c49a1b9f79216d1498cb73c1e85cd47f4465dda35f2a94c03790d491bd4423c3?s=96&d=mm&r=g","caption":"Eric de Antderground"},"logo":{"@id":"https:\/\/secure.gravatar.com\/avatar\/c49a1b9f79216d1498cb73c1e85cd47f4465dda35f2a94c03790d491bd4423c3?s=96&d=mm&r=g"},"description":"Eric es el especialista y fundador de Antderground, con una amplia trayectoria en artr\u00f3podos y enfocado en la mirmecolog\u00eda y el dise\u00f1o de hormigueros artificiales. Su enfoque combina la innovaci\u00f3n t\u00e9cnica con el respeto por la biolog\u00eda de las hormigas, is\u00f3podos y otros, desarrollando sistemas de nidos modulares 3D y acr\u00edlicos que son referentes para aficionados y profesionales en toda Europa. Su objetivo es facilitar la cr\u00eda de hormigas y otros artr\u00f3podos mediante soluciones seguras y divulgaci\u00f3n de calidad.","sameAs":["https:\/\/antderground.com\/","https:\/\/www.youtube.com\/channel\/UCio72z7TlbufkAthAJIJfPw"]}]}},"_links":{"self":[{"href":"https:\/\/antderground.com\/fr\/wp-json\/wp\/v2\/product\/28107","targetHints":{"allow":["GET"]}}],"collection":[{"href":"https:\/\/antderground.com\/fr\/wp-json\/wp\/v2\/product"}],"about":[{"href":"https:\/\/antderground.com\/fr\/wp-json\/wp\/v2\/types\/product"}],"version-history":[{"count":0,"href":"https:\/\/antderground.com\/fr\/wp-json\/wp\/v2\/product\/28107\/revisions"}],"wp:featuredmedia":[{"embeddable":true,"href":"https:\/\/antderground.com\/fr\/wp-json\/wp\/v2\/media\/28265"}],"wp:attachment":[{"href":"https:\/\/antderground.com\/fr\/wp-json\/wp\/v2\/media?parent=28107"}],"wp:term":[{"taxonomy":"product_brand","embeddable":true,"href":"https:\/\/antderground.com\/fr\/wp-json\/wp\/v2\/product_brand?post=28107"},{"taxonomy":"product_cat","embeddable":true,"href":"https:\/\/antderground.com\/fr\/wp-json\/wp\/v2\/product_cat?post=28107"},{"taxonomy":"product_tag","embeddable":true,"href":"https:\/\/antderground.com\/fr\/wp-json\/wp\/v2\/product_tag?post=28107"}],"curies":[{"name":"wp","href":"https:\/\/api.w.org\/{rel}","templated":true}]}}