{"id":28324,"date":"2023-04-29T18:12:45","date_gmt":"2023-04-29T16:12:45","guid":{"rendered":"https:\/\/www.antderground.com\/producto\/fourmiliere-3d-realiste-et-modulaire-10x10\/"},"modified":"2023-11-30T23:00:07","modified_gmt":"2023-11-30T22:00:07","slug":"fourmiliere-3d-realiste-et-modulaire-10x10","status":"publish","type":"product","link":"https:\/\/antderground.com\/fr\/produit\/fourmiliere-3d-realiste-et-modulaire-10x10\/","title":{"rendered":"Fourmili\u00e8re 3D r\u00e9aliste et modulaire (10&#215;10)"},"content":{"rendered":"<p>D\u00e9couvrez cette <strong>fourmili\u00e8re 3D<\/strong> r\u00e9aliste (modulable). Une fourmili\u00e8re id\u00e9ale pour toutes les esp\u00e8ces de fourmis.<\/p>\n<p>&#8211; De taille 10&#215;10, elle est id\u00e9ale pour d\u00e9marrer une <em>colonie de fourmis.<\/em><br \/>\n&#8211; La fourmili\u00e8re poss\u00e8de en son centre un d\u00e9p\u00f4t d&#8217;eau de 35 ml (abreuvoir).<br \/>\n&#8211; La fourmili\u00e8re dispose \u00e9galement de 4 portes pour effectuer des raccordements.<\/p>\n<p>Une <em>fourmili\u00e8re r\u00e9aliste<\/em> ?<br \/>\nOui, car l&#8217;int\u00e9rieur pr\u00e9sente diff\u00e9rents reliefs et courbes pour simuler une v\u00e9ritable fourmili\u00e8re.<\/p>\n<p><strong>Fourmili\u00e8re modulaire<\/strong> ?<br \/>\nOui, il s&#8217;agit d&#8217;une <a href=\"https:\/\/antderground.com\/fr\/categorie-produit\/fourmilieres-modulaire\/\">fourmili\u00e8re modulaire<\/a>, id\u00e9ale pour une expansion illimit\u00e9e.<\/p>\n<p>Ces fourmili\u00e8res sont d&#8217;un niveau diff\u00e9rent car leur objectif est d&#8217;offrir aux fourmis un environnement plus r\u00e9aliste.<\/p>\n","protected":false},"excerpt":{"rendered":"<p>Nouvelle fourmili\u00e8re r\u00e9aliste et modulable cr\u00e9\u00e9e en 3D (RealistNest), une fourmili\u00e8re parfaite avec diff\u00e9rents reliefs offrant un maximum de qualit\u00e9 et de naturel.<\/p>\n<p><strong>caract\u00e9ristiques de la fourmili\u00e8re :<\/strong><\/p>\n<p><strong>D\u00e9p\u00f4t :<\/strong> 35ml<br \/>\n<strong>Chambres\/galerie :<\/strong> Oui, avec diff\u00e9rentes hauteurs.<br \/>\n<strong>Couleur:<\/strong> blanche<br \/>\n<strong>Couvercle :<\/strong> Rouge inclus.<br \/>\n<strong>Modulaire<\/strong> : oui<br \/>\n<strong>Portes :<\/strong> 4.<\/p>\n","protected":false},"featured_media":28275,"template":"","meta":[],"product_brand":[],"product_cat":[114,431,301],"product_tag":[],"class_list":{"0":"post-28324","1":"product","2":"type-product","3":"status-publish","4":"has-post-thumbnail","6":"product_cat-fourmilieres","7":"product_cat-fourmilieres-3d","8":"product_cat-fourmilieres-modulaire","10":"first","11":"instock","12":"shipping-taxable","13":"purchasable","14":"product-type-simple"},"yoast_head":"<!-- This site is optimized with the Yoast SEO plugin v27.3 - https:\/\/yoast.com\/product\/yoast-seo-wordpress\/ -->\n<title>Fourmili\u00e8re 3D r\u00e9aliste et modulaire (10x10) - ANTDERGROUND<\/title>\n<meta name=\"description\" content=\"D\u00e9couvrez la nouvelle fourmili\u00e8re 3D r\u00e9aliste et modulable, une fourmili\u00e8re aux diff\u00e9rents reliefs le plus naturel possible. Formicarium 3D\" \/>\n<meta name=\"robots\" content=\"index, follow, max-snippet:-1, max-image-preview:large, max-video-preview:-1\" \/>\n<link rel=\"canonical\" href=\"https:\/\/antderground.com\/fr\/produit\/fourmiliere-3d-realiste-et-modulaire-10x10\/\" \/>\n<meta property=\"og:locale\" content=\"fr_FR\" \/>\n<meta property=\"og:type\" content=\"article\" \/>\n<meta property=\"og:title\" content=\"Fourmili\u00e8re 3D r\u00e9aliste et modulaire (10x10) - ANTDERGROUND\" \/>\n<meta property=\"og:description\" content=\"D\u00e9couvrez la nouvelle fourmili\u00e8re 3D r\u00e9aliste et modulable, une fourmili\u00e8re aux diff\u00e9rents reliefs le plus naturel possible. Formicarium 3D\" \/>\n<meta property=\"og:url\" content=\"https:\/\/antderground.com\/fr\/produit\/fourmiliere-3d-realiste-et-modulaire-10x10\/\" \/>\n<meta property=\"og:site_name\" content=\"ANTDERGROUND\" \/>\n<meta property=\"article:modified_time\" content=\"2023-11-30T22:00:07+00:00\" \/>\n<meta property=\"og:image\" content=\"https:\/\/antderground.com\/wp-content\/uploads\/2023\/04\/homirguero-3d-modular-con-relieve.jpg\" \/>\n\t<meta property=\"og:image:width\" content=\"1417\" \/>\n\t<meta property=\"og:image:height\" content=\"1417\" \/>\n\t<meta property=\"og:image:type\" content=\"image\/jpeg\" \/>\n<meta name=\"twitter:card\" content=\"summary_large_image\" \/>\n<meta name=\"twitter:label1\" content=\"Dur\u00e9e de lecture estim\u00e9e\" \/>\n\t<meta name=\"twitter:data1\" content=\"1 minute\" \/>\n<script type=\"application\/ld+json\" class=\"yoast-schema-graph\">{\"@context\":\"https:\\\/\\\/schema.org\",\"@graph\":[{\"@type\":\"WebPage\",\"@id\":\"https:\\\/\\\/antderground.com\\\/fr\\\/produit\\\/fourmiliere-3d-realiste-et-modulaire-10x10\\\/\",\"url\":\"https:\\\/\\\/antderground.com\\\/fr\\\/produit\\\/fourmiliere-3d-realiste-et-modulaire-10x10\\\/\",\"name\":\"Fourmili\u00e8re 3D r\u00e9aliste et modulaire (10x10) - ANTDERGROUND\",\"isPartOf\":{\"@id\":\"https:\\\/\\\/antderground.com\\\/fr\\\/#website\"},\"primaryImageOfPage\":{\"@id\":\"https:\\\/\\\/antderground.com\\\/fr\\\/produit\\\/fourmiliere-3d-realiste-et-modulaire-10x10\\\/#primaryimage\"},\"image\":{\"@id\":\"https:\\\/\\\/antderground.com\\\/fr\\\/produit\\\/fourmiliere-3d-realiste-et-modulaire-10x10\\\/#primaryimage\"},\"thumbnailUrl\":\"https:\\\/\\\/antderground.com\\\/wp-content\\\/uploads\\\/2023\\\/04\\\/homirguero-3d-modular-con-relieve.jpg\",\"datePublished\":\"2023-04-29T16:12:45+00:00\",\"dateModified\":\"2023-11-30T22:00:07+00:00\",\"description\":\"D\u00e9couvrez la nouvelle fourmili\u00e8re 3D r\u00e9aliste et modulable, une fourmili\u00e8re aux diff\u00e9rents reliefs le plus naturel possible. Formicarium 3D\",\"breadcrumb\":{\"@id\":\"https:\\\/\\\/antderground.com\\\/fr\\\/produit\\\/fourmiliere-3d-realiste-et-modulaire-10x10\\\/#breadcrumb\"},\"inLanguage\":\"fr-FR\",\"potentialAction\":[{\"@type\":\"ReadAction\",\"target\":[\"https:\\\/\\\/antderground.com\\\/fr\\\/produit\\\/fourmiliere-3d-realiste-et-modulaire-10x10\\\/\"]}]},{\"@type\":\"ImageObject\",\"inLanguage\":\"fr-FR\",\"@id\":\"https:\\\/\\\/antderground.com\\\/fr\\\/produit\\\/fourmiliere-3d-realiste-et-modulaire-10x10\\\/#primaryimage\",\"url\":\"https:\\\/\\\/antderground.com\\\/wp-content\\\/uploads\\\/2023\\\/04\\\/homirguero-3d-modular-con-relieve.jpg\",\"contentUrl\":\"https:\\\/\\\/antderground.com\\\/wp-content\\\/uploads\\\/2023\\\/04\\\/homirguero-3d-modular-con-relieve.jpg\",\"width\":1417,\"height\":1417},{\"@type\":\"BreadcrumbList\",\"@id\":\"https:\\\/\\\/antderground.com\\\/fr\\\/produit\\\/fourmiliere-3d-realiste-et-modulaire-10x10\\\/#breadcrumb\",\"itemListElement\":[{\"@type\":\"ListItem\",\"position\":1,\"name\":\"Portada\",\"item\":\"https:\\\/\\\/antderground.com\\\/fr\\\/\"},{\"@type\":\"ListItem\",\"position\":2,\"name\":\"Boutique\",\"item\":\"https:\\\/\\\/antderground.com\\\/fr\\\/boutique\\\/\"},{\"@type\":\"ListItem\",\"position\":3,\"name\":\"Fourmili\u00e8re 3D r\u00e9aliste et modulaire (10&#215;10)\"}]},{\"@type\":\"WebSite\",\"@id\":\"https:\\\/\\\/antderground.com\\\/fr\\\/#website\",\"url\":\"https:\\\/\\\/antderground.com\\\/fr\\\/\",\"name\":\"ANTDERGROUND\",\"description\":\"Tu tienda de hormigas, gran variedad de hormigueros acr\u00edlicos,madera,arena,3D y mas.. Pide tus hormigas gratis con tu pedido, somos expertos en hormigueros antifugas.\",\"publisher\":{\"@id\":\"https:\\\/\\\/antderground.com\\\/fr\\\/#\\\/schema\\\/person\\\/0e322c505e84fe72c65e2f6d08f96b81\"},\"alternateName\":\"Antderground\",\"potentialAction\":[{\"@type\":\"SearchAction\",\"target\":{\"@type\":\"EntryPoint\",\"urlTemplate\":\"https:\\\/\\\/antderground.com\\\/fr\\\/?s={search_term_string}\"},\"query-input\":{\"@type\":\"PropertyValueSpecification\",\"valueRequired\":true,\"valueName\":\"search_term_string\"}}],\"inLanguage\":\"fr-FR\"},{\"@type\":[\"Person\",\"Organization\"],\"@id\":\"https:\\\/\\\/antderground.com\\\/fr\\\/#\\\/schema\\\/person\\\/0e322c505e84fe72c65e2f6d08f96b81\",\"name\":\"Eric de Antderground\",\"image\":{\"@type\":\"ImageObject\",\"inLanguage\":\"fr-FR\",\"@id\":\"https:\\\/\\\/secure.gravatar.com\\\/avatar\\\/c49a1b9f79216d1498cb73c1e85cd47f4465dda35f2a94c03790d491bd4423c3?s=96&d=mm&r=g\",\"url\":\"https:\\\/\\\/secure.gravatar.com\\\/avatar\\\/c49a1b9f79216d1498cb73c1e85cd47f4465dda35f2a94c03790d491bd4423c3?s=96&d=mm&r=g\",\"contentUrl\":\"https:\\\/\\\/secure.gravatar.com\\\/avatar\\\/c49a1b9f79216d1498cb73c1e85cd47f4465dda35f2a94c03790d491bd4423c3?s=96&d=mm&r=g\",\"caption\":\"Eric de Antderground\"},\"logo\":{\"@id\":\"https:\\\/\\\/secure.gravatar.com\\\/avatar\\\/c49a1b9f79216d1498cb73c1e85cd47f4465dda35f2a94c03790d491bd4423c3?s=96&d=mm&r=g\"},\"description\":\"Eric es el especialista y fundador de Antderground, con una amplia trayectoria en artr\u00f3podos y enfocado en la mirmecolog\u00eda y el dise\u00f1o de hormigueros artificiales. Su enfoque combina la innovaci\u00f3n t\u00e9cnica con el respeto por la biolog\u00eda de las hormigas, is\u00f3podos y otros, desarrollando sistemas de nidos modulares 3D y acr\u00edlicos que son referentes para aficionados y profesionales en toda Europa. Su objetivo es facilitar la cr\u00eda de hormigas y otros artr\u00f3podos mediante soluciones seguras y divulgaci\u00f3n de calidad.\",\"sameAs\":[\"https:\\\/\\\/antderground.com\\\/\",\"https:\\\/\\\/www.youtube.com\\\/channel\\\/UCio72z7TlbufkAthAJIJfPw\"]}]}<\/script>\n<!-- \/ Yoast SEO plugin. -->","yoast_head_json":{"title":"Fourmili\u00e8re 3D r\u00e9aliste et modulaire (10x10) - ANTDERGROUND","description":"D\u00e9couvrez la nouvelle fourmili\u00e8re 3D r\u00e9aliste et modulable, une fourmili\u00e8re aux diff\u00e9rents reliefs le plus naturel possible. Formicarium 3D","robots":{"index":"index","follow":"follow","max-snippet":"max-snippet:-1","max-image-preview":"max-image-preview:large","max-video-preview":"max-video-preview:-1"},"canonical":"https:\/\/antderground.com\/fr\/produit\/fourmiliere-3d-realiste-et-modulaire-10x10\/","og_locale":"fr_FR","og_type":"article","og_title":"Fourmili\u00e8re 3D r\u00e9aliste et modulaire (10x10) - ANTDERGROUND","og_description":"D\u00e9couvrez la nouvelle fourmili\u00e8re 3D r\u00e9aliste et modulable, une fourmili\u00e8re aux diff\u00e9rents reliefs le plus naturel possible. Formicarium 3D","og_url":"https:\/\/antderground.com\/fr\/produit\/fourmiliere-3d-realiste-et-modulaire-10x10\/","og_site_name":"ANTDERGROUND","article_modified_time":"2023-11-30T22:00:07+00:00","og_image":[{"width":1417,"height":1417,"url":"https:\/\/antderground.com\/wp-content\/uploads\/2023\/04\/homirguero-3d-modular-con-relieve.jpg","type":"image\/jpeg"}],"twitter_card":"summary_large_image","twitter_misc":{"Dur\u00e9e de lecture estim\u00e9e":"1 minute"},"schema":{"@context":"https:\/\/schema.org","@graph":[{"@type":"WebPage","@id":"https:\/\/antderground.com\/fr\/produit\/fourmiliere-3d-realiste-et-modulaire-10x10\/","url":"https:\/\/antderground.com\/fr\/produit\/fourmiliere-3d-realiste-et-modulaire-10x10\/","name":"Fourmili\u00e8re 3D r\u00e9aliste et modulaire (10x10) - ANTDERGROUND","isPartOf":{"@id":"https:\/\/antderground.com\/fr\/#website"},"primaryImageOfPage":{"@id":"https:\/\/antderground.com\/fr\/produit\/fourmiliere-3d-realiste-et-modulaire-10x10\/#primaryimage"},"image":{"@id":"https:\/\/antderground.com\/fr\/produit\/fourmiliere-3d-realiste-et-modulaire-10x10\/#primaryimage"},"thumbnailUrl":"https:\/\/antderground.com\/wp-content\/uploads\/2023\/04\/homirguero-3d-modular-con-relieve.jpg","datePublished":"2023-04-29T16:12:45+00:00","dateModified":"2023-11-30T22:00:07+00:00","description":"D\u00e9couvrez la nouvelle fourmili\u00e8re 3D r\u00e9aliste et modulable, une fourmili\u00e8re aux diff\u00e9rents reliefs le plus naturel possible. Formicarium 3D","breadcrumb":{"@id":"https:\/\/antderground.com\/fr\/produit\/fourmiliere-3d-realiste-et-modulaire-10x10\/#breadcrumb"},"inLanguage":"fr-FR","potentialAction":[{"@type":"ReadAction","target":["https:\/\/antderground.com\/fr\/produit\/fourmiliere-3d-realiste-et-modulaire-10x10\/"]}]},{"@type":"ImageObject","inLanguage":"fr-FR","@id":"https:\/\/antderground.com\/fr\/produit\/fourmiliere-3d-realiste-et-modulaire-10x10\/#primaryimage","url":"https:\/\/antderground.com\/wp-content\/uploads\/2023\/04\/homirguero-3d-modular-con-relieve.jpg","contentUrl":"https:\/\/antderground.com\/wp-content\/uploads\/2023\/04\/homirguero-3d-modular-con-relieve.jpg","width":1417,"height":1417},{"@type":"BreadcrumbList","@id":"https:\/\/antderground.com\/fr\/produit\/fourmiliere-3d-realiste-et-modulaire-10x10\/#breadcrumb","itemListElement":[{"@type":"ListItem","position":1,"name":"Portada","item":"https:\/\/antderground.com\/fr\/"},{"@type":"ListItem","position":2,"name":"Boutique","item":"https:\/\/antderground.com\/fr\/boutique\/"},{"@type":"ListItem","position":3,"name":"Fourmili\u00e8re 3D r\u00e9aliste et modulaire (10&#215;10)"}]},{"@type":"WebSite","@id":"https:\/\/antderground.com\/fr\/#website","url":"https:\/\/antderground.com\/fr\/","name":"ANTDERGROUND","description":"Tu tienda de hormigas, gran variedad de hormigueros acr\u00edlicos,madera,arena,3D y mas.. Pide tus hormigas gratis con tu pedido, somos expertos en hormigueros antifugas.","publisher":{"@id":"https:\/\/antderground.com\/fr\/#\/schema\/person\/0e322c505e84fe72c65e2f6d08f96b81"},"alternateName":"Antderground","potentialAction":[{"@type":"SearchAction","target":{"@type":"EntryPoint","urlTemplate":"https:\/\/antderground.com\/fr\/?s={search_term_string}"},"query-input":{"@type":"PropertyValueSpecification","valueRequired":true,"valueName":"search_term_string"}}],"inLanguage":"fr-FR"},{"@type":["Person","Organization"],"@id":"https:\/\/antderground.com\/fr\/#\/schema\/person\/0e322c505e84fe72c65e2f6d08f96b81","name":"Eric de Antderground","image":{"@type":"ImageObject","inLanguage":"fr-FR","@id":"https:\/\/secure.gravatar.com\/avatar\/c49a1b9f79216d1498cb73c1e85cd47f4465dda35f2a94c03790d491bd4423c3?s=96&d=mm&r=g","url":"https:\/\/secure.gravatar.com\/avatar\/c49a1b9f79216d1498cb73c1e85cd47f4465dda35f2a94c03790d491bd4423c3?s=96&d=mm&r=g","contentUrl":"https:\/\/secure.gravatar.com\/avatar\/c49a1b9f79216d1498cb73c1e85cd47f4465dda35f2a94c03790d491bd4423c3?s=96&d=mm&r=g","caption":"Eric de Antderground"},"logo":{"@id":"https:\/\/secure.gravatar.com\/avatar\/c49a1b9f79216d1498cb73c1e85cd47f4465dda35f2a94c03790d491bd4423c3?s=96&d=mm&r=g"},"description":"Eric es el especialista y fundador de Antderground, con una amplia trayectoria en artr\u00f3podos y enfocado en la mirmecolog\u00eda y el dise\u00f1o de hormigueros artificiales. Su enfoque combina la innovaci\u00f3n t\u00e9cnica con el respeto por la biolog\u00eda de las hormigas, is\u00f3podos y otros, desarrollando sistemas de nidos modulares 3D y acr\u00edlicos que son referentes para aficionados y profesionales en toda Europa. Su objetivo es facilitar la cr\u00eda de hormigas y otros artr\u00f3podos mediante soluciones seguras y divulgaci\u00f3n de calidad.","sameAs":["https:\/\/antderground.com\/","https:\/\/www.youtube.com\/channel\/UCio72z7TlbufkAthAJIJfPw"]}]}},"_links":{"self":[{"href":"https:\/\/antderground.com\/fr\/wp-json\/wp\/v2\/product\/28324","targetHints":{"allow":["GET"]}}],"collection":[{"href":"https:\/\/antderground.com\/fr\/wp-json\/wp\/v2\/product"}],"about":[{"href":"https:\/\/antderground.com\/fr\/wp-json\/wp\/v2\/types\/product"}],"version-history":[{"count":0,"href":"https:\/\/antderground.com\/fr\/wp-json\/wp\/v2\/product\/28324\/revisions"}],"wp:featuredmedia":[{"embeddable":true,"href":"https:\/\/antderground.com\/fr\/wp-json\/wp\/v2\/media\/28275"}],"wp:attachment":[{"href":"https:\/\/antderground.com\/fr\/wp-json\/wp\/v2\/media?parent=28324"}],"wp:term":[{"taxonomy":"product_brand","embeddable":true,"href":"https:\/\/antderground.com\/fr\/wp-json\/wp\/v2\/product_brand?post=28324"},{"taxonomy":"product_cat","embeddable":true,"href":"https:\/\/antderground.com\/fr\/wp-json\/wp\/v2\/product_cat?post=28324"},{"taxonomy":"product_tag","embeddable":true,"href":"https:\/\/antderground.com\/fr\/wp-json\/wp\/v2\/product_tag?post=28324"}],"curies":[{"name":"wp","href":"https:\/\/api.w.org\/{rel}","templated":true}]}}