{"id":28343,"date":"2023-04-27T19:09:56","date_gmt":"2023-04-27T17:09:56","guid":{"rendered":"https:\/\/www.antderground.com\/producto\/kit-de-demarrage-pour-colonie-de-fourmis\/"},"modified":"2023-07-05T15:04:29","modified_gmt":"2023-07-05T13:04:29","slug":"kit-de-demarrage-pour-colonie-de-fourmis","status":"publish","type":"product","link":"https:\/\/antderground.com\/fr\/produit\/kit-de-demarrage-pour-colonie-de-fourmis\/","title":{"rendered":"Kit de d\u00e9marrage pour colonie"},"content":{"rendered":"<h2>Vous envisagez de cr\u00e9er une colonie de fourmis ?<\/h2>\n<p>Si la r\u00e9ponse est oui, parfait ! Ce kit de d\u00e9marrage pour colonie est facile \u00e0 utiliser pour tous les niveaux.<\/p>\n<p>Il se compose d&#8217;une <strong>fourmili\u00e8re en 3D<\/strong> de taille 7 cm x 4,5 cm avec un r\u00e9servoir sup\u00e9rieur de 20 ml, id\u00e9al pour maintenir les fourmis bien hydrat\u00e9es.<\/p>\n<p>Comme toujours, les fourmili\u00e8res d&#8217;Antderground sont test\u00e9es pour garantir une r\u00e9sistance et une durabilit\u00e9.<\/p>\n<p>Il comprend \u00e9galement une bo\u00eete de nourriture en 3D de taille 5 cm x 5 cm, id\u00e9ale pour que nos fourmis soient \u00e0 l&#8217;aise lors de la cr\u00e9ation de la colonie.<\/p>\n<p>Il comprend le connecteur horizontal pour relier la fourmili\u00e8re \u00e0 la bo\u00eete de nourriture, un syst\u00e8me de connexion facile id\u00e9al pour toutes les fourmili\u00e8res et bo\u00eetes de nourriture d&#8217;Antderground<\/p>\n","protected":false},"excerpt":{"rendered":"<p>Kit id\u00e9al pour d\u00e9marrer une colonie de fourmis.<br \/>\n<strong>Comprend\u00a0:<\/strong> (fourmili\u00e8re + bo\u00eete de recherche de nourriture + connecteur).<\/p>\n<p><strong>Fourmili\u00e8re 3D\u00a0:<\/strong><br \/>\nTaille : 7 cm x 4,5 cm.<br \/>\nD\u00e9p\u00f4t : 20 ml.<br \/>\nCouleur: blanche.<br \/>\nBonnet rouge : oui.<\/p>\n<p><strong>Bo\u00eete de recherche de nourriture 3D : (Aire de chasse)<\/strong><br \/>\nTaille : 5 cm x 5 cm.<br \/>\nCouleur: blanche<br \/>\nVentilation : Oui, capot sup\u00e9rieur.<br \/>\nConnexions : 2<\/p>\n<p><strong>Connecteur\u00a0:<\/strong><br \/>\nCouleur: blanche<br \/>\nConnexion : horizontale.<\/p>\n","protected":false},"featured_media":31054,"template":"","meta":[],"product_brand":[],"product_cat":[431,304,458],"product_tag":[],"class_list":{"0":"post-28343","1":"product","2":"type-product","3":"status-publish","4":"has-post-thumbnail","6":"product_cat-fourmilieres-3d","7":"product_cat-kits-fourmiliere","8":"product_cat-offres","10":"first","11":"instock","12":"sale","13":"shipping-taxable","14":"purchasable","15":"product-type-simple"},"yoast_head":"<!-- This site is optimized with the Yoast SEO plugin v27.3 - https:\/\/yoast.com\/product\/yoast-seo-wordpress\/ -->\n<title>Kit de d\u00e9marrage (Fourmiliere 3D + Aire de chasse )<\/title>\n<meta name=\"description\" content=\"Kit de d\u00e9marrage d&#039;une colonie de fourmis (fourmili\u00e8re en 3D avec aire de chasse). Un kit 3D id\u00e9al pour nos reines fourmis. Myrm\u00e9cologie | Nid de fourmi 3d.\" \/>\n<meta name=\"robots\" content=\"index, follow, max-snippet:-1, max-image-preview:large, max-video-preview:-1\" \/>\n<link rel=\"canonical\" href=\"https:\/\/antderground.com\/fr\/produit\/kit-de-demarrage-pour-colonie-de-fourmis\/\" \/>\n<meta property=\"og:locale\" content=\"fr_FR\" \/>\n<meta property=\"og:type\" content=\"article\" \/>\n<meta property=\"og:title\" content=\"Kit de d\u00e9marrage (Fourmiliere 3D + Aire de chasse )\" \/>\n<meta property=\"og:description\" content=\"Kit de d\u00e9marrage d&#039;une colonie de fourmis (fourmili\u00e8re en 3D avec aire de chasse). Un kit 3D id\u00e9al pour nos reines fourmis. Myrm\u00e9cologie | Nid de fourmi 3d.\" \/>\n<meta property=\"og:url\" content=\"https:\/\/antderground.com\/fr\/produit\/kit-de-demarrage-pour-colonie-de-fourmis\/\" \/>\n<meta property=\"og:site_name\" content=\"ANTDERGROUND\" \/>\n<meta property=\"article:modified_time\" content=\"2023-07-05T13:04:29+00:00\" \/>\n<meta property=\"og:image\" content=\"https:\/\/antderground.com\/wp-content\/uploads\/2023\/04\/kit-inicio-hormiguero-reinero-con-forrajeo.jpg\" \/>\n\t<meta property=\"og:image:width\" content=\"1280\" \/>\n\t<meta property=\"og:image:height\" content=\"1280\" \/>\n\t<meta property=\"og:image:type\" content=\"image\/jpeg\" \/>\n<meta name=\"twitter:card\" content=\"summary_large_image\" \/>\n<meta name=\"twitter:label1\" content=\"Dur\u00e9e de lecture estim\u00e9e\" \/>\n\t<meta name=\"twitter:data1\" content=\"1 minute\" \/>\n<script type=\"application\/ld+json\" class=\"yoast-schema-graph\">{\"@context\":\"https:\\\/\\\/schema.org\",\"@graph\":[{\"@type\":\"WebPage\",\"@id\":\"https:\\\/\\\/antderground.com\\\/fr\\\/produit\\\/kit-de-demarrage-pour-colonie-de-fourmis\\\/\",\"url\":\"https:\\\/\\\/antderground.com\\\/fr\\\/produit\\\/kit-de-demarrage-pour-colonie-de-fourmis\\\/\",\"name\":\"Kit de d\u00e9marrage (Fourmiliere 3D + Aire de chasse )\",\"isPartOf\":{\"@id\":\"https:\\\/\\\/antderground.com\\\/fr\\\/#website\"},\"primaryImageOfPage\":{\"@id\":\"https:\\\/\\\/antderground.com\\\/fr\\\/produit\\\/kit-de-demarrage-pour-colonie-de-fourmis\\\/#primaryimage\"},\"image\":{\"@id\":\"https:\\\/\\\/antderground.com\\\/fr\\\/produit\\\/kit-de-demarrage-pour-colonie-de-fourmis\\\/#primaryimage\"},\"thumbnailUrl\":\"https:\\\/\\\/antderground.com\\\/wp-content\\\/uploads\\\/2023\\\/04\\\/kit-inicio-hormiguero-reinero-con-forrajeo.jpg\",\"datePublished\":\"2023-04-27T17:09:56+00:00\",\"dateModified\":\"2023-07-05T13:04:29+00:00\",\"description\":\"Kit de d\u00e9marrage d'une colonie de fourmis (fourmili\u00e8re en 3D avec aire de chasse). Un kit 3D id\u00e9al pour nos reines fourmis. Myrm\u00e9cologie | Nid de fourmi 3d.\",\"breadcrumb\":{\"@id\":\"https:\\\/\\\/antderground.com\\\/fr\\\/produit\\\/kit-de-demarrage-pour-colonie-de-fourmis\\\/#breadcrumb\"},\"inLanguage\":\"fr-FR\",\"potentialAction\":[{\"@type\":\"ReadAction\",\"target\":[\"https:\\\/\\\/antderground.com\\\/fr\\\/produit\\\/kit-de-demarrage-pour-colonie-de-fourmis\\\/\"]}]},{\"@type\":\"ImageObject\",\"inLanguage\":\"fr-FR\",\"@id\":\"https:\\\/\\\/antderground.com\\\/fr\\\/produit\\\/kit-de-demarrage-pour-colonie-de-fourmis\\\/#primaryimage\",\"url\":\"https:\\\/\\\/antderground.com\\\/wp-content\\\/uploads\\\/2023\\\/04\\\/kit-inicio-hormiguero-reinero-con-forrajeo.jpg\",\"contentUrl\":\"https:\\\/\\\/antderground.com\\\/wp-content\\\/uploads\\\/2023\\\/04\\\/kit-inicio-hormiguero-reinero-con-forrajeo.jpg\",\"width\":1280,\"height\":1280},{\"@type\":\"BreadcrumbList\",\"@id\":\"https:\\\/\\\/antderground.com\\\/fr\\\/produit\\\/kit-de-demarrage-pour-colonie-de-fourmis\\\/#breadcrumb\",\"itemListElement\":[{\"@type\":\"ListItem\",\"position\":1,\"name\":\"Portada\",\"item\":\"https:\\\/\\\/antderground.com\\\/fr\\\/\"},{\"@type\":\"ListItem\",\"position\":2,\"name\":\"Boutique\",\"item\":\"https:\\\/\\\/antderground.com\\\/fr\\\/boutique\\\/\"},{\"@type\":\"ListItem\",\"position\":3,\"name\":\"Kit de d\u00e9marrage pour colonie\"}]},{\"@type\":\"WebSite\",\"@id\":\"https:\\\/\\\/antderground.com\\\/fr\\\/#website\",\"url\":\"https:\\\/\\\/antderground.com\\\/fr\\\/\",\"name\":\"ANTDERGROUND\",\"description\":\"Tu tienda de hormigas, gran variedad de hormigueros acr\u00edlicos,madera,arena,3D y mas.. Pide tus hormigas gratis con tu pedido, somos expertos en hormigueros antifugas.\",\"publisher\":{\"@id\":\"https:\\\/\\\/antderground.com\\\/fr\\\/#\\\/schema\\\/person\\\/0e322c505e84fe72c65e2f6d08f96b81\"},\"alternateName\":\"Antderground\",\"potentialAction\":[{\"@type\":\"SearchAction\",\"target\":{\"@type\":\"EntryPoint\",\"urlTemplate\":\"https:\\\/\\\/antderground.com\\\/fr\\\/?s={search_term_string}\"},\"query-input\":{\"@type\":\"PropertyValueSpecification\",\"valueRequired\":true,\"valueName\":\"search_term_string\"}}],\"inLanguage\":\"fr-FR\"},{\"@type\":[\"Person\",\"Organization\"],\"@id\":\"https:\\\/\\\/antderground.com\\\/fr\\\/#\\\/schema\\\/person\\\/0e322c505e84fe72c65e2f6d08f96b81\",\"name\":\"Eric de Antderground\",\"image\":{\"@type\":\"ImageObject\",\"inLanguage\":\"fr-FR\",\"@id\":\"https:\\\/\\\/secure.gravatar.com\\\/avatar\\\/c49a1b9f79216d1498cb73c1e85cd47f4465dda35f2a94c03790d491bd4423c3?s=96&d=mm&r=g\",\"url\":\"https:\\\/\\\/secure.gravatar.com\\\/avatar\\\/c49a1b9f79216d1498cb73c1e85cd47f4465dda35f2a94c03790d491bd4423c3?s=96&d=mm&r=g\",\"contentUrl\":\"https:\\\/\\\/secure.gravatar.com\\\/avatar\\\/c49a1b9f79216d1498cb73c1e85cd47f4465dda35f2a94c03790d491bd4423c3?s=96&d=mm&r=g\",\"caption\":\"Eric de Antderground\"},\"logo\":{\"@id\":\"https:\\\/\\\/secure.gravatar.com\\\/avatar\\\/c49a1b9f79216d1498cb73c1e85cd47f4465dda35f2a94c03790d491bd4423c3?s=96&d=mm&r=g\"},\"description\":\"Eric es el especialista y fundador de Antderground, con una amplia trayectoria en artr\u00f3podos y enfocado en la mirmecolog\u00eda y el dise\u00f1o de hormigueros artificiales. Su enfoque combina la innovaci\u00f3n t\u00e9cnica con el respeto por la biolog\u00eda de las hormigas, is\u00f3podos y otros, desarrollando sistemas de nidos modulares 3D y acr\u00edlicos que son referentes para aficionados y profesionales en toda Europa. Su objetivo es facilitar la cr\u00eda de hormigas y otros artr\u00f3podos mediante soluciones seguras y divulgaci\u00f3n de calidad.\",\"sameAs\":[\"https:\\\/\\\/antderground.com\\\/\",\"https:\\\/\\\/www.youtube.com\\\/channel\\\/UCio72z7TlbufkAthAJIJfPw\"]}]}<\/script>\n<!-- \/ Yoast SEO plugin. -->","yoast_head_json":{"title":"Kit de d\u00e9marrage (Fourmiliere 3D + Aire de chasse )","description":"Kit de d\u00e9marrage d'une colonie de fourmis (fourmili\u00e8re en 3D avec aire de chasse). Un kit 3D id\u00e9al pour nos reines fourmis. Myrm\u00e9cologie | Nid de fourmi 3d.","robots":{"index":"index","follow":"follow","max-snippet":"max-snippet:-1","max-image-preview":"max-image-preview:large","max-video-preview":"max-video-preview:-1"},"canonical":"https:\/\/antderground.com\/fr\/produit\/kit-de-demarrage-pour-colonie-de-fourmis\/","og_locale":"fr_FR","og_type":"article","og_title":"Kit de d\u00e9marrage (Fourmiliere 3D + Aire de chasse )","og_description":"Kit de d\u00e9marrage d'une colonie de fourmis (fourmili\u00e8re en 3D avec aire de chasse). Un kit 3D id\u00e9al pour nos reines fourmis. Myrm\u00e9cologie | Nid de fourmi 3d.","og_url":"https:\/\/antderground.com\/fr\/produit\/kit-de-demarrage-pour-colonie-de-fourmis\/","og_site_name":"ANTDERGROUND","article_modified_time":"2023-07-05T13:04:29+00:00","og_image":[{"width":1280,"height":1280,"url":"https:\/\/antderground.com\/wp-content\/uploads\/2023\/04\/kit-inicio-hormiguero-reinero-con-forrajeo.jpg","type":"image\/jpeg"}],"twitter_card":"summary_large_image","twitter_misc":{"Dur\u00e9e de lecture estim\u00e9e":"1 minute"},"schema":{"@context":"https:\/\/schema.org","@graph":[{"@type":"WebPage","@id":"https:\/\/antderground.com\/fr\/produit\/kit-de-demarrage-pour-colonie-de-fourmis\/","url":"https:\/\/antderground.com\/fr\/produit\/kit-de-demarrage-pour-colonie-de-fourmis\/","name":"Kit de d\u00e9marrage (Fourmiliere 3D + Aire de chasse )","isPartOf":{"@id":"https:\/\/antderground.com\/fr\/#website"},"primaryImageOfPage":{"@id":"https:\/\/antderground.com\/fr\/produit\/kit-de-demarrage-pour-colonie-de-fourmis\/#primaryimage"},"image":{"@id":"https:\/\/antderground.com\/fr\/produit\/kit-de-demarrage-pour-colonie-de-fourmis\/#primaryimage"},"thumbnailUrl":"https:\/\/antderground.com\/wp-content\/uploads\/2023\/04\/kit-inicio-hormiguero-reinero-con-forrajeo.jpg","datePublished":"2023-04-27T17:09:56+00:00","dateModified":"2023-07-05T13:04:29+00:00","description":"Kit de d\u00e9marrage d'une colonie de fourmis (fourmili\u00e8re en 3D avec aire de chasse). Un kit 3D id\u00e9al pour nos reines fourmis. Myrm\u00e9cologie | Nid de fourmi 3d.","breadcrumb":{"@id":"https:\/\/antderground.com\/fr\/produit\/kit-de-demarrage-pour-colonie-de-fourmis\/#breadcrumb"},"inLanguage":"fr-FR","potentialAction":[{"@type":"ReadAction","target":["https:\/\/antderground.com\/fr\/produit\/kit-de-demarrage-pour-colonie-de-fourmis\/"]}]},{"@type":"ImageObject","inLanguage":"fr-FR","@id":"https:\/\/antderground.com\/fr\/produit\/kit-de-demarrage-pour-colonie-de-fourmis\/#primaryimage","url":"https:\/\/antderground.com\/wp-content\/uploads\/2023\/04\/kit-inicio-hormiguero-reinero-con-forrajeo.jpg","contentUrl":"https:\/\/antderground.com\/wp-content\/uploads\/2023\/04\/kit-inicio-hormiguero-reinero-con-forrajeo.jpg","width":1280,"height":1280},{"@type":"BreadcrumbList","@id":"https:\/\/antderground.com\/fr\/produit\/kit-de-demarrage-pour-colonie-de-fourmis\/#breadcrumb","itemListElement":[{"@type":"ListItem","position":1,"name":"Portada","item":"https:\/\/antderground.com\/fr\/"},{"@type":"ListItem","position":2,"name":"Boutique","item":"https:\/\/antderground.com\/fr\/boutique\/"},{"@type":"ListItem","position":3,"name":"Kit de d\u00e9marrage pour colonie"}]},{"@type":"WebSite","@id":"https:\/\/antderground.com\/fr\/#website","url":"https:\/\/antderground.com\/fr\/","name":"ANTDERGROUND","description":"Tu tienda de hormigas, gran variedad de hormigueros acr\u00edlicos,madera,arena,3D y mas.. Pide tus hormigas gratis con tu pedido, somos expertos en hormigueros antifugas.","publisher":{"@id":"https:\/\/antderground.com\/fr\/#\/schema\/person\/0e322c505e84fe72c65e2f6d08f96b81"},"alternateName":"Antderground","potentialAction":[{"@type":"SearchAction","target":{"@type":"EntryPoint","urlTemplate":"https:\/\/antderground.com\/fr\/?s={search_term_string}"},"query-input":{"@type":"PropertyValueSpecification","valueRequired":true,"valueName":"search_term_string"}}],"inLanguage":"fr-FR"},{"@type":["Person","Organization"],"@id":"https:\/\/antderground.com\/fr\/#\/schema\/person\/0e322c505e84fe72c65e2f6d08f96b81","name":"Eric de Antderground","image":{"@type":"ImageObject","inLanguage":"fr-FR","@id":"https:\/\/secure.gravatar.com\/avatar\/c49a1b9f79216d1498cb73c1e85cd47f4465dda35f2a94c03790d491bd4423c3?s=96&d=mm&r=g","url":"https:\/\/secure.gravatar.com\/avatar\/c49a1b9f79216d1498cb73c1e85cd47f4465dda35f2a94c03790d491bd4423c3?s=96&d=mm&r=g","contentUrl":"https:\/\/secure.gravatar.com\/avatar\/c49a1b9f79216d1498cb73c1e85cd47f4465dda35f2a94c03790d491bd4423c3?s=96&d=mm&r=g","caption":"Eric de Antderground"},"logo":{"@id":"https:\/\/secure.gravatar.com\/avatar\/c49a1b9f79216d1498cb73c1e85cd47f4465dda35f2a94c03790d491bd4423c3?s=96&d=mm&r=g"},"description":"Eric es el especialista y fundador de Antderground, con una amplia trayectoria en artr\u00f3podos y enfocado en la mirmecolog\u00eda y el dise\u00f1o de hormigueros artificiales. Su enfoque combina la innovaci\u00f3n t\u00e9cnica con el respeto por la biolog\u00eda de las hormigas, is\u00f3podos y otros, desarrollando sistemas de nidos modulares 3D y acr\u00edlicos que son referentes para aficionados y profesionales en toda Europa. Su objetivo es facilitar la cr\u00eda de hormigas y otros artr\u00f3podos mediante soluciones seguras y divulgaci\u00f3n de calidad.","sameAs":["https:\/\/antderground.com\/","https:\/\/www.youtube.com\/channel\/UCio72z7TlbufkAthAJIJfPw"]}]}},"_links":{"self":[{"href":"https:\/\/antderground.com\/fr\/wp-json\/wp\/v2\/product\/28343","targetHints":{"allow":["GET"]}}],"collection":[{"href":"https:\/\/antderground.com\/fr\/wp-json\/wp\/v2\/product"}],"about":[{"href":"https:\/\/antderground.com\/fr\/wp-json\/wp\/v2\/types\/product"}],"version-history":[{"count":0,"href":"https:\/\/antderground.com\/fr\/wp-json\/wp\/v2\/product\/28343\/revisions"}],"wp:featuredmedia":[{"embeddable":true,"href":"https:\/\/antderground.com\/fr\/wp-json\/wp\/v2\/media\/31054"}],"wp:attachment":[{"href":"https:\/\/antderground.com\/fr\/wp-json\/wp\/v2\/media?parent=28343"}],"wp:term":[{"taxonomy":"product_brand","embeddable":true,"href":"https:\/\/antderground.com\/fr\/wp-json\/wp\/v2\/product_brand?post=28343"},{"taxonomy":"product_cat","embeddable":true,"href":"https:\/\/antderground.com\/fr\/wp-json\/wp\/v2\/product_cat?post=28343"},{"taxonomy":"product_tag","embeddable":true,"href":"https:\/\/antderground.com\/fr\/wp-json\/wp\/v2\/product_tag?post=28343"}],"curies":[{"name":"wp","href":"https:\/\/api.w.org\/{rel}","templated":true}]}}