{"id":28688,"date":"2019-10-16T16:05:10","date_gmt":"2019-10-16T14:05:10","guid":{"rendered":"https:\/\/www.antderground.com\/producto\/colobopsis-truncata\/"},"modified":"2025-06-06T09:32:46","modified_gmt":"2025-06-06T07:32:46","slug":"colobopsis-truncata","status":"publish","type":"product","link":"https:\/\/antderground.com\/fr\/produit\/colobopsis-truncata\/","title":{"rendered":"Colobopsis truncata"},"content":{"rendered":"<p><strong>Nom scientifique :<\/strong> Colobopsis truncata<\/p>\n<p><strong>Classification taxonomique :<\/strong> R\u00e8gne Animalia, Embranchement Arthropoda, Classe Insecta, Ordre Hymenoptera, Famille Formicidae, Sous-famille Formicinae, Tribu Camponotini, Genre Colobopsis.<\/p>\n<p><strong>R\u00e9partition g\u00e9ographique :<\/strong> Colobopsis truncata se trouve principalement dans la r\u00e9gion m\u00e9diterran\u00e9enne, comprenant des pays tels que l&#8217;Espagne, l&#8217;Italie, la Gr\u00e8ce et d&#8217;autres pays c\u00f4tiers de la r\u00e9gion.<\/p>\n<p><strong>Caract\u00e9ristiques physiques :<\/strong> Colobopsis truncata est une fourmi de petite \u00e0 moyenne taille, mesurant en moyenne environ 4 \u00e0 6 mm de long. Son corps est couvert d&#8217;un exosquelette dur et d&#8217;un noir brillant. Elles ont de grandes mandibules et une t\u00eate en forme de c\u0153ur.<\/p>\n<p><strong>Comportement :<\/strong> Colobopsis truncata est connue pour son comportement d\u00e9fensif. Lorsqu&#8217;elle se sent menac\u00e9e, cette fourmi peut lever son abdomen et lib\u00e9rer une substance collante et visqueuse, servant \u00e0 pi\u00e9ger les pr\u00e9dateurs. Elles forment \u00e9galement des colonies dans les arbres et construisent des nids de feuilles.<\/p>\n<p><strong>\u00c9tat de conservation :<\/strong> Aucune information sp\u00e9cifique n&#8217;est disponible sur l&#8217;\u00e9tat de conservation de cette esp\u00e8ce.<\/p>\n<p><strong>Notes suppl\u00e9mentaires :<\/strong> Colobopsis truncata est une esp\u00e8ce de fourmi principalement pr\u00e9sente dans les habitats m\u00e9diterran\u00e9ens, tels que les for\u00eats et les zones c\u00f4ti\u00e8res. Elles sont connues pour leur comportement d\u00e9fensif unique et leur capacit\u00e9 \u00e0 construire des nids de feuilles. De plus, il a \u00e9t\u00e9 observ\u00e9 qu&#8217;elles entretiennent des relations symbiotiques avec certains insectes et plantes.<\/p>\n","protected":false},"excerpt":{"rendered":"<p>Nom scientifique : Colobopsis truncata Classification taxonomique : R\u00e8gne Animalia, Embranchement Arthropoda, Classe Insecta, Ordre Hymenoptera, Famille Formicidae, Sous-famille Formicinae,<\/p>\n","protected":false},"featured_media":30011,"template":"","meta":[],"product_brand":[],"product_cat":[113,305],"product_tag":[],"class_list":{"0":"post-28688","1":"product","2":"type-product","3":"status-publish","4":"has-post-thumbnail","6":"product_cat-fourmis","7":"product_cat-fourmis-autochtones","9":"first","10":"outofstock","11":"shipping-taxable","12":"purchasable","13":"product-type-variable"},"yoast_head":"<!-- This site is optimized with the Yoast SEO plugin v27.3 - https:\/\/yoast.com\/product\/yoast-seo-wordpress\/ -->\n<title>Colobopsis truncata - ANTDERGROUND<\/title>\n<meta name=\"description\" content=\"Colobopsis truncata. Gardien de fourmis. Fourmi Arboricola. Fourmis gratuites, votre fourmili\u00e8re. Camponotus truncatus.\" \/>\n<meta name=\"robots\" content=\"index, follow, max-snippet:-1, max-image-preview:large, max-video-preview:-1\" \/>\n<link rel=\"canonical\" href=\"https:\/\/antderground.com\/fr\/produit\/colobopsis-truncata\/\" \/>\n<meta property=\"og:locale\" content=\"fr_FR\" \/>\n<meta property=\"og:type\" content=\"article\" \/>\n<meta property=\"og:title\" content=\"Colobopsis truncata - ANTDERGROUND\" \/>\n<meta property=\"og:description\" content=\"Colobopsis truncata. Gardien de fourmis. Fourmi Arboricola. Fourmis gratuites, votre fourmili\u00e8re. Camponotus truncatus.\" \/>\n<meta property=\"og:url\" content=\"https:\/\/antderground.com\/fr\/produit\/colobopsis-truncata\/\" \/>\n<meta property=\"og:site_name\" content=\"ANTDERGROUND\" \/>\n<meta property=\"article:modified_time\" content=\"2025-06-06T07:32:46+00:00\" \/>\n<meta property=\"og:image\" content=\"https:\/\/antderground.com\/wp-content\/uploads\/2019\/10\/reina-de-colobopsis-truncata.jpg\" \/>\n\t<meta property=\"og:image:width\" content=\"709\" \/>\n\t<meta property=\"og:image:height\" content=\"709\" \/>\n\t<meta property=\"og:image:type\" content=\"image\/jpeg\" \/>\n<meta name=\"twitter:card\" content=\"summary_large_image\" \/>\n<meta name=\"twitter:label1\" content=\"Dur\u00e9e de lecture estim\u00e9e\" \/>\n\t<meta name=\"twitter:data1\" content=\"1 minute\" \/>\n<script type=\"application\/ld+json\" class=\"yoast-schema-graph\">{\"@context\":\"https:\\\/\\\/schema.org\",\"@graph\":[{\"@type\":\"WebPage\",\"@id\":\"https:\\\/\\\/antderground.com\\\/fr\\\/produit\\\/colobopsis-truncata\\\/\",\"url\":\"https:\\\/\\\/antderground.com\\\/fr\\\/produit\\\/colobopsis-truncata\\\/\",\"name\":\"Colobopsis truncata - ANTDERGROUND\",\"isPartOf\":{\"@id\":\"https:\\\/\\\/antderground.com\\\/fr\\\/#website\"},\"primaryImageOfPage\":{\"@id\":\"https:\\\/\\\/antderground.com\\\/fr\\\/produit\\\/colobopsis-truncata\\\/#primaryimage\"},\"image\":{\"@id\":\"https:\\\/\\\/antderground.com\\\/fr\\\/produit\\\/colobopsis-truncata\\\/#primaryimage\"},\"thumbnailUrl\":\"https:\\\/\\\/antderground.com\\\/wp-content\\\/uploads\\\/2019\\\/10\\\/reina-de-colobopsis-truncata-2.png.png\",\"datePublished\":\"2019-10-16T14:05:10+00:00\",\"dateModified\":\"2025-06-06T07:32:46+00:00\",\"description\":\"Colobopsis truncata. Gardien de fourmis. Fourmi Arboricola. Fourmis gratuites, votre fourmili\u00e8re. Camponotus truncatus.\",\"breadcrumb\":{\"@id\":\"https:\\\/\\\/antderground.com\\\/fr\\\/produit\\\/colobopsis-truncata\\\/#breadcrumb\"},\"inLanguage\":\"fr-FR\",\"potentialAction\":[{\"@type\":\"ReadAction\",\"target\":[\"https:\\\/\\\/antderground.com\\\/fr\\\/produit\\\/colobopsis-truncata\\\/\"]}]},{\"@type\":\"ImageObject\",\"inLanguage\":\"fr-FR\",\"@id\":\"https:\\\/\\\/antderground.com\\\/fr\\\/produit\\\/colobopsis-truncata\\\/#primaryimage\",\"url\":\"https:\\\/\\\/antderground.com\\\/wp-content\\\/uploads\\\/2019\\\/10\\\/reina-de-colobopsis-truncata-2.png.png\",\"contentUrl\":\"https:\\\/\\\/antderground.com\\\/wp-content\\\/uploads\\\/2019\\\/10\\\/reina-de-colobopsis-truncata-2.png.png\",\"width\":709,\"height\":709,\"caption\":\"reina de colobopsis truncata\"},{\"@type\":\"BreadcrumbList\",\"@id\":\"https:\\\/\\\/antderground.com\\\/fr\\\/produit\\\/colobopsis-truncata\\\/#breadcrumb\",\"itemListElement\":[{\"@type\":\"ListItem\",\"position\":1,\"name\":\"Portada\",\"item\":\"https:\\\/\\\/antderground.com\\\/fr\\\/\"},{\"@type\":\"ListItem\",\"position\":2,\"name\":\"Boutique\",\"item\":\"https:\\\/\\\/antderground.com\\\/fr\\\/boutique\\\/\"},{\"@type\":\"ListItem\",\"position\":3,\"name\":\"Colobopsis truncata\"}]},{\"@type\":\"WebSite\",\"@id\":\"https:\\\/\\\/antderground.com\\\/fr\\\/#website\",\"url\":\"https:\\\/\\\/antderground.com\\\/fr\\\/\",\"name\":\"ANTDERGROUND\",\"description\":\"Tu tienda de hormigas, gran variedad de hormigueros acr\u00edlicos,madera,arena,3D y mas.. Pide tus hormigas gratis con tu pedido, somos expertos en hormigueros antifugas.\",\"publisher\":{\"@id\":\"https:\\\/\\\/antderground.com\\\/fr\\\/#\\\/schema\\\/person\\\/0e322c505e84fe72c65e2f6d08f96b81\"},\"alternateName\":\"Antderground\",\"potentialAction\":[{\"@type\":\"SearchAction\",\"target\":{\"@type\":\"EntryPoint\",\"urlTemplate\":\"https:\\\/\\\/antderground.com\\\/fr\\\/?s={search_term_string}\"},\"query-input\":{\"@type\":\"PropertyValueSpecification\",\"valueRequired\":true,\"valueName\":\"search_term_string\"}}],\"inLanguage\":\"fr-FR\"},{\"@type\":[\"Person\",\"Organization\"],\"@id\":\"https:\\\/\\\/antderground.com\\\/fr\\\/#\\\/schema\\\/person\\\/0e322c505e84fe72c65e2f6d08f96b81\",\"name\":\"Eric de Antderground\",\"image\":{\"@type\":\"ImageObject\",\"inLanguage\":\"fr-FR\",\"@id\":\"https:\\\/\\\/secure.gravatar.com\\\/avatar\\\/c49a1b9f79216d1498cb73c1e85cd47f4465dda35f2a94c03790d491bd4423c3?s=96&d=mm&r=g\",\"url\":\"https:\\\/\\\/secure.gravatar.com\\\/avatar\\\/c49a1b9f79216d1498cb73c1e85cd47f4465dda35f2a94c03790d491bd4423c3?s=96&d=mm&r=g\",\"contentUrl\":\"https:\\\/\\\/secure.gravatar.com\\\/avatar\\\/c49a1b9f79216d1498cb73c1e85cd47f4465dda35f2a94c03790d491bd4423c3?s=96&d=mm&r=g\",\"caption\":\"Eric de Antderground\"},\"logo\":{\"@id\":\"https:\\\/\\\/secure.gravatar.com\\\/avatar\\\/c49a1b9f79216d1498cb73c1e85cd47f4465dda35f2a94c03790d491bd4423c3?s=96&d=mm&r=g\"},\"description\":\"Eric es el especialista y fundador de Antderground, con una amplia trayectoria en artr\u00f3podos y enfocado en la mirmecolog\u00eda y el dise\u00f1o de hormigueros artificiales. Su enfoque combina la innovaci\u00f3n t\u00e9cnica con el respeto por la biolog\u00eda de las hormigas, is\u00f3podos y otros, desarrollando sistemas de nidos modulares 3D y acr\u00edlicos que son referentes para aficionados y profesionales en toda Europa. Su objetivo es facilitar la cr\u00eda de hormigas y otros artr\u00f3podos mediante soluciones seguras y divulgaci\u00f3n de calidad.\",\"sameAs\":[\"https:\\\/\\\/antderground.com\\\/\",\"https:\\\/\\\/www.youtube.com\\\/channel\\\/UCio72z7TlbufkAthAJIJfPw\"]}]}<\/script>\n<!-- \/ Yoast SEO plugin. -->","yoast_head_json":{"title":"Colobopsis truncata - ANTDERGROUND","description":"Colobopsis truncata. Gardien de fourmis. Fourmi Arboricola. Fourmis gratuites, votre fourmili\u00e8re. Camponotus truncatus.","robots":{"index":"index","follow":"follow","max-snippet":"max-snippet:-1","max-image-preview":"max-image-preview:large","max-video-preview":"max-video-preview:-1"},"canonical":"https:\/\/antderground.com\/fr\/produit\/colobopsis-truncata\/","og_locale":"fr_FR","og_type":"article","og_title":"Colobopsis truncata - ANTDERGROUND","og_description":"Colobopsis truncata. Gardien de fourmis. Fourmi Arboricola. Fourmis gratuites, votre fourmili\u00e8re. Camponotus truncatus.","og_url":"https:\/\/antderground.com\/fr\/produit\/colobopsis-truncata\/","og_site_name":"ANTDERGROUND","article_modified_time":"2025-06-06T07:32:46+00:00","og_image":[{"width":709,"height":709,"url":"https:\/\/antderground.com\/wp-content\/uploads\/2019\/10\/reina-de-colobopsis-truncata.jpg","type":"image\/jpeg"}],"twitter_card":"summary_large_image","twitter_misc":{"Dur\u00e9e de lecture estim\u00e9e":"1 minute"},"schema":{"@context":"https:\/\/schema.org","@graph":[{"@type":"WebPage","@id":"https:\/\/antderground.com\/fr\/produit\/colobopsis-truncata\/","url":"https:\/\/antderground.com\/fr\/produit\/colobopsis-truncata\/","name":"Colobopsis truncata - ANTDERGROUND","isPartOf":{"@id":"https:\/\/antderground.com\/fr\/#website"},"primaryImageOfPage":{"@id":"https:\/\/antderground.com\/fr\/produit\/colobopsis-truncata\/#primaryimage"},"image":{"@id":"https:\/\/antderground.com\/fr\/produit\/colobopsis-truncata\/#primaryimage"},"thumbnailUrl":"https:\/\/antderground.com\/wp-content\/uploads\/2019\/10\/reina-de-colobopsis-truncata-2.png.png","datePublished":"2019-10-16T14:05:10+00:00","dateModified":"2025-06-06T07:32:46+00:00","description":"Colobopsis truncata. Gardien de fourmis. Fourmi Arboricola. Fourmis gratuites, votre fourmili\u00e8re. Camponotus truncatus.","breadcrumb":{"@id":"https:\/\/antderground.com\/fr\/produit\/colobopsis-truncata\/#breadcrumb"},"inLanguage":"fr-FR","potentialAction":[{"@type":"ReadAction","target":["https:\/\/antderground.com\/fr\/produit\/colobopsis-truncata\/"]}]},{"@type":"ImageObject","inLanguage":"fr-FR","@id":"https:\/\/antderground.com\/fr\/produit\/colobopsis-truncata\/#primaryimage","url":"https:\/\/antderground.com\/wp-content\/uploads\/2019\/10\/reina-de-colobopsis-truncata-2.png.png","contentUrl":"https:\/\/antderground.com\/wp-content\/uploads\/2019\/10\/reina-de-colobopsis-truncata-2.png.png","width":709,"height":709,"caption":"reina de colobopsis truncata"},{"@type":"BreadcrumbList","@id":"https:\/\/antderground.com\/fr\/produit\/colobopsis-truncata\/#breadcrumb","itemListElement":[{"@type":"ListItem","position":1,"name":"Portada","item":"https:\/\/antderground.com\/fr\/"},{"@type":"ListItem","position":2,"name":"Boutique","item":"https:\/\/antderground.com\/fr\/boutique\/"},{"@type":"ListItem","position":3,"name":"Colobopsis truncata"}]},{"@type":"WebSite","@id":"https:\/\/antderground.com\/fr\/#website","url":"https:\/\/antderground.com\/fr\/","name":"ANTDERGROUND","description":"Tu tienda de hormigas, gran variedad de hormigueros acr\u00edlicos,madera,arena,3D y mas.. Pide tus hormigas gratis con tu pedido, somos expertos en hormigueros antifugas.","publisher":{"@id":"https:\/\/antderground.com\/fr\/#\/schema\/person\/0e322c505e84fe72c65e2f6d08f96b81"},"alternateName":"Antderground","potentialAction":[{"@type":"SearchAction","target":{"@type":"EntryPoint","urlTemplate":"https:\/\/antderground.com\/fr\/?s={search_term_string}"},"query-input":{"@type":"PropertyValueSpecification","valueRequired":true,"valueName":"search_term_string"}}],"inLanguage":"fr-FR"},{"@type":["Person","Organization"],"@id":"https:\/\/antderground.com\/fr\/#\/schema\/person\/0e322c505e84fe72c65e2f6d08f96b81","name":"Eric de Antderground","image":{"@type":"ImageObject","inLanguage":"fr-FR","@id":"https:\/\/secure.gravatar.com\/avatar\/c49a1b9f79216d1498cb73c1e85cd47f4465dda35f2a94c03790d491bd4423c3?s=96&d=mm&r=g","url":"https:\/\/secure.gravatar.com\/avatar\/c49a1b9f79216d1498cb73c1e85cd47f4465dda35f2a94c03790d491bd4423c3?s=96&d=mm&r=g","contentUrl":"https:\/\/secure.gravatar.com\/avatar\/c49a1b9f79216d1498cb73c1e85cd47f4465dda35f2a94c03790d491bd4423c3?s=96&d=mm&r=g","caption":"Eric de Antderground"},"logo":{"@id":"https:\/\/secure.gravatar.com\/avatar\/c49a1b9f79216d1498cb73c1e85cd47f4465dda35f2a94c03790d491bd4423c3?s=96&d=mm&r=g"},"description":"Eric es el especialista y fundador de Antderground, con una amplia trayectoria en artr\u00f3podos y enfocado en la mirmecolog\u00eda y el dise\u00f1o de hormigueros artificiales. Su enfoque combina la innovaci\u00f3n t\u00e9cnica con el respeto por la biolog\u00eda de las hormigas, is\u00f3podos y otros, desarrollando sistemas de nidos modulares 3D y acr\u00edlicos que son referentes para aficionados y profesionales en toda Europa. Su objetivo es facilitar la cr\u00eda de hormigas y otros artr\u00f3podos mediante soluciones seguras y divulgaci\u00f3n de calidad.","sameAs":["https:\/\/antderground.com\/","https:\/\/www.youtube.com\/channel\/UCio72z7TlbufkAthAJIJfPw"]}]}},"_links":{"self":[{"href":"https:\/\/antderground.com\/fr\/wp-json\/wp\/v2\/product\/28688","targetHints":{"allow":["GET"]}}],"collection":[{"href":"https:\/\/antderground.com\/fr\/wp-json\/wp\/v2\/product"}],"about":[{"href":"https:\/\/antderground.com\/fr\/wp-json\/wp\/v2\/types\/product"}],"version-history":[{"count":0,"href":"https:\/\/antderground.com\/fr\/wp-json\/wp\/v2\/product\/28688\/revisions"}],"wp:featuredmedia":[{"embeddable":true,"href":"https:\/\/antderground.com\/fr\/wp-json\/wp\/v2\/media\/30011"}],"wp:attachment":[{"href":"https:\/\/antderground.com\/fr\/wp-json\/wp\/v2\/media?parent=28688"}],"wp:term":[{"taxonomy":"product_brand","embeddable":true,"href":"https:\/\/antderground.com\/fr\/wp-json\/wp\/v2\/product_brand?post=28688"},{"taxonomy":"product_cat","embeddable":true,"href":"https:\/\/antderground.com\/fr\/wp-json\/wp\/v2\/product_cat?post=28688"},{"taxonomy":"product_tag","embeddable":true,"href":"https:\/\/antderground.com\/fr\/wp-json\/wp\/v2\/product_tag?post=28688"}],"curies":[{"name":"wp","href":"https:\/\/api.w.org\/{rel}","templated":true}]}}