{"id":28772,"date":"2023-06-07T16:22:07","date_gmt":"2023-06-07T14:22:07","guid":{"rendered":"https:\/\/www.antderground.com\/producto\/manica-rubida-reine\/"},"modified":"2025-08-12T14:40:45","modified_gmt":"2025-08-12T12:40:45","slug":"manica-rubida","status":"publish","type":"product","link":"https:\/\/antderground.com\/fr\/produit\/manica-rubida\/","title":{"rendered":"Manica rubida (Reine)"},"content":{"rendered":"<p><strong>Nom scientifique :<\/strong> Manica rubida<\/p>\n<p><strong>Classification taxonomique :<\/strong><br \/>\nR\u00e8gne Animalia,<br \/>\nPhylum Arthropoda,<br \/>\nClasse Insecta,<br \/>\nOrdre Hymenoptera,<br \/>\nFamille Formicidae,<br \/>\nSous-famille Myrmicinae,<br \/>\nTribu Myrmicini,<br \/>\nGenre Manica.<\/p>\n<p><strong>Distribution g\u00e9ographique :<\/strong> Manica rubida se trouve principalement en Europe, dans des pays tels que le Royaume-Uni, la France, l&#8217;Allemagne, la Suisse, l&#8217;Italie et d&#8217;autres pays europ\u00e9ens.<\/p>\n<p><strong>Caract\u00e9ristiques physiques :<\/strong> Manica rubida est une fourmi de taille moyenne \u00e0 grande, avec des ouvri\u00e8res mesurant environ 6 \u00e0 8 mm de longueur. Son corps est de couleur rouge fonc\u00e9 \u00e0 brun rouge\u00e2tre, avec une t\u00eate et un abdomen bien distincts. Elles ont des mandibules puissantes et des pattes longues et fines.<\/p>\n<p><strong>Comportement :<\/strong> Manica rubida est une esp\u00e8ce de fourmi qui forme des colonies avec un haut degr\u00e9 d&#8217;organisation. Elles sont connues pour leur comportement agressif et d\u00e9fensif. Elles se nourrissent principalement de petits insectes et de nectar de fleurs. Elles construisent leurs nids dans le sol et peuvent se d\u00e9placer rapidement \u00e0 la recherche de nourriture.<\/p>\n<p><strong>\u00c9tat de conservation :<\/strong> Aucune information sp\u00e9cifique n&#8217;est disponible sur l&#8217;\u00e9tat de conservation de cette esp\u00e8ce.<\/p>\n<p><strong>Notes suppl\u00e9mentaires :<\/strong> Manica rubida est une esp\u00e8ce de fourmi commune que l&#8217;on trouve dans diff\u00e9rents habitats en Europe. Leur agressivit\u00e9 et leur capacit\u00e9 \u00e0 former des colonies bien organis\u00e9es sont des caract\u00e9ristiques notables. On peut souvent les trouver dans des zones ouvertes, des prairies, des for\u00eats et des jardins.<\/p>\n","protected":false},"excerpt":{"rendered":"<p>Nom scientifique : Manica rubida Classification taxonomique : R\u00e8gne Animalia, Phylum Arthropoda, Classe Insecta, Ordre Hymenoptera, Famille Formicidae, Sous-famille Myrmicinae,<\/p>\n","protected":false},"featured_media":28764,"template":"","meta":[],"product_brand":[],"product_cat":[113,305],"product_tag":[],"class_list":{"0":"post-28772","1":"product","2":"type-product","3":"status-publish","4":"has-post-thumbnail","6":"product_cat-fourmis","7":"product_cat-fourmis-autochtones","9":"first","10":"outofstock","11":"shipping-taxable","12":"purchasable","13":"product-type-variable"},"yoast_head":"<!-- This site is optimized with the Yoast SEO plugin v27.3 - https:\/\/yoast.com\/product\/yoast-seo-wordpress\/ -->\n<title>Manica rubida (Reine) (Reine) - ANTDERGROUND<\/title>\n<meta name=\"description\" content=\"Nouvelle fourmi europ\u00e9enne (Manica rubida), une fourmi reine \u00e9tonnante. D\u00e9couvrez plus de vari\u00e9t\u00e9s de fourmis europ\u00e9ennes \u00e0 Antderground.\" \/>\n<meta name=\"robots\" content=\"index, follow, max-snippet:-1, max-image-preview:large, max-video-preview:-1\" \/>\n<link rel=\"canonical\" href=\"https:\/\/antderground.com\/fr\/produit\/manica-rubida\/\" \/>\n<meta property=\"og:locale\" content=\"fr_FR\" \/>\n<meta property=\"og:type\" content=\"article\" \/>\n<meta property=\"og:title\" content=\"Manica rubida (Reine) (Reine) - ANTDERGROUND\" \/>\n<meta property=\"og:description\" content=\"Nouvelle fourmi europ\u00e9enne (Manica rubida), une fourmi reine \u00e9tonnante. D\u00e9couvrez plus de vari\u00e9t\u00e9s de fourmis europ\u00e9ennes \u00e0 Antderground.\" \/>\n<meta property=\"og:url\" content=\"https:\/\/antderground.com\/fr\/produit\/manica-rubida\/\" \/>\n<meta property=\"og:site_name\" content=\"ANTDERGROUND\" \/>\n<meta property=\"article:modified_time\" content=\"2025-08-12T12:40:45+00:00\" \/>\n<meta property=\"og:image\" content=\"https:\/\/antderground.com\/wp-content\/uploads\/2023\/06\/Manica-rubida.jpg\" \/>\n\t<meta property=\"og:image:width\" content=\"1417\" \/>\n\t<meta property=\"og:image:height\" content=\"1417\" \/>\n\t<meta property=\"og:image:type\" content=\"image\/jpeg\" \/>\n<meta name=\"twitter:card\" content=\"summary_large_image\" \/>\n<meta name=\"twitter:label1\" content=\"Dur\u00e9e de lecture estim\u00e9e\" \/>\n\t<meta name=\"twitter:data1\" content=\"1 minute\" \/>\n<script type=\"application\/ld+json\" class=\"yoast-schema-graph\">{\"@context\":\"https:\\\/\\\/schema.org\",\"@graph\":[{\"@type\":\"WebPage\",\"@id\":\"https:\\\/\\\/antderground.com\\\/fr\\\/produit\\\/manica-rubida\\\/\",\"url\":\"https:\\\/\\\/antderground.com\\\/fr\\\/produit\\\/manica-rubida\\\/\",\"name\":\"Manica rubida (Reine) (Reine) - ANTDERGROUND\",\"isPartOf\":{\"@id\":\"https:\\\/\\\/antderground.com\\\/fr\\\/#website\"},\"primaryImageOfPage\":{\"@id\":\"https:\\\/\\\/antderground.com\\\/fr\\\/produit\\\/manica-rubida\\\/#primaryimage\"},\"image\":{\"@id\":\"https:\\\/\\\/antderground.com\\\/fr\\\/produit\\\/manica-rubida\\\/#primaryimage\"},\"thumbnailUrl\":\"https:\\\/\\\/antderground.com\\\/wp-content\\\/uploads\\\/2023\\\/06\\\/Manica-rubida.jpg\",\"datePublished\":\"2023-06-07T14:22:07+00:00\",\"dateModified\":\"2025-08-12T12:40:45+00:00\",\"description\":\"Nouvelle fourmi europ\u00e9enne (Manica rubida), une fourmi reine \u00e9tonnante. D\u00e9couvrez plus de vari\u00e9t\u00e9s de fourmis europ\u00e9ennes \u00e0 Antderground.\",\"breadcrumb\":{\"@id\":\"https:\\\/\\\/antderground.com\\\/fr\\\/produit\\\/manica-rubida\\\/#breadcrumb\"},\"inLanguage\":\"fr-FR\",\"potentialAction\":[{\"@type\":\"ReadAction\",\"target\":[\"https:\\\/\\\/antderground.com\\\/fr\\\/produit\\\/manica-rubida\\\/\"]}]},{\"@type\":\"ImageObject\",\"inLanguage\":\"fr-FR\",\"@id\":\"https:\\\/\\\/antderground.com\\\/fr\\\/produit\\\/manica-rubida\\\/#primaryimage\",\"url\":\"https:\\\/\\\/antderground.com\\\/wp-content\\\/uploads\\\/2023\\\/06\\\/Manica-rubida.jpg\",\"contentUrl\":\"https:\\\/\\\/antderground.com\\\/wp-content\\\/uploads\\\/2023\\\/06\\\/Manica-rubida.jpg\",\"width\":1417,\"height\":1417},{\"@type\":\"BreadcrumbList\",\"@id\":\"https:\\\/\\\/antderground.com\\\/fr\\\/produit\\\/manica-rubida\\\/#breadcrumb\",\"itemListElement\":[{\"@type\":\"ListItem\",\"position\":1,\"name\":\"Portada\",\"item\":\"https:\\\/\\\/antderground.com\\\/fr\\\/\"},{\"@type\":\"ListItem\",\"position\":2,\"name\":\"Boutique\",\"item\":\"https:\\\/\\\/antderground.com\\\/fr\\\/boutique\\\/\"},{\"@type\":\"ListItem\",\"position\":3,\"name\":\"Manica rubida (Reine)\"}]},{\"@type\":\"WebSite\",\"@id\":\"https:\\\/\\\/antderground.com\\\/fr\\\/#website\",\"url\":\"https:\\\/\\\/antderground.com\\\/fr\\\/\",\"name\":\"ANTDERGROUND\",\"description\":\"Tu tienda de hormigas, gran variedad de hormigueros acr\u00edlicos,madera,arena,3D y mas.. Pide tus hormigas gratis con tu pedido, somos expertos en hormigueros antifugas.\",\"publisher\":{\"@id\":\"https:\\\/\\\/antderground.com\\\/fr\\\/#\\\/schema\\\/person\\\/0e322c505e84fe72c65e2f6d08f96b81\"},\"alternateName\":\"Antderground\",\"potentialAction\":[{\"@type\":\"SearchAction\",\"target\":{\"@type\":\"EntryPoint\",\"urlTemplate\":\"https:\\\/\\\/antderground.com\\\/fr\\\/?s={search_term_string}\"},\"query-input\":{\"@type\":\"PropertyValueSpecification\",\"valueRequired\":true,\"valueName\":\"search_term_string\"}}],\"inLanguage\":\"fr-FR\"},{\"@type\":[\"Person\",\"Organization\"],\"@id\":\"https:\\\/\\\/antderground.com\\\/fr\\\/#\\\/schema\\\/person\\\/0e322c505e84fe72c65e2f6d08f96b81\",\"name\":\"Eric de Antderground\",\"image\":{\"@type\":\"ImageObject\",\"inLanguage\":\"fr-FR\",\"@id\":\"https:\\\/\\\/secure.gravatar.com\\\/avatar\\\/c49a1b9f79216d1498cb73c1e85cd47f4465dda35f2a94c03790d491bd4423c3?s=96&d=mm&r=g\",\"url\":\"https:\\\/\\\/secure.gravatar.com\\\/avatar\\\/c49a1b9f79216d1498cb73c1e85cd47f4465dda35f2a94c03790d491bd4423c3?s=96&d=mm&r=g\",\"contentUrl\":\"https:\\\/\\\/secure.gravatar.com\\\/avatar\\\/c49a1b9f79216d1498cb73c1e85cd47f4465dda35f2a94c03790d491bd4423c3?s=96&d=mm&r=g\",\"caption\":\"Eric de Antderground\"},\"logo\":{\"@id\":\"https:\\\/\\\/secure.gravatar.com\\\/avatar\\\/c49a1b9f79216d1498cb73c1e85cd47f4465dda35f2a94c03790d491bd4423c3?s=96&d=mm&r=g\"},\"description\":\"Eric es el especialista y fundador de Antderground, con una amplia trayectoria en artr\u00f3podos y enfocado en la mirmecolog\u00eda y el dise\u00f1o de hormigueros artificiales. Su enfoque combina la innovaci\u00f3n t\u00e9cnica con el respeto por la biolog\u00eda de las hormigas, is\u00f3podos y otros, desarrollando sistemas de nidos modulares 3D y acr\u00edlicos que son referentes para aficionados y profesionales en toda Europa. Su objetivo es facilitar la cr\u00eda de hormigas y otros artr\u00f3podos mediante soluciones seguras y divulgaci\u00f3n de calidad.\",\"sameAs\":[\"https:\\\/\\\/antderground.com\\\/\",\"https:\\\/\\\/www.youtube.com\\\/channel\\\/UCio72z7TlbufkAthAJIJfPw\"]}]}<\/script>\n<!-- \/ Yoast SEO plugin. -->","yoast_head_json":{"title":"Manica rubida (Reine) (Reine) - ANTDERGROUND","description":"Nouvelle fourmi europ\u00e9enne (Manica rubida), une fourmi reine \u00e9tonnante. D\u00e9couvrez plus de vari\u00e9t\u00e9s de fourmis europ\u00e9ennes \u00e0 Antderground.","robots":{"index":"index","follow":"follow","max-snippet":"max-snippet:-1","max-image-preview":"max-image-preview:large","max-video-preview":"max-video-preview:-1"},"canonical":"https:\/\/antderground.com\/fr\/produit\/manica-rubida\/","og_locale":"fr_FR","og_type":"article","og_title":"Manica rubida (Reine) (Reine) - ANTDERGROUND","og_description":"Nouvelle fourmi europ\u00e9enne (Manica rubida), une fourmi reine \u00e9tonnante. D\u00e9couvrez plus de vari\u00e9t\u00e9s de fourmis europ\u00e9ennes \u00e0 Antderground.","og_url":"https:\/\/antderground.com\/fr\/produit\/manica-rubida\/","og_site_name":"ANTDERGROUND","article_modified_time":"2025-08-12T12:40:45+00:00","og_image":[{"width":1417,"height":1417,"url":"https:\/\/antderground.com\/wp-content\/uploads\/2023\/06\/Manica-rubida.jpg","type":"image\/jpeg"}],"twitter_card":"summary_large_image","twitter_misc":{"Dur\u00e9e de lecture estim\u00e9e":"1 minute"},"schema":{"@context":"https:\/\/schema.org","@graph":[{"@type":"WebPage","@id":"https:\/\/antderground.com\/fr\/produit\/manica-rubida\/","url":"https:\/\/antderground.com\/fr\/produit\/manica-rubida\/","name":"Manica rubida (Reine) (Reine) - ANTDERGROUND","isPartOf":{"@id":"https:\/\/antderground.com\/fr\/#website"},"primaryImageOfPage":{"@id":"https:\/\/antderground.com\/fr\/produit\/manica-rubida\/#primaryimage"},"image":{"@id":"https:\/\/antderground.com\/fr\/produit\/manica-rubida\/#primaryimage"},"thumbnailUrl":"https:\/\/antderground.com\/wp-content\/uploads\/2023\/06\/Manica-rubida.jpg","datePublished":"2023-06-07T14:22:07+00:00","dateModified":"2025-08-12T12:40:45+00:00","description":"Nouvelle fourmi europ\u00e9enne (Manica rubida), une fourmi reine \u00e9tonnante. D\u00e9couvrez plus de vari\u00e9t\u00e9s de fourmis europ\u00e9ennes \u00e0 Antderground.","breadcrumb":{"@id":"https:\/\/antderground.com\/fr\/produit\/manica-rubida\/#breadcrumb"},"inLanguage":"fr-FR","potentialAction":[{"@type":"ReadAction","target":["https:\/\/antderground.com\/fr\/produit\/manica-rubida\/"]}]},{"@type":"ImageObject","inLanguage":"fr-FR","@id":"https:\/\/antderground.com\/fr\/produit\/manica-rubida\/#primaryimage","url":"https:\/\/antderground.com\/wp-content\/uploads\/2023\/06\/Manica-rubida.jpg","contentUrl":"https:\/\/antderground.com\/wp-content\/uploads\/2023\/06\/Manica-rubida.jpg","width":1417,"height":1417},{"@type":"BreadcrumbList","@id":"https:\/\/antderground.com\/fr\/produit\/manica-rubida\/#breadcrumb","itemListElement":[{"@type":"ListItem","position":1,"name":"Portada","item":"https:\/\/antderground.com\/fr\/"},{"@type":"ListItem","position":2,"name":"Boutique","item":"https:\/\/antderground.com\/fr\/boutique\/"},{"@type":"ListItem","position":3,"name":"Manica rubida (Reine)"}]},{"@type":"WebSite","@id":"https:\/\/antderground.com\/fr\/#website","url":"https:\/\/antderground.com\/fr\/","name":"ANTDERGROUND","description":"Tu tienda de hormigas, gran variedad de hormigueros acr\u00edlicos,madera,arena,3D y mas.. Pide tus hormigas gratis con tu pedido, somos expertos en hormigueros antifugas.","publisher":{"@id":"https:\/\/antderground.com\/fr\/#\/schema\/person\/0e322c505e84fe72c65e2f6d08f96b81"},"alternateName":"Antderground","potentialAction":[{"@type":"SearchAction","target":{"@type":"EntryPoint","urlTemplate":"https:\/\/antderground.com\/fr\/?s={search_term_string}"},"query-input":{"@type":"PropertyValueSpecification","valueRequired":true,"valueName":"search_term_string"}}],"inLanguage":"fr-FR"},{"@type":["Person","Organization"],"@id":"https:\/\/antderground.com\/fr\/#\/schema\/person\/0e322c505e84fe72c65e2f6d08f96b81","name":"Eric de Antderground","image":{"@type":"ImageObject","inLanguage":"fr-FR","@id":"https:\/\/secure.gravatar.com\/avatar\/c49a1b9f79216d1498cb73c1e85cd47f4465dda35f2a94c03790d491bd4423c3?s=96&d=mm&r=g","url":"https:\/\/secure.gravatar.com\/avatar\/c49a1b9f79216d1498cb73c1e85cd47f4465dda35f2a94c03790d491bd4423c3?s=96&d=mm&r=g","contentUrl":"https:\/\/secure.gravatar.com\/avatar\/c49a1b9f79216d1498cb73c1e85cd47f4465dda35f2a94c03790d491bd4423c3?s=96&d=mm&r=g","caption":"Eric de Antderground"},"logo":{"@id":"https:\/\/secure.gravatar.com\/avatar\/c49a1b9f79216d1498cb73c1e85cd47f4465dda35f2a94c03790d491bd4423c3?s=96&d=mm&r=g"},"description":"Eric es el especialista y fundador de Antderground, con una amplia trayectoria en artr\u00f3podos y enfocado en la mirmecolog\u00eda y el dise\u00f1o de hormigueros artificiales. Su enfoque combina la innovaci\u00f3n t\u00e9cnica con el respeto por la biolog\u00eda de las hormigas, is\u00f3podos y otros, desarrollando sistemas de nidos modulares 3D y acr\u00edlicos que son referentes para aficionados y profesionales en toda Europa. Su objetivo es facilitar la cr\u00eda de hormigas y otros artr\u00f3podos mediante soluciones seguras y divulgaci\u00f3n de calidad.","sameAs":["https:\/\/antderground.com\/","https:\/\/www.youtube.com\/channel\/UCio72z7TlbufkAthAJIJfPw"]}]}},"_links":{"self":[{"href":"https:\/\/antderground.com\/fr\/wp-json\/wp\/v2\/product\/28772","targetHints":{"allow":["GET"]}}],"collection":[{"href":"https:\/\/antderground.com\/fr\/wp-json\/wp\/v2\/product"}],"about":[{"href":"https:\/\/antderground.com\/fr\/wp-json\/wp\/v2\/types\/product"}],"version-history":[{"count":0,"href":"https:\/\/antderground.com\/fr\/wp-json\/wp\/v2\/product\/28772\/revisions"}],"wp:featuredmedia":[{"embeddable":true,"href":"https:\/\/antderground.com\/fr\/wp-json\/wp\/v2\/media\/28764"}],"wp:attachment":[{"href":"https:\/\/antderground.com\/fr\/wp-json\/wp\/v2\/media?parent=28772"}],"wp:term":[{"taxonomy":"product_brand","embeddable":true,"href":"https:\/\/antderground.com\/fr\/wp-json\/wp\/v2\/product_brand?post=28772"},{"taxonomy":"product_cat","embeddable":true,"href":"https:\/\/antderground.com\/fr\/wp-json\/wp\/v2\/product_cat?post=28772"},{"taxonomy":"product_tag","embeddable":true,"href":"https:\/\/antderground.com\/fr\/wp-json\/wp\/v2\/product_tag?post=28772"}],"curies":[{"name":"wp","href":"https:\/\/api.w.org\/{rel}","templated":true}]}}