{"id":29011,"date":"2023-06-12T18:00:34","date_gmt":"2023-06-12T16:00:34","guid":{"rendered":"https:\/\/www.antderground.com\/producto\/iridomyrmex-anceps\/"},"modified":"2023-06-12T18:00:34","modified_gmt":"2023-06-12T16:00:34","slug":"iridomyrmex-anceps","status":"publish","type":"product","link":"https:\/\/antderground.com\/fr\/produit\/iridomyrmex-anceps\/","title":{"rendered":"Iridomyrmex anceps"},"content":{"rendered":"<p><strong>Nom scientifique :<\/strong> Iridomyrmex anceps<\/p>\n<p><strong>Classification taxonomique :<\/strong><br \/>\nR\u00e8gne Animalia,<br \/>\nPhylum Arthropoda,<br \/>\nClasse Insecta,<br \/>\nOrdre Hymenoptera,<br \/>\nFamille Formicidae,<br \/>\nSous-famille Dolichoderinae,<br \/>\nGenre Iridomyrmex.<\/p>\n<p><strong>R\u00e9partition g\u00e9ographique :<\/strong> Iridomyrmex anceps est originaire d&#8217;Australie. On la trouve dans diff\u00e9rentes parties du pays, notamment dans les r\u00e9gions c\u00f4ti\u00e8res et les zones int\u00e9rieures.<\/p>\n<p><strong>Caract\u00e9ristiques physiques :<\/strong> Iridomyrmex anceps est une petite \u00e0 moyenne fourmi, avec des ouvri\u00e8res mesurant g\u00e9n\u00e9ralement entre 4 et 6 mm de longueur. Son corps est de couleur brun rouge\u00e2tre, et elle poss\u00e8de de longues antennes et des mandibules puissantes. Chaque segment de son corps est recouvert d&#8217;une fine couche de poils.<\/p>\n<p><strong>Comportement :<\/strong> Iridomyrmex anceps est une fourmi territoriale et agressive. Elle d\u00e9fend sa colonie et manifeste des comportements d\u00e9fensifs lorsqu&#8217;elle se sent menac\u00e9e. Elle est g\u00e9n\u00e9ralement omnivore et se nourrit de diff\u00e9rentes sources alimentaires, notamment de nectar, d&#8217;insectes morts et de s\u00e9cr\u00e9tions d&#8217;insectes.<\/p>\n<p><strong>Statut de conservation :<\/strong> Aucune information sp\u00e9cifique n&#8217;est disponible concernant le statut de conservation de cette esp\u00e8ce.<\/p>\n<p><strong>Notes suppl\u00e9mentaires :<\/strong> Iridomyrmex anceps est une fourmi commune en Australie et joue un r\u00f4le important dans les \u00e9cosyst\u00e8mes locaux. Elle est connue pour son comportement agressif et d\u00e9fensif, et sa pr\u00e9sence peut influencer la structure et la dynamique des communaut\u00e9s de fourmis dans sa zone de r\u00e9partition.<\/p>\n","protected":false},"excerpt":{"rendered":"<p>Nom scientifique : Iridomyrmex anceps Classification taxonomique : R\u00e8gne Animalia, Phylum Arthropoda, Classe Insecta, Ordre Hymenoptera, Famille Formicidae, Sous-famille Dolichoderinae,<\/p>\n","protected":false},"featured_media":29140,"template":"","meta":[],"product_brand":[],"product_cat":[113,302],"product_tag":[],"class_list":{"0":"post-29011","1":"product","2":"type-product","3":"status-publish","4":"has-post-thumbnail","6":"product_cat-fourmis","7":"product_cat-fourmis-exotiques","9":"first","10":"outofstock","11":"shipping-taxable","12":"purchasable","13":"product-type-simple"},"yoast_head":"<!-- This site is optimized with the Yoast SEO plugin v27.4 - https:\/\/yoast.com\/product\/yoast-seo-wordpress\/ -->\n<title>Iridomyrmex anceps - ANTDERGROUND<\/title>\n<meta name=\"description\" content=\"D\u00e9couvrez la reine fourmi Iridomyrmex anceps, explorez le monde de la myrm\u00e9cologie avec Antderground, votre portail des fourmili\u00e8res. \/ Myrm\u00e9cologie\" \/>\n<meta name=\"robots\" content=\"index, follow, max-snippet:-1, max-image-preview:large, max-video-preview:-1\" \/>\n<link rel=\"canonical\" href=\"https:\/\/antderground.com\/fr\/produit\/iridomyrmex-anceps\/\" \/>\n<meta property=\"og:locale\" content=\"fr_FR\" \/>\n<meta property=\"og:type\" content=\"article\" \/>\n<meta property=\"og:title\" content=\"Iridomyrmex anceps - ANTDERGROUND\" \/>\n<meta property=\"og:description\" content=\"D\u00e9couvrez la reine fourmi Iridomyrmex anceps, explorez le monde de la myrm\u00e9cologie avec Antderground, votre portail des fourmili\u00e8res. \/ Myrm\u00e9cologie\" \/>\n<meta property=\"og:url\" content=\"https:\/\/antderground.com\/fr\/produit\/iridomyrmex-anceps\/\" \/>\n<meta property=\"og:site_name\" content=\"ANTDERGROUND\" \/>\n<meta name=\"twitter:card\" content=\"summary_large_image\" \/>\n<meta name=\"twitter:label1\" content=\"Dur\u00e9e de lecture estim\u00e9e\" \/>\n\t<meta name=\"twitter:data1\" content=\"1 minute\" \/>\n<script type=\"application\/ld+json\" class=\"yoast-schema-graph\">{\"@context\":\"https:\\\/\\\/schema.org\",\"@graph\":[{\"@type\":\"WebPage\",\"@id\":\"https:\\\/\\\/antderground.com\\\/fr\\\/produit\\\/iridomyrmex-anceps\\\/\",\"url\":\"https:\\\/\\\/antderground.com\\\/fr\\\/produit\\\/iridomyrmex-anceps\\\/\",\"name\":\"Iridomyrmex anceps - ANTDERGROUND\",\"isPartOf\":{\"@id\":\"https:\\\/\\\/antderground.com\\\/fr\\\/#website\"},\"primaryImageOfPage\":{\"@id\":\"https:\\\/\\\/antderground.com\\\/fr\\\/produit\\\/iridomyrmex-anceps\\\/#primaryimage\"},\"image\":{\"@id\":\"https:\\\/\\\/antderground.com\\\/fr\\\/produit\\\/iridomyrmex-anceps\\\/#primaryimage\"},\"thumbnailUrl\":\"https:\\\/\\\/antderground.com\\\/wp-content\\\/uploads\\\/2023\\\/06\\\/Iridomyrmex-anceps.jpg\",\"datePublished\":\"2023-06-12T16:00:34+00:00\",\"description\":\"D\u00e9couvrez la reine fourmi Iridomyrmex anceps, explorez le monde de la myrm\u00e9cologie avec Antderground, votre portail des fourmili\u00e8res. \\\/ Myrm\u00e9cologie\",\"breadcrumb\":{\"@id\":\"https:\\\/\\\/antderground.com\\\/fr\\\/produit\\\/iridomyrmex-anceps\\\/#breadcrumb\"},\"inLanguage\":\"fr-FR\",\"potentialAction\":[{\"@type\":\"ReadAction\",\"target\":[\"https:\\\/\\\/antderground.com\\\/fr\\\/produit\\\/iridomyrmex-anceps\\\/\"]}]},{\"@type\":\"ImageObject\",\"inLanguage\":\"fr-FR\",\"@id\":\"https:\\\/\\\/antderground.com\\\/fr\\\/produit\\\/iridomyrmex-anceps\\\/#primaryimage\",\"url\":\"https:\\\/\\\/antderground.com\\\/wp-content\\\/uploads\\\/2023\\\/06\\\/Iridomyrmex-anceps.jpg\",\"contentUrl\":\"https:\\\/\\\/antderground.com\\\/wp-content\\\/uploads\\\/2023\\\/06\\\/Iridomyrmex-anceps.jpg\",\"width\":1417,\"height\":1417,\"caption\":\"Iridomyrmex anceps\"},{\"@type\":\"BreadcrumbList\",\"@id\":\"https:\\\/\\\/antderground.com\\\/fr\\\/produit\\\/iridomyrmex-anceps\\\/#breadcrumb\",\"itemListElement\":[{\"@type\":\"ListItem\",\"position\":1,\"name\":\"Portada\",\"item\":\"https:\\\/\\\/antderground.com\\\/fr\\\/\"},{\"@type\":\"ListItem\",\"position\":2,\"name\":\"Boutique\",\"item\":\"https:\\\/\\\/antderground.com\\\/fr\\\/boutique\\\/\"},{\"@type\":\"ListItem\",\"position\":3,\"name\":\"Iridomyrmex anceps\"}]},{\"@type\":\"WebSite\",\"@id\":\"https:\\\/\\\/antderground.com\\\/fr\\\/#website\",\"url\":\"https:\\\/\\\/antderground.com\\\/fr\\\/\",\"name\":\"ANTDERGROUND\",\"description\":\"Tu tienda de hormigas, gran variedad de hormigueros acr\u00edlicos,madera,arena,3D y mas.. Pide tus hormigas gratis con tu pedido, somos expertos en hormigueros antifugas.\",\"publisher\":{\"@id\":\"https:\\\/\\\/antderground.com\\\/fr\\\/#\\\/schema\\\/person\\\/0e322c505e84fe72c65e2f6d08f96b81\"},\"alternateName\":\"Antderground\",\"potentialAction\":[{\"@type\":\"SearchAction\",\"target\":{\"@type\":\"EntryPoint\",\"urlTemplate\":\"https:\\\/\\\/antderground.com\\\/fr\\\/?s={search_term_string}\"},\"query-input\":{\"@type\":\"PropertyValueSpecification\",\"valueRequired\":true,\"valueName\":\"search_term_string\"}}],\"inLanguage\":\"fr-FR\"},{\"@type\":[\"Person\",\"Organization\"],\"@id\":\"https:\\\/\\\/antderground.com\\\/fr\\\/#\\\/schema\\\/person\\\/0e322c505e84fe72c65e2f6d08f96b81\",\"name\":\"Eric de Antderground\",\"image\":{\"@type\":\"ImageObject\",\"inLanguage\":\"fr-FR\",\"@id\":\"https:\\\/\\\/secure.gravatar.com\\\/avatar\\\/c49a1b9f79216d1498cb73c1e85cd47f4465dda35f2a94c03790d491bd4423c3?s=96&d=mm&r=g\",\"url\":\"https:\\\/\\\/secure.gravatar.com\\\/avatar\\\/c49a1b9f79216d1498cb73c1e85cd47f4465dda35f2a94c03790d491bd4423c3?s=96&d=mm&r=g\",\"contentUrl\":\"https:\\\/\\\/secure.gravatar.com\\\/avatar\\\/c49a1b9f79216d1498cb73c1e85cd47f4465dda35f2a94c03790d491bd4423c3?s=96&d=mm&r=g\",\"caption\":\"Eric de Antderground\"},\"logo\":{\"@id\":\"https:\\\/\\\/secure.gravatar.com\\\/avatar\\\/c49a1b9f79216d1498cb73c1e85cd47f4465dda35f2a94c03790d491bd4423c3?s=96&d=mm&r=g\"},\"description\":\"Eric es el especialista y fundador de Antderground, con una amplia trayectoria en artr\u00f3podos y enfocado en la mirmecolog\u00eda y el dise\u00f1o de hormigueros artificiales. Su enfoque combina la innovaci\u00f3n t\u00e9cnica con el respeto por la biolog\u00eda de las hormigas, is\u00f3podos y otros, desarrollando sistemas de nidos modulares 3D y acr\u00edlicos que son referentes para aficionados y profesionales en toda Europa. Su objetivo es facilitar la cr\u00eda de hormigas y otros artr\u00f3podos mediante soluciones seguras y divulgaci\u00f3n de calidad.\",\"sameAs\":[\"https:\\\/\\\/antderground.com\\\/\",\"https:\\\/\\\/www.youtube.com\\\/channel\\\/UCio72z7TlbufkAthAJIJfPw\"]}]}<\/script>\n<!-- \/ Yoast SEO plugin. -->","yoast_head_json":{"title":"Iridomyrmex anceps - ANTDERGROUND","description":"D\u00e9couvrez la reine fourmi Iridomyrmex anceps, explorez le monde de la myrm\u00e9cologie avec Antderground, votre portail des fourmili\u00e8res. \/ Myrm\u00e9cologie","robots":{"index":"index","follow":"follow","max-snippet":"max-snippet:-1","max-image-preview":"max-image-preview:large","max-video-preview":"max-video-preview:-1"},"canonical":"https:\/\/antderground.com\/fr\/produit\/iridomyrmex-anceps\/","og_locale":"fr_FR","og_type":"article","og_title":"Iridomyrmex anceps - ANTDERGROUND","og_description":"D\u00e9couvrez la reine fourmi Iridomyrmex anceps, explorez le monde de la myrm\u00e9cologie avec Antderground, votre portail des fourmili\u00e8res. \/ Myrm\u00e9cologie","og_url":"https:\/\/antderground.com\/fr\/produit\/iridomyrmex-anceps\/","og_site_name":"ANTDERGROUND","twitter_card":"summary_large_image","twitter_misc":{"Dur\u00e9e de lecture estim\u00e9e":"1 minute"},"schema":{"@context":"https:\/\/schema.org","@graph":[{"@type":"WebPage","@id":"https:\/\/antderground.com\/fr\/produit\/iridomyrmex-anceps\/","url":"https:\/\/antderground.com\/fr\/produit\/iridomyrmex-anceps\/","name":"Iridomyrmex anceps - ANTDERGROUND","isPartOf":{"@id":"https:\/\/antderground.com\/fr\/#website"},"primaryImageOfPage":{"@id":"https:\/\/antderground.com\/fr\/produit\/iridomyrmex-anceps\/#primaryimage"},"image":{"@id":"https:\/\/antderground.com\/fr\/produit\/iridomyrmex-anceps\/#primaryimage"},"thumbnailUrl":"https:\/\/antderground.com\/wp-content\/uploads\/2023\/06\/Iridomyrmex-anceps.jpg","datePublished":"2023-06-12T16:00:34+00:00","description":"D\u00e9couvrez la reine fourmi Iridomyrmex anceps, explorez le monde de la myrm\u00e9cologie avec Antderground, votre portail des fourmili\u00e8res. \/ Myrm\u00e9cologie","breadcrumb":{"@id":"https:\/\/antderground.com\/fr\/produit\/iridomyrmex-anceps\/#breadcrumb"},"inLanguage":"fr-FR","potentialAction":[{"@type":"ReadAction","target":["https:\/\/antderground.com\/fr\/produit\/iridomyrmex-anceps\/"]}]},{"@type":"ImageObject","inLanguage":"fr-FR","@id":"https:\/\/antderground.com\/fr\/produit\/iridomyrmex-anceps\/#primaryimage","url":"https:\/\/antderground.com\/wp-content\/uploads\/2023\/06\/Iridomyrmex-anceps.jpg","contentUrl":"https:\/\/antderground.com\/wp-content\/uploads\/2023\/06\/Iridomyrmex-anceps.jpg","width":1417,"height":1417,"caption":"Iridomyrmex anceps"},{"@type":"BreadcrumbList","@id":"https:\/\/antderground.com\/fr\/produit\/iridomyrmex-anceps\/#breadcrumb","itemListElement":[{"@type":"ListItem","position":1,"name":"Portada","item":"https:\/\/antderground.com\/fr\/"},{"@type":"ListItem","position":2,"name":"Boutique","item":"https:\/\/antderground.com\/fr\/boutique\/"},{"@type":"ListItem","position":3,"name":"Iridomyrmex anceps"}]},{"@type":"WebSite","@id":"https:\/\/antderground.com\/fr\/#website","url":"https:\/\/antderground.com\/fr\/","name":"ANTDERGROUND","description":"Tu tienda de hormigas, gran variedad de hormigueros acr\u00edlicos,madera,arena,3D y mas.. Pide tus hormigas gratis con tu pedido, somos expertos en hormigueros antifugas.","publisher":{"@id":"https:\/\/antderground.com\/fr\/#\/schema\/person\/0e322c505e84fe72c65e2f6d08f96b81"},"alternateName":"Antderground","potentialAction":[{"@type":"SearchAction","target":{"@type":"EntryPoint","urlTemplate":"https:\/\/antderground.com\/fr\/?s={search_term_string}"},"query-input":{"@type":"PropertyValueSpecification","valueRequired":true,"valueName":"search_term_string"}}],"inLanguage":"fr-FR"},{"@type":["Person","Organization"],"@id":"https:\/\/antderground.com\/fr\/#\/schema\/person\/0e322c505e84fe72c65e2f6d08f96b81","name":"Eric de Antderground","image":{"@type":"ImageObject","inLanguage":"fr-FR","@id":"https:\/\/secure.gravatar.com\/avatar\/c49a1b9f79216d1498cb73c1e85cd47f4465dda35f2a94c03790d491bd4423c3?s=96&d=mm&r=g","url":"https:\/\/secure.gravatar.com\/avatar\/c49a1b9f79216d1498cb73c1e85cd47f4465dda35f2a94c03790d491bd4423c3?s=96&d=mm&r=g","contentUrl":"https:\/\/secure.gravatar.com\/avatar\/c49a1b9f79216d1498cb73c1e85cd47f4465dda35f2a94c03790d491bd4423c3?s=96&d=mm&r=g","caption":"Eric de Antderground"},"logo":{"@id":"https:\/\/secure.gravatar.com\/avatar\/c49a1b9f79216d1498cb73c1e85cd47f4465dda35f2a94c03790d491bd4423c3?s=96&d=mm&r=g"},"description":"Eric es el especialista y fundador de Antderground, con una amplia trayectoria en artr\u00f3podos y enfocado en la mirmecolog\u00eda y el dise\u00f1o de hormigueros artificiales. Su enfoque combina la innovaci\u00f3n t\u00e9cnica con el respeto por la biolog\u00eda de las hormigas, is\u00f3podos y otros, desarrollando sistemas de nidos modulares 3D y acr\u00edlicos que son referentes para aficionados y profesionales en toda Europa. Su objetivo es facilitar la cr\u00eda de hormigas y otros artr\u00f3podos mediante soluciones seguras y divulgaci\u00f3n de calidad.","sameAs":["https:\/\/antderground.com\/","https:\/\/www.youtube.com\/channel\/UCio72z7TlbufkAthAJIJfPw"]}]}},"_links":{"self":[{"href":"https:\/\/antderground.com\/fr\/wp-json\/wp\/v2\/product\/29011","targetHints":{"allow":["GET"]}}],"collection":[{"href":"https:\/\/antderground.com\/fr\/wp-json\/wp\/v2\/product"}],"about":[{"href":"https:\/\/antderground.com\/fr\/wp-json\/wp\/v2\/types\/product"}],"version-history":[{"count":0,"href":"https:\/\/antderground.com\/fr\/wp-json\/wp\/v2\/product\/29011\/revisions"}],"wp:featuredmedia":[{"embeddable":true,"href":"https:\/\/antderground.com\/fr\/wp-json\/wp\/v2\/media\/29140"}],"wp:attachment":[{"href":"https:\/\/antderground.com\/fr\/wp-json\/wp\/v2\/media?parent=29011"}],"wp:term":[{"taxonomy":"product_brand","embeddable":true,"href":"https:\/\/antderground.com\/fr\/wp-json\/wp\/v2\/product_brand?post=29011"},{"taxonomy":"product_cat","embeddable":true,"href":"https:\/\/antderground.com\/fr\/wp-json\/wp\/v2\/product_cat?post=29011"},{"taxonomy":"product_tag","embeddable":true,"href":"https:\/\/antderground.com\/fr\/wp-json\/wp\/v2\/product_tag?post=29011"}],"curies":[{"name":"wp","href":"https:\/\/api.w.org\/{rel}","templated":true}]}}