{"id":29027,"date":"2023-06-26T11:01:31","date_gmt":"2023-06-26T09:01:31","guid":{"rendered":"https:\/\/www.antderground.com\/producto\/camponotus-quadrisectus\/"},"modified":"2023-06-26T12:47:39","modified_gmt":"2023-06-26T10:47:39","slug":"camponotus-quadrisectus","status":"publish","type":"product","link":"https:\/\/antderground.com\/fr\/produit\/camponotus-quadrisectus\/","title":{"rendered":"Camponotus\u00a0quadrisectus"},"content":{"rendered":"<p><strong>Nom scientifique :<\/strong> Camponotus quadrisectus<\/p>\n<p><strong>Classification taxonomique :<\/strong> R\u00e8gne Animalia, Phylum Arthropoda, Classe Insecta, Ordre Hymenoptera, Famille Formicidae, Sous-famille Formicinae, Genre Camponotus.<\/p>\n<p><strong>R\u00e9partition g\u00e9ographique :<\/strong> Camponotus quadrisectus se trouve principalement dans la r\u00e9gion asiatique, notamment en Indon\u00e9sie, en Malaisie, aux Philippines et dans d&#8217;autres zones de la r\u00e9gion.<\/p>\n<p><strong>Caract\u00e9ristiques physiques :<\/strong> Camponotus quadrisectus est une fourmi de taille moyenne, avec des ouvri\u00e8res mesurant environ 5 \u00e0 7 mm de longueur. Elles ont un corps robuste et leur couleur varie du noir au brun fonc\u00e9. Les ouvri\u00e8res ont une t\u00eate large par rapport au reste du corps, de longues antennes et des mandibules solides.<\/p>\n<p><strong>Comportement :<\/strong> Ces fourmis sont principalement diurnes et se distinguent par leur comportement d&#8217;exploration actif. Elles construisent leurs nids dans le sol et les troncs d&#8217;arbres, et peuvent \u00eatre observ\u00e9es aussi bien dans les zones foresti\u00e8res que dans les environnements urbains. Elles sont omnivores et se nourrissent de diff\u00e9rentes sources, notamment de nectar, d&#8217;insectes morts et de s\u00e9cr\u00e9tions v\u00e9g\u00e9tales.<\/p>\n<p><strong>\u00c9tat de conservation :<\/strong> Aucune information sp\u00e9cifique n&#8217;est disponible concernant l&#8217;\u00e9tat de conservation de cette esp\u00e8ce.<\/p>\n<p><strong>Notes suppl\u00e9mentaires :<\/strong> Camponotus quadrisectus est une esp\u00e8ce courante dans la r\u00e9gion asiatique et joue un r\u00f4le important dans les \u00e9cosyst\u00e8mes o\u00f9 elle se trouve. Elles sont connues pour leur capacit\u00e9 \u00e0 coloniser diff\u00e9rents habitats et pour leur comportement agressif lorsqu&#8217;elles se sentent menac\u00e9es.<\/p>\n","protected":false},"excerpt":{"rendered":"<p><strong>Reine fourmi<\/strong><\/p>\n","protected":false},"featured_media":29126,"template":"","meta":[],"product_brand":[],"product_cat":[113,302],"product_tag":[],"class_list":{"0":"post-29027","1":"product","2":"type-product","3":"status-publish","4":"has-post-thumbnail","6":"product_cat-fourmis","7":"product_cat-fourmis-exotiques","9":"first","10":"outofstock","11":"sale","12":"shipping-taxable","13":"purchasable","14":"product-type-simple"},"yoast_head":"<!-- This site is optimized with the Yoast SEO plugin v27.4 - https:\/\/yoast.com\/product\/yoast-seo-wordpress\/ -->\n<title>Camponotus\u00a0quadrisectus - ANTDERGROUND<\/title>\n<meta name=\"description\" content=\"Nouvelle fourmi reine camponotus quadrisectus, une fourmi exotique id\u00e9ale pour votre fourmili\u00e8re artificielle ou votre terrarium. D\u00e9couvrez la myrm\u00e9cologie.\" \/>\n<meta name=\"robots\" content=\"index, follow, max-snippet:-1, max-image-preview:large, max-video-preview:-1\" \/>\n<link rel=\"canonical\" href=\"https:\/\/antderground.com\/fr\/produit\/camponotus-quadrisectus\/\" \/>\n<meta property=\"og:locale\" content=\"fr_FR\" \/>\n<meta property=\"og:type\" content=\"article\" \/>\n<meta property=\"og:title\" content=\"Camponotus\u00a0quadrisectus - ANTDERGROUND\" \/>\n<meta property=\"og:description\" content=\"Nouvelle fourmi reine camponotus quadrisectus, une fourmi exotique id\u00e9ale pour votre fourmili\u00e8re artificielle ou votre terrarium. D\u00e9couvrez la myrm\u00e9cologie.\" \/>\n<meta property=\"og:url\" content=\"https:\/\/antderground.com\/fr\/produit\/camponotus-quadrisectus\/\" \/>\n<meta property=\"og:site_name\" content=\"ANTDERGROUND\" \/>\n<meta property=\"article:modified_time\" content=\"2023-06-26T10:47:39+00:00\" \/>\n<meta name=\"twitter:card\" content=\"summary_large_image\" \/>\n<meta name=\"twitter:label1\" content=\"Dur\u00e9e de lecture estim\u00e9e\" \/>\n\t<meta name=\"twitter:data1\" content=\"1 minute\" \/>\n<script type=\"application\/ld+json\" class=\"yoast-schema-graph\">{\"@context\":\"https:\\\/\\\/schema.org\",\"@graph\":[{\"@type\":\"WebPage\",\"@id\":\"https:\\\/\\\/antderground.com\\\/fr\\\/produit\\\/camponotus-quadrisectus\\\/\",\"url\":\"https:\\\/\\\/antderground.com\\\/fr\\\/produit\\\/camponotus-quadrisectus\\\/\",\"name\":\"Camponotus\u00a0quadrisectus - ANTDERGROUND\",\"isPartOf\":{\"@id\":\"https:\\\/\\\/antderground.com\\\/fr\\\/#website\"},\"primaryImageOfPage\":{\"@id\":\"https:\\\/\\\/antderground.com\\\/fr\\\/produit\\\/camponotus-quadrisectus\\\/#primaryimage\"},\"image\":{\"@id\":\"https:\\\/\\\/antderground.com\\\/fr\\\/produit\\\/camponotus-quadrisectus\\\/#primaryimage\"},\"thumbnailUrl\":\"https:\\\/\\\/antderground.com\\\/wp-content\\\/uploads\\\/2023\\\/06\\\/Camponotus-quadrisectus.jpg\",\"datePublished\":\"2023-06-26T09:01:31+00:00\",\"dateModified\":\"2023-06-26T10:47:39+00:00\",\"description\":\"Nouvelle fourmi reine camponotus quadrisectus, une fourmi exotique id\u00e9ale pour votre fourmili\u00e8re artificielle ou votre terrarium. D\u00e9couvrez la myrm\u00e9cologie.\",\"breadcrumb\":{\"@id\":\"https:\\\/\\\/antderground.com\\\/fr\\\/produit\\\/camponotus-quadrisectus\\\/#breadcrumb\"},\"inLanguage\":\"fr-FR\",\"potentialAction\":[{\"@type\":\"ReadAction\",\"target\":[\"https:\\\/\\\/antderground.com\\\/fr\\\/produit\\\/camponotus-quadrisectus\\\/\"]}]},{\"@type\":\"ImageObject\",\"inLanguage\":\"fr-FR\",\"@id\":\"https:\\\/\\\/antderground.com\\\/fr\\\/produit\\\/camponotus-quadrisectus\\\/#primaryimage\",\"url\":\"https:\\\/\\\/antderground.com\\\/wp-content\\\/uploads\\\/2023\\\/06\\\/Camponotus-quadrisectus.jpg\",\"contentUrl\":\"https:\\\/\\\/antderground.com\\\/wp-content\\\/uploads\\\/2023\\\/06\\\/Camponotus-quadrisectus.jpg\",\"width\":1417,\"height\":1417,\"caption\":\"Camponotus\u00a0quadrisectus\"},{\"@type\":\"BreadcrumbList\",\"@id\":\"https:\\\/\\\/antderground.com\\\/fr\\\/produit\\\/camponotus-quadrisectus\\\/#breadcrumb\",\"itemListElement\":[{\"@type\":\"ListItem\",\"position\":1,\"name\":\"Portada\",\"item\":\"https:\\\/\\\/antderground.com\\\/fr\\\/\"},{\"@type\":\"ListItem\",\"position\":2,\"name\":\"Boutique\",\"item\":\"https:\\\/\\\/antderground.com\\\/fr\\\/boutique\\\/\"},{\"@type\":\"ListItem\",\"position\":3,\"name\":\"Camponotus\u00a0quadrisectus\"}]},{\"@type\":\"WebSite\",\"@id\":\"https:\\\/\\\/antderground.com\\\/fr\\\/#website\",\"url\":\"https:\\\/\\\/antderground.com\\\/fr\\\/\",\"name\":\"ANTDERGROUND\",\"description\":\"Tu tienda de hormigas, gran variedad de hormigueros acr\u00edlicos,madera,arena,3D y mas.. Pide tus hormigas gratis con tu pedido, somos expertos en hormigueros antifugas.\",\"publisher\":{\"@id\":\"https:\\\/\\\/antderground.com\\\/fr\\\/#\\\/schema\\\/person\\\/0e322c505e84fe72c65e2f6d08f96b81\"},\"alternateName\":\"Antderground\",\"potentialAction\":[{\"@type\":\"SearchAction\",\"target\":{\"@type\":\"EntryPoint\",\"urlTemplate\":\"https:\\\/\\\/antderground.com\\\/fr\\\/?s={search_term_string}\"},\"query-input\":{\"@type\":\"PropertyValueSpecification\",\"valueRequired\":true,\"valueName\":\"search_term_string\"}}],\"inLanguage\":\"fr-FR\"},{\"@type\":[\"Person\",\"Organization\"],\"@id\":\"https:\\\/\\\/antderground.com\\\/fr\\\/#\\\/schema\\\/person\\\/0e322c505e84fe72c65e2f6d08f96b81\",\"name\":\"Eric de Antderground\",\"image\":{\"@type\":\"ImageObject\",\"inLanguage\":\"fr-FR\",\"@id\":\"https:\\\/\\\/secure.gravatar.com\\\/avatar\\\/c49a1b9f79216d1498cb73c1e85cd47f4465dda35f2a94c03790d491bd4423c3?s=96&d=mm&r=g\",\"url\":\"https:\\\/\\\/secure.gravatar.com\\\/avatar\\\/c49a1b9f79216d1498cb73c1e85cd47f4465dda35f2a94c03790d491bd4423c3?s=96&d=mm&r=g\",\"contentUrl\":\"https:\\\/\\\/secure.gravatar.com\\\/avatar\\\/c49a1b9f79216d1498cb73c1e85cd47f4465dda35f2a94c03790d491bd4423c3?s=96&d=mm&r=g\",\"caption\":\"Eric de Antderground\"},\"logo\":{\"@id\":\"https:\\\/\\\/secure.gravatar.com\\\/avatar\\\/c49a1b9f79216d1498cb73c1e85cd47f4465dda35f2a94c03790d491bd4423c3?s=96&d=mm&r=g\"},\"description\":\"Eric es el especialista y fundador de Antderground, con una amplia trayectoria en artr\u00f3podos y enfocado en la mirmecolog\u00eda y el dise\u00f1o de hormigueros artificiales. Su enfoque combina la innovaci\u00f3n t\u00e9cnica con el respeto por la biolog\u00eda de las hormigas, is\u00f3podos y otros, desarrollando sistemas de nidos modulares 3D y acr\u00edlicos que son referentes para aficionados y profesionales en toda Europa. Su objetivo es facilitar la cr\u00eda de hormigas y otros artr\u00f3podos mediante soluciones seguras y divulgaci\u00f3n de calidad.\",\"sameAs\":[\"https:\\\/\\\/antderground.com\\\/\",\"https:\\\/\\\/www.youtube.com\\\/channel\\\/UCio72z7TlbufkAthAJIJfPw\"]}]}<\/script>\n<!-- \/ Yoast SEO plugin. -->","yoast_head_json":{"title":"Camponotus\u00a0quadrisectus - ANTDERGROUND","description":"Nouvelle fourmi reine camponotus quadrisectus, une fourmi exotique id\u00e9ale pour votre fourmili\u00e8re artificielle ou votre terrarium. D\u00e9couvrez la myrm\u00e9cologie.","robots":{"index":"index","follow":"follow","max-snippet":"max-snippet:-1","max-image-preview":"max-image-preview:large","max-video-preview":"max-video-preview:-1"},"canonical":"https:\/\/antderground.com\/fr\/produit\/camponotus-quadrisectus\/","og_locale":"fr_FR","og_type":"article","og_title":"Camponotus\u00a0quadrisectus - ANTDERGROUND","og_description":"Nouvelle fourmi reine camponotus quadrisectus, une fourmi exotique id\u00e9ale pour votre fourmili\u00e8re artificielle ou votre terrarium. D\u00e9couvrez la myrm\u00e9cologie.","og_url":"https:\/\/antderground.com\/fr\/produit\/camponotus-quadrisectus\/","og_site_name":"ANTDERGROUND","article_modified_time":"2023-06-26T10:47:39+00:00","twitter_card":"summary_large_image","twitter_misc":{"Dur\u00e9e de lecture estim\u00e9e":"1 minute"},"schema":{"@context":"https:\/\/schema.org","@graph":[{"@type":"WebPage","@id":"https:\/\/antderground.com\/fr\/produit\/camponotus-quadrisectus\/","url":"https:\/\/antderground.com\/fr\/produit\/camponotus-quadrisectus\/","name":"Camponotus\u00a0quadrisectus - ANTDERGROUND","isPartOf":{"@id":"https:\/\/antderground.com\/fr\/#website"},"primaryImageOfPage":{"@id":"https:\/\/antderground.com\/fr\/produit\/camponotus-quadrisectus\/#primaryimage"},"image":{"@id":"https:\/\/antderground.com\/fr\/produit\/camponotus-quadrisectus\/#primaryimage"},"thumbnailUrl":"https:\/\/antderground.com\/wp-content\/uploads\/2023\/06\/Camponotus-quadrisectus.jpg","datePublished":"2023-06-26T09:01:31+00:00","dateModified":"2023-06-26T10:47:39+00:00","description":"Nouvelle fourmi reine camponotus quadrisectus, une fourmi exotique id\u00e9ale pour votre fourmili\u00e8re artificielle ou votre terrarium. D\u00e9couvrez la myrm\u00e9cologie.","breadcrumb":{"@id":"https:\/\/antderground.com\/fr\/produit\/camponotus-quadrisectus\/#breadcrumb"},"inLanguage":"fr-FR","potentialAction":[{"@type":"ReadAction","target":["https:\/\/antderground.com\/fr\/produit\/camponotus-quadrisectus\/"]}]},{"@type":"ImageObject","inLanguage":"fr-FR","@id":"https:\/\/antderground.com\/fr\/produit\/camponotus-quadrisectus\/#primaryimage","url":"https:\/\/antderground.com\/wp-content\/uploads\/2023\/06\/Camponotus-quadrisectus.jpg","contentUrl":"https:\/\/antderground.com\/wp-content\/uploads\/2023\/06\/Camponotus-quadrisectus.jpg","width":1417,"height":1417,"caption":"Camponotus\u00a0quadrisectus"},{"@type":"BreadcrumbList","@id":"https:\/\/antderground.com\/fr\/produit\/camponotus-quadrisectus\/#breadcrumb","itemListElement":[{"@type":"ListItem","position":1,"name":"Portada","item":"https:\/\/antderground.com\/fr\/"},{"@type":"ListItem","position":2,"name":"Boutique","item":"https:\/\/antderground.com\/fr\/boutique\/"},{"@type":"ListItem","position":3,"name":"Camponotus\u00a0quadrisectus"}]},{"@type":"WebSite","@id":"https:\/\/antderground.com\/fr\/#website","url":"https:\/\/antderground.com\/fr\/","name":"ANTDERGROUND","description":"Tu tienda de hormigas, gran variedad de hormigueros acr\u00edlicos,madera,arena,3D y mas.. Pide tus hormigas gratis con tu pedido, somos expertos en hormigueros antifugas.","publisher":{"@id":"https:\/\/antderground.com\/fr\/#\/schema\/person\/0e322c505e84fe72c65e2f6d08f96b81"},"alternateName":"Antderground","potentialAction":[{"@type":"SearchAction","target":{"@type":"EntryPoint","urlTemplate":"https:\/\/antderground.com\/fr\/?s={search_term_string}"},"query-input":{"@type":"PropertyValueSpecification","valueRequired":true,"valueName":"search_term_string"}}],"inLanguage":"fr-FR"},{"@type":["Person","Organization"],"@id":"https:\/\/antderground.com\/fr\/#\/schema\/person\/0e322c505e84fe72c65e2f6d08f96b81","name":"Eric de Antderground","image":{"@type":"ImageObject","inLanguage":"fr-FR","@id":"https:\/\/secure.gravatar.com\/avatar\/c49a1b9f79216d1498cb73c1e85cd47f4465dda35f2a94c03790d491bd4423c3?s=96&d=mm&r=g","url":"https:\/\/secure.gravatar.com\/avatar\/c49a1b9f79216d1498cb73c1e85cd47f4465dda35f2a94c03790d491bd4423c3?s=96&d=mm&r=g","contentUrl":"https:\/\/secure.gravatar.com\/avatar\/c49a1b9f79216d1498cb73c1e85cd47f4465dda35f2a94c03790d491bd4423c3?s=96&d=mm&r=g","caption":"Eric de Antderground"},"logo":{"@id":"https:\/\/secure.gravatar.com\/avatar\/c49a1b9f79216d1498cb73c1e85cd47f4465dda35f2a94c03790d491bd4423c3?s=96&d=mm&r=g"},"description":"Eric es el especialista y fundador de Antderground, con una amplia trayectoria en artr\u00f3podos y enfocado en la mirmecolog\u00eda y el dise\u00f1o de hormigueros artificiales. Su enfoque combina la innovaci\u00f3n t\u00e9cnica con el respeto por la biolog\u00eda de las hormigas, is\u00f3podos y otros, desarrollando sistemas de nidos modulares 3D y acr\u00edlicos que son referentes para aficionados y profesionales en toda Europa. Su objetivo es facilitar la cr\u00eda de hormigas y otros artr\u00f3podos mediante soluciones seguras y divulgaci\u00f3n de calidad.","sameAs":["https:\/\/antderground.com\/","https:\/\/www.youtube.com\/channel\/UCio72z7TlbufkAthAJIJfPw"]}]}},"_links":{"self":[{"href":"https:\/\/antderground.com\/fr\/wp-json\/wp\/v2\/product\/29027","targetHints":{"allow":["GET"]}}],"collection":[{"href":"https:\/\/antderground.com\/fr\/wp-json\/wp\/v2\/product"}],"about":[{"href":"https:\/\/antderground.com\/fr\/wp-json\/wp\/v2\/types\/product"}],"version-history":[{"count":0,"href":"https:\/\/antderground.com\/fr\/wp-json\/wp\/v2\/product\/29027\/revisions"}],"wp:featuredmedia":[{"embeddable":true,"href":"https:\/\/antderground.com\/fr\/wp-json\/wp\/v2\/media\/29126"}],"wp:attachment":[{"href":"https:\/\/antderground.com\/fr\/wp-json\/wp\/v2\/media?parent=29027"}],"wp:term":[{"taxonomy":"product_brand","embeddable":true,"href":"https:\/\/antderground.com\/fr\/wp-json\/wp\/v2\/product_brand?post=29027"},{"taxonomy":"product_cat","embeddable":true,"href":"https:\/\/antderground.com\/fr\/wp-json\/wp\/v2\/product_cat?post=29027"},{"taxonomy":"product_tag","embeddable":true,"href":"https:\/\/antderground.com\/fr\/wp-json\/wp\/v2\/product_tag?post=29027"}],"curies":[{"name":"wp","href":"https:\/\/api.w.org\/{rel}","templated":true}]}}