{"id":29193,"date":"2023-06-30T22:27:30","date_gmt":"2023-06-30T20:27:30","guid":{"rendered":"https:\/\/www.antderground.com\/producto\/camponotus-festinus-reine-fourmi\/"},"modified":"2023-10-26T13:44:19","modified_gmt":"2023-10-26T11:44:19","slug":"camponotus-festinus","status":"publish","type":"product","link":"https:\/\/antderground.com\/fr\/produit\/camponotus-festinus\/","title":{"rendered":"Camponotus festinus (Reine fourmi)"},"content":{"rendered":"<p><strong>Nom scientifique :<\/strong> Camponotus festinus<\/p>\n<p><strong>Classification taxonomique :<\/strong> R\u00e8gne Animalia, Embranchement Arthropoda, Classe Insecta, Ordre Hymenoptera, Famille Formicidae, Sous-famille Formicinae, Genre Camponotus.<\/p>\n<p><strong>R\u00e9partition g\u00e9ographique :<\/strong> Camponotus festinus se trouve principalement en Asie, notamment dans des pays tels que la Chine, le Japon et la Cor\u00e9e, ainsi que dans certaines parties de l&#8217;Europe.<\/p>\n<p><strong>Caract\u00e9ristiques physiques :<\/strong> Camponotus festinus est une fourmi de taille moyenne, avec des ouvri\u00e8res mesurant environ de 6 \u00e0 9 mm de longueur. Elles ont un corps robuste et leur couleur varie du noir au marron fonc\u00e9. Les ouvri\u00e8res ont une t\u00eate relativement grande par rapport au reste du corps, de longues antennes et des mandibules solides.<\/p>\n<p><strong>Comportement :<\/strong> Ces fourmis sont principalement diurnes et se distinguent par leur comportement actif et explorateur. Elles construisent leurs nids dans le sol et dans des cavit\u00e9s de bois. Elles sont omnivores et se nourrissent de diverses sources, notamment de nectar, d&#8217;insectes morts et de s\u00e9cr\u00e9tions v\u00e9g\u00e9tales.<\/p>\n<p><strong>Statut de conservation :<\/strong> Aucune information sp\u00e9cifique n&#8217;est disponible concernant le statut de conservation de cette esp\u00e8ce.<\/p>\n<p><strong>Notes compl\u00e9mentaires :<\/strong> Camponotus festinus est une esp\u00e8ce pr\u00e9sente \u00e0 la fois en Asie et dans certaines parties de l&#8217;Europe. Il est important de souligner son r\u00f4le dans les \u00e9cosyst\u00e8mes o\u00f9 elle vit et son comportement caract\u00e9ristique dans la construction des nids et la recherche de nourriture.<\/p>\n","protected":false},"excerpt":{"rendered":"<p>Fourmi reine<\/p>\n","protected":false},"featured_media":29179,"template":"","meta":[],"product_brand":[],"product_cat":[113,302],"product_tag":[],"class_list":{"0":"post-29193","1":"product","2":"type-product","3":"status-publish","4":"has-post-thumbnail","6":"product_cat-fourmis","7":"product_cat-fourmis-exotiques","9":"first","10":"outofstock","11":"sale","12":"shipping-taxable","13":"purchasable","14":"product-type-simple"},"yoast_head":"<!-- This site is optimized with the Yoast SEO plugin v27.3 - https:\/\/yoast.com\/product\/yoast-seo-wordpress\/ -->\n<title>Camponotus festinus (Reine fourmi) - ANTDERGROUND<\/title>\n<meta name=\"description\" content=\"Nouvelle fourmi reine Camponotus festinus ! Dans notre magasin, vous trouverez une grande vari\u00e9t\u00e9 de fourmis exotiques du monde entier.\" \/>\n<meta name=\"robots\" content=\"index, follow, max-snippet:-1, max-image-preview:large, max-video-preview:-1\" \/>\n<link rel=\"canonical\" href=\"https:\/\/antderground.com\/fr\/produit\/camponotus-festinus\/\" \/>\n<meta property=\"og:locale\" content=\"fr_FR\" \/>\n<meta property=\"og:type\" content=\"article\" \/>\n<meta property=\"og:title\" content=\"Camponotus festinus (Reine fourmi) - ANTDERGROUND\" \/>\n<meta property=\"og:description\" content=\"Nouvelle fourmi reine Camponotus festinus ! Dans notre magasin, vous trouverez une grande vari\u00e9t\u00e9 de fourmis exotiques du monde entier.\" \/>\n<meta property=\"og:url\" content=\"https:\/\/antderground.com\/fr\/produit\/camponotus-festinus\/\" \/>\n<meta property=\"og:site_name\" content=\"ANTDERGROUND\" \/>\n<meta property=\"article:modified_time\" content=\"2023-10-26T11:44:19+00:00\" \/>\n<meta property=\"og:image\" content=\"https:\/\/antderground.com\/wp-content\/uploads\/2023\/06\/camponotus-festinus.jpg\" \/>\n\t<meta property=\"og:image:width\" content=\"1417\" \/>\n\t<meta property=\"og:image:height\" content=\"1417\" \/>\n\t<meta property=\"og:image:type\" content=\"image\/jpeg\" \/>\n<meta name=\"twitter:card\" content=\"summary_large_image\" \/>\n<meta name=\"twitter:label1\" content=\"Dur\u00e9e de lecture estim\u00e9e\" \/>\n\t<meta name=\"twitter:data1\" content=\"1 minute\" \/>\n<script type=\"application\/ld+json\" class=\"yoast-schema-graph\">{\"@context\":\"https:\\\/\\\/schema.org\",\"@graph\":[{\"@type\":\"WebPage\",\"@id\":\"https:\\\/\\\/antderground.com\\\/fr\\\/produit\\\/camponotus-festinus\\\/\",\"url\":\"https:\\\/\\\/antderground.com\\\/fr\\\/produit\\\/camponotus-festinus\\\/\",\"name\":\"Camponotus festinus (Reine fourmi) - ANTDERGROUND\",\"isPartOf\":{\"@id\":\"https:\\\/\\\/antderground.com\\\/fr\\\/#website\"},\"primaryImageOfPage\":{\"@id\":\"https:\\\/\\\/antderground.com\\\/fr\\\/produit\\\/camponotus-festinus\\\/#primaryimage\"},\"image\":{\"@id\":\"https:\\\/\\\/antderground.com\\\/fr\\\/produit\\\/camponotus-festinus\\\/#primaryimage\"},\"thumbnailUrl\":\"https:\\\/\\\/antderground.com\\\/wp-content\\\/uploads\\\/2023\\\/06\\\/camponotus-festinus.jpg\",\"datePublished\":\"2023-06-30T20:27:30+00:00\",\"dateModified\":\"2023-10-26T11:44:19+00:00\",\"description\":\"Nouvelle fourmi reine Camponotus festinus ! Dans notre magasin, vous trouverez une grande vari\u00e9t\u00e9 de fourmis exotiques du monde entier.\",\"breadcrumb\":{\"@id\":\"https:\\\/\\\/antderground.com\\\/fr\\\/produit\\\/camponotus-festinus\\\/#breadcrumb\"},\"inLanguage\":\"fr-FR\",\"potentialAction\":[{\"@type\":\"ReadAction\",\"target\":[\"https:\\\/\\\/antderground.com\\\/fr\\\/produit\\\/camponotus-festinus\\\/\"]}]},{\"@type\":\"ImageObject\",\"inLanguage\":\"fr-FR\",\"@id\":\"https:\\\/\\\/antderground.com\\\/fr\\\/produit\\\/camponotus-festinus\\\/#primaryimage\",\"url\":\"https:\\\/\\\/antderground.com\\\/wp-content\\\/uploads\\\/2023\\\/06\\\/camponotus-festinus.jpg\",\"contentUrl\":\"https:\\\/\\\/antderground.com\\\/wp-content\\\/uploads\\\/2023\\\/06\\\/camponotus-festinus.jpg\",\"width\":1417,\"height\":1417,\"caption\":\"Fourmi reine antderground\"},{\"@type\":\"BreadcrumbList\",\"@id\":\"https:\\\/\\\/antderground.com\\\/fr\\\/produit\\\/camponotus-festinus\\\/#breadcrumb\",\"itemListElement\":[{\"@type\":\"ListItem\",\"position\":1,\"name\":\"Portada\",\"item\":\"https:\\\/\\\/antderground.com\\\/fr\\\/\"},{\"@type\":\"ListItem\",\"position\":2,\"name\":\"Boutique\",\"item\":\"https:\\\/\\\/antderground.com\\\/fr\\\/boutique\\\/\"},{\"@type\":\"ListItem\",\"position\":3,\"name\":\"Camponotus festinus (Reine fourmi)\"}]},{\"@type\":\"WebSite\",\"@id\":\"https:\\\/\\\/antderground.com\\\/fr\\\/#website\",\"url\":\"https:\\\/\\\/antderground.com\\\/fr\\\/\",\"name\":\"ANTDERGROUND\",\"description\":\"Tu tienda de hormigas, gran variedad de hormigueros acr\u00edlicos,madera,arena,3D y mas.. Pide tus hormigas gratis con tu pedido, somos expertos en hormigueros antifugas.\",\"publisher\":{\"@id\":\"https:\\\/\\\/antderground.com\\\/fr\\\/#\\\/schema\\\/person\\\/0e322c505e84fe72c65e2f6d08f96b81\"},\"alternateName\":\"Antderground\",\"potentialAction\":[{\"@type\":\"SearchAction\",\"target\":{\"@type\":\"EntryPoint\",\"urlTemplate\":\"https:\\\/\\\/antderground.com\\\/fr\\\/?s={search_term_string}\"},\"query-input\":{\"@type\":\"PropertyValueSpecification\",\"valueRequired\":true,\"valueName\":\"search_term_string\"}}],\"inLanguage\":\"fr-FR\"},{\"@type\":[\"Person\",\"Organization\"],\"@id\":\"https:\\\/\\\/antderground.com\\\/fr\\\/#\\\/schema\\\/person\\\/0e322c505e84fe72c65e2f6d08f96b81\",\"name\":\"Eric de Antderground\",\"image\":{\"@type\":\"ImageObject\",\"inLanguage\":\"fr-FR\",\"@id\":\"https:\\\/\\\/secure.gravatar.com\\\/avatar\\\/c49a1b9f79216d1498cb73c1e85cd47f4465dda35f2a94c03790d491bd4423c3?s=96&d=mm&r=g\",\"url\":\"https:\\\/\\\/secure.gravatar.com\\\/avatar\\\/c49a1b9f79216d1498cb73c1e85cd47f4465dda35f2a94c03790d491bd4423c3?s=96&d=mm&r=g\",\"contentUrl\":\"https:\\\/\\\/secure.gravatar.com\\\/avatar\\\/c49a1b9f79216d1498cb73c1e85cd47f4465dda35f2a94c03790d491bd4423c3?s=96&d=mm&r=g\",\"caption\":\"Eric de Antderground\"},\"logo\":{\"@id\":\"https:\\\/\\\/secure.gravatar.com\\\/avatar\\\/c49a1b9f79216d1498cb73c1e85cd47f4465dda35f2a94c03790d491bd4423c3?s=96&d=mm&r=g\"},\"description\":\"Eric es el especialista y fundador de Antderground, con una amplia trayectoria en artr\u00f3podos y enfocado en la mirmecolog\u00eda y el dise\u00f1o de hormigueros artificiales. Su enfoque combina la innovaci\u00f3n t\u00e9cnica con el respeto por la biolog\u00eda de las hormigas, is\u00f3podos y otros, desarrollando sistemas de nidos modulares 3D y acr\u00edlicos que son referentes para aficionados y profesionales en toda Europa. Su objetivo es facilitar la cr\u00eda de hormigas y otros artr\u00f3podos mediante soluciones seguras y divulgaci\u00f3n de calidad.\",\"sameAs\":[\"https:\\\/\\\/antderground.com\\\/\",\"https:\\\/\\\/www.youtube.com\\\/channel\\\/UCio72z7TlbufkAthAJIJfPw\"]}]}<\/script>\n<!-- \/ Yoast SEO plugin. -->","yoast_head_json":{"title":"Camponotus festinus (Reine fourmi) - ANTDERGROUND","description":"Nouvelle fourmi reine Camponotus festinus ! Dans notre magasin, vous trouverez une grande vari\u00e9t\u00e9 de fourmis exotiques du monde entier.","robots":{"index":"index","follow":"follow","max-snippet":"max-snippet:-1","max-image-preview":"max-image-preview:large","max-video-preview":"max-video-preview:-1"},"canonical":"https:\/\/antderground.com\/fr\/produit\/camponotus-festinus\/","og_locale":"fr_FR","og_type":"article","og_title":"Camponotus festinus (Reine fourmi) - ANTDERGROUND","og_description":"Nouvelle fourmi reine Camponotus festinus ! Dans notre magasin, vous trouverez une grande vari\u00e9t\u00e9 de fourmis exotiques du monde entier.","og_url":"https:\/\/antderground.com\/fr\/produit\/camponotus-festinus\/","og_site_name":"ANTDERGROUND","article_modified_time":"2023-10-26T11:44:19+00:00","og_image":[{"width":1417,"height":1417,"url":"https:\/\/antderground.com\/wp-content\/uploads\/2023\/06\/camponotus-festinus.jpg","type":"image\/jpeg"}],"twitter_card":"summary_large_image","twitter_misc":{"Dur\u00e9e de lecture estim\u00e9e":"1 minute"},"schema":{"@context":"https:\/\/schema.org","@graph":[{"@type":"WebPage","@id":"https:\/\/antderground.com\/fr\/produit\/camponotus-festinus\/","url":"https:\/\/antderground.com\/fr\/produit\/camponotus-festinus\/","name":"Camponotus festinus (Reine fourmi) - ANTDERGROUND","isPartOf":{"@id":"https:\/\/antderground.com\/fr\/#website"},"primaryImageOfPage":{"@id":"https:\/\/antderground.com\/fr\/produit\/camponotus-festinus\/#primaryimage"},"image":{"@id":"https:\/\/antderground.com\/fr\/produit\/camponotus-festinus\/#primaryimage"},"thumbnailUrl":"https:\/\/antderground.com\/wp-content\/uploads\/2023\/06\/camponotus-festinus.jpg","datePublished":"2023-06-30T20:27:30+00:00","dateModified":"2023-10-26T11:44:19+00:00","description":"Nouvelle fourmi reine Camponotus festinus ! Dans notre magasin, vous trouverez une grande vari\u00e9t\u00e9 de fourmis exotiques du monde entier.","breadcrumb":{"@id":"https:\/\/antderground.com\/fr\/produit\/camponotus-festinus\/#breadcrumb"},"inLanguage":"fr-FR","potentialAction":[{"@type":"ReadAction","target":["https:\/\/antderground.com\/fr\/produit\/camponotus-festinus\/"]}]},{"@type":"ImageObject","inLanguage":"fr-FR","@id":"https:\/\/antderground.com\/fr\/produit\/camponotus-festinus\/#primaryimage","url":"https:\/\/antderground.com\/wp-content\/uploads\/2023\/06\/camponotus-festinus.jpg","contentUrl":"https:\/\/antderground.com\/wp-content\/uploads\/2023\/06\/camponotus-festinus.jpg","width":1417,"height":1417,"caption":"Fourmi reine antderground"},{"@type":"BreadcrumbList","@id":"https:\/\/antderground.com\/fr\/produit\/camponotus-festinus\/#breadcrumb","itemListElement":[{"@type":"ListItem","position":1,"name":"Portada","item":"https:\/\/antderground.com\/fr\/"},{"@type":"ListItem","position":2,"name":"Boutique","item":"https:\/\/antderground.com\/fr\/boutique\/"},{"@type":"ListItem","position":3,"name":"Camponotus festinus (Reine fourmi)"}]},{"@type":"WebSite","@id":"https:\/\/antderground.com\/fr\/#website","url":"https:\/\/antderground.com\/fr\/","name":"ANTDERGROUND","description":"Tu tienda de hormigas, gran variedad de hormigueros acr\u00edlicos,madera,arena,3D y mas.. Pide tus hormigas gratis con tu pedido, somos expertos en hormigueros antifugas.","publisher":{"@id":"https:\/\/antderground.com\/fr\/#\/schema\/person\/0e322c505e84fe72c65e2f6d08f96b81"},"alternateName":"Antderground","potentialAction":[{"@type":"SearchAction","target":{"@type":"EntryPoint","urlTemplate":"https:\/\/antderground.com\/fr\/?s={search_term_string}"},"query-input":{"@type":"PropertyValueSpecification","valueRequired":true,"valueName":"search_term_string"}}],"inLanguage":"fr-FR"},{"@type":["Person","Organization"],"@id":"https:\/\/antderground.com\/fr\/#\/schema\/person\/0e322c505e84fe72c65e2f6d08f96b81","name":"Eric de Antderground","image":{"@type":"ImageObject","inLanguage":"fr-FR","@id":"https:\/\/secure.gravatar.com\/avatar\/c49a1b9f79216d1498cb73c1e85cd47f4465dda35f2a94c03790d491bd4423c3?s=96&d=mm&r=g","url":"https:\/\/secure.gravatar.com\/avatar\/c49a1b9f79216d1498cb73c1e85cd47f4465dda35f2a94c03790d491bd4423c3?s=96&d=mm&r=g","contentUrl":"https:\/\/secure.gravatar.com\/avatar\/c49a1b9f79216d1498cb73c1e85cd47f4465dda35f2a94c03790d491bd4423c3?s=96&d=mm&r=g","caption":"Eric de Antderground"},"logo":{"@id":"https:\/\/secure.gravatar.com\/avatar\/c49a1b9f79216d1498cb73c1e85cd47f4465dda35f2a94c03790d491bd4423c3?s=96&d=mm&r=g"},"description":"Eric es el especialista y fundador de Antderground, con una amplia trayectoria en artr\u00f3podos y enfocado en la mirmecolog\u00eda y el dise\u00f1o de hormigueros artificiales. Su enfoque combina la innovaci\u00f3n t\u00e9cnica con el respeto por la biolog\u00eda de las hormigas, is\u00f3podos y otros, desarrollando sistemas de nidos modulares 3D y acr\u00edlicos que son referentes para aficionados y profesionales en toda Europa. Su objetivo es facilitar la cr\u00eda de hormigas y otros artr\u00f3podos mediante soluciones seguras y divulgaci\u00f3n de calidad.","sameAs":["https:\/\/antderground.com\/","https:\/\/www.youtube.com\/channel\/UCio72z7TlbufkAthAJIJfPw"]}]}},"_links":{"self":[{"href":"https:\/\/antderground.com\/fr\/wp-json\/wp\/v2\/product\/29193","targetHints":{"allow":["GET"]}}],"collection":[{"href":"https:\/\/antderground.com\/fr\/wp-json\/wp\/v2\/product"}],"about":[{"href":"https:\/\/antderground.com\/fr\/wp-json\/wp\/v2\/types\/product"}],"version-history":[{"count":0,"href":"https:\/\/antderground.com\/fr\/wp-json\/wp\/v2\/product\/29193\/revisions"}],"wp:featuredmedia":[{"embeddable":true,"href":"https:\/\/antderground.com\/fr\/wp-json\/wp\/v2\/media\/29179"}],"wp:attachment":[{"href":"https:\/\/antderground.com\/fr\/wp-json\/wp\/v2\/media?parent=29193"}],"wp:term":[{"taxonomy":"product_brand","embeddable":true,"href":"https:\/\/antderground.com\/fr\/wp-json\/wp\/v2\/product_brand?post=29193"},{"taxonomy":"product_cat","embeddable":true,"href":"https:\/\/antderground.com\/fr\/wp-json\/wp\/v2\/product_cat?post=29193"},{"taxonomy":"product_tag","embeddable":true,"href":"https:\/\/antderground.com\/fr\/wp-json\/wp\/v2\/product_tag?post=29193"}],"curies":[{"name":"wp","href":"https:\/\/api.w.org\/{rel}","templated":true}]}}