{"id":29375,"date":"2023-07-12T01:09:42","date_gmt":"2023-07-11T23:09:42","guid":{"rendered":"https:\/\/www.antderground.com\/producto\/kit-de-demarrage-avec-fourmis\/"},"modified":"2023-11-16T22:35:27","modified_gmt":"2023-11-16T21:35:27","slug":"kit-de-demarrage-avec-fourmis","status":"publish","type":"product","link":"https:\/\/antderground.com\/fr\/produit\/kit-de-demarrage-avec-fourmis\/","title":{"rendered":"Kit de d\u00e9marrage + Reine Camponotus japonicus avec ouvri\u00e8res"},"content":{"rendered":"<h3>Vous songez \u00e0 d\u00e9marrer une colonie de fourmis?<\/h3>\n<p>Ouais? parfait!<\/p>\n<p>Ce kit de d\u00e9marrage est parfait car il comprend \u00e9galement une reine fourmi avec des fourmis ouvri\u00e8res.<\/p>\n<p>Quel genre de fourmi ?<br \/>\nUne reine Camponotus japonicus avec 1 \u00e0 5 fourmis ouvri\u00e8res.<\/p>\n<p>Avez-vous une aire de chasse?<br \/>\nOuais! Ce kit comprend une bo\u00eete de butinage (Aire de chasse) id\u00e9ale pour nos fourmis.<\/p>\n<p>La fourmili\u00e8re est une version pour les reines !<br \/>\nCela signifie qu&#8217;il s&#8217;agit d&#8217;une fourmili\u00e8re 3d id\u00e9ale pour repartir de 0 avec une reine et quelques fourmis ouvri\u00e8res.<\/p>\n<p>Tailles:<br \/>\n<strong>Fourmili\u00e8re<\/strong> : 7 cm x 4,5 cm.<br \/>\n<strong>Aire de chasse<\/strong> : 5 cm x 5 cm.<\/p>\n<p>La fourmili\u00e8re comprend-elle une caution ?<br \/>\nOuais! la fourmili\u00e8re a un d\u00e9p\u00f4t vertical de 20 ml.<\/p>\n<p>Inclut-il un connecteur ?<br \/>\nOuais! comprend le connecteur pour connecter la fourmili\u00e8re \u00e0 la zone de chasse (zone d&#8217;alimentation).<\/p>\n","protected":false},"excerpt":{"rendered":"<p>Ce kit de d\u00e9marrage de colonie de fourmis avec reine fourmi et fourmis ouvri\u00e8res est l&#8217;une des meilleures options pour commencer.<\/p>\n<p><strong>Inclut :<\/strong><br \/>\n&#8211; Fourmili\u00e8re + Bo\u00eete de nourriture (Aire de chasse) + Connecteur.<br \/>\n&#8211; Reine fourmi Camponotus japonicus avec 1 \u00e0 5 fourmis ouvri\u00e8res.<\/p>\n<p><strong>Caract\u00e9ristiques:<\/strong><\/p>\n<p><strong>Fourmili\u00e8re 3D\u00a0:<\/strong><br \/>\nTaille : 7 cm x 4,5 cm.<br \/>\nD\u00e9p\u00f4t : 20 ml.<br \/>\nCouleur: blanche.<br \/>\nBonnet rouge : oui.<\/p>\n<p><strong>Bo\u00eete de recherche de nourriture 3D : (Aire de chasse)<\/strong><br \/>\nTaille : 5 cm x 5 cm.<br \/>\nCouleur: blanche<br \/>\nVentilation : Oui, capot sup\u00e9rieur.<br \/>\nConnexions : 2<\/p>\n<p><strong>Connecteur\u00a0:<\/strong><br \/>\nCouleur: blanche<br \/>\nConnexion : horizontale.<\/p>\n","protected":false},"featured_media":29353,"template":"","meta":[],"product_brand":[],"product_cat":[114,431,304,458],"product_tag":[],"class_list":{"0":"post-29375","1":"product","2":"type-product","3":"status-publish","4":"has-post-thumbnail","6":"product_cat-fourmilieres","7":"product_cat-fourmilieres-3d","8":"product_cat-kits-fourmiliere","9":"product_cat-offres","11":"first","12":"outofstock","13":"sale","14":"shipping-taxable","15":"purchasable","16":"product-type-simple"},"yoast_head":"<!-- This site is optimized with the Yoast SEO plugin v27.4 - https:\/\/yoast.com\/product\/yoast-seo-wordpress\/ -->\n<title>Kit de d\u00e9marrage + Reine Camponotus japonicus avec ouvri\u00e8res<\/title>\n<meta name=\"description\" content=\"Kit de d\u00e9marrage de colonie de fourmis avec reine camponotus japonicus et 1 \u00e0 5 fourmis ouvri\u00e8res. Un pack id\u00e9al pour commencer votre colonie de fourmis.\" \/>\n<meta name=\"robots\" content=\"index, follow, max-snippet:-1, max-image-preview:large, max-video-preview:-1\" \/>\n<link rel=\"canonical\" href=\"https:\/\/antderground.com\/fr\/produit\/kit-de-demarrage-avec-fourmis\/\" \/>\n<meta property=\"og:locale\" content=\"fr_FR\" \/>\n<meta property=\"og:type\" content=\"article\" \/>\n<meta property=\"og:title\" content=\"Kit de d\u00e9marrage + Reine Camponotus japonicus avec ouvri\u00e8res\" \/>\n<meta property=\"og:description\" content=\"Kit de d\u00e9marrage de colonie de fourmis avec reine camponotus japonicus et 1 \u00e0 5 fourmis ouvri\u00e8res. Un pack id\u00e9al pour commencer votre colonie de fourmis.\" \/>\n<meta property=\"og:url\" content=\"https:\/\/antderground.com\/fr\/produit\/kit-de-demarrage-avec-fourmis\/\" \/>\n<meta property=\"og:site_name\" content=\"ANTDERGROUND\" \/>\n<meta property=\"article:modified_time\" content=\"2023-11-16T21:35:27+00:00\" \/>\n<meta property=\"og:image\" content=\"https:\/\/antderground.com\/wp-content\/uploads\/2023\/07\/Kit-inici-colonia-3d-amb-reina-japonicus.png\" \/>\n\t<meta property=\"og:image:width\" content=\"1280\" \/>\n\t<meta property=\"og:image:height\" content=\"1280\" \/>\n\t<meta property=\"og:image:type\" content=\"image\/png\" \/>\n<meta name=\"twitter:card\" content=\"summary_large_image\" \/>\n<meta name=\"twitter:label1\" content=\"Dur\u00e9e de lecture estim\u00e9e\" \/>\n\t<meta name=\"twitter:data1\" content=\"1 minute\" \/>\n<script type=\"application\/ld+json\" class=\"yoast-schema-graph\">{\"@context\":\"https:\\\/\\\/schema.org\",\"@graph\":[{\"@type\":\"WebPage\",\"@id\":\"https:\\\/\\\/antderground.com\\\/fr\\\/produit\\\/kit-de-demarrage-avec-fourmis\\\/\",\"url\":\"https:\\\/\\\/antderground.com\\\/fr\\\/produit\\\/kit-de-demarrage-avec-fourmis\\\/\",\"name\":\"Kit de d\u00e9marrage + Reine Camponotus japonicus avec ouvri\u00e8res\",\"isPartOf\":{\"@id\":\"https:\\\/\\\/antderground.com\\\/fr\\\/#website\"},\"primaryImageOfPage\":{\"@id\":\"https:\\\/\\\/antderground.com\\\/fr\\\/produit\\\/kit-de-demarrage-avec-fourmis\\\/#primaryimage\"},\"image\":{\"@id\":\"https:\\\/\\\/antderground.com\\\/fr\\\/produit\\\/kit-de-demarrage-avec-fourmis\\\/#primaryimage\"},\"thumbnailUrl\":\"https:\\\/\\\/antderground.com\\\/wp-content\\\/uploads\\\/2023\\\/07\\\/Kit-inici-colonia-3d-amb-reina-japonicus.png\",\"datePublished\":\"2023-07-11T23:09:42+00:00\",\"dateModified\":\"2023-11-16T21:35:27+00:00\",\"description\":\"Kit de d\u00e9marrage de colonie de fourmis avec reine camponotus japonicus et 1 \u00e0 5 fourmis ouvri\u00e8res. Un pack id\u00e9al pour commencer votre colonie de fourmis.\",\"breadcrumb\":{\"@id\":\"https:\\\/\\\/antderground.com\\\/fr\\\/produit\\\/kit-de-demarrage-avec-fourmis\\\/#breadcrumb\"},\"inLanguage\":\"fr-FR\",\"potentialAction\":[{\"@type\":\"ReadAction\",\"target\":[\"https:\\\/\\\/antderground.com\\\/fr\\\/produit\\\/kit-de-demarrage-avec-fourmis\\\/\"]}]},{\"@type\":\"ImageObject\",\"inLanguage\":\"fr-FR\",\"@id\":\"https:\\\/\\\/antderground.com\\\/fr\\\/produit\\\/kit-de-demarrage-avec-fourmis\\\/#primaryimage\",\"url\":\"https:\\\/\\\/antderground.com\\\/wp-content\\\/uploads\\\/2023\\\/07\\\/Kit-inici-colonia-3d-amb-reina-japonicus.png\",\"contentUrl\":\"https:\\\/\\\/antderground.com\\\/wp-content\\\/uploads\\\/2023\\\/07\\\/Kit-inici-colonia-3d-amb-reina-japonicus.png\",\"width\":1280,\"height\":1280,\"caption\":\"fourmiliere 3d\"},{\"@type\":\"BreadcrumbList\",\"@id\":\"https:\\\/\\\/antderground.com\\\/fr\\\/produit\\\/kit-de-demarrage-avec-fourmis\\\/#breadcrumb\",\"itemListElement\":[{\"@type\":\"ListItem\",\"position\":1,\"name\":\"Portada\",\"item\":\"https:\\\/\\\/antderground.com\\\/fr\\\/\"},{\"@type\":\"ListItem\",\"position\":2,\"name\":\"Boutique\",\"item\":\"https:\\\/\\\/antderground.com\\\/fr\\\/boutique\\\/\"},{\"@type\":\"ListItem\",\"position\":3,\"name\":\"Kit de d\u00e9marrage + Reine Camponotus japonicus avec ouvri\u00e8res\"}]},{\"@type\":\"WebSite\",\"@id\":\"https:\\\/\\\/antderground.com\\\/fr\\\/#website\",\"url\":\"https:\\\/\\\/antderground.com\\\/fr\\\/\",\"name\":\"ANTDERGROUND\",\"description\":\"Tu tienda de hormigas, gran variedad de hormigueros acr\u00edlicos,madera,arena,3D y mas.. Pide tus hormigas gratis con tu pedido, somos expertos en hormigueros antifugas.\",\"publisher\":{\"@id\":\"https:\\\/\\\/antderground.com\\\/fr\\\/#\\\/schema\\\/person\\\/0e322c505e84fe72c65e2f6d08f96b81\"},\"alternateName\":\"Antderground\",\"potentialAction\":[{\"@type\":\"SearchAction\",\"target\":{\"@type\":\"EntryPoint\",\"urlTemplate\":\"https:\\\/\\\/antderground.com\\\/fr\\\/?s={search_term_string}\"},\"query-input\":{\"@type\":\"PropertyValueSpecification\",\"valueRequired\":true,\"valueName\":\"search_term_string\"}}],\"inLanguage\":\"fr-FR\"},{\"@type\":[\"Person\",\"Organization\"],\"@id\":\"https:\\\/\\\/antderground.com\\\/fr\\\/#\\\/schema\\\/person\\\/0e322c505e84fe72c65e2f6d08f96b81\",\"name\":\"Eric de Antderground\",\"image\":{\"@type\":\"ImageObject\",\"inLanguage\":\"fr-FR\",\"@id\":\"https:\\\/\\\/secure.gravatar.com\\\/avatar\\\/c49a1b9f79216d1498cb73c1e85cd47f4465dda35f2a94c03790d491bd4423c3?s=96&d=mm&r=g\",\"url\":\"https:\\\/\\\/secure.gravatar.com\\\/avatar\\\/c49a1b9f79216d1498cb73c1e85cd47f4465dda35f2a94c03790d491bd4423c3?s=96&d=mm&r=g\",\"contentUrl\":\"https:\\\/\\\/secure.gravatar.com\\\/avatar\\\/c49a1b9f79216d1498cb73c1e85cd47f4465dda35f2a94c03790d491bd4423c3?s=96&d=mm&r=g\",\"caption\":\"Eric de Antderground\"},\"logo\":{\"@id\":\"https:\\\/\\\/secure.gravatar.com\\\/avatar\\\/c49a1b9f79216d1498cb73c1e85cd47f4465dda35f2a94c03790d491bd4423c3?s=96&d=mm&r=g\"},\"description\":\"Eric es el especialista y fundador de Antderground, con una amplia trayectoria en artr\u00f3podos y enfocado en la mirmecolog\u00eda y el dise\u00f1o de hormigueros artificiales. Su enfoque combina la innovaci\u00f3n t\u00e9cnica con el respeto por la biolog\u00eda de las hormigas, is\u00f3podos y otros, desarrollando sistemas de nidos modulares 3D y acr\u00edlicos que son referentes para aficionados y profesionales en toda Europa. Su objetivo es facilitar la cr\u00eda de hormigas y otros artr\u00f3podos mediante soluciones seguras y divulgaci\u00f3n de calidad.\",\"sameAs\":[\"https:\\\/\\\/antderground.com\\\/\",\"https:\\\/\\\/www.youtube.com\\\/channel\\\/UCio72z7TlbufkAthAJIJfPw\"]}]}<\/script>\n<!-- \/ Yoast SEO plugin. -->","yoast_head_json":{"title":"Kit de d\u00e9marrage + Reine Camponotus japonicus avec ouvri\u00e8res","description":"Kit de d\u00e9marrage de colonie de fourmis avec reine camponotus japonicus et 1 \u00e0 5 fourmis ouvri\u00e8res. Un pack id\u00e9al pour commencer votre colonie de fourmis.","robots":{"index":"index","follow":"follow","max-snippet":"max-snippet:-1","max-image-preview":"max-image-preview:large","max-video-preview":"max-video-preview:-1"},"canonical":"https:\/\/antderground.com\/fr\/produit\/kit-de-demarrage-avec-fourmis\/","og_locale":"fr_FR","og_type":"article","og_title":"Kit de d\u00e9marrage + Reine Camponotus japonicus avec ouvri\u00e8res","og_description":"Kit de d\u00e9marrage de colonie de fourmis avec reine camponotus japonicus et 1 \u00e0 5 fourmis ouvri\u00e8res. Un pack id\u00e9al pour commencer votre colonie de fourmis.","og_url":"https:\/\/antderground.com\/fr\/produit\/kit-de-demarrage-avec-fourmis\/","og_site_name":"ANTDERGROUND","article_modified_time":"2023-11-16T21:35:27+00:00","og_image":[{"width":1280,"height":1280,"url":"https:\/\/antderground.com\/wp-content\/uploads\/2023\/07\/Kit-inici-colonia-3d-amb-reina-japonicus.png","type":"image\/png"}],"twitter_card":"summary_large_image","twitter_misc":{"Dur\u00e9e de lecture estim\u00e9e":"1 minute"},"schema":{"@context":"https:\/\/schema.org","@graph":[{"@type":"WebPage","@id":"https:\/\/antderground.com\/fr\/produit\/kit-de-demarrage-avec-fourmis\/","url":"https:\/\/antderground.com\/fr\/produit\/kit-de-demarrage-avec-fourmis\/","name":"Kit de d\u00e9marrage + Reine Camponotus japonicus avec ouvri\u00e8res","isPartOf":{"@id":"https:\/\/antderground.com\/fr\/#website"},"primaryImageOfPage":{"@id":"https:\/\/antderground.com\/fr\/produit\/kit-de-demarrage-avec-fourmis\/#primaryimage"},"image":{"@id":"https:\/\/antderground.com\/fr\/produit\/kit-de-demarrage-avec-fourmis\/#primaryimage"},"thumbnailUrl":"https:\/\/antderground.com\/wp-content\/uploads\/2023\/07\/Kit-inici-colonia-3d-amb-reina-japonicus.png","datePublished":"2023-07-11T23:09:42+00:00","dateModified":"2023-11-16T21:35:27+00:00","description":"Kit de d\u00e9marrage de colonie de fourmis avec reine camponotus japonicus et 1 \u00e0 5 fourmis ouvri\u00e8res. Un pack id\u00e9al pour commencer votre colonie de fourmis.","breadcrumb":{"@id":"https:\/\/antderground.com\/fr\/produit\/kit-de-demarrage-avec-fourmis\/#breadcrumb"},"inLanguage":"fr-FR","potentialAction":[{"@type":"ReadAction","target":["https:\/\/antderground.com\/fr\/produit\/kit-de-demarrage-avec-fourmis\/"]}]},{"@type":"ImageObject","inLanguage":"fr-FR","@id":"https:\/\/antderground.com\/fr\/produit\/kit-de-demarrage-avec-fourmis\/#primaryimage","url":"https:\/\/antderground.com\/wp-content\/uploads\/2023\/07\/Kit-inici-colonia-3d-amb-reina-japonicus.png","contentUrl":"https:\/\/antderground.com\/wp-content\/uploads\/2023\/07\/Kit-inici-colonia-3d-amb-reina-japonicus.png","width":1280,"height":1280,"caption":"fourmiliere 3d"},{"@type":"BreadcrumbList","@id":"https:\/\/antderground.com\/fr\/produit\/kit-de-demarrage-avec-fourmis\/#breadcrumb","itemListElement":[{"@type":"ListItem","position":1,"name":"Portada","item":"https:\/\/antderground.com\/fr\/"},{"@type":"ListItem","position":2,"name":"Boutique","item":"https:\/\/antderground.com\/fr\/boutique\/"},{"@type":"ListItem","position":3,"name":"Kit de d\u00e9marrage + Reine Camponotus japonicus avec ouvri\u00e8res"}]},{"@type":"WebSite","@id":"https:\/\/antderground.com\/fr\/#website","url":"https:\/\/antderground.com\/fr\/","name":"ANTDERGROUND","description":"Tu tienda de hormigas, gran variedad de hormigueros acr\u00edlicos,madera,arena,3D y mas.. Pide tus hormigas gratis con tu pedido, somos expertos en hormigueros antifugas.","publisher":{"@id":"https:\/\/antderground.com\/fr\/#\/schema\/person\/0e322c505e84fe72c65e2f6d08f96b81"},"alternateName":"Antderground","potentialAction":[{"@type":"SearchAction","target":{"@type":"EntryPoint","urlTemplate":"https:\/\/antderground.com\/fr\/?s={search_term_string}"},"query-input":{"@type":"PropertyValueSpecification","valueRequired":true,"valueName":"search_term_string"}}],"inLanguage":"fr-FR"},{"@type":["Person","Organization"],"@id":"https:\/\/antderground.com\/fr\/#\/schema\/person\/0e322c505e84fe72c65e2f6d08f96b81","name":"Eric de Antderground","image":{"@type":"ImageObject","inLanguage":"fr-FR","@id":"https:\/\/secure.gravatar.com\/avatar\/c49a1b9f79216d1498cb73c1e85cd47f4465dda35f2a94c03790d491bd4423c3?s=96&d=mm&r=g","url":"https:\/\/secure.gravatar.com\/avatar\/c49a1b9f79216d1498cb73c1e85cd47f4465dda35f2a94c03790d491bd4423c3?s=96&d=mm&r=g","contentUrl":"https:\/\/secure.gravatar.com\/avatar\/c49a1b9f79216d1498cb73c1e85cd47f4465dda35f2a94c03790d491bd4423c3?s=96&d=mm&r=g","caption":"Eric de Antderground"},"logo":{"@id":"https:\/\/secure.gravatar.com\/avatar\/c49a1b9f79216d1498cb73c1e85cd47f4465dda35f2a94c03790d491bd4423c3?s=96&d=mm&r=g"},"description":"Eric es el especialista y fundador de Antderground, con una amplia trayectoria en artr\u00f3podos y enfocado en la mirmecolog\u00eda y el dise\u00f1o de hormigueros artificiales. Su enfoque combina la innovaci\u00f3n t\u00e9cnica con el respeto por la biolog\u00eda de las hormigas, is\u00f3podos y otros, desarrollando sistemas de nidos modulares 3D y acr\u00edlicos que son referentes para aficionados y profesionales en toda Europa. Su objetivo es facilitar la cr\u00eda de hormigas y otros artr\u00f3podos mediante soluciones seguras y divulgaci\u00f3n de calidad.","sameAs":["https:\/\/antderground.com\/","https:\/\/www.youtube.com\/channel\/UCio72z7TlbufkAthAJIJfPw"]}]}},"_links":{"self":[{"href":"https:\/\/antderground.com\/fr\/wp-json\/wp\/v2\/product\/29375","targetHints":{"allow":["GET"]}}],"collection":[{"href":"https:\/\/antderground.com\/fr\/wp-json\/wp\/v2\/product"}],"about":[{"href":"https:\/\/antderground.com\/fr\/wp-json\/wp\/v2\/types\/product"}],"version-history":[{"count":0,"href":"https:\/\/antderground.com\/fr\/wp-json\/wp\/v2\/product\/29375\/revisions"}],"wp:featuredmedia":[{"embeddable":true,"href":"https:\/\/antderground.com\/fr\/wp-json\/wp\/v2\/media\/29353"}],"wp:attachment":[{"href":"https:\/\/antderground.com\/fr\/wp-json\/wp\/v2\/media?parent=29375"}],"wp:term":[{"taxonomy":"product_brand","embeddable":true,"href":"https:\/\/antderground.com\/fr\/wp-json\/wp\/v2\/product_brand?post=29375"},{"taxonomy":"product_cat","embeddable":true,"href":"https:\/\/antderground.com\/fr\/wp-json\/wp\/v2\/product_cat?post=29375"},{"taxonomy":"product_tag","embeddable":true,"href":"https:\/\/antderground.com\/fr\/wp-json\/wp\/v2\/product_tag?post=29375"}],"curies":[{"name":"wp","href":"https:\/\/api.w.org\/{rel}","templated":true}]}}