{"id":29481,"date":"2023-07-17T12:31:14","date_gmt":"2023-07-17T10:31:14","guid":{"rendered":"https:\/\/www.antderground.com\/producto\/teigne-de-ruche-galleria-mellonella\/"},"modified":"2025-01-25T16:19:36","modified_gmt":"2025-01-25T15:19:36","slug":"teigne-de-ruche-galleria-mellonella","status":"publish","type":"product","link":"https:\/\/antderground.com\/fr\/produit\/teigne-de-ruche-galleria-mellonella\/","title":{"rendered":"Teigne de ruche (Galleria Mellonella)"},"content":{"rendered":"<p><strong>Nom scientifique:<\/strong> Galleria mellonella<\/p>\n<p><strong>Classification taxonomique:<\/strong> R\u00e8gne Animalia, Phylum Arthropoda, Classe Insecta, Ordre Lepidoptera, Famille Pyralidae, Genre Galleria.<\/p>\n<p><strong>Distribution g\u00e9ographique :<\/strong> La chenille de la teigne de la cire (Galleria mellonella) est originaire d&#8217;Europe, mais elle a \u00e9t\u00e9 introduite dans de nombreuses autres parties du monde, y compris en Am\u00e9rique du Nord et du Sud, en Asie et en Oc\u00e9anie.<\/p>\n<p><strong>Caract\u00e9ristiques physiques :<\/strong> La chenille de la teigne de la cire mesure environ de 2,5 \u00e0 4 cm de long \u00e0 son stade larvaire. Son corps est de couleur blanc jaun\u00e2tre avec une t\u00eate noire. Elle pr\u00e9sente un corps segment\u00e9 avec des pattes et des poils sur chaque segment.<\/p>\n<p><strong>Comportement :<\/strong> Les chenilles de la teigne de la cire se nourrissent de mat\u00e9riaux tels que la cire des ruches d&#8217;abeilles et d&#8217;autres produits apicoles, y compris le pollen, le miel et les larves d&#8217;abeilles.<\/p>\n<p><strong>\u00c9tat de conservation :<\/strong> Il n&#8217;y a pas d&#8217;informations sp\u00e9cifiques sur l&#8217;\u00e9tat de conservation de Galleria mellonella, car ce n&#8217;est pas une esp\u00e8ce pr\u00e9occupante en termes de conservation.<\/p>\n<p><strong>Notes compl\u00e9mentaires :<\/strong> Les chenilles de la teigne de la cire sont utilis\u00e9es dans l&#8217;industrie de l&#8217;alimentation animale comme source de prot\u00e9ines pour les reptiles, les oiseaux et d&#8217;autres animaux. De plus, elles sont largement utilis\u00e9es dans la recherche scientifique, notamment dans les domaines de l&#8217;immunologie et de la g\u00e9n\u00e9tique, en raison de leur syst\u00e8me immunitaire et de leur facilit\u00e9 d&#8217;\u00e9levage en laboratoire.<\/p>\n","protected":false},"excerpt":{"rendered":"<p>Aliment vivant id\u00e9al pour les fourmis, le teigne de ruche (Galleria Mellonella) est un aliment tr\u00e8s utilis\u00e9 pour les insectes, les reptiles et les amphibiens. C&#8217;est aussi un aliment vivant tr\u00e8s utilis\u00e9 dans le monde de la p\u00eache.<\/p>\n","protected":false},"featured_media":29460,"template":"","meta":[],"product_brand":[],"product_cat":[109,661],"product_tag":[],"class_list":{"0":"post-29481","1":"product","2":"type-product","3":"status-publish","4":"has-post-thumbnail","6":"product_cat-aliments","7":"product_cat-nourriture-vivante","9":"first","10":"outofstock","11":"shipping-taxable","12":"purchasable","13":"product-type-variable"},"yoast_head":"<!-- This site is optimized with the Yoast SEO plugin v27.3 - https:\/\/yoast.com\/product\/yoast-seo-wordpress\/ -->\n<title>Teigne de ruche (Galleria Mellonella) - ANTDERGROUND<\/title>\n<meta name=\"description\" content=\"Nourriture vivante, La chenille de la teigne de la cire (Galleria Mellonella) une nourriture id\u00e9ale pour les reptiles, les amphibiens et les insectes. Une nourriture id\u00e9ale pour les fourmis.\" \/>\n<meta name=\"robots\" content=\"index, follow, max-snippet:-1, max-image-preview:large, max-video-preview:-1\" \/>\n<link rel=\"canonical\" href=\"https:\/\/antderground.com\/fr\/produit\/teigne-de-ruche-galleria-mellonella\/\" \/>\n<meta property=\"og:locale\" content=\"fr_FR\" \/>\n<meta property=\"og:type\" content=\"article\" \/>\n<meta property=\"og:title\" content=\"Teigne de ruche (Galleria Mellonella) - ANTDERGROUND\" \/>\n<meta property=\"og:description\" content=\"Nourriture vivante, La chenille de la teigne de la cire (Galleria Mellonella) une nourriture id\u00e9ale pour les reptiles, les amphibiens et les insectes. Une nourriture id\u00e9ale pour les fourmis.\" \/>\n<meta property=\"og:url\" content=\"https:\/\/antderground.com\/fr\/produit\/teigne-de-ruche-galleria-mellonella\/\" \/>\n<meta property=\"og:site_name\" content=\"ANTDERGROUND\" \/>\n<meta property=\"article:modified_time\" content=\"2025-01-25T15:19:36+00:00\" \/>\n<meta property=\"og:image\" content=\"https:\/\/antderground.com\/wp-content\/uploads\/2023\/07\/gusano-de-la-miel-Galleria-Mellonella.jpg\" \/>\n\t<meta property=\"og:image:width\" content=\"1417\" \/>\n\t<meta property=\"og:image:height\" content=\"1417\" \/>\n\t<meta property=\"og:image:type\" content=\"image\/jpeg\" \/>\n<meta name=\"twitter:card\" content=\"summary_large_image\" \/>\n<meta name=\"twitter:label1\" content=\"Dur\u00e9e de lecture estim\u00e9e\" \/>\n\t<meta name=\"twitter:data1\" content=\"1 minute\" \/>\n<script type=\"application\/ld+json\" class=\"yoast-schema-graph\">{\"@context\":\"https:\\\/\\\/schema.org\",\"@graph\":[{\"@type\":\"WebPage\",\"@id\":\"https:\\\/\\\/antderground.com\\\/fr\\\/produit\\\/teigne-de-ruche-galleria-mellonella\\\/\",\"url\":\"https:\\\/\\\/antderground.com\\\/fr\\\/produit\\\/teigne-de-ruche-galleria-mellonella\\\/\",\"name\":\"Teigne de ruche (Galleria Mellonella) - ANTDERGROUND\",\"isPartOf\":{\"@id\":\"https:\\\/\\\/antderground.com\\\/fr\\\/#website\"},\"primaryImageOfPage\":{\"@id\":\"https:\\\/\\\/antderground.com\\\/fr\\\/produit\\\/teigne-de-ruche-galleria-mellonella\\\/#primaryimage\"},\"image\":{\"@id\":\"https:\\\/\\\/antderground.com\\\/fr\\\/produit\\\/teigne-de-ruche-galleria-mellonella\\\/#primaryimage\"},\"thumbnailUrl\":\"https:\\\/\\\/antderground.com\\\/wp-content\\\/uploads\\\/2023\\\/07\\\/gusano-de-la-miel-Galleria-Mellonella.jpg\",\"datePublished\":\"2023-07-17T10:31:14+00:00\",\"dateModified\":\"2025-01-25T15:19:36+00:00\",\"description\":\"Nourriture vivante, La chenille de la teigne de la cire (Galleria Mellonella) une nourriture id\u00e9ale pour les reptiles, les amphibiens et les insectes. Une nourriture id\u00e9ale pour les fourmis.\",\"breadcrumb\":{\"@id\":\"https:\\\/\\\/antderground.com\\\/fr\\\/produit\\\/teigne-de-ruche-galleria-mellonella\\\/#breadcrumb\"},\"inLanguage\":\"fr-FR\",\"potentialAction\":[{\"@type\":\"ReadAction\",\"target\":[\"https:\\\/\\\/antderground.com\\\/fr\\\/produit\\\/teigne-de-ruche-galleria-mellonella\\\/\"]}]},{\"@type\":\"ImageObject\",\"inLanguage\":\"fr-FR\",\"@id\":\"https:\\\/\\\/antderground.com\\\/fr\\\/produit\\\/teigne-de-ruche-galleria-mellonella\\\/#primaryimage\",\"url\":\"https:\\\/\\\/antderground.com\\\/wp-content\\\/uploads\\\/2023\\\/07\\\/gusano-de-la-miel-Galleria-Mellonella.jpg\",\"contentUrl\":\"https:\\\/\\\/antderground.com\\\/wp-content\\\/uploads\\\/2023\\\/07\\\/gusano-de-la-miel-Galleria-Mellonella.jpg\",\"width\":1417,\"height\":1417,\"caption\":\"teigne de ruche (Galleria Mellonella)\"},{\"@type\":\"BreadcrumbList\",\"@id\":\"https:\\\/\\\/antderground.com\\\/fr\\\/produit\\\/teigne-de-ruche-galleria-mellonella\\\/#breadcrumb\",\"itemListElement\":[{\"@type\":\"ListItem\",\"position\":1,\"name\":\"Portada\",\"item\":\"https:\\\/\\\/antderground.com\\\/fr\\\/\"},{\"@type\":\"ListItem\",\"position\":2,\"name\":\"Boutique\",\"item\":\"https:\\\/\\\/antderground.com\\\/fr\\\/boutique\\\/\"},{\"@type\":\"ListItem\",\"position\":3,\"name\":\"Teigne de ruche (Galleria Mellonella)\"}]},{\"@type\":\"WebSite\",\"@id\":\"https:\\\/\\\/antderground.com\\\/fr\\\/#website\",\"url\":\"https:\\\/\\\/antderground.com\\\/fr\\\/\",\"name\":\"ANTDERGROUND\",\"description\":\"Tu tienda de hormigas, gran variedad de hormigueros acr\u00edlicos,madera,arena,3D y mas.. Pide tus hormigas gratis con tu pedido, somos expertos en hormigueros antifugas.\",\"publisher\":{\"@id\":\"https:\\\/\\\/antderground.com\\\/fr\\\/#\\\/schema\\\/person\\\/0e322c505e84fe72c65e2f6d08f96b81\"},\"alternateName\":\"Antderground\",\"potentialAction\":[{\"@type\":\"SearchAction\",\"target\":{\"@type\":\"EntryPoint\",\"urlTemplate\":\"https:\\\/\\\/antderground.com\\\/fr\\\/?s={search_term_string}\"},\"query-input\":{\"@type\":\"PropertyValueSpecification\",\"valueRequired\":true,\"valueName\":\"search_term_string\"}}],\"inLanguage\":\"fr-FR\"},{\"@type\":[\"Person\",\"Organization\"],\"@id\":\"https:\\\/\\\/antderground.com\\\/fr\\\/#\\\/schema\\\/person\\\/0e322c505e84fe72c65e2f6d08f96b81\",\"name\":\"Eric de Antderground\",\"image\":{\"@type\":\"ImageObject\",\"inLanguage\":\"fr-FR\",\"@id\":\"https:\\\/\\\/secure.gravatar.com\\\/avatar\\\/c49a1b9f79216d1498cb73c1e85cd47f4465dda35f2a94c03790d491bd4423c3?s=96&d=mm&r=g\",\"url\":\"https:\\\/\\\/secure.gravatar.com\\\/avatar\\\/c49a1b9f79216d1498cb73c1e85cd47f4465dda35f2a94c03790d491bd4423c3?s=96&d=mm&r=g\",\"contentUrl\":\"https:\\\/\\\/secure.gravatar.com\\\/avatar\\\/c49a1b9f79216d1498cb73c1e85cd47f4465dda35f2a94c03790d491bd4423c3?s=96&d=mm&r=g\",\"caption\":\"Eric de Antderground\"},\"logo\":{\"@id\":\"https:\\\/\\\/secure.gravatar.com\\\/avatar\\\/c49a1b9f79216d1498cb73c1e85cd47f4465dda35f2a94c03790d491bd4423c3?s=96&d=mm&r=g\"},\"description\":\"Eric es el especialista y fundador de Antderground, con una amplia trayectoria en artr\u00f3podos y enfocado en la mirmecolog\u00eda y el dise\u00f1o de hormigueros artificiales. Su enfoque combina la innovaci\u00f3n t\u00e9cnica con el respeto por la biolog\u00eda de las hormigas, is\u00f3podos y otros, desarrollando sistemas de nidos modulares 3D y acr\u00edlicos que son referentes para aficionados y profesionales en toda Europa. Su objetivo es facilitar la cr\u00eda de hormigas y otros artr\u00f3podos mediante soluciones seguras y divulgaci\u00f3n de calidad.\",\"sameAs\":[\"https:\\\/\\\/antderground.com\\\/\",\"https:\\\/\\\/www.youtube.com\\\/channel\\\/UCio72z7TlbufkAthAJIJfPw\"]}]}<\/script>\n<!-- \/ Yoast SEO plugin. -->","yoast_head_json":{"title":"Teigne de ruche (Galleria Mellonella) - ANTDERGROUND","description":"Nourriture vivante, La chenille de la teigne de la cire (Galleria Mellonella) une nourriture id\u00e9ale pour les reptiles, les amphibiens et les insectes. Une nourriture id\u00e9ale pour les fourmis.","robots":{"index":"index","follow":"follow","max-snippet":"max-snippet:-1","max-image-preview":"max-image-preview:large","max-video-preview":"max-video-preview:-1"},"canonical":"https:\/\/antderground.com\/fr\/produit\/teigne-de-ruche-galleria-mellonella\/","og_locale":"fr_FR","og_type":"article","og_title":"Teigne de ruche (Galleria Mellonella) - ANTDERGROUND","og_description":"Nourriture vivante, La chenille de la teigne de la cire (Galleria Mellonella) une nourriture id\u00e9ale pour les reptiles, les amphibiens et les insectes. Une nourriture id\u00e9ale pour les fourmis.","og_url":"https:\/\/antderground.com\/fr\/produit\/teigne-de-ruche-galleria-mellonella\/","og_site_name":"ANTDERGROUND","article_modified_time":"2025-01-25T15:19:36+00:00","og_image":[{"width":1417,"height":1417,"url":"https:\/\/antderground.com\/wp-content\/uploads\/2023\/07\/gusano-de-la-miel-Galleria-Mellonella.jpg","type":"image\/jpeg"}],"twitter_card":"summary_large_image","twitter_misc":{"Dur\u00e9e de lecture estim\u00e9e":"1 minute"},"schema":{"@context":"https:\/\/schema.org","@graph":[{"@type":"WebPage","@id":"https:\/\/antderground.com\/fr\/produit\/teigne-de-ruche-galleria-mellonella\/","url":"https:\/\/antderground.com\/fr\/produit\/teigne-de-ruche-galleria-mellonella\/","name":"Teigne de ruche (Galleria Mellonella) - ANTDERGROUND","isPartOf":{"@id":"https:\/\/antderground.com\/fr\/#website"},"primaryImageOfPage":{"@id":"https:\/\/antderground.com\/fr\/produit\/teigne-de-ruche-galleria-mellonella\/#primaryimage"},"image":{"@id":"https:\/\/antderground.com\/fr\/produit\/teigne-de-ruche-galleria-mellonella\/#primaryimage"},"thumbnailUrl":"https:\/\/antderground.com\/wp-content\/uploads\/2023\/07\/gusano-de-la-miel-Galleria-Mellonella.jpg","datePublished":"2023-07-17T10:31:14+00:00","dateModified":"2025-01-25T15:19:36+00:00","description":"Nourriture vivante, La chenille de la teigne de la cire (Galleria Mellonella) une nourriture id\u00e9ale pour les reptiles, les amphibiens et les insectes. Une nourriture id\u00e9ale pour les fourmis.","breadcrumb":{"@id":"https:\/\/antderground.com\/fr\/produit\/teigne-de-ruche-galleria-mellonella\/#breadcrumb"},"inLanguage":"fr-FR","potentialAction":[{"@type":"ReadAction","target":["https:\/\/antderground.com\/fr\/produit\/teigne-de-ruche-galleria-mellonella\/"]}]},{"@type":"ImageObject","inLanguage":"fr-FR","@id":"https:\/\/antderground.com\/fr\/produit\/teigne-de-ruche-galleria-mellonella\/#primaryimage","url":"https:\/\/antderground.com\/wp-content\/uploads\/2023\/07\/gusano-de-la-miel-Galleria-Mellonella.jpg","contentUrl":"https:\/\/antderground.com\/wp-content\/uploads\/2023\/07\/gusano-de-la-miel-Galleria-Mellonella.jpg","width":1417,"height":1417,"caption":"teigne de ruche (Galleria Mellonella)"},{"@type":"BreadcrumbList","@id":"https:\/\/antderground.com\/fr\/produit\/teigne-de-ruche-galleria-mellonella\/#breadcrumb","itemListElement":[{"@type":"ListItem","position":1,"name":"Portada","item":"https:\/\/antderground.com\/fr\/"},{"@type":"ListItem","position":2,"name":"Boutique","item":"https:\/\/antderground.com\/fr\/boutique\/"},{"@type":"ListItem","position":3,"name":"Teigne de ruche (Galleria Mellonella)"}]},{"@type":"WebSite","@id":"https:\/\/antderground.com\/fr\/#website","url":"https:\/\/antderground.com\/fr\/","name":"ANTDERGROUND","description":"Tu tienda de hormigas, gran variedad de hormigueros acr\u00edlicos,madera,arena,3D y mas.. Pide tus hormigas gratis con tu pedido, somos expertos en hormigueros antifugas.","publisher":{"@id":"https:\/\/antderground.com\/fr\/#\/schema\/person\/0e322c505e84fe72c65e2f6d08f96b81"},"alternateName":"Antderground","potentialAction":[{"@type":"SearchAction","target":{"@type":"EntryPoint","urlTemplate":"https:\/\/antderground.com\/fr\/?s={search_term_string}"},"query-input":{"@type":"PropertyValueSpecification","valueRequired":true,"valueName":"search_term_string"}}],"inLanguage":"fr-FR"},{"@type":["Person","Organization"],"@id":"https:\/\/antderground.com\/fr\/#\/schema\/person\/0e322c505e84fe72c65e2f6d08f96b81","name":"Eric de Antderground","image":{"@type":"ImageObject","inLanguage":"fr-FR","@id":"https:\/\/secure.gravatar.com\/avatar\/c49a1b9f79216d1498cb73c1e85cd47f4465dda35f2a94c03790d491bd4423c3?s=96&d=mm&r=g","url":"https:\/\/secure.gravatar.com\/avatar\/c49a1b9f79216d1498cb73c1e85cd47f4465dda35f2a94c03790d491bd4423c3?s=96&d=mm&r=g","contentUrl":"https:\/\/secure.gravatar.com\/avatar\/c49a1b9f79216d1498cb73c1e85cd47f4465dda35f2a94c03790d491bd4423c3?s=96&d=mm&r=g","caption":"Eric de Antderground"},"logo":{"@id":"https:\/\/secure.gravatar.com\/avatar\/c49a1b9f79216d1498cb73c1e85cd47f4465dda35f2a94c03790d491bd4423c3?s=96&d=mm&r=g"},"description":"Eric es el especialista y fundador de Antderground, con una amplia trayectoria en artr\u00f3podos y enfocado en la mirmecolog\u00eda y el dise\u00f1o de hormigueros artificiales. Su enfoque combina la innovaci\u00f3n t\u00e9cnica con el respeto por la biolog\u00eda de las hormigas, is\u00f3podos y otros, desarrollando sistemas de nidos modulares 3D y acr\u00edlicos que son referentes para aficionados y profesionales en toda Europa. Su objetivo es facilitar la cr\u00eda de hormigas y otros artr\u00f3podos mediante soluciones seguras y divulgaci\u00f3n de calidad.","sameAs":["https:\/\/antderground.com\/","https:\/\/www.youtube.com\/channel\/UCio72z7TlbufkAthAJIJfPw"]}]}},"_links":{"self":[{"href":"https:\/\/antderground.com\/fr\/wp-json\/wp\/v2\/product\/29481","targetHints":{"allow":["GET"]}}],"collection":[{"href":"https:\/\/antderground.com\/fr\/wp-json\/wp\/v2\/product"}],"about":[{"href":"https:\/\/antderground.com\/fr\/wp-json\/wp\/v2\/types\/product"}],"version-history":[{"count":0,"href":"https:\/\/antderground.com\/fr\/wp-json\/wp\/v2\/product\/29481\/revisions"}],"wp:featuredmedia":[{"embeddable":true,"href":"https:\/\/antderground.com\/fr\/wp-json\/wp\/v2\/media\/29460"}],"wp:attachment":[{"href":"https:\/\/antderground.com\/fr\/wp-json\/wp\/v2\/media?parent=29481"}],"wp:term":[{"taxonomy":"product_brand","embeddable":true,"href":"https:\/\/antderground.com\/fr\/wp-json\/wp\/v2\/product_brand?post=29481"},{"taxonomy":"product_cat","embeddable":true,"href":"https:\/\/antderground.com\/fr\/wp-json\/wp\/v2\/product_cat?post=29481"},{"taxonomy":"product_tag","embeddable":true,"href":"https:\/\/antderground.com\/fr\/wp-json\/wp\/v2\/product_tag?post=29481"}],"curies":[{"name":"wp","href":"https:\/\/api.w.org\/{rel}","templated":true}]}}