{"id":29893,"date":"2019-08-05T10:52:02","date_gmt":"2019-08-05T08:52:02","guid":{"rendered":"https:\/\/www.antderground.com\/producto\/camponotus-cruentatus\/"},"modified":"2025-08-31T21:56:47","modified_gmt":"2025-08-31T19:56:47","slug":"camponotus-cruentatus","status":"publish","type":"product","link":"https:\/\/antderground.com\/fr\/produit\/camponotus-cruentatus\/","title":{"rendered":"Camponotus Cruentatus"},"content":{"rendered":"<ul>\n<li><strong>Nom scientifique :<\/strong> Camponotus cruentatus<\/li>\n<li><strong>Classification taxonomique :<\/strong>\n<ul>\n<li>R\u00e8gne : Animalia<\/li>\n<li>Phylum : Arthropoda<\/li>\n<li>Classe : Insecta<\/li>\n<li>Ordre : Hymenoptera<\/li>\n<li>Famille : Formicidae<\/li>\n<li>Sous-famille : Formicinae<\/li>\n<li>Genre : Camponotus<\/li>\n<li>Esp\u00e8ce : C. cruentatus<\/li>\n<\/ul>\n<\/li>\n<li><strong>Distribution g\u00e9ographique :<\/strong> Camponotus cruentatus se trouve principalement dans le sud de l&#8217;Europe, dans des pays tels que l&#8217;Espagne, l&#8217;Italie, la Gr\u00e8ce et la Turquie.<\/li>\n<li><strong>Caract\u00e9ristiques physiques :<\/strong> Les ouvri\u00e8res de Camponotus cruentatus ont une taille variable, avec des longueurs allant de 5 \u00e0 12 mm. Elles ont un corps robuste et une t\u00eate relativement grande par rapport au corps. La couleur du corps peut varier, mais elles ont g\u00e9n\u00e9ralement une teinte rouge\u00e2tre ou brun fonc\u00e9.<\/li>\n<li><strong>Comportement :<\/strong> Camponotus cruentatus est une esp\u00e8ce principalement nocturne, ce qui signifie qu&#8217;elle est plus active pendant la nuit. Ce sont des fourmis omnivores qui se nourrissent de nectar, de jus de fruits et occasionnellement d&#8217;insectes plus petits. Elles peuvent construire leurs nids dans le bois en d\u00e9composition, dans les fissures de l&#8217;\u00e9corce des arbres ou dans le sol.<\/li>\n<li><strong>\u00c9tat de conservation :<\/strong> Aucune information sp\u00e9cifique n&#8217;est disponible sur l&#8217;\u00e9tat de conservation de Camponotus cruentatus.<\/li>\n<li><strong>Notes compl\u00e9mentaires :<\/strong> Camponotus cruentatus est connue pour sa coloration distinctive et sa taille relativement grande. Cette esp\u00e8ce peut \u00eatre consid\u00e9r\u00e9e comme une nuisance dans certaines circonstances, car elle peut endommager le bois des structures. Dans la nature, elle joue un r\u00f4le important dans la d\u00e9composition de la mati\u00e8re organique et dans l&#8217;interaction avec d&#8217;autres esp\u00e8ces dans son \u00e9cosyst\u00e8me.<\/li>\n<\/ul>\n","protected":false},"excerpt":{"rendered":"<p>Nom scientifique : Camponotus cruentatus Classification taxonomique : R\u00e8gne : Animalia Phylum : Arthropoda Classe : Insecta Ordre : Hymenoptera<\/p>\n","protected":false},"featured_media":29436,"template":"","meta":[],"product_brand":[],"product_cat":[113,305],"product_tag":[],"class_list":{"0":"post-29893","1":"product","2":"type-product","3":"status-publish","4":"has-post-thumbnail","6":"product_cat-fourmis","7":"product_cat-fourmis-autochtones","9":"first","10":"outofstock","11":"shipping-taxable","12":"purchasable","13":"product-type-variable"},"yoast_head":"<!-- This site is optimized with the Yoast SEO plugin v27.4 - https:\/\/yoast.com\/product\/yoast-seo-wordpress\/ -->\n<title>Camponotus Cruentatus - ANTDERGROUND<\/title>\n<meta name=\"description\" content=\"D\u00e9couvrez la reine des fourmis Camponotus cruentatus, une esp\u00e8ce de fourmi parfaite pour d\u00e9buter avec votre fourmili\u00e8re ou terrarium\/formicarium\" \/>\n<meta name=\"robots\" content=\"index, follow, max-snippet:-1, max-image-preview:large, max-video-preview:-1\" \/>\n<link rel=\"canonical\" href=\"https:\/\/antderground.com\/fr\/produit\/camponotus-cruentatus\/\" \/>\n<meta property=\"og:locale\" content=\"fr_FR\" \/>\n<meta property=\"og:type\" content=\"article\" \/>\n<meta property=\"og:title\" content=\"Camponotus Cruentatus - ANTDERGROUND\" \/>\n<meta property=\"og:description\" content=\"D\u00e9couvrez la reine des fourmis Camponotus cruentatus, une esp\u00e8ce de fourmi parfaite pour d\u00e9buter avec votre fourmili\u00e8re ou terrarium\/formicarium\" \/>\n<meta property=\"og:url\" content=\"https:\/\/antderground.com\/fr\/produit\/camponotus-cruentatus\/\" \/>\n<meta property=\"og:site_name\" content=\"ANTDERGROUND\" \/>\n<meta property=\"article:modified_time\" content=\"2025-08-31T19:56:47+00:00\" \/>\n<meta property=\"og:image\" content=\"https:\/\/antderground.com\/wp-content\/uploads\/2019\/08\/Imagen-de-WhatsApp-2023-07-05-a-las-17.00.40.jpg\" \/>\n\t<meta property=\"og:image:width\" content=\"1417\" \/>\n\t<meta property=\"og:image:height\" content=\"1417\" \/>\n\t<meta property=\"og:image:type\" content=\"image\/jpeg\" \/>\n<meta name=\"twitter:card\" content=\"summary_large_image\" \/>\n<meta name=\"twitter:label1\" content=\"Dur\u00e9e de lecture estim\u00e9e\" \/>\n\t<meta name=\"twitter:data1\" content=\"1 minute\" \/>\n<script type=\"application\/ld+json\" class=\"yoast-schema-graph\">{\"@context\":\"https:\\\/\\\/schema.org\",\"@graph\":[{\"@type\":\"WebPage\",\"@id\":\"https:\\\/\\\/antderground.com\\\/fr\\\/produit\\\/camponotus-cruentatus\\\/\",\"url\":\"https:\\\/\\\/antderground.com\\\/fr\\\/produit\\\/camponotus-cruentatus\\\/\",\"name\":\"Camponotus Cruentatus - ANTDERGROUND\",\"isPartOf\":{\"@id\":\"https:\\\/\\\/antderground.com\\\/fr\\\/#website\"},\"primaryImageOfPage\":{\"@id\":\"https:\\\/\\\/antderground.com\\\/fr\\\/produit\\\/camponotus-cruentatus\\\/#primaryimage\"},\"image\":{\"@id\":\"https:\\\/\\\/antderground.com\\\/fr\\\/produit\\\/camponotus-cruentatus\\\/#primaryimage\"},\"thumbnailUrl\":\"https:\\\/\\\/antderground.com\\\/wp-content\\\/uploads\\\/2019\\\/08\\\/Imagen-de-WhatsApp-2023-07-05-a-las-17.00.40.jpg\",\"datePublished\":\"2019-08-05T08:52:02+00:00\",\"dateModified\":\"2025-08-31T19:56:47+00:00\",\"description\":\"D\u00e9couvrez la reine des fourmis Camponotus cruentatus, une esp\u00e8ce de fourmi parfaite pour d\u00e9buter avec votre fourmili\u00e8re ou terrarium\\\/formicarium\",\"breadcrumb\":{\"@id\":\"https:\\\/\\\/antderground.com\\\/fr\\\/produit\\\/camponotus-cruentatus\\\/#breadcrumb\"},\"inLanguage\":\"fr-FR\",\"potentialAction\":[{\"@type\":\"ReadAction\",\"target\":[\"https:\\\/\\\/antderground.com\\\/fr\\\/produit\\\/camponotus-cruentatus\\\/\"]}]},{\"@type\":\"ImageObject\",\"inLanguage\":\"fr-FR\",\"@id\":\"https:\\\/\\\/antderground.com\\\/fr\\\/produit\\\/camponotus-cruentatus\\\/#primaryimage\",\"url\":\"https:\\\/\\\/antderground.com\\\/wp-content\\\/uploads\\\/2019\\\/08\\\/Imagen-de-WhatsApp-2023-07-05-a-las-17.00.40.jpg\",\"contentUrl\":\"https:\\\/\\\/antderground.com\\\/wp-content\\\/uploads\\\/2019\\\/08\\\/Imagen-de-WhatsApp-2023-07-05-a-las-17.00.40.jpg\",\"width\":1417,\"height\":1417,\"caption\":\"camponotus cruentatus\"},{\"@type\":\"BreadcrumbList\",\"@id\":\"https:\\\/\\\/antderground.com\\\/fr\\\/produit\\\/camponotus-cruentatus\\\/#breadcrumb\",\"itemListElement\":[{\"@type\":\"ListItem\",\"position\":1,\"name\":\"Portada\",\"item\":\"https:\\\/\\\/antderground.com\\\/fr\\\/\"},{\"@type\":\"ListItem\",\"position\":2,\"name\":\"Boutique\",\"item\":\"https:\\\/\\\/antderground.com\\\/fr\\\/boutique\\\/\"},{\"@type\":\"ListItem\",\"position\":3,\"name\":\"Camponotus Cruentatus\"}]},{\"@type\":\"WebSite\",\"@id\":\"https:\\\/\\\/antderground.com\\\/fr\\\/#website\",\"url\":\"https:\\\/\\\/antderground.com\\\/fr\\\/\",\"name\":\"ANTDERGROUND\",\"description\":\"Tu tienda de hormigas, gran variedad de hormigueros acr\u00edlicos,madera,arena,3D y mas.. Pide tus hormigas gratis con tu pedido, somos expertos en hormigueros antifugas.\",\"publisher\":{\"@id\":\"https:\\\/\\\/antderground.com\\\/fr\\\/#\\\/schema\\\/person\\\/0e322c505e84fe72c65e2f6d08f96b81\"},\"alternateName\":\"Antderground\",\"potentialAction\":[{\"@type\":\"SearchAction\",\"target\":{\"@type\":\"EntryPoint\",\"urlTemplate\":\"https:\\\/\\\/antderground.com\\\/fr\\\/?s={search_term_string}\"},\"query-input\":{\"@type\":\"PropertyValueSpecification\",\"valueRequired\":true,\"valueName\":\"search_term_string\"}}],\"inLanguage\":\"fr-FR\"},{\"@type\":[\"Person\",\"Organization\"],\"@id\":\"https:\\\/\\\/antderground.com\\\/fr\\\/#\\\/schema\\\/person\\\/0e322c505e84fe72c65e2f6d08f96b81\",\"name\":\"Eric de Antderground\",\"image\":{\"@type\":\"ImageObject\",\"inLanguage\":\"fr-FR\",\"@id\":\"https:\\\/\\\/secure.gravatar.com\\\/avatar\\\/c49a1b9f79216d1498cb73c1e85cd47f4465dda35f2a94c03790d491bd4423c3?s=96&d=mm&r=g\",\"url\":\"https:\\\/\\\/secure.gravatar.com\\\/avatar\\\/c49a1b9f79216d1498cb73c1e85cd47f4465dda35f2a94c03790d491bd4423c3?s=96&d=mm&r=g\",\"contentUrl\":\"https:\\\/\\\/secure.gravatar.com\\\/avatar\\\/c49a1b9f79216d1498cb73c1e85cd47f4465dda35f2a94c03790d491bd4423c3?s=96&d=mm&r=g\",\"caption\":\"Eric de Antderground\"},\"logo\":{\"@id\":\"https:\\\/\\\/secure.gravatar.com\\\/avatar\\\/c49a1b9f79216d1498cb73c1e85cd47f4465dda35f2a94c03790d491bd4423c3?s=96&d=mm&r=g\"},\"description\":\"Eric es el especialista y fundador de Antderground, con una amplia trayectoria en artr\u00f3podos y enfocado en la mirmecolog\u00eda y el dise\u00f1o de hormigueros artificiales. Su enfoque combina la innovaci\u00f3n t\u00e9cnica con el respeto por la biolog\u00eda de las hormigas, is\u00f3podos y otros, desarrollando sistemas de nidos modulares 3D y acr\u00edlicos que son referentes para aficionados y profesionales en toda Europa. Su objetivo es facilitar la cr\u00eda de hormigas y otros artr\u00f3podos mediante soluciones seguras y divulgaci\u00f3n de calidad.\",\"sameAs\":[\"https:\\\/\\\/antderground.com\\\/\",\"https:\\\/\\\/www.youtube.com\\\/channel\\\/UCio72z7TlbufkAthAJIJfPw\"]}]}<\/script>\n<!-- \/ Yoast SEO plugin. -->","yoast_head_json":{"title":"Camponotus Cruentatus - ANTDERGROUND","description":"D\u00e9couvrez la reine des fourmis Camponotus cruentatus, une esp\u00e8ce de fourmi parfaite pour d\u00e9buter avec votre fourmili\u00e8re ou terrarium\/formicarium","robots":{"index":"index","follow":"follow","max-snippet":"max-snippet:-1","max-image-preview":"max-image-preview:large","max-video-preview":"max-video-preview:-1"},"canonical":"https:\/\/antderground.com\/fr\/produit\/camponotus-cruentatus\/","og_locale":"fr_FR","og_type":"article","og_title":"Camponotus Cruentatus - ANTDERGROUND","og_description":"D\u00e9couvrez la reine des fourmis Camponotus cruentatus, une esp\u00e8ce de fourmi parfaite pour d\u00e9buter avec votre fourmili\u00e8re ou terrarium\/formicarium","og_url":"https:\/\/antderground.com\/fr\/produit\/camponotus-cruentatus\/","og_site_name":"ANTDERGROUND","article_modified_time":"2025-08-31T19:56:47+00:00","og_image":[{"width":1417,"height":1417,"url":"https:\/\/antderground.com\/wp-content\/uploads\/2019\/08\/Imagen-de-WhatsApp-2023-07-05-a-las-17.00.40.jpg","type":"image\/jpeg"}],"twitter_card":"summary_large_image","twitter_misc":{"Dur\u00e9e de lecture estim\u00e9e":"1 minute"},"schema":{"@context":"https:\/\/schema.org","@graph":[{"@type":"WebPage","@id":"https:\/\/antderground.com\/fr\/produit\/camponotus-cruentatus\/","url":"https:\/\/antderground.com\/fr\/produit\/camponotus-cruentatus\/","name":"Camponotus Cruentatus - ANTDERGROUND","isPartOf":{"@id":"https:\/\/antderground.com\/fr\/#website"},"primaryImageOfPage":{"@id":"https:\/\/antderground.com\/fr\/produit\/camponotus-cruentatus\/#primaryimage"},"image":{"@id":"https:\/\/antderground.com\/fr\/produit\/camponotus-cruentatus\/#primaryimage"},"thumbnailUrl":"https:\/\/antderground.com\/wp-content\/uploads\/2019\/08\/Imagen-de-WhatsApp-2023-07-05-a-las-17.00.40.jpg","datePublished":"2019-08-05T08:52:02+00:00","dateModified":"2025-08-31T19:56:47+00:00","description":"D\u00e9couvrez la reine des fourmis Camponotus cruentatus, une esp\u00e8ce de fourmi parfaite pour d\u00e9buter avec votre fourmili\u00e8re ou terrarium\/formicarium","breadcrumb":{"@id":"https:\/\/antderground.com\/fr\/produit\/camponotus-cruentatus\/#breadcrumb"},"inLanguage":"fr-FR","potentialAction":[{"@type":"ReadAction","target":["https:\/\/antderground.com\/fr\/produit\/camponotus-cruentatus\/"]}]},{"@type":"ImageObject","inLanguage":"fr-FR","@id":"https:\/\/antderground.com\/fr\/produit\/camponotus-cruentatus\/#primaryimage","url":"https:\/\/antderground.com\/wp-content\/uploads\/2019\/08\/Imagen-de-WhatsApp-2023-07-05-a-las-17.00.40.jpg","contentUrl":"https:\/\/antderground.com\/wp-content\/uploads\/2019\/08\/Imagen-de-WhatsApp-2023-07-05-a-las-17.00.40.jpg","width":1417,"height":1417,"caption":"camponotus cruentatus"},{"@type":"BreadcrumbList","@id":"https:\/\/antderground.com\/fr\/produit\/camponotus-cruentatus\/#breadcrumb","itemListElement":[{"@type":"ListItem","position":1,"name":"Portada","item":"https:\/\/antderground.com\/fr\/"},{"@type":"ListItem","position":2,"name":"Boutique","item":"https:\/\/antderground.com\/fr\/boutique\/"},{"@type":"ListItem","position":3,"name":"Camponotus Cruentatus"}]},{"@type":"WebSite","@id":"https:\/\/antderground.com\/fr\/#website","url":"https:\/\/antderground.com\/fr\/","name":"ANTDERGROUND","description":"Tu tienda de hormigas, gran variedad de hormigueros acr\u00edlicos,madera,arena,3D y mas.. Pide tus hormigas gratis con tu pedido, somos expertos en hormigueros antifugas.","publisher":{"@id":"https:\/\/antderground.com\/fr\/#\/schema\/person\/0e322c505e84fe72c65e2f6d08f96b81"},"alternateName":"Antderground","potentialAction":[{"@type":"SearchAction","target":{"@type":"EntryPoint","urlTemplate":"https:\/\/antderground.com\/fr\/?s={search_term_string}"},"query-input":{"@type":"PropertyValueSpecification","valueRequired":true,"valueName":"search_term_string"}}],"inLanguage":"fr-FR"},{"@type":["Person","Organization"],"@id":"https:\/\/antderground.com\/fr\/#\/schema\/person\/0e322c505e84fe72c65e2f6d08f96b81","name":"Eric de Antderground","image":{"@type":"ImageObject","inLanguage":"fr-FR","@id":"https:\/\/secure.gravatar.com\/avatar\/c49a1b9f79216d1498cb73c1e85cd47f4465dda35f2a94c03790d491bd4423c3?s=96&d=mm&r=g","url":"https:\/\/secure.gravatar.com\/avatar\/c49a1b9f79216d1498cb73c1e85cd47f4465dda35f2a94c03790d491bd4423c3?s=96&d=mm&r=g","contentUrl":"https:\/\/secure.gravatar.com\/avatar\/c49a1b9f79216d1498cb73c1e85cd47f4465dda35f2a94c03790d491bd4423c3?s=96&d=mm&r=g","caption":"Eric de Antderground"},"logo":{"@id":"https:\/\/secure.gravatar.com\/avatar\/c49a1b9f79216d1498cb73c1e85cd47f4465dda35f2a94c03790d491bd4423c3?s=96&d=mm&r=g"},"description":"Eric es el especialista y fundador de Antderground, con una amplia trayectoria en artr\u00f3podos y enfocado en la mirmecolog\u00eda y el dise\u00f1o de hormigueros artificiales. Su enfoque combina la innovaci\u00f3n t\u00e9cnica con el respeto por la biolog\u00eda de las hormigas, is\u00f3podos y otros, desarrollando sistemas de nidos modulares 3D y acr\u00edlicos que son referentes para aficionados y profesionales en toda Europa. Su objetivo es facilitar la cr\u00eda de hormigas y otros artr\u00f3podos mediante soluciones seguras y divulgaci\u00f3n de calidad.","sameAs":["https:\/\/antderground.com\/","https:\/\/www.youtube.com\/channel\/UCio72z7TlbufkAthAJIJfPw"]}]}},"_links":{"self":[{"href":"https:\/\/antderground.com\/fr\/wp-json\/wp\/v2\/product\/29893","targetHints":{"allow":["GET"]}}],"collection":[{"href":"https:\/\/antderground.com\/fr\/wp-json\/wp\/v2\/product"}],"about":[{"href":"https:\/\/antderground.com\/fr\/wp-json\/wp\/v2\/types\/product"}],"version-history":[{"count":0,"href":"https:\/\/antderground.com\/fr\/wp-json\/wp\/v2\/product\/29893\/revisions"}],"wp:featuredmedia":[{"embeddable":true,"href":"https:\/\/antderground.com\/fr\/wp-json\/wp\/v2\/media\/29436"}],"wp:attachment":[{"href":"https:\/\/antderground.com\/fr\/wp-json\/wp\/v2\/media?parent=29893"}],"wp:term":[{"taxonomy":"product_brand","embeddable":true,"href":"https:\/\/antderground.com\/fr\/wp-json\/wp\/v2\/product_brand?post=29893"},{"taxonomy":"product_cat","embeddable":true,"href":"https:\/\/antderground.com\/fr\/wp-json\/wp\/v2\/product_cat?post=29893"},{"taxonomy":"product_tag","embeddable":true,"href":"https:\/\/antderground.com\/fr\/wp-json\/wp\/v2\/product_tag?post=29893"}],"curies":[{"name":"wp","href":"https:\/\/api.w.org\/{rel}","templated":true}]}}