{"id":30119,"date":"2023-09-12T11:14:08","date_gmt":"2023-09-12T09:14:08","guid":{"rendered":"https:\/\/www.antderground.com\/producto\/portoir-pour-20-tubes-a-essai\/"},"modified":"2023-09-12T12:59:39","modified_gmt":"2023-09-12T10:59:39","slug":"portoir-pour-20-tubes-a-essai","status":"publish","type":"product","link":"https:\/\/antderground.com\/fr\/produit\/portoir-pour-20-tubes-a-essai\/","title":{"rendered":"Portoir pour 20 tubes \u00e0 essai"},"content":{"rendered":"<p>Nouveau support pour 20 tubes \u00e0 essai : id\u00e9al pour la protection optimale des reines de fourmis contre la lumi\u00e8re, offrant une s\u00e9curit\u00e9 et une stabilit\u00e9 totales.<\/p>\n<p>Fabriqu\u00e9 en m\u00e9tacrylate pour une r\u00e9sistance et une durabilit\u00e9 accrues.<br \/>\nLes dimensions de ce support\/portoir sont de 17x8x7 cm, en faisant ainsi un choix parfait pour \u00eatre expos\u00e9, voire utilis\u00e9 comme d\u00e9coration.<\/p>\n<p>Un support pour fourmis en rouge ?<br \/>\nOui, la couleur rouge\/translucide offre des avantages en filtrant la lumi\u00e8re naturelle, am\u00e9liorant ainsi le bien-\u00eatre des fourmis.<\/p>\n<p>Besoin de plus d&#8217;\u00e9tag\u00e8res pour vos tubes ?<br \/>\nAbsolument, nous proposons actuellement une <a href=\"https:\/\/antderground.com\/fr\/produit\/portoir-pour-tubes-a-essai\/\">version pour 10 tubes<\/a>, id\u00e9ale pour les d\u00e9butants en myrm\u00e9cologie.<\/p>\n","protected":false},"excerpt":{"rendered":"<p>Support\/portoir pour 20 tubes \u00e0 essai, id\u00e9al pour assurer une stabilit\u00e9 totale et prot\u00e9ger les fourmis.<\/p>\n<p><strong>Caract\u00e9ristiques :<br \/>\n<\/strong>Couleur : Rouge transparent<br \/>\nComprend les 20 tubes<br \/>\nDimensions : 17 x 8 x 7 cm<br \/>\nMat\u00e9riau : M\u00e9tacrylate<\/p>\n","protected":false},"featured_media":30110,"template":"","meta":[],"product_brand":[],"product_cat":[107,303,120],"product_tag":[],"class_list":{"0":"post-30119","1":"product","2":"type-product","3":"status-publish","4":"has-post-thumbnail","6":"product_cat-accessoires","7":"product_cat-nouveautes","8":"product_cat-porte-eprouvettes","10":"first","11":"instock","12":"shipping-taxable","13":"purchasable","14":"product-type-simple"},"yoast_head":"<!-- This site is optimized with the Yoast SEO plugin v27.4 - https:\/\/yoast.com\/product\/yoast-seo-wordpress\/ -->\n<title>Portoir pour 20 tubes \u00e0 essai - ANTDERGROUND<\/title>\n<meta name=\"description\" content=\"Portoir pour 20 tubes \u00e0 essai, prot\u00e9gez en toute s\u00e9curit\u00e9 vos reines de fourmis. L&#039;accessoire id\u00e9al pour les passionn\u00e9s du monde des fourmis et des fourmili\u00e8res. Porte-\u00e9prouvettes\" \/>\n<meta name=\"robots\" content=\"index, follow, max-snippet:-1, max-image-preview:large, max-video-preview:-1\" \/>\n<link rel=\"canonical\" href=\"https:\/\/antderground.com\/fr\/produit\/portoir-pour-20-tubes-a-essai\/\" \/>\n<meta property=\"og:locale\" content=\"fr_FR\" \/>\n<meta property=\"og:type\" content=\"article\" \/>\n<meta property=\"og:title\" content=\"Portoir pour 20 tubes \u00e0 essai - ANTDERGROUND\" \/>\n<meta property=\"og:description\" content=\"Portoir pour 20 tubes \u00e0 essai, prot\u00e9gez en toute s\u00e9curit\u00e9 vos reines de fourmis. L&#039;accessoire id\u00e9al pour les passionn\u00e9s du monde des fourmis et des fourmili\u00e8res. Porte-\u00e9prouvettes\" \/>\n<meta property=\"og:url\" content=\"https:\/\/antderground.com\/fr\/produit\/portoir-pour-20-tubes-a-essai\/\" \/>\n<meta property=\"og:site_name\" content=\"ANTDERGROUND\" \/>\n<meta property=\"article:modified_time\" content=\"2023-09-12T10:59:39+00:00\" \/>\n<meta property=\"og:image\" content=\"https:\/\/antderground.com\/wp-content\/uploads\/2023\/09\/rack-tubos-de-ensayo-20.jpg\" \/>\n\t<meta property=\"og:image:width\" content=\"1417\" \/>\n\t<meta property=\"og:image:height\" content=\"1417\" \/>\n\t<meta property=\"og:image:type\" content=\"image\/jpeg\" \/>\n<meta name=\"twitter:card\" content=\"summary_large_image\" \/>\n<meta name=\"twitter:label1\" content=\"Dur\u00e9e de lecture estim\u00e9e\" \/>\n\t<meta name=\"twitter:data1\" content=\"1 minute\" \/>\n<script type=\"application\/ld+json\" class=\"yoast-schema-graph\">{\"@context\":\"https:\\\/\\\/schema.org\",\"@graph\":[{\"@type\":\"WebPage\",\"@id\":\"https:\\\/\\\/antderground.com\\\/fr\\\/produit\\\/portoir-pour-20-tubes-a-essai\\\/\",\"url\":\"https:\\\/\\\/antderground.com\\\/fr\\\/produit\\\/portoir-pour-20-tubes-a-essai\\\/\",\"name\":\"Portoir pour 20 tubes \u00e0 essai - ANTDERGROUND\",\"isPartOf\":{\"@id\":\"https:\\\/\\\/antderground.com\\\/fr\\\/#website\"},\"primaryImageOfPage\":{\"@id\":\"https:\\\/\\\/antderground.com\\\/fr\\\/produit\\\/portoir-pour-20-tubes-a-essai\\\/#primaryimage\"},\"image\":{\"@id\":\"https:\\\/\\\/antderground.com\\\/fr\\\/produit\\\/portoir-pour-20-tubes-a-essai\\\/#primaryimage\"},\"thumbnailUrl\":\"https:\\\/\\\/antderground.com\\\/wp-content\\\/uploads\\\/2023\\\/09\\\/rack-tubos-de-ensayo-20.jpg\",\"datePublished\":\"2023-09-12T09:14:08+00:00\",\"dateModified\":\"2023-09-12T10:59:39+00:00\",\"description\":\"Portoir pour 20 tubes \u00e0 essai, prot\u00e9gez en toute s\u00e9curit\u00e9 vos reines de fourmis. L'accessoire id\u00e9al pour les passionn\u00e9s du monde des fourmis et des fourmili\u00e8res. Porte-\u00e9prouvettes\",\"breadcrumb\":{\"@id\":\"https:\\\/\\\/antderground.com\\\/fr\\\/produit\\\/portoir-pour-20-tubes-a-essai\\\/#breadcrumb\"},\"inLanguage\":\"fr-FR\",\"potentialAction\":[{\"@type\":\"ReadAction\",\"target\":[\"https:\\\/\\\/antderground.com\\\/fr\\\/produit\\\/portoir-pour-20-tubes-a-essai\\\/\"]}]},{\"@type\":\"ImageObject\",\"inLanguage\":\"fr-FR\",\"@id\":\"https:\\\/\\\/antderground.com\\\/fr\\\/produit\\\/portoir-pour-20-tubes-a-essai\\\/#primaryimage\",\"url\":\"https:\\\/\\\/antderground.com\\\/wp-content\\\/uploads\\\/2023\\\/09\\\/rack-tubos-de-ensayo-20.jpg\",\"contentUrl\":\"https:\\\/\\\/antderground.com\\\/wp-content\\\/uploads\\\/2023\\\/09\\\/rack-tubos-de-ensayo-20.jpg\",\"width\":1417,\"height\":1417,\"caption\":\"Portoir pour 20 tubes \u00e0 essai\"},{\"@type\":\"BreadcrumbList\",\"@id\":\"https:\\\/\\\/antderground.com\\\/fr\\\/produit\\\/portoir-pour-20-tubes-a-essai\\\/#breadcrumb\",\"itemListElement\":[{\"@type\":\"ListItem\",\"position\":1,\"name\":\"Portada\",\"item\":\"https:\\\/\\\/antderground.com\\\/fr\\\/\"},{\"@type\":\"ListItem\",\"position\":2,\"name\":\"Boutique\",\"item\":\"https:\\\/\\\/antderground.com\\\/fr\\\/boutique\\\/\"},{\"@type\":\"ListItem\",\"position\":3,\"name\":\"Portoir pour 20 tubes \u00e0 essai\"}]},{\"@type\":\"WebSite\",\"@id\":\"https:\\\/\\\/antderground.com\\\/fr\\\/#website\",\"url\":\"https:\\\/\\\/antderground.com\\\/fr\\\/\",\"name\":\"ANTDERGROUND\",\"description\":\"Tu tienda de hormigas, gran variedad de hormigueros acr\u00edlicos,madera,arena,3D y mas.. Pide tus hormigas gratis con tu pedido, somos expertos en hormigueros antifugas.\",\"publisher\":{\"@id\":\"https:\\\/\\\/antderground.com\\\/fr\\\/#\\\/schema\\\/person\\\/0e322c505e84fe72c65e2f6d08f96b81\"},\"alternateName\":\"Antderground\",\"potentialAction\":[{\"@type\":\"SearchAction\",\"target\":{\"@type\":\"EntryPoint\",\"urlTemplate\":\"https:\\\/\\\/antderground.com\\\/fr\\\/?s={search_term_string}\"},\"query-input\":{\"@type\":\"PropertyValueSpecification\",\"valueRequired\":true,\"valueName\":\"search_term_string\"}}],\"inLanguage\":\"fr-FR\"},{\"@type\":[\"Person\",\"Organization\"],\"@id\":\"https:\\\/\\\/antderground.com\\\/fr\\\/#\\\/schema\\\/person\\\/0e322c505e84fe72c65e2f6d08f96b81\",\"name\":\"Eric de Antderground\",\"image\":{\"@type\":\"ImageObject\",\"inLanguage\":\"fr-FR\",\"@id\":\"https:\\\/\\\/secure.gravatar.com\\\/avatar\\\/c49a1b9f79216d1498cb73c1e85cd47f4465dda35f2a94c03790d491bd4423c3?s=96&d=mm&r=g\",\"url\":\"https:\\\/\\\/secure.gravatar.com\\\/avatar\\\/c49a1b9f79216d1498cb73c1e85cd47f4465dda35f2a94c03790d491bd4423c3?s=96&d=mm&r=g\",\"contentUrl\":\"https:\\\/\\\/secure.gravatar.com\\\/avatar\\\/c49a1b9f79216d1498cb73c1e85cd47f4465dda35f2a94c03790d491bd4423c3?s=96&d=mm&r=g\",\"caption\":\"Eric de Antderground\"},\"logo\":{\"@id\":\"https:\\\/\\\/secure.gravatar.com\\\/avatar\\\/c49a1b9f79216d1498cb73c1e85cd47f4465dda35f2a94c03790d491bd4423c3?s=96&d=mm&r=g\"},\"description\":\"Eric es el especialista y fundador de Antderground, con una amplia trayectoria en artr\u00f3podos y enfocado en la mirmecolog\u00eda y el dise\u00f1o de hormigueros artificiales. Su enfoque combina la innovaci\u00f3n t\u00e9cnica con el respeto por la biolog\u00eda de las hormigas, is\u00f3podos y otros, desarrollando sistemas de nidos modulares 3D y acr\u00edlicos que son referentes para aficionados y profesionales en toda Europa. Su objetivo es facilitar la cr\u00eda de hormigas y otros artr\u00f3podos mediante soluciones seguras y divulgaci\u00f3n de calidad.\",\"sameAs\":[\"https:\\\/\\\/antderground.com\\\/\",\"https:\\\/\\\/www.youtube.com\\\/channel\\\/UCio72z7TlbufkAthAJIJfPw\"]}]}<\/script>\n<!-- \/ Yoast SEO plugin. -->","yoast_head_json":{"title":"Portoir pour 20 tubes \u00e0 essai - ANTDERGROUND","description":"Portoir pour 20 tubes \u00e0 essai, prot\u00e9gez en toute s\u00e9curit\u00e9 vos reines de fourmis. L'accessoire id\u00e9al pour les passionn\u00e9s du monde des fourmis et des fourmili\u00e8res. Porte-\u00e9prouvettes","robots":{"index":"index","follow":"follow","max-snippet":"max-snippet:-1","max-image-preview":"max-image-preview:large","max-video-preview":"max-video-preview:-1"},"canonical":"https:\/\/antderground.com\/fr\/produit\/portoir-pour-20-tubes-a-essai\/","og_locale":"fr_FR","og_type":"article","og_title":"Portoir pour 20 tubes \u00e0 essai - ANTDERGROUND","og_description":"Portoir pour 20 tubes \u00e0 essai, prot\u00e9gez en toute s\u00e9curit\u00e9 vos reines de fourmis. L'accessoire id\u00e9al pour les passionn\u00e9s du monde des fourmis et des fourmili\u00e8res. Porte-\u00e9prouvettes","og_url":"https:\/\/antderground.com\/fr\/produit\/portoir-pour-20-tubes-a-essai\/","og_site_name":"ANTDERGROUND","article_modified_time":"2023-09-12T10:59:39+00:00","og_image":[{"width":1417,"height":1417,"url":"https:\/\/antderground.com\/wp-content\/uploads\/2023\/09\/rack-tubos-de-ensayo-20.jpg","type":"image\/jpeg"}],"twitter_card":"summary_large_image","twitter_misc":{"Dur\u00e9e de lecture estim\u00e9e":"1 minute"},"schema":{"@context":"https:\/\/schema.org","@graph":[{"@type":"WebPage","@id":"https:\/\/antderground.com\/fr\/produit\/portoir-pour-20-tubes-a-essai\/","url":"https:\/\/antderground.com\/fr\/produit\/portoir-pour-20-tubes-a-essai\/","name":"Portoir pour 20 tubes \u00e0 essai - ANTDERGROUND","isPartOf":{"@id":"https:\/\/antderground.com\/fr\/#website"},"primaryImageOfPage":{"@id":"https:\/\/antderground.com\/fr\/produit\/portoir-pour-20-tubes-a-essai\/#primaryimage"},"image":{"@id":"https:\/\/antderground.com\/fr\/produit\/portoir-pour-20-tubes-a-essai\/#primaryimage"},"thumbnailUrl":"https:\/\/antderground.com\/wp-content\/uploads\/2023\/09\/rack-tubos-de-ensayo-20.jpg","datePublished":"2023-09-12T09:14:08+00:00","dateModified":"2023-09-12T10:59:39+00:00","description":"Portoir pour 20 tubes \u00e0 essai, prot\u00e9gez en toute s\u00e9curit\u00e9 vos reines de fourmis. L'accessoire id\u00e9al pour les passionn\u00e9s du monde des fourmis et des fourmili\u00e8res. Porte-\u00e9prouvettes","breadcrumb":{"@id":"https:\/\/antderground.com\/fr\/produit\/portoir-pour-20-tubes-a-essai\/#breadcrumb"},"inLanguage":"fr-FR","potentialAction":[{"@type":"ReadAction","target":["https:\/\/antderground.com\/fr\/produit\/portoir-pour-20-tubes-a-essai\/"]}]},{"@type":"ImageObject","inLanguage":"fr-FR","@id":"https:\/\/antderground.com\/fr\/produit\/portoir-pour-20-tubes-a-essai\/#primaryimage","url":"https:\/\/antderground.com\/wp-content\/uploads\/2023\/09\/rack-tubos-de-ensayo-20.jpg","contentUrl":"https:\/\/antderground.com\/wp-content\/uploads\/2023\/09\/rack-tubos-de-ensayo-20.jpg","width":1417,"height":1417,"caption":"Portoir pour 20 tubes \u00e0 essai"},{"@type":"BreadcrumbList","@id":"https:\/\/antderground.com\/fr\/produit\/portoir-pour-20-tubes-a-essai\/#breadcrumb","itemListElement":[{"@type":"ListItem","position":1,"name":"Portada","item":"https:\/\/antderground.com\/fr\/"},{"@type":"ListItem","position":2,"name":"Boutique","item":"https:\/\/antderground.com\/fr\/boutique\/"},{"@type":"ListItem","position":3,"name":"Portoir pour 20 tubes \u00e0 essai"}]},{"@type":"WebSite","@id":"https:\/\/antderground.com\/fr\/#website","url":"https:\/\/antderground.com\/fr\/","name":"ANTDERGROUND","description":"Tu tienda de hormigas, gran variedad de hormigueros acr\u00edlicos,madera,arena,3D y mas.. Pide tus hormigas gratis con tu pedido, somos expertos en hormigueros antifugas.","publisher":{"@id":"https:\/\/antderground.com\/fr\/#\/schema\/person\/0e322c505e84fe72c65e2f6d08f96b81"},"alternateName":"Antderground","potentialAction":[{"@type":"SearchAction","target":{"@type":"EntryPoint","urlTemplate":"https:\/\/antderground.com\/fr\/?s={search_term_string}"},"query-input":{"@type":"PropertyValueSpecification","valueRequired":true,"valueName":"search_term_string"}}],"inLanguage":"fr-FR"},{"@type":["Person","Organization"],"@id":"https:\/\/antderground.com\/fr\/#\/schema\/person\/0e322c505e84fe72c65e2f6d08f96b81","name":"Eric de Antderground","image":{"@type":"ImageObject","inLanguage":"fr-FR","@id":"https:\/\/secure.gravatar.com\/avatar\/c49a1b9f79216d1498cb73c1e85cd47f4465dda35f2a94c03790d491bd4423c3?s=96&d=mm&r=g","url":"https:\/\/secure.gravatar.com\/avatar\/c49a1b9f79216d1498cb73c1e85cd47f4465dda35f2a94c03790d491bd4423c3?s=96&d=mm&r=g","contentUrl":"https:\/\/secure.gravatar.com\/avatar\/c49a1b9f79216d1498cb73c1e85cd47f4465dda35f2a94c03790d491bd4423c3?s=96&d=mm&r=g","caption":"Eric de Antderground"},"logo":{"@id":"https:\/\/secure.gravatar.com\/avatar\/c49a1b9f79216d1498cb73c1e85cd47f4465dda35f2a94c03790d491bd4423c3?s=96&d=mm&r=g"},"description":"Eric es el especialista y fundador de Antderground, con una amplia trayectoria en artr\u00f3podos y enfocado en la mirmecolog\u00eda y el dise\u00f1o de hormigueros artificiales. Su enfoque combina la innovaci\u00f3n t\u00e9cnica con el respeto por la biolog\u00eda de las hormigas, is\u00f3podos y otros, desarrollando sistemas de nidos modulares 3D y acr\u00edlicos que son referentes para aficionados y profesionales en toda Europa. Su objetivo es facilitar la cr\u00eda de hormigas y otros artr\u00f3podos mediante soluciones seguras y divulgaci\u00f3n de calidad.","sameAs":["https:\/\/antderground.com\/","https:\/\/www.youtube.com\/channel\/UCio72z7TlbufkAthAJIJfPw"]}]}},"_links":{"self":[{"href":"https:\/\/antderground.com\/fr\/wp-json\/wp\/v2\/product\/30119","targetHints":{"allow":["GET"]}}],"collection":[{"href":"https:\/\/antderground.com\/fr\/wp-json\/wp\/v2\/product"}],"about":[{"href":"https:\/\/antderground.com\/fr\/wp-json\/wp\/v2\/types\/product"}],"version-history":[{"count":0,"href":"https:\/\/antderground.com\/fr\/wp-json\/wp\/v2\/product\/30119\/revisions"}],"wp:featuredmedia":[{"embeddable":true,"href":"https:\/\/antderground.com\/fr\/wp-json\/wp\/v2\/media\/30110"}],"wp:attachment":[{"href":"https:\/\/antderground.com\/fr\/wp-json\/wp\/v2\/media?parent=30119"}],"wp:term":[{"taxonomy":"product_brand","embeddable":true,"href":"https:\/\/antderground.com\/fr\/wp-json\/wp\/v2\/product_brand?post=30119"},{"taxonomy":"product_cat","embeddable":true,"href":"https:\/\/antderground.com\/fr\/wp-json\/wp\/v2\/product_cat?post=30119"},{"taxonomy":"product_tag","embeddable":true,"href":"https:\/\/antderground.com\/fr\/wp-json\/wp\/v2\/product_tag?post=30119"}],"curies":[{"name":"wp","href":"https:\/\/api.w.org\/{rel}","templated":true}]}}