{"id":30305,"date":"2023-09-26T21:32:13","date_gmt":"2023-09-26T19:32:13","guid":{"rendered":"https:\/\/www.antderground.com\/producto\/kit-fourmiliere-pour-les-coupeuses-de-feuilles\/"},"modified":"2024-03-31T23:13:11","modified_gmt":"2024-03-31T21:13:11","slug":"kit-fourmiliere-pour-les-coupeuses-de-feuilles","status":"publish","type":"product","link":"https:\/\/antderground.com\/fr\/produit\/kit-fourmiliere-pour-les-coupeuses-de-feuilles\/","title":{"rendered":"Kit fourmili\u00e8re pour les coupeuses de feuilles"},"content":{"rendered":"<p>Envisagez-vous d&#8217;explorer avec les fourmis coupeuses de feuilles ? N&#8217;oubliez pas que ces fourmis sont curieuses et n\u00e9cessitent un environnement adapt\u00e9. C&#8217;est pourquoi &#8220;<a href=\"https:\/\/antderground.com\/fr\/\">Antderground<\/a>&#8221; a con\u00e7u son propre kit.<\/p>\n<p><strong>Points importants:<\/strong><\/p>\n<ul>\n<li>Id\u00e9al pour fournir de l&#8217;humidit\u00e9 au champignon pendant les premiers mois de sa vie, juste au moment o\u00f9 il a besoin d&#8217;un coup de pouce pour avancer et cro\u00eetre dans les conditions id\u00e9ales jusqu&#8217;\u00e0 ce qu&#8217;il g\u00e9n\u00e8re lui-m\u00eame l&#8217;humidit\u00e9 n\u00e9cessaire.<\/li>\n<li>Humidit\u00e9 par le bas.<\/li>\n<li>S\u00e9par\u00e9 physiquement de la zone du champignon avec une grille en acier inoxydable micro-perfor\u00e9e, afin de ne pas avoir \u00e0 d\u00e9ranger les fourmis pour fournir de l&#8217;humidit\u00e9 et d&#8217;\u00e9viter d&#8217;endommager le champignon d\u00fb \u00e0 la manipulation.<\/li>\n<\/ul>\n<h2>Pour les esp\u00e8ces de fourmis coupeuses de feuilles.<\/h2>\n<p>Oui ! Comme l&#8217;indique le titre lui-m\u00eame, ce kit ou ensemble est con\u00e7u pour \u00eatre une fourmili\u00e8re ou un nid artificiel exclusivement pour ces esp\u00e8ces de fourmis et d&#8217;autres vari\u00e9t\u00e9s de fourmis qui d\u00e9pendent de l&#8217;espace pour effectuer certaines actions.<\/p>\n<p><strong>Exemples de ces esp\u00e8ces de fourmis :<\/strong><\/p>\n<ul>\n<li>Atta.<\/li>\n<li>Acromyrmex.<\/li>\n<li>Fourmis coupeuses de feuilles en g\u00e9n\u00e9ral (Fourmis corticole).<\/li>\n<\/ul>\n<h3>Modules pour l&#8217;environnement des fourmis.<\/h3>\n<p><strong>Qu&#8217;est-ce que les modules ?<\/strong><br \/>\nLes modules sont des espaces suffisamment grands pour permettre \u00e0 certaines <strong>esp\u00e8ces de fourmis<\/strong> de se d\u00e9placer correctement. On pourrait dire de mani\u00e8re basique qu&#8217;il s&#8217;agit d&#8217;<a href=\"https:\/\/antderground.com\/fr\/categorie-produit\/caisse-de-nourriture\/\">Aires de chasse\/Bo\u00eete \u00e0 fourrage<\/a> con\u00e7ues sp\u00e9cialement pour une esp\u00e8ce particuli\u00e8re de fourmis.<\/p>\n<p><strong>Ce kit comprend 3 modules :<\/strong><\/p>\n<ol>\n<li>Module pour le champignon, l&#8217;une des parties les plus importantes de ce kit, avec une taille de 10 x 10 (cm).<\/li>\n<li>Module de zone de recherche de nourriture o\u00f9 les fourmis auront leur zone parfaite, avec une taille de 10 x 8 (cm).<\/li>\n<li>Module de nettoyage\/d\u00e9chets, dans ce module, ces esp\u00e8ces de fourmis d\u00e9placent les d\u00e9chets parmi d&#8217;autres t\u00e2ches, avec une taille de 10 x 8 (cm).<\/li>\n<\/ol>\n<h4>Entretien du kit de fourmili\u00e8re \/ modules<\/h4>\n<p>En g\u00e9n\u00e9ral, c&#8217;est facile, l&#8217;acc\u00e8s pour nettoyer la zone est facile et l&#8217;assemblage est rapide. Si vous avez des doutes sur la mani\u00e8re de prendre soin d&#8217;un environnement appropri\u00e9, vous pouvez nous contacter par e-mail ou WhatsApp en toute tranquillit\u00e9.<\/p>\n<p>Le nettoyage se fait simplement avec de l&#8217;eau et du savon ordinaire. En aucun cas, vous ne devez utiliser de produits chimiques de nettoyage, car ils pourraient endommager l&#8217;apparence ou la partie visuelle.<\/p>\n<h5>Ventilation r\u00e9glable<\/h5>\n<p>Chacun des modules est \u00e9quip\u00e9 d&#8217;une ventilation rotative r\u00e9glable pour cr\u00e9er un climat id\u00e9al pour notre <a href=\"https:\/\/antderground.com\/fr\/categorie-produit\/fourmis\/\">colonie de fourmis<\/a>.<\/p>\n","protected":false},"excerpt":{"rendered":"<p>Kit de fourmili\u00e8re pour les<strong> fourmis coupeuses<\/strong> de feuilles (version 2.0). Un kit parfait pour d\u00e9buter avec ces esp\u00e8ces de fourmis.<\/p>\n<p><strong>Caract\u00e9ristiques :<\/strong><\/p>\n<ul>\n<li>1 Module pour le champignon de 10\u00a0 x 10 (cm).<\/li>\n<li>1 Module de zone de recherche de nourriture de 10 x 8 (cm).<\/li>\n<li>1 Module de nettoyage\/d\u00e9chets de 10 x 8 (cm).<\/li>\n<li>2 Tubes en m\u00e9thacrylate de 3 cm de diam\u00e8tre.<\/li>\n<li>4 Connecteurs pour les tubes en m\u00e9thacrylate.<\/li>\n<li>Bouchons de ventilation r\u00e9glables sur les diff\u00e9rents modules.<\/li>\n<li>Abreuvoir lat\u00e9ral de 20 ml (version AntClick)<\/li>\n<\/ul>\n<p>Important :<\/p>\n<p>&#8211; Le temps de montage est d&#8217;environ (3 minutes).<br \/>\n&#8211; La livraison peut prendre entre 3 jours.<br \/>\n&#8211; N&#8217;inclut pas les fourmis<\/p>\n","protected":false},"featured_media":33381,"template":"","meta":[],"product_brand":[],"product_cat":[106,114,304],"product_tag":[],"class_list":{"0":"post-30305","1":"product","2":"type-product","3":"status-publish","4":"has-post-thumbnail","6":"product_cat-caisse-de-nourriture","7":"product_cat-fourmilieres","8":"product_cat-kits-fourmiliere","10":"first","11":"instock","12":"sale","13":"shipping-taxable","14":"purchasable","15":"product-type-simple"},"yoast_head":"<!-- This site is optimized with the Yoast SEO plugin v27.4 - https:\/\/yoast.com\/product\/yoast-seo-wordpress\/ -->\n<title>Kit fourmili\u00e8re pour les coupeuses de feuilles<\/title>\n<meta name=\"description\" content=\"Nouvelle fourmili\u00e8re pour les fourmis coupeuses de feuilles, un kit complet avec la structure parfaite pour ces esp\u00e8ces de fourmis. (Formicarium)\" \/>\n<meta name=\"robots\" content=\"index, follow, max-snippet:-1, max-image-preview:large, max-video-preview:-1\" \/>\n<link rel=\"canonical\" href=\"https:\/\/antderground.com\/fr\/produit\/kit-fourmiliere-pour-les-coupeuses-de-feuilles\/\" \/>\n<meta property=\"og:locale\" content=\"fr_FR\" \/>\n<meta property=\"og:type\" content=\"article\" \/>\n<meta property=\"og:title\" content=\"Kit fourmili\u00e8re pour les coupeuses de feuilles\" \/>\n<meta property=\"og:description\" content=\"Nouvelle fourmili\u00e8re pour les fourmis coupeuses de feuilles, un kit complet avec la structure parfaite pour ces esp\u00e8ces de fourmis. (Formicarium)\" \/>\n<meta property=\"og:url\" content=\"https:\/\/antderground.com\/fr\/produit\/kit-fourmiliere-pour-les-coupeuses-de-feuilles\/\" \/>\n<meta property=\"og:site_name\" content=\"ANTDERGROUND\" \/>\n<meta property=\"article:modified_time\" content=\"2024-03-31T21:13:11+00:00\" \/>\n<meta property=\"og:image\" content=\"https:\/\/antderground.com\/wp-content\/uploads\/2023\/09\/Kit-hormiguero-para-cortadoras-de-hojas.jpg\" \/>\n\t<meta property=\"og:image:width\" content=\"1600\" \/>\n\t<meta property=\"og:image:height\" content=\"1553\" \/>\n\t<meta property=\"og:image:type\" content=\"image\/jpeg\" \/>\n<meta name=\"twitter:card\" content=\"summary_large_image\" \/>\n<meta name=\"twitter:label1\" content=\"Dur\u00e9e de lecture estim\u00e9e\" \/>\n\t<meta name=\"twitter:data1\" content=\"2 minutes\" \/>\n<script type=\"application\/ld+json\" class=\"yoast-schema-graph\">{\"@context\":\"https:\\\/\\\/schema.org\",\"@graph\":[{\"@type\":\"WebPage\",\"@id\":\"https:\\\/\\\/antderground.com\\\/fr\\\/produit\\\/kit-fourmiliere-pour-les-coupeuses-de-feuilles\\\/\",\"url\":\"https:\\\/\\\/antderground.com\\\/fr\\\/produit\\\/kit-fourmiliere-pour-les-coupeuses-de-feuilles\\\/\",\"name\":\"Kit fourmili\u00e8re pour les coupeuses de feuilles\",\"isPartOf\":{\"@id\":\"https:\\\/\\\/antderground.com\\\/fr\\\/#website\"},\"primaryImageOfPage\":{\"@id\":\"https:\\\/\\\/antderground.com\\\/fr\\\/produit\\\/kit-fourmiliere-pour-les-coupeuses-de-feuilles\\\/#primaryimage\"},\"image\":{\"@id\":\"https:\\\/\\\/antderground.com\\\/fr\\\/produit\\\/kit-fourmiliere-pour-les-coupeuses-de-feuilles\\\/#primaryimage\"},\"thumbnailUrl\":\"https:\\\/\\\/antderground.com\\\/wp-content\\\/uploads\\\/2023\\\/09\\\/Kit-hormiguero-para-cortadoras-de-hojas.jpg\",\"datePublished\":\"2023-09-26T19:32:13+00:00\",\"dateModified\":\"2024-03-31T21:13:11+00:00\",\"description\":\"Nouvelle fourmili\u00e8re pour les fourmis coupeuses de feuilles, un kit complet avec la structure parfaite pour ces esp\u00e8ces de fourmis. (Formicarium)\",\"breadcrumb\":{\"@id\":\"https:\\\/\\\/antderground.com\\\/fr\\\/produit\\\/kit-fourmiliere-pour-les-coupeuses-de-feuilles\\\/#breadcrumb\"},\"inLanguage\":\"fr-FR\",\"potentialAction\":[{\"@type\":\"ReadAction\",\"target\":[\"https:\\\/\\\/antderground.com\\\/fr\\\/produit\\\/kit-fourmiliere-pour-les-coupeuses-de-feuilles\\\/\"]}]},{\"@type\":\"ImageObject\",\"inLanguage\":\"fr-FR\",\"@id\":\"https:\\\/\\\/antderground.com\\\/fr\\\/produit\\\/kit-fourmiliere-pour-les-coupeuses-de-feuilles\\\/#primaryimage\",\"url\":\"https:\\\/\\\/antderground.com\\\/wp-content\\\/uploads\\\/2023\\\/09\\\/Kit-hormiguero-para-cortadoras-de-hojas.jpg\",\"contentUrl\":\"https:\\\/\\\/antderground.com\\\/wp-content\\\/uploads\\\/2023\\\/09\\\/Kit-hormiguero-para-cortadoras-de-hojas.jpg\",\"width\":1600,\"height\":1553,\"caption\":\"Kit hormiguero para cortadoras de hojas\"},{\"@type\":\"BreadcrumbList\",\"@id\":\"https:\\\/\\\/antderground.com\\\/fr\\\/produit\\\/kit-fourmiliere-pour-les-coupeuses-de-feuilles\\\/#breadcrumb\",\"itemListElement\":[{\"@type\":\"ListItem\",\"position\":1,\"name\":\"Portada\",\"item\":\"https:\\\/\\\/antderground.com\\\/fr\\\/\"},{\"@type\":\"ListItem\",\"position\":2,\"name\":\"Boutique\",\"item\":\"https:\\\/\\\/antderground.com\\\/fr\\\/boutique\\\/\"},{\"@type\":\"ListItem\",\"position\":3,\"name\":\"Kit fourmili\u00e8re pour les coupeuses de feuilles\"}]},{\"@type\":\"WebSite\",\"@id\":\"https:\\\/\\\/antderground.com\\\/fr\\\/#website\",\"url\":\"https:\\\/\\\/antderground.com\\\/fr\\\/\",\"name\":\"ANTDERGROUND\",\"description\":\"Tu tienda de hormigas, gran variedad de hormigueros acr\u00edlicos,madera,arena,3D y mas.. Pide tus hormigas gratis con tu pedido, somos expertos en hormigueros antifugas.\",\"publisher\":{\"@id\":\"https:\\\/\\\/antderground.com\\\/fr\\\/#\\\/schema\\\/person\\\/0e322c505e84fe72c65e2f6d08f96b81\"},\"alternateName\":\"Antderground\",\"potentialAction\":[{\"@type\":\"SearchAction\",\"target\":{\"@type\":\"EntryPoint\",\"urlTemplate\":\"https:\\\/\\\/antderground.com\\\/fr\\\/?s={search_term_string}\"},\"query-input\":{\"@type\":\"PropertyValueSpecification\",\"valueRequired\":true,\"valueName\":\"search_term_string\"}}],\"inLanguage\":\"fr-FR\"},{\"@type\":[\"Person\",\"Organization\"],\"@id\":\"https:\\\/\\\/antderground.com\\\/fr\\\/#\\\/schema\\\/person\\\/0e322c505e84fe72c65e2f6d08f96b81\",\"name\":\"Eric de Antderground\",\"image\":{\"@type\":\"ImageObject\",\"inLanguage\":\"fr-FR\",\"@id\":\"https:\\\/\\\/secure.gravatar.com\\\/avatar\\\/c49a1b9f79216d1498cb73c1e85cd47f4465dda35f2a94c03790d491bd4423c3?s=96&d=mm&r=g\",\"url\":\"https:\\\/\\\/secure.gravatar.com\\\/avatar\\\/c49a1b9f79216d1498cb73c1e85cd47f4465dda35f2a94c03790d491bd4423c3?s=96&d=mm&r=g\",\"contentUrl\":\"https:\\\/\\\/secure.gravatar.com\\\/avatar\\\/c49a1b9f79216d1498cb73c1e85cd47f4465dda35f2a94c03790d491bd4423c3?s=96&d=mm&r=g\",\"caption\":\"Eric de Antderground\"},\"logo\":{\"@id\":\"https:\\\/\\\/secure.gravatar.com\\\/avatar\\\/c49a1b9f79216d1498cb73c1e85cd47f4465dda35f2a94c03790d491bd4423c3?s=96&d=mm&r=g\"},\"description\":\"Eric es el especialista y fundador de Antderground, con una amplia trayectoria en artr\u00f3podos y enfocado en la mirmecolog\u00eda y el dise\u00f1o de hormigueros artificiales. Su enfoque combina la innovaci\u00f3n t\u00e9cnica con el respeto por la biolog\u00eda de las hormigas, is\u00f3podos y otros, desarrollando sistemas de nidos modulares 3D y acr\u00edlicos que son referentes para aficionados y profesionales en toda Europa. Su objetivo es facilitar la cr\u00eda de hormigas y otros artr\u00f3podos mediante soluciones seguras y divulgaci\u00f3n de calidad.\",\"sameAs\":[\"https:\\\/\\\/antderground.com\\\/\",\"https:\\\/\\\/www.youtube.com\\\/channel\\\/UCio72z7TlbufkAthAJIJfPw\"]}]}<\/script>\n<!-- \/ Yoast SEO plugin. -->","yoast_head_json":{"title":"Kit fourmili\u00e8re pour les coupeuses de feuilles","description":"Nouvelle fourmili\u00e8re pour les fourmis coupeuses de feuilles, un kit complet avec la structure parfaite pour ces esp\u00e8ces de fourmis. (Formicarium)","robots":{"index":"index","follow":"follow","max-snippet":"max-snippet:-1","max-image-preview":"max-image-preview:large","max-video-preview":"max-video-preview:-1"},"canonical":"https:\/\/antderground.com\/fr\/produit\/kit-fourmiliere-pour-les-coupeuses-de-feuilles\/","og_locale":"fr_FR","og_type":"article","og_title":"Kit fourmili\u00e8re pour les coupeuses de feuilles","og_description":"Nouvelle fourmili\u00e8re pour les fourmis coupeuses de feuilles, un kit complet avec la structure parfaite pour ces esp\u00e8ces de fourmis. (Formicarium)","og_url":"https:\/\/antderground.com\/fr\/produit\/kit-fourmiliere-pour-les-coupeuses-de-feuilles\/","og_site_name":"ANTDERGROUND","article_modified_time":"2024-03-31T21:13:11+00:00","og_image":[{"width":1600,"height":1553,"url":"https:\/\/antderground.com\/wp-content\/uploads\/2023\/09\/Kit-hormiguero-para-cortadoras-de-hojas.jpg","type":"image\/jpeg"}],"twitter_card":"summary_large_image","twitter_misc":{"Dur\u00e9e de lecture estim\u00e9e":"2 minutes"},"schema":{"@context":"https:\/\/schema.org","@graph":[{"@type":"WebPage","@id":"https:\/\/antderground.com\/fr\/produit\/kit-fourmiliere-pour-les-coupeuses-de-feuilles\/","url":"https:\/\/antderground.com\/fr\/produit\/kit-fourmiliere-pour-les-coupeuses-de-feuilles\/","name":"Kit fourmili\u00e8re pour les coupeuses de feuilles","isPartOf":{"@id":"https:\/\/antderground.com\/fr\/#website"},"primaryImageOfPage":{"@id":"https:\/\/antderground.com\/fr\/produit\/kit-fourmiliere-pour-les-coupeuses-de-feuilles\/#primaryimage"},"image":{"@id":"https:\/\/antderground.com\/fr\/produit\/kit-fourmiliere-pour-les-coupeuses-de-feuilles\/#primaryimage"},"thumbnailUrl":"https:\/\/antderground.com\/wp-content\/uploads\/2023\/09\/Kit-hormiguero-para-cortadoras-de-hojas.jpg","datePublished":"2023-09-26T19:32:13+00:00","dateModified":"2024-03-31T21:13:11+00:00","description":"Nouvelle fourmili\u00e8re pour les fourmis coupeuses de feuilles, un kit complet avec la structure parfaite pour ces esp\u00e8ces de fourmis. (Formicarium)","breadcrumb":{"@id":"https:\/\/antderground.com\/fr\/produit\/kit-fourmiliere-pour-les-coupeuses-de-feuilles\/#breadcrumb"},"inLanguage":"fr-FR","potentialAction":[{"@type":"ReadAction","target":["https:\/\/antderground.com\/fr\/produit\/kit-fourmiliere-pour-les-coupeuses-de-feuilles\/"]}]},{"@type":"ImageObject","inLanguage":"fr-FR","@id":"https:\/\/antderground.com\/fr\/produit\/kit-fourmiliere-pour-les-coupeuses-de-feuilles\/#primaryimage","url":"https:\/\/antderground.com\/wp-content\/uploads\/2023\/09\/Kit-hormiguero-para-cortadoras-de-hojas.jpg","contentUrl":"https:\/\/antderground.com\/wp-content\/uploads\/2023\/09\/Kit-hormiguero-para-cortadoras-de-hojas.jpg","width":1600,"height":1553,"caption":"Kit hormiguero para cortadoras de hojas"},{"@type":"BreadcrumbList","@id":"https:\/\/antderground.com\/fr\/produit\/kit-fourmiliere-pour-les-coupeuses-de-feuilles\/#breadcrumb","itemListElement":[{"@type":"ListItem","position":1,"name":"Portada","item":"https:\/\/antderground.com\/fr\/"},{"@type":"ListItem","position":2,"name":"Boutique","item":"https:\/\/antderground.com\/fr\/boutique\/"},{"@type":"ListItem","position":3,"name":"Kit fourmili\u00e8re pour les coupeuses de feuilles"}]},{"@type":"WebSite","@id":"https:\/\/antderground.com\/fr\/#website","url":"https:\/\/antderground.com\/fr\/","name":"ANTDERGROUND","description":"Tu tienda de hormigas, gran variedad de hormigueros acr\u00edlicos,madera,arena,3D y mas.. Pide tus hormigas gratis con tu pedido, somos expertos en hormigueros antifugas.","publisher":{"@id":"https:\/\/antderground.com\/fr\/#\/schema\/person\/0e322c505e84fe72c65e2f6d08f96b81"},"alternateName":"Antderground","potentialAction":[{"@type":"SearchAction","target":{"@type":"EntryPoint","urlTemplate":"https:\/\/antderground.com\/fr\/?s={search_term_string}"},"query-input":{"@type":"PropertyValueSpecification","valueRequired":true,"valueName":"search_term_string"}}],"inLanguage":"fr-FR"},{"@type":["Person","Organization"],"@id":"https:\/\/antderground.com\/fr\/#\/schema\/person\/0e322c505e84fe72c65e2f6d08f96b81","name":"Eric de Antderground","image":{"@type":"ImageObject","inLanguage":"fr-FR","@id":"https:\/\/secure.gravatar.com\/avatar\/c49a1b9f79216d1498cb73c1e85cd47f4465dda35f2a94c03790d491bd4423c3?s=96&d=mm&r=g","url":"https:\/\/secure.gravatar.com\/avatar\/c49a1b9f79216d1498cb73c1e85cd47f4465dda35f2a94c03790d491bd4423c3?s=96&d=mm&r=g","contentUrl":"https:\/\/secure.gravatar.com\/avatar\/c49a1b9f79216d1498cb73c1e85cd47f4465dda35f2a94c03790d491bd4423c3?s=96&d=mm&r=g","caption":"Eric de Antderground"},"logo":{"@id":"https:\/\/secure.gravatar.com\/avatar\/c49a1b9f79216d1498cb73c1e85cd47f4465dda35f2a94c03790d491bd4423c3?s=96&d=mm&r=g"},"description":"Eric es el especialista y fundador de Antderground, con una amplia trayectoria en artr\u00f3podos y enfocado en la mirmecolog\u00eda y el dise\u00f1o de hormigueros artificiales. Su enfoque combina la innovaci\u00f3n t\u00e9cnica con el respeto por la biolog\u00eda de las hormigas, is\u00f3podos y otros, desarrollando sistemas de nidos modulares 3D y acr\u00edlicos que son referentes para aficionados y profesionales en toda Europa. Su objetivo es facilitar la cr\u00eda de hormigas y otros artr\u00f3podos mediante soluciones seguras y divulgaci\u00f3n de calidad.","sameAs":["https:\/\/antderground.com\/","https:\/\/www.youtube.com\/channel\/UCio72z7TlbufkAthAJIJfPw"]}]}},"_links":{"self":[{"href":"https:\/\/antderground.com\/fr\/wp-json\/wp\/v2\/product\/30305","targetHints":{"allow":["GET"]}}],"collection":[{"href":"https:\/\/antderground.com\/fr\/wp-json\/wp\/v2\/product"}],"about":[{"href":"https:\/\/antderground.com\/fr\/wp-json\/wp\/v2\/types\/product"}],"version-history":[{"count":0,"href":"https:\/\/antderground.com\/fr\/wp-json\/wp\/v2\/product\/30305\/revisions"}],"wp:featuredmedia":[{"embeddable":true,"href":"https:\/\/antderground.com\/fr\/wp-json\/wp\/v2\/media\/33381"}],"wp:attachment":[{"href":"https:\/\/antderground.com\/fr\/wp-json\/wp\/v2\/media?parent=30305"}],"wp:term":[{"taxonomy":"product_brand","embeddable":true,"href":"https:\/\/antderground.com\/fr\/wp-json\/wp\/v2\/product_brand?post=30305"},{"taxonomy":"product_cat","embeddable":true,"href":"https:\/\/antderground.com\/fr\/wp-json\/wp\/v2\/product_cat?post=30305"},{"taxonomy":"product_tag","embeddable":true,"href":"https:\/\/antderground.com\/fr\/wp-json\/wp\/v2\/product_tag?post=30305"}],"curies":[{"name":"wp","href":"https:\/\/api.w.org\/{rel}","templated":true}]}}