{"id":30458,"date":"2023-10-10T12:08:30","date_gmt":"2023-10-10T10:08:30","guid":{"rendered":"https:\/\/www.antderground.com\/producto\/creez-votre-fourmiliere-ytong\/"},"modified":"2023-11-30T23:00:07","modified_gmt":"2023-11-30T22:00:07","slug":"creez-votre-fourmiliere-ytong","status":"publish","type":"product","link":"https:\/\/antderground.com\/fr\/produit\/creez-votre-fourmiliere-ytong\/","title":{"rendered":"Cr\u00e9ez votre fourmili\u00e8re (ytong)"},"content":{"rendered":"<h2>Pensez-vous \u00e0 cr\u00e9er votre fourmili\u00e8re ?<\/h2>\n<p>Oui ? G\u00e9nial ! Cette fourmili\u00e8re est con\u00e7ue pour vous permettre de cr\u00e9er vos propres galeries.<\/p>\n<h3>Avantages de Cr\u00e9ez votre fourmili\u00e8re (ytong) \u00e0 votre fa\u00e7on !<\/h3>\n<ul>\n<li>Conception personnalis\u00e9e<\/li>\n<li>Des pi\u00e8ces de rechange sont disponibles en cas d&#8217;erreur<\/li>\n<li>Facile \u00e0 sculpter (mat\u00e9riau ytong)<\/li>\n<li>Deux connexions (vous pouvez utiliser des connecteurs ou cr\u00e9er des connexions personnalis\u00e9es).<\/li>\n<\/ul>\n<h4>Des pi\u00e8ces de rechange sont-elles disponibles pour toutes les composantes de la fourmili\u00e8re ?<\/h4>\n<p>Oui ! Des pi\u00e8ces de rechange sont disponibles pour la structure et le ytong !<\/p>\n<h5>Peut-il \u00eatre connect\u00e9 \u00e0 d&#8217;autres fourmili\u00e8res ou zones de recherche de nourriture ?<\/h5>\n<p>Oui ! Il peut \u00eatre connect\u00e9 \u00e0 tous nos produits Antderground \u00e0 l&#8217;aide de connecteurs. Si vous souhaitez le connecter \u00e0 des versions non officielles, vous devrez inventer d&#8217;autres solutions. D&#8217;ailleurs, Antderground propose d\u00e9sormais des connecteurs pour les tubes que vous pouvez trouver dans la section des connecteurs de notre boutique pour vous offrir davantage d&#8217;options de connexion.<\/p>\n<ul>\n<li>Il est livr\u00e9 avec une \u00e9ponge si vous souhaitez l&#8217;utiliser comme syst\u00e8me d&#8217;humidification.<\/li>\n<\/ul>\n<p><strong>Important :<\/strong> Ce n&#8217;est pas un jouet ! Une surveillance adulte est importante \u00e0 tout moment. Il peut contenir de petites pi\u00e8ces comme des vis et d&#8217;autres mat\u00e9riaux !<\/p>\n","protected":false},"excerpt":{"rendered":"<p>Votre Fourmili\u00e8re ! Votre Design ! Cr\u00e9ez vos propres galeries avec cette fantastique fourmili\u00e8re en ytong, facile \u00e0 sculpter et \u00e0 personnaliser selon vos pr\u00e9f\u00e9rences. Des pi\u00e8ces de rechange en ytong sont \u00e9galement disponibles pour le moment o\u00f9 le design ne vous pla\u00eet plus ou en cas d&#8217;erreur.<\/p>\n<p><strong>Caract\u00e9ristiques : <\/strong><br \/>\n<strong>Int\u00e9rieur :<\/strong> 8&#215;8 (cm) (nid)<br \/>\n<strong>Ext\u00e9rieur :<\/strong> 10&#215;8 (cm)<br \/>\n<strong>Connexions :<\/strong> 2<br \/>\n<strong>Mat\u00e9riau :<\/strong> PLA (3D) \/ Ytong<br \/>\n<strong>Couleur :<\/strong> Vert \/ Ytong (Gris)<br \/>\n<strong>Couvercle Rouge :<\/strong> Oui (couleur rouge)<\/p>\n<p>&nbsp;<\/p>\n","protected":false},"featured_media":30452,"template":"","meta":[],"product_brand":[],"product_cat":[114,555],"product_tag":[],"class_list":{"0":"post-30458","1":"product","2":"type-product","3":"status-publish","4":"has-post-thumbnail","6":"product_cat-fourmilieres","7":"product_cat-fourmilieres-ytong","9":"first","10":"instock","11":"shipping-taxable","12":"purchasable","13":"product-type-simple"},"yoast_head":"<!-- This site is optimized with the Yoast SEO plugin v27.3 - https:\/\/yoast.com\/product\/yoast-seo-wordpress\/ -->\n<title>Cr\u00e9ez votre fourmili\u00e8re (ytong) - ANTDERGROUND<\/title>\n<meta name=\"description\" content=\"Ta fourmili\u00e8re ! Ton design ! Personnalise les galeries de ta fourmili\u00e8re en ytong ! Fourmili\u00e8res personnalis\u00e9es et professionnelles ! Ta fourmili\u00e8re faite maison par Antderground\" \/>\n<meta name=\"robots\" content=\"index, follow, max-snippet:-1, max-image-preview:large, max-video-preview:-1\" \/>\n<link rel=\"canonical\" href=\"https:\/\/antderground.com\/fr\/produit\/creez-votre-fourmiliere-ytong\/\" \/>\n<meta property=\"og:locale\" content=\"fr_FR\" \/>\n<meta property=\"og:type\" content=\"article\" \/>\n<meta property=\"og:title\" content=\"Cr\u00e9ez votre fourmili\u00e8re (ytong) - ANTDERGROUND\" \/>\n<meta property=\"og:description\" content=\"Ta fourmili\u00e8re ! Ton design ! Personnalise les galeries de ta fourmili\u00e8re en ytong ! Fourmili\u00e8res personnalis\u00e9es et professionnelles ! Ta fourmili\u00e8re faite maison par Antderground\" \/>\n<meta property=\"og:url\" content=\"https:\/\/antderground.com\/fr\/produit\/creez-votre-fourmiliere-ytong\/\" \/>\n<meta property=\"og:site_name\" content=\"ANTDERGROUND\" \/>\n<meta property=\"article:modified_time\" content=\"2023-11-30T22:00:07+00:00\" \/>\n<meta property=\"og:image\" content=\"https:\/\/antderground.com\/wp-content\/uploads\/2023\/10\/crea-tu-hormiguero-ytong.png\" \/>\n\t<meta property=\"og:image:width\" content=\"540\" \/>\n\t<meta property=\"og:image:height\" content=\"540\" \/>\n\t<meta property=\"og:image:type\" content=\"image\/png\" \/>\n<meta name=\"twitter:card\" content=\"summary_large_image\" \/>\n<meta name=\"twitter:label1\" content=\"Dur\u00e9e de lecture estim\u00e9e\" \/>\n\t<meta name=\"twitter:data1\" content=\"1 minute\" \/>\n<script type=\"application\/ld+json\" class=\"yoast-schema-graph\">{\"@context\":\"https:\\\/\\\/schema.org\",\"@graph\":[{\"@type\":\"WebPage\",\"@id\":\"https:\\\/\\\/antderground.com\\\/fr\\\/produit\\\/creez-votre-fourmiliere-ytong\\\/\",\"url\":\"https:\\\/\\\/antderground.com\\\/fr\\\/produit\\\/creez-votre-fourmiliere-ytong\\\/\",\"name\":\"Cr\u00e9ez votre fourmili\u00e8re (ytong) - ANTDERGROUND\",\"isPartOf\":{\"@id\":\"https:\\\/\\\/antderground.com\\\/fr\\\/#website\"},\"primaryImageOfPage\":{\"@id\":\"https:\\\/\\\/antderground.com\\\/fr\\\/produit\\\/creez-votre-fourmiliere-ytong\\\/#primaryimage\"},\"image\":{\"@id\":\"https:\\\/\\\/antderground.com\\\/fr\\\/produit\\\/creez-votre-fourmiliere-ytong\\\/#primaryimage\"},\"thumbnailUrl\":\"https:\\\/\\\/antderground.com\\\/wp-content\\\/uploads\\\/2023\\\/10\\\/crea-tu-hormiguero-ytong.png\",\"datePublished\":\"2023-10-10T10:08:30+00:00\",\"dateModified\":\"2023-11-30T22:00:07+00:00\",\"description\":\"Ta fourmili\u00e8re ! Ton design ! Personnalise les galeries de ta fourmili\u00e8re en ytong ! Fourmili\u00e8res personnalis\u00e9es et professionnelles ! Ta fourmili\u00e8re faite maison par Antderground\",\"breadcrumb\":{\"@id\":\"https:\\\/\\\/antderground.com\\\/fr\\\/produit\\\/creez-votre-fourmiliere-ytong\\\/#breadcrumb\"},\"inLanguage\":\"fr-FR\",\"potentialAction\":[{\"@type\":\"ReadAction\",\"target\":[\"https:\\\/\\\/antderground.com\\\/fr\\\/produit\\\/creez-votre-fourmiliere-ytong\\\/\"]}]},{\"@type\":\"ImageObject\",\"inLanguage\":\"fr-FR\",\"@id\":\"https:\\\/\\\/antderground.com\\\/fr\\\/produit\\\/creez-votre-fourmiliere-ytong\\\/#primaryimage\",\"url\":\"https:\\\/\\\/antderground.com\\\/wp-content\\\/uploads\\\/2023\\\/10\\\/crea-tu-hormiguero-ytong.png\",\"contentUrl\":\"https:\\\/\\\/antderground.com\\\/wp-content\\\/uploads\\\/2023\\\/10\\\/crea-tu-hormiguero-ytong.png\",\"width\":540,\"height\":540},{\"@type\":\"BreadcrumbList\",\"@id\":\"https:\\\/\\\/antderground.com\\\/fr\\\/produit\\\/creez-votre-fourmiliere-ytong\\\/#breadcrumb\",\"itemListElement\":[{\"@type\":\"ListItem\",\"position\":1,\"name\":\"Portada\",\"item\":\"https:\\\/\\\/antderground.com\\\/fr\\\/\"},{\"@type\":\"ListItem\",\"position\":2,\"name\":\"Boutique\",\"item\":\"https:\\\/\\\/antderground.com\\\/fr\\\/boutique\\\/\"},{\"@type\":\"ListItem\",\"position\":3,\"name\":\"Cr\u00e9ez votre fourmili\u00e8re (ytong)\"}]},{\"@type\":\"WebSite\",\"@id\":\"https:\\\/\\\/antderground.com\\\/fr\\\/#website\",\"url\":\"https:\\\/\\\/antderground.com\\\/fr\\\/\",\"name\":\"ANTDERGROUND\",\"description\":\"Tu tienda de hormigas, gran variedad de hormigueros acr\u00edlicos,madera,arena,3D y mas.. Pide tus hormigas gratis con tu pedido, somos expertos en hormigueros antifugas.\",\"publisher\":{\"@id\":\"https:\\\/\\\/antderground.com\\\/fr\\\/#\\\/schema\\\/person\\\/0e322c505e84fe72c65e2f6d08f96b81\"},\"alternateName\":\"Antderground\",\"potentialAction\":[{\"@type\":\"SearchAction\",\"target\":{\"@type\":\"EntryPoint\",\"urlTemplate\":\"https:\\\/\\\/antderground.com\\\/fr\\\/?s={search_term_string}\"},\"query-input\":{\"@type\":\"PropertyValueSpecification\",\"valueRequired\":true,\"valueName\":\"search_term_string\"}}],\"inLanguage\":\"fr-FR\"},{\"@type\":[\"Person\",\"Organization\"],\"@id\":\"https:\\\/\\\/antderground.com\\\/fr\\\/#\\\/schema\\\/person\\\/0e322c505e84fe72c65e2f6d08f96b81\",\"name\":\"Eric de Antderground\",\"image\":{\"@type\":\"ImageObject\",\"inLanguage\":\"fr-FR\",\"@id\":\"https:\\\/\\\/secure.gravatar.com\\\/avatar\\\/c49a1b9f79216d1498cb73c1e85cd47f4465dda35f2a94c03790d491bd4423c3?s=96&d=mm&r=g\",\"url\":\"https:\\\/\\\/secure.gravatar.com\\\/avatar\\\/c49a1b9f79216d1498cb73c1e85cd47f4465dda35f2a94c03790d491bd4423c3?s=96&d=mm&r=g\",\"contentUrl\":\"https:\\\/\\\/secure.gravatar.com\\\/avatar\\\/c49a1b9f79216d1498cb73c1e85cd47f4465dda35f2a94c03790d491bd4423c3?s=96&d=mm&r=g\",\"caption\":\"Eric de Antderground\"},\"logo\":{\"@id\":\"https:\\\/\\\/secure.gravatar.com\\\/avatar\\\/c49a1b9f79216d1498cb73c1e85cd47f4465dda35f2a94c03790d491bd4423c3?s=96&d=mm&r=g\"},\"description\":\"Eric es el especialista y fundador de Antderground, con una amplia trayectoria en artr\u00f3podos y enfocado en la mirmecolog\u00eda y el dise\u00f1o de hormigueros artificiales. Su enfoque combina la innovaci\u00f3n t\u00e9cnica con el respeto por la biolog\u00eda de las hormigas, is\u00f3podos y otros, desarrollando sistemas de nidos modulares 3D y acr\u00edlicos que son referentes para aficionados y profesionales en toda Europa. Su objetivo es facilitar la cr\u00eda de hormigas y otros artr\u00f3podos mediante soluciones seguras y divulgaci\u00f3n de calidad.\",\"sameAs\":[\"https:\\\/\\\/antderground.com\\\/\",\"https:\\\/\\\/www.youtube.com\\\/channel\\\/UCio72z7TlbufkAthAJIJfPw\"]}]}<\/script>\n<!-- \/ Yoast SEO plugin. -->","yoast_head_json":{"title":"Cr\u00e9ez votre fourmili\u00e8re (ytong) - ANTDERGROUND","description":"Ta fourmili\u00e8re ! Ton design ! Personnalise les galeries de ta fourmili\u00e8re en ytong ! Fourmili\u00e8res personnalis\u00e9es et professionnelles ! Ta fourmili\u00e8re faite maison par Antderground","robots":{"index":"index","follow":"follow","max-snippet":"max-snippet:-1","max-image-preview":"max-image-preview:large","max-video-preview":"max-video-preview:-1"},"canonical":"https:\/\/antderground.com\/fr\/produit\/creez-votre-fourmiliere-ytong\/","og_locale":"fr_FR","og_type":"article","og_title":"Cr\u00e9ez votre fourmili\u00e8re (ytong) - ANTDERGROUND","og_description":"Ta fourmili\u00e8re ! Ton design ! Personnalise les galeries de ta fourmili\u00e8re en ytong ! Fourmili\u00e8res personnalis\u00e9es et professionnelles ! Ta fourmili\u00e8re faite maison par Antderground","og_url":"https:\/\/antderground.com\/fr\/produit\/creez-votre-fourmiliere-ytong\/","og_site_name":"ANTDERGROUND","article_modified_time":"2023-11-30T22:00:07+00:00","og_image":[{"width":540,"height":540,"url":"https:\/\/antderground.com\/wp-content\/uploads\/2023\/10\/crea-tu-hormiguero-ytong.png","type":"image\/png"}],"twitter_card":"summary_large_image","twitter_misc":{"Dur\u00e9e de lecture estim\u00e9e":"1 minute"},"schema":{"@context":"https:\/\/schema.org","@graph":[{"@type":"WebPage","@id":"https:\/\/antderground.com\/fr\/produit\/creez-votre-fourmiliere-ytong\/","url":"https:\/\/antderground.com\/fr\/produit\/creez-votre-fourmiliere-ytong\/","name":"Cr\u00e9ez votre fourmili\u00e8re (ytong) - ANTDERGROUND","isPartOf":{"@id":"https:\/\/antderground.com\/fr\/#website"},"primaryImageOfPage":{"@id":"https:\/\/antderground.com\/fr\/produit\/creez-votre-fourmiliere-ytong\/#primaryimage"},"image":{"@id":"https:\/\/antderground.com\/fr\/produit\/creez-votre-fourmiliere-ytong\/#primaryimage"},"thumbnailUrl":"https:\/\/antderground.com\/wp-content\/uploads\/2023\/10\/crea-tu-hormiguero-ytong.png","datePublished":"2023-10-10T10:08:30+00:00","dateModified":"2023-11-30T22:00:07+00:00","description":"Ta fourmili\u00e8re ! Ton design ! Personnalise les galeries de ta fourmili\u00e8re en ytong ! Fourmili\u00e8res personnalis\u00e9es et professionnelles ! Ta fourmili\u00e8re faite maison par Antderground","breadcrumb":{"@id":"https:\/\/antderground.com\/fr\/produit\/creez-votre-fourmiliere-ytong\/#breadcrumb"},"inLanguage":"fr-FR","potentialAction":[{"@type":"ReadAction","target":["https:\/\/antderground.com\/fr\/produit\/creez-votre-fourmiliere-ytong\/"]}]},{"@type":"ImageObject","inLanguage":"fr-FR","@id":"https:\/\/antderground.com\/fr\/produit\/creez-votre-fourmiliere-ytong\/#primaryimage","url":"https:\/\/antderground.com\/wp-content\/uploads\/2023\/10\/crea-tu-hormiguero-ytong.png","contentUrl":"https:\/\/antderground.com\/wp-content\/uploads\/2023\/10\/crea-tu-hormiguero-ytong.png","width":540,"height":540},{"@type":"BreadcrumbList","@id":"https:\/\/antderground.com\/fr\/produit\/creez-votre-fourmiliere-ytong\/#breadcrumb","itemListElement":[{"@type":"ListItem","position":1,"name":"Portada","item":"https:\/\/antderground.com\/fr\/"},{"@type":"ListItem","position":2,"name":"Boutique","item":"https:\/\/antderground.com\/fr\/boutique\/"},{"@type":"ListItem","position":3,"name":"Cr\u00e9ez votre fourmili\u00e8re (ytong)"}]},{"@type":"WebSite","@id":"https:\/\/antderground.com\/fr\/#website","url":"https:\/\/antderground.com\/fr\/","name":"ANTDERGROUND","description":"Tu tienda de hormigas, gran variedad de hormigueros acr\u00edlicos,madera,arena,3D y mas.. Pide tus hormigas gratis con tu pedido, somos expertos en hormigueros antifugas.","publisher":{"@id":"https:\/\/antderground.com\/fr\/#\/schema\/person\/0e322c505e84fe72c65e2f6d08f96b81"},"alternateName":"Antderground","potentialAction":[{"@type":"SearchAction","target":{"@type":"EntryPoint","urlTemplate":"https:\/\/antderground.com\/fr\/?s={search_term_string}"},"query-input":{"@type":"PropertyValueSpecification","valueRequired":true,"valueName":"search_term_string"}}],"inLanguage":"fr-FR"},{"@type":["Person","Organization"],"@id":"https:\/\/antderground.com\/fr\/#\/schema\/person\/0e322c505e84fe72c65e2f6d08f96b81","name":"Eric de Antderground","image":{"@type":"ImageObject","inLanguage":"fr-FR","@id":"https:\/\/secure.gravatar.com\/avatar\/c49a1b9f79216d1498cb73c1e85cd47f4465dda35f2a94c03790d491bd4423c3?s=96&d=mm&r=g","url":"https:\/\/secure.gravatar.com\/avatar\/c49a1b9f79216d1498cb73c1e85cd47f4465dda35f2a94c03790d491bd4423c3?s=96&d=mm&r=g","contentUrl":"https:\/\/secure.gravatar.com\/avatar\/c49a1b9f79216d1498cb73c1e85cd47f4465dda35f2a94c03790d491bd4423c3?s=96&d=mm&r=g","caption":"Eric de Antderground"},"logo":{"@id":"https:\/\/secure.gravatar.com\/avatar\/c49a1b9f79216d1498cb73c1e85cd47f4465dda35f2a94c03790d491bd4423c3?s=96&d=mm&r=g"},"description":"Eric es el especialista y fundador de Antderground, con una amplia trayectoria en artr\u00f3podos y enfocado en la mirmecolog\u00eda y el dise\u00f1o de hormigueros artificiales. Su enfoque combina la innovaci\u00f3n t\u00e9cnica con el respeto por la biolog\u00eda de las hormigas, is\u00f3podos y otros, desarrollando sistemas de nidos modulares 3D y acr\u00edlicos que son referentes para aficionados y profesionales en toda Europa. Su objetivo es facilitar la cr\u00eda de hormigas y otros artr\u00f3podos mediante soluciones seguras y divulgaci\u00f3n de calidad.","sameAs":["https:\/\/antderground.com\/","https:\/\/www.youtube.com\/channel\/UCio72z7TlbufkAthAJIJfPw"]}]}},"_links":{"self":[{"href":"https:\/\/antderground.com\/fr\/wp-json\/wp\/v2\/product\/30458","targetHints":{"allow":["GET"]}}],"collection":[{"href":"https:\/\/antderground.com\/fr\/wp-json\/wp\/v2\/product"}],"about":[{"href":"https:\/\/antderground.com\/fr\/wp-json\/wp\/v2\/types\/product"}],"version-history":[{"count":0,"href":"https:\/\/antderground.com\/fr\/wp-json\/wp\/v2\/product\/30458\/revisions"}],"wp:featuredmedia":[{"embeddable":true,"href":"https:\/\/antderground.com\/fr\/wp-json\/wp\/v2\/media\/30452"}],"wp:attachment":[{"href":"https:\/\/antderground.com\/fr\/wp-json\/wp\/v2\/media?parent=30458"}],"wp:term":[{"taxonomy":"product_brand","embeddable":true,"href":"https:\/\/antderground.com\/fr\/wp-json\/wp\/v2\/product_brand?post=30458"},{"taxonomy":"product_cat","embeddable":true,"href":"https:\/\/antderground.com\/fr\/wp-json\/wp\/v2\/product_cat?post=30458"},{"taxonomy":"product_tag","embeddable":true,"href":"https:\/\/antderground.com\/fr\/wp-json\/wp\/v2\/product_tag?post=30458"}],"curies":[{"name":"wp","href":"https:\/\/api.w.org\/{rel}","templated":true}]}}