{"id":31097,"date":"2023-11-23T23:33:59","date_gmt":"2023-11-23T22:33:59","guid":{"rendered":"https:\/\/www.antderground.com\/producto\/kit-de-fourmilieres-modulaires-3d-xl\/"},"modified":"2023-11-24T00:41:34","modified_gmt":"2023-11-23T23:41:34","slug":"kit-de-fourmilieres-modulaires-3d-xl","status":"publish","type":"product","link":"https:\/\/antderground.com\/fr\/produit\/kit-de-fourmilieres-modulaires-3d-xl\/","title":{"rendered":"Kit de fourmili\u00e8res modulaires 3D (XL)"},"content":{"rendered":"<p>Si vous envisagez d&#8217;avoir une grande colonie de fourmis, ce kit de fourmili\u00e8res modulaires 3D est parfait pour disposer d&#8217;un espace authentique comme un expert en myrm\u00e9cologie.<\/p>\n<h2>Informations d\u00e9taill\u00e9es sur le kit de fourmili\u00e8res modulaires 3D.<\/h2>\n<p>Comme indiqu\u00e9 ci-dessus, ce kit se compose de :<\/p>\n<h4>(2) Fourmili\u00e8res modulaires 3D (10&#215;20) :<\/h4>\n<p>Taille : 10cm x 20cm.<br \/>\nR\u00e9servoirs : (2) de 20 ml chacun.<br \/>\nCouleur : Blanc \/ Jaune.<br \/>\nCouvercle : Inclus, couleur Rouge.<br \/>\nModulaire : Oui.<br \/>\nPortes internes : 1.<br \/>\nPortes externes : 6.<\/p>\n<h4>(1) Fourmili\u00e8re modulaire 3D (10&#215;10) :<\/h4>\n<p>Taille : 10cm x 10cm.<br \/>\nR\u00e9servoir : 35 ml (nouveau syst\u00e8me de connexion facile).<br \/>\nChambres\/galerie : Diff\u00e9rentes hauteurs.<br \/>\nCouleur: Blanche<br \/>\nCouvercle : inclus Couleur rouge.<br \/>\nModulaire : Oui<\/p>\n<h4>(1) Aire de chasse 3D (20&#215;20) :<\/h4>\n<p>Taille: 20x20x15 (cm)<br \/>\nMat\u00e9riau\u00a0: M\u00e9thacrylate \/ PLA (3D)<br \/>\nConnexions \/ Entr\u00e9es : 8<br \/>\nModulaire : Oui<br \/>\nCapot sup\u00e9rieur : Oui<br \/>\nVentilation : Oui partie sup\u00e9rieure.<\/p>\n<h4>(5) Couvercles rouges pour fourmili\u00e8res.<\/h4>\n<h4>(6) Connecteurs modulaires.<\/h4>\n<p>&nbsp;<\/p>\n","protected":false},"excerpt":{"rendered":"<p>Un kit de fourmili\u00e8res modulaires 3D avec une aire de chasse. Cet ensemble de nids est id\u00e9al pour abriter de grandes colonies de fourmis. Profitez de les observer et de prendre soin d&#8217;elles dans des espaces spacieux. Une exp\u00e9rience en grand ! Un royaume parfait pour vos fourmis !!<\/p>\n<p><strong>Le pack comprend :<br \/>\n<\/strong>1 Aire de chasse 20&#215;20 (cm)<br \/>\n2 Fourmili\u00e8res modulaires 3D 10&#215;20 (cm)<br \/>\n1 Fourmili\u00e8re modulaire 3D 10&#215;10 (cm)<br \/>\n5 couvercles rouges pour fourmili\u00e8res.<br \/>\n6 connecteurs modulaires<\/p>\n","protected":false},"featured_media":31092,"template":"","meta":[],"product_brand":[],"product_cat":[114,304],"product_tag":[],"class_list":{"0":"post-31097","1":"product","2":"type-product","3":"status-publish","4":"has-post-thumbnail","6":"product_cat-fourmilieres","7":"product_cat-kits-fourmiliere","9":"first","10":"instock","11":"sale","12":"shipping-taxable","13":"purchasable","14":"product-type-simple"},"yoast_head":"<!-- This site is optimized with the Yoast SEO plugin v27.4 - https:\/\/yoast.com\/product\/yoast-seo-wordpress\/ -->\n<title>Kit de fourmili\u00e8res modulaires 3D (XL) - ANTDERGROUND<\/title>\n<meta name=\"description\" content=\"Un kit complet de fourmili\u00e8res modulaires 3D connect\u00e9es avec une grande aire de chasse ! Un kit fantastique pour \u00e9lever des colonies de fourmis ! Un royaume pour les fourmis !\" \/>\n<meta name=\"robots\" content=\"index, follow, max-snippet:-1, max-image-preview:large, max-video-preview:-1\" \/>\n<link rel=\"canonical\" href=\"https:\/\/antderground.com\/fr\/produit\/kit-de-fourmilieres-modulaires-3d-xl\/\" \/>\n<meta property=\"og:locale\" content=\"fr_FR\" \/>\n<meta property=\"og:type\" content=\"article\" \/>\n<meta property=\"og:title\" content=\"Kit de fourmili\u00e8res modulaires 3D (XL) - ANTDERGROUND\" \/>\n<meta property=\"og:description\" content=\"Un kit complet de fourmili\u00e8res modulaires 3D connect\u00e9es avec une grande aire de chasse ! Un kit fantastique pour \u00e9lever des colonies de fourmis ! Un royaume pour les fourmis !\" \/>\n<meta property=\"og:url\" content=\"https:\/\/antderground.com\/fr\/produit\/kit-de-fourmilieres-modulaires-3d-xl\/\" \/>\n<meta property=\"og:site_name\" content=\"ANTDERGROUND\" \/>\n<meta property=\"article:modified_time\" content=\"2023-11-23T23:41:34+00:00\" \/>\n<meta property=\"og:image\" content=\"https:\/\/antderground.com\/wp-content\/uploads\/2023\/11\/Kit-Hormigueros-modulares-3D-XL.jpg\" \/>\n\t<meta property=\"og:image:width\" content=\"1335\" \/>\n\t<meta property=\"og:image:height\" content=\"1335\" \/>\n\t<meta property=\"og:image:type\" content=\"image\/jpeg\" \/>\n<meta name=\"twitter:card\" content=\"summary_large_image\" \/>\n<meta name=\"twitter:label1\" content=\"Dur\u00e9e de lecture estim\u00e9e\" \/>\n\t<meta name=\"twitter:data1\" content=\"1 minute\" \/>\n<script type=\"application\/ld+json\" class=\"yoast-schema-graph\">{\"@context\":\"https:\\\/\\\/schema.org\",\"@graph\":[{\"@type\":\"WebPage\",\"@id\":\"https:\\\/\\\/antderground.com\\\/fr\\\/produit\\\/kit-de-fourmilieres-modulaires-3d-xl\\\/\",\"url\":\"https:\\\/\\\/antderground.com\\\/fr\\\/produit\\\/kit-de-fourmilieres-modulaires-3d-xl\\\/\",\"name\":\"Kit de fourmili\u00e8res modulaires 3D (XL) - ANTDERGROUND\",\"isPartOf\":{\"@id\":\"https:\\\/\\\/antderground.com\\\/fr\\\/#website\"},\"primaryImageOfPage\":{\"@id\":\"https:\\\/\\\/antderground.com\\\/fr\\\/produit\\\/kit-de-fourmilieres-modulaires-3d-xl\\\/#primaryimage\"},\"image\":{\"@id\":\"https:\\\/\\\/antderground.com\\\/fr\\\/produit\\\/kit-de-fourmilieres-modulaires-3d-xl\\\/#primaryimage\"},\"thumbnailUrl\":\"https:\\\/\\\/antderground.com\\\/wp-content\\\/uploads\\\/2023\\\/11\\\/Kit-Hormigueros-modulares-3D-XL.jpg\",\"datePublished\":\"2023-11-23T22:33:59+00:00\",\"dateModified\":\"2023-11-23T23:41:34+00:00\",\"description\":\"Un kit complet de fourmili\u00e8res modulaires 3D connect\u00e9es avec une grande aire de chasse ! Un kit fantastique pour \u00e9lever des colonies de fourmis ! Un royaume pour les fourmis !\",\"breadcrumb\":{\"@id\":\"https:\\\/\\\/antderground.com\\\/fr\\\/produit\\\/kit-de-fourmilieres-modulaires-3d-xl\\\/#breadcrumb\"},\"inLanguage\":\"fr-FR\",\"potentialAction\":[{\"@type\":\"ReadAction\",\"target\":[\"https:\\\/\\\/antderground.com\\\/fr\\\/produit\\\/kit-de-fourmilieres-modulaires-3d-xl\\\/\"]}]},{\"@type\":\"ImageObject\",\"inLanguage\":\"fr-FR\",\"@id\":\"https:\\\/\\\/antderground.com\\\/fr\\\/produit\\\/kit-de-fourmilieres-modulaires-3d-xl\\\/#primaryimage\",\"url\":\"https:\\\/\\\/antderground.com\\\/wp-content\\\/uploads\\\/2023\\\/11\\\/Kit-Hormigueros-modulares-3D-XL.jpg\",\"contentUrl\":\"https:\\\/\\\/antderground.com\\\/wp-content\\\/uploads\\\/2023\\\/11\\\/Kit-Hormigueros-modulares-3D-XL.jpg\",\"width\":1335,\"height\":1335,\"caption\":\"Kit de fourmili\u00e8res modulaires 3D (XL)\"},{\"@type\":\"BreadcrumbList\",\"@id\":\"https:\\\/\\\/antderground.com\\\/fr\\\/produit\\\/kit-de-fourmilieres-modulaires-3d-xl\\\/#breadcrumb\",\"itemListElement\":[{\"@type\":\"ListItem\",\"position\":1,\"name\":\"Portada\",\"item\":\"https:\\\/\\\/antderground.com\\\/fr\\\/\"},{\"@type\":\"ListItem\",\"position\":2,\"name\":\"Boutique\",\"item\":\"https:\\\/\\\/antderground.com\\\/fr\\\/boutique\\\/\"},{\"@type\":\"ListItem\",\"position\":3,\"name\":\"Kit de fourmili\u00e8res modulaires 3D (XL)\"}]},{\"@type\":\"WebSite\",\"@id\":\"https:\\\/\\\/antderground.com\\\/fr\\\/#website\",\"url\":\"https:\\\/\\\/antderground.com\\\/fr\\\/\",\"name\":\"ANTDERGROUND\",\"description\":\"Tu tienda de hormigas, gran variedad de hormigueros acr\u00edlicos,madera,arena,3D y mas.. Pide tus hormigas gratis con tu pedido, somos expertos en hormigueros antifugas.\",\"publisher\":{\"@id\":\"https:\\\/\\\/antderground.com\\\/fr\\\/#\\\/schema\\\/person\\\/0e322c505e84fe72c65e2f6d08f96b81\"},\"alternateName\":\"Antderground\",\"potentialAction\":[{\"@type\":\"SearchAction\",\"target\":{\"@type\":\"EntryPoint\",\"urlTemplate\":\"https:\\\/\\\/antderground.com\\\/fr\\\/?s={search_term_string}\"},\"query-input\":{\"@type\":\"PropertyValueSpecification\",\"valueRequired\":true,\"valueName\":\"search_term_string\"}}],\"inLanguage\":\"fr-FR\"},{\"@type\":[\"Person\",\"Organization\"],\"@id\":\"https:\\\/\\\/antderground.com\\\/fr\\\/#\\\/schema\\\/person\\\/0e322c505e84fe72c65e2f6d08f96b81\",\"name\":\"Eric de Antderground\",\"image\":{\"@type\":\"ImageObject\",\"inLanguage\":\"fr-FR\",\"@id\":\"https:\\\/\\\/secure.gravatar.com\\\/avatar\\\/c49a1b9f79216d1498cb73c1e85cd47f4465dda35f2a94c03790d491bd4423c3?s=96&d=mm&r=g\",\"url\":\"https:\\\/\\\/secure.gravatar.com\\\/avatar\\\/c49a1b9f79216d1498cb73c1e85cd47f4465dda35f2a94c03790d491bd4423c3?s=96&d=mm&r=g\",\"contentUrl\":\"https:\\\/\\\/secure.gravatar.com\\\/avatar\\\/c49a1b9f79216d1498cb73c1e85cd47f4465dda35f2a94c03790d491bd4423c3?s=96&d=mm&r=g\",\"caption\":\"Eric de Antderground\"},\"logo\":{\"@id\":\"https:\\\/\\\/secure.gravatar.com\\\/avatar\\\/c49a1b9f79216d1498cb73c1e85cd47f4465dda35f2a94c03790d491bd4423c3?s=96&d=mm&r=g\"},\"description\":\"Eric es el especialista y fundador de Antderground, con una amplia trayectoria en artr\u00f3podos y enfocado en la mirmecolog\u00eda y el dise\u00f1o de hormigueros artificiales. Su enfoque combina la innovaci\u00f3n t\u00e9cnica con el respeto por la biolog\u00eda de las hormigas, is\u00f3podos y otros, desarrollando sistemas de nidos modulares 3D y acr\u00edlicos que son referentes para aficionados y profesionales en toda Europa. Su objetivo es facilitar la cr\u00eda de hormigas y otros artr\u00f3podos mediante soluciones seguras y divulgaci\u00f3n de calidad.\",\"sameAs\":[\"https:\\\/\\\/antderground.com\\\/\",\"https:\\\/\\\/www.youtube.com\\\/channel\\\/UCio72z7TlbufkAthAJIJfPw\"]}]}<\/script>\n<!-- \/ Yoast SEO plugin. -->","yoast_head_json":{"title":"Kit de fourmili\u00e8res modulaires 3D (XL) - ANTDERGROUND","description":"Un kit complet de fourmili\u00e8res modulaires 3D connect\u00e9es avec une grande aire de chasse ! Un kit fantastique pour \u00e9lever des colonies de fourmis ! Un royaume pour les fourmis !","robots":{"index":"index","follow":"follow","max-snippet":"max-snippet:-1","max-image-preview":"max-image-preview:large","max-video-preview":"max-video-preview:-1"},"canonical":"https:\/\/antderground.com\/fr\/produit\/kit-de-fourmilieres-modulaires-3d-xl\/","og_locale":"fr_FR","og_type":"article","og_title":"Kit de fourmili\u00e8res modulaires 3D (XL) - ANTDERGROUND","og_description":"Un kit complet de fourmili\u00e8res modulaires 3D connect\u00e9es avec une grande aire de chasse ! Un kit fantastique pour \u00e9lever des colonies de fourmis ! Un royaume pour les fourmis !","og_url":"https:\/\/antderground.com\/fr\/produit\/kit-de-fourmilieres-modulaires-3d-xl\/","og_site_name":"ANTDERGROUND","article_modified_time":"2023-11-23T23:41:34+00:00","og_image":[{"width":1335,"height":1335,"url":"https:\/\/antderground.com\/wp-content\/uploads\/2023\/11\/Kit-Hormigueros-modulares-3D-XL.jpg","type":"image\/jpeg"}],"twitter_card":"summary_large_image","twitter_misc":{"Dur\u00e9e de lecture estim\u00e9e":"1 minute"},"schema":{"@context":"https:\/\/schema.org","@graph":[{"@type":"WebPage","@id":"https:\/\/antderground.com\/fr\/produit\/kit-de-fourmilieres-modulaires-3d-xl\/","url":"https:\/\/antderground.com\/fr\/produit\/kit-de-fourmilieres-modulaires-3d-xl\/","name":"Kit de fourmili\u00e8res modulaires 3D (XL) - ANTDERGROUND","isPartOf":{"@id":"https:\/\/antderground.com\/fr\/#website"},"primaryImageOfPage":{"@id":"https:\/\/antderground.com\/fr\/produit\/kit-de-fourmilieres-modulaires-3d-xl\/#primaryimage"},"image":{"@id":"https:\/\/antderground.com\/fr\/produit\/kit-de-fourmilieres-modulaires-3d-xl\/#primaryimage"},"thumbnailUrl":"https:\/\/antderground.com\/wp-content\/uploads\/2023\/11\/Kit-Hormigueros-modulares-3D-XL.jpg","datePublished":"2023-11-23T22:33:59+00:00","dateModified":"2023-11-23T23:41:34+00:00","description":"Un kit complet de fourmili\u00e8res modulaires 3D connect\u00e9es avec une grande aire de chasse ! Un kit fantastique pour \u00e9lever des colonies de fourmis ! Un royaume pour les fourmis !","breadcrumb":{"@id":"https:\/\/antderground.com\/fr\/produit\/kit-de-fourmilieres-modulaires-3d-xl\/#breadcrumb"},"inLanguage":"fr-FR","potentialAction":[{"@type":"ReadAction","target":["https:\/\/antderground.com\/fr\/produit\/kit-de-fourmilieres-modulaires-3d-xl\/"]}]},{"@type":"ImageObject","inLanguage":"fr-FR","@id":"https:\/\/antderground.com\/fr\/produit\/kit-de-fourmilieres-modulaires-3d-xl\/#primaryimage","url":"https:\/\/antderground.com\/wp-content\/uploads\/2023\/11\/Kit-Hormigueros-modulares-3D-XL.jpg","contentUrl":"https:\/\/antderground.com\/wp-content\/uploads\/2023\/11\/Kit-Hormigueros-modulares-3D-XL.jpg","width":1335,"height":1335,"caption":"Kit de fourmili\u00e8res modulaires 3D (XL)"},{"@type":"BreadcrumbList","@id":"https:\/\/antderground.com\/fr\/produit\/kit-de-fourmilieres-modulaires-3d-xl\/#breadcrumb","itemListElement":[{"@type":"ListItem","position":1,"name":"Portada","item":"https:\/\/antderground.com\/fr\/"},{"@type":"ListItem","position":2,"name":"Boutique","item":"https:\/\/antderground.com\/fr\/boutique\/"},{"@type":"ListItem","position":3,"name":"Kit de fourmili\u00e8res modulaires 3D (XL)"}]},{"@type":"WebSite","@id":"https:\/\/antderground.com\/fr\/#website","url":"https:\/\/antderground.com\/fr\/","name":"ANTDERGROUND","description":"Tu tienda de hormigas, gran variedad de hormigueros acr\u00edlicos,madera,arena,3D y mas.. Pide tus hormigas gratis con tu pedido, somos expertos en hormigueros antifugas.","publisher":{"@id":"https:\/\/antderground.com\/fr\/#\/schema\/person\/0e322c505e84fe72c65e2f6d08f96b81"},"alternateName":"Antderground","potentialAction":[{"@type":"SearchAction","target":{"@type":"EntryPoint","urlTemplate":"https:\/\/antderground.com\/fr\/?s={search_term_string}"},"query-input":{"@type":"PropertyValueSpecification","valueRequired":true,"valueName":"search_term_string"}}],"inLanguage":"fr-FR"},{"@type":["Person","Organization"],"@id":"https:\/\/antderground.com\/fr\/#\/schema\/person\/0e322c505e84fe72c65e2f6d08f96b81","name":"Eric de Antderground","image":{"@type":"ImageObject","inLanguage":"fr-FR","@id":"https:\/\/secure.gravatar.com\/avatar\/c49a1b9f79216d1498cb73c1e85cd47f4465dda35f2a94c03790d491bd4423c3?s=96&d=mm&r=g","url":"https:\/\/secure.gravatar.com\/avatar\/c49a1b9f79216d1498cb73c1e85cd47f4465dda35f2a94c03790d491bd4423c3?s=96&d=mm&r=g","contentUrl":"https:\/\/secure.gravatar.com\/avatar\/c49a1b9f79216d1498cb73c1e85cd47f4465dda35f2a94c03790d491bd4423c3?s=96&d=mm&r=g","caption":"Eric de Antderground"},"logo":{"@id":"https:\/\/secure.gravatar.com\/avatar\/c49a1b9f79216d1498cb73c1e85cd47f4465dda35f2a94c03790d491bd4423c3?s=96&d=mm&r=g"},"description":"Eric es el especialista y fundador de Antderground, con una amplia trayectoria en artr\u00f3podos y enfocado en la mirmecolog\u00eda y el dise\u00f1o de hormigueros artificiales. Su enfoque combina la innovaci\u00f3n t\u00e9cnica con el respeto por la biolog\u00eda de las hormigas, is\u00f3podos y otros, desarrollando sistemas de nidos modulares 3D y acr\u00edlicos que son referentes para aficionados y profesionales en toda Europa. Su objetivo es facilitar la cr\u00eda de hormigas y otros artr\u00f3podos mediante soluciones seguras y divulgaci\u00f3n de calidad.","sameAs":["https:\/\/antderground.com\/","https:\/\/www.youtube.com\/channel\/UCio72z7TlbufkAthAJIJfPw"]}]}},"_links":{"self":[{"href":"https:\/\/antderground.com\/fr\/wp-json\/wp\/v2\/product\/31097","targetHints":{"allow":["GET"]}}],"collection":[{"href":"https:\/\/antderground.com\/fr\/wp-json\/wp\/v2\/product"}],"about":[{"href":"https:\/\/antderground.com\/fr\/wp-json\/wp\/v2\/types\/product"}],"version-history":[{"count":0,"href":"https:\/\/antderground.com\/fr\/wp-json\/wp\/v2\/product\/31097\/revisions"}],"wp:featuredmedia":[{"embeddable":true,"href":"https:\/\/antderground.com\/fr\/wp-json\/wp\/v2\/media\/31092"}],"wp:attachment":[{"href":"https:\/\/antderground.com\/fr\/wp-json\/wp\/v2\/media?parent=31097"}],"wp:term":[{"taxonomy":"product_brand","embeddable":true,"href":"https:\/\/antderground.com\/fr\/wp-json\/wp\/v2\/product_brand?post=31097"},{"taxonomy":"product_cat","embeddable":true,"href":"https:\/\/antderground.com\/fr\/wp-json\/wp\/v2\/product_cat?post=31097"},{"taxonomy":"product_tag","embeddable":true,"href":"https:\/\/antderground.com\/fr\/wp-json\/wp\/v2\/product_tag?post=31097"}],"curies":[{"name":"wp","href":"https:\/\/api.w.org\/{rel}","templated":true}]}}