{"id":31394,"date":"2023-12-11T11:54:07","date_gmt":"2023-12-11T10:54:07","guid":{"rendered":"https:\/\/www.antderground.com\/producto\/kit-modulaire-3d-m\/"},"modified":"2023-12-11T11:54:07","modified_gmt":"2023-12-11T10:54:07","slug":"kit-modulaire-3d-m","status":"publish","type":"product","link":"https:\/\/antderground.com\/fr\/produit\/kit-modulaire-3d-m\/","title":{"rendered":"Kit modulaire 3D (M)"},"content":{"rendered":"<h2>Kit Modulaire 3D (M) : Explorez le Monde Fascinant des Fourmis<\/h2>\n<h3>Introduction<\/h3>\n<p>Plongez dans la mirm\u00e9cologie avec notre Kit Modulaire 3D (M), parfait pour d\u00e9marrer des colonies de taille moyenne de fourmis. Ce kit, enti\u00e8rement modulaire, vous offre la libert\u00e9 de personnaliser et d&#8217;agrandir votre habitat selon vos pr\u00e9f\u00e9rences.<\/p>\n<h3>Contenu du Kit<\/h3>\n<h4>1. Bo\u00eete de Chasse 10&#215;20 (cm)<\/h4>\n<p>Commencez votre aventure avec une spacieuse bo\u00eete de chasse de 10&#215;20 cm, offrant un espace s\u00e9curis\u00e9 pour les activit\u00e9s quotidiennes de vos fourmis.<\/p>\n<h4>2. Nid Modulaire 3D 10&#215;20 (cm)<\/h4>\n<p>Le c\u0153ur de votre habitat est le nid modulaire 3D, con\u00e7u pour recr\u00e9er les conditions naturelles id\u00e9ales et favoriser le d\u00e9veloppement de votre colonie.<\/p>\n<h4>3. Connecteurs Modulaires<\/h4>\n<p>La polyvalence du kit r\u00e9side dans les connecteurs modulaires, qui vous permettent de relier la bo\u00eete de chasse et d&#8217;agrandir votre habitat en toute simplicit\u00e9.<\/p>\n<h4>4. Couvercle Rouge du Nid<\/h4>\n<p>Assurez la s\u00e9curit\u00e9 de vos fourmis avec le couvercle rouge sp\u00e9cialement con\u00e7u pour le nid.<\/p>\n<h5>Conclusion<\/h5>\n<p>Explorez, apprenez et profitez du monde fascinant des fourmis avec notre Kit Modulaire 3D (M). Cr\u00e9ez un environnement unique pour vos colonies et observez comment elles prosp\u00e8rent dans leur nouveau chez-soi. Bienvenue dans l&#8217;incroyable communaut\u00e9 de la mirm\u00e9cologie !<\/p>\n","protected":false},"excerpt":{"rendered":"<p>Un kit modulaire 3D (Medium) parfait pour commencer \u00e0 avoir des colonies moyennes ou grandes ! Un monde pour vos fourmis. Avec le grand avantage d&#8217;\u00eatre modulable et de pouvoir s&#8217;agrandir \u00e0 souhait !!<\/p>\n<p>Le pack contient :<br \/>\n1 Bo\u00eete de recherche de nourriture (Aire de Chasse) 10&#215;20 (cm).<br \/>\n1 Fourmili\u00e8re modulaire 3D 10&#215;20 (cm).<br \/>\n2 connecteurs modulaires.<br \/>\n1 couverture de fourmili\u00e8re rouge.<\/p>\n","protected":false},"featured_media":31382,"template":"","meta":[],"product_brand":[],"product_cat":[114,304],"product_tag":[],"class_list":{"0":"post-31394","1":"product","2":"type-product","3":"status-publish","4":"has-post-thumbnail","6":"product_cat-fourmilieres","7":"product_cat-kits-fourmiliere","9":"first","10":"instock","11":"sale","12":"shipping-taxable","13":"purchasable","14":"product-type-simple"},"yoast_head":"<!-- This site is optimized with the Yoast SEO plugin v27.4 - https:\/\/yoast.com\/product\/yoast-seo-wordpress\/ -->\n<title>Kit modulaire 3D (M) | Fourmili\u00e8re 10x20 + Aire de Chasse 10x20 - ANTDERGROUND<\/title>\n<meta name=\"description\" content=\"Surprenant kit modulaire 3D (M) compos\u00e9 d&#039;une Fourmili\u00e8re 3D 10x20 et d&#039;une Aire de Chasse 10x20. Parfait pour vos colonies de fourmis !! Brutal!!! ;-)\" \/>\n<meta name=\"robots\" content=\"index, follow, max-snippet:-1, max-image-preview:large, max-video-preview:-1\" \/>\n<link rel=\"canonical\" href=\"https:\/\/antderground.com\/fr\/produit\/kit-modulaire-3d-m\/\" \/>\n<meta property=\"og:locale\" content=\"fr_FR\" \/>\n<meta property=\"og:type\" content=\"article\" \/>\n<meta property=\"og:title\" content=\"Kit modulaire 3D (M) | Fourmili\u00e8re 10x20 + Aire de Chasse 10x20 - ANTDERGROUND\" \/>\n<meta property=\"og:description\" content=\"Surprenant kit modulaire 3D (M) compos\u00e9 d&#039;une Fourmili\u00e8re 3D 10x20 et d&#039;une Aire de Chasse 10x20. Parfait pour vos colonies de fourmis !! Brutal!!! ;-)\" \/>\n<meta property=\"og:url\" content=\"https:\/\/antderground.com\/fr\/produit\/kit-modulaire-3d-m\/\" \/>\n<meta property=\"og:site_name\" content=\"ANTDERGROUND\" \/>\n<meta property=\"og:image\" content=\"https:\/\/antderground.com\/wp-content\/uploads\/2023\/12\/modular3d-mediano.jpg\" \/>\n\t<meta property=\"og:image:width\" content=\"1280\" \/>\n\t<meta property=\"og:image:height\" content=\"1280\" \/>\n\t<meta property=\"og:image:type\" content=\"image\/jpeg\" \/>\n<meta name=\"twitter:card\" content=\"summary_large_image\" \/>\n<meta name=\"twitter:label1\" content=\"Dur\u00e9e de lecture estim\u00e9e\" \/>\n\t<meta name=\"twitter:data1\" content=\"1 minute\" \/>\n<script type=\"application\/ld+json\" class=\"yoast-schema-graph\">{\"@context\":\"https:\\\/\\\/schema.org\",\"@graph\":[{\"@type\":\"WebPage\",\"@id\":\"https:\\\/\\\/antderground.com\\\/fr\\\/produit\\\/kit-modulaire-3d-m\\\/\",\"url\":\"https:\\\/\\\/antderground.com\\\/fr\\\/produit\\\/kit-modulaire-3d-m\\\/\",\"name\":\"Kit modulaire 3D (M) | Fourmili\u00e8re 10x20 + Aire de Chasse 10x20 - ANTDERGROUND\",\"isPartOf\":{\"@id\":\"https:\\\/\\\/antderground.com\\\/fr\\\/#website\"},\"primaryImageOfPage\":{\"@id\":\"https:\\\/\\\/antderground.com\\\/fr\\\/produit\\\/kit-modulaire-3d-m\\\/#primaryimage\"},\"image\":{\"@id\":\"https:\\\/\\\/antderground.com\\\/fr\\\/produit\\\/kit-modulaire-3d-m\\\/#primaryimage\"},\"thumbnailUrl\":\"https:\\\/\\\/antderground.com\\\/wp-content\\\/uploads\\\/2023\\\/12\\\/modular3d-mediano.jpg\",\"datePublished\":\"2023-12-11T10:54:07+00:00\",\"description\":\"Surprenant kit modulaire 3D (M) compos\u00e9 d'une Fourmili\u00e8re 3D 10x20 et d'une Aire de Chasse 10x20. Parfait pour vos colonies de fourmis !! Brutal!!! ;-)\",\"breadcrumb\":{\"@id\":\"https:\\\/\\\/antderground.com\\\/fr\\\/produit\\\/kit-modulaire-3d-m\\\/#breadcrumb\"},\"inLanguage\":\"fr-FR\",\"potentialAction\":[{\"@type\":\"ReadAction\",\"target\":[\"https:\\\/\\\/antderground.com\\\/fr\\\/produit\\\/kit-modulaire-3d-m\\\/\"]}]},{\"@type\":\"ImageObject\",\"inLanguage\":\"fr-FR\",\"@id\":\"https:\\\/\\\/antderground.com\\\/fr\\\/produit\\\/kit-modulaire-3d-m\\\/#primaryimage\",\"url\":\"https:\\\/\\\/antderground.com\\\/wp-content\\\/uploads\\\/2023\\\/12\\\/modular3d-mediano.jpg\",\"contentUrl\":\"https:\\\/\\\/antderground.com\\\/wp-content\\\/uploads\\\/2023\\\/12\\\/modular3d-mediano.jpg\",\"width\":1280,\"height\":1280,\"caption\":\"Kit fourmili\u00e8re modulaire 3D avec bo\u00eete de recherche de nourriture 3D\"},{\"@type\":\"BreadcrumbList\",\"@id\":\"https:\\\/\\\/antderground.com\\\/fr\\\/produit\\\/kit-modulaire-3d-m\\\/#breadcrumb\",\"itemListElement\":[{\"@type\":\"ListItem\",\"position\":1,\"name\":\"Portada\",\"item\":\"https:\\\/\\\/antderground.com\\\/fr\\\/\"},{\"@type\":\"ListItem\",\"position\":2,\"name\":\"Boutique\",\"item\":\"https:\\\/\\\/antderground.com\\\/fr\\\/boutique\\\/\"},{\"@type\":\"ListItem\",\"position\":3,\"name\":\"Kit modulaire 3D (M)\"}]},{\"@type\":\"WebSite\",\"@id\":\"https:\\\/\\\/antderground.com\\\/fr\\\/#website\",\"url\":\"https:\\\/\\\/antderground.com\\\/fr\\\/\",\"name\":\"ANTDERGROUND\",\"description\":\"Tu tienda de hormigas, gran variedad de hormigueros acr\u00edlicos,madera,arena,3D y mas.. Pide tus hormigas gratis con tu pedido, somos expertos en hormigueros antifugas.\",\"publisher\":{\"@id\":\"https:\\\/\\\/antderground.com\\\/fr\\\/#\\\/schema\\\/person\\\/0e322c505e84fe72c65e2f6d08f96b81\"},\"alternateName\":\"Antderground\",\"potentialAction\":[{\"@type\":\"SearchAction\",\"target\":{\"@type\":\"EntryPoint\",\"urlTemplate\":\"https:\\\/\\\/antderground.com\\\/fr\\\/?s={search_term_string}\"},\"query-input\":{\"@type\":\"PropertyValueSpecification\",\"valueRequired\":true,\"valueName\":\"search_term_string\"}}],\"inLanguage\":\"fr-FR\"},{\"@type\":[\"Person\",\"Organization\"],\"@id\":\"https:\\\/\\\/antderground.com\\\/fr\\\/#\\\/schema\\\/person\\\/0e322c505e84fe72c65e2f6d08f96b81\",\"name\":\"Eric de Antderground\",\"image\":{\"@type\":\"ImageObject\",\"inLanguage\":\"fr-FR\",\"@id\":\"https:\\\/\\\/secure.gravatar.com\\\/avatar\\\/c49a1b9f79216d1498cb73c1e85cd47f4465dda35f2a94c03790d491bd4423c3?s=96&d=mm&r=g\",\"url\":\"https:\\\/\\\/secure.gravatar.com\\\/avatar\\\/c49a1b9f79216d1498cb73c1e85cd47f4465dda35f2a94c03790d491bd4423c3?s=96&d=mm&r=g\",\"contentUrl\":\"https:\\\/\\\/secure.gravatar.com\\\/avatar\\\/c49a1b9f79216d1498cb73c1e85cd47f4465dda35f2a94c03790d491bd4423c3?s=96&d=mm&r=g\",\"caption\":\"Eric de Antderground\"},\"logo\":{\"@id\":\"https:\\\/\\\/secure.gravatar.com\\\/avatar\\\/c49a1b9f79216d1498cb73c1e85cd47f4465dda35f2a94c03790d491bd4423c3?s=96&d=mm&r=g\"},\"description\":\"Eric es el especialista y fundador de Antderground, con una amplia trayectoria en artr\u00f3podos y enfocado en la mirmecolog\u00eda y el dise\u00f1o de hormigueros artificiales. Su enfoque combina la innovaci\u00f3n t\u00e9cnica con el respeto por la biolog\u00eda de las hormigas, is\u00f3podos y otros, desarrollando sistemas de nidos modulares 3D y acr\u00edlicos que son referentes para aficionados y profesionales en toda Europa. Su objetivo es facilitar la cr\u00eda de hormigas y otros artr\u00f3podos mediante soluciones seguras y divulgaci\u00f3n de calidad.\",\"sameAs\":[\"https:\\\/\\\/antderground.com\\\/\",\"https:\\\/\\\/www.youtube.com\\\/channel\\\/UCio72z7TlbufkAthAJIJfPw\"]}]}<\/script>\n<!-- \/ Yoast SEO plugin. -->","yoast_head_json":{"title":"Kit modulaire 3D (M) | Fourmili\u00e8re 10x20 + Aire de Chasse 10x20 - ANTDERGROUND","description":"Surprenant kit modulaire 3D (M) compos\u00e9 d'une Fourmili\u00e8re 3D 10x20 et d'une Aire de Chasse 10x20. Parfait pour vos colonies de fourmis !! Brutal!!! ;-)","robots":{"index":"index","follow":"follow","max-snippet":"max-snippet:-1","max-image-preview":"max-image-preview:large","max-video-preview":"max-video-preview:-1"},"canonical":"https:\/\/antderground.com\/fr\/produit\/kit-modulaire-3d-m\/","og_locale":"fr_FR","og_type":"article","og_title":"Kit modulaire 3D (M) | Fourmili\u00e8re 10x20 + Aire de Chasse 10x20 - ANTDERGROUND","og_description":"Surprenant kit modulaire 3D (M) compos\u00e9 d'une Fourmili\u00e8re 3D 10x20 et d'une Aire de Chasse 10x20. Parfait pour vos colonies de fourmis !! Brutal!!! ;-)","og_url":"https:\/\/antderground.com\/fr\/produit\/kit-modulaire-3d-m\/","og_site_name":"ANTDERGROUND","og_image":[{"width":1280,"height":1280,"url":"https:\/\/antderground.com\/wp-content\/uploads\/2023\/12\/modular3d-mediano.jpg","type":"image\/jpeg"}],"twitter_card":"summary_large_image","twitter_misc":{"Dur\u00e9e de lecture estim\u00e9e":"1 minute"},"schema":{"@context":"https:\/\/schema.org","@graph":[{"@type":"WebPage","@id":"https:\/\/antderground.com\/fr\/produit\/kit-modulaire-3d-m\/","url":"https:\/\/antderground.com\/fr\/produit\/kit-modulaire-3d-m\/","name":"Kit modulaire 3D (M) | Fourmili\u00e8re 10x20 + Aire de Chasse 10x20 - ANTDERGROUND","isPartOf":{"@id":"https:\/\/antderground.com\/fr\/#website"},"primaryImageOfPage":{"@id":"https:\/\/antderground.com\/fr\/produit\/kit-modulaire-3d-m\/#primaryimage"},"image":{"@id":"https:\/\/antderground.com\/fr\/produit\/kit-modulaire-3d-m\/#primaryimage"},"thumbnailUrl":"https:\/\/antderground.com\/wp-content\/uploads\/2023\/12\/modular3d-mediano.jpg","datePublished":"2023-12-11T10:54:07+00:00","description":"Surprenant kit modulaire 3D (M) compos\u00e9 d'une Fourmili\u00e8re 3D 10x20 et d'une Aire de Chasse 10x20. Parfait pour vos colonies de fourmis !! Brutal!!! ;-)","breadcrumb":{"@id":"https:\/\/antderground.com\/fr\/produit\/kit-modulaire-3d-m\/#breadcrumb"},"inLanguage":"fr-FR","potentialAction":[{"@type":"ReadAction","target":["https:\/\/antderground.com\/fr\/produit\/kit-modulaire-3d-m\/"]}]},{"@type":"ImageObject","inLanguage":"fr-FR","@id":"https:\/\/antderground.com\/fr\/produit\/kit-modulaire-3d-m\/#primaryimage","url":"https:\/\/antderground.com\/wp-content\/uploads\/2023\/12\/modular3d-mediano.jpg","contentUrl":"https:\/\/antderground.com\/wp-content\/uploads\/2023\/12\/modular3d-mediano.jpg","width":1280,"height":1280,"caption":"Kit fourmili\u00e8re modulaire 3D avec bo\u00eete de recherche de nourriture 3D"},{"@type":"BreadcrumbList","@id":"https:\/\/antderground.com\/fr\/produit\/kit-modulaire-3d-m\/#breadcrumb","itemListElement":[{"@type":"ListItem","position":1,"name":"Portada","item":"https:\/\/antderground.com\/fr\/"},{"@type":"ListItem","position":2,"name":"Boutique","item":"https:\/\/antderground.com\/fr\/boutique\/"},{"@type":"ListItem","position":3,"name":"Kit modulaire 3D (M)"}]},{"@type":"WebSite","@id":"https:\/\/antderground.com\/fr\/#website","url":"https:\/\/antderground.com\/fr\/","name":"ANTDERGROUND","description":"Tu tienda de hormigas, gran variedad de hormigueros acr\u00edlicos,madera,arena,3D y mas.. Pide tus hormigas gratis con tu pedido, somos expertos en hormigueros antifugas.","publisher":{"@id":"https:\/\/antderground.com\/fr\/#\/schema\/person\/0e322c505e84fe72c65e2f6d08f96b81"},"alternateName":"Antderground","potentialAction":[{"@type":"SearchAction","target":{"@type":"EntryPoint","urlTemplate":"https:\/\/antderground.com\/fr\/?s={search_term_string}"},"query-input":{"@type":"PropertyValueSpecification","valueRequired":true,"valueName":"search_term_string"}}],"inLanguage":"fr-FR"},{"@type":["Person","Organization"],"@id":"https:\/\/antderground.com\/fr\/#\/schema\/person\/0e322c505e84fe72c65e2f6d08f96b81","name":"Eric de Antderground","image":{"@type":"ImageObject","inLanguage":"fr-FR","@id":"https:\/\/secure.gravatar.com\/avatar\/c49a1b9f79216d1498cb73c1e85cd47f4465dda35f2a94c03790d491bd4423c3?s=96&d=mm&r=g","url":"https:\/\/secure.gravatar.com\/avatar\/c49a1b9f79216d1498cb73c1e85cd47f4465dda35f2a94c03790d491bd4423c3?s=96&d=mm&r=g","contentUrl":"https:\/\/secure.gravatar.com\/avatar\/c49a1b9f79216d1498cb73c1e85cd47f4465dda35f2a94c03790d491bd4423c3?s=96&d=mm&r=g","caption":"Eric de Antderground"},"logo":{"@id":"https:\/\/secure.gravatar.com\/avatar\/c49a1b9f79216d1498cb73c1e85cd47f4465dda35f2a94c03790d491bd4423c3?s=96&d=mm&r=g"},"description":"Eric es el especialista y fundador de Antderground, con una amplia trayectoria en artr\u00f3podos y enfocado en la mirmecolog\u00eda y el dise\u00f1o de hormigueros artificiales. Su enfoque combina la innovaci\u00f3n t\u00e9cnica con el respeto por la biolog\u00eda de las hormigas, is\u00f3podos y otros, desarrollando sistemas de nidos modulares 3D y acr\u00edlicos que son referentes para aficionados y profesionales en toda Europa. Su objetivo es facilitar la cr\u00eda de hormigas y otros artr\u00f3podos mediante soluciones seguras y divulgaci\u00f3n de calidad.","sameAs":["https:\/\/antderground.com\/","https:\/\/www.youtube.com\/channel\/UCio72z7TlbufkAthAJIJfPw"]}]}},"_links":{"self":[{"href":"https:\/\/antderground.com\/fr\/wp-json\/wp\/v2\/product\/31394","targetHints":{"allow":["GET"]}}],"collection":[{"href":"https:\/\/antderground.com\/fr\/wp-json\/wp\/v2\/product"}],"about":[{"href":"https:\/\/antderground.com\/fr\/wp-json\/wp\/v2\/types\/product"}],"version-history":[{"count":0,"href":"https:\/\/antderground.com\/fr\/wp-json\/wp\/v2\/product\/31394\/revisions"}],"wp:featuredmedia":[{"embeddable":true,"href":"https:\/\/antderground.com\/fr\/wp-json\/wp\/v2\/media\/31382"}],"wp:attachment":[{"href":"https:\/\/antderground.com\/fr\/wp-json\/wp\/v2\/media?parent=31394"}],"wp:term":[{"taxonomy":"product_brand","embeddable":true,"href":"https:\/\/antderground.com\/fr\/wp-json\/wp\/v2\/product_brand?post=31394"},{"taxonomy":"product_cat","embeddable":true,"href":"https:\/\/antderground.com\/fr\/wp-json\/wp\/v2\/product_cat?post=31394"},{"taxonomy":"product_tag","embeddable":true,"href":"https:\/\/antderground.com\/fr\/wp-json\/wp\/v2\/product_tag?post=31394"}],"curies":[{"name":"wp","href":"https:\/\/api.w.org\/{rel}","templated":true}]}}