{"id":31415,"date":"2023-12-12T11:33:15","date_gmt":"2023-12-12T10:33:15","guid":{"rendered":"https:\/\/www.antderground.com\/producto\/kit-modulaire-3d-v2-petit\/"},"modified":"2024-03-12T10:31:42","modified_gmt":"2024-03-12T09:31:42","slug":"kit-modulaire-3d-v2-petit","status":"publish","type":"product","link":"https:\/\/antderground.com\/fr\/produit\/kit-modulaire-3d-v2-petit\/","title":{"rendered":"Kit modulaire 3D (v2) (petit)"},"content":{"rendered":"<h3><strong>Informations d\u00e9taill\u00e9es sur le kit <\/strong><\/h3>\n<p><strong>Caract\u00e9ristiques de la fourmili\u00e8re modulaire 3D :<\/strong><\/p>\n<p>Taille : 10cm x 10cm.<br \/>\nR\u00e9servoir : 20 ml (nouveau syst\u00e8me de connexion facile).<br \/>\nChambres\/galerie : Diff\u00e9rentes hauteurs.<br \/>\nCouleur: Blanche<br \/>\nCouvercle : inclus Couleur rouge.<br \/>\nModulaire : Oui<br \/>\nEntr\u00e9es\/Connexions : 4<\/p>\n<p><a href=\"https:\/\/antderground.com\/fr\/produit\/fourmiliere-modulaire-3d-10x10-avec-reservoir-superieur\/\">+ informations<\/a><\/p>\n<p><strong>Caract\u00e9ristiques de la Aire de chasse:<\/strong><br \/>\nTaille: 10 cm x 10 cm<br \/>\nCouleur blanche.<br \/>\nStructure : structure cr\u00e9\u00e9e en 3D \/ C\u00f4t\u00e9s M\u00e9thacrylate.<br \/>\nVentilation : Oui.<br \/>\nModulaire : Oui<br \/>\nEntr\u00e9es\/Connexions : 4<\/p>\n<p><a href=\"https:\/\/antderground.com\/fr\/produit\/caisse-de-nourriture-10-x-10\/\">+informations<\/a><\/p>\n<p>&nbsp;<\/p>\n","protected":false},"excerpt":{"rendered":"<p>Kit modulaire 3D (v2) | form\u00e9 d&#8217;une fourmili\u00e8re 3D modulaire de taille 10&#215;10 avec diff\u00e9rentes galeries ainsi qu&#8217;une zone de chasse modulaire 10&#215;10 et un connecteur modulaire. Ce kit modulaire est id\u00e9al pour s&#8217;\u00e9tendre sans limites au fur et \u00e0 mesure que la colonie de fourmis grandit. Un super royaume pour votre reine fourmi !!<\/p>\n<p><strong><br \/>\nInformations sur les kits :<\/strong><\/p>\n<p>1 Fourmili\u00e8re modulaire 3D\u00a0 (10\u00d710 cm).<br \/>\n1 Couvercle rouge pour la fourmili\u00e8re.<br \/>\n1 Zone de chasse modulaire (10\u00d710 cm).<br \/>\n1 connecteur modulaire.<\/p>\n","protected":false},"featured_media":31409,"template":"","meta":[],"product_brand":[],"product_cat":[114,431,304],"product_tag":[],"class_list":{"0":"post-31415","1":"product","2":"type-product","3":"status-publish","4":"has-post-thumbnail","6":"product_cat-fourmilieres","7":"product_cat-fourmilieres-3d","8":"product_cat-kits-fourmiliere","10":"first","11":"instock","12":"sale","13":"shipping-taxable","14":"purchasable","15":"product-type-simple"},"yoast_head":"<!-- This site is optimized with the Yoast SEO plugin v27.3 - https:\/\/yoast.com\/product\/yoast-seo-wordpress\/ -->\n<title>Kit modulaire 3D (v2)(S) | Fourmili\u00e8re 3D 10x10 + Aire de chasse 10x10 - ANTDERGROUND<\/title>\n<meta name=\"description\" content=\"Kit modulaire 3D (v2) compos\u00e9 d&#039;une fourmili\u00e8re 3D (modulaire) 10x10 avec une caisse de recherche de nourriture 10x10. Id\u00e9al pour d\u00e9buter dans le monde des fourmis.\" \/>\n<meta name=\"robots\" content=\"index, follow, max-snippet:-1, max-image-preview:large, max-video-preview:-1\" \/>\n<link rel=\"canonical\" href=\"https:\/\/antderground.com\/fr\/produit\/kit-modulaire-3d-v2-petit\/\" \/>\n<meta property=\"og:locale\" content=\"fr_FR\" \/>\n<meta property=\"og:type\" content=\"article\" \/>\n<meta property=\"og:title\" content=\"Kit modulaire 3D (v2)(S) | Fourmili\u00e8re 3D 10x10 + Aire de chasse 10x10 - ANTDERGROUND\" \/>\n<meta property=\"og:description\" content=\"Kit modulaire 3D (v2) compos\u00e9 d&#039;une fourmili\u00e8re 3D (modulaire) 10x10 avec une caisse de recherche de nourriture 10x10. Id\u00e9al pour d\u00e9buter dans le monde des fourmis.\" \/>\n<meta property=\"og:url\" content=\"https:\/\/antderground.com\/fr\/produit\/kit-modulaire-3d-v2-petit\/\" \/>\n<meta property=\"og:site_name\" content=\"ANTDERGROUND\" \/>\n<meta property=\"article:modified_time\" content=\"2024-03-12T09:31:42+00:00\" \/>\n<meta property=\"og:image\" content=\"https:\/\/antderground.com\/wp-content\/uploads\/2023\/12\/kit-v2.jpg\" \/>\n\t<meta property=\"og:image:width\" content=\"1280\" \/>\n\t<meta property=\"og:image:height\" content=\"1280\" \/>\n\t<meta property=\"og:image:type\" content=\"image\/jpeg\" \/>\n<meta name=\"twitter:card\" content=\"summary_large_image\" \/>\n<script type=\"application\/ld+json\" class=\"yoast-schema-graph\">{\"@context\":\"https:\\\/\\\/schema.org\",\"@graph\":[{\"@type\":\"WebPage\",\"@id\":\"https:\\\/\\\/antderground.com\\\/fr\\\/produit\\\/kit-modulaire-3d-v2-petit\\\/\",\"url\":\"https:\\\/\\\/antderground.com\\\/fr\\\/produit\\\/kit-modulaire-3d-v2-petit\\\/\",\"name\":\"Kit modulaire 3D (v2)(S) | Fourmili\u00e8re 3D 10x10 + Aire de chasse 10x10 - ANTDERGROUND\",\"isPartOf\":{\"@id\":\"https:\\\/\\\/antderground.com\\\/fr\\\/#website\"},\"primaryImageOfPage\":{\"@id\":\"https:\\\/\\\/antderground.com\\\/fr\\\/produit\\\/kit-modulaire-3d-v2-petit\\\/#primaryimage\"},\"image\":{\"@id\":\"https:\\\/\\\/antderground.com\\\/fr\\\/produit\\\/kit-modulaire-3d-v2-petit\\\/#primaryimage\"},\"thumbnailUrl\":\"https:\\\/\\\/antderground.com\\\/wp-content\\\/uploads\\\/2023\\\/12\\\/kit-v2.jpg\",\"datePublished\":\"2023-12-12T10:33:15+00:00\",\"dateModified\":\"2024-03-12T09:31:42+00:00\",\"description\":\"Kit modulaire 3D (v2) compos\u00e9 d'une fourmili\u00e8re 3D (modulaire) 10x10 avec une caisse de recherche de nourriture 10x10. Id\u00e9al pour d\u00e9buter dans le monde des fourmis.\",\"breadcrumb\":{\"@id\":\"https:\\\/\\\/antderground.com\\\/fr\\\/produit\\\/kit-modulaire-3d-v2-petit\\\/#breadcrumb\"},\"inLanguage\":\"fr-FR\",\"potentialAction\":[{\"@type\":\"ReadAction\",\"target\":[\"https:\\\/\\\/antderground.com\\\/fr\\\/produit\\\/kit-modulaire-3d-v2-petit\\\/\"]}]},{\"@type\":\"ImageObject\",\"inLanguage\":\"fr-FR\",\"@id\":\"https:\\\/\\\/antderground.com\\\/fr\\\/produit\\\/kit-modulaire-3d-v2-petit\\\/#primaryimage\",\"url\":\"https:\\\/\\\/antderground.com\\\/wp-content\\\/uploads\\\/2023\\\/12\\\/kit-v2.jpg\",\"contentUrl\":\"https:\\\/\\\/antderground.com\\\/wp-content\\\/uploads\\\/2023\\\/12\\\/kit-v2.jpg\",\"width\":1280,\"height\":1280},{\"@type\":\"BreadcrumbList\",\"@id\":\"https:\\\/\\\/antderground.com\\\/fr\\\/produit\\\/kit-modulaire-3d-v2-petit\\\/#breadcrumb\",\"itemListElement\":[{\"@type\":\"ListItem\",\"position\":1,\"name\":\"Portada\",\"item\":\"https:\\\/\\\/antderground.com\\\/fr\\\/\"},{\"@type\":\"ListItem\",\"position\":2,\"name\":\"Boutique\",\"item\":\"https:\\\/\\\/antderground.com\\\/fr\\\/boutique\\\/\"},{\"@type\":\"ListItem\",\"position\":3,\"name\":\"Kit modulaire 3D (v2) (petit)\"}]},{\"@type\":\"WebSite\",\"@id\":\"https:\\\/\\\/antderground.com\\\/fr\\\/#website\",\"url\":\"https:\\\/\\\/antderground.com\\\/fr\\\/\",\"name\":\"ANTDERGROUND\",\"description\":\"Tu tienda de hormigas, gran variedad de hormigueros acr\u00edlicos,madera,arena,3D y mas.. Pide tus hormigas gratis con tu pedido, somos expertos en hormigueros antifugas.\",\"publisher\":{\"@id\":\"https:\\\/\\\/antderground.com\\\/fr\\\/#\\\/schema\\\/person\\\/0e322c505e84fe72c65e2f6d08f96b81\"},\"alternateName\":\"Antderground\",\"potentialAction\":[{\"@type\":\"SearchAction\",\"target\":{\"@type\":\"EntryPoint\",\"urlTemplate\":\"https:\\\/\\\/antderground.com\\\/fr\\\/?s={search_term_string}\"},\"query-input\":{\"@type\":\"PropertyValueSpecification\",\"valueRequired\":true,\"valueName\":\"search_term_string\"}}],\"inLanguage\":\"fr-FR\"},{\"@type\":[\"Person\",\"Organization\"],\"@id\":\"https:\\\/\\\/antderground.com\\\/fr\\\/#\\\/schema\\\/person\\\/0e322c505e84fe72c65e2f6d08f96b81\",\"name\":\"Eric de Antderground\",\"image\":{\"@type\":\"ImageObject\",\"inLanguage\":\"fr-FR\",\"@id\":\"https:\\\/\\\/secure.gravatar.com\\\/avatar\\\/c49a1b9f79216d1498cb73c1e85cd47f4465dda35f2a94c03790d491bd4423c3?s=96&d=mm&r=g\",\"url\":\"https:\\\/\\\/secure.gravatar.com\\\/avatar\\\/c49a1b9f79216d1498cb73c1e85cd47f4465dda35f2a94c03790d491bd4423c3?s=96&d=mm&r=g\",\"contentUrl\":\"https:\\\/\\\/secure.gravatar.com\\\/avatar\\\/c49a1b9f79216d1498cb73c1e85cd47f4465dda35f2a94c03790d491bd4423c3?s=96&d=mm&r=g\",\"caption\":\"Eric de Antderground\"},\"logo\":{\"@id\":\"https:\\\/\\\/secure.gravatar.com\\\/avatar\\\/c49a1b9f79216d1498cb73c1e85cd47f4465dda35f2a94c03790d491bd4423c3?s=96&d=mm&r=g\"},\"description\":\"Eric es el especialista y fundador de Antderground, con una amplia trayectoria en artr\u00f3podos y enfocado en la mirmecolog\u00eda y el dise\u00f1o de hormigueros artificiales. Su enfoque combina la innovaci\u00f3n t\u00e9cnica con el respeto por la biolog\u00eda de las hormigas, is\u00f3podos y otros, desarrollando sistemas de nidos modulares 3D y acr\u00edlicos que son referentes para aficionados y profesionales en toda Europa. Su objetivo es facilitar la cr\u00eda de hormigas y otros artr\u00f3podos mediante soluciones seguras y divulgaci\u00f3n de calidad.\",\"sameAs\":[\"https:\\\/\\\/antderground.com\\\/\",\"https:\\\/\\\/www.youtube.com\\\/channel\\\/UCio72z7TlbufkAthAJIJfPw\"]}]}<\/script>\n<!-- \/ Yoast SEO plugin. -->","yoast_head_json":{"title":"Kit modulaire 3D (v2)(S) | Fourmili\u00e8re 3D 10x10 + Aire de chasse 10x10 - ANTDERGROUND","description":"Kit modulaire 3D (v2) compos\u00e9 d'une fourmili\u00e8re 3D (modulaire) 10x10 avec une caisse de recherche de nourriture 10x10. Id\u00e9al pour d\u00e9buter dans le monde des fourmis.","robots":{"index":"index","follow":"follow","max-snippet":"max-snippet:-1","max-image-preview":"max-image-preview:large","max-video-preview":"max-video-preview:-1"},"canonical":"https:\/\/antderground.com\/fr\/produit\/kit-modulaire-3d-v2-petit\/","og_locale":"fr_FR","og_type":"article","og_title":"Kit modulaire 3D (v2)(S) | Fourmili\u00e8re 3D 10x10 + Aire de chasse 10x10 - ANTDERGROUND","og_description":"Kit modulaire 3D (v2) compos\u00e9 d'une fourmili\u00e8re 3D (modulaire) 10x10 avec une caisse de recherche de nourriture 10x10. Id\u00e9al pour d\u00e9buter dans le monde des fourmis.","og_url":"https:\/\/antderground.com\/fr\/produit\/kit-modulaire-3d-v2-petit\/","og_site_name":"ANTDERGROUND","article_modified_time":"2024-03-12T09:31:42+00:00","og_image":[{"width":1280,"height":1280,"url":"https:\/\/antderground.com\/wp-content\/uploads\/2023\/12\/kit-v2.jpg","type":"image\/jpeg"}],"twitter_card":"summary_large_image","schema":{"@context":"https:\/\/schema.org","@graph":[{"@type":"WebPage","@id":"https:\/\/antderground.com\/fr\/produit\/kit-modulaire-3d-v2-petit\/","url":"https:\/\/antderground.com\/fr\/produit\/kit-modulaire-3d-v2-petit\/","name":"Kit modulaire 3D (v2)(S) | Fourmili\u00e8re 3D 10x10 + Aire de chasse 10x10 - ANTDERGROUND","isPartOf":{"@id":"https:\/\/antderground.com\/fr\/#website"},"primaryImageOfPage":{"@id":"https:\/\/antderground.com\/fr\/produit\/kit-modulaire-3d-v2-petit\/#primaryimage"},"image":{"@id":"https:\/\/antderground.com\/fr\/produit\/kit-modulaire-3d-v2-petit\/#primaryimage"},"thumbnailUrl":"https:\/\/antderground.com\/wp-content\/uploads\/2023\/12\/kit-v2.jpg","datePublished":"2023-12-12T10:33:15+00:00","dateModified":"2024-03-12T09:31:42+00:00","description":"Kit modulaire 3D (v2) compos\u00e9 d'une fourmili\u00e8re 3D (modulaire) 10x10 avec une caisse de recherche de nourriture 10x10. Id\u00e9al pour d\u00e9buter dans le monde des fourmis.","breadcrumb":{"@id":"https:\/\/antderground.com\/fr\/produit\/kit-modulaire-3d-v2-petit\/#breadcrumb"},"inLanguage":"fr-FR","potentialAction":[{"@type":"ReadAction","target":["https:\/\/antderground.com\/fr\/produit\/kit-modulaire-3d-v2-petit\/"]}]},{"@type":"ImageObject","inLanguage":"fr-FR","@id":"https:\/\/antderground.com\/fr\/produit\/kit-modulaire-3d-v2-petit\/#primaryimage","url":"https:\/\/antderground.com\/wp-content\/uploads\/2023\/12\/kit-v2.jpg","contentUrl":"https:\/\/antderground.com\/wp-content\/uploads\/2023\/12\/kit-v2.jpg","width":1280,"height":1280},{"@type":"BreadcrumbList","@id":"https:\/\/antderground.com\/fr\/produit\/kit-modulaire-3d-v2-petit\/#breadcrumb","itemListElement":[{"@type":"ListItem","position":1,"name":"Portada","item":"https:\/\/antderground.com\/fr\/"},{"@type":"ListItem","position":2,"name":"Boutique","item":"https:\/\/antderground.com\/fr\/boutique\/"},{"@type":"ListItem","position":3,"name":"Kit modulaire 3D (v2) (petit)"}]},{"@type":"WebSite","@id":"https:\/\/antderground.com\/fr\/#website","url":"https:\/\/antderground.com\/fr\/","name":"ANTDERGROUND","description":"Tu tienda de hormigas, gran variedad de hormigueros acr\u00edlicos,madera,arena,3D y mas.. Pide tus hormigas gratis con tu pedido, somos expertos en hormigueros antifugas.","publisher":{"@id":"https:\/\/antderground.com\/fr\/#\/schema\/person\/0e322c505e84fe72c65e2f6d08f96b81"},"alternateName":"Antderground","potentialAction":[{"@type":"SearchAction","target":{"@type":"EntryPoint","urlTemplate":"https:\/\/antderground.com\/fr\/?s={search_term_string}"},"query-input":{"@type":"PropertyValueSpecification","valueRequired":true,"valueName":"search_term_string"}}],"inLanguage":"fr-FR"},{"@type":["Person","Organization"],"@id":"https:\/\/antderground.com\/fr\/#\/schema\/person\/0e322c505e84fe72c65e2f6d08f96b81","name":"Eric de Antderground","image":{"@type":"ImageObject","inLanguage":"fr-FR","@id":"https:\/\/secure.gravatar.com\/avatar\/c49a1b9f79216d1498cb73c1e85cd47f4465dda35f2a94c03790d491bd4423c3?s=96&d=mm&r=g","url":"https:\/\/secure.gravatar.com\/avatar\/c49a1b9f79216d1498cb73c1e85cd47f4465dda35f2a94c03790d491bd4423c3?s=96&d=mm&r=g","contentUrl":"https:\/\/secure.gravatar.com\/avatar\/c49a1b9f79216d1498cb73c1e85cd47f4465dda35f2a94c03790d491bd4423c3?s=96&d=mm&r=g","caption":"Eric de Antderground"},"logo":{"@id":"https:\/\/secure.gravatar.com\/avatar\/c49a1b9f79216d1498cb73c1e85cd47f4465dda35f2a94c03790d491bd4423c3?s=96&d=mm&r=g"},"description":"Eric es el especialista y fundador de Antderground, con una amplia trayectoria en artr\u00f3podos y enfocado en la mirmecolog\u00eda y el dise\u00f1o de hormigueros artificiales. Su enfoque combina la innovaci\u00f3n t\u00e9cnica con el respeto por la biolog\u00eda de las hormigas, is\u00f3podos y otros, desarrollando sistemas de nidos modulares 3D y acr\u00edlicos que son referentes para aficionados y profesionales en toda Europa. Su objetivo es facilitar la cr\u00eda de hormigas y otros artr\u00f3podos mediante soluciones seguras y divulgaci\u00f3n de calidad.","sameAs":["https:\/\/antderground.com\/","https:\/\/www.youtube.com\/channel\/UCio72z7TlbufkAthAJIJfPw"]}]}},"_links":{"self":[{"href":"https:\/\/antderground.com\/fr\/wp-json\/wp\/v2\/product\/31415","targetHints":{"allow":["GET"]}}],"collection":[{"href":"https:\/\/antderground.com\/fr\/wp-json\/wp\/v2\/product"}],"about":[{"href":"https:\/\/antderground.com\/fr\/wp-json\/wp\/v2\/types\/product"}],"version-history":[{"count":0,"href":"https:\/\/antderground.com\/fr\/wp-json\/wp\/v2\/product\/31415\/revisions"}],"wp:featuredmedia":[{"embeddable":true,"href":"https:\/\/antderground.com\/fr\/wp-json\/wp\/v2\/media\/31409"}],"wp:attachment":[{"href":"https:\/\/antderground.com\/fr\/wp-json\/wp\/v2\/media?parent=31415"}],"wp:term":[{"taxonomy":"product_brand","embeddable":true,"href":"https:\/\/antderground.com\/fr\/wp-json\/wp\/v2\/product_brand?post=31415"},{"taxonomy":"product_cat","embeddable":true,"href":"https:\/\/antderground.com\/fr\/wp-json\/wp\/v2\/product_cat?post=31415"},{"taxonomy":"product_tag","embeddable":true,"href":"https:\/\/antderground.com\/fr\/wp-json\/wp\/v2\/product_tag?post=31415"}],"curies":[{"name":"wp","href":"https:\/\/api.w.org\/{rel}","templated":true}]}}