{"id":32216,"date":"2024-01-12T11:49:25","date_gmt":"2024-01-12T10:49:25","guid":{"rendered":"https:\/\/www.antderground.com\/producto\/trichorhina-tomentosa\/"},"modified":"2024-01-15T16:32:30","modified_gmt":"2024-01-15T15:32:30","slug":"trichorhina-tomentosa","status":"publish","type":"product","link":"https:\/\/antderground.com\/fr\/produit\/trichorhina-tomentosa\/","title":{"rendered":"Trichorhina tomentosa"},"content":{"rendered":"<p>Informations techniques sur Trichorhina tomentosa.<\/p>\n<p><strong>Nom Scientifique :<\/strong><\/p>\n<ul>\n<li>Trichorhina tomentosa<\/li>\n<\/ul>\n<p><strong>Noms Communs :<\/strong><\/p>\n<ul>\n<li>Cochenille blanche<\/li>\n<li>Cochenille de l&#8217;humidit\u00e9<\/li>\n<\/ul>\n<p><strong>Classification :<\/strong><\/p>\n<ul>\n<li>R\u00e8gne : Animalia<\/li>\n<li>Phylum : Arthropoda<\/li>\n<li>Sous-phylum : Crustacea<\/li>\n<li>Classe : Malacostraca<\/li>\n<li>Ordre : <a href=\"https:\/\/antderground.com\/fr\/categorie-produit\/insectes\/isopodes\/\" target=\"_blank\" rel=\"noopener\">Isopoda<\/a><\/li>\n<li>Famille : Trichoniscidae<\/li>\n<li>Genre : Trichorhina<\/li>\n<\/ul>\n<p><strong>Distribution :<\/strong><\/p>\n<ul>\n<li>Originaire d&#8217;Am\u00e9rique du Nord, mais largement r\u00e9pandue dans le monde entier, particuli\u00e8rement dans les environnements humides, tels que les sols riches en mati\u00e8re organique et les endroits sombres.<\/li>\n<\/ul>\n<p><strong>Description Morphologique :<\/strong><\/p>\n<ul>\n<li>Taille : Adultes de 5 \u00e0 8 mm de longueur.<\/li>\n<li>Corps : Ovale, segment\u00e9 en plusieurs parties, avec un exosquelette r\u00e9sistant.<\/li>\n<li>Couleur : Varie g\u00e9n\u00e9ralement entre le brun et le gris, bien que certains individus puissent pr\u00e9senter une teinte blanche ou gris clair.<\/li>\n<li>Antennes : Courtes.<\/li>\n<\/ul>\n<p><strong>Biologie et Comportement :<\/strong><\/p>\n<ul>\n<li>Environnement : Pr\u00e9f\u00e8re les habitats humides, commun\u00e9ment trouv\u00e9 dans des zones avec de la mati\u00e8re organique en d\u00e9composition.<\/li>\n<li>Alimentation : D\u00e9tritivore, se nourrit de mati\u00e8re organique en d\u00e9composition, tels que des d\u00e9bris de plantes et des feuilles.<\/li>\n<li>Reproduction : Cycle reproducteur simple, les femelles portent des \u0153ufs dans une poche ventrale jusqu&#8217;\u00e0 l&#8217;\u00e9closion.<\/li>\n<\/ul>\n<p><strong>Utilit\u00e9 dans l&#8217;\u00c9levage d&#8217;Autres Animaux :<\/strong><\/p>\n<ul>\n<li>Alimentation : Id\u00e9al comme nourriture pour d&#8217;autres insectes et reptiles en captivit\u00e9 en raison de son r\u00e9gime naturel riche en nutriments.<\/li>\n<li>Entretien : Facile \u00e0 \u00e9lever dans des environnements contr\u00f4l\u00e9s en raison de son adaptation aux conditions d&#8217;humidit\u00e9 et de sa nature d\u00e9tritivore.<\/li>\n<\/ul>\n<p><strong>Importance dans la Recherche :<\/strong><\/p>\n<ul>\n<li>Utilis\u00e9 comme organisme mod\u00e8le dans des \u00e9tudes scientifiques, en particulier dans la recherche sur le comportement animal, l&#8217;\u00e9cologie et la physiologie.<\/li>\n<\/ul>\n","protected":false},"excerpt":{"rendered":"<p>D\u00e9couvrez Trichorhina tomentosa (cochenille naine), un aliment vivant pour petits animaux comme les grenouilles, les reptiles ou la microfaune issue de terrariums bioactifs. C&#8217;est un aliment tr\u00e8s riche en calcium. C&#8217;est \u00e9galement un aliment parfait pour certaines fourmis et insectes.<\/p>\n<p><strong>*<\/strong>La valeur (ml) est le total du pot avec la cochenille + substrat.<\/p>\n","protected":false},"featured_media":32155,"template":"","meta":[],"product_brand":[],"product_cat":[109,661,417,419,736],"product_tag":[],"class_list":{"0":"post-32216","1":"product","2":"type-product","3":"status-publish","4":"has-post-thumbnail","6":"product_cat-aliments","7":"product_cat-nourriture-vivante","8":"product_cat-arthropodes","9":"product_cat-isopodes","10":"product_cat-trichorhina","12":"first","13":"outofstock","14":"shipping-taxable","15":"purchasable","16":"product-type-variable"},"yoast_head":"<!-- This site is optimized with the Yoast SEO plugin v27.4 - https:\/\/yoast.com\/product\/yoast-seo-wordpress\/ -->\n<title>Trichorhina tomentosa | Nourriture pour fourmis| Insectes| Reptiles - ANTDERGROUND<\/title>\n<meta name=\"description\" content=\"D\u00e9couvrez Trichorhina tomentosa, un isopode utilis\u00e9 comme nourriture vivante pour les insectes, les fourmis et les petits reptiles. Tout pour vos fourmis et insectes.\" \/>\n<meta name=\"robots\" content=\"index, follow, max-snippet:-1, max-image-preview:large, max-video-preview:-1\" \/>\n<link rel=\"canonical\" href=\"https:\/\/antderground.com\/fr\/produit\/trichorhina-tomentosa\/\" \/>\n<meta property=\"og:locale\" content=\"fr_FR\" \/>\n<meta property=\"og:type\" content=\"article\" \/>\n<meta property=\"og:title\" content=\"Trichorhina tomentosa | Nourriture pour fourmis| Insectes| Reptiles - ANTDERGROUND\" \/>\n<meta property=\"og:description\" content=\"D\u00e9couvrez Trichorhina tomentosa, un isopode utilis\u00e9 comme nourriture vivante pour les insectes, les fourmis et les petits reptiles. Tout pour vos fourmis et insectes.\" \/>\n<meta property=\"og:url\" content=\"https:\/\/antderground.com\/fr\/produit\/trichorhina-tomentosa\/\" \/>\n<meta property=\"og:site_name\" content=\"ANTDERGROUND\" \/>\n<meta property=\"article:modified_time\" content=\"2024-01-15T15:32:30+00:00\" \/>\n<meta property=\"og:image\" content=\"https:\/\/antderground.com\/wp-content\/uploads\/2024\/01\/Imagen-de-WhatsApp-2024-01-11-a-las-14.03.29_9c802f2d.jpg\" \/>\n\t<meta property=\"og:image:width\" content=\"1417\" \/>\n\t<meta property=\"og:image:height\" content=\"1417\" \/>\n\t<meta property=\"og:image:type\" content=\"image\/jpeg\" \/>\n<meta name=\"twitter:card\" content=\"summary_large_image\" \/>\n<meta name=\"twitter:label1\" content=\"Dur\u00e9e de lecture estim\u00e9e\" \/>\n\t<meta name=\"twitter:data1\" content=\"1 minute\" \/>\n<script type=\"application\/ld+json\" class=\"yoast-schema-graph\">{\"@context\":\"https:\\\/\\\/schema.org\",\"@graph\":[{\"@type\":\"WebPage\",\"@id\":\"https:\\\/\\\/antderground.com\\\/fr\\\/produit\\\/trichorhina-tomentosa\\\/\",\"url\":\"https:\\\/\\\/antderground.com\\\/fr\\\/produit\\\/trichorhina-tomentosa\\\/\",\"name\":\"Trichorhina tomentosa | Nourriture pour fourmis| Insectes| Reptiles - ANTDERGROUND\",\"isPartOf\":{\"@id\":\"https:\\\/\\\/antderground.com\\\/fr\\\/#website\"},\"primaryImageOfPage\":{\"@id\":\"https:\\\/\\\/antderground.com\\\/fr\\\/produit\\\/trichorhina-tomentosa\\\/#primaryimage\"},\"image\":{\"@id\":\"https:\\\/\\\/antderground.com\\\/fr\\\/produit\\\/trichorhina-tomentosa\\\/#primaryimage\"},\"thumbnailUrl\":\"https:\\\/\\\/antderground.com\\\/wp-content\\\/uploads\\\/2024\\\/01\\\/Imagen-de-WhatsApp-2024-01-11-a-las-14.03.29_9c802f2d.jpg\",\"datePublished\":\"2024-01-12T10:49:25+00:00\",\"dateModified\":\"2024-01-15T15:32:30+00:00\",\"description\":\"D\u00e9couvrez Trichorhina tomentosa, un isopode utilis\u00e9 comme nourriture vivante pour les insectes, les fourmis et les petits reptiles. Tout pour vos fourmis et insectes.\",\"breadcrumb\":{\"@id\":\"https:\\\/\\\/antderground.com\\\/fr\\\/produit\\\/trichorhina-tomentosa\\\/#breadcrumb\"},\"inLanguage\":\"fr-FR\",\"potentialAction\":[{\"@type\":\"ReadAction\",\"target\":[\"https:\\\/\\\/antderground.com\\\/fr\\\/produit\\\/trichorhina-tomentosa\\\/\"]}]},{\"@type\":\"ImageObject\",\"inLanguage\":\"fr-FR\",\"@id\":\"https:\\\/\\\/antderground.com\\\/fr\\\/produit\\\/trichorhina-tomentosa\\\/#primaryimage\",\"url\":\"https:\\\/\\\/antderground.com\\\/wp-content\\\/uploads\\\/2024\\\/01\\\/Imagen-de-WhatsApp-2024-01-11-a-las-14.03.29_9c802f2d.jpg\",\"contentUrl\":\"https:\\\/\\\/antderground.com\\\/wp-content\\\/uploads\\\/2024\\\/01\\\/Imagen-de-WhatsApp-2024-01-11-a-las-14.03.29_9c802f2d.jpg\",\"width\":1417,\"height\":1417,\"caption\":\"Trichorhina tomentosa\"},{\"@type\":\"BreadcrumbList\",\"@id\":\"https:\\\/\\\/antderground.com\\\/fr\\\/produit\\\/trichorhina-tomentosa\\\/#breadcrumb\",\"itemListElement\":[{\"@type\":\"ListItem\",\"position\":1,\"name\":\"Portada\",\"item\":\"https:\\\/\\\/antderground.com\\\/fr\\\/\"},{\"@type\":\"ListItem\",\"position\":2,\"name\":\"Boutique\",\"item\":\"https:\\\/\\\/antderground.com\\\/fr\\\/boutique\\\/\"},{\"@type\":\"ListItem\",\"position\":3,\"name\":\"Trichorhina tomentosa\"}]},{\"@type\":\"WebSite\",\"@id\":\"https:\\\/\\\/antderground.com\\\/fr\\\/#website\",\"url\":\"https:\\\/\\\/antderground.com\\\/fr\\\/\",\"name\":\"ANTDERGROUND\",\"description\":\"Tu tienda de hormigas, gran variedad de hormigueros acr\u00edlicos,madera,arena,3D y mas.. Pide tus hormigas gratis con tu pedido, somos expertos en hormigueros antifugas.\",\"publisher\":{\"@id\":\"https:\\\/\\\/antderground.com\\\/fr\\\/#\\\/schema\\\/person\\\/0e322c505e84fe72c65e2f6d08f96b81\"},\"alternateName\":\"Antderground\",\"potentialAction\":[{\"@type\":\"SearchAction\",\"target\":{\"@type\":\"EntryPoint\",\"urlTemplate\":\"https:\\\/\\\/antderground.com\\\/fr\\\/?s={search_term_string}\"},\"query-input\":{\"@type\":\"PropertyValueSpecification\",\"valueRequired\":true,\"valueName\":\"search_term_string\"}}],\"inLanguage\":\"fr-FR\"},{\"@type\":[\"Person\",\"Organization\"],\"@id\":\"https:\\\/\\\/antderground.com\\\/fr\\\/#\\\/schema\\\/person\\\/0e322c505e84fe72c65e2f6d08f96b81\",\"name\":\"Eric de Antderground\",\"image\":{\"@type\":\"ImageObject\",\"inLanguage\":\"fr-FR\",\"@id\":\"https:\\\/\\\/secure.gravatar.com\\\/avatar\\\/c49a1b9f79216d1498cb73c1e85cd47f4465dda35f2a94c03790d491bd4423c3?s=96&d=mm&r=g\",\"url\":\"https:\\\/\\\/secure.gravatar.com\\\/avatar\\\/c49a1b9f79216d1498cb73c1e85cd47f4465dda35f2a94c03790d491bd4423c3?s=96&d=mm&r=g\",\"contentUrl\":\"https:\\\/\\\/secure.gravatar.com\\\/avatar\\\/c49a1b9f79216d1498cb73c1e85cd47f4465dda35f2a94c03790d491bd4423c3?s=96&d=mm&r=g\",\"caption\":\"Eric de Antderground\"},\"logo\":{\"@id\":\"https:\\\/\\\/secure.gravatar.com\\\/avatar\\\/c49a1b9f79216d1498cb73c1e85cd47f4465dda35f2a94c03790d491bd4423c3?s=96&d=mm&r=g\"},\"description\":\"Eric es el especialista y fundador de Antderground, con una amplia trayectoria en artr\u00f3podos y enfocado en la mirmecolog\u00eda y el dise\u00f1o de hormigueros artificiales. Su enfoque combina la innovaci\u00f3n t\u00e9cnica con el respeto por la biolog\u00eda de las hormigas, is\u00f3podos y otros, desarrollando sistemas de nidos modulares 3D y acr\u00edlicos que son referentes para aficionados y profesionales en toda Europa. Su objetivo es facilitar la cr\u00eda de hormigas y otros artr\u00f3podos mediante soluciones seguras y divulgaci\u00f3n de calidad.\",\"sameAs\":[\"https:\\\/\\\/antderground.com\\\/\",\"https:\\\/\\\/www.youtube.com\\\/channel\\\/UCio72z7TlbufkAthAJIJfPw\"]}]}<\/script>\n<!-- \/ Yoast SEO plugin. -->","yoast_head_json":{"title":"Trichorhina tomentosa | Nourriture pour fourmis| Insectes| Reptiles - ANTDERGROUND","description":"D\u00e9couvrez Trichorhina tomentosa, un isopode utilis\u00e9 comme nourriture vivante pour les insectes, les fourmis et les petits reptiles. Tout pour vos fourmis et insectes.","robots":{"index":"index","follow":"follow","max-snippet":"max-snippet:-1","max-image-preview":"max-image-preview:large","max-video-preview":"max-video-preview:-1"},"canonical":"https:\/\/antderground.com\/fr\/produit\/trichorhina-tomentosa\/","og_locale":"fr_FR","og_type":"article","og_title":"Trichorhina tomentosa | Nourriture pour fourmis| Insectes| Reptiles - ANTDERGROUND","og_description":"D\u00e9couvrez Trichorhina tomentosa, un isopode utilis\u00e9 comme nourriture vivante pour les insectes, les fourmis et les petits reptiles. Tout pour vos fourmis et insectes.","og_url":"https:\/\/antderground.com\/fr\/produit\/trichorhina-tomentosa\/","og_site_name":"ANTDERGROUND","article_modified_time":"2024-01-15T15:32:30+00:00","og_image":[{"width":1417,"height":1417,"url":"https:\/\/antderground.com\/wp-content\/uploads\/2024\/01\/Imagen-de-WhatsApp-2024-01-11-a-las-14.03.29_9c802f2d.jpg","type":"image\/jpeg"}],"twitter_card":"summary_large_image","twitter_misc":{"Dur\u00e9e de lecture estim\u00e9e":"1 minute"},"schema":{"@context":"https:\/\/schema.org","@graph":[{"@type":"WebPage","@id":"https:\/\/antderground.com\/fr\/produit\/trichorhina-tomentosa\/","url":"https:\/\/antderground.com\/fr\/produit\/trichorhina-tomentosa\/","name":"Trichorhina tomentosa | Nourriture pour fourmis| Insectes| Reptiles - ANTDERGROUND","isPartOf":{"@id":"https:\/\/antderground.com\/fr\/#website"},"primaryImageOfPage":{"@id":"https:\/\/antderground.com\/fr\/produit\/trichorhina-tomentosa\/#primaryimage"},"image":{"@id":"https:\/\/antderground.com\/fr\/produit\/trichorhina-tomentosa\/#primaryimage"},"thumbnailUrl":"https:\/\/antderground.com\/wp-content\/uploads\/2024\/01\/Imagen-de-WhatsApp-2024-01-11-a-las-14.03.29_9c802f2d.jpg","datePublished":"2024-01-12T10:49:25+00:00","dateModified":"2024-01-15T15:32:30+00:00","description":"D\u00e9couvrez Trichorhina tomentosa, un isopode utilis\u00e9 comme nourriture vivante pour les insectes, les fourmis et les petits reptiles. Tout pour vos fourmis et insectes.","breadcrumb":{"@id":"https:\/\/antderground.com\/fr\/produit\/trichorhina-tomentosa\/#breadcrumb"},"inLanguage":"fr-FR","potentialAction":[{"@type":"ReadAction","target":["https:\/\/antderground.com\/fr\/produit\/trichorhina-tomentosa\/"]}]},{"@type":"ImageObject","inLanguage":"fr-FR","@id":"https:\/\/antderground.com\/fr\/produit\/trichorhina-tomentosa\/#primaryimage","url":"https:\/\/antderground.com\/wp-content\/uploads\/2024\/01\/Imagen-de-WhatsApp-2024-01-11-a-las-14.03.29_9c802f2d.jpg","contentUrl":"https:\/\/antderground.com\/wp-content\/uploads\/2024\/01\/Imagen-de-WhatsApp-2024-01-11-a-las-14.03.29_9c802f2d.jpg","width":1417,"height":1417,"caption":"Trichorhina tomentosa"},{"@type":"BreadcrumbList","@id":"https:\/\/antderground.com\/fr\/produit\/trichorhina-tomentosa\/#breadcrumb","itemListElement":[{"@type":"ListItem","position":1,"name":"Portada","item":"https:\/\/antderground.com\/fr\/"},{"@type":"ListItem","position":2,"name":"Boutique","item":"https:\/\/antderground.com\/fr\/boutique\/"},{"@type":"ListItem","position":3,"name":"Trichorhina tomentosa"}]},{"@type":"WebSite","@id":"https:\/\/antderground.com\/fr\/#website","url":"https:\/\/antderground.com\/fr\/","name":"ANTDERGROUND","description":"Tu tienda de hormigas, gran variedad de hormigueros acr\u00edlicos,madera,arena,3D y mas.. Pide tus hormigas gratis con tu pedido, somos expertos en hormigueros antifugas.","publisher":{"@id":"https:\/\/antderground.com\/fr\/#\/schema\/person\/0e322c505e84fe72c65e2f6d08f96b81"},"alternateName":"Antderground","potentialAction":[{"@type":"SearchAction","target":{"@type":"EntryPoint","urlTemplate":"https:\/\/antderground.com\/fr\/?s={search_term_string}"},"query-input":{"@type":"PropertyValueSpecification","valueRequired":true,"valueName":"search_term_string"}}],"inLanguage":"fr-FR"},{"@type":["Person","Organization"],"@id":"https:\/\/antderground.com\/fr\/#\/schema\/person\/0e322c505e84fe72c65e2f6d08f96b81","name":"Eric de Antderground","image":{"@type":"ImageObject","inLanguage":"fr-FR","@id":"https:\/\/secure.gravatar.com\/avatar\/c49a1b9f79216d1498cb73c1e85cd47f4465dda35f2a94c03790d491bd4423c3?s=96&d=mm&r=g","url":"https:\/\/secure.gravatar.com\/avatar\/c49a1b9f79216d1498cb73c1e85cd47f4465dda35f2a94c03790d491bd4423c3?s=96&d=mm&r=g","contentUrl":"https:\/\/secure.gravatar.com\/avatar\/c49a1b9f79216d1498cb73c1e85cd47f4465dda35f2a94c03790d491bd4423c3?s=96&d=mm&r=g","caption":"Eric de Antderground"},"logo":{"@id":"https:\/\/secure.gravatar.com\/avatar\/c49a1b9f79216d1498cb73c1e85cd47f4465dda35f2a94c03790d491bd4423c3?s=96&d=mm&r=g"},"description":"Eric es el especialista y fundador de Antderground, con una amplia trayectoria en artr\u00f3podos y enfocado en la mirmecolog\u00eda y el dise\u00f1o de hormigueros artificiales. Su enfoque combina la innovaci\u00f3n t\u00e9cnica con el respeto por la biolog\u00eda de las hormigas, is\u00f3podos y otros, desarrollando sistemas de nidos modulares 3D y acr\u00edlicos que son referentes para aficionados y profesionales en toda Europa. Su objetivo es facilitar la cr\u00eda de hormigas y otros artr\u00f3podos mediante soluciones seguras y divulgaci\u00f3n de calidad.","sameAs":["https:\/\/antderground.com\/","https:\/\/www.youtube.com\/channel\/UCio72z7TlbufkAthAJIJfPw"]}]}},"_links":{"self":[{"href":"https:\/\/antderground.com\/fr\/wp-json\/wp\/v2\/product\/32216","targetHints":{"allow":["GET"]}}],"collection":[{"href":"https:\/\/antderground.com\/fr\/wp-json\/wp\/v2\/product"}],"about":[{"href":"https:\/\/antderground.com\/fr\/wp-json\/wp\/v2\/types\/product"}],"version-history":[{"count":0,"href":"https:\/\/antderground.com\/fr\/wp-json\/wp\/v2\/product\/32216\/revisions"}],"wp:featuredmedia":[{"embeddable":true,"href":"https:\/\/antderground.com\/fr\/wp-json\/wp\/v2\/media\/32155"}],"wp:attachment":[{"href":"https:\/\/antderground.com\/fr\/wp-json\/wp\/v2\/media?parent=32216"}],"wp:term":[{"taxonomy":"product_brand","embeddable":true,"href":"https:\/\/antderground.com\/fr\/wp-json\/wp\/v2\/product_brand?post=32216"},{"taxonomy":"product_cat","embeddable":true,"href":"https:\/\/antderground.com\/fr\/wp-json\/wp\/v2\/product_cat?post=32216"},{"taxonomy":"product_tag","embeddable":true,"href":"https:\/\/antderground.com\/fr\/wp-json\/wp\/v2\/product_tag?post=32216"}],"curies":[{"name":"wp","href":"https:\/\/api.w.org\/{rel}","templated":true}]}}