{"id":33322,"date":"2024-03-26T17:12:51","date_gmt":"2024-03-26T16:12:51","guid":{"rendered":"https:\/\/www.antderground.com\/producto\/cubaris-panda-king\/"},"modified":"2025-11-07T11:46:07","modified_gmt":"2025-11-07T10:46:07","slug":"cubaris-panda-king","status":"publish","type":"product","link":"https:\/\/antderground.com\/fr\/produit\/cubaris-panda-king\/","title":{"rendered":"Cubaris panda king"},"content":{"rendered":"<p><strong>Nom scientifique:<\/strong> Cubaris panda king<br \/>\n<strong>Nom commun:<\/strong> Cubaris panda king<\/p>\n<p><strong>Classification taxonomique :<\/strong><\/p>\n<ul>\n<li>R\u00e8gne : Animalia<\/li>\n<li>Phylum : Arthropoda<\/li>\n<li>Sous-phylum : Crustacea<\/li>\n<li>Classe : Malacostraca<\/li>\n<li>Ordre : Isopoda<\/li>\n<li>Famille : Cubaridae<\/li>\n<li>Genre : Cubaris<\/li>\n<li>Esp\u00e8ce : Cubaris panda king<\/li>\n<\/ul>\n<p><strong>Distribution :<\/strong> On les trouve principalement dans les habitats tropicaux et subtropicaux, surtout dans des zones d&#8217;Asie comme la Tha\u00eflande.<\/p>\n<p><strong>Description physique :<\/strong><\/p>\n<ul>\n<li>Taille : Les Cubaris panda king ont une taille qui varie g\u00e9n\u00e9ralement entre 5 mm et 1,3 cm de longueur.<\/li>\n<li>Couleur : G\u00e9n\u00e9ralement de tons sombres, avec des motifs qui ressemblent \u00e0 un panda, d&#8217;o\u00f9 leur nom commun.<\/li>\n<li>Forme du corps : Corps ovale et aplati dorso-ventralement, avec sept paires de pattes.<\/li>\n<\/ul>\n<p><strong>Habitat :<\/strong> Ils habitent g\u00e9n\u00e9ralement dans des environnements humides et sombres, tels que sous les roches, les troncs en d\u00e9composition, la liti\u00e8re ou dans les grottes.<\/p>\n<p>R\u00e9gime alimentaire : Ce sont des d\u00e9tritivores, ce qui signifie qu&#8217;ils se nourrissent principalement de mati\u00e8re organique en d\u00e9composition, comme des feuilles mortes, du bois en d\u00e9composition et d&#8217;autres d\u00e9bris v\u00e9g\u00e9taux.<\/p>\n<p><strong>Comportement :<\/strong> Les Cubaris panda king sont connus pour \u00eatre des esp\u00e8ces sociales qui ont tendance \u00e0 se regrouper en colonies. Ils sont nocturnes et passent la plupart de leur temps cach\u00e9s pendant la journ\u00e9e.<\/p>\n<p><strong>Reproduction :<\/strong> Ils se reproduisent par parth\u00e9nogen\u00e8se, un processus par lequel les \u0153ufs se d\u00e9veloppent sans \u00eatre f\u00e9cond\u00e9s par des m\u00e2les. Les juv\u00e9niles passent par plusieurs stades de d\u00e9veloppement avant de devenir adultes.<\/p>\n<p><strong>Importance \u00e9cologique :<\/strong> Les Cubaris panda king jouent un r\u00f4le important dans la d\u00e9composition de la mati\u00e8re organique dans les \u00e9cosyst\u00e8mes, contribuant au cycle des nutriments et \u00e0 la sant\u00e9 du sol.<\/p>\n","protected":false},"excerpt":{"rendered":"<p>D\u00e9couvrez la vie fascinante en miniature avec les Cubaris Panda King : de petits gardiens de l&#8217;\u00e9quilibre \u00e9cologique pour votre terrarium. Donnez vie \u00e0 votre habitat avec ces compagnons adorables et bienfaisants !<\/p>\n","protected":false},"featured_media":33303,"template":"","meta":[],"product_brand":[],"product_cat":[417,419,718],"product_tag":[],"class_list":{"0":"post-33322","1":"product","2":"type-product","3":"status-publish","4":"has-post-thumbnail","6":"product_cat-arthropodes","7":"product_cat-isopodes","8":"product_cat-cubaris","10":"first","11":"instock","12":"shipping-taxable","13":"purchasable","14":"product-type-variable"},"yoast_head":"<!-- This site is optimized with the Yoast SEO plugin v27.4 - https:\/\/yoast.com\/product\/yoast-seo-wordpress\/ -->\n<title>Cubaris panda king | Vente d&#039;isopodes | Isopodes - ANTDERGROUND<\/title>\n<meta name=\"description\" content=\"La nouvelle vari\u00e9t\u00e9 d&#039;isopodes (Cubaris panda king) est connue pour sa couleur et pour \u00eatre l&#039;une des plus belles de la cat\u00e9gorie des isopodes (terrariums).\" \/>\n<meta name=\"robots\" content=\"index, follow, max-snippet:-1, max-image-preview:large, max-video-preview:-1\" \/>\n<link rel=\"canonical\" href=\"https:\/\/antderground.com\/fr\/produit\/cubaris-panda-king\/\" \/>\n<meta property=\"og:locale\" content=\"fr_FR\" \/>\n<meta property=\"og:type\" content=\"article\" \/>\n<meta property=\"og:title\" content=\"Cubaris panda king | Vente d&#039;isopodes | Isopodes - ANTDERGROUND\" \/>\n<meta property=\"og:description\" content=\"La nouvelle vari\u00e9t\u00e9 d&#039;isopodes (Cubaris panda king) est connue pour sa couleur et pour \u00eatre l&#039;une des plus belles de la cat\u00e9gorie des isopodes (terrariums).\" \/>\n<meta property=\"og:url\" content=\"https:\/\/antderground.com\/fr\/produit\/cubaris-panda-king\/\" \/>\n<meta property=\"og:site_name\" content=\"ANTDERGROUND\" \/>\n<meta property=\"article:modified_time\" content=\"2025-11-07T10:46:07+00:00\" \/>\n<meta property=\"og:image\" content=\"https:\/\/antderground.com\/wp-content\/uploads\/2024\/03\/Cubaris-panda-king.jpg\" \/>\n\t<meta property=\"og:image:width\" content=\"1826\" \/>\n\t<meta property=\"og:image:height\" content=\"1826\" \/>\n\t<meta property=\"og:image:type\" content=\"image\/jpeg\" \/>\n<meta name=\"twitter:card\" content=\"summary_large_image\" \/>\n<meta name=\"twitter:label1\" content=\"Dur\u00e9e de lecture estim\u00e9e\" \/>\n\t<meta name=\"twitter:data1\" content=\"1 minute\" \/>\n<script type=\"application\/ld+json\" class=\"yoast-schema-graph\">{\"@context\":\"https:\\\/\\\/schema.org\",\"@graph\":[{\"@type\":\"WebPage\",\"@id\":\"https:\\\/\\\/antderground.com\\\/fr\\\/produit\\\/cubaris-panda-king\\\/\",\"url\":\"https:\\\/\\\/antderground.com\\\/fr\\\/produit\\\/cubaris-panda-king\\\/\",\"name\":\"Cubaris panda king | Vente d'isopodes | Isopodes - ANTDERGROUND\",\"isPartOf\":{\"@id\":\"https:\\\/\\\/antderground.com\\\/fr\\\/#website\"},\"primaryImageOfPage\":{\"@id\":\"https:\\\/\\\/antderground.com\\\/fr\\\/produit\\\/cubaris-panda-king\\\/#primaryimage\"},\"image\":{\"@id\":\"https:\\\/\\\/antderground.com\\\/fr\\\/produit\\\/cubaris-panda-king\\\/#primaryimage\"},\"thumbnailUrl\":\"https:\\\/\\\/antderground.com\\\/wp-content\\\/uploads\\\/2024\\\/03\\\/Cubaris-panda-king.jpg\",\"datePublished\":\"2024-03-26T16:12:51+00:00\",\"dateModified\":\"2025-11-07T10:46:07+00:00\",\"description\":\"La nouvelle vari\u00e9t\u00e9 d'isopodes (Cubaris panda king) est connue pour sa couleur et pour \u00eatre l'une des plus belles de la cat\u00e9gorie des isopodes (terrariums).\",\"breadcrumb\":{\"@id\":\"https:\\\/\\\/antderground.com\\\/fr\\\/produit\\\/cubaris-panda-king\\\/#breadcrumb\"},\"inLanguage\":\"fr-FR\",\"potentialAction\":[{\"@type\":\"ReadAction\",\"target\":[\"https:\\\/\\\/antderground.com\\\/fr\\\/produit\\\/cubaris-panda-king\\\/\"]}]},{\"@type\":\"ImageObject\",\"inLanguage\":\"fr-FR\",\"@id\":\"https:\\\/\\\/antderground.com\\\/fr\\\/produit\\\/cubaris-panda-king\\\/#primaryimage\",\"url\":\"https:\\\/\\\/antderground.com\\\/wp-content\\\/uploads\\\/2024\\\/03\\\/Cubaris-panda-king.jpg\",\"contentUrl\":\"https:\\\/\\\/antderground.com\\\/wp-content\\\/uploads\\\/2024\\\/03\\\/Cubaris-panda-king.jpg\",\"width\":1826,\"height\":1826,\"caption\":\"Cubaris panda king\"},{\"@type\":\"BreadcrumbList\",\"@id\":\"https:\\\/\\\/antderground.com\\\/fr\\\/produit\\\/cubaris-panda-king\\\/#breadcrumb\",\"itemListElement\":[{\"@type\":\"ListItem\",\"position\":1,\"name\":\"Portada\",\"item\":\"https:\\\/\\\/antderground.com\\\/fr\\\/\"},{\"@type\":\"ListItem\",\"position\":2,\"name\":\"Boutique\",\"item\":\"https:\\\/\\\/antderground.com\\\/fr\\\/boutique\\\/\"},{\"@type\":\"ListItem\",\"position\":3,\"name\":\"Cubaris panda king\"}]},{\"@type\":\"WebSite\",\"@id\":\"https:\\\/\\\/antderground.com\\\/fr\\\/#website\",\"url\":\"https:\\\/\\\/antderground.com\\\/fr\\\/\",\"name\":\"ANTDERGROUND\",\"description\":\"Tu tienda de hormigas, gran variedad de hormigueros acr\u00edlicos,madera,arena,3D y mas.. Pide tus hormigas gratis con tu pedido, somos expertos en hormigueros antifugas.\",\"publisher\":{\"@id\":\"https:\\\/\\\/antderground.com\\\/fr\\\/#\\\/schema\\\/person\\\/0e322c505e84fe72c65e2f6d08f96b81\"},\"alternateName\":\"Antderground\",\"potentialAction\":[{\"@type\":\"SearchAction\",\"target\":{\"@type\":\"EntryPoint\",\"urlTemplate\":\"https:\\\/\\\/antderground.com\\\/fr\\\/?s={search_term_string}\"},\"query-input\":{\"@type\":\"PropertyValueSpecification\",\"valueRequired\":true,\"valueName\":\"search_term_string\"}}],\"inLanguage\":\"fr-FR\"},{\"@type\":[\"Person\",\"Organization\"],\"@id\":\"https:\\\/\\\/antderground.com\\\/fr\\\/#\\\/schema\\\/person\\\/0e322c505e84fe72c65e2f6d08f96b81\",\"name\":\"Eric de Antderground\",\"image\":{\"@type\":\"ImageObject\",\"inLanguage\":\"fr-FR\",\"@id\":\"https:\\\/\\\/secure.gravatar.com\\\/avatar\\\/c49a1b9f79216d1498cb73c1e85cd47f4465dda35f2a94c03790d491bd4423c3?s=96&d=mm&r=g\",\"url\":\"https:\\\/\\\/secure.gravatar.com\\\/avatar\\\/c49a1b9f79216d1498cb73c1e85cd47f4465dda35f2a94c03790d491bd4423c3?s=96&d=mm&r=g\",\"contentUrl\":\"https:\\\/\\\/secure.gravatar.com\\\/avatar\\\/c49a1b9f79216d1498cb73c1e85cd47f4465dda35f2a94c03790d491bd4423c3?s=96&d=mm&r=g\",\"caption\":\"Eric de Antderground\"},\"logo\":{\"@id\":\"https:\\\/\\\/secure.gravatar.com\\\/avatar\\\/c49a1b9f79216d1498cb73c1e85cd47f4465dda35f2a94c03790d491bd4423c3?s=96&d=mm&r=g\"},\"description\":\"Eric es el especialista y fundador de Antderground, con una amplia trayectoria en artr\u00f3podos y enfocado en la mirmecolog\u00eda y el dise\u00f1o de hormigueros artificiales. Su enfoque combina la innovaci\u00f3n t\u00e9cnica con el respeto por la biolog\u00eda de las hormigas, is\u00f3podos y otros, desarrollando sistemas de nidos modulares 3D y acr\u00edlicos que son referentes para aficionados y profesionales en toda Europa. Su objetivo es facilitar la cr\u00eda de hormigas y otros artr\u00f3podos mediante soluciones seguras y divulgaci\u00f3n de calidad.\",\"sameAs\":[\"https:\\\/\\\/antderground.com\\\/\",\"https:\\\/\\\/www.youtube.com\\\/channel\\\/UCio72z7TlbufkAthAJIJfPw\"]}]}<\/script>\n<!-- \/ Yoast SEO plugin. -->","yoast_head_json":{"title":"Cubaris panda king | Vente d'isopodes | Isopodes - ANTDERGROUND","description":"La nouvelle vari\u00e9t\u00e9 d'isopodes (Cubaris panda king) est connue pour sa couleur et pour \u00eatre l'une des plus belles de la cat\u00e9gorie des isopodes (terrariums).","robots":{"index":"index","follow":"follow","max-snippet":"max-snippet:-1","max-image-preview":"max-image-preview:large","max-video-preview":"max-video-preview:-1"},"canonical":"https:\/\/antderground.com\/fr\/produit\/cubaris-panda-king\/","og_locale":"fr_FR","og_type":"article","og_title":"Cubaris panda king | Vente d'isopodes | Isopodes - ANTDERGROUND","og_description":"La nouvelle vari\u00e9t\u00e9 d'isopodes (Cubaris panda king) est connue pour sa couleur et pour \u00eatre l'une des plus belles de la cat\u00e9gorie des isopodes (terrariums).","og_url":"https:\/\/antderground.com\/fr\/produit\/cubaris-panda-king\/","og_site_name":"ANTDERGROUND","article_modified_time":"2025-11-07T10:46:07+00:00","og_image":[{"width":1826,"height":1826,"url":"https:\/\/antderground.com\/wp-content\/uploads\/2024\/03\/Cubaris-panda-king.jpg","type":"image\/jpeg"}],"twitter_card":"summary_large_image","twitter_misc":{"Dur\u00e9e de lecture estim\u00e9e":"1 minute"},"schema":{"@context":"https:\/\/schema.org","@graph":[{"@type":"WebPage","@id":"https:\/\/antderground.com\/fr\/produit\/cubaris-panda-king\/","url":"https:\/\/antderground.com\/fr\/produit\/cubaris-panda-king\/","name":"Cubaris panda king | Vente d'isopodes | Isopodes - ANTDERGROUND","isPartOf":{"@id":"https:\/\/antderground.com\/fr\/#website"},"primaryImageOfPage":{"@id":"https:\/\/antderground.com\/fr\/produit\/cubaris-panda-king\/#primaryimage"},"image":{"@id":"https:\/\/antderground.com\/fr\/produit\/cubaris-panda-king\/#primaryimage"},"thumbnailUrl":"https:\/\/antderground.com\/wp-content\/uploads\/2024\/03\/Cubaris-panda-king.jpg","datePublished":"2024-03-26T16:12:51+00:00","dateModified":"2025-11-07T10:46:07+00:00","description":"La nouvelle vari\u00e9t\u00e9 d'isopodes (Cubaris panda king) est connue pour sa couleur et pour \u00eatre l'une des plus belles de la cat\u00e9gorie des isopodes (terrariums).","breadcrumb":{"@id":"https:\/\/antderground.com\/fr\/produit\/cubaris-panda-king\/#breadcrumb"},"inLanguage":"fr-FR","potentialAction":[{"@type":"ReadAction","target":["https:\/\/antderground.com\/fr\/produit\/cubaris-panda-king\/"]}]},{"@type":"ImageObject","inLanguage":"fr-FR","@id":"https:\/\/antderground.com\/fr\/produit\/cubaris-panda-king\/#primaryimage","url":"https:\/\/antderground.com\/wp-content\/uploads\/2024\/03\/Cubaris-panda-king.jpg","contentUrl":"https:\/\/antderground.com\/wp-content\/uploads\/2024\/03\/Cubaris-panda-king.jpg","width":1826,"height":1826,"caption":"Cubaris panda king"},{"@type":"BreadcrumbList","@id":"https:\/\/antderground.com\/fr\/produit\/cubaris-panda-king\/#breadcrumb","itemListElement":[{"@type":"ListItem","position":1,"name":"Portada","item":"https:\/\/antderground.com\/fr\/"},{"@type":"ListItem","position":2,"name":"Boutique","item":"https:\/\/antderground.com\/fr\/boutique\/"},{"@type":"ListItem","position":3,"name":"Cubaris panda king"}]},{"@type":"WebSite","@id":"https:\/\/antderground.com\/fr\/#website","url":"https:\/\/antderground.com\/fr\/","name":"ANTDERGROUND","description":"Tu tienda de hormigas, gran variedad de hormigueros acr\u00edlicos,madera,arena,3D y mas.. Pide tus hormigas gratis con tu pedido, somos expertos en hormigueros antifugas.","publisher":{"@id":"https:\/\/antderground.com\/fr\/#\/schema\/person\/0e322c505e84fe72c65e2f6d08f96b81"},"alternateName":"Antderground","potentialAction":[{"@type":"SearchAction","target":{"@type":"EntryPoint","urlTemplate":"https:\/\/antderground.com\/fr\/?s={search_term_string}"},"query-input":{"@type":"PropertyValueSpecification","valueRequired":true,"valueName":"search_term_string"}}],"inLanguage":"fr-FR"},{"@type":["Person","Organization"],"@id":"https:\/\/antderground.com\/fr\/#\/schema\/person\/0e322c505e84fe72c65e2f6d08f96b81","name":"Eric de Antderground","image":{"@type":"ImageObject","inLanguage":"fr-FR","@id":"https:\/\/secure.gravatar.com\/avatar\/c49a1b9f79216d1498cb73c1e85cd47f4465dda35f2a94c03790d491bd4423c3?s=96&d=mm&r=g","url":"https:\/\/secure.gravatar.com\/avatar\/c49a1b9f79216d1498cb73c1e85cd47f4465dda35f2a94c03790d491bd4423c3?s=96&d=mm&r=g","contentUrl":"https:\/\/secure.gravatar.com\/avatar\/c49a1b9f79216d1498cb73c1e85cd47f4465dda35f2a94c03790d491bd4423c3?s=96&d=mm&r=g","caption":"Eric de Antderground"},"logo":{"@id":"https:\/\/secure.gravatar.com\/avatar\/c49a1b9f79216d1498cb73c1e85cd47f4465dda35f2a94c03790d491bd4423c3?s=96&d=mm&r=g"},"description":"Eric es el especialista y fundador de Antderground, con una amplia trayectoria en artr\u00f3podos y enfocado en la mirmecolog\u00eda y el dise\u00f1o de hormigueros artificiales. Su enfoque combina la innovaci\u00f3n t\u00e9cnica con el respeto por la biolog\u00eda de las hormigas, is\u00f3podos y otros, desarrollando sistemas de nidos modulares 3D y acr\u00edlicos que son referentes para aficionados y profesionales en toda Europa. Su objetivo es facilitar la cr\u00eda de hormigas y otros artr\u00f3podos mediante soluciones seguras y divulgaci\u00f3n de calidad.","sameAs":["https:\/\/antderground.com\/","https:\/\/www.youtube.com\/channel\/UCio72z7TlbufkAthAJIJfPw"]}]}},"_links":{"self":[{"href":"https:\/\/antderground.com\/fr\/wp-json\/wp\/v2\/product\/33322","targetHints":{"allow":["GET"]}}],"collection":[{"href":"https:\/\/antderground.com\/fr\/wp-json\/wp\/v2\/product"}],"about":[{"href":"https:\/\/antderground.com\/fr\/wp-json\/wp\/v2\/types\/product"}],"version-history":[{"count":0,"href":"https:\/\/antderground.com\/fr\/wp-json\/wp\/v2\/product\/33322\/revisions"}],"wp:featuredmedia":[{"embeddable":true,"href":"https:\/\/antderground.com\/fr\/wp-json\/wp\/v2\/media\/33303"}],"wp:attachment":[{"href":"https:\/\/antderground.com\/fr\/wp-json\/wp\/v2\/media?parent=33322"}],"wp:term":[{"taxonomy":"product_brand","embeddable":true,"href":"https:\/\/antderground.com\/fr\/wp-json\/wp\/v2\/product_brand?post=33322"},{"taxonomy":"product_cat","embeddable":true,"href":"https:\/\/antderground.com\/fr\/wp-json\/wp\/v2\/product_cat?post=33322"},{"taxonomy":"product_tag","embeddable":true,"href":"https:\/\/antderground.com\/fr\/wp-json\/wp\/v2\/product_tag?post=33322"}],"curies":[{"name":"wp","href":"https:\/\/api.w.org\/{rel}","templated":true}]}}