{"id":33811,"date":"2024-04-24T11:04:31","date_gmt":"2024-04-24T09:04:31","guid":{"rendered":"https:\/\/www.antderground.com\/producto\/os-de-seiche\/"},"modified":"2024-04-24T11:04:31","modified_gmt":"2024-04-24T09:04:31","slug":"os-de-seiche","status":"publish","type":"product","link":"https:\/\/antderground.com\/fr\/produit\/os-de-seiche\/","title":{"rendered":"Os de seiche"},"content":{"rendered":"<h2><strong>La valeur de l&#8217;os de seiche pour la vie sauvage<\/strong><\/h2>\n<p>Dans la toile complexe de la nature, m\u00eame les d\u00e9tails les plus petits ont un grand impact. L&#8217;os de seiche, un r\u00e9sidu marin en apparence insignifiant, est en r\u00e9alit\u00e9 un tr\u00e9sor pour les insectes et autres petites cr\u00e9atures comme les isopodes.<\/p>\n<p>Sous terre, les isopodes d\u00e9composent la mati\u00e8re organique, un r\u00f4le vital qui n\u00e9cessite du calcium pour renforcer leur exosquelette et assurer leur reproduction. La coquille calcaire de la seiche fournit cette source cruciale de calcium.<\/p>\n<p>Mais les avantages s&#8217;\u00e9tendent \u00e0 une vari\u00e9t\u00e9 de cr\u00e9atures. Des insectes aux reptiles et aux oiseaux, tous b\u00e9n\u00e9ficient du calcium pour leur sant\u00e9 et leur reproduction. Incorporer des os de seiche dans l&#8217;alimentation de ces cr\u00e9atures favorise leur bien-\u00eatre et leur long\u00e9vit\u00e9, contribuant ainsi \u00e0 l&#8217;\u00e9quilibre \u00e9cologique.<\/p>\n<p>En r\u00e9sum\u00e9, l&#8217;os de seiche n&#8217;est pas seulement un r\u00e9sidu marin, mais une ressource pr\u00e9cieuse qui souligne l&#8217;interconnexion et la g\u00e9n\u00e9rosit\u00e9 de la nature. En valorisant et pr\u00e9servant chaque \u00e9l\u00e9ment du monde naturel, nous assurons un avenir vibrant pour toutes les formes de vie sur notre plan\u00e8te.<\/p>\n","protected":false},"excerpt":{"rendered":"<p>Maximisez la sant\u00e9 de vos animaux et favorisez la biodiversit\u00e9 ! Pleins de calcium, les os de seiche sont essentiels pour renforcer les os et les coquilles d&#8217;un large \u00e9ventail d&#8217;animaux, des insectes aux reptiles et aux oiseaux. Une ressource naturelle qui profite \u00e0 tous les habitants du r\u00e8gne animal !<\/p>\n","protected":false},"featured_media":33800,"template":"","meta":[],"product_brand":[],"product_cat":[109,682],"product_tag":[],"class_list":{"0":"post-33811","1":"product","2":"type-product","3":"status-publish","4":"has-post-thumbnail","6":"product_cat-aliments","7":"product_cat-complements-alimentaires","9":"first","10":"instock","11":"shipping-taxable","12":"purchasable","13":"product-type-variable"},"yoast_head":"<!-- This site is optimized with the Yoast SEO plugin v27.3 - https:\/\/yoast.com\/product\/yoast-seo-wordpress\/ -->\n<title>Os de seiche | Nourriture pour insectes, reptiles, oiseaux, amphibiens - ANTDERGROUND<\/title>\n<meta name=\"description\" content=\"D\u00e9couvrez l&#039;os de seiche : une source naturelle de calcium pour les insectes, les isopodes et bien plus encore. Renforcez la sant\u00e9 de votre animal et favorisez la biodiversit\u00e9 !\" \/>\n<meta name=\"robots\" content=\"index, follow, max-snippet:-1, max-image-preview:large, max-video-preview:-1\" \/>\n<link rel=\"canonical\" href=\"https:\/\/antderground.com\/fr\/produit\/os-de-seiche\/\" \/>\n<meta property=\"og:locale\" content=\"fr_FR\" \/>\n<meta property=\"og:type\" content=\"article\" \/>\n<meta property=\"og:title\" content=\"Os de seiche | Nourriture pour insectes, reptiles, oiseaux, amphibiens - ANTDERGROUND\" \/>\n<meta property=\"og:description\" content=\"D\u00e9couvrez l&#039;os de seiche : une source naturelle de calcium pour les insectes, les isopodes et bien plus encore. Renforcez la sant\u00e9 de votre animal et favorisez la biodiversit\u00e9 !\" \/>\n<meta property=\"og:url\" content=\"https:\/\/antderground.com\/fr\/produit\/os-de-seiche\/\" \/>\n<meta property=\"og:site_name\" content=\"ANTDERGROUND\" \/>\n<meta property=\"og:image\" content=\"https:\/\/antderground.com\/wp-content\/uploads\/2024\/04\/hueso-de-sepia-e1713949355930.jpg\" \/>\n\t<meta property=\"og:image:width\" content=\"1417\" \/>\n\t<meta property=\"og:image:height\" content=\"1417\" \/>\n\t<meta property=\"og:image:type\" content=\"image\/jpeg\" \/>\n<meta name=\"twitter:card\" content=\"summary_large_image\" \/>\n<meta name=\"twitter:label1\" content=\"Dur\u00e9e de lecture estim\u00e9e\" \/>\n\t<meta name=\"twitter:data1\" content=\"1 minute\" \/>\n<script type=\"application\/ld+json\" class=\"yoast-schema-graph\">{\"@context\":\"https:\\\/\\\/schema.org\",\"@graph\":[{\"@type\":\"WebPage\",\"@id\":\"https:\\\/\\\/antderground.com\\\/fr\\\/produit\\\/os-de-seiche\\\/\",\"url\":\"https:\\\/\\\/antderground.com\\\/fr\\\/produit\\\/os-de-seiche\\\/\",\"name\":\"Os de seiche | Nourriture pour insectes, reptiles, oiseaux, amphibiens - ANTDERGROUND\",\"isPartOf\":{\"@id\":\"https:\\\/\\\/antderground.com\\\/fr\\\/#website\"},\"primaryImageOfPage\":{\"@id\":\"https:\\\/\\\/antderground.com\\\/fr\\\/produit\\\/os-de-seiche\\\/#primaryimage\"},\"image\":{\"@id\":\"https:\\\/\\\/antderground.com\\\/fr\\\/produit\\\/os-de-seiche\\\/#primaryimage\"},\"thumbnailUrl\":\"https:\\\/\\\/antderground.com\\\/wp-content\\\/uploads\\\/2024\\\/04\\\/hueso-de-sepia-e1713949355930.jpg\",\"datePublished\":\"2024-04-24T09:04:31+00:00\",\"description\":\"D\u00e9couvrez l'os de seiche : une source naturelle de calcium pour les insectes, les isopodes et bien plus encore. Renforcez la sant\u00e9 de votre animal et favorisez la biodiversit\u00e9 !\",\"breadcrumb\":{\"@id\":\"https:\\\/\\\/antderground.com\\\/fr\\\/produit\\\/os-de-seiche\\\/#breadcrumb\"},\"inLanguage\":\"fr-FR\",\"potentialAction\":[{\"@type\":\"ReadAction\",\"target\":[\"https:\\\/\\\/antderground.com\\\/fr\\\/produit\\\/os-de-seiche\\\/\"]}]},{\"@type\":\"ImageObject\",\"inLanguage\":\"fr-FR\",\"@id\":\"https:\\\/\\\/antderground.com\\\/fr\\\/produit\\\/os-de-seiche\\\/#primaryimage\",\"url\":\"https:\\\/\\\/antderground.com\\\/wp-content\\\/uploads\\\/2024\\\/04\\\/hueso-de-sepia-e1713949355930.jpg\",\"contentUrl\":\"https:\\\/\\\/antderground.com\\\/wp-content\\\/uploads\\\/2024\\\/04\\\/hueso-de-sepia-e1713949355930.jpg\",\"width\":1329,\"height\":1336,\"caption\":\"Os de seiche\"},{\"@type\":\"BreadcrumbList\",\"@id\":\"https:\\\/\\\/antderground.com\\\/fr\\\/produit\\\/os-de-seiche\\\/#breadcrumb\",\"itemListElement\":[{\"@type\":\"ListItem\",\"position\":1,\"name\":\"Portada\",\"item\":\"https:\\\/\\\/antderground.com\\\/fr\\\/\"},{\"@type\":\"ListItem\",\"position\":2,\"name\":\"Boutique\",\"item\":\"https:\\\/\\\/antderground.com\\\/fr\\\/boutique\\\/\"},{\"@type\":\"ListItem\",\"position\":3,\"name\":\"Os de seiche\"}]},{\"@type\":\"WebSite\",\"@id\":\"https:\\\/\\\/antderground.com\\\/fr\\\/#website\",\"url\":\"https:\\\/\\\/antderground.com\\\/fr\\\/\",\"name\":\"ANTDERGROUND\",\"description\":\"Tu tienda de hormigas, gran variedad de hormigueros acr\u00edlicos,madera,arena,3D y mas.. Pide tus hormigas gratis con tu pedido, somos expertos en hormigueros antifugas.\",\"publisher\":{\"@id\":\"https:\\\/\\\/antderground.com\\\/fr\\\/#\\\/schema\\\/person\\\/0e322c505e84fe72c65e2f6d08f96b81\"},\"alternateName\":\"Antderground\",\"potentialAction\":[{\"@type\":\"SearchAction\",\"target\":{\"@type\":\"EntryPoint\",\"urlTemplate\":\"https:\\\/\\\/antderground.com\\\/fr\\\/?s={search_term_string}\"},\"query-input\":{\"@type\":\"PropertyValueSpecification\",\"valueRequired\":true,\"valueName\":\"search_term_string\"}}],\"inLanguage\":\"fr-FR\"},{\"@type\":[\"Person\",\"Organization\"],\"@id\":\"https:\\\/\\\/antderground.com\\\/fr\\\/#\\\/schema\\\/person\\\/0e322c505e84fe72c65e2f6d08f96b81\",\"name\":\"Eric de Antderground\",\"image\":{\"@type\":\"ImageObject\",\"inLanguage\":\"fr-FR\",\"@id\":\"https:\\\/\\\/secure.gravatar.com\\\/avatar\\\/c49a1b9f79216d1498cb73c1e85cd47f4465dda35f2a94c03790d491bd4423c3?s=96&d=mm&r=g\",\"url\":\"https:\\\/\\\/secure.gravatar.com\\\/avatar\\\/c49a1b9f79216d1498cb73c1e85cd47f4465dda35f2a94c03790d491bd4423c3?s=96&d=mm&r=g\",\"contentUrl\":\"https:\\\/\\\/secure.gravatar.com\\\/avatar\\\/c49a1b9f79216d1498cb73c1e85cd47f4465dda35f2a94c03790d491bd4423c3?s=96&d=mm&r=g\",\"caption\":\"Eric de Antderground\"},\"logo\":{\"@id\":\"https:\\\/\\\/secure.gravatar.com\\\/avatar\\\/c49a1b9f79216d1498cb73c1e85cd47f4465dda35f2a94c03790d491bd4423c3?s=96&d=mm&r=g\"},\"description\":\"Eric es el especialista y fundador de Antderground, con una amplia trayectoria en artr\u00f3podos y enfocado en la mirmecolog\u00eda y el dise\u00f1o de hormigueros artificiales. Su enfoque combina la innovaci\u00f3n t\u00e9cnica con el respeto por la biolog\u00eda de las hormigas, is\u00f3podos y otros, desarrollando sistemas de nidos modulares 3D y acr\u00edlicos que son referentes para aficionados y profesionales en toda Europa. Su objetivo es facilitar la cr\u00eda de hormigas y otros artr\u00f3podos mediante soluciones seguras y divulgaci\u00f3n de calidad.\",\"sameAs\":[\"https:\\\/\\\/antderground.com\\\/\",\"https:\\\/\\\/www.youtube.com\\\/channel\\\/UCio72z7TlbufkAthAJIJfPw\"]}]}<\/script>\n<!-- \/ Yoast SEO plugin. -->","yoast_head_json":{"title":"Os de seiche | Nourriture pour insectes, reptiles, oiseaux, amphibiens - ANTDERGROUND","description":"D\u00e9couvrez l'os de seiche : une source naturelle de calcium pour les insectes, les isopodes et bien plus encore. Renforcez la sant\u00e9 de votre animal et favorisez la biodiversit\u00e9 !","robots":{"index":"index","follow":"follow","max-snippet":"max-snippet:-1","max-image-preview":"max-image-preview:large","max-video-preview":"max-video-preview:-1"},"canonical":"https:\/\/antderground.com\/fr\/produit\/os-de-seiche\/","og_locale":"fr_FR","og_type":"article","og_title":"Os de seiche | Nourriture pour insectes, reptiles, oiseaux, amphibiens - ANTDERGROUND","og_description":"D\u00e9couvrez l'os de seiche : une source naturelle de calcium pour les insectes, les isopodes et bien plus encore. Renforcez la sant\u00e9 de votre animal et favorisez la biodiversit\u00e9 !","og_url":"https:\/\/antderground.com\/fr\/produit\/os-de-seiche\/","og_site_name":"ANTDERGROUND","og_image":[{"width":1417,"height":1417,"url":"https:\/\/antderground.com\/wp-content\/uploads\/2024\/04\/hueso-de-sepia-e1713949355930.jpg","type":"image\/jpeg"}],"twitter_card":"summary_large_image","twitter_misc":{"Dur\u00e9e de lecture estim\u00e9e":"1 minute"},"schema":{"@context":"https:\/\/schema.org","@graph":[{"@type":"WebPage","@id":"https:\/\/antderground.com\/fr\/produit\/os-de-seiche\/","url":"https:\/\/antderground.com\/fr\/produit\/os-de-seiche\/","name":"Os de seiche | Nourriture pour insectes, reptiles, oiseaux, amphibiens - ANTDERGROUND","isPartOf":{"@id":"https:\/\/antderground.com\/fr\/#website"},"primaryImageOfPage":{"@id":"https:\/\/antderground.com\/fr\/produit\/os-de-seiche\/#primaryimage"},"image":{"@id":"https:\/\/antderground.com\/fr\/produit\/os-de-seiche\/#primaryimage"},"thumbnailUrl":"https:\/\/antderground.com\/wp-content\/uploads\/2024\/04\/hueso-de-sepia-e1713949355930.jpg","datePublished":"2024-04-24T09:04:31+00:00","description":"D\u00e9couvrez l'os de seiche : une source naturelle de calcium pour les insectes, les isopodes et bien plus encore. Renforcez la sant\u00e9 de votre animal et favorisez la biodiversit\u00e9 !","breadcrumb":{"@id":"https:\/\/antderground.com\/fr\/produit\/os-de-seiche\/#breadcrumb"},"inLanguage":"fr-FR","potentialAction":[{"@type":"ReadAction","target":["https:\/\/antderground.com\/fr\/produit\/os-de-seiche\/"]}]},{"@type":"ImageObject","inLanguage":"fr-FR","@id":"https:\/\/antderground.com\/fr\/produit\/os-de-seiche\/#primaryimage","url":"https:\/\/antderground.com\/wp-content\/uploads\/2024\/04\/hueso-de-sepia-e1713949355930.jpg","contentUrl":"https:\/\/antderground.com\/wp-content\/uploads\/2024\/04\/hueso-de-sepia-e1713949355930.jpg","width":1329,"height":1336,"caption":"Os de seiche"},{"@type":"BreadcrumbList","@id":"https:\/\/antderground.com\/fr\/produit\/os-de-seiche\/#breadcrumb","itemListElement":[{"@type":"ListItem","position":1,"name":"Portada","item":"https:\/\/antderground.com\/fr\/"},{"@type":"ListItem","position":2,"name":"Boutique","item":"https:\/\/antderground.com\/fr\/boutique\/"},{"@type":"ListItem","position":3,"name":"Os de seiche"}]},{"@type":"WebSite","@id":"https:\/\/antderground.com\/fr\/#website","url":"https:\/\/antderground.com\/fr\/","name":"ANTDERGROUND","description":"Tu tienda de hormigas, gran variedad de hormigueros acr\u00edlicos,madera,arena,3D y mas.. Pide tus hormigas gratis con tu pedido, somos expertos en hormigueros antifugas.","publisher":{"@id":"https:\/\/antderground.com\/fr\/#\/schema\/person\/0e322c505e84fe72c65e2f6d08f96b81"},"alternateName":"Antderground","potentialAction":[{"@type":"SearchAction","target":{"@type":"EntryPoint","urlTemplate":"https:\/\/antderground.com\/fr\/?s={search_term_string}"},"query-input":{"@type":"PropertyValueSpecification","valueRequired":true,"valueName":"search_term_string"}}],"inLanguage":"fr-FR"},{"@type":["Person","Organization"],"@id":"https:\/\/antderground.com\/fr\/#\/schema\/person\/0e322c505e84fe72c65e2f6d08f96b81","name":"Eric de Antderground","image":{"@type":"ImageObject","inLanguage":"fr-FR","@id":"https:\/\/secure.gravatar.com\/avatar\/c49a1b9f79216d1498cb73c1e85cd47f4465dda35f2a94c03790d491bd4423c3?s=96&d=mm&r=g","url":"https:\/\/secure.gravatar.com\/avatar\/c49a1b9f79216d1498cb73c1e85cd47f4465dda35f2a94c03790d491bd4423c3?s=96&d=mm&r=g","contentUrl":"https:\/\/secure.gravatar.com\/avatar\/c49a1b9f79216d1498cb73c1e85cd47f4465dda35f2a94c03790d491bd4423c3?s=96&d=mm&r=g","caption":"Eric de Antderground"},"logo":{"@id":"https:\/\/secure.gravatar.com\/avatar\/c49a1b9f79216d1498cb73c1e85cd47f4465dda35f2a94c03790d491bd4423c3?s=96&d=mm&r=g"},"description":"Eric es el especialista y fundador de Antderground, con una amplia trayectoria en artr\u00f3podos y enfocado en la mirmecolog\u00eda y el dise\u00f1o de hormigueros artificiales. Su enfoque combina la innovaci\u00f3n t\u00e9cnica con el respeto por la biolog\u00eda de las hormigas, is\u00f3podos y otros, desarrollando sistemas de nidos modulares 3D y acr\u00edlicos que son referentes para aficionados y profesionales en toda Europa. Su objetivo es facilitar la cr\u00eda de hormigas y otros artr\u00f3podos mediante soluciones seguras y divulgaci\u00f3n de calidad.","sameAs":["https:\/\/antderground.com\/","https:\/\/www.youtube.com\/channel\/UCio72z7TlbufkAthAJIJfPw"]}]}},"_links":{"self":[{"href":"https:\/\/antderground.com\/fr\/wp-json\/wp\/v2\/product\/33811","targetHints":{"allow":["GET"]}}],"collection":[{"href":"https:\/\/antderground.com\/fr\/wp-json\/wp\/v2\/product"}],"about":[{"href":"https:\/\/antderground.com\/fr\/wp-json\/wp\/v2\/types\/product"}],"version-history":[{"count":0,"href":"https:\/\/antderground.com\/fr\/wp-json\/wp\/v2\/product\/33811\/revisions"}],"wp:featuredmedia":[{"embeddable":true,"href":"https:\/\/antderground.com\/fr\/wp-json\/wp\/v2\/media\/33800"}],"wp:attachment":[{"href":"https:\/\/antderground.com\/fr\/wp-json\/wp\/v2\/media?parent=33811"}],"wp:term":[{"taxonomy":"product_brand","embeddable":true,"href":"https:\/\/antderground.com\/fr\/wp-json\/wp\/v2\/product_brand?post=33811"},{"taxonomy":"product_cat","embeddable":true,"href":"https:\/\/antderground.com\/fr\/wp-json\/wp\/v2\/product_cat?post=33811"},{"taxonomy":"product_tag","embeddable":true,"href":"https:\/\/antderground.com\/fr\/wp-json\/wp\/v2\/product_tag?post=33811"}],"curies":[{"name":"wp","href":"https:\/\/api.w.org\/{rel}","templated":true}]}}