{"id":33976,"date":"2024-04-30T22:31:41","date_gmt":"2024-04-30T20:31:41","guid":{"rendered":"https:\/\/www.antderground.com\/producto\/caribena-versicolor\/"},"modified":"2025-08-08T16:26:42","modified_gmt":"2025-08-08T14:26:42","slug":"caribena-versicolor","status":"publish","type":"product","link":"https:\/\/antderground.com\/fr\/produit\/caribena-versicolor\/","title":{"rendered":"Caribena versicolor"},"content":{"rendered":"<h2>Fiche technique de la tarantula caribena versicolor :<\/h2>\n<p><strong>Nom scientifique :<\/strong> Caribena versicolor<br \/>\n<strong>Nom commun :<\/strong> Tarantule carib\u00e9enne versicolor, tarantule de la Martinique<\/p>\n<p><strong>Classification taxonomique :<\/strong><\/p>\n<ul>\n<li>Royaume : Animalia<\/li>\n<li>Phylum : Arthropoda<\/li>\n<li>Classe : Arachnida<\/li>\n<li>Ordre : Araneae<\/li>\n<li>Famille : Theraphosidae<\/li>\n<li>Genre : Caribena<\/li>\n<\/ul>\n<p><strong>Description :<\/strong><\/p>\n<ul>\n<li>Taille : Les tarantules carib\u00e9ennes versicolor sont relativement grandes par rapport \u00e0 d&#8217;autres esp\u00e8ces de tarantules, avec un corps pouvant atteindre 12 cm d&#8217;envergure.<\/li>\n<li>Coloration : Une des caract\u00e9ristiques les plus distinctives de cette esp\u00e8ce est sa coloration spectaculaire. Les juv\u00e9niles ont une apparence principalement bleu m\u00e9tallique, tandis que les adultes d\u00e9veloppent un motif de couleurs plus vari\u00e9 comprenant des tons de bleu, vert, jaune et rouge.<\/li>\n<li>Morphologie : Elles ont un corps robuste couvert de poils, huit yeux dispos\u00e9s en deux rang\u00e9es et des ch\u00e9lic\u00e8res (crochets) pro\u00e9minents.<\/li>\n<\/ul>\n<p><strong>Habitat et distribution :<\/strong><\/p>\n<ul>\n<li>Habitat naturel : Les tarantules carib\u00e9ennes versicolor sont des araign\u00e9es arboricoles qui pr\u00e9f\u00e8rent vivre dans les zones bois\u00e9es tropicales et subtropicales.<\/li>\n<li>Distribution g\u00e9ographique : Elles sont end\u00e9miques des Petites Antilles, notamment des \u00eeles comme la Martinique, la Dominique, la Guadeloupe et Sainte-Lucie.<\/li>\n<\/ul>\n<p><strong>Comportement et alimentation :<\/strong><\/p>\n<ul>\n<li>Comportement : Elles sont g\u00e9n\u00e9ralement calmes et peu agressives, bien qu&#8217;elles puissent adopter une attitude d\u00e9fensive si elles se sentent menac\u00e9es.<\/li>\n<li>Alimentation : Ce sont des pr\u00e9dateurs opportunistes se nourrissant principalement d&#8217;insectes et d&#8217;autres arthropodes. Elles capturent leurs proies en utilisant leur soie pour construire des toiles ou en les embusquant directement.<\/li>\n<\/ul>\n<p><strong>Reproduction :<\/strong><\/p>\n<ul>\n<li>Dimorphisme sexuel : Les m\u00e2les sont g\u00e9n\u00e9ralement plus minces et plus petits que les femelles. De plus, ils peuvent pr\u00e9senter des \u00e9pines sur leurs pattes ant\u00e9rieures, qu&#8217;ils utilisent lors de la cour et de la copulation.<\/li>\n<li>Cycle de reproduction : La reproduction des tarantules carib\u00e9ennes versicolor implique un rituel d&#8217;accouplement complexe, qui se termine souvent par la femelle d\u00e9vorant le m\u00e2le apr\u00e8s l&#8217;acte.<\/li>\n<\/ul>\n","protected":false},"excerpt":{"rendered":"<p>D\u00e9couvrez la charmante tarentule versicolor des Cara\u00efbes pour votre terrarium. Avec sa belle coloration, c\u2019est un compl\u00e9ment parfait pour tout fan d\u2019araign\u00e9es. Nous vous recommandons d&#8217;avoir une exp\u00e9rience pr\u00e9alable avec les tarentules ou les arachnides en g\u00e9n\u00e9ral. Apportez beaut\u00e9 et fascination \u00e0 votre espace avec cette esp\u00e8ce captivante.<\/p>\n","protected":false},"featured_media":33963,"template":"","meta":[],"product_brand":[],"product_cat":[417,585],"product_tag":[],"class_list":{"0":"post-33976","1":"product","2":"type-product","3":"status-publish","4":"has-post-thumbnail","6":"product_cat-arthropodes","7":"product_cat-tarentules","9":"first","10":"outofstock","11":"shipping-taxable","12":"purchasable","13":"product-type-variable"},"yoast_head":"<!-- This site is optimized with the Yoast SEO plugin v27.4 - https:\/\/yoast.com\/product\/yoast-seo-wordpress\/ -->\n<title>Caribena versicolor | Tarantule de la Martinique - ANTDERGROUND<\/title>\n<meta name=\"description\" content=\"Achetez la tarentule versicolor des Cara\u00efbes ! Id\u00e9al pour votre terrarium. Fascinant et color\u00e9, un ajout captivant \u00e0 toute collection d&#039;arachnides.\" \/>\n<meta name=\"robots\" content=\"index, follow, max-snippet:-1, max-image-preview:large, max-video-preview:-1\" \/>\n<link rel=\"canonical\" href=\"https:\/\/antderground.com\/fr\/produit\/caribena-versicolor\/\" \/>\n<meta property=\"og:locale\" content=\"fr_FR\" \/>\n<meta property=\"og:type\" content=\"article\" \/>\n<meta property=\"og:title\" content=\"Caribena versicolor | Tarantule de la Martinique - ANTDERGROUND\" \/>\n<meta property=\"og:description\" content=\"Achetez la tarentule versicolor des Cara\u00efbes ! Id\u00e9al pour votre terrarium. Fascinant et color\u00e9, un ajout captivant \u00e0 toute collection d&#039;arachnides.\" \/>\n<meta property=\"og:url\" content=\"https:\/\/antderground.com\/fr\/produit\/caribena-versicolor\/\" \/>\n<meta property=\"og:site_name\" content=\"ANTDERGROUND\" \/>\n<meta property=\"article:modified_time\" content=\"2025-08-08T14:26:42+00:00\" \/>\n<meta property=\"og:image\" content=\"https:\/\/antderground.com\/wp-content\/uploads\/2024\/04\/caribena-versicolor.jpg\" \/>\n\t<meta property=\"og:image:width\" content=\"1417\" \/>\n\t<meta property=\"og:image:height\" content=\"1417\" \/>\n\t<meta property=\"og:image:type\" content=\"image\/jpeg\" \/>\n<meta name=\"twitter:card\" content=\"summary_large_image\" \/>\n<meta name=\"twitter:label1\" content=\"Dur\u00e9e de lecture estim\u00e9e\" \/>\n\t<meta name=\"twitter:data1\" content=\"2 minutes\" \/>\n<script type=\"application\/ld+json\" class=\"yoast-schema-graph\">{\"@context\":\"https:\\\/\\\/schema.org\",\"@graph\":[{\"@type\":\"WebPage\",\"@id\":\"https:\\\/\\\/antderground.com\\\/fr\\\/produit\\\/caribena-versicolor\\\/\",\"url\":\"https:\\\/\\\/antderground.com\\\/fr\\\/produit\\\/caribena-versicolor\\\/\",\"name\":\"Caribena versicolor | Tarantule de la Martinique - ANTDERGROUND\",\"isPartOf\":{\"@id\":\"https:\\\/\\\/antderground.com\\\/fr\\\/#website\"},\"primaryImageOfPage\":{\"@id\":\"https:\\\/\\\/antderground.com\\\/fr\\\/produit\\\/caribena-versicolor\\\/#primaryimage\"},\"image\":{\"@id\":\"https:\\\/\\\/antderground.com\\\/fr\\\/produit\\\/caribena-versicolor\\\/#primaryimage\"},\"thumbnailUrl\":\"https:\\\/\\\/antderground.com\\\/wp-content\\\/uploads\\\/2024\\\/04\\\/caribena-versicolor.jpg\",\"datePublished\":\"2024-04-30T20:31:41+00:00\",\"dateModified\":\"2025-08-08T14:26:42+00:00\",\"description\":\"Achetez la tarentule versicolor des Cara\u00efbes ! Id\u00e9al pour votre terrarium. Fascinant et color\u00e9, un ajout captivant \u00e0 toute collection d'arachnides.\",\"breadcrumb\":{\"@id\":\"https:\\\/\\\/antderground.com\\\/fr\\\/produit\\\/caribena-versicolor\\\/#breadcrumb\"},\"inLanguage\":\"fr-FR\",\"potentialAction\":[{\"@type\":\"ReadAction\",\"target\":[\"https:\\\/\\\/antderground.com\\\/fr\\\/produit\\\/caribena-versicolor\\\/\"]}]},{\"@type\":\"ImageObject\",\"inLanguage\":\"fr-FR\",\"@id\":\"https:\\\/\\\/antderground.com\\\/fr\\\/produit\\\/caribena-versicolor\\\/#primaryimage\",\"url\":\"https:\\\/\\\/antderground.com\\\/wp-content\\\/uploads\\\/2024\\\/04\\\/caribena-versicolor.jpg\",\"contentUrl\":\"https:\\\/\\\/antderground.com\\\/wp-content\\\/uploads\\\/2024\\\/04\\\/caribena-versicolor.jpg\",\"width\":1417,\"height\":1417,\"caption\":\"tar\u00e1ntula de Martinica\"},{\"@type\":\"BreadcrumbList\",\"@id\":\"https:\\\/\\\/antderground.com\\\/fr\\\/produit\\\/caribena-versicolor\\\/#breadcrumb\",\"itemListElement\":[{\"@type\":\"ListItem\",\"position\":1,\"name\":\"Portada\",\"item\":\"https:\\\/\\\/antderground.com\\\/fr\\\/\"},{\"@type\":\"ListItem\",\"position\":2,\"name\":\"Boutique\",\"item\":\"https:\\\/\\\/antderground.com\\\/fr\\\/boutique\\\/\"},{\"@type\":\"ListItem\",\"position\":3,\"name\":\"Caribena versicolor\"}]},{\"@type\":\"WebSite\",\"@id\":\"https:\\\/\\\/antderground.com\\\/fr\\\/#website\",\"url\":\"https:\\\/\\\/antderground.com\\\/fr\\\/\",\"name\":\"ANTDERGROUND\",\"description\":\"Tu tienda de hormigas, gran variedad de hormigueros acr\u00edlicos,madera,arena,3D y mas.. Pide tus hormigas gratis con tu pedido, somos expertos en hormigueros antifugas.\",\"publisher\":{\"@id\":\"https:\\\/\\\/antderground.com\\\/fr\\\/#\\\/schema\\\/person\\\/0e322c505e84fe72c65e2f6d08f96b81\"},\"alternateName\":\"Antderground\",\"potentialAction\":[{\"@type\":\"SearchAction\",\"target\":{\"@type\":\"EntryPoint\",\"urlTemplate\":\"https:\\\/\\\/antderground.com\\\/fr\\\/?s={search_term_string}\"},\"query-input\":{\"@type\":\"PropertyValueSpecification\",\"valueRequired\":true,\"valueName\":\"search_term_string\"}}],\"inLanguage\":\"fr-FR\"},{\"@type\":[\"Person\",\"Organization\"],\"@id\":\"https:\\\/\\\/antderground.com\\\/fr\\\/#\\\/schema\\\/person\\\/0e322c505e84fe72c65e2f6d08f96b81\",\"name\":\"Eric de Antderground\",\"image\":{\"@type\":\"ImageObject\",\"inLanguage\":\"fr-FR\",\"@id\":\"https:\\\/\\\/secure.gravatar.com\\\/avatar\\\/c49a1b9f79216d1498cb73c1e85cd47f4465dda35f2a94c03790d491bd4423c3?s=96&d=mm&r=g\",\"url\":\"https:\\\/\\\/secure.gravatar.com\\\/avatar\\\/c49a1b9f79216d1498cb73c1e85cd47f4465dda35f2a94c03790d491bd4423c3?s=96&d=mm&r=g\",\"contentUrl\":\"https:\\\/\\\/secure.gravatar.com\\\/avatar\\\/c49a1b9f79216d1498cb73c1e85cd47f4465dda35f2a94c03790d491bd4423c3?s=96&d=mm&r=g\",\"caption\":\"Eric de Antderground\"},\"logo\":{\"@id\":\"https:\\\/\\\/secure.gravatar.com\\\/avatar\\\/c49a1b9f79216d1498cb73c1e85cd47f4465dda35f2a94c03790d491bd4423c3?s=96&d=mm&r=g\"},\"description\":\"Eric es el especialista y fundador de Antderground, con una amplia trayectoria en artr\u00f3podos y enfocado en la mirmecolog\u00eda y el dise\u00f1o de hormigueros artificiales. Su enfoque combina la innovaci\u00f3n t\u00e9cnica con el respeto por la biolog\u00eda de las hormigas, is\u00f3podos y otros, desarrollando sistemas de nidos modulares 3D y acr\u00edlicos que son referentes para aficionados y profesionales en toda Europa. Su objetivo es facilitar la cr\u00eda de hormigas y otros artr\u00f3podos mediante soluciones seguras y divulgaci\u00f3n de calidad.\",\"sameAs\":[\"https:\\\/\\\/antderground.com\\\/\",\"https:\\\/\\\/www.youtube.com\\\/channel\\\/UCio72z7TlbufkAthAJIJfPw\"]}]}<\/script>\n<!-- \/ Yoast SEO plugin. -->","yoast_head_json":{"title":"Caribena versicolor | Tarantule de la Martinique - ANTDERGROUND","description":"Achetez la tarentule versicolor des Cara\u00efbes ! Id\u00e9al pour votre terrarium. Fascinant et color\u00e9, un ajout captivant \u00e0 toute collection d'arachnides.","robots":{"index":"index","follow":"follow","max-snippet":"max-snippet:-1","max-image-preview":"max-image-preview:large","max-video-preview":"max-video-preview:-1"},"canonical":"https:\/\/antderground.com\/fr\/produit\/caribena-versicolor\/","og_locale":"fr_FR","og_type":"article","og_title":"Caribena versicolor | Tarantule de la Martinique - ANTDERGROUND","og_description":"Achetez la tarentule versicolor des Cara\u00efbes ! Id\u00e9al pour votre terrarium. Fascinant et color\u00e9, un ajout captivant \u00e0 toute collection d'arachnides.","og_url":"https:\/\/antderground.com\/fr\/produit\/caribena-versicolor\/","og_site_name":"ANTDERGROUND","article_modified_time":"2025-08-08T14:26:42+00:00","og_image":[{"width":1417,"height":1417,"url":"https:\/\/antderground.com\/wp-content\/uploads\/2024\/04\/caribena-versicolor.jpg","type":"image\/jpeg"}],"twitter_card":"summary_large_image","twitter_misc":{"Dur\u00e9e de lecture estim\u00e9e":"2 minutes"},"schema":{"@context":"https:\/\/schema.org","@graph":[{"@type":"WebPage","@id":"https:\/\/antderground.com\/fr\/produit\/caribena-versicolor\/","url":"https:\/\/antderground.com\/fr\/produit\/caribena-versicolor\/","name":"Caribena versicolor | Tarantule de la Martinique - ANTDERGROUND","isPartOf":{"@id":"https:\/\/antderground.com\/fr\/#website"},"primaryImageOfPage":{"@id":"https:\/\/antderground.com\/fr\/produit\/caribena-versicolor\/#primaryimage"},"image":{"@id":"https:\/\/antderground.com\/fr\/produit\/caribena-versicolor\/#primaryimage"},"thumbnailUrl":"https:\/\/antderground.com\/wp-content\/uploads\/2024\/04\/caribena-versicolor.jpg","datePublished":"2024-04-30T20:31:41+00:00","dateModified":"2025-08-08T14:26:42+00:00","description":"Achetez la tarentule versicolor des Cara\u00efbes ! Id\u00e9al pour votre terrarium. Fascinant et color\u00e9, un ajout captivant \u00e0 toute collection d'arachnides.","breadcrumb":{"@id":"https:\/\/antderground.com\/fr\/produit\/caribena-versicolor\/#breadcrumb"},"inLanguage":"fr-FR","potentialAction":[{"@type":"ReadAction","target":["https:\/\/antderground.com\/fr\/produit\/caribena-versicolor\/"]}]},{"@type":"ImageObject","inLanguage":"fr-FR","@id":"https:\/\/antderground.com\/fr\/produit\/caribena-versicolor\/#primaryimage","url":"https:\/\/antderground.com\/wp-content\/uploads\/2024\/04\/caribena-versicolor.jpg","contentUrl":"https:\/\/antderground.com\/wp-content\/uploads\/2024\/04\/caribena-versicolor.jpg","width":1417,"height":1417,"caption":"tar\u00e1ntula de Martinica"},{"@type":"BreadcrumbList","@id":"https:\/\/antderground.com\/fr\/produit\/caribena-versicolor\/#breadcrumb","itemListElement":[{"@type":"ListItem","position":1,"name":"Portada","item":"https:\/\/antderground.com\/fr\/"},{"@type":"ListItem","position":2,"name":"Boutique","item":"https:\/\/antderground.com\/fr\/boutique\/"},{"@type":"ListItem","position":3,"name":"Caribena versicolor"}]},{"@type":"WebSite","@id":"https:\/\/antderground.com\/fr\/#website","url":"https:\/\/antderground.com\/fr\/","name":"ANTDERGROUND","description":"Tu tienda de hormigas, gran variedad de hormigueros acr\u00edlicos,madera,arena,3D y mas.. Pide tus hormigas gratis con tu pedido, somos expertos en hormigueros antifugas.","publisher":{"@id":"https:\/\/antderground.com\/fr\/#\/schema\/person\/0e322c505e84fe72c65e2f6d08f96b81"},"alternateName":"Antderground","potentialAction":[{"@type":"SearchAction","target":{"@type":"EntryPoint","urlTemplate":"https:\/\/antderground.com\/fr\/?s={search_term_string}"},"query-input":{"@type":"PropertyValueSpecification","valueRequired":true,"valueName":"search_term_string"}}],"inLanguage":"fr-FR"},{"@type":["Person","Organization"],"@id":"https:\/\/antderground.com\/fr\/#\/schema\/person\/0e322c505e84fe72c65e2f6d08f96b81","name":"Eric de Antderground","image":{"@type":"ImageObject","inLanguage":"fr-FR","@id":"https:\/\/secure.gravatar.com\/avatar\/c49a1b9f79216d1498cb73c1e85cd47f4465dda35f2a94c03790d491bd4423c3?s=96&d=mm&r=g","url":"https:\/\/secure.gravatar.com\/avatar\/c49a1b9f79216d1498cb73c1e85cd47f4465dda35f2a94c03790d491bd4423c3?s=96&d=mm&r=g","contentUrl":"https:\/\/secure.gravatar.com\/avatar\/c49a1b9f79216d1498cb73c1e85cd47f4465dda35f2a94c03790d491bd4423c3?s=96&d=mm&r=g","caption":"Eric de Antderground"},"logo":{"@id":"https:\/\/secure.gravatar.com\/avatar\/c49a1b9f79216d1498cb73c1e85cd47f4465dda35f2a94c03790d491bd4423c3?s=96&d=mm&r=g"},"description":"Eric es el especialista y fundador de Antderground, con una amplia trayectoria en artr\u00f3podos y enfocado en la mirmecolog\u00eda y el dise\u00f1o de hormigueros artificiales. Su enfoque combina la innovaci\u00f3n t\u00e9cnica con el respeto por la biolog\u00eda de las hormigas, is\u00f3podos y otros, desarrollando sistemas de nidos modulares 3D y acr\u00edlicos que son referentes para aficionados y profesionales en toda Europa. Su objetivo es facilitar la cr\u00eda de hormigas y otros artr\u00f3podos mediante soluciones seguras y divulgaci\u00f3n de calidad.","sameAs":["https:\/\/antderground.com\/","https:\/\/www.youtube.com\/channel\/UCio72z7TlbufkAthAJIJfPw"]}]}},"_links":{"self":[{"href":"https:\/\/antderground.com\/fr\/wp-json\/wp\/v2\/product\/33976","targetHints":{"allow":["GET"]}}],"collection":[{"href":"https:\/\/antderground.com\/fr\/wp-json\/wp\/v2\/product"}],"about":[{"href":"https:\/\/antderground.com\/fr\/wp-json\/wp\/v2\/types\/product"}],"version-history":[{"count":0,"href":"https:\/\/antderground.com\/fr\/wp-json\/wp\/v2\/product\/33976\/revisions"}],"wp:featuredmedia":[{"embeddable":true,"href":"https:\/\/antderground.com\/fr\/wp-json\/wp\/v2\/media\/33963"}],"wp:attachment":[{"href":"https:\/\/antderground.com\/fr\/wp-json\/wp\/v2\/media?parent=33976"}],"wp:term":[{"taxonomy":"product_brand","embeddable":true,"href":"https:\/\/antderground.com\/fr\/wp-json\/wp\/v2\/product_brand?post=33976"},{"taxonomy":"product_cat","embeddable":true,"href":"https:\/\/antderground.com\/fr\/wp-json\/wp\/v2\/product_cat?post=33976"},{"taxonomy":"product_tag","embeddable":true,"href":"https:\/\/antderground.com\/fr\/wp-json\/wp\/v2\/product_tag?post=33976"}],"curies":[{"name":"wp","href":"https:\/\/api.w.org\/{rel}","templated":true}]}}