{"id":34275,"date":"2024-05-15T15:55:03","date_gmt":"2024-05-15T13:55:03","guid":{"rendered":"https:\/\/www.antderground.com\/producto\/myrmica-rubra\/"},"modified":"2024-05-25T17:48:46","modified_gmt":"2024-05-25T15:48:46","slug":"myrmica-rubra","status":"publish","type":"product","link":"https:\/\/antderground.com\/fr\/produit\/myrmica-rubra\/","title":{"rendered":"Myrmica rubra"},"content":{"rendered":"<h3>Fiche Technique: Myrmica rubra<\/h3>\n<p><strong>Nom Scientifique:<\/strong> Myrmica rubra<\/p>\n<p><strong>Classification Taxonomique:<\/strong><\/p>\n<ul>\n<li><strong>R\u00e8gne:<\/strong> Animalia<\/li>\n<li><strong>Embranchement:<\/strong> Arthropoda<\/li>\n<li><strong>Classe:<\/strong> Insecta<\/li>\n<li><strong>Ordre:<\/strong> Hymenoptera<\/li>\n<li><strong>Famille:<\/strong> Formicidae<\/li>\n<li><strong>Genre:<\/strong> Myrmica<\/li>\n<li><strong>Esp\u00e8ce:<\/strong> Myrmica rubra<\/li>\n<\/ul>\n<p><strong>Description:<\/strong><\/p>\n<ul>\n<li><strong>Couleur:<\/strong> Rouss\u00e2tre, avec des teintes pouvant varier du brun clair au brun fonc\u00e9.<\/li>\n<li><strong>Taille:<\/strong> Ouvri\u00e8res de 4-6 mm; reines de 5,5-7 mm.<\/li>\n<li><strong>Structure Corporelle:<\/strong> Corps segment\u00e9 en trois parties principales: t\u00eate, m\u00e9sosome et m\u00e9tasome. Elles poss\u00e8dent deux \u00e9pines dorsales sur le propodeum (partie post\u00e9rieure du m\u00e9sosome).<\/li>\n<li><strong>Antennes:<\/strong> Compos\u00e9es de 12 segments chez les ouvri\u00e8res et de 13 segments chez les m\u00e2les.<\/li>\n<\/ul>\n<p><strong>R\u00e9partition:<\/strong><\/p>\n<ul>\n<li>Originaire d&#8217;Europe et d&#8217;Asie.<\/li>\n<\/ul>\n<p><strong>Habitat:<\/strong><\/p>\n<ul>\n<li>Pr\u00e9f\u00e8re les zones humides telles que les prairies, les jardins, les for\u00eats et les bords des rivi\u00e8res et des lacs.<\/li>\n<li>Construisent des nids dans le sol, souvent sous des pierres, du bois ou des d\u00e9bris.<\/li>\n<\/ul>\n<p><strong>Comportement:<\/strong><\/p>\n<ul>\n<li><strong>R\u00e9gime Alimentaire:<\/strong> Omnivores, elles se nourrissent d&#8217;insectes, de nectar et de mati\u00e8res sucr\u00e9es.<\/li>\n<li><strong>Reproduction:<\/strong> Les colonies peuvent avoir plusieurs reines (polygynie). Les nouvelles reines et les m\u00e2les s&#8217;accouplent lors de vols nuptiaux.<\/li>\n<li><strong>Interaction Sociale:<\/strong> Hautement sociales, les ouvri\u00e8res coop\u00e8rent pour la collecte de nourriture et le soin des larves et de la reine.<\/li>\n<\/ul>\n","protected":false},"excerpt":{"rendered":"<p>D\u00e9couvrez le monde fascinant de la fourmi Myrmica rubra dans votre terrarium ou fourmili\u00e8re artificielle. Observez leur incroyable travail d\u2019\u00e9quipe et leur organisation. Une exp\u00e9rience \u00e9ducative et passionnante !<\/p>\n","protected":false},"featured_media":34246,"template":"","meta":[],"product_brand":[],"product_cat":[113,305],"product_tag":[],"class_list":{"0":"post-34275","1":"product","2":"type-product","3":"status-publish","4":"has-post-thumbnail","6":"product_cat-fourmis","7":"product_cat-fourmis-autochtones","9":"first","10":"outofstock","11":"shipping-taxable","12":"purchasable","13":"product-type-variable"},"yoast_head":"<!-- This site is optimized with the Yoast SEO plugin v27.4 - https:\/\/yoast.com\/product\/yoast-seo-wordpress\/ -->\n<title>Myrmica rubra | Fourmis | Formicidae - ANTDERGROUND<\/title>\n<meta name=\"description\" content=\"D\u00e9couvrez la nouvelle vari\u00e9t\u00e9 de fourmi Myrmica rubra. D\u00e9couvrez le monde de la myrm\u00e9cologie avec les reines et les ouvri\u00e8res.\" \/>\n<meta name=\"robots\" content=\"index, follow, max-snippet:-1, max-image-preview:large, max-video-preview:-1\" \/>\n<link rel=\"canonical\" href=\"https:\/\/antderground.com\/fr\/produit\/myrmica-rubra\/\" \/>\n<meta property=\"og:locale\" content=\"fr_FR\" \/>\n<meta property=\"og:type\" content=\"article\" \/>\n<meta property=\"og:title\" content=\"Myrmica rubra | Fourmis | Formicidae - ANTDERGROUND\" \/>\n<meta property=\"og:description\" content=\"D\u00e9couvrez la nouvelle vari\u00e9t\u00e9 de fourmi Myrmica rubra. D\u00e9couvrez le monde de la myrm\u00e9cologie avec les reines et les ouvri\u00e8res.\" \/>\n<meta property=\"og:url\" content=\"https:\/\/antderground.com\/fr\/produit\/myrmica-rubra\/\" \/>\n<meta property=\"og:site_name\" content=\"ANTDERGROUND\" \/>\n<meta property=\"article:modified_time\" content=\"2024-05-25T15:48:46+00:00\" \/>\n<meta property=\"og:image\" content=\"https:\/\/antderground.com\/wp-content\/uploads\/2024\/05\/Myrmica-rubra.jpg\" \/>\n\t<meta property=\"og:image:width\" content=\"1417\" \/>\n\t<meta property=\"og:image:height\" content=\"1417\" \/>\n\t<meta property=\"og:image:type\" content=\"image\/jpeg\" \/>\n<meta name=\"twitter:card\" content=\"summary_large_image\" \/>\n<meta name=\"twitter:label1\" content=\"Dur\u00e9e de lecture estim\u00e9e\" \/>\n\t<meta name=\"twitter:data1\" content=\"1 minute\" \/>\n<script type=\"application\/ld+json\" class=\"yoast-schema-graph\">{\"@context\":\"https:\\\/\\\/schema.org\",\"@graph\":[{\"@type\":\"WebPage\",\"@id\":\"https:\\\/\\\/antderground.com\\\/fr\\\/produit\\\/myrmica-rubra\\\/\",\"url\":\"https:\\\/\\\/antderground.com\\\/fr\\\/produit\\\/myrmica-rubra\\\/\",\"name\":\"Myrmica rubra | Fourmis | Formicidae - ANTDERGROUND\",\"isPartOf\":{\"@id\":\"https:\\\/\\\/antderground.com\\\/fr\\\/#website\"},\"primaryImageOfPage\":{\"@id\":\"https:\\\/\\\/antderground.com\\\/fr\\\/produit\\\/myrmica-rubra\\\/#primaryimage\"},\"image\":{\"@id\":\"https:\\\/\\\/antderground.com\\\/fr\\\/produit\\\/myrmica-rubra\\\/#primaryimage\"},\"thumbnailUrl\":\"https:\\\/\\\/antderground.com\\\/wp-content\\\/uploads\\\/2024\\\/05\\\/Myrmica-rubra.jpg\",\"datePublished\":\"2024-05-15T13:55:03+00:00\",\"dateModified\":\"2024-05-25T15:48:46+00:00\",\"description\":\"D\u00e9couvrez la nouvelle vari\u00e9t\u00e9 de fourmi Myrmica rubra. D\u00e9couvrez le monde de la myrm\u00e9cologie avec les reines et les ouvri\u00e8res.\",\"breadcrumb\":{\"@id\":\"https:\\\/\\\/antderground.com\\\/fr\\\/produit\\\/myrmica-rubra\\\/#breadcrumb\"},\"inLanguage\":\"fr-FR\",\"potentialAction\":[{\"@type\":\"ReadAction\",\"target\":[\"https:\\\/\\\/antderground.com\\\/fr\\\/produit\\\/myrmica-rubra\\\/\"]}]},{\"@type\":\"ImageObject\",\"inLanguage\":\"fr-FR\",\"@id\":\"https:\\\/\\\/antderground.com\\\/fr\\\/produit\\\/myrmica-rubra\\\/#primaryimage\",\"url\":\"https:\\\/\\\/antderground.com\\\/wp-content\\\/uploads\\\/2024\\\/05\\\/Myrmica-rubra.jpg\",\"contentUrl\":\"https:\\\/\\\/antderground.com\\\/wp-content\\\/uploads\\\/2024\\\/05\\\/Myrmica-rubra.jpg\",\"width\":1417,\"height\":1417,\"caption\":\"Myrmica rubra\"},{\"@type\":\"BreadcrumbList\",\"@id\":\"https:\\\/\\\/antderground.com\\\/fr\\\/produit\\\/myrmica-rubra\\\/#breadcrumb\",\"itemListElement\":[{\"@type\":\"ListItem\",\"position\":1,\"name\":\"Portada\",\"item\":\"https:\\\/\\\/antderground.com\\\/fr\\\/\"},{\"@type\":\"ListItem\",\"position\":2,\"name\":\"Boutique\",\"item\":\"https:\\\/\\\/antderground.com\\\/fr\\\/boutique\\\/\"},{\"@type\":\"ListItem\",\"position\":3,\"name\":\"Myrmica rubra\"}]},{\"@type\":\"WebSite\",\"@id\":\"https:\\\/\\\/antderground.com\\\/fr\\\/#website\",\"url\":\"https:\\\/\\\/antderground.com\\\/fr\\\/\",\"name\":\"ANTDERGROUND\",\"description\":\"Tu tienda de hormigas, gran variedad de hormigueros acr\u00edlicos,madera,arena,3D y mas.. Pide tus hormigas gratis con tu pedido, somos expertos en hormigueros antifugas.\",\"publisher\":{\"@id\":\"https:\\\/\\\/antderground.com\\\/fr\\\/#\\\/schema\\\/person\\\/0e322c505e84fe72c65e2f6d08f96b81\"},\"alternateName\":\"Antderground\",\"potentialAction\":[{\"@type\":\"SearchAction\",\"target\":{\"@type\":\"EntryPoint\",\"urlTemplate\":\"https:\\\/\\\/antderground.com\\\/fr\\\/?s={search_term_string}\"},\"query-input\":{\"@type\":\"PropertyValueSpecification\",\"valueRequired\":true,\"valueName\":\"search_term_string\"}}],\"inLanguage\":\"fr-FR\"},{\"@type\":[\"Person\",\"Organization\"],\"@id\":\"https:\\\/\\\/antderground.com\\\/fr\\\/#\\\/schema\\\/person\\\/0e322c505e84fe72c65e2f6d08f96b81\",\"name\":\"Eric de Antderground\",\"image\":{\"@type\":\"ImageObject\",\"inLanguage\":\"fr-FR\",\"@id\":\"https:\\\/\\\/secure.gravatar.com\\\/avatar\\\/c49a1b9f79216d1498cb73c1e85cd47f4465dda35f2a94c03790d491bd4423c3?s=96&d=mm&r=g\",\"url\":\"https:\\\/\\\/secure.gravatar.com\\\/avatar\\\/c49a1b9f79216d1498cb73c1e85cd47f4465dda35f2a94c03790d491bd4423c3?s=96&d=mm&r=g\",\"contentUrl\":\"https:\\\/\\\/secure.gravatar.com\\\/avatar\\\/c49a1b9f79216d1498cb73c1e85cd47f4465dda35f2a94c03790d491bd4423c3?s=96&d=mm&r=g\",\"caption\":\"Eric de Antderground\"},\"logo\":{\"@id\":\"https:\\\/\\\/secure.gravatar.com\\\/avatar\\\/c49a1b9f79216d1498cb73c1e85cd47f4465dda35f2a94c03790d491bd4423c3?s=96&d=mm&r=g\"},\"description\":\"Eric es el especialista y fundador de Antderground, con una amplia trayectoria en artr\u00f3podos y enfocado en la mirmecolog\u00eda y el dise\u00f1o de hormigueros artificiales. Su enfoque combina la innovaci\u00f3n t\u00e9cnica con el respeto por la biolog\u00eda de las hormigas, is\u00f3podos y otros, desarrollando sistemas de nidos modulares 3D y acr\u00edlicos que son referentes para aficionados y profesionales en toda Europa. Su objetivo es facilitar la cr\u00eda de hormigas y otros artr\u00f3podos mediante soluciones seguras y divulgaci\u00f3n de calidad.\",\"sameAs\":[\"https:\\\/\\\/antderground.com\\\/\",\"https:\\\/\\\/www.youtube.com\\\/channel\\\/UCio72z7TlbufkAthAJIJfPw\"]}]}<\/script>\n<!-- \/ Yoast SEO plugin. -->","yoast_head_json":{"title":"Myrmica rubra | Fourmis | Formicidae - ANTDERGROUND","description":"D\u00e9couvrez la nouvelle vari\u00e9t\u00e9 de fourmi Myrmica rubra. D\u00e9couvrez le monde de la myrm\u00e9cologie avec les reines et les ouvri\u00e8res.","robots":{"index":"index","follow":"follow","max-snippet":"max-snippet:-1","max-image-preview":"max-image-preview:large","max-video-preview":"max-video-preview:-1"},"canonical":"https:\/\/antderground.com\/fr\/produit\/myrmica-rubra\/","og_locale":"fr_FR","og_type":"article","og_title":"Myrmica rubra | Fourmis | Formicidae - ANTDERGROUND","og_description":"D\u00e9couvrez la nouvelle vari\u00e9t\u00e9 de fourmi Myrmica rubra. D\u00e9couvrez le monde de la myrm\u00e9cologie avec les reines et les ouvri\u00e8res.","og_url":"https:\/\/antderground.com\/fr\/produit\/myrmica-rubra\/","og_site_name":"ANTDERGROUND","article_modified_time":"2024-05-25T15:48:46+00:00","og_image":[{"width":1417,"height":1417,"url":"https:\/\/antderground.com\/wp-content\/uploads\/2024\/05\/Myrmica-rubra.jpg","type":"image\/jpeg"}],"twitter_card":"summary_large_image","twitter_misc":{"Dur\u00e9e de lecture estim\u00e9e":"1 minute"},"schema":{"@context":"https:\/\/schema.org","@graph":[{"@type":"WebPage","@id":"https:\/\/antderground.com\/fr\/produit\/myrmica-rubra\/","url":"https:\/\/antderground.com\/fr\/produit\/myrmica-rubra\/","name":"Myrmica rubra | Fourmis | Formicidae - ANTDERGROUND","isPartOf":{"@id":"https:\/\/antderground.com\/fr\/#website"},"primaryImageOfPage":{"@id":"https:\/\/antderground.com\/fr\/produit\/myrmica-rubra\/#primaryimage"},"image":{"@id":"https:\/\/antderground.com\/fr\/produit\/myrmica-rubra\/#primaryimage"},"thumbnailUrl":"https:\/\/antderground.com\/wp-content\/uploads\/2024\/05\/Myrmica-rubra.jpg","datePublished":"2024-05-15T13:55:03+00:00","dateModified":"2024-05-25T15:48:46+00:00","description":"D\u00e9couvrez la nouvelle vari\u00e9t\u00e9 de fourmi Myrmica rubra. D\u00e9couvrez le monde de la myrm\u00e9cologie avec les reines et les ouvri\u00e8res.","breadcrumb":{"@id":"https:\/\/antderground.com\/fr\/produit\/myrmica-rubra\/#breadcrumb"},"inLanguage":"fr-FR","potentialAction":[{"@type":"ReadAction","target":["https:\/\/antderground.com\/fr\/produit\/myrmica-rubra\/"]}]},{"@type":"ImageObject","inLanguage":"fr-FR","@id":"https:\/\/antderground.com\/fr\/produit\/myrmica-rubra\/#primaryimage","url":"https:\/\/antderground.com\/wp-content\/uploads\/2024\/05\/Myrmica-rubra.jpg","contentUrl":"https:\/\/antderground.com\/wp-content\/uploads\/2024\/05\/Myrmica-rubra.jpg","width":1417,"height":1417,"caption":"Myrmica rubra"},{"@type":"BreadcrumbList","@id":"https:\/\/antderground.com\/fr\/produit\/myrmica-rubra\/#breadcrumb","itemListElement":[{"@type":"ListItem","position":1,"name":"Portada","item":"https:\/\/antderground.com\/fr\/"},{"@type":"ListItem","position":2,"name":"Boutique","item":"https:\/\/antderground.com\/fr\/boutique\/"},{"@type":"ListItem","position":3,"name":"Myrmica rubra"}]},{"@type":"WebSite","@id":"https:\/\/antderground.com\/fr\/#website","url":"https:\/\/antderground.com\/fr\/","name":"ANTDERGROUND","description":"Tu tienda de hormigas, gran variedad de hormigueros acr\u00edlicos,madera,arena,3D y mas.. Pide tus hormigas gratis con tu pedido, somos expertos en hormigueros antifugas.","publisher":{"@id":"https:\/\/antderground.com\/fr\/#\/schema\/person\/0e322c505e84fe72c65e2f6d08f96b81"},"alternateName":"Antderground","potentialAction":[{"@type":"SearchAction","target":{"@type":"EntryPoint","urlTemplate":"https:\/\/antderground.com\/fr\/?s={search_term_string}"},"query-input":{"@type":"PropertyValueSpecification","valueRequired":true,"valueName":"search_term_string"}}],"inLanguage":"fr-FR"},{"@type":["Person","Organization"],"@id":"https:\/\/antderground.com\/fr\/#\/schema\/person\/0e322c505e84fe72c65e2f6d08f96b81","name":"Eric de Antderground","image":{"@type":"ImageObject","inLanguage":"fr-FR","@id":"https:\/\/secure.gravatar.com\/avatar\/c49a1b9f79216d1498cb73c1e85cd47f4465dda35f2a94c03790d491bd4423c3?s=96&d=mm&r=g","url":"https:\/\/secure.gravatar.com\/avatar\/c49a1b9f79216d1498cb73c1e85cd47f4465dda35f2a94c03790d491bd4423c3?s=96&d=mm&r=g","contentUrl":"https:\/\/secure.gravatar.com\/avatar\/c49a1b9f79216d1498cb73c1e85cd47f4465dda35f2a94c03790d491bd4423c3?s=96&d=mm&r=g","caption":"Eric de Antderground"},"logo":{"@id":"https:\/\/secure.gravatar.com\/avatar\/c49a1b9f79216d1498cb73c1e85cd47f4465dda35f2a94c03790d491bd4423c3?s=96&d=mm&r=g"},"description":"Eric es el especialista y fundador de Antderground, con una amplia trayectoria en artr\u00f3podos y enfocado en la mirmecolog\u00eda y el dise\u00f1o de hormigueros artificiales. Su enfoque combina la innovaci\u00f3n t\u00e9cnica con el respeto por la biolog\u00eda de las hormigas, is\u00f3podos y otros, desarrollando sistemas de nidos modulares 3D y acr\u00edlicos que son referentes para aficionados y profesionales en toda Europa. Su objetivo es facilitar la cr\u00eda de hormigas y otros artr\u00f3podos mediante soluciones seguras y divulgaci\u00f3n de calidad.","sameAs":["https:\/\/antderground.com\/","https:\/\/www.youtube.com\/channel\/UCio72z7TlbufkAthAJIJfPw"]}]}},"_links":{"self":[{"href":"https:\/\/antderground.com\/fr\/wp-json\/wp\/v2\/product\/34275","targetHints":{"allow":["GET"]}}],"collection":[{"href":"https:\/\/antderground.com\/fr\/wp-json\/wp\/v2\/product"}],"about":[{"href":"https:\/\/antderground.com\/fr\/wp-json\/wp\/v2\/types\/product"}],"version-history":[{"count":0,"href":"https:\/\/antderground.com\/fr\/wp-json\/wp\/v2\/product\/34275\/revisions"}],"wp:featuredmedia":[{"embeddable":true,"href":"https:\/\/antderground.com\/fr\/wp-json\/wp\/v2\/media\/34246"}],"wp:attachment":[{"href":"https:\/\/antderground.com\/fr\/wp-json\/wp\/v2\/media?parent=34275"}],"wp:term":[{"taxonomy":"product_brand","embeddable":true,"href":"https:\/\/antderground.com\/fr\/wp-json\/wp\/v2\/product_brand?post=34275"},{"taxonomy":"product_cat","embeddable":true,"href":"https:\/\/antderground.com\/fr\/wp-json\/wp\/v2\/product_cat?post=34275"},{"taxonomy":"product_tag","embeddable":true,"href":"https:\/\/antderground.com\/fr\/wp-json\/wp\/v2\/product_tag?post=34275"}],"curies":[{"name":"wp","href":"https:\/\/api.w.org\/{rel}","templated":true}]}}