{"id":34834,"date":"2019-08-02T22:42:23","date_gmt":"2019-08-02T20:42:23","guid":{"rendered":"https:\/\/www.antderground.com\/producto\/pheidole-pallidula\/"},"modified":"2025-07-07T22:58:08","modified_gmt":"2025-07-07T20:58:08","slug":"pheidole-pallidula","status":"publish","type":"product","link":"https:\/\/antderground.com\/fr\/produit\/pheidole-pallidula\/","title":{"rendered":"Pheidole pallidula"},"content":{"rendered":"<p><strong>Nom scientifique :<\/strong> Pheidole pallidula<\/p>\n<p><strong>Classe :<\/strong> Insecta<br \/>\n<strong>Ordre :<\/strong> Hymenoptera<br \/>\n<strong>Famille :<\/strong> Formicidae<br \/>\n<strong>Genre :<\/strong> Pheidole<br \/>\n<strong>Esp\u00e8ce :<\/strong> pallidula<\/p>\n<p><strong>Caract\u00e9ristiques morphologiques :<\/strong><\/p>\n<ul>\n<li><strong>Taille :<\/strong> Les ouvri\u00e8res mesurent environ 2 \u00e0 4 mm, tandis que les reines peuvent atteindre jusqu&#8217;\u00e0 7 mm.<\/li>\n<li><strong>Couleur :<\/strong> Les ouvri\u00e8res sont de couleur brun fonc\u00e9 \u00e0 noir, avec l&#8217;abdomen plus clair, tandis que les reines peuvent avoir des teintes plus claires.<\/li>\n<li><strong>Corps :<\/strong> Elles ont une t\u00eate proportionnellement grande par rapport au corps, avec un thorax et un abdomen bien diff\u00e9renci\u00e9s.<\/li>\n<li><strong>Antennes :<\/strong> Le nombre de segments des antennes varie selon le type de caste, mais elles ont g\u00e9n\u00e9ralement 12 segments.<\/li>\n<li><strong>Yeux :<\/strong> Elles poss\u00e8dent des yeux compos\u00e9s relativement grands.<\/li>\n<\/ul>\n<p><strong>Cycle de vie :<\/strong><\/p>\n<ul>\n<li>La colonie est compos\u00e9e d&#8217;une ou plusieurs reines, d&#8217;ouvri\u00e8res et de larves.<\/li>\n<li>La reine est la seule femelle fertile de la colonie et est responsable de la ponte des \u0153ufs.<\/li>\n<li>Les larves passent par diff\u00e9rents stades avant de devenir des ouvri\u00e8res adultes.<\/li>\n<li>Les ouvri\u00e8res s&#8217;occupent de chercher de la nourriture, de soigner les larves et de d\u00e9fendre la colonie.<\/li>\n<\/ul>\n<p><strong>Habitat et distribution :<\/strong><\/p>\n<ul>\n<li>La fourmi <strong>Pheidole pallidula<\/strong> est originaire des r\u00e9gions m\u00e9diterran\u00e9ennes et se trouve couramment en Europe.<\/li>\n<li>Elle pr\u00e9f\u00e8re les habitats chauds et secs, tels que les champs agricoles, les jardins, les for\u00eats et les zones urbaines.<\/li>\n<li>Elle peut construire ses nids sous terre, dans des troncs pourris ou dans de la mati\u00e8re v\u00e9g\u00e9tale en d\u00e9composition.<\/li>\n<\/ul>\n<p><strong>Comportement :<\/strong><\/p>\n<ul>\n<li>C&#8217;est une esp\u00e8ce omnivore, se nourrissant de diverses sources, y compris d&#8217;insectes, de nectar, de graines et de mati\u00e8re organique en d\u00e9composition.<\/li>\n<li>Toutes les fourmis que nous proposons sont soumises \u00e0 une quarantaine pendant un certain temps pour garantir leur bon \u00e9tat. C&#8217;est pourquoi nous offrons une garantie lorsque vous d\u00e9cidez d&#8217;acqu\u00e9rir l&#8217;une des esp\u00e8ces que nous proposons chez Antderground.<\/li>\n<\/ul>\n","protected":false},"excerpt":{"rendered":"<p>D\u00e9couvrez le pouvoir de la fourmi Pheidole pallidula : puissante et travaille sans rel\u00e2che pour atteindre de grands objectifs. Int\u00e9grez-le \u00e0 votre nid d\u00e8s aujourd&#8217;hui\u00a0! \ud83d\udc1c\ud83d\udcaa<\/p>\n","protected":false},"featured_media":29429,"template":"","meta":[],"product_brand":[],"product_cat":[113,305],"product_tag":[],"class_list":{"0":"post-34834","1":"product","2":"type-product","3":"status-publish","4":"has-post-thumbnail","6":"product_cat-fourmis","7":"product_cat-fourmis-autochtones","9":"first","10":"instock","11":"shipping-taxable","12":"purchasable","13":"product-type-variable"},"yoast_head":"<!-- This site is optimized with the Yoast SEO plugin v27.3 - https:\/\/yoast.com\/product\/yoast-seo-wordpress\/ -->\n<title>Pheidole pallidula | Boutique de fourmis - ANTDERGROUND<\/title>\n<meta name=\"description\" content=\"Fourmi europ\u00e9enne Pheidole pallidula, d\u00e9couvrez ses caract\u00e9ristiques et son mode de vie \u00e0 l&#039;int\u00e9rieur d&#039;une fourmili\u00e8re artificielle. Explorez le monde myrm\u00e9cologique\" \/>\n<meta name=\"robots\" content=\"index, follow, max-snippet:-1, max-image-preview:large, max-video-preview:-1\" \/>\n<link rel=\"canonical\" href=\"https:\/\/antderground.com\/fr\/produit\/pheidole-pallidula\/\" \/>\n<meta property=\"og:locale\" content=\"fr_FR\" \/>\n<meta property=\"og:type\" content=\"article\" \/>\n<meta property=\"og:title\" content=\"Pheidole pallidula | Boutique de fourmis - ANTDERGROUND\" \/>\n<meta property=\"og:description\" content=\"Fourmi europ\u00e9enne Pheidole pallidula, d\u00e9couvrez ses caract\u00e9ristiques et son mode de vie \u00e0 l&#039;int\u00e9rieur d&#039;une fourmili\u00e8re artificielle. Explorez le monde myrm\u00e9cologique\" \/>\n<meta property=\"og:url\" content=\"https:\/\/antderground.com\/fr\/produit\/pheidole-pallidula\/\" \/>\n<meta property=\"og:site_name\" content=\"ANTDERGROUND\" \/>\n<meta property=\"article:modified_time\" content=\"2025-07-07T20:58:08+00:00\" \/>\n<meta property=\"og:image\" content=\"https:\/\/antderground.com\/wp-content\/uploads\/2019\/08\/PHEIDOLE-PALLIDULA.jpg\" \/>\n\t<meta property=\"og:image:width\" content=\"1417\" \/>\n\t<meta property=\"og:image:height\" content=\"1417\" \/>\n\t<meta property=\"og:image:type\" content=\"image\/jpeg\" \/>\n<meta name=\"twitter:card\" content=\"summary_large_image\" \/>\n<meta name=\"twitter:label1\" content=\"Dur\u00e9e de lecture estim\u00e9e\" \/>\n\t<meta name=\"twitter:data1\" content=\"2 minutes\" \/>\n<script type=\"application\/ld+json\" class=\"yoast-schema-graph\">{\"@context\":\"https:\\\/\\\/schema.org\",\"@graph\":[{\"@type\":\"WebPage\",\"@id\":\"https:\\\/\\\/antderground.com\\\/fr\\\/produit\\\/pheidole-pallidula\\\/\",\"url\":\"https:\\\/\\\/antderground.com\\\/fr\\\/produit\\\/pheidole-pallidula\\\/\",\"name\":\"Pheidole pallidula | Boutique de fourmis - ANTDERGROUND\",\"isPartOf\":{\"@id\":\"https:\\\/\\\/antderground.com\\\/fr\\\/#website\"},\"primaryImageOfPage\":{\"@id\":\"https:\\\/\\\/antderground.com\\\/fr\\\/produit\\\/pheidole-pallidula\\\/#primaryimage\"},\"image\":{\"@id\":\"https:\\\/\\\/antderground.com\\\/fr\\\/produit\\\/pheidole-pallidula\\\/#primaryimage\"},\"thumbnailUrl\":\"https:\\\/\\\/antderground.com\\\/wp-content\\\/uploads\\\/2019\\\/08\\\/PHEIDOLE-PALLIDULA.jpg\",\"datePublished\":\"2019-08-02T20:42:23+00:00\",\"dateModified\":\"2025-07-07T20:58:08+00:00\",\"description\":\"Fourmi europ\u00e9enne Pheidole pallidula, d\u00e9couvrez ses caract\u00e9ristiques et son mode de vie \u00e0 l'int\u00e9rieur d'une fourmili\u00e8re artificielle. Explorez le monde myrm\u00e9cologique\",\"breadcrumb\":{\"@id\":\"https:\\\/\\\/antderground.com\\\/fr\\\/produit\\\/pheidole-pallidula\\\/#breadcrumb\"},\"inLanguage\":\"fr-FR\",\"potentialAction\":[{\"@type\":\"ReadAction\",\"target\":[\"https:\\\/\\\/antderground.com\\\/fr\\\/produit\\\/pheidole-pallidula\\\/\"]}]},{\"@type\":\"ImageObject\",\"inLanguage\":\"fr-FR\",\"@id\":\"https:\\\/\\\/antderground.com\\\/fr\\\/produit\\\/pheidole-pallidula\\\/#primaryimage\",\"url\":\"https:\\\/\\\/antderground.com\\\/wp-content\\\/uploads\\\/2019\\\/08\\\/PHEIDOLE-PALLIDULA.jpg\",\"contentUrl\":\"https:\\\/\\\/antderground.com\\\/wp-content\\\/uploads\\\/2019\\\/08\\\/PHEIDOLE-PALLIDULA.jpg\",\"width\":1417,\"height\":1417,\"caption\":\"PHEIDOLE PALLIDULA\"},{\"@type\":\"BreadcrumbList\",\"@id\":\"https:\\\/\\\/antderground.com\\\/fr\\\/produit\\\/pheidole-pallidula\\\/#breadcrumb\",\"itemListElement\":[{\"@type\":\"ListItem\",\"position\":1,\"name\":\"Portada\",\"item\":\"https:\\\/\\\/antderground.com\\\/fr\\\/\"},{\"@type\":\"ListItem\",\"position\":2,\"name\":\"Boutique\",\"item\":\"https:\\\/\\\/antderground.com\\\/fr\\\/boutique\\\/\"},{\"@type\":\"ListItem\",\"position\":3,\"name\":\"Pheidole pallidula\"}]},{\"@type\":\"WebSite\",\"@id\":\"https:\\\/\\\/antderground.com\\\/fr\\\/#website\",\"url\":\"https:\\\/\\\/antderground.com\\\/fr\\\/\",\"name\":\"ANTDERGROUND\",\"description\":\"Tu tienda de hormigas, gran variedad de hormigueros acr\u00edlicos,madera,arena,3D y mas.. Pide tus hormigas gratis con tu pedido, somos expertos en hormigueros antifugas.\",\"publisher\":{\"@id\":\"https:\\\/\\\/antderground.com\\\/fr\\\/#\\\/schema\\\/person\\\/0e322c505e84fe72c65e2f6d08f96b81\"},\"alternateName\":\"Antderground\",\"potentialAction\":[{\"@type\":\"SearchAction\",\"target\":{\"@type\":\"EntryPoint\",\"urlTemplate\":\"https:\\\/\\\/antderground.com\\\/fr\\\/?s={search_term_string}\"},\"query-input\":{\"@type\":\"PropertyValueSpecification\",\"valueRequired\":true,\"valueName\":\"search_term_string\"}}],\"inLanguage\":\"fr-FR\"},{\"@type\":[\"Person\",\"Organization\"],\"@id\":\"https:\\\/\\\/antderground.com\\\/fr\\\/#\\\/schema\\\/person\\\/0e322c505e84fe72c65e2f6d08f96b81\",\"name\":\"Eric de Antderground\",\"image\":{\"@type\":\"ImageObject\",\"inLanguage\":\"fr-FR\",\"@id\":\"https:\\\/\\\/secure.gravatar.com\\\/avatar\\\/c49a1b9f79216d1498cb73c1e85cd47f4465dda35f2a94c03790d491bd4423c3?s=96&d=mm&r=g\",\"url\":\"https:\\\/\\\/secure.gravatar.com\\\/avatar\\\/c49a1b9f79216d1498cb73c1e85cd47f4465dda35f2a94c03790d491bd4423c3?s=96&d=mm&r=g\",\"contentUrl\":\"https:\\\/\\\/secure.gravatar.com\\\/avatar\\\/c49a1b9f79216d1498cb73c1e85cd47f4465dda35f2a94c03790d491bd4423c3?s=96&d=mm&r=g\",\"caption\":\"Eric de Antderground\"},\"logo\":{\"@id\":\"https:\\\/\\\/secure.gravatar.com\\\/avatar\\\/c49a1b9f79216d1498cb73c1e85cd47f4465dda35f2a94c03790d491bd4423c3?s=96&d=mm&r=g\"},\"description\":\"Eric es el especialista y fundador de Antderground, con una amplia trayectoria en artr\u00f3podos y enfocado en la mirmecolog\u00eda y el dise\u00f1o de hormigueros artificiales. Su enfoque combina la innovaci\u00f3n t\u00e9cnica con el respeto por la biolog\u00eda de las hormigas, is\u00f3podos y otros, desarrollando sistemas de nidos modulares 3D y acr\u00edlicos que son referentes para aficionados y profesionales en toda Europa. Su objetivo es facilitar la cr\u00eda de hormigas y otros artr\u00f3podos mediante soluciones seguras y divulgaci\u00f3n de calidad.\",\"sameAs\":[\"https:\\\/\\\/antderground.com\\\/\",\"https:\\\/\\\/www.youtube.com\\\/channel\\\/UCio72z7TlbufkAthAJIJfPw\"]}]}<\/script>\n<!-- \/ Yoast SEO plugin. -->","yoast_head_json":{"title":"Pheidole pallidula | Boutique de fourmis - ANTDERGROUND","description":"Fourmi europ\u00e9enne Pheidole pallidula, d\u00e9couvrez ses caract\u00e9ristiques et son mode de vie \u00e0 l'int\u00e9rieur d'une fourmili\u00e8re artificielle. Explorez le monde myrm\u00e9cologique","robots":{"index":"index","follow":"follow","max-snippet":"max-snippet:-1","max-image-preview":"max-image-preview:large","max-video-preview":"max-video-preview:-1"},"canonical":"https:\/\/antderground.com\/fr\/produit\/pheidole-pallidula\/","og_locale":"fr_FR","og_type":"article","og_title":"Pheidole pallidula | Boutique de fourmis - ANTDERGROUND","og_description":"Fourmi europ\u00e9enne Pheidole pallidula, d\u00e9couvrez ses caract\u00e9ristiques et son mode de vie \u00e0 l'int\u00e9rieur d'une fourmili\u00e8re artificielle. Explorez le monde myrm\u00e9cologique","og_url":"https:\/\/antderground.com\/fr\/produit\/pheidole-pallidula\/","og_site_name":"ANTDERGROUND","article_modified_time":"2025-07-07T20:58:08+00:00","og_image":[{"width":1417,"height":1417,"url":"https:\/\/antderground.com\/wp-content\/uploads\/2019\/08\/PHEIDOLE-PALLIDULA.jpg","type":"image\/jpeg"}],"twitter_card":"summary_large_image","twitter_misc":{"Dur\u00e9e de lecture estim\u00e9e":"2 minutes"},"schema":{"@context":"https:\/\/schema.org","@graph":[{"@type":"WebPage","@id":"https:\/\/antderground.com\/fr\/produit\/pheidole-pallidula\/","url":"https:\/\/antderground.com\/fr\/produit\/pheidole-pallidula\/","name":"Pheidole pallidula | Boutique de fourmis - ANTDERGROUND","isPartOf":{"@id":"https:\/\/antderground.com\/fr\/#website"},"primaryImageOfPage":{"@id":"https:\/\/antderground.com\/fr\/produit\/pheidole-pallidula\/#primaryimage"},"image":{"@id":"https:\/\/antderground.com\/fr\/produit\/pheidole-pallidula\/#primaryimage"},"thumbnailUrl":"https:\/\/antderground.com\/wp-content\/uploads\/2019\/08\/PHEIDOLE-PALLIDULA.jpg","datePublished":"2019-08-02T20:42:23+00:00","dateModified":"2025-07-07T20:58:08+00:00","description":"Fourmi europ\u00e9enne Pheidole pallidula, d\u00e9couvrez ses caract\u00e9ristiques et son mode de vie \u00e0 l'int\u00e9rieur d'une fourmili\u00e8re artificielle. Explorez le monde myrm\u00e9cologique","breadcrumb":{"@id":"https:\/\/antderground.com\/fr\/produit\/pheidole-pallidula\/#breadcrumb"},"inLanguage":"fr-FR","potentialAction":[{"@type":"ReadAction","target":["https:\/\/antderground.com\/fr\/produit\/pheidole-pallidula\/"]}]},{"@type":"ImageObject","inLanguage":"fr-FR","@id":"https:\/\/antderground.com\/fr\/produit\/pheidole-pallidula\/#primaryimage","url":"https:\/\/antderground.com\/wp-content\/uploads\/2019\/08\/PHEIDOLE-PALLIDULA.jpg","contentUrl":"https:\/\/antderground.com\/wp-content\/uploads\/2019\/08\/PHEIDOLE-PALLIDULA.jpg","width":1417,"height":1417,"caption":"PHEIDOLE PALLIDULA"},{"@type":"BreadcrumbList","@id":"https:\/\/antderground.com\/fr\/produit\/pheidole-pallidula\/#breadcrumb","itemListElement":[{"@type":"ListItem","position":1,"name":"Portada","item":"https:\/\/antderground.com\/fr\/"},{"@type":"ListItem","position":2,"name":"Boutique","item":"https:\/\/antderground.com\/fr\/boutique\/"},{"@type":"ListItem","position":3,"name":"Pheidole pallidula"}]},{"@type":"WebSite","@id":"https:\/\/antderground.com\/fr\/#website","url":"https:\/\/antderground.com\/fr\/","name":"ANTDERGROUND","description":"Tu tienda de hormigas, gran variedad de hormigueros acr\u00edlicos,madera,arena,3D y mas.. Pide tus hormigas gratis con tu pedido, somos expertos en hormigueros antifugas.","publisher":{"@id":"https:\/\/antderground.com\/fr\/#\/schema\/person\/0e322c505e84fe72c65e2f6d08f96b81"},"alternateName":"Antderground","potentialAction":[{"@type":"SearchAction","target":{"@type":"EntryPoint","urlTemplate":"https:\/\/antderground.com\/fr\/?s={search_term_string}"},"query-input":{"@type":"PropertyValueSpecification","valueRequired":true,"valueName":"search_term_string"}}],"inLanguage":"fr-FR"},{"@type":["Person","Organization"],"@id":"https:\/\/antderground.com\/fr\/#\/schema\/person\/0e322c505e84fe72c65e2f6d08f96b81","name":"Eric de Antderground","image":{"@type":"ImageObject","inLanguage":"fr-FR","@id":"https:\/\/secure.gravatar.com\/avatar\/c49a1b9f79216d1498cb73c1e85cd47f4465dda35f2a94c03790d491bd4423c3?s=96&d=mm&r=g","url":"https:\/\/secure.gravatar.com\/avatar\/c49a1b9f79216d1498cb73c1e85cd47f4465dda35f2a94c03790d491bd4423c3?s=96&d=mm&r=g","contentUrl":"https:\/\/secure.gravatar.com\/avatar\/c49a1b9f79216d1498cb73c1e85cd47f4465dda35f2a94c03790d491bd4423c3?s=96&d=mm&r=g","caption":"Eric de Antderground"},"logo":{"@id":"https:\/\/secure.gravatar.com\/avatar\/c49a1b9f79216d1498cb73c1e85cd47f4465dda35f2a94c03790d491bd4423c3?s=96&d=mm&r=g"},"description":"Eric es el especialista y fundador de Antderground, con una amplia trayectoria en artr\u00f3podos y enfocado en la mirmecolog\u00eda y el dise\u00f1o de hormigueros artificiales. Su enfoque combina la innovaci\u00f3n t\u00e9cnica con el respeto por la biolog\u00eda de las hormigas, is\u00f3podos y otros, desarrollando sistemas de nidos modulares 3D y acr\u00edlicos que son referentes para aficionados y profesionales en toda Europa. Su objetivo es facilitar la cr\u00eda de hormigas y otros artr\u00f3podos mediante soluciones seguras y divulgaci\u00f3n de calidad.","sameAs":["https:\/\/antderground.com\/","https:\/\/www.youtube.com\/channel\/UCio72z7TlbufkAthAJIJfPw"]}]}},"_links":{"self":[{"href":"https:\/\/antderground.com\/fr\/wp-json\/wp\/v2\/product\/34834","targetHints":{"allow":["GET"]}}],"collection":[{"href":"https:\/\/antderground.com\/fr\/wp-json\/wp\/v2\/product"}],"about":[{"href":"https:\/\/antderground.com\/fr\/wp-json\/wp\/v2\/types\/product"}],"version-history":[{"count":0,"href":"https:\/\/antderground.com\/fr\/wp-json\/wp\/v2\/product\/34834\/revisions"}],"wp:featuredmedia":[{"embeddable":true,"href":"https:\/\/antderground.com\/fr\/wp-json\/wp\/v2\/media\/29429"}],"wp:attachment":[{"href":"https:\/\/antderground.com\/fr\/wp-json\/wp\/v2\/media?parent=34834"}],"wp:term":[{"taxonomy":"product_brand","embeddable":true,"href":"https:\/\/antderground.com\/fr\/wp-json\/wp\/v2\/product_brand?post=34834"},{"taxonomy":"product_cat","embeddable":true,"href":"https:\/\/antderground.com\/fr\/wp-json\/wp\/v2\/product_cat?post=34834"},{"taxonomy":"product_tag","embeddable":true,"href":"https:\/\/antderground.com\/fr\/wp-json\/wp\/v2\/product_tag?post=34834"}],"curies":[{"name":"wp","href":"https:\/\/api.w.org\/{rel}","templated":true}]}}