{"id":35434,"date":"2024-07-23T15:25:31","date_gmt":"2024-07-23T13:25:31","guid":{"rendered":"https:\/\/www.antderground.com\/producto\/mousse-de-foret\/"},"modified":"2026-01-25T18:02:25","modified_gmt":"2026-01-25T17:02:25","slug":"mousse-de-foret","status":"publish","type":"product","link":"https:\/\/antderground.com\/fr\/produit\/mousse-de-foret\/","title":{"rendered":"Mousse pour terrarium"},"content":{"rendered":"<h3>Mousse de For\u00eat : Le compl\u00e9ment id\u00e9al pour votre terrarium<\/h3>\n<p>La mousse est un \u00e9l\u00e9ment naturel exceptionnel pour la d\u00e9coration des terrariums. Sa texture et son apparence apportent une touche d&#8217;authenticit\u00e9 et de beaut\u00e9, recr\u00e9ant fid\u00e8lement l&#8217;habitat naturel de nombreux reptiles, amphibiens et les arthropodes.<\/p>\n<h4>Avantages pour les terrariums<\/h4>\n<p>L&#8217;un des principaux avantages de la mousse est sa capacit\u00e9 \u00e0 maintenir des niveaux \u00e9lev\u00e9s d&#8217;humidit\u00e9 dans le terrarium. Cela est crucial pour les esp\u00e8ces qui n\u00e9cessitent des environnements humides pour leur bien-\u00eatre. De plus, la mousse offre un substrat doux et s\u00fbr pour la ponte, \u00e9tant fr\u00e9quemment utilis\u00e9e par diverses esp\u00e8ces pour d\u00e9poser leurs \u0153ufs.<\/p>\n<h4>Durabilit\u00e9 et entretien<\/h4>\n<p>La mousse peut rester dans le terrarium pendant longtemps, s&#8217;adaptant aux conditions d&#8217;humidit\u00e9 et de temp\u00e9rature de l&#8217;environnement. Avec une humidification r\u00e9guli\u00e8re, sa dur\u00e9e de vie peut \u00eatre consid\u00e9rablement prolong\u00e9e, la maintenant fra\u00eeche et vibrante. Il est important de la vaporiser avec de l&#8217;eau p\u00e9riodiquement pour s&#8217;assurer qu&#8217;elle conserve ses propri\u00e9t\u00e9s.<\/p>\n<h4>Facile \u00e0 utiliser<\/h4>\n<p>Ce type de mousse est livr\u00e9 d\u00e9shydrat\u00e9, ce qui facilite sa manipulation et son stockage. Lorsqu&#8217;elle est introduite dans le terrarium et humidifi\u00e9e, elle retrouve rapidement son aspect naturel et ses caract\u00e9ristiques b\u00e9n\u00e9fiques. Son installation est simple et son entretien est minimal, la rendant pratique et efficace pour tout amateur de terrariums.<\/p>\n","protected":false},"excerpt":{"rendered":"<p>La mousse vivante est parfaite pour d\u00e9corer votre terrarium, offrant un environnement naturel et humide id\u00e9al pour les reptiles, les amphibiens, les arthropodes comme les fourmis et les isopodes parmi de nombreux autres insectes. Il est durable, facile \u00e0 utiliser et favorise la ponte et est \u00e9galement parfait pour r\u00e9aliser des jardins (\u00e9ternels) ou des terrariums bioactifs. Gardez vos animaux de compagnie \u00e0 l&#8217;aise et votre maison belle avec cet accessoire naturel.<\/p>\n","protected":false},"featured_media":35421,"template":"","meta":[],"product_brand":[],"product_cat":[119,616],"product_tag":[],"class_list":{"0":"post-35434","1":"product","2":"type-product","3":"status-publish","4":"has-post-thumbnail","6":"product_cat-pieces-de-rechange","7":"product_cat-substrats-fr","9":"first","10":"outofstock","11":"shipping-taxable","12":"purchasable","13":"product-type-variable"},"yoast_head":"<!-- This site is optimized with the Yoast SEO plugin v27.3 - https:\/\/yoast.com\/product\/yoast-seo-wordpress\/ -->\n<title>Mousse pour terrarium | Substrats naturels - ANTDERGROUND<\/title>\n<meta name=\"description\" content=\"Mousse vivante: D\u00e9corez votre terrarium et maintenez une humidit\u00e9 id\u00e9ale pour les reptiles, les amphibiens et les arthropodes. Durable et simple d&#039;utilisation, id\u00e9al pour votre habitat !\" \/>\n<meta name=\"robots\" content=\"index, follow, max-snippet:-1, max-image-preview:large, max-video-preview:-1\" \/>\n<link rel=\"canonical\" href=\"https:\/\/antderground.com\/fr\/produit\/mousse-de-foret\/\" \/>\n<meta property=\"og:locale\" content=\"fr_FR\" \/>\n<meta property=\"og:type\" content=\"article\" \/>\n<meta property=\"og:title\" content=\"Mousse pour terrarium | Substrats naturels - ANTDERGROUND\" \/>\n<meta property=\"og:description\" content=\"Mousse vivante: D\u00e9corez votre terrarium et maintenez une humidit\u00e9 id\u00e9ale pour les reptiles, les amphibiens et les arthropodes. Durable et simple d&#039;utilisation, id\u00e9al pour votre habitat !\" \/>\n<meta property=\"og:url\" content=\"https:\/\/antderground.com\/fr\/produit\/mousse-de-foret\/\" \/>\n<meta property=\"og:site_name\" content=\"ANTDERGROUND\" \/>\n<meta property=\"article:modified_time\" content=\"2026-01-25T17:02:25+00:00\" \/>\n<meta property=\"og:image\" content=\"https:\/\/antderground.com\/wp-content\/uploads\/2024\/07\/Musgo-de-bosque-vivo.jpg\" \/>\n\t<meta property=\"og:image:width\" content=\"2048\" \/>\n\t<meta property=\"og:image:height\" content=\"2048\" \/>\n\t<meta property=\"og:image:type\" content=\"image\/jpeg\" \/>\n<meta name=\"twitter:card\" content=\"summary_large_image\" \/>\n<meta name=\"twitter:label1\" content=\"Dur\u00e9e de lecture estim\u00e9e\" \/>\n\t<meta name=\"twitter:data1\" content=\"1 minute\" \/>\n<script type=\"application\/ld+json\" class=\"yoast-schema-graph\">{\"@context\":\"https:\\\/\\\/schema.org\",\"@graph\":[{\"@type\":\"WebPage\",\"@id\":\"https:\\\/\\\/antderground.com\\\/fr\\\/produit\\\/mousse-de-foret\\\/\",\"url\":\"https:\\\/\\\/antderground.com\\\/fr\\\/produit\\\/mousse-de-foret\\\/\",\"name\":\"Mousse pour terrarium | Substrats naturels - ANTDERGROUND\",\"isPartOf\":{\"@id\":\"https:\\\/\\\/antderground.com\\\/fr\\\/#website\"},\"primaryImageOfPage\":{\"@id\":\"https:\\\/\\\/antderground.com\\\/fr\\\/produit\\\/mousse-de-foret\\\/#primaryimage\"},\"image\":{\"@id\":\"https:\\\/\\\/antderground.com\\\/fr\\\/produit\\\/mousse-de-foret\\\/#primaryimage\"},\"thumbnailUrl\":\"https:\\\/\\\/antderground.com\\\/wp-content\\\/uploads\\\/2024\\\/07\\\/Musgo-de-bosque-vivo.jpg\",\"datePublished\":\"2024-07-23T13:25:31+00:00\",\"dateModified\":\"2026-01-25T17:02:25+00:00\",\"description\":\"Mousse vivante: D\u00e9corez votre terrarium et maintenez une humidit\u00e9 id\u00e9ale pour les reptiles, les amphibiens et les arthropodes. Durable et simple d'utilisation, id\u00e9al pour votre habitat !\",\"breadcrumb\":{\"@id\":\"https:\\\/\\\/antderground.com\\\/fr\\\/produit\\\/mousse-de-foret\\\/#breadcrumb\"},\"inLanguage\":\"fr-FR\",\"potentialAction\":[{\"@type\":\"ReadAction\",\"target\":[\"https:\\\/\\\/antderground.com\\\/fr\\\/produit\\\/mousse-de-foret\\\/\"]}]},{\"@type\":\"ImageObject\",\"inLanguage\":\"fr-FR\",\"@id\":\"https:\\\/\\\/antderground.com\\\/fr\\\/produit\\\/mousse-de-foret\\\/#primaryimage\",\"url\":\"https:\\\/\\\/antderground.com\\\/wp-content\\\/uploads\\\/2024\\\/07\\\/Musgo-de-bosque-vivo.jpg\",\"contentUrl\":\"https:\\\/\\\/antderground.com\\\/wp-content\\\/uploads\\\/2024\\\/07\\\/Musgo-de-bosque-vivo.jpg\",\"width\":2048,\"height\":2048},{\"@type\":\"BreadcrumbList\",\"@id\":\"https:\\\/\\\/antderground.com\\\/fr\\\/produit\\\/mousse-de-foret\\\/#breadcrumb\",\"itemListElement\":[{\"@type\":\"ListItem\",\"position\":1,\"name\":\"Portada\",\"item\":\"https:\\\/\\\/antderground.com\\\/fr\\\/\"},{\"@type\":\"ListItem\",\"position\":2,\"name\":\"Boutique\",\"item\":\"https:\\\/\\\/antderground.com\\\/fr\\\/boutique\\\/\"},{\"@type\":\"ListItem\",\"position\":3,\"name\":\"Mousse pour terrarium\"}]},{\"@type\":\"WebSite\",\"@id\":\"https:\\\/\\\/antderground.com\\\/fr\\\/#website\",\"url\":\"https:\\\/\\\/antderground.com\\\/fr\\\/\",\"name\":\"ANTDERGROUND\",\"description\":\"Tu tienda de hormigas, gran variedad de hormigueros acr\u00edlicos,madera,arena,3D y mas.. Pide tus hormigas gratis con tu pedido, somos expertos en hormigueros antifugas.\",\"publisher\":{\"@id\":\"https:\\\/\\\/antderground.com\\\/fr\\\/#\\\/schema\\\/person\\\/0e322c505e84fe72c65e2f6d08f96b81\"},\"alternateName\":\"Antderground\",\"potentialAction\":[{\"@type\":\"SearchAction\",\"target\":{\"@type\":\"EntryPoint\",\"urlTemplate\":\"https:\\\/\\\/antderground.com\\\/fr\\\/?s={search_term_string}\"},\"query-input\":{\"@type\":\"PropertyValueSpecification\",\"valueRequired\":true,\"valueName\":\"search_term_string\"}}],\"inLanguage\":\"fr-FR\"},{\"@type\":[\"Person\",\"Organization\"],\"@id\":\"https:\\\/\\\/antderground.com\\\/fr\\\/#\\\/schema\\\/person\\\/0e322c505e84fe72c65e2f6d08f96b81\",\"name\":\"Eric de Antderground\",\"image\":{\"@type\":\"ImageObject\",\"inLanguage\":\"fr-FR\",\"@id\":\"https:\\\/\\\/secure.gravatar.com\\\/avatar\\\/c49a1b9f79216d1498cb73c1e85cd47f4465dda35f2a94c03790d491bd4423c3?s=96&d=mm&r=g\",\"url\":\"https:\\\/\\\/secure.gravatar.com\\\/avatar\\\/c49a1b9f79216d1498cb73c1e85cd47f4465dda35f2a94c03790d491bd4423c3?s=96&d=mm&r=g\",\"contentUrl\":\"https:\\\/\\\/secure.gravatar.com\\\/avatar\\\/c49a1b9f79216d1498cb73c1e85cd47f4465dda35f2a94c03790d491bd4423c3?s=96&d=mm&r=g\",\"caption\":\"Eric de Antderground\"},\"logo\":{\"@id\":\"https:\\\/\\\/secure.gravatar.com\\\/avatar\\\/c49a1b9f79216d1498cb73c1e85cd47f4465dda35f2a94c03790d491bd4423c3?s=96&d=mm&r=g\"},\"description\":\"Eric es el especialista y fundador de Antderground, con una amplia trayectoria en artr\u00f3podos y enfocado en la mirmecolog\u00eda y el dise\u00f1o de hormigueros artificiales. Su enfoque combina la innovaci\u00f3n t\u00e9cnica con el respeto por la biolog\u00eda de las hormigas, is\u00f3podos y otros, desarrollando sistemas de nidos modulares 3D y acr\u00edlicos que son referentes para aficionados y profesionales en toda Europa. Su objetivo es facilitar la cr\u00eda de hormigas y otros artr\u00f3podos mediante soluciones seguras y divulgaci\u00f3n de calidad.\",\"sameAs\":[\"https:\\\/\\\/antderground.com\\\/\",\"https:\\\/\\\/www.youtube.com\\\/channel\\\/UCio72z7TlbufkAthAJIJfPw\"]}]}<\/script>\n<!-- \/ Yoast SEO plugin. -->","yoast_head_json":{"title":"Mousse pour terrarium | Substrats naturels - ANTDERGROUND","description":"Mousse vivante: D\u00e9corez votre terrarium et maintenez une humidit\u00e9 id\u00e9ale pour les reptiles, les amphibiens et les arthropodes. Durable et simple d'utilisation, id\u00e9al pour votre habitat !","robots":{"index":"index","follow":"follow","max-snippet":"max-snippet:-1","max-image-preview":"max-image-preview:large","max-video-preview":"max-video-preview:-1"},"canonical":"https:\/\/antderground.com\/fr\/produit\/mousse-de-foret\/","og_locale":"fr_FR","og_type":"article","og_title":"Mousse pour terrarium | Substrats naturels - ANTDERGROUND","og_description":"Mousse vivante: D\u00e9corez votre terrarium et maintenez une humidit\u00e9 id\u00e9ale pour les reptiles, les amphibiens et les arthropodes. Durable et simple d'utilisation, id\u00e9al pour votre habitat !","og_url":"https:\/\/antderground.com\/fr\/produit\/mousse-de-foret\/","og_site_name":"ANTDERGROUND","article_modified_time":"2026-01-25T17:02:25+00:00","og_image":[{"width":2048,"height":2048,"url":"https:\/\/antderground.com\/wp-content\/uploads\/2024\/07\/Musgo-de-bosque-vivo.jpg","type":"image\/jpeg"}],"twitter_card":"summary_large_image","twitter_misc":{"Dur\u00e9e de lecture estim\u00e9e":"1 minute"},"schema":{"@context":"https:\/\/schema.org","@graph":[{"@type":"WebPage","@id":"https:\/\/antderground.com\/fr\/produit\/mousse-de-foret\/","url":"https:\/\/antderground.com\/fr\/produit\/mousse-de-foret\/","name":"Mousse pour terrarium | Substrats naturels - ANTDERGROUND","isPartOf":{"@id":"https:\/\/antderground.com\/fr\/#website"},"primaryImageOfPage":{"@id":"https:\/\/antderground.com\/fr\/produit\/mousse-de-foret\/#primaryimage"},"image":{"@id":"https:\/\/antderground.com\/fr\/produit\/mousse-de-foret\/#primaryimage"},"thumbnailUrl":"https:\/\/antderground.com\/wp-content\/uploads\/2024\/07\/Musgo-de-bosque-vivo.jpg","datePublished":"2024-07-23T13:25:31+00:00","dateModified":"2026-01-25T17:02:25+00:00","description":"Mousse vivante: D\u00e9corez votre terrarium et maintenez une humidit\u00e9 id\u00e9ale pour les reptiles, les amphibiens et les arthropodes. Durable et simple d'utilisation, id\u00e9al pour votre habitat !","breadcrumb":{"@id":"https:\/\/antderground.com\/fr\/produit\/mousse-de-foret\/#breadcrumb"},"inLanguage":"fr-FR","potentialAction":[{"@type":"ReadAction","target":["https:\/\/antderground.com\/fr\/produit\/mousse-de-foret\/"]}]},{"@type":"ImageObject","inLanguage":"fr-FR","@id":"https:\/\/antderground.com\/fr\/produit\/mousse-de-foret\/#primaryimage","url":"https:\/\/antderground.com\/wp-content\/uploads\/2024\/07\/Musgo-de-bosque-vivo.jpg","contentUrl":"https:\/\/antderground.com\/wp-content\/uploads\/2024\/07\/Musgo-de-bosque-vivo.jpg","width":2048,"height":2048},{"@type":"BreadcrumbList","@id":"https:\/\/antderground.com\/fr\/produit\/mousse-de-foret\/#breadcrumb","itemListElement":[{"@type":"ListItem","position":1,"name":"Portada","item":"https:\/\/antderground.com\/fr\/"},{"@type":"ListItem","position":2,"name":"Boutique","item":"https:\/\/antderground.com\/fr\/boutique\/"},{"@type":"ListItem","position":3,"name":"Mousse pour terrarium"}]},{"@type":"WebSite","@id":"https:\/\/antderground.com\/fr\/#website","url":"https:\/\/antderground.com\/fr\/","name":"ANTDERGROUND","description":"Tu tienda de hormigas, gran variedad de hormigueros acr\u00edlicos,madera,arena,3D y mas.. Pide tus hormigas gratis con tu pedido, somos expertos en hormigueros antifugas.","publisher":{"@id":"https:\/\/antderground.com\/fr\/#\/schema\/person\/0e322c505e84fe72c65e2f6d08f96b81"},"alternateName":"Antderground","potentialAction":[{"@type":"SearchAction","target":{"@type":"EntryPoint","urlTemplate":"https:\/\/antderground.com\/fr\/?s={search_term_string}"},"query-input":{"@type":"PropertyValueSpecification","valueRequired":true,"valueName":"search_term_string"}}],"inLanguage":"fr-FR"},{"@type":["Person","Organization"],"@id":"https:\/\/antderground.com\/fr\/#\/schema\/person\/0e322c505e84fe72c65e2f6d08f96b81","name":"Eric de Antderground","image":{"@type":"ImageObject","inLanguage":"fr-FR","@id":"https:\/\/secure.gravatar.com\/avatar\/c49a1b9f79216d1498cb73c1e85cd47f4465dda35f2a94c03790d491bd4423c3?s=96&d=mm&r=g","url":"https:\/\/secure.gravatar.com\/avatar\/c49a1b9f79216d1498cb73c1e85cd47f4465dda35f2a94c03790d491bd4423c3?s=96&d=mm&r=g","contentUrl":"https:\/\/secure.gravatar.com\/avatar\/c49a1b9f79216d1498cb73c1e85cd47f4465dda35f2a94c03790d491bd4423c3?s=96&d=mm&r=g","caption":"Eric de Antderground"},"logo":{"@id":"https:\/\/secure.gravatar.com\/avatar\/c49a1b9f79216d1498cb73c1e85cd47f4465dda35f2a94c03790d491bd4423c3?s=96&d=mm&r=g"},"description":"Eric es el especialista y fundador de Antderground, con una amplia trayectoria en artr\u00f3podos y enfocado en la mirmecolog\u00eda y el dise\u00f1o de hormigueros artificiales. Su enfoque combina la innovaci\u00f3n t\u00e9cnica con el respeto por la biolog\u00eda de las hormigas, is\u00f3podos y otros, desarrollando sistemas de nidos modulares 3D y acr\u00edlicos que son referentes para aficionados y profesionales en toda Europa. Su objetivo es facilitar la cr\u00eda de hormigas y otros artr\u00f3podos mediante soluciones seguras y divulgaci\u00f3n de calidad.","sameAs":["https:\/\/antderground.com\/","https:\/\/www.youtube.com\/channel\/UCio72z7TlbufkAthAJIJfPw"]}]}},"_links":{"self":[{"href":"https:\/\/antderground.com\/fr\/wp-json\/wp\/v2\/product\/35434","targetHints":{"allow":["GET"]}}],"collection":[{"href":"https:\/\/antderground.com\/fr\/wp-json\/wp\/v2\/product"}],"about":[{"href":"https:\/\/antderground.com\/fr\/wp-json\/wp\/v2\/types\/product"}],"version-history":[{"count":0,"href":"https:\/\/antderground.com\/fr\/wp-json\/wp\/v2\/product\/35434\/revisions"}],"wp:featuredmedia":[{"embeddable":true,"href":"https:\/\/antderground.com\/fr\/wp-json\/wp\/v2\/media\/35421"}],"wp:attachment":[{"href":"https:\/\/antderground.com\/fr\/wp-json\/wp\/v2\/media?parent=35434"}],"wp:term":[{"taxonomy":"product_brand","embeddable":true,"href":"https:\/\/antderground.com\/fr\/wp-json\/wp\/v2\/product_brand?post=35434"},{"taxonomy":"product_cat","embeddable":true,"href":"https:\/\/antderground.com\/fr\/wp-json\/wp\/v2\/product_cat?post=35434"},{"taxonomy":"product_tag","embeddable":true,"href":"https:\/\/antderground.com\/fr\/wp-json\/wp\/v2\/product_tag?post=35434"}],"curies":[{"name":"wp","href":"https:\/\/api.w.org\/{rel}","templated":true}]}}