{"id":35786,"date":"2024-08-12T00:42:03","date_gmt":"2024-08-11T22:42:03","guid":{"rendered":"https:\/\/www.antderground.com\/producto\/plateau-a-oeufs-en-carton\/"},"modified":"2024-08-12T00:42:03","modified_gmt":"2024-08-11T22:42:03","slug":"plateau-a-oeufs-en-carton","status":"publish","type":"product","link":"https:\/\/antderground.com\/fr\/produit\/plateau-a-oeufs-en-carton\/","title":{"rendered":"Plateau \u00e0 \u0153ufs en carton"},"content":{"rendered":"<h3>Avantages des Plateaux \u00e0 \u0152ufs en carton pour l&#8217;\u00e9levage de nourriture vivante<\/h3>\n<p><strong>Espace id\u00e9al pour les refuges :<\/strong><br \/>\nLes plateaux \u00e0 \u0153ufs en carton de 30&#215;30 cm offrent un espace optimal pour que les insectes, tels que les blattes Blaptica, les vers de farine, et les grillons, se cachent et se sentent en s\u00e9curit\u00e9, reproduisant leur environnement naturel.<\/p>\n<p><strong>Ventilation et circulation de l&#8217;air :<\/strong><br \/>\nLe carton permet une bonne circulation de l&#8217;air, ce qui est essentiel pour \u00e9viter l&#8217;accumulation d&#8217;humidit\u00e9 et maintenir un environnement sain pour les insectes.<\/p>\n<p><strong>Mat\u00e9riau biod\u00e9gradable et \u00e9cologique :<\/strong><br \/>\nFabriqu\u00e9s en carton, ces plateaux \u00e0 \u0153ufs sont \u00e9cologiques et biod\u00e9gradables, favorisant des pratiques durables dans l&#8217;\u00e9levage de nourriture vivante.<\/p>\n<p><strong>Facilit\u00e9 de nettoyage et de manipulation :<\/strong><br \/>\nLes plateaux \u00e0 \u0153ufs sont l\u00e9gers et faciles \u00e0 manipuler, ce qui facilite le nettoyage et le d\u00e9placement des insectes pendant leur \u00e9levage ou leur transport.<\/p>\n","protected":false},"excerpt":{"rendered":"<p>Les plateaux \u00e0 \u0153ufs en carton de 30&#215;30 cm sont id\u00e9aux pour l&#8217;\u00e9levage d&#8217;insectes tels que les blattes et les grillons, offrant un refuge, une bonne ventilation et un environnement sain. De plus, ils sont \u00e9cologiques, biod\u00e9gradables et faciles \u00e0 manipuler, favorisant des pratiques durables.<\/p>\n<p><strong>Taille :<\/strong> 30&#215;30 cm.<br \/>\n<strong>Mat\u00e9riau :<\/strong> Carton.<\/p>\n","protected":false},"featured_media":35768,"template":"","meta":[],"product_brand":[],"product_cat":[107,112],"product_tag":[],"class_list":{"0":"post-35786","1":"product","2":"type-product","3":"status-publish","4":"has-post-thumbnail","6":"product_cat-accessoires","7":"product_cat-decor","9":"first","10":"instock","11":"shipping-taxable","12":"purchasable","13":"product-type-variable"},"yoast_head":"<!-- This site is optimized with the Yoast SEO plugin v27.4 - https:\/\/yoast.com\/product\/yoast-seo-wordpress\/ -->\n<title>Plateau \u00e0 \u0153ufs en carton 30x30 cm | Id\u00e9al pour les insectes - ANTDERGROUND<\/title>\n<meta name=\"description\" content=\"D\u00e9couvrez le coquetier en carton 30x30 cm id\u00e9al pour disposer des cachettes pour les insectes en croissance comme les blattes Blaptica ou les vers tenebrio\" \/>\n<meta name=\"robots\" content=\"index, follow, max-snippet:-1, max-image-preview:large, max-video-preview:-1\" \/>\n<link rel=\"canonical\" href=\"https:\/\/antderground.com\/fr\/produit\/plateau-a-oeufs-en-carton\/\" \/>\n<meta property=\"og:locale\" content=\"fr_FR\" \/>\n<meta property=\"og:type\" content=\"article\" \/>\n<meta property=\"og:title\" content=\"Plateau \u00e0 \u0153ufs en carton 30x30 cm | Id\u00e9al pour les insectes - ANTDERGROUND\" \/>\n<meta property=\"og:description\" content=\"D\u00e9couvrez le coquetier en carton 30x30 cm id\u00e9al pour disposer des cachettes pour les insectes en croissance comme les blattes Blaptica ou les vers tenebrio\" \/>\n<meta property=\"og:url\" content=\"https:\/\/antderground.com\/fr\/produit\/plateau-a-oeufs-en-carton\/\" \/>\n<meta property=\"og:site_name\" content=\"ANTDERGROUND\" \/>\n<meta property=\"og:image\" content=\"https:\/\/antderground.com\/wp-content\/uploads\/2024\/08\/huevera-de-carton.jpg\" \/>\n\t<meta property=\"og:image:width\" content=\"1417\" \/>\n\t<meta property=\"og:image:height\" content=\"1417\" \/>\n\t<meta property=\"og:image:type\" content=\"image\/jpeg\" \/>\n<meta name=\"twitter:card\" content=\"summary_large_image\" \/>\n<meta name=\"twitter:label1\" content=\"Dur\u00e9e de lecture estim\u00e9e\" \/>\n\t<meta name=\"twitter:data1\" content=\"1 minute\" \/>\n<script type=\"application\/ld+json\" class=\"yoast-schema-graph\">{\"@context\":\"https:\\\/\\\/schema.org\",\"@graph\":[{\"@type\":\"WebPage\",\"@id\":\"https:\\\/\\\/antderground.com\\\/fr\\\/produit\\\/plateau-a-oeufs-en-carton\\\/\",\"url\":\"https:\\\/\\\/antderground.com\\\/fr\\\/produit\\\/plateau-a-oeufs-en-carton\\\/\",\"name\":\"Plateau \u00e0 \u0153ufs en carton 30x30 cm | Id\u00e9al pour les insectes - ANTDERGROUND\",\"isPartOf\":{\"@id\":\"https:\\\/\\\/antderground.com\\\/fr\\\/#website\"},\"primaryImageOfPage\":{\"@id\":\"https:\\\/\\\/antderground.com\\\/fr\\\/produit\\\/plateau-a-oeufs-en-carton\\\/#primaryimage\"},\"image\":{\"@id\":\"https:\\\/\\\/antderground.com\\\/fr\\\/produit\\\/plateau-a-oeufs-en-carton\\\/#primaryimage\"},\"thumbnailUrl\":\"https:\\\/\\\/antderground.com\\\/wp-content\\\/uploads\\\/2024\\\/08\\\/huevera-de-carton.jpg\",\"datePublished\":\"2024-08-11T22:42:03+00:00\",\"description\":\"D\u00e9couvrez le coquetier en carton 30x30 cm id\u00e9al pour disposer des cachettes pour les insectes en croissance comme les blattes Blaptica ou les vers tenebrio\",\"breadcrumb\":{\"@id\":\"https:\\\/\\\/antderground.com\\\/fr\\\/produit\\\/plateau-a-oeufs-en-carton\\\/#breadcrumb\"},\"inLanguage\":\"fr-FR\",\"potentialAction\":[{\"@type\":\"ReadAction\",\"target\":[\"https:\\\/\\\/antderground.com\\\/fr\\\/produit\\\/plateau-a-oeufs-en-carton\\\/\"]}]},{\"@type\":\"ImageObject\",\"inLanguage\":\"fr-FR\",\"@id\":\"https:\\\/\\\/antderground.com\\\/fr\\\/produit\\\/plateau-a-oeufs-en-carton\\\/#primaryimage\",\"url\":\"https:\\\/\\\/antderground.com\\\/wp-content\\\/uploads\\\/2024\\\/08\\\/huevera-de-carton.jpg\",\"contentUrl\":\"https:\\\/\\\/antderground.com\\\/wp-content\\\/uploads\\\/2024\\\/08\\\/huevera-de-carton.jpg\",\"width\":1417,\"height\":1417,\"caption\":\"Plateau \u00e0 \u0153ufs en carton\"},{\"@type\":\"BreadcrumbList\",\"@id\":\"https:\\\/\\\/antderground.com\\\/fr\\\/produit\\\/plateau-a-oeufs-en-carton\\\/#breadcrumb\",\"itemListElement\":[{\"@type\":\"ListItem\",\"position\":1,\"name\":\"Portada\",\"item\":\"https:\\\/\\\/antderground.com\\\/fr\\\/\"},{\"@type\":\"ListItem\",\"position\":2,\"name\":\"Boutique\",\"item\":\"https:\\\/\\\/antderground.com\\\/fr\\\/boutique\\\/\"},{\"@type\":\"ListItem\",\"position\":3,\"name\":\"Plateau \u00e0 \u0153ufs en carton\"}]},{\"@type\":\"WebSite\",\"@id\":\"https:\\\/\\\/antderground.com\\\/fr\\\/#website\",\"url\":\"https:\\\/\\\/antderground.com\\\/fr\\\/\",\"name\":\"ANTDERGROUND\",\"description\":\"Tu tienda de hormigas, gran variedad de hormigueros acr\u00edlicos,madera,arena,3D y mas.. Pide tus hormigas gratis con tu pedido, somos expertos en hormigueros antifugas.\",\"publisher\":{\"@id\":\"https:\\\/\\\/antderground.com\\\/fr\\\/#\\\/schema\\\/person\\\/0e322c505e84fe72c65e2f6d08f96b81\"},\"alternateName\":\"Antderground\",\"potentialAction\":[{\"@type\":\"SearchAction\",\"target\":{\"@type\":\"EntryPoint\",\"urlTemplate\":\"https:\\\/\\\/antderground.com\\\/fr\\\/?s={search_term_string}\"},\"query-input\":{\"@type\":\"PropertyValueSpecification\",\"valueRequired\":true,\"valueName\":\"search_term_string\"}}],\"inLanguage\":\"fr-FR\"},{\"@type\":[\"Person\",\"Organization\"],\"@id\":\"https:\\\/\\\/antderground.com\\\/fr\\\/#\\\/schema\\\/person\\\/0e322c505e84fe72c65e2f6d08f96b81\",\"name\":\"Eric de Antderground\",\"image\":{\"@type\":\"ImageObject\",\"inLanguage\":\"fr-FR\",\"@id\":\"https:\\\/\\\/secure.gravatar.com\\\/avatar\\\/c49a1b9f79216d1498cb73c1e85cd47f4465dda35f2a94c03790d491bd4423c3?s=96&d=mm&r=g\",\"url\":\"https:\\\/\\\/secure.gravatar.com\\\/avatar\\\/c49a1b9f79216d1498cb73c1e85cd47f4465dda35f2a94c03790d491bd4423c3?s=96&d=mm&r=g\",\"contentUrl\":\"https:\\\/\\\/secure.gravatar.com\\\/avatar\\\/c49a1b9f79216d1498cb73c1e85cd47f4465dda35f2a94c03790d491bd4423c3?s=96&d=mm&r=g\",\"caption\":\"Eric de Antderground\"},\"logo\":{\"@id\":\"https:\\\/\\\/secure.gravatar.com\\\/avatar\\\/c49a1b9f79216d1498cb73c1e85cd47f4465dda35f2a94c03790d491bd4423c3?s=96&d=mm&r=g\"},\"description\":\"Eric es el especialista y fundador de Antderground, con una amplia trayectoria en artr\u00f3podos y enfocado en la mirmecolog\u00eda y el dise\u00f1o de hormigueros artificiales. Su enfoque combina la innovaci\u00f3n t\u00e9cnica con el respeto por la biolog\u00eda de las hormigas, is\u00f3podos y otros, desarrollando sistemas de nidos modulares 3D y acr\u00edlicos que son referentes para aficionados y profesionales en toda Europa. Su objetivo es facilitar la cr\u00eda de hormigas y otros artr\u00f3podos mediante soluciones seguras y divulgaci\u00f3n de calidad.\",\"sameAs\":[\"https:\\\/\\\/antderground.com\\\/\",\"https:\\\/\\\/www.youtube.com\\\/channel\\\/UCio72z7TlbufkAthAJIJfPw\"]}]}<\/script>\n<!-- \/ Yoast SEO plugin. -->","yoast_head_json":{"title":"Plateau \u00e0 \u0153ufs en carton 30x30 cm | Id\u00e9al pour les insectes - ANTDERGROUND","description":"D\u00e9couvrez le coquetier en carton 30x30 cm id\u00e9al pour disposer des cachettes pour les insectes en croissance comme les blattes Blaptica ou les vers tenebrio","robots":{"index":"index","follow":"follow","max-snippet":"max-snippet:-1","max-image-preview":"max-image-preview:large","max-video-preview":"max-video-preview:-1"},"canonical":"https:\/\/antderground.com\/fr\/produit\/plateau-a-oeufs-en-carton\/","og_locale":"fr_FR","og_type":"article","og_title":"Plateau \u00e0 \u0153ufs en carton 30x30 cm | Id\u00e9al pour les insectes - ANTDERGROUND","og_description":"D\u00e9couvrez le coquetier en carton 30x30 cm id\u00e9al pour disposer des cachettes pour les insectes en croissance comme les blattes Blaptica ou les vers tenebrio","og_url":"https:\/\/antderground.com\/fr\/produit\/plateau-a-oeufs-en-carton\/","og_site_name":"ANTDERGROUND","og_image":[{"width":1417,"height":1417,"url":"https:\/\/antderground.com\/wp-content\/uploads\/2024\/08\/huevera-de-carton.jpg","type":"image\/jpeg"}],"twitter_card":"summary_large_image","twitter_misc":{"Dur\u00e9e de lecture estim\u00e9e":"1 minute"},"schema":{"@context":"https:\/\/schema.org","@graph":[{"@type":"WebPage","@id":"https:\/\/antderground.com\/fr\/produit\/plateau-a-oeufs-en-carton\/","url":"https:\/\/antderground.com\/fr\/produit\/plateau-a-oeufs-en-carton\/","name":"Plateau \u00e0 \u0153ufs en carton 30x30 cm | Id\u00e9al pour les insectes - ANTDERGROUND","isPartOf":{"@id":"https:\/\/antderground.com\/fr\/#website"},"primaryImageOfPage":{"@id":"https:\/\/antderground.com\/fr\/produit\/plateau-a-oeufs-en-carton\/#primaryimage"},"image":{"@id":"https:\/\/antderground.com\/fr\/produit\/plateau-a-oeufs-en-carton\/#primaryimage"},"thumbnailUrl":"https:\/\/antderground.com\/wp-content\/uploads\/2024\/08\/huevera-de-carton.jpg","datePublished":"2024-08-11T22:42:03+00:00","description":"D\u00e9couvrez le coquetier en carton 30x30 cm id\u00e9al pour disposer des cachettes pour les insectes en croissance comme les blattes Blaptica ou les vers tenebrio","breadcrumb":{"@id":"https:\/\/antderground.com\/fr\/produit\/plateau-a-oeufs-en-carton\/#breadcrumb"},"inLanguage":"fr-FR","potentialAction":[{"@type":"ReadAction","target":["https:\/\/antderground.com\/fr\/produit\/plateau-a-oeufs-en-carton\/"]}]},{"@type":"ImageObject","inLanguage":"fr-FR","@id":"https:\/\/antderground.com\/fr\/produit\/plateau-a-oeufs-en-carton\/#primaryimage","url":"https:\/\/antderground.com\/wp-content\/uploads\/2024\/08\/huevera-de-carton.jpg","contentUrl":"https:\/\/antderground.com\/wp-content\/uploads\/2024\/08\/huevera-de-carton.jpg","width":1417,"height":1417,"caption":"Plateau \u00e0 \u0153ufs en carton"},{"@type":"BreadcrumbList","@id":"https:\/\/antderground.com\/fr\/produit\/plateau-a-oeufs-en-carton\/#breadcrumb","itemListElement":[{"@type":"ListItem","position":1,"name":"Portada","item":"https:\/\/antderground.com\/fr\/"},{"@type":"ListItem","position":2,"name":"Boutique","item":"https:\/\/antderground.com\/fr\/boutique\/"},{"@type":"ListItem","position":3,"name":"Plateau \u00e0 \u0153ufs en carton"}]},{"@type":"WebSite","@id":"https:\/\/antderground.com\/fr\/#website","url":"https:\/\/antderground.com\/fr\/","name":"ANTDERGROUND","description":"Tu tienda de hormigas, gran variedad de hormigueros acr\u00edlicos,madera,arena,3D y mas.. Pide tus hormigas gratis con tu pedido, somos expertos en hormigueros antifugas.","publisher":{"@id":"https:\/\/antderground.com\/fr\/#\/schema\/person\/0e322c505e84fe72c65e2f6d08f96b81"},"alternateName":"Antderground","potentialAction":[{"@type":"SearchAction","target":{"@type":"EntryPoint","urlTemplate":"https:\/\/antderground.com\/fr\/?s={search_term_string}"},"query-input":{"@type":"PropertyValueSpecification","valueRequired":true,"valueName":"search_term_string"}}],"inLanguage":"fr-FR"},{"@type":["Person","Organization"],"@id":"https:\/\/antderground.com\/fr\/#\/schema\/person\/0e322c505e84fe72c65e2f6d08f96b81","name":"Eric de Antderground","image":{"@type":"ImageObject","inLanguage":"fr-FR","@id":"https:\/\/secure.gravatar.com\/avatar\/c49a1b9f79216d1498cb73c1e85cd47f4465dda35f2a94c03790d491bd4423c3?s=96&d=mm&r=g","url":"https:\/\/secure.gravatar.com\/avatar\/c49a1b9f79216d1498cb73c1e85cd47f4465dda35f2a94c03790d491bd4423c3?s=96&d=mm&r=g","contentUrl":"https:\/\/secure.gravatar.com\/avatar\/c49a1b9f79216d1498cb73c1e85cd47f4465dda35f2a94c03790d491bd4423c3?s=96&d=mm&r=g","caption":"Eric de Antderground"},"logo":{"@id":"https:\/\/secure.gravatar.com\/avatar\/c49a1b9f79216d1498cb73c1e85cd47f4465dda35f2a94c03790d491bd4423c3?s=96&d=mm&r=g"},"description":"Eric es el especialista y fundador de Antderground, con una amplia trayectoria en artr\u00f3podos y enfocado en la mirmecolog\u00eda y el dise\u00f1o de hormigueros artificiales. Su enfoque combina la innovaci\u00f3n t\u00e9cnica con el respeto por la biolog\u00eda de las hormigas, is\u00f3podos y otros, desarrollando sistemas de nidos modulares 3D y acr\u00edlicos que son referentes para aficionados y profesionales en toda Europa. Su objetivo es facilitar la cr\u00eda de hormigas y otros artr\u00f3podos mediante soluciones seguras y divulgaci\u00f3n de calidad.","sameAs":["https:\/\/antderground.com\/","https:\/\/www.youtube.com\/channel\/UCio72z7TlbufkAthAJIJfPw"]}]}},"_links":{"self":[{"href":"https:\/\/antderground.com\/fr\/wp-json\/wp\/v2\/product\/35786","targetHints":{"allow":["GET"]}}],"collection":[{"href":"https:\/\/antderground.com\/fr\/wp-json\/wp\/v2\/product"}],"about":[{"href":"https:\/\/antderground.com\/fr\/wp-json\/wp\/v2\/types\/product"}],"version-history":[{"count":0,"href":"https:\/\/antderground.com\/fr\/wp-json\/wp\/v2\/product\/35786\/revisions"}],"wp:featuredmedia":[{"embeddable":true,"href":"https:\/\/antderground.com\/fr\/wp-json\/wp\/v2\/media\/35768"}],"wp:attachment":[{"href":"https:\/\/antderground.com\/fr\/wp-json\/wp\/v2\/media?parent=35786"}],"wp:term":[{"taxonomy":"product_brand","embeddable":true,"href":"https:\/\/antderground.com\/fr\/wp-json\/wp\/v2\/product_brand?post=35786"},{"taxonomy":"product_cat","embeddable":true,"href":"https:\/\/antderground.com\/fr\/wp-json\/wp\/v2\/product_cat?post=35786"},{"taxonomy":"product_tag","embeddable":true,"href":"https:\/\/antderground.com\/fr\/wp-json\/wp\/v2\/product_tag?post=35786"}],"curies":[{"name":"wp","href":"https:\/\/api.w.org\/{rel}","templated":true}]}}