{"id":36261,"date":"2024-08-23T16:27:13","date_gmt":"2024-08-23T14:27:13","guid":{"rendered":"https:\/\/www.antderground.com\/producto\/armadillidium-granulatum-naranjito\/"},"modified":"2024-08-23T16:27:13","modified_gmt":"2024-08-23T14:27:13","slug":"armadillidium-granulatum-naranjito","status":"publish","type":"product","link":"https:\/\/antderground.com\/fr\/produit\/armadillidium-granulatum-naranjito\/","title":{"rendered":"Armadillidium granulatum Naranjito"},"content":{"rendered":"<p><strong>Fiche Technique : Armadillidium granulatum (Naranjito)<\/strong><\/p>\n<p><strong>Nom commun :<\/strong> Naranjito<\/p>\n<p><strong>Nom scientifique :<\/strong> <em>Armadillidium granulatum<\/em><\/p>\n<h3><strong>Classification Taxonomique :<\/strong><\/h3>\n<ul>\n<li><strong>R\u00e8gne :<\/strong> Animalia<\/li>\n<li><strong>Embranchement :<\/strong> Arthropoda<\/li>\n<li><strong>Classe :<\/strong> Malacostraca<\/li>\n<li><strong>Ordre :<\/strong> Isopoda<\/li>\n<li><strong>Famille :<\/strong> Armadillidiidae<\/li>\n<li><strong>Genre :<\/strong> <em>Armadillidium<\/em><\/li>\n<li><strong>Esp\u00e8ce :<\/strong> <em>A. granulatum<\/em><\/li>\n<\/ul>\n<h3><strong>Description :<\/strong><\/h3>\n<ul>\n<li><strong>Taille :<\/strong> Il atteint une taille comprise entre 8 et 18 mm de long.<\/li>\n<li><strong>Forme :<\/strong> Ovale et convexe-dorsale, avec un exosquelette dur segment\u00e9 qui lui permet de s&#8217;enrouler en boule lorsqu&#8217;il se sent menac\u00e9 (comportement de conglobation).<\/li>\n<li><strong>Coloration :<\/strong> Le <em>Armadillidium granulatum<\/em> \u201cNaranjito\u201d se caract\u00e9rise par une coloration orange vif. \u00c0 l&#8217;\u00e2ge adulte, cette teinte peut devenir plus intense et uniforme, tandis que les sp\u00e9cimens juv\u00e9niles pr\u00e9sentent des couleurs plus att\u00e9nu\u00e9es.<\/li>\n<li><strong>Motif et texture :<\/strong> L&#8217;exosquelette pr\u00e9sente une surface granuleuse et textur\u00e9e, caract\u00e9ristique de l&#8217;esp\u00e8ce, d&#8217;o\u00f9 son nom sp\u00e9cifique &#8220;granulatum&#8221;.<\/li>\n<li><strong>Antennes :<\/strong> Deux paires d&#8217;antennes, une plus longue et plus pro\u00e9minente que l&#8217;autre.<\/li>\n<li><strong>Pattes :<\/strong> Il poss\u00e8de sept paires de pattes, typiques des isopodes terrestres.<\/li>\n<\/ul>\n<h3><strong>Habitat :<\/strong><\/h3>\n<ul>\n<li><strong>R\u00e9partition :<\/strong> Esp\u00e8ce originaire de la r\u00e9gion m\u00e9diterran\u00e9enne, principalement dans le sud de l&#8217;Europe et les zones environnantes, bien que l&#8217;on puisse \u00e9galement la trouver dans d&#8217;autres r\u00e9gions du monde en raison de l&#8217;action humaine.<\/li>\n<li><strong>Environnement :<\/strong> Il pr\u00e9f\u00e8re les habitats humides, tels que les sols forestiers, sous les pierres, la liti\u00e8re de feuilles ou les troncs d&#8217;arbres tomb\u00e9s. On peut aussi le trouver dans les jardins et les zones rurales riches en mati\u00e8re organique en d\u00e9composition.<\/li>\n<li><strong>Conditions :<\/strong> Sensible \u00e0 la dessiccation, il recherche des microclimats humides. Cependant, <em>A. granulatum<\/em> est un peu plus r\u00e9sistant \u00e0 la s\u00e9cheresse par rapport \u00e0 d&#8217;autres esp\u00e8ces d&#8217;isopodes.<\/li>\n<\/ul>\n<h3><strong>Comportement :<\/strong><\/h3>\n<ul>\n<li><strong>Alimentation :<\/strong> D\u00e9tritivore. Il se nourrit principalement de mati\u00e8re organique en d\u00e9composition, comme les feuilles, le bois mort et autres r\u00e9sidus v\u00e9g\u00e9taux. Son r\u00f4le est important dans le cycle des nutriments de l&#8217;\u00e9cosyst\u00e8me en aidant \u00e0 d\u00e9composer la mati\u00e8re morte.<\/li>\n<li><strong>Activit\u00e9 :<\/strong> Nocturne. Pendant la journ\u00e9e, il reste cach\u00e9 sous des abris naturels pour \u00e9viter la d\u00e9shydratation et la lumi\u00e8re directe du soleil.<\/li>\n<li><strong>D\u00e9fense :<\/strong> Lorsqu&#8217;il se sent menac\u00e9, il s&#8217;enroule en une boule ferm\u00e9e (comportement de d\u00e9fense connu sous le nom de conglobation) pour prot\u00e9ger ses parties molles et ses organes internes des pr\u00e9dateurs.<\/li>\n<\/ul>\n<h3><strong>Reproduction :<\/strong><\/h3>\n<ul>\n<li><strong>Cycle de vie :<\/strong> La reproduction est ovovivipare, c&#8217;est-\u00e0-dire que les femelles retiennent les \u0153ufs \u00e0 l&#8217;int\u00e9rieur de leur corps jusqu&#8217;\u00e0 leur \u00e9closion. Les petits \u00e9mergent comme des versions plus petites et moins d\u00e9velopp\u00e9es des adultes.<\/li>\n<li><strong>Petits :<\/strong> Apr\u00e8s la naissance, les petits restent dans la marsupium de la m\u00e8re pendant quelques jours jusqu&#8217;\u00e0 ce qu&#8217;ils soient capables de se d\u00e9brouiller seuls.<\/li>\n<li><strong>Dur\u00e9e de vie :<\/strong> Ils ont une dur\u00e9e de vie comprise entre 2 et 4 ans, en fonction des conditions environnementales.<\/li>\n<\/ul>\n<h3><strong>Interaction avec les humains :<\/strong><\/h3>\n<ul>\n<li><strong>Utilisation en terrariums :<\/strong> Le <em>Armadillidium granulatum<\/em> &#8220;Naranjito&#8221; est populaire dans les terrariums en raison de sa couleur vive et de sa relative r\u00e9sistance, \u00e9tant ainsi utilis\u00e9 comme esp\u00e8ce d\u00e9corative ou dans des environnements bioactifs pour aider \u00e0 la d\u00e9composition des d\u00e9chets.<\/li>\n<li><strong>Soins :<\/strong> Ils pr\u00e9f\u00e8rent un substrat humide riche en mati\u00e8re organique. Les conditions id\u00e9ales incluent une temp\u00e9rature comprise entre 20\u00b0C et 25\u00b0C et une humidit\u00e9 relative sup\u00e9rieure \u00e0 70%. Ils ont besoin de cachettes et d&#8217;acc\u00e8s \u00e0 des zones plus s\u00e8ches pour r\u00e9guler leur hydratation.<\/li>\n<\/ul>\n","protected":false},"excerpt":{"rendered":"<p>D\u00e9couvrez l&#8217;incroyable isopode Armadillidium granulatum Naranjito ! Sa couleur orange vif et sa r\u00e9sistance en font le choix parfait pour les terrariums bioactifs. Nettoie, embellit et fascine ! Ajoutez ce petit isopode unique \u00e0 votre collection d\u00e8s aujourd&#8217;hui. Ne le manquez pas !<\/p>\n","protected":false},"featured_media":35968,"template":"","meta":[],"product_brand":[],"product_cat":[417,419,712],"product_tag":[],"class_list":{"0":"post-36261","1":"product","2":"type-product","3":"status-publish","4":"has-post-thumbnail","6":"product_cat-arthropodes","7":"product_cat-isopodes","8":"product_cat-armadillidium","10":"first","11":"instock","12":"shipping-taxable","13":"purchasable","14":"product-type-variable"},"yoast_head":"<!-- This site is optimized with the Yoast SEO plugin v27.3 - https:\/\/yoast.com\/product\/yoast-seo-wordpress\/ -->\n<title>Armadillidium granulatum Naranjito | Votre boutique d&#039;isopodes - ANTDERGROUND<\/title>\n<meta name=\"description\" content=\"Procurez-vous l&#039;isopode Armadillidium granulatum Naranjito\u00a0! Parfait pour les terrariums bioactifs. Couleur vibrante, r\u00e9sistante et facile d&#039;entretien. Stock limit\u00e9 !\" \/>\n<meta name=\"robots\" content=\"index, follow, max-snippet:-1, max-image-preview:large, max-video-preview:-1\" \/>\n<link rel=\"canonical\" href=\"https:\/\/antderground.com\/fr\/produit\/armadillidium-granulatum-naranjito\/\" \/>\n<meta property=\"og:locale\" content=\"fr_FR\" \/>\n<meta property=\"og:type\" content=\"article\" \/>\n<meta property=\"og:title\" content=\"Armadillidium granulatum Naranjito | Votre boutique d&#039;isopodes - ANTDERGROUND\" \/>\n<meta property=\"og:description\" content=\"Procurez-vous l&#039;isopode Armadillidium granulatum Naranjito\u00a0! Parfait pour les terrariums bioactifs. Couleur vibrante, r\u00e9sistante et facile d&#039;entretien. Stock limit\u00e9 !\" \/>\n<meta property=\"og:url\" content=\"https:\/\/antderground.com\/fr\/produit\/armadillidium-granulatum-naranjito\/\" \/>\n<meta property=\"og:site_name\" content=\"ANTDERGROUND\" \/>\n<meta property=\"og:image\" content=\"https:\/\/antderground.com\/wp-content\/uploads\/2024\/08\/armadillidium-granulatum-Naranjito.jpeg\" \/>\n\t<meta property=\"og:image:width\" content=\"1600\" \/>\n\t<meta property=\"og:image:height\" content=\"1600\" \/>\n\t<meta property=\"og:image:type\" content=\"image\/jpeg\" \/>\n<meta name=\"twitter:card\" content=\"summary_large_image\" \/>\n<meta name=\"twitter:label1\" content=\"Dur\u00e9e de lecture estim\u00e9e\" \/>\n\t<meta name=\"twitter:data1\" content=\"3 minutes\" \/>\n<script type=\"application\/ld+json\" class=\"yoast-schema-graph\">{\"@context\":\"https:\\\/\\\/schema.org\",\"@graph\":[{\"@type\":\"WebPage\",\"@id\":\"https:\\\/\\\/antderground.com\\\/fr\\\/produit\\\/armadillidium-granulatum-naranjito\\\/\",\"url\":\"https:\\\/\\\/antderground.com\\\/fr\\\/produit\\\/armadillidium-granulatum-naranjito\\\/\",\"name\":\"Armadillidium granulatum Naranjito | Votre boutique d'isopodes - ANTDERGROUND\",\"isPartOf\":{\"@id\":\"https:\\\/\\\/antderground.com\\\/fr\\\/#website\"},\"primaryImageOfPage\":{\"@id\":\"https:\\\/\\\/antderground.com\\\/fr\\\/produit\\\/armadillidium-granulatum-naranjito\\\/#primaryimage\"},\"image\":{\"@id\":\"https:\\\/\\\/antderground.com\\\/fr\\\/produit\\\/armadillidium-granulatum-naranjito\\\/#primaryimage\"},\"thumbnailUrl\":\"https:\\\/\\\/antderground.com\\\/wp-content\\\/uploads\\\/2024\\\/08\\\/armadillidium-granulatum-Naranjito.jpeg\",\"datePublished\":\"2024-08-23T14:27:13+00:00\",\"description\":\"Procurez-vous l'isopode Armadillidium granulatum Naranjito\u00a0! Parfait pour les terrariums bioactifs. Couleur vibrante, r\u00e9sistante et facile d'entretien. Stock limit\u00e9 !\",\"breadcrumb\":{\"@id\":\"https:\\\/\\\/antderground.com\\\/fr\\\/produit\\\/armadillidium-granulatum-naranjito\\\/#breadcrumb\"},\"inLanguage\":\"fr-FR\",\"potentialAction\":[{\"@type\":\"ReadAction\",\"target\":[\"https:\\\/\\\/antderground.com\\\/fr\\\/produit\\\/armadillidium-granulatum-naranjito\\\/\"]}]},{\"@type\":\"ImageObject\",\"inLanguage\":\"fr-FR\",\"@id\":\"https:\\\/\\\/antderground.com\\\/fr\\\/produit\\\/armadillidium-granulatum-naranjito\\\/#primaryimage\",\"url\":\"https:\\\/\\\/antderground.com\\\/wp-content\\\/uploads\\\/2024\\\/08\\\/armadillidium-granulatum-Naranjito.jpeg\",\"contentUrl\":\"https:\\\/\\\/antderground.com\\\/wp-content\\\/uploads\\\/2024\\\/08\\\/armadillidium-granulatum-Naranjito.jpeg\",\"width\":1600,\"height\":1600,\"caption\":\"armadillidium granulatum Naranjito\"},{\"@type\":\"BreadcrumbList\",\"@id\":\"https:\\\/\\\/antderground.com\\\/fr\\\/produit\\\/armadillidium-granulatum-naranjito\\\/#breadcrumb\",\"itemListElement\":[{\"@type\":\"ListItem\",\"position\":1,\"name\":\"Portada\",\"item\":\"https:\\\/\\\/antderground.com\\\/fr\\\/\"},{\"@type\":\"ListItem\",\"position\":2,\"name\":\"Boutique\",\"item\":\"https:\\\/\\\/antderground.com\\\/fr\\\/boutique\\\/\"},{\"@type\":\"ListItem\",\"position\":3,\"name\":\"Armadillidium granulatum Naranjito\"}]},{\"@type\":\"WebSite\",\"@id\":\"https:\\\/\\\/antderground.com\\\/fr\\\/#website\",\"url\":\"https:\\\/\\\/antderground.com\\\/fr\\\/\",\"name\":\"ANTDERGROUND\",\"description\":\"Tu tienda de hormigas, gran variedad de hormigueros acr\u00edlicos,madera,arena,3D y mas.. Pide tus hormigas gratis con tu pedido, somos expertos en hormigueros antifugas.\",\"publisher\":{\"@id\":\"https:\\\/\\\/antderground.com\\\/fr\\\/#\\\/schema\\\/person\\\/0e322c505e84fe72c65e2f6d08f96b81\"},\"alternateName\":\"Antderground\",\"potentialAction\":[{\"@type\":\"SearchAction\",\"target\":{\"@type\":\"EntryPoint\",\"urlTemplate\":\"https:\\\/\\\/antderground.com\\\/fr\\\/?s={search_term_string}\"},\"query-input\":{\"@type\":\"PropertyValueSpecification\",\"valueRequired\":true,\"valueName\":\"search_term_string\"}}],\"inLanguage\":\"fr-FR\"},{\"@type\":[\"Person\",\"Organization\"],\"@id\":\"https:\\\/\\\/antderground.com\\\/fr\\\/#\\\/schema\\\/person\\\/0e322c505e84fe72c65e2f6d08f96b81\",\"name\":\"Eric de Antderground\",\"image\":{\"@type\":\"ImageObject\",\"inLanguage\":\"fr-FR\",\"@id\":\"https:\\\/\\\/secure.gravatar.com\\\/avatar\\\/c49a1b9f79216d1498cb73c1e85cd47f4465dda35f2a94c03790d491bd4423c3?s=96&d=mm&r=g\",\"url\":\"https:\\\/\\\/secure.gravatar.com\\\/avatar\\\/c49a1b9f79216d1498cb73c1e85cd47f4465dda35f2a94c03790d491bd4423c3?s=96&d=mm&r=g\",\"contentUrl\":\"https:\\\/\\\/secure.gravatar.com\\\/avatar\\\/c49a1b9f79216d1498cb73c1e85cd47f4465dda35f2a94c03790d491bd4423c3?s=96&d=mm&r=g\",\"caption\":\"Eric de Antderground\"},\"logo\":{\"@id\":\"https:\\\/\\\/secure.gravatar.com\\\/avatar\\\/c49a1b9f79216d1498cb73c1e85cd47f4465dda35f2a94c03790d491bd4423c3?s=96&d=mm&r=g\"},\"description\":\"Eric es el especialista y fundador de Antderground, con una amplia trayectoria en artr\u00f3podos y enfocado en la mirmecolog\u00eda y el dise\u00f1o de hormigueros artificiales. Su enfoque combina la innovaci\u00f3n t\u00e9cnica con el respeto por la biolog\u00eda de las hormigas, is\u00f3podos y otros, desarrollando sistemas de nidos modulares 3D y acr\u00edlicos que son referentes para aficionados y profesionales en toda Europa. Su objetivo es facilitar la cr\u00eda de hormigas y otros artr\u00f3podos mediante soluciones seguras y divulgaci\u00f3n de calidad.\",\"sameAs\":[\"https:\\\/\\\/antderground.com\\\/\",\"https:\\\/\\\/www.youtube.com\\\/channel\\\/UCio72z7TlbufkAthAJIJfPw\"]}]}<\/script>\n<!-- \/ Yoast SEO plugin. -->","yoast_head_json":{"title":"Armadillidium granulatum Naranjito | Votre boutique d'isopodes - ANTDERGROUND","description":"Procurez-vous l'isopode Armadillidium granulatum Naranjito\u00a0! Parfait pour les terrariums bioactifs. Couleur vibrante, r\u00e9sistante et facile d'entretien. Stock limit\u00e9 !","robots":{"index":"index","follow":"follow","max-snippet":"max-snippet:-1","max-image-preview":"max-image-preview:large","max-video-preview":"max-video-preview:-1"},"canonical":"https:\/\/antderground.com\/fr\/produit\/armadillidium-granulatum-naranjito\/","og_locale":"fr_FR","og_type":"article","og_title":"Armadillidium granulatum Naranjito | Votre boutique d'isopodes - ANTDERGROUND","og_description":"Procurez-vous l'isopode Armadillidium granulatum Naranjito\u00a0! Parfait pour les terrariums bioactifs. Couleur vibrante, r\u00e9sistante et facile d'entretien. Stock limit\u00e9 !","og_url":"https:\/\/antderground.com\/fr\/produit\/armadillidium-granulatum-naranjito\/","og_site_name":"ANTDERGROUND","og_image":[{"width":1600,"height":1600,"url":"https:\/\/antderground.com\/wp-content\/uploads\/2024\/08\/armadillidium-granulatum-Naranjito.jpeg","type":"image\/jpeg"}],"twitter_card":"summary_large_image","twitter_misc":{"Dur\u00e9e de lecture estim\u00e9e":"3 minutes"},"schema":{"@context":"https:\/\/schema.org","@graph":[{"@type":"WebPage","@id":"https:\/\/antderground.com\/fr\/produit\/armadillidium-granulatum-naranjito\/","url":"https:\/\/antderground.com\/fr\/produit\/armadillidium-granulatum-naranjito\/","name":"Armadillidium granulatum Naranjito | Votre boutique d'isopodes - ANTDERGROUND","isPartOf":{"@id":"https:\/\/antderground.com\/fr\/#website"},"primaryImageOfPage":{"@id":"https:\/\/antderground.com\/fr\/produit\/armadillidium-granulatum-naranjito\/#primaryimage"},"image":{"@id":"https:\/\/antderground.com\/fr\/produit\/armadillidium-granulatum-naranjito\/#primaryimage"},"thumbnailUrl":"https:\/\/antderground.com\/wp-content\/uploads\/2024\/08\/armadillidium-granulatum-Naranjito.jpeg","datePublished":"2024-08-23T14:27:13+00:00","description":"Procurez-vous l'isopode Armadillidium granulatum Naranjito\u00a0! Parfait pour les terrariums bioactifs. Couleur vibrante, r\u00e9sistante et facile d'entretien. Stock limit\u00e9 !","breadcrumb":{"@id":"https:\/\/antderground.com\/fr\/produit\/armadillidium-granulatum-naranjito\/#breadcrumb"},"inLanguage":"fr-FR","potentialAction":[{"@type":"ReadAction","target":["https:\/\/antderground.com\/fr\/produit\/armadillidium-granulatum-naranjito\/"]}]},{"@type":"ImageObject","inLanguage":"fr-FR","@id":"https:\/\/antderground.com\/fr\/produit\/armadillidium-granulatum-naranjito\/#primaryimage","url":"https:\/\/antderground.com\/wp-content\/uploads\/2024\/08\/armadillidium-granulatum-Naranjito.jpeg","contentUrl":"https:\/\/antderground.com\/wp-content\/uploads\/2024\/08\/armadillidium-granulatum-Naranjito.jpeg","width":1600,"height":1600,"caption":"armadillidium granulatum Naranjito"},{"@type":"BreadcrumbList","@id":"https:\/\/antderground.com\/fr\/produit\/armadillidium-granulatum-naranjito\/#breadcrumb","itemListElement":[{"@type":"ListItem","position":1,"name":"Portada","item":"https:\/\/antderground.com\/fr\/"},{"@type":"ListItem","position":2,"name":"Boutique","item":"https:\/\/antderground.com\/fr\/boutique\/"},{"@type":"ListItem","position":3,"name":"Armadillidium granulatum Naranjito"}]},{"@type":"WebSite","@id":"https:\/\/antderground.com\/fr\/#website","url":"https:\/\/antderground.com\/fr\/","name":"ANTDERGROUND","description":"Tu tienda de hormigas, gran variedad de hormigueros acr\u00edlicos,madera,arena,3D y mas.. Pide tus hormigas gratis con tu pedido, somos expertos en hormigueros antifugas.","publisher":{"@id":"https:\/\/antderground.com\/fr\/#\/schema\/person\/0e322c505e84fe72c65e2f6d08f96b81"},"alternateName":"Antderground","potentialAction":[{"@type":"SearchAction","target":{"@type":"EntryPoint","urlTemplate":"https:\/\/antderground.com\/fr\/?s={search_term_string}"},"query-input":{"@type":"PropertyValueSpecification","valueRequired":true,"valueName":"search_term_string"}}],"inLanguage":"fr-FR"},{"@type":["Person","Organization"],"@id":"https:\/\/antderground.com\/fr\/#\/schema\/person\/0e322c505e84fe72c65e2f6d08f96b81","name":"Eric de Antderground","image":{"@type":"ImageObject","inLanguage":"fr-FR","@id":"https:\/\/secure.gravatar.com\/avatar\/c49a1b9f79216d1498cb73c1e85cd47f4465dda35f2a94c03790d491bd4423c3?s=96&d=mm&r=g","url":"https:\/\/secure.gravatar.com\/avatar\/c49a1b9f79216d1498cb73c1e85cd47f4465dda35f2a94c03790d491bd4423c3?s=96&d=mm&r=g","contentUrl":"https:\/\/secure.gravatar.com\/avatar\/c49a1b9f79216d1498cb73c1e85cd47f4465dda35f2a94c03790d491bd4423c3?s=96&d=mm&r=g","caption":"Eric de Antderground"},"logo":{"@id":"https:\/\/secure.gravatar.com\/avatar\/c49a1b9f79216d1498cb73c1e85cd47f4465dda35f2a94c03790d491bd4423c3?s=96&d=mm&r=g"},"description":"Eric es el especialista y fundador de Antderground, con una amplia trayectoria en artr\u00f3podos y enfocado en la mirmecolog\u00eda y el dise\u00f1o de hormigueros artificiales. Su enfoque combina la innovaci\u00f3n t\u00e9cnica con el respeto por la biolog\u00eda de las hormigas, is\u00f3podos y otros, desarrollando sistemas de nidos modulares 3D y acr\u00edlicos que son referentes para aficionados y profesionales en toda Europa. Su objetivo es facilitar la cr\u00eda de hormigas y otros artr\u00f3podos mediante soluciones seguras y divulgaci\u00f3n de calidad.","sameAs":["https:\/\/antderground.com\/","https:\/\/www.youtube.com\/channel\/UCio72z7TlbufkAthAJIJfPw"]}]}},"_links":{"self":[{"href":"https:\/\/antderground.com\/fr\/wp-json\/wp\/v2\/product\/36261","targetHints":{"allow":["GET"]}}],"collection":[{"href":"https:\/\/antderground.com\/fr\/wp-json\/wp\/v2\/product"}],"about":[{"href":"https:\/\/antderground.com\/fr\/wp-json\/wp\/v2\/types\/product"}],"version-history":[{"count":0,"href":"https:\/\/antderground.com\/fr\/wp-json\/wp\/v2\/product\/36261\/revisions"}],"wp:featuredmedia":[{"embeddable":true,"href":"https:\/\/antderground.com\/fr\/wp-json\/wp\/v2\/media\/35968"}],"wp:attachment":[{"href":"https:\/\/antderground.com\/fr\/wp-json\/wp\/v2\/media?parent=36261"}],"wp:term":[{"taxonomy":"product_brand","embeddable":true,"href":"https:\/\/antderground.com\/fr\/wp-json\/wp\/v2\/product_brand?post=36261"},{"taxonomy":"product_cat","embeddable":true,"href":"https:\/\/antderground.com\/fr\/wp-json\/wp\/v2\/product_cat?post=36261"},{"taxonomy":"product_tag","embeddable":true,"href":"https:\/\/antderground.com\/fr\/wp-json\/wp\/v2\/product_tag?post=36261"}],"curies":[{"name":"wp","href":"https:\/\/api.w.org\/{rel}","templated":true}]}}