{"id":36522,"date":"2024-08-27T18:05:16","date_gmt":"2024-08-27T16:05:16","guid":{"rendered":"https:\/\/www.antderground.com\/producto\/kit-de-demarrage-de-colonie-v2\/"},"modified":"2024-08-27T18:05:16","modified_gmt":"2024-08-27T16:05:16","slug":"kit-de-demarrage-de-colonie-v2","status":"publish","type":"product","link":"https:\/\/antderground.com\/fr\/produit\/kit-de-demarrage-de-colonie-v2\/","title":{"rendered":"Kit de d\u00e9marrage de colonie (v2)"},"content":{"rendered":"<p>Description g\u00e9n\u00e9rale\u00a0:<br \/>\nColony Starter Kit Version 2 est la solution parfaite pour d\u00e9buter dans le monde fascinant de l&#8217;\u00e9levage de fourmis.<br \/>\nCe kit comprend tous les composants essentiels pour \u00e9tablir d\u00e8s le premier instant un environnement adapt\u00e9 \u00e0 votre colonie. Le kit se compose d&#8217;un nid de fourmis mis \u00e0 jour avec s\u00e9paration, d&#8217;une bo\u00eete de recherche de nourriture et d&#8217;un connecteur, tous con\u00e7us pour une utilisation facile et un contr\u00f4le optimal.<\/p>\n<p>Conception 3D : chaque composant est fabriqu\u00e9 en 3D pour une construction robuste et un ajustement parfait.<\/p>\n<p>Facilit\u00e9 d&#8217;entretien : la conception facilite l&#8217;acc\u00e8s et le nettoyage de chaque partie du kit.<\/p>\n<p>Compatibilit\u00e9\u00a0: la fourmili\u00e8re et la bo\u00eete de recherche de nourriture sont con\u00e7ues pour se connecter facilement \u00e0 l&#8217;aide du connecteur inclus, garantissant une int\u00e9gration sans tracas.<\/p>\n<p>&nbsp;<\/p>\n","protected":false},"excerpt":{"rendered":"<p>Version 2 du kit nid de fourmis id\u00e9al pour d\u00e9marrer une colonie.<br \/>\nComprend (fourmili\u00e8re am\u00e9lior\u00e9e avec s\u00e9paration + bo\u00eete de recherche de nourriture + connecteur).<\/p>\n<p><strong>Fourmili\u00e8re 3D\u00a0:<\/strong><br \/>\nTaille : 7 cm x 4,5 cm.<br \/>\nR\u00e9servoir : 20 ml (raccordement facile).<br \/>\nCouleur : blanc.<br \/>\nCouvercle : Inclus couleur rouge<br \/>\nPorte : Double, Tournante + s\u00e9curit\u00e9<\/p>\n<p><strong>Bo\u00eete de recherche de nourriture 3D\u00a0:<\/strong><br \/>\nTaille : 5 cm x 5 cm.<br \/>\nCouleur: Blanc<br \/>\nVentilation : Oui, capot sup\u00e9rieur.<br \/>\nConnexions : 2<\/p>\n<p><strong>Connecteur\u00a0:<\/strong><br \/>\nCouleur: Blanc<br \/>\nConnexion : horizontale.<\/p>\n","protected":false},"featured_media":36124,"template":"","meta":[],"product_brand":[],"product_cat":[114,431,304],"product_tag":[],"class_list":{"0":"post-36522","1":"product","2":"type-product","3":"status-publish","4":"has-post-thumbnail","6":"product_cat-fourmilieres","7":"product_cat-fourmilieres-3d","8":"product_cat-kits-fourmiliere","10":"first","11":"instock","12":"sale","13":"shipping-taxable","14":"purchasable","15":"product-type-simple"},"yoast_head":"<!-- This site is optimized with the Yoast SEO plugin v27.3 - https:\/\/yoast.com\/product\/yoast-seo-wordpress\/ -->\n<title>Kit de d\u00e9marrage de colonie (v2) | Fourmili\u00e8res | Myrm\u00e9cologie - ANTDERGROUND<\/title>\n<meta name=\"description\" content=\"Colony Starter Kit V2\u00a0: fourmili\u00e8re 3D, bo\u00eete de recherche de nourriture et connecteur. Id\u00e9al pour d\u00e9marrer votre colonie de fourmis. Comprend tout ce dont vous avez besoin.\" \/>\n<meta name=\"robots\" content=\"index, follow, max-snippet:-1, max-image-preview:large, max-video-preview:-1\" \/>\n<link rel=\"canonical\" href=\"https:\/\/antderground.com\/fr\/produit\/kit-de-demarrage-de-colonie-v2\/\" \/>\n<meta property=\"og:locale\" content=\"fr_FR\" \/>\n<meta property=\"og:type\" content=\"article\" \/>\n<meta property=\"og:title\" content=\"Kit de d\u00e9marrage de colonie (v2) | Fourmili\u00e8res | Myrm\u00e9cologie - ANTDERGROUND\" \/>\n<meta property=\"og:description\" content=\"Colony Starter Kit V2\u00a0: fourmili\u00e8re 3D, bo\u00eete de recherche de nourriture et connecteur. Id\u00e9al pour d\u00e9marrer votre colonie de fourmis. Comprend tout ce dont vous avez besoin.\" \/>\n<meta property=\"og:url\" content=\"https:\/\/antderground.com\/fr\/produit\/kit-de-demarrage-de-colonie-v2\/\" \/>\n<meta property=\"og:site_name\" content=\"ANTDERGROUND\" \/>\n<meta property=\"og:image\" content=\"https:\/\/antderground.com\/wp-content\/uploads\/2024\/08\/Kit-inicio-de-colonia-v2-1.jpeg\" \/>\n\t<meta property=\"og:image:width\" content=\"1600\" \/>\n\t<meta property=\"og:image:height\" content=\"1600\" \/>\n\t<meta property=\"og:image:type\" content=\"image\/jpeg\" \/>\n<meta name=\"twitter:card\" content=\"summary_large_image\" \/>\n<meta name=\"twitter:label1\" content=\"Dur\u00e9e de lecture estim\u00e9e\" \/>\n\t<meta name=\"twitter:data1\" content=\"1 minute\" \/>\n<script type=\"application\/ld+json\" class=\"yoast-schema-graph\">{\"@context\":\"https:\\\/\\\/schema.org\",\"@graph\":[{\"@type\":\"WebPage\",\"@id\":\"https:\\\/\\\/antderground.com\\\/fr\\\/produit\\\/kit-de-demarrage-de-colonie-v2\\\/\",\"url\":\"https:\\\/\\\/antderground.com\\\/fr\\\/produit\\\/kit-de-demarrage-de-colonie-v2\\\/\",\"name\":\"Kit de d\u00e9marrage de colonie (v2) | Fourmili\u00e8res | Myrm\u00e9cologie - ANTDERGROUND\",\"isPartOf\":{\"@id\":\"https:\\\/\\\/antderground.com\\\/fr\\\/#website\"},\"primaryImageOfPage\":{\"@id\":\"https:\\\/\\\/antderground.com\\\/fr\\\/produit\\\/kit-de-demarrage-de-colonie-v2\\\/#primaryimage\"},\"image\":{\"@id\":\"https:\\\/\\\/antderground.com\\\/fr\\\/produit\\\/kit-de-demarrage-de-colonie-v2\\\/#primaryimage\"},\"thumbnailUrl\":\"https:\\\/\\\/antderground.com\\\/wp-content\\\/uploads\\\/2024\\\/08\\\/Kit-inicio-de-colonia-v2-1.jpeg\",\"datePublished\":\"2024-08-27T16:05:16+00:00\",\"description\":\"Colony Starter Kit V2\u00a0: fourmili\u00e8re 3D, bo\u00eete de recherche de nourriture et connecteur. Id\u00e9al pour d\u00e9marrer votre colonie de fourmis. Comprend tout ce dont vous avez besoin.\",\"breadcrumb\":{\"@id\":\"https:\\\/\\\/antderground.com\\\/fr\\\/produit\\\/kit-de-demarrage-de-colonie-v2\\\/#breadcrumb\"},\"inLanguage\":\"fr-FR\",\"potentialAction\":[{\"@type\":\"ReadAction\",\"target\":[\"https:\\\/\\\/antderground.com\\\/fr\\\/produit\\\/kit-de-demarrage-de-colonie-v2\\\/\"]}]},{\"@type\":\"ImageObject\",\"inLanguage\":\"fr-FR\",\"@id\":\"https:\\\/\\\/antderground.com\\\/fr\\\/produit\\\/kit-de-demarrage-de-colonie-v2\\\/#primaryimage\",\"url\":\"https:\\\/\\\/antderground.com\\\/wp-content\\\/uploads\\\/2024\\\/08\\\/Kit-inicio-de-colonia-v2-1.jpeg\",\"contentUrl\":\"https:\\\/\\\/antderground.com\\\/wp-content\\\/uploads\\\/2024\\\/08\\\/Kit-inicio-de-colonia-v2-1.jpeg\",\"width\":1600,\"height\":1600,\"caption\":\"Kit de d\u00e9marrage de colonie (v2)\"},{\"@type\":\"BreadcrumbList\",\"@id\":\"https:\\\/\\\/antderground.com\\\/fr\\\/produit\\\/kit-de-demarrage-de-colonie-v2\\\/#breadcrumb\",\"itemListElement\":[{\"@type\":\"ListItem\",\"position\":1,\"name\":\"Portada\",\"item\":\"https:\\\/\\\/antderground.com\\\/fr\\\/\"},{\"@type\":\"ListItem\",\"position\":2,\"name\":\"Boutique\",\"item\":\"https:\\\/\\\/antderground.com\\\/fr\\\/boutique\\\/\"},{\"@type\":\"ListItem\",\"position\":3,\"name\":\"Kit de d\u00e9marrage de colonie (v2)\"}]},{\"@type\":\"WebSite\",\"@id\":\"https:\\\/\\\/antderground.com\\\/fr\\\/#website\",\"url\":\"https:\\\/\\\/antderground.com\\\/fr\\\/\",\"name\":\"ANTDERGROUND\",\"description\":\"Tu tienda de hormigas, gran variedad de hormigueros acr\u00edlicos,madera,arena,3D y mas.. Pide tus hormigas gratis con tu pedido, somos expertos en hormigueros antifugas.\",\"publisher\":{\"@id\":\"https:\\\/\\\/antderground.com\\\/fr\\\/#\\\/schema\\\/person\\\/0e322c505e84fe72c65e2f6d08f96b81\"},\"alternateName\":\"Antderground\",\"potentialAction\":[{\"@type\":\"SearchAction\",\"target\":{\"@type\":\"EntryPoint\",\"urlTemplate\":\"https:\\\/\\\/antderground.com\\\/fr\\\/?s={search_term_string}\"},\"query-input\":{\"@type\":\"PropertyValueSpecification\",\"valueRequired\":true,\"valueName\":\"search_term_string\"}}],\"inLanguage\":\"fr-FR\"},{\"@type\":[\"Person\",\"Organization\"],\"@id\":\"https:\\\/\\\/antderground.com\\\/fr\\\/#\\\/schema\\\/person\\\/0e322c505e84fe72c65e2f6d08f96b81\",\"name\":\"Eric de Antderground\",\"image\":{\"@type\":\"ImageObject\",\"inLanguage\":\"fr-FR\",\"@id\":\"https:\\\/\\\/secure.gravatar.com\\\/avatar\\\/c49a1b9f79216d1498cb73c1e85cd47f4465dda35f2a94c03790d491bd4423c3?s=96&d=mm&r=g\",\"url\":\"https:\\\/\\\/secure.gravatar.com\\\/avatar\\\/c49a1b9f79216d1498cb73c1e85cd47f4465dda35f2a94c03790d491bd4423c3?s=96&d=mm&r=g\",\"contentUrl\":\"https:\\\/\\\/secure.gravatar.com\\\/avatar\\\/c49a1b9f79216d1498cb73c1e85cd47f4465dda35f2a94c03790d491bd4423c3?s=96&d=mm&r=g\",\"caption\":\"Eric de Antderground\"},\"logo\":{\"@id\":\"https:\\\/\\\/secure.gravatar.com\\\/avatar\\\/c49a1b9f79216d1498cb73c1e85cd47f4465dda35f2a94c03790d491bd4423c3?s=96&d=mm&r=g\"},\"description\":\"Eric es el especialista y fundador de Antderground, con una amplia trayectoria en artr\u00f3podos y enfocado en la mirmecolog\u00eda y el dise\u00f1o de hormigueros artificiales. Su enfoque combina la innovaci\u00f3n t\u00e9cnica con el respeto por la biolog\u00eda de las hormigas, is\u00f3podos y otros, desarrollando sistemas de nidos modulares 3D y acr\u00edlicos que son referentes para aficionados y profesionales en toda Europa. Su objetivo es facilitar la cr\u00eda de hormigas y otros artr\u00f3podos mediante soluciones seguras y divulgaci\u00f3n de calidad.\",\"sameAs\":[\"https:\\\/\\\/antderground.com\\\/\",\"https:\\\/\\\/www.youtube.com\\\/channel\\\/UCio72z7TlbufkAthAJIJfPw\"]}]}<\/script>\n<!-- \/ Yoast SEO plugin. -->","yoast_head_json":{"title":"Kit de d\u00e9marrage de colonie (v2) | Fourmili\u00e8res | Myrm\u00e9cologie - ANTDERGROUND","description":"Colony Starter Kit V2\u00a0: fourmili\u00e8re 3D, bo\u00eete de recherche de nourriture et connecteur. Id\u00e9al pour d\u00e9marrer votre colonie de fourmis. Comprend tout ce dont vous avez besoin.","robots":{"index":"index","follow":"follow","max-snippet":"max-snippet:-1","max-image-preview":"max-image-preview:large","max-video-preview":"max-video-preview:-1"},"canonical":"https:\/\/antderground.com\/fr\/produit\/kit-de-demarrage-de-colonie-v2\/","og_locale":"fr_FR","og_type":"article","og_title":"Kit de d\u00e9marrage de colonie (v2) | Fourmili\u00e8res | Myrm\u00e9cologie - ANTDERGROUND","og_description":"Colony Starter Kit V2\u00a0: fourmili\u00e8re 3D, bo\u00eete de recherche de nourriture et connecteur. Id\u00e9al pour d\u00e9marrer votre colonie de fourmis. Comprend tout ce dont vous avez besoin.","og_url":"https:\/\/antderground.com\/fr\/produit\/kit-de-demarrage-de-colonie-v2\/","og_site_name":"ANTDERGROUND","og_image":[{"width":1600,"height":1600,"url":"https:\/\/antderground.com\/wp-content\/uploads\/2024\/08\/Kit-inicio-de-colonia-v2-1.jpeg","type":"image\/jpeg"}],"twitter_card":"summary_large_image","twitter_misc":{"Dur\u00e9e de lecture estim\u00e9e":"1 minute"},"schema":{"@context":"https:\/\/schema.org","@graph":[{"@type":"WebPage","@id":"https:\/\/antderground.com\/fr\/produit\/kit-de-demarrage-de-colonie-v2\/","url":"https:\/\/antderground.com\/fr\/produit\/kit-de-demarrage-de-colonie-v2\/","name":"Kit de d\u00e9marrage de colonie (v2) | Fourmili\u00e8res | Myrm\u00e9cologie - ANTDERGROUND","isPartOf":{"@id":"https:\/\/antderground.com\/fr\/#website"},"primaryImageOfPage":{"@id":"https:\/\/antderground.com\/fr\/produit\/kit-de-demarrage-de-colonie-v2\/#primaryimage"},"image":{"@id":"https:\/\/antderground.com\/fr\/produit\/kit-de-demarrage-de-colonie-v2\/#primaryimage"},"thumbnailUrl":"https:\/\/antderground.com\/wp-content\/uploads\/2024\/08\/Kit-inicio-de-colonia-v2-1.jpeg","datePublished":"2024-08-27T16:05:16+00:00","description":"Colony Starter Kit V2\u00a0: fourmili\u00e8re 3D, bo\u00eete de recherche de nourriture et connecteur. Id\u00e9al pour d\u00e9marrer votre colonie de fourmis. Comprend tout ce dont vous avez besoin.","breadcrumb":{"@id":"https:\/\/antderground.com\/fr\/produit\/kit-de-demarrage-de-colonie-v2\/#breadcrumb"},"inLanguage":"fr-FR","potentialAction":[{"@type":"ReadAction","target":["https:\/\/antderground.com\/fr\/produit\/kit-de-demarrage-de-colonie-v2\/"]}]},{"@type":"ImageObject","inLanguage":"fr-FR","@id":"https:\/\/antderground.com\/fr\/produit\/kit-de-demarrage-de-colonie-v2\/#primaryimage","url":"https:\/\/antderground.com\/wp-content\/uploads\/2024\/08\/Kit-inicio-de-colonia-v2-1.jpeg","contentUrl":"https:\/\/antderground.com\/wp-content\/uploads\/2024\/08\/Kit-inicio-de-colonia-v2-1.jpeg","width":1600,"height":1600,"caption":"Kit de d\u00e9marrage de colonie (v2)"},{"@type":"BreadcrumbList","@id":"https:\/\/antderground.com\/fr\/produit\/kit-de-demarrage-de-colonie-v2\/#breadcrumb","itemListElement":[{"@type":"ListItem","position":1,"name":"Portada","item":"https:\/\/antderground.com\/fr\/"},{"@type":"ListItem","position":2,"name":"Boutique","item":"https:\/\/antderground.com\/fr\/boutique\/"},{"@type":"ListItem","position":3,"name":"Kit de d\u00e9marrage de colonie (v2)"}]},{"@type":"WebSite","@id":"https:\/\/antderground.com\/fr\/#website","url":"https:\/\/antderground.com\/fr\/","name":"ANTDERGROUND","description":"Tu tienda de hormigas, gran variedad de hormigueros acr\u00edlicos,madera,arena,3D y mas.. Pide tus hormigas gratis con tu pedido, somos expertos en hormigueros antifugas.","publisher":{"@id":"https:\/\/antderground.com\/fr\/#\/schema\/person\/0e322c505e84fe72c65e2f6d08f96b81"},"alternateName":"Antderground","potentialAction":[{"@type":"SearchAction","target":{"@type":"EntryPoint","urlTemplate":"https:\/\/antderground.com\/fr\/?s={search_term_string}"},"query-input":{"@type":"PropertyValueSpecification","valueRequired":true,"valueName":"search_term_string"}}],"inLanguage":"fr-FR"},{"@type":["Person","Organization"],"@id":"https:\/\/antderground.com\/fr\/#\/schema\/person\/0e322c505e84fe72c65e2f6d08f96b81","name":"Eric de Antderground","image":{"@type":"ImageObject","inLanguage":"fr-FR","@id":"https:\/\/secure.gravatar.com\/avatar\/c49a1b9f79216d1498cb73c1e85cd47f4465dda35f2a94c03790d491bd4423c3?s=96&d=mm&r=g","url":"https:\/\/secure.gravatar.com\/avatar\/c49a1b9f79216d1498cb73c1e85cd47f4465dda35f2a94c03790d491bd4423c3?s=96&d=mm&r=g","contentUrl":"https:\/\/secure.gravatar.com\/avatar\/c49a1b9f79216d1498cb73c1e85cd47f4465dda35f2a94c03790d491bd4423c3?s=96&d=mm&r=g","caption":"Eric de Antderground"},"logo":{"@id":"https:\/\/secure.gravatar.com\/avatar\/c49a1b9f79216d1498cb73c1e85cd47f4465dda35f2a94c03790d491bd4423c3?s=96&d=mm&r=g"},"description":"Eric es el especialista y fundador de Antderground, con una amplia trayectoria en artr\u00f3podos y enfocado en la mirmecolog\u00eda y el dise\u00f1o de hormigueros artificiales. Su enfoque combina la innovaci\u00f3n t\u00e9cnica con el respeto por la biolog\u00eda de las hormigas, is\u00f3podos y otros, desarrollando sistemas de nidos modulares 3D y acr\u00edlicos que son referentes para aficionados y profesionales en toda Europa. Su objetivo es facilitar la cr\u00eda de hormigas y otros artr\u00f3podos mediante soluciones seguras y divulgaci\u00f3n de calidad.","sameAs":["https:\/\/antderground.com\/","https:\/\/www.youtube.com\/channel\/UCio72z7TlbufkAthAJIJfPw"]}]}},"_links":{"self":[{"href":"https:\/\/antderground.com\/fr\/wp-json\/wp\/v2\/product\/36522","targetHints":{"allow":["GET"]}}],"collection":[{"href":"https:\/\/antderground.com\/fr\/wp-json\/wp\/v2\/product"}],"about":[{"href":"https:\/\/antderground.com\/fr\/wp-json\/wp\/v2\/types\/product"}],"version-history":[{"count":0,"href":"https:\/\/antderground.com\/fr\/wp-json\/wp\/v2\/product\/36522\/revisions"}],"wp:featuredmedia":[{"embeddable":true,"href":"https:\/\/antderground.com\/fr\/wp-json\/wp\/v2\/media\/36124"}],"wp:attachment":[{"href":"https:\/\/antderground.com\/fr\/wp-json\/wp\/v2\/media?parent=36522"}],"wp:term":[{"taxonomy":"product_brand","embeddable":true,"href":"https:\/\/antderground.com\/fr\/wp-json\/wp\/v2\/product_brand?post=36522"},{"taxonomy":"product_cat","embeddable":true,"href":"https:\/\/antderground.com\/fr\/wp-json\/wp\/v2\/product_cat?post=36522"},{"taxonomy":"product_tag","embeddable":true,"href":"https:\/\/antderground.com\/fr\/wp-json\/wp\/v2\/product_tag?post=36522"}],"curies":[{"name":"wp","href":"https:\/\/api.w.org\/{rel}","templated":true}]}}