{"id":36557,"date":"2024-09-20T11:28:46","date_gmt":"2024-09-20T09:28:46","guid":{"rendered":"https:\/\/www.antderground.com\/producto\/fourmiliere-verticale-t-avec-substrat\/"},"modified":"2024-09-20T13:48:32","modified_gmt":"2024-09-20T11:48:32","slug":"fourmiliere-verticale-t-avec-substrat","status":"publish","type":"product","link":"https:\/\/antderground.com\/fr\/produit\/fourmiliere-verticale-t-avec-substrat\/","title":{"rendered":"Fourmili\u00e8re verticale T (avec substrat)"},"content":{"rendered":"<h3>Fourmili\u00e8re Verticale en Format T : Fusion Fourmili\u00e8re et Aires de Chasse<\/h3>\n<p><strong>Description g\u00e9n\u00e9rale<\/strong><br \/>\nLa fourmili\u00e8re verticale en format T est une solution innovante qui combine en un seul design la zone de nidification et les aires de chasse. Les deux espaces sont reli\u00e9s par un trou qui permet un acc\u00e8s facile des fourmis entre leurs deux environnements.<\/p>\n<p><strong>Zone de nidification<\/strong><br \/>\nLa section de nidification mesure 15&#215;15 cm et est compos\u00e9e de substrat naturel. Id\u00e9ale pour que les fourmis construisent leurs propres galeries, recr\u00e9ant un environnement similaire \u00e0 celui qu&#8217;elles trouvent dans la nature.<\/p>\n<p><strong>Aires de chasse<\/strong><br \/>\nL&#8217;espace de chasse mesure 6x18x8 cm. Ici, les fourmis peuvent chercher de la nourriture, stocker des ressources et explorer en toute s\u00e9curit\u00e9.<\/p>\n<p><strong>Avantages du design<\/strong><\/p>\n<ul>\n<li><strong>\u00c9conomie d&#8217;espace gr\u00e2ce \u00e0 son format vertical<\/strong><br \/>\nCe design compact est parfait pour ceux qui cherchent \u00e0 optimiser l&#8217;espace. En \u00e9tant vertical, la fourmili\u00e8re permet non seulement d&#8217;abriter une colonie de fourmis en croissance, mais r\u00e9duit \u00e9galement le besoin d&#8217;une grande surface, ce qui en fait une option id\u00e9ale pour n&#8217;importe quel environnement, comme des bureaux ou des \u00e9tag\u00e8res.<\/li>\n<li><strong>Observation directe des fourmis dans les deux zones<\/strong><br \/>\nGr\u00e2ce \u00e0 la disposition verticale et \u00e0 la transparence du mat\u00e9riau, cette fourmili\u00e8re facilite l&#8217;observation tant dans la zone de nidification que dans les aires de chasse. Les utilisateurs peuvent suivre de pr\u00e8s les activit\u00e9s des fourmis, depuis la construction de tunnels dans le substrat jusqu&#8217;\u00e0 leur comportement dans la collecte et le stockage de nourriture, ce qui en fait un outil \u00e9ducatif et de divertissement.<\/li>\n<li><strong>Environnement naturel pour le d\u00e9veloppement de la fourmili\u00e8re<\/strong><br \/>\nLa zone de nidification est con\u00e7ue avec un substrat qui permet aux fourmis de creuser et de construire leurs propres galeries, recr\u00e9ant leur habitat naturel. Cela favorise le bien-\u00eatre de la colonie et offre une exp\u00e9rience plus authentique tant pour les fourmis que pour les observateurs, encourageant le comportement instinctif et sain de la colonie.<\/li>\n<\/ul>\n","protected":false},"excerpt":{"rendered":"<p>Fourmili\u00e8re verticale en format T avec zone de nidification (15&#215;15 cm) avec substrat et <em>aires de chasse<\/em> (6x18x8 cm), id\u00e9ale pour l&#8217;observation et le d\u00e9veloppement naturel des fourmis. Combine les deux zones par un trou d&#8217;acc\u00e8s, permettant un environnement pratique et compact.<\/p>\n<p><strong>Comprend :<\/strong><\/p>\n<ul>\n<li>Fourmili\u00e8re format T.<\/li>\n<li>Substrat.<\/li>\n<li>Pipette (pour l&#8217;humidit\u00e9).<\/li>\n<\/ul>\n<p>*Il dispose d&#8217;une connexion pour se connecter \u00e0 une fourmili\u00e8re ou \u00e0 une zone d&#8217;alimentation suppl\u00e9mentaire.<\/p>\n","protected":false},"featured_media":36550,"template":"","meta":[],"product_brand":[],"product_cat":[114,431,117],"product_tag":[],"class_list":{"0":"post-36557","1":"product","2":"type-product","3":"status-publish","4":"has-post-thumbnail","6":"product_cat-fourmilieres","7":"product_cat-fourmilieres-3d","8":"product_cat-fourmilieres-verticales","10":"first","11":"instock","12":"sale","13":"shipping-taxable","14":"purchasable","15":"product-type-simple"},"yoast_head":"<!-- This site is optimized with the Yoast SEO plugin v27.3 - https:\/\/yoast.com\/product\/yoast-seo-wordpress\/ -->\n<title>Fourmili\u00e8re verticale T (avec substrat) | Myrm\u00e9cologie - ANTDERGROUND<\/title>\n<meta name=\"description\" content=\"Fourmili\u00e8re verticale au format T avec substrat et aires de chasse. Conception compacte id\u00e9ale pour cultiver et observer les fourmis. Achetez votre fourmili\u00e8re verticale\" \/>\n<meta name=\"robots\" content=\"index, follow, max-snippet:-1, max-image-preview:large, max-video-preview:-1\" \/>\n<link rel=\"canonical\" href=\"https:\/\/antderground.com\/fr\/produit\/fourmiliere-verticale-t-avec-substrat\/\" \/>\n<meta property=\"og:locale\" content=\"fr_FR\" \/>\n<meta property=\"og:type\" content=\"article\" \/>\n<meta property=\"og:title\" content=\"Fourmili\u00e8re verticale T (avec substrat) | Myrm\u00e9cologie - ANTDERGROUND\" \/>\n<meta property=\"og:description\" content=\"Fourmili\u00e8re verticale au format T avec substrat et aires de chasse. Conception compacte id\u00e9ale pour cultiver et observer les fourmis. Achetez votre fourmili\u00e8re verticale\" \/>\n<meta property=\"og:url\" content=\"https:\/\/antderground.com\/fr\/produit\/fourmiliere-verticale-t-avec-substrat\/\" \/>\n<meta property=\"og:site_name\" content=\"ANTDERGROUND\" \/>\n<meta property=\"article:modified_time\" content=\"2024-09-20T11:48:32+00:00\" \/>\n<meta property=\"og:image\" content=\"https:\/\/antderground.com\/wp-content\/uploads\/2024\/09\/hormiguero-version-T.jpg\" \/>\n\t<meta property=\"og:image:width\" content=\"1600\" \/>\n\t<meta property=\"og:image:height\" content=\"1600\" \/>\n\t<meta property=\"og:image:type\" content=\"image\/jpeg\" \/>\n<meta name=\"twitter:card\" content=\"summary_large_image\" \/>\n<meta name=\"twitter:label1\" content=\"Dur\u00e9e de lecture estim\u00e9e\" \/>\n\t<meta name=\"twitter:data1\" content=\"2 minutes\" \/>\n<script type=\"application\/ld+json\" class=\"yoast-schema-graph\">{\"@context\":\"https:\\\/\\\/schema.org\",\"@graph\":[{\"@type\":\"WebPage\",\"@id\":\"https:\\\/\\\/antderground.com\\\/fr\\\/produit\\\/fourmiliere-verticale-t-avec-substrat\\\/\",\"url\":\"https:\\\/\\\/antderground.com\\\/fr\\\/produit\\\/fourmiliere-verticale-t-avec-substrat\\\/\",\"name\":\"Fourmili\u00e8re verticale T (avec substrat) | Myrm\u00e9cologie - ANTDERGROUND\",\"isPartOf\":{\"@id\":\"https:\\\/\\\/antderground.com\\\/fr\\\/#website\"},\"primaryImageOfPage\":{\"@id\":\"https:\\\/\\\/antderground.com\\\/fr\\\/produit\\\/fourmiliere-verticale-t-avec-substrat\\\/#primaryimage\"},\"image\":{\"@id\":\"https:\\\/\\\/antderground.com\\\/fr\\\/produit\\\/fourmiliere-verticale-t-avec-substrat\\\/#primaryimage\"},\"thumbnailUrl\":\"https:\\\/\\\/antderground.com\\\/wp-content\\\/uploads\\\/2024\\\/09\\\/hormiguero-version-T.jpg\",\"datePublished\":\"2024-09-20T09:28:46+00:00\",\"dateModified\":\"2024-09-20T11:48:32+00:00\",\"description\":\"Fourmili\u00e8re verticale au format T avec substrat et aires de chasse. Conception compacte id\u00e9ale pour cultiver et observer les fourmis. Achetez votre fourmili\u00e8re verticale\",\"breadcrumb\":{\"@id\":\"https:\\\/\\\/antderground.com\\\/fr\\\/produit\\\/fourmiliere-verticale-t-avec-substrat\\\/#breadcrumb\"},\"inLanguage\":\"fr-FR\",\"potentialAction\":[{\"@type\":\"ReadAction\",\"target\":[\"https:\\\/\\\/antderground.com\\\/fr\\\/produit\\\/fourmiliere-verticale-t-avec-substrat\\\/\"]}]},{\"@type\":\"ImageObject\",\"inLanguage\":\"fr-FR\",\"@id\":\"https:\\\/\\\/antderground.com\\\/fr\\\/produit\\\/fourmiliere-verticale-t-avec-substrat\\\/#primaryimage\",\"url\":\"https:\\\/\\\/antderground.com\\\/wp-content\\\/uploads\\\/2024\\\/09\\\/hormiguero-version-T.jpg\",\"contentUrl\":\"https:\\\/\\\/antderground.com\\\/wp-content\\\/uploads\\\/2024\\\/09\\\/hormiguero-version-T.jpg\",\"width\":1600,\"height\":1600,\"caption\":\"Fourmili\u00e8re verticale T (avec substrat)\"},{\"@type\":\"BreadcrumbList\",\"@id\":\"https:\\\/\\\/antderground.com\\\/fr\\\/produit\\\/fourmiliere-verticale-t-avec-substrat\\\/#breadcrumb\",\"itemListElement\":[{\"@type\":\"ListItem\",\"position\":1,\"name\":\"Portada\",\"item\":\"https:\\\/\\\/antderground.com\\\/fr\\\/\"},{\"@type\":\"ListItem\",\"position\":2,\"name\":\"Boutique\",\"item\":\"https:\\\/\\\/antderground.com\\\/fr\\\/boutique\\\/\"},{\"@type\":\"ListItem\",\"position\":3,\"name\":\"Fourmili\u00e8re verticale T (avec substrat)\"}]},{\"@type\":\"WebSite\",\"@id\":\"https:\\\/\\\/antderground.com\\\/fr\\\/#website\",\"url\":\"https:\\\/\\\/antderground.com\\\/fr\\\/\",\"name\":\"ANTDERGROUND\",\"description\":\"Tu tienda de hormigas, gran variedad de hormigueros acr\u00edlicos,madera,arena,3D y mas.. Pide tus hormigas gratis con tu pedido, somos expertos en hormigueros antifugas.\",\"publisher\":{\"@id\":\"https:\\\/\\\/antderground.com\\\/fr\\\/#\\\/schema\\\/person\\\/0e322c505e84fe72c65e2f6d08f96b81\"},\"alternateName\":\"Antderground\",\"potentialAction\":[{\"@type\":\"SearchAction\",\"target\":{\"@type\":\"EntryPoint\",\"urlTemplate\":\"https:\\\/\\\/antderground.com\\\/fr\\\/?s={search_term_string}\"},\"query-input\":{\"@type\":\"PropertyValueSpecification\",\"valueRequired\":true,\"valueName\":\"search_term_string\"}}],\"inLanguage\":\"fr-FR\"},{\"@type\":[\"Person\",\"Organization\"],\"@id\":\"https:\\\/\\\/antderground.com\\\/fr\\\/#\\\/schema\\\/person\\\/0e322c505e84fe72c65e2f6d08f96b81\",\"name\":\"Eric de Antderground\",\"image\":{\"@type\":\"ImageObject\",\"inLanguage\":\"fr-FR\",\"@id\":\"https:\\\/\\\/secure.gravatar.com\\\/avatar\\\/c49a1b9f79216d1498cb73c1e85cd47f4465dda35f2a94c03790d491bd4423c3?s=96&d=mm&r=g\",\"url\":\"https:\\\/\\\/secure.gravatar.com\\\/avatar\\\/c49a1b9f79216d1498cb73c1e85cd47f4465dda35f2a94c03790d491bd4423c3?s=96&d=mm&r=g\",\"contentUrl\":\"https:\\\/\\\/secure.gravatar.com\\\/avatar\\\/c49a1b9f79216d1498cb73c1e85cd47f4465dda35f2a94c03790d491bd4423c3?s=96&d=mm&r=g\",\"caption\":\"Eric de Antderground\"},\"logo\":{\"@id\":\"https:\\\/\\\/secure.gravatar.com\\\/avatar\\\/c49a1b9f79216d1498cb73c1e85cd47f4465dda35f2a94c03790d491bd4423c3?s=96&d=mm&r=g\"},\"description\":\"Eric es el especialista y fundador de Antderground, con una amplia trayectoria en artr\u00f3podos y enfocado en la mirmecolog\u00eda y el dise\u00f1o de hormigueros artificiales. Su enfoque combina la innovaci\u00f3n t\u00e9cnica con el respeto por la biolog\u00eda de las hormigas, is\u00f3podos y otros, desarrollando sistemas de nidos modulares 3D y acr\u00edlicos que son referentes para aficionados y profesionales en toda Europa. Su objetivo es facilitar la cr\u00eda de hormigas y otros artr\u00f3podos mediante soluciones seguras y divulgaci\u00f3n de calidad.\",\"sameAs\":[\"https:\\\/\\\/antderground.com\\\/\",\"https:\\\/\\\/www.youtube.com\\\/channel\\\/UCio72z7TlbufkAthAJIJfPw\"]}]}<\/script>\n<!-- \/ Yoast SEO plugin. -->","yoast_head_json":{"title":"Fourmili\u00e8re verticale T (avec substrat) | Myrm\u00e9cologie - ANTDERGROUND","description":"Fourmili\u00e8re verticale au format T avec substrat et aires de chasse. Conception compacte id\u00e9ale pour cultiver et observer les fourmis. Achetez votre fourmili\u00e8re verticale","robots":{"index":"index","follow":"follow","max-snippet":"max-snippet:-1","max-image-preview":"max-image-preview:large","max-video-preview":"max-video-preview:-1"},"canonical":"https:\/\/antderground.com\/fr\/produit\/fourmiliere-verticale-t-avec-substrat\/","og_locale":"fr_FR","og_type":"article","og_title":"Fourmili\u00e8re verticale T (avec substrat) | Myrm\u00e9cologie - ANTDERGROUND","og_description":"Fourmili\u00e8re verticale au format T avec substrat et aires de chasse. Conception compacte id\u00e9ale pour cultiver et observer les fourmis. Achetez votre fourmili\u00e8re verticale","og_url":"https:\/\/antderground.com\/fr\/produit\/fourmiliere-verticale-t-avec-substrat\/","og_site_name":"ANTDERGROUND","article_modified_time":"2024-09-20T11:48:32+00:00","og_image":[{"width":1600,"height":1600,"url":"https:\/\/antderground.com\/wp-content\/uploads\/2024\/09\/hormiguero-version-T.jpg","type":"image\/jpeg"}],"twitter_card":"summary_large_image","twitter_misc":{"Dur\u00e9e de lecture estim\u00e9e":"2 minutes"},"schema":{"@context":"https:\/\/schema.org","@graph":[{"@type":"WebPage","@id":"https:\/\/antderground.com\/fr\/produit\/fourmiliere-verticale-t-avec-substrat\/","url":"https:\/\/antderground.com\/fr\/produit\/fourmiliere-verticale-t-avec-substrat\/","name":"Fourmili\u00e8re verticale T (avec substrat) | Myrm\u00e9cologie - ANTDERGROUND","isPartOf":{"@id":"https:\/\/antderground.com\/fr\/#website"},"primaryImageOfPage":{"@id":"https:\/\/antderground.com\/fr\/produit\/fourmiliere-verticale-t-avec-substrat\/#primaryimage"},"image":{"@id":"https:\/\/antderground.com\/fr\/produit\/fourmiliere-verticale-t-avec-substrat\/#primaryimage"},"thumbnailUrl":"https:\/\/antderground.com\/wp-content\/uploads\/2024\/09\/hormiguero-version-T.jpg","datePublished":"2024-09-20T09:28:46+00:00","dateModified":"2024-09-20T11:48:32+00:00","description":"Fourmili\u00e8re verticale au format T avec substrat et aires de chasse. Conception compacte id\u00e9ale pour cultiver et observer les fourmis. Achetez votre fourmili\u00e8re verticale","breadcrumb":{"@id":"https:\/\/antderground.com\/fr\/produit\/fourmiliere-verticale-t-avec-substrat\/#breadcrumb"},"inLanguage":"fr-FR","potentialAction":[{"@type":"ReadAction","target":["https:\/\/antderground.com\/fr\/produit\/fourmiliere-verticale-t-avec-substrat\/"]}]},{"@type":"ImageObject","inLanguage":"fr-FR","@id":"https:\/\/antderground.com\/fr\/produit\/fourmiliere-verticale-t-avec-substrat\/#primaryimage","url":"https:\/\/antderground.com\/wp-content\/uploads\/2024\/09\/hormiguero-version-T.jpg","contentUrl":"https:\/\/antderground.com\/wp-content\/uploads\/2024\/09\/hormiguero-version-T.jpg","width":1600,"height":1600,"caption":"Fourmili\u00e8re verticale T (avec substrat)"},{"@type":"BreadcrumbList","@id":"https:\/\/antderground.com\/fr\/produit\/fourmiliere-verticale-t-avec-substrat\/#breadcrumb","itemListElement":[{"@type":"ListItem","position":1,"name":"Portada","item":"https:\/\/antderground.com\/fr\/"},{"@type":"ListItem","position":2,"name":"Boutique","item":"https:\/\/antderground.com\/fr\/boutique\/"},{"@type":"ListItem","position":3,"name":"Fourmili\u00e8re verticale T (avec substrat)"}]},{"@type":"WebSite","@id":"https:\/\/antderground.com\/fr\/#website","url":"https:\/\/antderground.com\/fr\/","name":"ANTDERGROUND","description":"Tu tienda de hormigas, gran variedad de hormigueros acr\u00edlicos,madera,arena,3D y mas.. Pide tus hormigas gratis con tu pedido, somos expertos en hormigueros antifugas.","publisher":{"@id":"https:\/\/antderground.com\/fr\/#\/schema\/person\/0e322c505e84fe72c65e2f6d08f96b81"},"alternateName":"Antderground","potentialAction":[{"@type":"SearchAction","target":{"@type":"EntryPoint","urlTemplate":"https:\/\/antderground.com\/fr\/?s={search_term_string}"},"query-input":{"@type":"PropertyValueSpecification","valueRequired":true,"valueName":"search_term_string"}}],"inLanguage":"fr-FR"},{"@type":["Person","Organization"],"@id":"https:\/\/antderground.com\/fr\/#\/schema\/person\/0e322c505e84fe72c65e2f6d08f96b81","name":"Eric de Antderground","image":{"@type":"ImageObject","inLanguage":"fr-FR","@id":"https:\/\/secure.gravatar.com\/avatar\/c49a1b9f79216d1498cb73c1e85cd47f4465dda35f2a94c03790d491bd4423c3?s=96&d=mm&r=g","url":"https:\/\/secure.gravatar.com\/avatar\/c49a1b9f79216d1498cb73c1e85cd47f4465dda35f2a94c03790d491bd4423c3?s=96&d=mm&r=g","contentUrl":"https:\/\/secure.gravatar.com\/avatar\/c49a1b9f79216d1498cb73c1e85cd47f4465dda35f2a94c03790d491bd4423c3?s=96&d=mm&r=g","caption":"Eric de Antderground"},"logo":{"@id":"https:\/\/secure.gravatar.com\/avatar\/c49a1b9f79216d1498cb73c1e85cd47f4465dda35f2a94c03790d491bd4423c3?s=96&d=mm&r=g"},"description":"Eric es el especialista y fundador de Antderground, con una amplia trayectoria en artr\u00f3podos y enfocado en la mirmecolog\u00eda y el dise\u00f1o de hormigueros artificiales. Su enfoque combina la innovaci\u00f3n t\u00e9cnica con el respeto por la biolog\u00eda de las hormigas, is\u00f3podos y otros, desarrollando sistemas de nidos modulares 3D y acr\u00edlicos que son referentes para aficionados y profesionales en toda Europa. Su objetivo es facilitar la cr\u00eda de hormigas y otros artr\u00f3podos mediante soluciones seguras y divulgaci\u00f3n de calidad.","sameAs":["https:\/\/antderground.com\/","https:\/\/www.youtube.com\/channel\/UCio72z7TlbufkAthAJIJfPw"]}]}},"_links":{"self":[{"href":"https:\/\/antderground.com\/fr\/wp-json\/wp\/v2\/product\/36557","targetHints":{"allow":["GET"]}}],"collection":[{"href":"https:\/\/antderground.com\/fr\/wp-json\/wp\/v2\/product"}],"about":[{"href":"https:\/\/antderground.com\/fr\/wp-json\/wp\/v2\/types\/product"}],"version-history":[{"count":0,"href":"https:\/\/antderground.com\/fr\/wp-json\/wp\/v2\/product\/36557\/revisions"}],"wp:featuredmedia":[{"embeddable":true,"href":"https:\/\/antderground.com\/fr\/wp-json\/wp\/v2\/media\/36550"}],"wp:attachment":[{"href":"https:\/\/antderground.com\/fr\/wp-json\/wp\/v2\/media?parent=36557"}],"wp:term":[{"taxonomy":"product_brand","embeddable":true,"href":"https:\/\/antderground.com\/fr\/wp-json\/wp\/v2\/product_brand?post=36557"},{"taxonomy":"product_cat","embeddable":true,"href":"https:\/\/antderground.com\/fr\/wp-json\/wp\/v2\/product_cat?post=36557"},{"taxonomy":"product_tag","embeddable":true,"href":"https:\/\/antderground.com\/fr\/wp-json\/wp\/v2\/product_tag?post=36557"}],"curies":[{"name":"wp","href":"https:\/\/api.w.org\/{rel}","templated":true}]}}