{"id":36999,"date":"2024-09-28T22:04:36","date_gmt":"2024-09-28T20:04:36","guid":{"rendered":"https:\/\/www.antderground.com\/producto\/paludarium-et-terrarium-en-verre-exo-terra-differentes-tailles\/"},"modified":"2024-09-28T22:04:36","modified_gmt":"2024-09-28T20:04:36","slug":"paludarium-et-terrarium-en-verre-exo-terra-differentes-tailles","status":"publish","type":"product","link":"https:\/\/antderground.com\/fr\/produit\/paludarium-et-terrarium-en-verre-exo-terra-differentes-tailles\/","title":{"rendered":"Paludarium et terrarium en verre Exo Terra (Diff\u00e9rentes tailles)"},"content":{"rendered":"<h2><strong>Paludarium Exo Terra : Habitat Semi-Aquatique Complet<\/strong><\/h2>\n<p>Le Paludarium Exo Terra combine aquarium et terrarium, recr\u00e9ant un environnement tropical, mar\u00e9cageux ou de ruisseau. Son design en verre avec une fa\u00e7ade haute permet un niveau d&#8217;eau plus \u00e9lev\u00e9, offrant de l&#8217;espace pour les esp\u00e8ces aquatiques et terrestres. Il est id\u00e9al pour la reproduction, le d\u00e9veloppement et la sant\u00e9 de diverses esp\u00e8ces animales et v\u00e9g\u00e9tales.<\/p>\n<h4>Caract\u00e9ristiques principales :<\/h4>\n<ul>\n<li>Combinaison Aqua-Terrarium enti\u00e8rement en verre<\/li>\n<li>Fond imperm\u00e9able extra-profond<\/li>\n<li>Id\u00e9al pour les esp\u00e8ces vivant dans des ruisseaux<\/li>\n<li>Cr\u00e9e un habitat de for\u00eat tropicale, de marais ou de rivi\u00e8re<\/li>\n<li>Parfait pour installer un syst\u00e8me de filtration biologique<\/li>\n<li>Avec un fond d\u00e9coratif de racines<\/li>\n<li>Portes frontales doubles pour un acc\u00e8s sans fuite<\/li>\n<li>Ventilation unique sur la fen\u00eatre frontale<\/li>\n<li>Entr\u00e9es pour c\u00e2bles et\/ou tuyaux, qui peuvent \u00eatre ferm\u00e9es<\/li>\n<li>Panneau frontal inf\u00e9rieur des paludariums d&#8217;environ 27 cm de hauteur<\/li>\n<\/ul>\n<h3>La zone habitable du paludarium est divis\u00e9e en trois zones principales :<\/h3>\n<p><strong>Zone terrestre<\/strong><br \/>\nLa zone terrestre est une zone s\u00e8che comprenant des plantes, des arbustes, des arbres et des rochers, et reste toujours hors de l&#8217;eau. Dans les r\u00e9gions tropicales, elle est le foyer de nombreux invert\u00e9br\u00e9s, reptiles et amphibiens.<\/p>\n<p><strong>Zone riveraine<\/strong><br \/>\nLa zone riveraine ou bord de rivi\u00e8re est l&#8217;interface entre l&#8217;eau et la terre. C&#8217;est l\u00e0 que vivent les reptiles semi-aquatiques et les amphibiens.<\/p>\n<p><strong>Zone aquatique<\/strong><br \/>\nLa zone aquatique peut repr\u00e9senter un ruisseau, un \u00e9tang ou un lac, et c&#8217;est la zone id\u00e9ale pour les tortues, les amphibiens aquatiques, les poissons et les crevettes d&#8217;eau douce. Gr\u00e2ce au <em>panneau frontal inf\u00e9rieur, qui mesure environ 27 cm de hauteur<\/em>, il est possible de maintenir un plus grand volume d&#8217;eau dans cette section.<\/p>\n<table border=\"3\">\n<tbody>\n<tr>\n<td style=\"text-align: center;\"><strong>Mod\u00e8le<\/strong><\/td>\n<td style=\"text-align: center;\"><strong>Mini X-Tall<\/strong><\/td>\n<td style=\"text-align: center;\"><strong>Petit X-Tall<\/strong><\/td>\n<td style=\"text-align: center;\"><strong>Moyen X-Tall<\/strong><\/td>\n<td style=\"text-align: center;\"><strong>Grand X-Tall<\/strong><\/td>\n<\/tr>\n<tr>\n<td style=\"text-align: center;\">Volume approximatif de la zone aquatique<\/td>\n<td style=\"text-align: center;\">24 litres<\/td>\n<td style=\"text-align: center;\">54 litres<\/td>\n<td style=\"text-align: center;\">72 litres<\/td>\n<td style=\"text-align: center;\">109 litres<\/td>\n<\/tr>\n<\/tbody>\n<\/table>\n<p><strong>Fond d\u00e9coratif avec racines<\/strong><br \/>\nLe fond d\u00e9coratif avec un design de racines offre aux habitants du paludarium plus d&#8217;options pour grimper et recr\u00e9e l&#8217;environnement naturel des racines d&#8217;un figuier du Bengale. Cet espace tridimensionnel \u00e9largi cr\u00e9e un habitat id\u00e9al pour diverses esp\u00e8ces arboricoles, telles que les boas et pythons arboricoles, les geckos diurnes, les geckos \u00e0 queue de feuille, les geckos tokay, les grenouilles arboricoles, entre autres.<\/p>\n<h2>Sp\u00e9cifications techniques et tailles<\/h2>\n<table border=\"3\">\n<tbody>\n<tr>\n<td><strong>Description<\/strong><\/td>\n<td><strong>Dimensions (LxlxH)<\/strong><\/td>\n<td><strong>Volume de la zone aquatique (approx.)<\/strong><\/td>\n<\/tr>\n<tr>\n<td>Mini X-Tall<\/td>\n<td>30 x 30 x 60 cm<\/td>\n<td>24 litres<\/td>\n<\/tr>\n<tr>\n<td>Petit X-Tall<\/td>\n<td>45 x 45 x 90 cm<\/td>\n<td>54 litres<\/td>\n<\/tr>\n<tr>\n<td>Moyen X-Tall<\/td>\n<td>60 x 45 x 60 cm<\/td>\n<td>72 litres<\/td>\n<\/tr>\n<tr>\n<td>Grand X-Tall<\/td>\n<td>90 x 45 x 90 cm<\/td>\n<td>109 litres<\/td>\n<\/tr>\n<\/tbody>\n<\/table>\n","protected":false},"excerpt":{"rendered":"<p>Le paludarium Exo Terra offre le meilleur des deux environnements, avec un verre frontal extra haut dans sa partie inf\u00e9rieure, permettant un niveau d&#8217;eau sup\u00e9rieur \u00e0 celui des terrariums traditionnels. Cela facilite l&#8217;incorporation d&#8217;une section aquatique consid\u00e9rable, o\u00f9 il est possible de maintenir \u00e0 la fois des animaux aquatiques et des plantes, compl\u00e9tant parfaitement la zone terrestre ou de terrarium.<\/p>\n<p><strong>**Ce produit est exp\u00e9di\u00e9 directement depuis l&#8217;usine, avec un d\u00e9lai de livraison estim\u00e9 entre 3 et 7 jours ouvrables.<\/strong><\/p>\n","protected":false},"featured_media":36782,"template":"","meta":[],"product_brand":[],"product_cat":[424],"product_tag":[],"class_list":{"0":"post-36999","1":"product","2":"type-product","3":"status-publish","4":"has-post-thumbnail","6":"product_cat-terrariums","8":"first","9":"instock","10":"shipping-taxable","11":"purchasable","12":"product-type-variable"},"yoast_head":"<!-- This site is optimized with the Yoast SEO plugin v27.3 - https:\/\/yoast.com\/product\/yoast-seo-wordpress\/ -->\n<title>Paludarium et terrarium en verre Exo Terra (Diff\u00e9rentes tailles) - ANTDERGROUND<\/title>\n<meta name=\"description\" content=\"D\u00e9couvrez le Paludario (Exo Terra), un habitat semi-aquatique combinant aquarium et terrarium, id\u00e9al pour les esp\u00e8ces aquatiques et terrestres.\" \/>\n<meta name=\"robots\" content=\"index, follow, max-snippet:-1, max-image-preview:large, max-video-preview:-1\" \/>\n<link rel=\"canonical\" href=\"https:\/\/antderground.com\/fr\/produit\/paludarium-et-terrarium-en-verre-exo-terra-differentes-tailles\/\" \/>\n<meta property=\"og:locale\" content=\"fr_FR\" \/>\n<meta property=\"og:type\" content=\"article\" \/>\n<meta property=\"og:title\" content=\"Paludarium et terrarium en verre Exo Terra (Diff\u00e9rentes tailles) - ANTDERGROUND\" \/>\n<meta property=\"og:description\" content=\"D\u00e9couvrez le Paludario (Exo Terra), un habitat semi-aquatique combinant aquarium et terrarium, id\u00e9al pour les esp\u00e8ces aquatiques et terrestres.\" \/>\n<meta property=\"og:url\" content=\"https:\/\/antderground.com\/fr\/produit\/paludarium-et-terrarium-en-verre-exo-terra-differentes-tailles\/\" \/>\n<meta property=\"og:site_name\" content=\"ANTDERGROUND\" \/>\n<meta property=\"og:image\" content=\"https:\/\/antderground.com\/wp-content\/uploads\/2024\/09\/paludarium-terrario-de-cristal-exo-terra-pequeno.jpg\" \/>\n\t<meta property=\"og:image:width\" content=\"800\" \/>\n\t<meta property=\"og:image:height\" content=\"800\" \/>\n\t<meta property=\"og:image:type\" content=\"image\/jpeg\" \/>\n<meta name=\"twitter:card\" content=\"summary_large_image\" \/>\n<meta name=\"twitter:label1\" content=\"Dur\u00e9e de lecture estim\u00e9e\" \/>\n\t<meta name=\"twitter:data1\" content=\"2 minutes\" \/>\n<script type=\"application\/ld+json\" class=\"yoast-schema-graph\">{\"@context\":\"https:\\\/\\\/schema.org\",\"@graph\":[{\"@type\":\"WebPage\",\"@id\":\"https:\\\/\\\/antderground.com\\\/fr\\\/produit\\\/paludarium-et-terrarium-en-verre-exo-terra-differentes-tailles\\\/\",\"url\":\"https:\\\/\\\/antderground.com\\\/fr\\\/produit\\\/paludarium-et-terrarium-en-verre-exo-terra-differentes-tailles\\\/\",\"name\":\"Paludarium et terrarium en verre Exo Terra (Diff\u00e9rentes tailles) - ANTDERGROUND\",\"isPartOf\":{\"@id\":\"https:\\\/\\\/antderground.com\\\/fr\\\/#website\"},\"primaryImageOfPage\":{\"@id\":\"https:\\\/\\\/antderground.com\\\/fr\\\/produit\\\/paludarium-et-terrarium-en-verre-exo-terra-differentes-tailles\\\/#primaryimage\"},\"image\":{\"@id\":\"https:\\\/\\\/antderground.com\\\/fr\\\/produit\\\/paludarium-et-terrarium-en-verre-exo-terra-differentes-tailles\\\/#primaryimage\"},\"thumbnailUrl\":\"https:\\\/\\\/antderground.com\\\/wp-content\\\/uploads\\\/2024\\\/09\\\/paludarium-terrario-de-cristal-exo-terra-pequeno.jpg\",\"datePublished\":\"2024-09-28T20:04:36+00:00\",\"description\":\"D\u00e9couvrez le Paludario (Exo Terra), un habitat semi-aquatique combinant aquarium et terrarium, id\u00e9al pour les esp\u00e8ces aquatiques et terrestres.\",\"breadcrumb\":{\"@id\":\"https:\\\/\\\/antderground.com\\\/fr\\\/produit\\\/paludarium-et-terrarium-en-verre-exo-terra-differentes-tailles\\\/#breadcrumb\"},\"inLanguage\":\"fr-FR\",\"potentialAction\":[{\"@type\":\"ReadAction\",\"target\":[\"https:\\\/\\\/antderground.com\\\/fr\\\/produit\\\/paludarium-et-terrarium-en-verre-exo-terra-differentes-tailles\\\/\"]}]},{\"@type\":\"ImageObject\",\"inLanguage\":\"fr-FR\",\"@id\":\"https:\\\/\\\/antderground.com\\\/fr\\\/produit\\\/paludarium-et-terrarium-en-verre-exo-terra-differentes-tailles\\\/#primaryimage\",\"url\":\"https:\\\/\\\/antderground.com\\\/wp-content\\\/uploads\\\/2024\\\/09\\\/paludarium-terrario-de-cristal-exo-terra-pequeno.jpg\",\"contentUrl\":\"https:\\\/\\\/antderground.com\\\/wp-content\\\/uploads\\\/2024\\\/09\\\/paludarium-terrario-de-cristal-exo-terra-pequeno.jpg\",\"width\":800,\"height\":800},{\"@type\":\"BreadcrumbList\",\"@id\":\"https:\\\/\\\/antderground.com\\\/fr\\\/produit\\\/paludarium-et-terrarium-en-verre-exo-terra-differentes-tailles\\\/#breadcrumb\",\"itemListElement\":[{\"@type\":\"ListItem\",\"position\":1,\"name\":\"Portada\",\"item\":\"https:\\\/\\\/antderground.com\\\/fr\\\/\"},{\"@type\":\"ListItem\",\"position\":2,\"name\":\"Boutique\",\"item\":\"https:\\\/\\\/antderground.com\\\/fr\\\/boutique\\\/\"},{\"@type\":\"ListItem\",\"position\":3,\"name\":\"Paludarium et terrarium en verre Exo Terra (Diff\u00e9rentes tailles)\"}]},{\"@type\":\"WebSite\",\"@id\":\"https:\\\/\\\/antderground.com\\\/fr\\\/#website\",\"url\":\"https:\\\/\\\/antderground.com\\\/fr\\\/\",\"name\":\"ANTDERGROUND\",\"description\":\"Tu tienda de hormigas, gran variedad de hormigueros acr\u00edlicos,madera,arena,3D y mas.. Pide tus hormigas gratis con tu pedido, somos expertos en hormigueros antifugas.\",\"publisher\":{\"@id\":\"https:\\\/\\\/antderground.com\\\/fr\\\/#\\\/schema\\\/person\\\/0e322c505e84fe72c65e2f6d08f96b81\"},\"alternateName\":\"Antderground\",\"potentialAction\":[{\"@type\":\"SearchAction\",\"target\":{\"@type\":\"EntryPoint\",\"urlTemplate\":\"https:\\\/\\\/antderground.com\\\/fr\\\/?s={search_term_string}\"},\"query-input\":{\"@type\":\"PropertyValueSpecification\",\"valueRequired\":true,\"valueName\":\"search_term_string\"}}],\"inLanguage\":\"fr-FR\"},{\"@type\":[\"Person\",\"Organization\"],\"@id\":\"https:\\\/\\\/antderground.com\\\/fr\\\/#\\\/schema\\\/person\\\/0e322c505e84fe72c65e2f6d08f96b81\",\"name\":\"Eric de Antderground\",\"image\":{\"@type\":\"ImageObject\",\"inLanguage\":\"fr-FR\",\"@id\":\"https:\\\/\\\/secure.gravatar.com\\\/avatar\\\/c49a1b9f79216d1498cb73c1e85cd47f4465dda35f2a94c03790d491bd4423c3?s=96&d=mm&r=g\",\"url\":\"https:\\\/\\\/secure.gravatar.com\\\/avatar\\\/c49a1b9f79216d1498cb73c1e85cd47f4465dda35f2a94c03790d491bd4423c3?s=96&d=mm&r=g\",\"contentUrl\":\"https:\\\/\\\/secure.gravatar.com\\\/avatar\\\/c49a1b9f79216d1498cb73c1e85cd47f4465dda35f2a94c03790d491bd4423c3?s=96&d=mm&r=g\",\"caption\":\"Eric de Antderground\"},\"logo\":{\"@id\":\"https:\\\/\\\/secure.gravatar.com\\\/avatar\\\/c49a1b9f79216d1498cb73c1e85cd47f4465dda35f2a94c03790d491bd4423c3?s=96&d=mm&r=g\"},\"description\":\"Eric es el especialista y fundador de Antderground, con una amplia trayectoria en artr\u00f3podos y enfocado en la mirmecolog\u00eda y el dise\u00f1o de hormigueros artificiales. Su enfoque combina la innovaci\u00f3n t\u00e9cnica con el respeto por la biolog\u00eda de las hormigas, is\u00f3podos y otros, desarrollando sistemas de nidos modulares 3D y acr\u00edlicos que son referentes para aficionados y profesionales en toda Europa. Su objetivo es facilitar la cr\u00eda de hormigas y otros artr\u00f3podos mediante soluciones seguras y divulgaci\u00f3n de calidad.\",\"sameAs\":[\"https:\\\/\\\/antderground.com\\\/\",\"https:\\\/\\\/www.youtube.com\\\/channel\\\/UCio72z7TlbufkAthAJIJfPw\"]}]}<\/script>\n<!-- \/ Yoast SEO plugin. -->","yoast_head_json":{"title":"Paludarium et terrarium en verre Exo Terra (Diff\u00e9rentes tailles) - ANTDERGROUND","description":"D\u00e9couvrez le Paludario (Exo Terra), un habitat semi-aquatique combinant aquarium et terrarium, id\u00e9al pour les esp\u00e8ces aquatiques et terrestres.","robots":{"index":"index","follow":"follow","max-snippet":"max-snippet:-1","max-image-preview":"max-image-preview:large","max-video-preview":"max-video-preview:-1"},"canonical":"https:\/\/antderground.com\/fr\/produit\/paludarium-et-terrarium-en-verre-exo-terra-differentes-tailles\/","og_locale":"fr_FR","og_type":"article","og_title":"Paludarium et terrarium en verre Exo Terra (Diff\u00e9rentes tailles) - ANTDERGROUND","og_description":"D\u00e9couvrez le Paludario (Exo Terra), un habitat semi-aquatique combinant aquarium et terrarium, id\u00e9al pour les esp\u00e8ces aquatiques et terrestres.","og_url":"https:\/\/antderground.com\/fr\/produit\/paludarium-et-terrarium-en-verre-exo-terra-differentes-tailles\/","og_site_name":"ANTDERGROUND","og_image":[{"width":800,"height":800,"url":"https:\/\/antderground.com\/wp-content\/uploads\/2024\/09\/paludarium-terrario-de-cristal-exo-terra-pequeno.jpg","type":"image\/jpeg"}],"twitter_card":"summary_large_image","twitter_misc":{"Dur\u00e9e de lecture estim\u00e9e":"2 minutes"},"schema":{"@context":"https:\/\/schema.org","@graph":[{"@type":"WebPage","@id":"https:\/\/antderground.com\/fr\/produit\/paludarium-et-terrarium-en-verre-exo-terra-differentes-tailles\/","url":"https:\/\/antderground.com\/fr\/produit\/paludarium-et-terrarium-en-verre-exo-terra-differentes-tailles\/","name":"Paludarium et terrarium en verre Exo Terra (Diff\u00e9rentes tailles) - ANTDERGROUND","isPartOf":{"@id":"https:\/\/antderground.com\/fr\/#website"},"primaryImageOfPage":{"@id":"https:\/\/antderground.com\/fr\/produit\/paludarium-et-terrarium-en-verre-exo-terra-differentes-tailles\/#primaryimage"},"image":{"@id":"https:\/\/antderground.com\/fr\/produit\/paludarium-et-terrarium-en-verre-exo-terra-differentes-tailles\/#primaryimage"},"thumbnailUrl":"https:\/\/antderground.com\/wp-content\/uploads\/2024\/09\/paludarium-terrario-de-cristal-exo-terra-pequeno.jpg","datePublished":"2024-09-28T20:04:36+00:00","description":"D\u00e9couvrez le Paludario (Exo Terra), un habitat semi-aquatique combinant aquarium et terrarium, id\u00e9al pour les esp\u00e8ces aquatiques et terrestres.","breadcrumb":{"@id":"https:\/\/antderground.com\/fr\/produit\/paludarium-et-terrarium-en-verre-exo-terra-differentes-tailles\/#breadcrumb"},"inLanguage":"fr-FR","potentialAction":[{"@type":"ReadAction","target":["https:\/\/antderground.com\/fr\/produit\/paludarium-et-terrarium-en-verre-exo-terra-differentes-tailles\/"]}]},{"@type":"ImageObject","inLanguage":"fr-FR","@id":"https:\/\/antderground.com\/fr\/produit\/paludarium-et-terrarium-en-verre-exo-terra-differentes-tailles\/#primaryimage","url":"https:\/\/antderground.com\/wp-content\/uploads\/2024\/09\/paludarium-terrario-de-cristal-exo-terra-pequeno.jpg","contentUrl":"https:\/\/antderground.com\/wp-content\/uploads\/2024\/09\/paludarium-terrario-de-cristal-exo-terra-pequeno.jpg","width":800,"height":800},{"@type":"BreadcrumbList","@id":"https:\/\/antderground.com\/fr\/produit\/paludarium-et-terrarium-en-verre-exo-terra-differentes-tailles\/#breadcrumb","itemListElement":[{"@type":"ListItem","position":1,"name":"Portada","item":"https:\/\/antderground.com\/fr\/"},{"@type":"ListItem","position":2,"name":"Boutique","item":"https:\/\/antderground.com\/fr\/boutique\/"},{"@type":"ListItem","position":3,"name":"Paludarium et terrarium en verre Exo Terra (Diff\u00e9rentes tailles)"}]},{"@type":"WebSite","@id":"https:\/\/antderground.com\/fr\/#website","url":"https:\/\/antderground.com\/fr\/","name":"ANTDERGROUND","description":"Tu tienda de hormigas, gran variedad de hormigueros acr\u00edlicos,madera,arena,3D y mas.. Pide tus hormigas gratis con tu pedido, somos expertos en hormigueros antifugas.","publisher":{"@id":"https:\/\/antderground.com\/fr\/#\/schema\/person\/0e322c505e84fe72c65e2f6d08f96b81"},"alternateName":"Antderground","potentialAction":[{"@type":"SearchAction","target":{"@type":"EntryPoint","urlTemplate":"https:\/\/antderground.com\/fr\/?s={search_term_string}"},"query-input":{"@type":"PropertyValueSpecification","valueRequired":true,"valueName":"search_term_string"}}],"inLanguage":"fr-FR"},{"@type":["Person","Organization"],"@id":"https:\/\/antderground.com\/fr\/#\/schema\/person\/0e322c505e84fe72c65e2f6d08f96b81","name":"Eric de Antderground","image":{"@type":"ImageObject","inLanguage":"fr-FR","@id":"https:\/\/secure.gravatar.com\/avatar\/c49a1b9f79216d1498cb73c1e85cd47f4465dda35f2a94c03790d491bd4423c3?s=96&d=mm&r=g","url":"https:\/\/secure.gravatar.com\/avatar\/c49a1b9f79216d1498cb73c1e85cd47f4465dda35f2a94c03790d491bd4423c3?s=96&d=mm&r=g","contentUrl":"https:\/\/secure.gravatar.com\/avatar\/c49a1b9f79216d1498cb73c1e85cd47f4465dda35f2a94c03790d491bd4423c3?s=96&d=mm&r=g","caption":"Eric de Antderground"},"logo":{"@id":"https:\/\/secure.gravatar.com\/avatar\/c49a1b9f79216d1498cb73c1e85cd47f4465dda35f2a94c03790d491bd4423c3?s=96&d=mm&r=g"},"description":"Eric es el especialista y fundador de Antderground, con una amplia trayectoria en artr\u00f3podos y enfocado en la mirmecolog\u00eda y el dise\u00f1o de hormigueros artificiales. Su enfoque combina la innovaci\u00f3n t\u00e9cnica con el respeto por la biolog\u00eda de las hormigas, is\u00f3podos y otros, desarrollando sistemas de nidos modulares 3D y acr\u00edlicos que son referentes para aficionados y profesionales en toda Europa. Su objetivo es facilitar la cr\u00eda de hormigas y otros artr\u00f3podos mediante soluciones seguras y divulgaci\u00f3n de calidad.","sameAs":["https:\/\/antderground.com\/","https:\/\/www.youtube.com\/channel\/UCio72z7TlbufkAthAJIJfPw"]}]}},"_links":{"self":[{"href":"https:\/\/antderground.com\/fr\/wp-json\/wp\/v2\/product\/36999","targetHints":{"allow":["GET"]}}],"collection":[{"href":"https:\/\/antderground.com\/fr\/wp-json\/wp\/v2\/product"}],"about":[{"href":"https:\/\/antderground.com\/fr\/wp-json\/wp\/v2\/types\/product"}],"version-history":[{"count":0,"href":"https:\/\/antderground.com\/fr\/wp-json\/wp\/v2\/product\/36999\/revisions"}],"wp:featuredmedia":[{"embeddable":true,"href":"https:\/\/antderground.com\/fr\/wp-json\/wp\/v2\/media\/36782"}],"wp:attachment":[{"href":"https:\/\/antderground.com\/fr\/wp-json\/wp\/v2\/media?parent=36999"}],"wp:term":[{"taxonomy":"product_brand","embeddable":true,"href":"https:\/\/antderground.com\/fr\/wp-json\/wp\/v2\/product_brand?post=36999"},{"taxonomy":"product_cat","embeddable":true,"href":"https:\/\/antderground.com\/fr\/wp-json\/wp\/v2\/product_cat?post=36999"},{"taxonomy":"product_tag","embeddable":true,"href":"https:\/\/antderground.com\/fr\/wp-json\/wp\/v2\/product_tag?post=36999"}],"curies":[{"name":"wp","href":"https:\/\/api.w.org\/{rel}","templated":true}]}}