{"id":37806,"date":"2024-11-08T17:28:27","date_gmt":"2024-11-08T16:28:27","guid":{"rendered":"https:\/\/www.antderground.com\/producto\/kit-modulaire-3d-v2m\/"},"modified":"2024-12-02T10:34:18","modified_gmt":"2024-12-02T09:34:18","slug":"kit-fourmiliere-modulaire-3d-10x20-v2-m","status":"publish","type":"product","link":"https:\/\/antderground.com\/fr\/produit\/kit-fourmiliere-modulaire-3d-10x20-v2-m\/","title":{"rendered":"Kit modulaire 3D (v2)(M)"},"content":{"rendered":"<p><strong>Kit Modulaire 3D Moyen pour Colonies de Fourmis<\/strong><\/p>\n<p>Ce kit modulaire 3D de taille moyenne est parfait pour ceux qui souhaitent d\u00e9marrer avec des colonies de fourmis de taille moyenne. Gr\u00e2ce \u00e0 son design modulaire, vous pouvez l\u2019agrandir selon vos besoins et vos pr\u00e9f\u00e9rences, l&#8217;adaptant ainsi \u00e0 la croissance de vos colonies.<\/p>\n<h3>Contenu du Pack<\/h3>\n<ol>\n<li><strong>Aires de chasse 10&#215;10 cm<\/strong><br \/>\nId\u00e9ale pour offrir un espace s\u00e9curis\u00e9 de recherche de nourriture aux fourmis.<br \/>\n<strong>Caract\u00e9ristiques<\/strong> :<\/p>\n<ul>\n<li><strong>Couleur<\/strong> : Blanc<\/li>\n<li><strong>Structure<\/strong> : Cr\u00e9\u00e9e en 3D avec des c\u00f4t\u00e9s en m\u00e9thacrylate<\/li>\n<li><strong>Syst\u00e8me de respiration<\/strong> : Oui<\/li>\n<li><strong>Modulaire<\/strong> : Oui<\/li>\n<li><strong>Entr\u00e9es\/Connexions<\/strong> : 4<\/li>\n<\/ul>\n<\/li>\n<li><strong>Fourmili\u00e8re Modulaire 3D 10&#215;20 cm<\/strong><br \/>\nUne fourmili\u00e8re de taille moyenne con\u00e7ue pour s&#8217;adapter aux colonies en croissance.<br \/>\n<strong>Caract\u00e9ristiques<\/strong> :<\/p>\n<ul>\n<li><strong>Version 2<\/strong> : Comprend des zones plus grandes pour un meilleur confort<\/li>\n<li><strong>R\u00e9servoir d&#8217;eau<\/strong> : 20 ml<\/li>\n<li><strong>Couleur<\/strong> : Blanc \/ Jaune<\/li>\n<li><strong>Couvercle<\/strong> : Inclus en rouge<\/li>\n<li><strong>Modulaire<\/strong> : Oui<\/li>\n<li><strong>Portes internes<\/strong> : 1<\/li>\n<li><strong>Portes externes<\/strong> : 6<\/li>\n<\/ul>\n<\/li>\n<li><strong>Connecteur Modulaire<\/strong><br \/>\nAccessoire essentiel pour agrandir et connecter des modules suppl\u00e9mentaires.<\/li>\n<li><strong>Couvercle Rouge pour Fourmili\u00e8re<\/strong><br \/>\nPermet de garder la fourmili\u00e8re ferm\u00e9e et s\u00e9curis\u00e9e pour les fourmis.<\/li>\n<\/ol>\n<p>Avec ce kit modulaire, vous aurez un syst\u00e8me enti\u00e8rement adaptable pour commencer \u00e0 \u00e9lever des fourmis, avec la possibilit\u00e9 de l\u2019agrandir selon vos besoins, en gardant un environnement s\u00e9curis\u00e9 et contr\u00f4l\u00e9 pour vos colonies.<\/p>\n","protected":false},"excerpt":{"rendered":"<p>Ce kit est id\u00e9al pour d\u00e9marrer des colonies moyennes, avec un design modulaire permettant de l\u2019agrandir selon vos envies. Il inclut une aire de chasse, une fourmili\u00e8re, un connecteur et un couvercle rouge. Parfait pour un environnement s\u00e9curis\u00e9 et personnalisable.<\/p>\n<p><strong>Caract\u00e9ristiques :<\/strong><\/p>\n<ul>\n<li>Aire de chasse : 10&#215;10 cm<\/li>\n<li>Fourmili\u00e8re : 10&#215;20 cm<\/li>\n<li>Connecteur modulaire : Oui<\/li>\n<li>Couvercle rouge : Oui&#8221;<\/li>\n<\/ul>\n","protected":false},"featured_media":37791,"template":"","meta":[],"product_brand":[],"product_cat":[114,431,304],"product_tag":[],"class_list":{"0":"post-37806","1":"product","2":"type-product","3":"status-publish","4":"has-post-thumbnail","6":"product_cat-fourmilieres","7":"product_cat-fourmilieres-3d","8":"product_cat-kits-fourmiliere","10":"first","11":"instock","12":"sale","13":"shipping-taxable","14":"purchasable","15":"product-type-simple"},"yoast_head":"<!-- This site is optimized with the Yoast SEO plugin v27.3 - https:\/\/yoast.com\/product\/yoast-seo-wordpress\/ -->\n<title>Kit modulaire 3D (v2)(M) | Fourmili\u00e8re 10x20 + Aire de chasse 10x10 - ANTDERGROUND<\/title>\n<meta name=\"description\" content=\"Nouveau kit modulaire 3D (M) compos\u00e9 d&#039;une fourmili\u00e8re 3D 10x20 et d&#039;une aire de chasse 10x10. Ta fourmili\u00e8re la plus impressionnante et surprenante !! ;-)\" \/>\n<meta name=\"robots\" content=\"index, follow, max-snippet:-1, max-image-preview:large, max-video-preview:-1\" \/>\n<link rel=\"canonical\" href=\"https:\/\/antderground.com\/fr\/produit\/kit-fourmiliere-modulaire-3d-10x20-v2-m\/\" \/>\n<meta property=\"og:locale\" content=\"fr_FR\" \/>\n<meta property=\"og:type\" content=\"article\" \/>\n<meta property=\"og:title\" content=\"Kit modulaire 3D (v2)(M) | Fourmili\u00e8re 10x20 + Aire de chasse 10x10 - ANTDERGROUND\" \/>\n<meta property=\"og:description\" content=\"Nouveau kit modulaire 3D (M) compos\u00e9 d&#039;une fourmili\u00e8re 3D 10x20 et d&#039;une aire de chasse 10x10. Ta fourmili\u00e8re la plus impressionnante et surprenante !! ;-)\" \/>\n<meta property=\"og:url\" content=\"https:\/\/antderground.com\/fr\/produit\/kit-fourmiliere-modulaire-3d-10x20-v2-m\/\" \/>\n<meta property=\"og:site_name\" content=\"ANTDERGROUND\" \/>\n<meta property=\"article:modified_time\" content=\"2024-12-02T09:34:18+00:00\" \/>\n<meta property=\"og:image\" content=\"https:\/\/antderground.com\/wp-content\/uploads\/2024\/11\/kit-10x20-1.jpg\" \/>\n\t<meta property=\"og:image:width\" content=\"1600\" \/>\n\t<meta property=\"og:image:height\" content=\"1600\" \/>\n\t<meta property=\"og:image:type\" content=\"image\/jpeg\" \/>\n<meta name=\"twitter:card\" content=\"summary_large_image\" \/>\n<meta name=\"twitter:label1\" content=\"Dur\u00e9e de lecture estim\u00e9e\" \/>\n\t<meta name=\"twitter:data1\" content=\"2 minutes\" \/>\n<script type=\"application\/ld+json\" class=\"yoast-schema-graph\">{\"@context\":\"https:\\\/\\\/schema.org\",\"@graph\":[{\"@type\":\"WebPage\",\"@id\":\"https:\\\/\\\/antderground.com\\\/fr\\\/produit\\\/kit-fourmiliere-modulaire-3d-10x20-v2-m\\\/\",\"url\":\"https:\\\/\\\/antderground.com\\\/fr\\\/produit\\\/kit-fourmiliere-modulaire-3d-10x20-v2-m\\\/\",\"name\":\"Kit modulaire 3D (v2)(M) | Fourmili\u00e8re 10x20 + Aire de chasse 10x10 - ANTDERGROUND\",\"isPartOf\":{\"@id\":\"https:\\\/\\\/antderground.com\\\/fr\\\/#website\"},\"primaryImageOfPage\":{\"@id\":\"https:\\\/\\\/antderground.com\\\/fr\\\/produit\\\/kit-fourmiliere-modulaire-3d-10x20-v2-m\\\/#primaryimage\"},\"image\":{\"@id\":\"https:\\\/\\\/antderground.com\\\/fr\\\/produit\\\/kit-fourmiliere-modulaire-3d-10x20-v2-m\\\/#primaryimage\"},\"thumbnailUrl\":\"https:\\\/\\\/antderground.com\\\/wp-content\\\/uploads\\\/2024\\\/11\\\/kit-10x20-1.jpg\",\"datePublished\":\"2024-11-08T16:28:27+00:00\",\"dateModified\":\"2024-12-02T09:34:18+00:00\",\"description\":\"Nouveau kit modulaire 3D (M) compos\u00e9 d'une fourmili\u00e8re 3D 10x20 et d'une aire de chasse 10x10. Ta fourmili\u00e8re la plus impressionnante et surprenante !! ;-)\",\"breadcrumb\":{\"@id\":\"https:\\\/\\\/antderground.com\\\/fr\\\/produit\\\/kit-fourmiliere-modulaire-3d-10x20-v2-m\\\/#breadcrumb\"},\"inLanguage\":\"fr-FR\",\"potentialAction\":[{\"@type\":\"ReadAction\",\"target\":[\"https:\\\/\\\/antderground.com\\\/fr\\\/produit\\\/kit-fourmiliere-modulaire-3d-10x20-v2-m\\\/\"]}]},{\"@type\":\"ImageObject\",\"inLanguage\":\"fr-FR\",\"@id\":\"https:\\\/\\\/antderground.com\\\/fr\\\/produit\\\/kit-fourmiliere-modulaire-3d-10x20-v2-m\\\/#primaryimage\",\"url\":\"https:\\\/\\\/antderground.com\\\/wp-content\\\/uploads\\\/2024\\\/11\\\/kit-10x20-1.jpg\",\"contentUrl\":\"https:\\\/\\\/antderground.com\\\/wp-content\\\/uploads\\\/2024\\\/11\\\/kit-10x20-1.jpg\",\"width\":1600,\"height\":1600},{\"@type\":\"BreadcrumbList\",\"@id\":\"https:\\\/\\\/antderground.com\\\/fr\\\/produit\\\/kit-fourmiliere-modulaire-3d-10x20-v2-m\\\/#breadcrumb\",\"itemListElement\":[{\"@type\":\"ListItem\",\"position\":1,\"name\":\"Portada\",\"item\":\"https:\\\/\\\/antderground.com\\\/fr\\\/\"},{\"@type\":\"ListItem\",\"position\":2,\"name\":\"Boutique\",\"item\":\"https:\\\/\\\/antderground.com\\\/fr\\\/boutique\\\/\"},{\"@type\":\"ListItem\",\"position\":3,\"name\":\"Kit modulaire 3D (v2)(M)\"}]},{\"@type\":\"WebSite\",\"@id\":\"https:\\\/\\\/antderground.com\\\/fr\\\/#website\",\"url\":\"https:\\\/\\\/antderground.com\\\/fr\\\/\",\"name\":\"ANTDERGROUND\",\"description\":\"Tu tienda de hormigas, gran variedad de hormigueros acr\u00edlicos,madera,arena,3D y mas.. Pide tus hormigas gratis con tu pedido, somos expertos en hormigueros antifugas.\",\"publisher\":{\"@id\":\"https:\\\/\\\/antderground.com\\\/fr\\\/#\\\/schema\\\/person\\\/0e322c505e84fe72c65e2f6d08f96b81\"},\"alternateName\":\"Antderground\",\"potentialAction\":[{\"@type\":\"SearchAction\",\"target\":{\"@type\":\"EntryPoint\",\"urlTemplate\":\"https:\\\/\\\/antderground.com\\\/fr\\\/?s={search_term_string}\"},\"query-input\":{\"@type\":\"PropertyValueSpecification\",\"valueRequired\":true,\"valueName\":\"search_term_string\"}}],\"inLanguage\":\"fr-FR\"},{\"@type\":[\"Person\",\"Organization\"],\"@id\":\"https:\\\/\\\/antderground.com\\\/fr\\\/#\\\/schema\\\/person\\\/0e322c505e84fe72c65e2f6d08f96b81\",\"name\":\"Eric de Antderground\",\"image\":{\"@type\":\"ImageObject\",\"inLanguage\":\"fr-FR\",\"@id\":\"https:\\\/\\\/secure.gravatar.com\\\/avatar\\\/c49a1b9f79216d1498cb73c1e85cd47f4465dda35f2a94c03790d491bd4423c3?s=96&d=mm&r=g\",\"url\":\"https:\\\/\\\/secure.gravatar.com\\\/avatar\\\/c49a1b9f79216d1498cb73c1e85cd47f4465dda35f2a94c03790d491bd4423c3?s=96&d=mm&r=g\",\"contentUrl\":\"https:\\\/\\\/secure.gravatar.com\\\/avatar\\\/c49a1b9f79216d1498cb73c1e85cd47f4465dda35f2a94c03790d491bd4423c3?s=96&d=mm&r=g\",\"caption\":\"Eric de Antderground\"},\"logo\":{\"@id\":\"https:\\\/\\\/secure.gravatar.com\\\/avatar\\\/c49a1b9f79216d1498cb73c1e85cd47f4465dda35f2a94c03790d491bd4423c3?s=96&d=mm&r=g\"},\"description\":\"Eric es el especialista y fundador de Antderground, con una amplia trayectoria en artr\u00f3podos y enfocado en la mirmecolog\u00eda y el dise\u00f1o de hormigueros artificiales. Su enfoque combina la innovaci\u00f3n t\u00e9cnica con el respeto por la biolog\u00eda de las hormigas, is\u00f3podos y otros, desarrollando sistemas de nidos modulares 3D y acr\u00edlicos que son referentes para aficionados y profesionales en toda Europa. Su objetivo es facilitar la cr\u00eda de hormigas y otros artr\u00f3podos mediante soluciones seguras y divulgaci\u00f3n de calidad.\",\"sameAs\":[\"https:\\\/\\\/antderground.com\\\/\",\"https:\\\/\\\/www.youtube.com\\\/channel\\\/UCio72z7TlbufkAthAJIJfPw\"]}]}<\/script>\n<!-- \/ Yoast SEO plugin. -->","yoast_head_json":{"title":"Kit modulaire 3D (v2)(M) | Fourmili\u00e8re 10x20 + Aire de chasse 10x10 - ANTDERGROUND","description":"Nouveau kit modulaire 3D (M) compos\u00e9 d'une fourmili\u00e8re 3D 10x20 et d'une aire de chasse 10x10. Ta fourmili\u00e8re la plus impressionnante et surprenante !! ;-)","robots":{"index":"index","follow":"follow","max-snippet":"max-snippet:-1","max-image-preview":"max-image-preview:large","max-video-preview":"max-video-preview:-1"},"canonical":"https:\/\/antderground.com\/fr\/produit\/kit-fourmiliere-modulaire-3d-10x20-v2-m\/","og_locale":"fr_FR","og_type":"article","og_title":"Kit modulaire 3D (v2)(M) | Fourmili\u00e8re 10x20 + Aire de chasse 10x10 - ANTDERGROUND","og_description":"Nouveau kit modulaire 3D (M) compos\u00e9 d'une fourmili\u00e8re 3D 10x20 et d'une aire de chasse 10x10. Ta fourmili\u00e8re la plus impressionnante et surprenante !! ;-)","og_url":"https:\/\/antderground.com\/fr\/produit\/kit-fourmiliere-modulaire-3d-10x20-v2-m\/","og_site_name":"ANTDERGROUND","article_modified_time":"2024-12-02T09:34:18+00:00","og_image":[{"width":1600,"height":1600,"url":"https:\/\/antderground.com\/wp-content\/uploads\/2024\/11\/kit-10x20-1.jpg","type":"image\/jpeg"}],"twitter_card":"summary_large_image","twitter_misc":{"Dur\u00e9e de lecture estim\u00e9e":"2 minutes"},"schema":{"@context":"https:\/\/schema.org","@graph":[{"@type":"WebPage","@id":"https:\/\/antderground.com\/fr\/produit\/kit-fourmiliere-modulaire-3d-10x20-v2-m\/","url":"https:\/\/antderground.com\/fr\/produit\/kit-fourmiliere-modulaire-3d-10x20-v2-m\/","name":"Kit modulaire 3D (v2)(M) | Fourmili\u00e8re 10x20 + Aire de chasse 10x10 - ANTDERGROUND","isPartOf":{"@id":"https:\/\/antderground.com\/fr\/#website"},"primaryImageOfPage":{"@id":"https:\/\/antderground.com\/fr\/produit\/kit-fourmiliere-modulaire-3d-10x20-v2-m\/#primaryimage"},"image":{"@id":"https:\/\/antderground.com\/fr\/produit\/kit-fourmiliere-modulaire-3d-10x20-v2-m\/#primaryimage"},"thumbnailUrl":"https:\/\/antderground.com\/wp-content\/uploads\/2024\/11\/kit-10x20-1.jpg","datePublished":"2024-11-08T16:28:27+00:00","dateModified":"2024-12-02T09:34:18+00:00","description":"Nouveau kit modulaire 3D (M) compos\u00e9 d'une fourmili\u00e8re 3D 10x20 et d'une aire de chasse 10x10. Ta fourmili\u00e8re la plus impressionnante et surprenante !! ;-)","breadcrumb":{"@id":"https:\/\/antderground.com\/fr\/produit\/kit-fourmiliere-modulaire-3d-10x20-v2-m\/#breadcrumb"},"inLanguage":"fr-FR","potentialAction":[{"@type":"ReadAction","target":["https:\/\/antderground.com\/fr\/produit\/kit-fourmiliere-modulaire-3d-10x20-v2-m\/"]}]},{"@type":"ImageObject","inLanguage":"fr-FR","@id":"https:\/\/antderground.com\/fr\/produit\/kit-fourmiliere-modulaire-3d-10x20-v2-m\/#primaryimage","url":"https:\/\/antderground.com\/wp-content\/uploads\/2024\/11\/kit-10x20-1.jpg","contentUrl":"https:\/\/antderground.com\/wp-content\/uploads\/2024\/11\/kit-10x20-1.jpg","width":1600,"height":1600},{"@type":"BreadcrumbList","@id":"https:\/\/antderground.com\/fr\/produit\/kit-fourmiliere-modulaire-3d-10x20-v2-m\/#breadcrumb","itemListElement":[{"@type":"ListItem","position":1,"name":"Portada","item":"https:\/\/antderground.com\/fr\/"},{"@type":"ListItem","position":2,"name":"Boutique","item":"https:\/\/antderground.com\/fr\/boutique\/"},{"@type":"ListItem","position":3,"name":"Kit modulaire 3D (v2)(M)"}]},{"@type":"WebSite","@id":"https:\/\/antderground.com\/fr\/#website","url":"https:\/\/antderground.com\/fr\/","name":"ANTDERGROUND","description":"Tu tienda de hormigas, gran variedad de hormigueros acr\u00edlicos,madera,arena,3D y mas.. Pide tus hormigas gratis con tu pedido, somos expertos en hormigueros antifugas.","publisher":{"@id":"https:\/\/antderground.com\/fr\/#\/schema\/person\/0e322c505e84fe72c65e2f6d08f96b81"},"alternateName":"Antderground","potentialAction":[{"@type":"SearchAction","target":{"@type":"EntryPoint","urlTemplate":"https:\/\/antderground.com\/fr\/?s={search_term_string}"},"query-input":{"@type":"PropertyValueSpecification","valueRequired":true,"valueName":"search_term_string"}}],"inLanguage":"fr-FR"},{"@type":["Person","Organization"],"@id":"https:\/\/antderground.com\/fr\/#\/schema\/person\/0e322c505e84fe72c65e2f6d08f96b81","name":"Eric de Antderground","image":{"@type":"ImageObject","inLanguage":"fr-FR","@id":"https:\/\/secure.gravatar.com\/avatar\/c49a1b9f79216d1498cb73c1e85cd47f4465dda35f2a94c03790d491bd4423c3?s=96&d=mm&r=g","url":"https:\/\/secure.gravatar.com\/avatar\/c49a1b9f79216d1498cb73c1e85cd47f4465dda35f2a94c03790d491bd4423c3?s=96&d=mm&r=g","contentUrl":"https:\/\/secure.gravatar.com\/avatar\/c49a1b9f79216d1498cb73c1e85cd47f4465dda35f2a94c03790d491bd4423c3?s=96&d=mm&r=g","caption":"Eric de Antderground"},"logo":{"@id":"https:\/\/secure.gravatar.com\/avatar\/c49a1b9f79216d1498cb73c1e85cd47f4465dda35f2a94c03790d491bd4423c3?s=96&d=mm&r=g"},"description":"Eric es el especialista y fundador de Antderground, con una amplia trayectoria en artr\u00f3podos y enfocado en la mirmecolog\u00eda y el dise\u00f1o de hormigueros artificiales. Su enfoque combina la innovaci\u00f3n t\u00e9cnica con el respeto por la biolog\u00eda de las hormigas, is\u00f3podos y otros, desarrollando sistemas de nidos modulares 3D y acr\u00edlicos que son referentes para aficionados y profesionales en toda Europa. Su objetivo es facilitar la cr\u00eda de hormigas y otros artr\u00f3podos mediante soluciones seguras y divulgaci\u00f3n de calidad.","sameAs":["https:\/\/antderground.com\/","https:\/\/www.youtube.com\/channel\/UCio72z7TlbufkAthAJIJfPw"]}]}},"_links":{"self":[{"href":"https:\/\/antderground.com\/fr\/wp-json\/wp\/v2\/product\/37806","targetHints":{"allow":["GET"]}}],"collection":[{"href":"https:\/\/antderground.com\/fr\/wp-json\/wp\/v2\/product"}],"about":[{"href":"https:\/\/antderground.com\/fr\/wp-json\/wp\/v2\/types\/product"}],"version-history":[{"count":0,"href":"https:\/\/antderground.com\/fr\/wp-json\/wp\/v2\/product\/37806\/revisions"}],"wp:featuredmedia":[{"embeddable":true,"href":"https:\/\/antderground.com\/fr\/wp-json\/wp\/v2\/media\/37791"}],"wp:attachment":[{"href":"https:\/\/antderground.com\/fr\/wp-json\/wp\/v2\/media?parent=37806"}],"wp:term":[{"taxonomy":"product_brand","embeddable":true,"href":"https:\/\/antderground.com\/fr\/wp-json\/wp\/v2\/product_brand?post=37806"},{"taxonomy":"product_cat","embeddable":true,"href":"https:\/\/antderground.com\/fr\/wp-json\/wp\/v2\/product_cat?post=37806"},{"taxonomy":"product_tag","embeddable":true,"href":"https:\/\/antderground.com\/fr\/wp-json\/wp\/v2\/product_tag?post=37806"}],"curies":[{"name":"wp","href":"https:\/\/api.w.org\/{rel}","templated":true}]}}