{"id":40459,"date":"2025-02-21T22:02:15","date_gmt":"2025-02-21T21:02:15","guid":{"rendered":"https:\/\/www.antderground.com\/producto\/cubaris-sp-red-edge-albino\/"},"modified":"2025-02-24T12:15:41","modified_gmt":"2025-02-24T11:15:41","slug":"cubaris-sp-red-edge-albino","status":"publish","type":"product","link":"https:\/\/antderground.com\/fr\/produit\/cubaris-sp-red-edge-albino\/","title":{"rendered":"Cubaris sp. &#8220;Red Edge Albino &#8211; andaman Pearl&#8221;"},"content":{"rendered":"<h3 data-start=\"0\" data-end=\"68\"><strong data-start=\"4\" data-end=\"66\">Fiche Technique de l&#8217;Isopode Cubaris sp. \u2018Red Edge Albino &#8211; andaman Pearl\u2019<\/strong><\/h3>\n<h4 data-start=\"70\" data-end=\"99\"><strong data-start=\"75\" data-end=\"97\">Nom scientifique :<\/strong><\/h4>\n<p data-start=\"100\" data-end=\"131\">Cubaris sp. \u2018Red Edge Albino\u2019<\/p>\n<h4 data-start=\"133\" data-end=\"156\"><strong data-start=\"138\" data-end=\"154\">Nom commun :<\/strong><\/h4>\n<p data-start=\"157\" data-end=\"182\">Isopode Red Edge Albino<\/p>\n<h4 data-start=\"184\" data-end=\"223\"><strong data-start=\"189\" data-end=\"221\">Origine et habitat naturel :<\/strong><\/h4>\n<p data-start=\"224\" data-end=\"399\">Originaire d\u2019Asie du Sud-Est, il vit dans des sols humides, sous les roches et les troncs en d\u00e9composition. Il pr\u00e9f\u00e8re les environnements chauds et avec une humidit\u00e9 \u00e9lev\u00e9e.<\/p>\n<h4 data-start=\"401\" data-end=\"427\"><strong data-start=\"406\" data-end=\"425\">Taille adulte :<\/strong><\/h4>\n<p data-start=\"428\" data-end=\"445\">Environ 1,5 cm.<\/p>\n<h4 data-start=\"447\" data-end=\"485\"><strong data-start=\"452\" data-end=\"483\">Coloration et morphologie :<\/strong><\/h4>\n<p data-start=\"486\" data-end=\"651\">Son corps pr\u00e9sente une teinte blanche ou cr\u00e8me p\u00e2le due \u00e0 son albinisme, avec des bords rouge\u00e2tres sur l\u2019exosquelette. Il peut se rouler en boule pour se d\u00e9fendre.<\/p>\n<h4 data-start=\"653\" data-end=\"682\"><strong data-start=\"658\" data-end=\"680\">Esp\u00e9rance de vie :<\/strong><\/h4>\n<p data-start=\"683\" data-end=\"732\">Entre 2 et 3 ans dans des conditions optimales.<\/p>\n<h4 data-start=\"734\" data-end=\"775\"><strong data-start=\"739\" data-end=\"773\">Conditions environnementales :<\/strong><\/h4>\n<ul data-start=\"776\" data-end=\"906\">\n<li data-start=\"776\" data-end=\"806\"><strong data-start=\"778\" data-end=\"795\">Temp\u00e9rature :<\/strong> 22-26\u00b0C.<\/li>\n<li data-start=\"807\" data-end=\"834\"><strong data-start=\"809\" data-end=\"823\">Humidit\u00e9 :<\/strong> 70-85 %.<\/li>\n<li data-start=\"835\" data-end=\"906\"><strong data-start=\"837\" data-end=\"854\">Ventilation :<\/strong> Mod\u00e9r\u00e9e, en \u00e9vitant l&#8217;exc\u00e8s d&#8217;humidit\u00e9 stagnante.<\/li>\n<\/ul>\n<h4 data-start=\"908\" data-end=\"933\"><strong data-start=\"913\" data-end=\"931\">Alimentation :<\/strong><\/h4>\n<p data-start=\"934\" data-end=\"1126\">D\u00e9tritivore et omnivore. Son r\u00e9gime alimentaire comprend des feuilles mortes, du bois en d\u00e9composition, du calcium, des prot\u00e9ines suppl\u00e9mentaires et de petites portions de fruits ou l\u00e9gumes.<\/p>\n<h4 data-start=\"1128\" data-end=\"1153\"><strong data-start=\"1133\" data-end=\"1151\">Reproduction :<\/strong><\/h4>\n<ul data-start=\"1154\" data-end=\"1338\">\n<li data-start=\"1154\" data-end=\"1196\">Maturit\u00e9 sexuelle atteinte \u00e0 4-6 mois.<\/li>\n<li data-start=\"1197\" data-end=\"1295\">La femelle incube les \u0153ufs dans son marsupium, d\u2019o\u00f9 \u00e9mergent des juv\u00e9niles enti\u00e8rement form\u00e9s.<\/li>\n<li data-start=\"1296\" data-end=\"1338\">Cycle de reproduction mod\u00e9r\u00e9ment lent.<\/li>\n<\/ul>\n<h4 data-start=\"1340\" data-end=\"1382\"><strong data-start=\"1345\" data-end=\"1380\">Comportement et compatibilit\u00e9 :<\/strong><\/h4>\n<p data-start=\"1383\" data-end=\"1555\">Esp\u00e8ce timide et principalement nocturne. Elle vit en colonie mais est moins gr\u00e9gaire que d&#8217;autres isopodes. Peut cohabiter avec des esp\u00e8ces ayant des besoins similaires.<\/p>\n<h4 data-start=\"1557\" data-end=\"1589\"><strong data-start=\"1562\" data-end=\"1587\">Substrat recommand\u00e9 :<\/strong><\/h4>\n<p data-start=\"1590\" data-end=\"1743\">Fibre de coco, liti\u00e8re de feuilles mortes, bois en d\u00e9composition, sphaigne et compl\u00e9ment de calcium. Le substrat doit rester humide sans \u00eatre d\u00e9tremp\u00e9.<\/p>\n<h4 data-start=\"1745\" data-end=\"1778\"><strong data-start=\"1750\" data-end=\"1776\">Niveau de difficult\u00e9 :<\/strong><\/h4>\n<p data-start=\"1779\" data-end=\"1881\">Moyen. N\u00e9cessite une stabilit\u00e9 en temp\u00e9rature et humidit\u00e9, ainsi qu&#8217;un bon \u00e9quilibre de ventilation.<\/p>\n<h4 data-start=\"1883\" data-end=\"1924\"><strong data-start=\"1888\" data-end=\"1922\">Utilisations et applications :<\/strong><\/h4>\n<ul data-start=\"1925\" data-end=\"2089\">\n<li data-start=\"1925\" data-end=\"1965\">Id\u00e9al pour les terrariums bioactifs.<\/li>\n<li data-start=\"1966\" data-end=\"2003\">\u00c9lev\u00e9 comme esp\u00e8ce de collection.<\/li>\n<li data-start=\"2004\" data-end=\"2089\">Contribue \u00e0 la d\u00e9composition de la mati\u00e8re organique dans les \u00e9cosyst\u00e8mes ferm\u00e9s.<\/li>\n<\/ul>\n","protected":false},"excerpt":{"rendered":"<p>Exclusif et fascinant ! \ud83d\ude0d Le <strong data-start=\"2198\" data-end=\"2231\">Cubaris sp. \u2018Red Edge Albino &#8211; andaman Pearl\u2019<\/strong> se distingue par ses couleurs uniques et son comportement curieux. Parfait pour les terrariums bioactifs ou comme pi\u00e8ce rare de collection. \ud83c\udf3f\ud83d\udc3e Ajoutez-le \u00e0 votre colonie et donnez une touche sp\u00e9ciale \u00e0 votre terrarium !<\/p>\n","protected":false},"featured_media":40452,"template":"","meta":[],"product_brand":[],"product_cat":[417,419,718],"product_tag":[],"class_list":{"0":"post-40459","1":"product","2":"type-product","3":"status-publish","4":"has-post-thumbnail","6":"product_cat-arthropodes","7":"product_cat-isopodes","8":"product_cat-cubaris","10":"first","11":"instock","12":"shipping-taxable","13":"purchasable","14":"product-type-variable"},"yoast_head":"<!-- This site is optimized with the Yoast SEO plugin v27.4 - https:\/\/yoast.com\/product\/yoast-seo-wordpress\/ -->\n<title>Cubaris sp. &quot;Red Edge Albino - andaman Pearl&quot; | Isopode exotique - ANTDERGROUND<\/title>\n<meta name=\"description\" content=\"D\u00e9couvrez l\u2019incroyable Cubaris sp. \u2018Red Edge Albino\u2019 \ud83d\udc1e\ud83c\udf3f, un isopode exotique aux couleurs uniques. Parfait pour les terrariums bioactifs ! \ud83d\ude80\" \/>\n<meta name=\"robots\" content=\"index, follow, max-snippet:-1, max-image-preview:large, max-video-preview:-1\" \/>\n<link rel=\"canonical\" href=\"https:\/\/antderground.com\/fr\/produit\/cubaris-sp-red-edge-albino\/\" \/>\n<meta property=\"og:locale\" content=\"fr_FR\" \/>\n<meta property=\"og:type\" content=\"article\" \/>\n<meta property=\"og:title\" content=\"Cubaris sp. &quot;Red Edge Albino - andaman Pearl&quot; | Isopode exotique - ANTDERGROUND\" \/>\n<meta property=\"og:description\" content=\"D\u00e9couvrez l\u2019incroyable Cubaris sp. \u2018Red Edge Albino\u2019 \ud83d\udc1e\ud83c\udf3f, un isopode exotique aux couleurs uniques. Parfait pour les terrariums bioactifs ! \ud83d\ude80\" \/>\n<meta property=\"og:url\" content=\"https:\/\/antderground.com\/fr\/produit\/cubaris-sp-red-edge-albino\/\" \/>\n<meta property=\"og:site_name\" content=\"ANTDERGROUND\" \/>\n<meta property=\"article:modified_time\" content=\"2025-02-24T11:15:41+00:00\" \/>\n<meta property=\"og:image\" content=\"https:\/\/antderground.com\/wp-content\/uploads\/2025\/02\/Cubaris-red-Edge-albino-1021x1024.png\" \/>\n\t<meta property=\"og:image:width\" content=\"1021\" \/>\n\t<meta property=\"og:image:height\" content=\"1024\" \/>\n\t<meta property=\"og:image:type\" content=\"image\/png\" \/>\n<meta name=\"twitter:card\" content=\"summary_large_image\" \/>\n<meta name=\"twitter:label1\" content=\"Dur\u00e9e de lecture estim\u00e9e\" \/>\n\t<meta name=\"twitter:data1\" content=\"2 minutes\" \/>\n<script type=\"application\/ld+json\" class=\"yoast-schema-graph\">{\"@context\":\"https:\\\/\\\/schema.org\",\"@graph\":[{\"@type\":\"WebPage\",\"@id\":\"https:\\\/\\\/antderground.com\\\/fr\\\/produit\\\/cubaris-sp-red-edge-albino\\\/\",\"url\":\"https:\\\/\\\/antderground.com\\\/fr\\\/produit\\\/cubaris-sp-red-edge-albino\\\/\",\"name\":\"Cubaris sp. \\\"Red Edge Albino - andaman Pearl\\\" | Isopode exotique - ANTDERGROUND\",\"isPartOf\":{\"@id\":\"https:\\\/\\\/antderground.com\\\/fr\\\/#website\"},\"primaryImageOfPage\":{\"@id\":\"https:\\\/\\\/antderground.com\\\/fr\\\/produit\\\/cubaris-sp-red-edge-albino\\\/#primaryimage\"},\"image\":{\"@id\":\"https:\\\/\\\/antderground.com\\\/fr\\\/produit\\\/cubaris-sp-red-edge-albino\\\/#primaryimage\"},\"thumbnailUrl\":\"https:\\\/\\\/antderground.com\\\/wp-content\\\/uploads\\\/2025\\\/02\\\/Cubaris-red-Edge-albino.png\",\"datePublished\":\"2025-02-21T21:02:15+00:00\",\"dateModified\":\"2025-02-24T11:15:41+00:00\",\"description\":\"D\u00e9couvrez l\u2019incroyable Cubaris sp. \u2018Red Edge Albino\u2019 \ud83d\udc1e\ud83c\udf3f, un isopode exotique aux couleurs uniques. Parfait pour les terrariums bioactifs ! \ud83d\ude80\",\"breadcrumb\":{\"@id\":\"https:\\\/\\\/antderground.com\\\/fr\\\/produit\\\/cubaris-sp-red-edge-albino\\\/#breadcrumb\"},\"inLanguage\":\"fr-FR\",\"potentialAction\":[{\"@type\":\"ReadAction\",\"target\":[\"https:\\\/\\\/antderground.com\\\/fr\\\/produit\\\/cubaris-sp-red-edge-albino\\\/\"]}]},{\"@type\":\"ImageObject\",\"inLanguage\":\"fr-FR\",\"@id\":\"https:\\\/\\\/antderground.com\\\/fr\\\/produit\\\/cubaris-sp-red-edge-albino\\\/#primaryimage\",\"url\":\"https:\\\/\\\/antderground.com\\\/wp-content\\\/uploads\\\/2025\\\/02\\\/Cubaris-red-Edge-albino.png\",\"contentUrl\":\"https:\\\/\\\/antderground.com\\\/wp-content\\\/uploads\\\/2025\\\/02\\\/Cubaris-red-Edge-albino.png\",\"width\":1500,\"height\":1504,\"caption\":\"Red Edge Albino\"},{\"@type\":\"BreadcrumbList\",\"@id\":\"https:\\\/\\\/antderground.com\\\/fr\\\/produit\\\/cubaris-sp-red-edge-albino\\\/#breadcrumb\",\"itemListElement\":[{\"@type\":\"ListItem\",\"position\":1,\"name\":\"Portada\",\"item\":\"https:\\\/\\\/antderground.com\\\/fr\\\/\"},{\"@type\":\"ListItem\",\"position\":2,\"name\":\"Boutique\",\"item\":\"https:\\\/\\\/antderground.com\\\/fr\\\/boutique\\\/\"},{\"@type\":\"ListItem\",\"position\":3,\"name\":\"Cubaris sp. &#8220;Red Edge Albino &#8211; andaman Pearl&#8221;\"}]},{\"@type\":\"WebSite\",\"@id\":\"https:\\\/\\\/antderground.com\\\/fr\\\/#website\",\"url\":\"https:\\\/\\\/antderground.com\\\/fr\\\/\",\"name\":\"ANTDERGROUND\",\"description\":\"Tu tienda de hormigas, gran variedad de hormigueros acr\u00edlicos,madera,arena,3D y mas.. Pide tus hormigas gratis con tu pedido, somos expertos en hormigueros antifugas.\",\"publisher\":{\"@id\":\"https:\\\/\\\/antderground.com\\\/fr\\\/#\\\/schema\\\/person\\\/0e322c505e84fe72c65e2f6d08f96b81\"},\"alternateName\":\"Antderground\",\"potentialAction\":[{\"@type\":\"SearchAction\",\"target\":{\"@type\":\"EntryPoint\",\"urlTemplate\":\"https:\\\/\\\/antderground.com\\\/fr\\\/?s={search_term_string}\"},\"query-input\":{\"@type\":\"PropertyValueSpecification\",\"valueRequired\":true,\"valueName\":\"search_term_string\"}}],\"inLanguage\":\"fr-FR\"},{\"@type\":[\"Person\",\"Organization\"],\"@id\":\"https:\\\/\\\/antderground.com\\\/fr\\\/#\\\/schema\\\/person\\\/0e322c505e84fe72c65e2f6d08f96b81\",\"name\":\"Eric de Antderground\",\"image\":{\"@type\":\"ImageObject\",\"inLanguage\":\"fr-FR\",\"@id\":\"https:\\\/\\\/secure.gravatar.com\\\/avatar\\\/c49a1b9f79216d1498cb73c1e85cd47f4465dda35f2a94c03790d491bd4423c3?s=96&d=mm&r=g\",\"url\":\"https:\\\/\\\/secure.gravatar.com\\\/avatar\\\/c49a1b9f79216d1498cb73c1e85cd47f4465dda35f2a94c03790d491bd4423c3?s=96&d=mm&r=g\",\"contentUrl\":\"https:\\\/\\\/secure.gravatar.com\\\/avatar\\\/c49a1b9f79216d1498cb73c1e85cd47f4465dda35f2a94c03790d491bd4423c3?s=96&d=mm&r=g\",\"caption\":\"Eric de Antderground\"},\"logo\":{\"@id\":\"https:\\\/\\\/secure.gravatar.com\\\/avatar\\\/c49a1b9f79216d1498cb73c1e85cd47f4465dda35f2a94c03790d491bd4423c3?s=96&d=mm&r=g\"},\"description\":\"Eric es el especialista y fundador de Antderground, con una amplia trayectoria en artr\u00f3podos y enfocado en la mirmecolog\u00eda y el dise\u00f1o de hormigueros artificiales. Su enfoque combina la innovaci\u00f3n t\u00e9cnica con el respeto por la biolog\u00eda de las hormigas, is\u00f3podos y otros, desarrollando sistemas de nidos modulares 3D y acr\u00edlicos que son referentes para aficionados y profesionales en toda Europa. Su objetivo es facilitar la cr\u00eda de hormigas y otros artr\u00f3podos mediante soluciones seguras y divulgaci\u00f3n de calidad.\",\"sameAs\":[\"https:\\\/\\\/antderground.com\\\/\",\"https:\\\/\\\/www.youtube.com\\\/channel\\\/UCio72z7TlbufkAthAJIJfPw\"]}]}<\/script>\n<!-- \/ Yoast SEO plugin. -->","yoast_head_json":{"title":"Cubaris sp. \"Red Edge Albino - andaman Pearl\" | Isopode exotique - ANTDERGROUND","description":"D\u00e9couvrez l\u2019incroyable Cubaris sp. \u2018Red Edge Albino\u2019 \ud83d\udc1e\ud83c\udf3f, un isopode exotique aux couleurs uniques. Parfait pour les terrariums bioactifs ! \ud83d\ude80","robots":{"index":"index","follow":"follow","max-snippet":"max-snippet:-1","max-image-preview":"max-image-preview:large","max-video-preview":"max-video-preview:-1"},"canonical":"https:\/\/antderground.com\/fr\/produit\/cubaris-sp-red-edge-albino\/","og_locale":"fr_FR","og_type":"article","og_title":"Cubaris sp. \"Red Edge Albino - andaman Pearl\" | Isopode exotique - ANTDERGROUND","og_description":"D\u00e9couvrez l\u2019incroyable Cubaris sp. \u2018Red Edge Albino\u2019 \ud83d\udc1e\ud83c\udf3f, un isopode exotique aux couleurs uniques. Parfait pour les terrariums bioactifs ! \ud83d\ude80","og_url":"https:\/\/antderground.com\/fr\/produit\/cubaris-sp-red-edge-albino\/","og_site_name":"ANTDERGROUND","article_modified_time":"2025-02-24T11:15:41+00:00","og_image":[{"width":1021,"height":1024,"url":"https:\/\/antderground.com\/wp-content\/uploads\/2025\/02\/Cubaris-red-Edge-albino-1021x1024.png","type":"image\/png"}],"twitter_card":"summary_large_image","twitter_misc":{"Dur\u00e9e de lecture estim\u00e9e":"2 minutes"},"schema":{"@context":"https:\/\/schema.org","@graph":[{"@type":"WebPage","@id":"https:\/\/antderground.com\/fr\/produit\/cubaris-sp-red-edge-albino\/","url":"https:\/\/antderground.com\/fr\/produit\/cubaris-sp-red-edge-albino\/","name":"Cubaris sp. \"Red Edge Albino - andaman Pearl\" | Isopode exotique - ANTDERGROUND","isPartOf":{"@id":"https:\/\/antderground.com\/fr\/#website"},"primaryImageOfPage":{"@id":"https:\/\/antderground.com\/fr\/produit\/cubaris-sp-red-edge-albino\/#primaryimage"},"image":{"@id":"https:\/\/antderground.com\/fr\/produit\/cubaris-sp-red-edge-albino\/#primaryimage"},"thumbnailUrl":"https:\/\/antderground.com\/wp-content\/uploads\/2025\/02\/Cubaris-red-Edge-albino.png","datePublished":"2025-02-21T21:02:15+00:00","dateModified":"2025-02-24T11:15:41+00:00","description":"D\u00e9couvrez l\u2019incroyable Cubaris sp. \u2018Red Edge Albino\u2019 \ud83d\udc1e\ud83c\udf3f, un isopode exotique aux couleurs uniques. Parfait pour les terrariums bioactifs ! \ud83d\ude80","breadcrumb":{"@id":"https:\/\/antderground.com\/fr\/produit\/cubaris-sp-red-edge-albino\/#breadcrumb"},"inLanguage":"fr-FR","potentialAction":[{"@type":"ReadAction","target":["https:\/\/antderground.com\/fr\/produit\/cubaris-sp-red-edge-albino\/"]}]},{"@type":"ImageObject","inLanguage":"fr-FR","@id":"https:\/\/antderground.com\/fr\/produit\/cubaris-sp-red-edge-albino\/#primaryimage","url":"https:\/\/antderground.com\/wp-content\/uploads\/2025\/02\/Cubaris-red-Edge-albino.png","contentUrl":"https:\/\/antderground.com\/wp-content\/uploads\/2025\/02\/Cubaris-red-Edge-albino.png","width":1500,"height":1504,"caption":"Red Edge Albino"},{"@type":"BreadcrumbList","@id":"https:\/\/antderground.com\/fr\/produit\/cubaris-sp-red-edge-albino\/#breadcrumb","itemListElement":[{"@type":"ListItem","position":1,"name":"Portada","item":"https:\/\/antderground.com\/fr\/"},{"@type":"ListItem","position":2,"name":"Boutique","item":"https:\/\/antderground.com\/fr\/boutique\/"},{"@type":"ListItem","position":3,"name":"Cubaris sp. &#8220;Red Edge Albino &#8211; andaman Pearl&#8221;"}]},{"@type":"WebSite","@id":"https:\/\/antderground.com\/fr\/#website","url":"https:\/\/antderground.com\/fr\/","name":"ANTDERGROUND","description":"Tu tienda de hormigas, gran variedad de hormigueros acr\u00edlicos,madera,arena,3D y mas.. Pide tus hormigas gratis con tu pedido, somos expertos en hormigueros antifugas.","publisher":{"@id":"https:\/\/antderground.com\/fr\/#\/schema\/person\/0e322c505e84fe72c65e2f6d08f96b81"},"alternateName":"Antderground","potentialAction":[{"@type":"SearchAction","target":{"@type":"EntryPoint","urlTemplate":"https:\/\/antderground.com\/fr\/?s={search_term_string}"},"query-input":{"@type":"PropertyValueSpecification","valueRequired":true,"valueName":"search_term_string"}}],"inLanguage":"fr-FR"},{"@type":["Person","Organization"],"@id":"https:\/\/antderground.com\/fr\/#\/schema\/person\/0e322c505e84fe72c65e2f6d08f96b81","name":"Eric de Antderground","image":{"@type":"ImageObject","inLanguage":"fr-FR","@id":"https:\/\/secure.gravatar.com\/avatar\/c49a1b9f79216d1498cb73c1e85cd47f4465dda35f2a94c03790d491bd4423c3?s=96&d=mm&r=g","url":"https:\/\/secure.gravatar.com\/avatar\/c49a1b9f79216d1498cb73c1e85cd47f4465dda35f2a94c03790d491bd4423c3?s=96&d=mm&r=g","contentUrl":"https:\/\/secure.gravatar.com\/avatar\/c49a1b9f79216d1498cb73c1e85cd47f4465dda35f2a94c03790d491bd4423c3?s=96&d=mm&r=g","caption":"Eric de Antderground"},"logo":{"@id":"https:\/\/secure.gravatar.com\/avatar\/c49a1b9f79216d1498cb73c1e85cd47f4465dda35f2a94c03790d491bd4423c3?s=96&d=mm&r=g"},"description":"Eric es el especialista y fundador de Antderground, con una amplia trayectoria en artr\u00f3podos y enfocado en la mirmecolog\u00eda y el dise\u00f1o de hormigueros artificiales. Su enfoque combina la innovaci\u00f3n t\u00e9cnica con el respeto por la biolog\u00eda de las hormigas, is\u00f3podos y otros, desarrollando sistemas de nidos modulares 3D y acr\u00edlicos que son referentes para aficionados y profesionales en toda Europa. Su objetivo es facilitar la cr\u00eda de hormigas y otros artr\u00f3podos mediante soluciones seguras y divulgaci\u00f3n de calidad.","sameAs":["https:\/\/antderground.com\/","https:\/\/www.youtube.com\/channel\/UCio72z7TlbufkAthAJIJfPw"]}]}},"_links":{"self":[{"href":"https:\/\/antderground.com\/fr\/wp-json\/wp\/v2\/product\/40459","targetHints":{"allow":["GET"]}}],"collection":[{"href":"https:\/\/antderground.com\/fr\/wp-json\/wp\/v2\/product"}],"about":[{"href":"https:\/\/antderground.com\/fr\/wp-json\/wp\/v2\/types\/product"}],"version-history":[{"count":0,"href":"https:\/\/antderground.com\/fr\/wp-json\/wp\/v2\/product\/40459\/revisions"}],"wp:featuredmedia":[{"embeddable":true,"href":"https:\/\/antderground.com\/fr\/wp-json\/wp\/v2\/media\/40452"}],"wp:attachment":[{"href":"https:\/\/antderground.com\/fr\/wp-json\/wp\/v2\/media?parent=40459"}],"wp:term":[{"taxonomy":"product_brand","embeddable":true,"href":"https:\/\/antderground.com\/fr\/wp-json\/wp\/v2\/product_brand?post=40459"},{"taxonomy":"product_cat","embeddable":true,"href":"https:\/\/antderground.com\/fr\/wp-json\/wp\/v2\/product_cat?post=40459"},{"taxonomy":"product_tag","embeddable":true,"href":"https:\/\/antderground.com\/fr\/wp-json\/wp\/v2\/product_tag?post=40459"}],"curies":[{"name":"wp","href":"https:\/\/api.w.org\/{rel}","templated":true}]}}