{"id":40522,"date":"2025-02-24T15:28:46","date_gmt":"2025-02-24T14:28:46","guid":{"rendered":"https:\/\/www.antderground.com\/producto\/cubaris-panda-king-white\/"},"modified":"2025-05-07T11:58:36","modified_gmt":"2025-05-07T09:58:36","slug":"cubaris-panda-king-white","status":"publish","type":"product","link":"https:\/\/antderground.com\/fr\/produit\/cubaris-panda-king-white\/","title":{"rendered":"Cubaris panda King &#8220;White&#8221;"},"content":{"rendered":"<h3 data-start=\"0\" data-end=\"78\"><strong data-start=\"4\" data-end=\"76\">Fiche technique Cubaris Panda King &#8220;White&#8221;<\/strong><\/h3>\n<p data-start=\"80\" data-end=\"142\"><strong data-start=\"85\" data-end=\"107\">Nom scientifique :<\/strong> <em data-start=\"108\" data-end=\"140\">Cubaris sp. &#8220;Panda King White&#8221;<\/em><\/p>\n<p data-start=\"143\" data-end=\"191\"><strong data-start=\"148\" data-end=\"164\">Nom commun :<\/strong> Cubaris Panda King White<\/p>\n<h4 data-start=\"192\" data-end=\"219\"><strong data-start=\"197\" data-end=\"217\">Classification :<\/strong><\/h4>\n<ul data-start=\"220\" data-end=\"364\">\n<li data-start=\"220\" data-end=\"244\"><strong data-start=\"222\" data-end=\"233\">R\u00e8gne :<\/strong> Animalia<\/li>\n<li data-start=\"245\" data-end=\"279\"><strong data-start=\"247\" data-end=\"266\">Embranchement :<\/strong> Arthropoda<\/li>\n<li data-start=\"280\" data-end=\"309\"><strong data-start=\"282\" data-end=\"294\">Classe :<\/strong> Malacostraca<\/li>\n<li data-start=\"310\" data-end=\"333\"><strong data-start=\"312\" data-end=\"323\">Ordre :<\/strong> Isopoda<\/li>\n<li data-start=\"334\" data-end=\"364\"><strong data-start=\"336\" data-end=\"349\">Famille :<\/strong> Armadillidae<\/li>\n<\/ul>\n<h4 data-start=\"366\" data-end=\"402\"><strong data-start=\"371\" data-end=\"400\">Origine et distribution :<\/strong><\/h4>\n<p data-start=\"403\" data-end=\"547\">Cet isopode est originaire des r\u00e9gions tropicales de l&#8217;Asie du Sud-Est, o\u00f9 il vit dans les sols humides et en d\u00e9composition des for\u00eats denses.<\/p>\n<h4 data-start=\"549\" data-end=\"573\"><strong data-start=\"554\" data-end=\"571\">Morphologie :<\/strong><\/h4>\n<ul data-start=\"574\" data-end=\"786\">\n<li data-start=\"574\" data-end=\"615\"><strong data-start=\"576\" data-end=\"595\">Taille adulte :<\/strong> Entre 1,5 et 2 cm<\/li>\n<li data-start=\"616\" data-end=\"695\"><strong data-start=\"618\" data-end=\"634\">Coloration :<\/strong> Blanc avec des motifs sombres bien d\u00e9finis sur la carapace<\/li>\n<li data-start=\"696\" data-end=\"786\"><strong data-start=\"698\" data-end=\"724\">Structure corporelle :<\/strong> Segment\u00e9, capable de se rouler en boule en guise de d\u00e9fense<\/li>\n<\/ul>\n<h4 data-start=\"788\" data-end=\"826\"><strong data-start=\"793\" data-end=\"824\">Conditions de maintenance :<\/strong><\/h4>\n<ul data-start=\"827\" data-end=\"1159\">\n<li data-start=\"827\" data-end=\"874\"><strong data-start=\"829\" data-end=\"853\">Temp\u00e9rature id\u00e9ale :<\/strong> Entre 22\u00b0C et 26\u00b0C<\/li>\n<li data-start=\"875\" data-end=\"921\"><strong data-start=\"877\" data-end=\"900\">Humidit\u00e9 relative :<\/strong> Entre 70 % et 80 %<\/li>\n<li data-start=\"922\" data-end=\"1027\"><strong data-start=\"924\" data-end=\"938\">Substrat :<\/strong> M\u00e9lange de fibre de coco, feuilles s\u00e8ches, bois en d\u00e9composition et mousse de sphaigne<\/li>\n<li data-start=\"1028\" data-end=\"1095\"><strong data-start=\"1030\" data-end=\"1047\">Ventilation :<\/strong> Mod\u00e9r\u00e9e, en \u00e9vitant un environnement trop sec<\/li>\n<li data-start=\"1096\" data-end=\"1159\"><strong data-start=\"1098\" data-end=\"1113\">Cachettes :<\/strong> \u00c9corces, troncs et pierres pour se r\u00e9fugier<\/li>\n<\/ul>\n<h4 data-start=\"1161\" data-end=\"1186\"><strong data-start=\"1166\" data-end=\"1184\">Alimentation :<\/strong><\/h4>\n<ul data-start=\"1187\" data-end=\"1418\">\n<li data-start=\"1187\" data-end=\"1258\">Mati\u00e8re v\u00e9g\u00e9tale en d\u00e9composition (feuilles s\u00e8ches, \u00e9corce, mousse)<\/li>\n<li data-start=\"1259\" data-end=\"1303\">Bois en d\u00e9composition riche en cellulose<\/li>\n<li data-start=\"1304\" data-end=\"1418\">Compl\u00e9ments prot\u00e9iques comme la nourriture pour poissons, la poudre de calcium et les coquilles d&#8217;\u0153ufs broy\u00e9es<\/li>\n<\/ul>\n<h4 data-start=\"1420\" data-end=\"1460\"><strong data-start=\"1425\" data-end=\"1458\">Comportement et sociabilit\u00e9 :<\/strong><\/h4>\n<ul data-start=\"1461\" data-end=\"1675\">\n<li data-start=\"1461\" data-end=\"1518\">Esp\u00e8ce gr\u00e9gaire, pr\u00e9f\u00e8re vivre en colonies nombreuses<\/li>\n<li data-start=\"1519\" data-end=\"1584\">Actif dans la recherche de nourriture, principalement la nuit<\/li>\n<li data-start=\"1585\" data-end=\"1675\">Son comportement fouisseur aide \u00e0 l\u2019a\u00e9ration du substrat dans les terrariums bioactifs<\/li>\n<\/ul>\n<h4 data-start=\"1677\" data-end=\"1702\"><strong data-start=\"1682\" data-end=\"1700\">Reproduction :<\/strong><\/h4>\n<ul data-start=\"1703\" data-end=\"1950\">\n<li data-start=\"1703\" data-end=\"1804\">Reproduction ovovivipare, les jeunes naissent d\u00e9velopp\u00e9s \u00e0 l\u2019int\u00e9rieur du marsupium de la femelle<\/li>\n<li data-start=\"1805\" data-end=\"1850\">Atteint la maturit\u00e9 en environ 4 \u00e0 6 mois<\/li>\n<li data-start=\"1851\" data-end=\"1950\">Il est recommand\u00e9 de maintenir un groupe d\u2019au moins 10 individus pour favoriser la reproduction<\/li>\n<\/ul>\n<h4 data-start=\"1952\" data-end=\"1985\"><strong data-start=\"1957\" data-end=\"1983\">Niveau de difficult\u00e9 :<\/strong><\/h4>\n<ul data-start=\"1986\" data-end=\"2109\">\n<li data-start=\"1986\" data-end=\"2059\">Moyen, n\u00e9cessite un suivi r\u00e9gulier de l&#8217;humidit\u00e9 et de la temp\u00e9rature<\/li>\n<li data-start=\"2060\" data-end=\"2109\">Id\u00e9al pour les terrariums bioactifs tropicaux<\/li>\n<\/ul>\n<h4 data-start=\"2111\" data-end=\"2146\"><strong data-start=\"2116\" data-end=\"2144\">Utilit\u00e9 en bioactivit\u00e9 :<\/strong><\/h4>\n<ul data-start=\"2147\" data-end=\"2453\">\n<li data-start=\"2147\" data-end=\"2230\">Participe au cycle de d\u00e9composition de la mati\u00e8re organique dans les terrariums<\/li>\n<li data-start=\"2231\" data-end=\"2337\">Aide \u00e0 maintenir l\u2019\u00e9quilibre de l\u2019\u00e9cosyst\u00e8me en consommant les restes de nourriture et les moisissures<\/li>\n<li data-start=\"2338\" data-end=\"2453\">Compatible avec diff\u00e9rentes esp\u00e8ces de reptiles, amphibiens et autres invert\u00e9br\u00e9s dans les terrariums tropicaux<\/li>\n<\/ul>\n<h4 data-start=\"2455\" data-end=\"2493\"><strong data-start=\"2460\" data-end=\"2491\">Remarques suppl\u00e9mentaires :<\/strong><\/h4>\n<p data-start=\"2494\" data-end=\"2743\">Le <em data-start=\"2497\" data-end=\"2523\">Cubaris Panda King White<\/em> est une variante du <a href=\"https:\/\/antderground.com\/fr\/produit\/cubaris-panda-king\/\"><em data-start=\"2544\" data-end=\"2564\">Cubaris Panda King<\/em><\/a>, se distinguant par une teinte blanche plus marqu\u00e9e. Sa coloration et ses motifs en font un isopode tr\u00e8s appr\u00e9ci\u00e9 par les collectionneurs et les amateurs de syst\u00e8mes bioactifs.<\/p>\n","protected":false},"excerpt":{"rendered":"<p>\ud83d\udc3c\u2728 Le <em data-start=\"2820\" data-end=\"2846\">Cubaris Panda King White<\/em> est un v\u00e9ritable bijou pour votre terrarium ! Avec sa teinte blanche \u00e9l\u00e9gante et ses motifs sombres, cet isopode est parfait pour les environnements bioactifs. Facile \u00e0 entretenir et tr\u00e8s actif, il apportera de la vie \u00e0 votre \u00e9cosyst\u00e8me \ud83c\udf3f\ud83d\udd2c.<\/p>\n","protected":false},"featured_media":40514,"template":"","meta":[],"product_brand":[],"product_cat":[417,419,718],"product_tag":[],"class_list":{"0":"post-40522","1":"product","2":"type-product","3":"status-publish","4":"has-post-thumbnail","6":"product_cat-arthropodes","7":"product_cat-isopodes","8":"product_cat-cubaris","10":"first","11":"instock","12":"sale","13":"shipping-taxable","14":"purchasable","15":"product-type-variable"},"yoast_head":"<!-- This site is optimized with the Yoast SEO plugin v27.3 - https:\/\/yoast.com\/product\/yoast-seo-wordpress\/ -->\n<title>Cubaris panda King &quot;White&quot; | Isopode exotique - ANTDERGROUND<\/title>\n<meta name=\"description\" content=\"\ud83d\udc3c\u2744\ufe0f D\u00e9couvrez le Cubaris Panda King White, un isopode exotique aux teintes blanches id\u00e9al pour les terrariums bioactifs. Ajoutez-le d\u00e8s maintenant ! \ud83c\udf31\u2728\" \/>\n<meta name=\"robots\" content=\"index, follow, max-snippet:-1, max-image-preview:large, max-video-preview:-1\" \/>\n<link rel=\"canonical\" href=\"https:\/\/antderground.com\/fr\/produit\/cubaris-panda-king-white\/\" \/>\n<meta property=\"og:locale\" content=\"fr_FR\" \/>\n<meta property=\"og:type\" content=\"article\" \/>\n<meta property=\"og:title\" content=\"Cubaris panda King &quot;White&quot; | Isopode exotique - ANTDERGROUND\" \/>\n<meta property=\"og:description\" content=\"\ud83d\udc3c\u2744\ufe0f D\u00e9couvrez le Cubaris Panda King White, un isopode exotique aux teintes blanches id\u00e9al pour les terrariums bioactifs. Ajoutez-le d\u00e8s maintenant ! \ud83c\udf31\u2728\" \/>\n<meta property=\"og:url\" content=\"https:\/\/antderground.com\/fr\/produit\/cubaris-panda-king-white\/\" \/>\n<meta property=\"og:site_name\" content=\"ANTDERGROUND\" \/>\n<meta property=\"article:modified_time\" content=\"2025-05-07T09:58:36+00:00\" \/>\n<meta property=\"og:image\" content=\"https:\/\/antderground.com\/wp-content\/uploads\/2025\/02\/Cubaris-panda-King-22White22.jpeg\" \/>\n\t<meta property=\"og:image:width\" content=\"1400\" \/>\n\t<meta property=\"og:image:height\" content=\"1400\" \/>\n\t<meta property=\"og:image:type\" content=\"image\/jpeg\" \/>\n<meta name=\"twitter:card\" content=\"summary_large_image\" \/>\n<meta name=\"twitter:label1\" content=\"Dur\u00e9e de lecture estim\u00e9e\" \/>\n\t<meta name=\"twitter:data1\" content=\"2 minutes\" \/>\n<script type=\"application\/ld+json\" class=\"yoast-schema-graph\">{\"@context\":\"https:\\\/\\\/schema.org\",\"@graph\":[{\"@type\":\"WebPage\",\"@id\":\"https:\\\/\\\/antderground.com\\\/fr\\\/produit\\\/cubaris-panda-king-white\\\/\",\"url\":\"https:\\\/\\\/antderground.com\\\/fr\\\/produit\\\/cubaris-panda-king-white\\\/\",\"name\":\"Cubaris panda King \\\"White\\\" | Isopode exotique - ANTDERGROUND\",\"isPartOf\":{\"@id\":\"https:\\\/\\\/antderground.com\\\/fr\\\/#website\"},\"primaryImageOfPage\":{\"@id\":\"https:\\\/\\\/antderground.com\\\/fr\\\/produit\\\/cubaris-panda-king-white\\\/#primaryimage\"},\"image\":{\"@id\":\"https:\\\/\\\/antderground.com\\\/fr\\\/produit\\\/cubaris-panda-king-white\\\/#primaryimage\"},\"thumbnailUrl\":\"https:\\\/\\\/antderground.com\\\/wp-content\\\/uploads\\\/2025\\\/02\\\/Cubaris-panda-King-22White22.jpeg\",\"datePublished\":\"2025-02-24T14:28:46+00:00\",\"dateModified\":\"2025-05-07T09:58:36+00:00\",\"description\":\"\ud83d\udc3c\u2744\ufe0f D\u00e9couvrez le Cubaris Panda King White, un isopode exotique aux teintes blanches id\u00e9al pour les terrariums bioactifs. Ajoutez-le d\u00e8s maintenant ! \ud83c\udf31\u2728\",\"breadcrumb\":{\"@id\":\"https:\\\/\\\/antderground.com\\\/fr\\\/produit\\\/cubaris-panda-king-white\\\/#breadcrumb\"},\"inLanguage\":\"fr-FR\",\"potentialAction\":[{\"@type\":\"ReadAction\",\"target\":[\"https:\\\/\\\/antderground.com\\\/fr\\\/produit\\\/cubaris-panda-king-white\\\/\"]}]},{\"@type\":\"ImageObject\",\"inLanguage\":\"fr-FR\",\"@id\":\"https:\\\/\\\/antderground.com\\\/fr\\\/produit\\\/cubaris-panda-king-white\\\/#primaryimage\",\"url\":\"https:\\\/\\\/antderground.com\\\/wp-content\\\/uploads\\\/2025\\\/02\\\/Cubaris-panda-King-22White22.jpeg\",\"contentUrl\":\"https:\\\/\\\/antderground.com\\\/wp-content\\\/uploads\\\/2025\\\/02\\\/Cubaris-panda-King-22White22.jpeg\",\"width\":1400,\"height\":1400,\"caption\":\"Cubaris panda King \\\"White\\\"\"},{\"@type\":\"BreadcrumbList\",\"@id\":\"https:\\\/\\\/antderground.com\\\/fr\\\/produit\\\/cubaris-panda-king-white\\\/#breadcrumb\",\"itemListElement\":[{\"@type\":\"ListItem\",\"position\":1,\"name\":\"Portada\",\"item\":\"https:\\\/\\\/antderground.com\\\/fr\\\/\"},{\"@type\":\"ListItem\",\"position\":2,\"name\":\"Boutique\",\"item\":\"https:\\\/\\\/antderground.com\\\/fr\\\/boutique\\\/\"},{\"@type\":\"ListItem\",\"position\":3,\"name\":\"Cubaris panda King &#8220;White&#8221;\"}]},{\"@type\":\"WebSite\",\"@id\":\"https:\\\/\\\/antderground.com\\\/fr\\\/#website\",\"url\":\"https:\\\/\\\/antderground.com\\\/fr\\\/\",\"name\":\"ANTDERGROUND\",\"description\":\"Tu tienda de hormigas, gran variedad de hormigueros acr\u00edlicos,madera,arena,3D y mas.. Pide tus hormigas gratis con tu pedido, somos expertos en hormigueros antifugas.\",\"publisher\":{\"@id\":\"https:\\\/\\\/antderground.com\\\/fr\\\/#\\\/schema\\\/person\\\/0e322c505e84fe72c65e2f6d08f96b81\"},\"alternateName\":\"Antderground\",\"potentialAction\":[{\"@type\":\"SearchAction\",\"target\":{\"@type\":\"EntryPoint\",\"urlTemplate\":\"https:\\\/\\\/antderground.com\\\/fr\\\/?s={search_term_string}\"},\"query-input\":{\"@type\":\"PropertyValueSpecification\",\"valueRequired\":true,\"valueName\":\"search_term_string\"}}],\"inLanguage\":\"fr-FR\"},{\"@type\":[\"Person\",\"Organization\"],\"@id\":\"https:\\\/\\\/antderground.com\\\/fr\\\/#\\\/schema\\\/person\\\/0e322c505e84fe72c65e2f6d08f96b81\",\"name\":\"Eric de Antderground\",\"image\":{\"@type\":\"ImageObject\",\"inLanguage\":\"fr-FR\",\"@id\":\"https:\\\/\\\/secure.gravatar.com\\\/avatar\\\/c49a1b9f79216d1498cb73c1e85cd47f4465dda35f2a94c03790d491bd4423c3?s=96&d=mm&r=g\",\"url\":\"https:\\\/\\\/secure.gravatar.com\\\/avatar\\\/c49a1b9f79216d1498cb73c1e85cd47f4465dda35f2a94c03790d491bd4423c3?s=96&d=mm&r=g\",\"contentUrl\":\"https:\\\/\\\/secure.gravatar.com\\\/avatar\\\/c49a1b9f79216d1498cb73c1e85cd47f4465dda35f2a94c03790d491bd4423c3?s=96&d=mm&r=g\",\"caption\":\"Eric de Antderground\"},\"logo\":{\"@id\":\"https:\\\/\\\/secure.gravatar.com\\\/avatar\\\/c49a1b9f79216d1498cb73c1e85cd47f4465dda35f2a94c03790d491bd4423c3?s=96&d=mm&r=g\"},\"description\":\"Eric es el especialista y fundador de Antderground, con una amplia trayectoria en artr\u00f3podos y enfocado en la mirmecolog\u00eda y el dise\u00f1o de hormigueros artificiales. Su enfoque combina la innovaci\u00f3n t\u00e9cnica con el respeto por la biolog\u00eda de las hormigas, is\u00f3podos y otros, desarrollando sistemas de nidos modulares 3D y acr\u00edlicos que son referentes para aficionados y profesionales en toda Europa. Su objetivo es facilitar la cr\u00eda de hormigas y otros artr\u00f3podos mediante soluciones seguras y divulgaci\u00f3n de calidad.\",\"sameAs\":[\"https:\\\/\\\/antderground.com\\\/\",\"https:\\\/\\\/www.youtube.com\\\/channel\\\/UCio72z7TlbufkAthAJIJfPw\"]}]}<\/script>\n<!-- \/ Yoast SEO plugin. -->","yoast_head_json":{"title":"Cubaris panda King \"White\" | Isopode exotique - ANTDERGROUND","description":"\ud83d\udc3c\u2744\ufe0f D\u00e9couvrez le Cubaris Panda King White, un isopode exotique aux teintes blanches id\u00e9al pour les terrariums bioactifs. Ajoutez-le d\u00e8s maintenant ! \ud83c\udf31\u2728","robots":{"index":"index","follow":"follow","max-snippet":"max-snippet:-1","max-image-preview":"max-image-preview:large","max-video-preview":"max-video-preview:-1"},"canonical":"https:\/\/antderground.com\/fr\/produit\/cubaris-panda-king-white\/","og_locale":"fr_FR","og_type":"article","og_title":"Cubaris panda King \"White\" | Isopode exotique - ANTDERGROUND","og_description":"\ud83d\udc3c\u2744\ufe0f D\u00e9couvrez le Cubaris Panda King White, un isopode exotique aux teintes blanches id\u00e9al pour les terrariums bioactifs. Ajoutez-le d\u00e8s maintenant ! \ud83c\udf31\u2728","og_url":"https:\/\/antderground.com\/fr\/produit\/cubaris-panda-king-white\/","og_site_name":"ANTDERGROUND","article_modified_time":"2025-05-07T09:58:36+00:00","og_image":[{"width":1400,"height":1400,"url":"https:\/\/antderground.com\/wp-content\/uploads\/2025\/02\/Cubaris-panda-King-22White22.jpeg","type":"image\/jpeg"}],"twitter_card":"summary_large_image","twitter_misc":{"Dur\u00e9e de lecture estim\u00e9e":"2 minutes"},"schema":{"@context":"https:\/\/schema.org","@graph":[{"@type":"WebPage","@id":"https:\/\/antderground.com\/fr\/produit\/cubaris-panda-king-white\/","url":"https:\/\/antderground.com\/fr\/produit\/cubaris-panda-king-white\/","name":"Cubaris panda King \"White\" | Isopode exotique - ANTDERGROUND","isPartOf":{"@id":"https:\/\/antderground.com\/fr\/#website"},"primaryImageOfPage":{"@id":"https:\/\/antderground.com\/fr\/produit\/cubaris-panda-king-white\/#primaryimage"},"image":{"@id":"https:\/\/antderground.com\/fr\/produit\/cubaris-panda-king-white\/#primaryimage"},"thumbnailUrl":"https:\/\/antderground.com\/wp-content\/uploads\/2025\/02\/Cubaris-panda-King-22White22.jpeg","datePublished":"2025-02-24T14:28:46+00:00","dateModified":"2025-05-07T09:58:36+00:00","description":"\ud83d\udc3c\u2744\ufe0f D\u00e9couvrez le Cubaris Panda King White, un isopode exotique aux teintes blanches id\u00e9al pour les terrariums bioactifs. Ajoutez-le d\u00e8s maintenant ! \ud83c\udf31\u2728","breadcrumb":{"@id":"https:\/\/antderground.com\/fr\/produit\/cubaris-panda-king-white\/#breadcrumb"},"inLanguage":"fr-FR","potentialAction":[{"@type":"ReadAction","target":["https:\/\/antderground.com\/fr\/produit\/cubaris-panda-king-white\/"]}]},{"@type":"ImageObject","inLanguage":"fr-FR","@id":"https:\/\/antderground.com\/fr\/produit\/cubaris-panda-king-white\/#primaryimage","url":"https:\/\/antderground.com\/wp-content\/uploads\/2025\/02\/Cubaris-panda-King-22White22.jpeg","contentUrl":"https:\/\/antderground.com\/wp-content\/uploads\/2025\/02\/Cubaris-panda-King-22White22.jpeg","width":1400,"height":1400,"caption":"Cubaris panda King \"White\""},{"@type":"BreadcrumbList","@id":"https:\/\/antderground.com\/fr\/produit\/cubaris-panda-king-white\/#breadcrumb","itemListElement":[{"@type":"ListItem","position":1,"name":"Portada","item":"https:\/\/antderground.com\/fr\/"},{"@type":"ListItem","position":2,"name":"Boutique","item":"https:\/\/antderground.com\/fr\/boutique\/"},{"@type":"ListItem","position":3,"name":"Cubaris panda King &#8220;White&#8221;"}]},{"@type":"WebSite","@id":"https:\/\/antderground.com\/fr\/#website","url":"https:\/\/antderground.com\/fr\/","name":"ANTDERGROUND","description":"Tu tienda de hormigas, gran variedad de hormigueros acr\u00edlicos,madera,arena,3D y mas.. Pide tus hormigas gratis con tu pedido, somos expertos en hormigueros antifugas.","publisher":{"@id":"https:\/\/antderground.com\/fr\/#\/schema\/person\/0e322c505e84fe72c65e2f6d08f96b81"},"alternateName":"Antderground","potentialAction":[{"@type":"SearchAction","target":{"@type":"EntryPoint","urlTemplate":"https:\/\/antderground.com\/fr\/?s={search_term_string}"},"query-input":{"@type":"PropertyValueSpecification","valueRequired":true,"valueName":"search_term_string"}}],"inLanguage":"fr-FR"},{"@type":["Person","Organization"],"@id":"https:\/\/antderground.com\/fr\/#\/schema\/person\/0e322c505e84fe72c65e2f6d08f96b81","name":"Eric de Antderground","image":{"@type":"ImageObject","inLanguage":"fr-FR","@id":"https:\/\/secure.gravatar.com\/avatar\/c49a1b9f79216d1498cb73c1e85cd47f4465dda35f2a94c03790d491bd4423c3?s=96&d=mm&r=g","url":"https:\/\/secure.gravatar.com\/avatar\/c49a1b9f79216d1498cb73c1e85cd47f4465dda35f2a94c03790d491bd4423c3?s=96&d=mm&r=g","contentUrl":"https:\/\/secure.gravatar.com\/avatar\/c49a1b9f79216d1498cb73c1e85cd47f4465dda35f2a94c03790d491bd4423c3?s=96&d=mm&r=g","caption":"Eric de Antderground"},"logo":{"@id":"https:\/\/secure.gravatar.com\/avatar\/c49a1b9f79216d1498cb73c1e85cd47f4465dda35f2a94c03790d491bd4423c3?s=96&d=mm&r=g"},"description":"Eric es el especialista y fundador de Antderground, con una amplia trayectoria en artr\u00f3podos y enfocado en la mirmecolog\u00eda y el dise\u00f1o de hormigueros artificiales. Su enfoque combina la innovaci\u00f3n t\u00e9cnica con el respeto por la biolog\u00eda de las hormigas, is\u00f3podos y otros, desarrollando sistemas de nidos modulares 3D y acr\u00edlicos que son referentes para aficionados y profesionales en toda Europa. Su objetivo es facilitar la cr\u00eda de hormigas y otros artr\u00f3podos mediante soluciones seguras y divulgaci\u00f3n de calidad.","sameAs":["https:\/\/antderground.com\/","https:\/\/www.youtube.com\/channel\/UCio72z7TlbufkAthAJIJfPw"]}]}},"_links":{"self":[{"href":"https:\/\/antderground.com\/fr\/wp-json\/wp\/v2\/product\/40522","targetHints":{"allow":["GET"]}}],"collection":[{"href":"https:\/\/antderground.com\/fr\/wp-json\/wp\/v2\/product"}],"about":[{"href":"https:\/\/antderground.com\/fr\/wp-json\/wp\/v2\/types\/product"}],"version-history":[{"count":0,"href":"https:\/\/antderground.com\/fr\/wp-json\/wp\/v2\/product\/40522\/revisions"}],"wp:featuredmedia":[{"embeddable":true,"href":"https:\/\/antderground.com\/fr\/wp-json\/wp\/v2\/media\/40514"}],"wp:attachment":[{"href":"https:\/\/antderground.com\/fr\/wp-json\/wp\/v2\/media?parent=40522"}],"wp:term":[{"taxonomy":"product_brand","embeddable":true,"href":"https:\/\/antderground.com\/fr\/wp-json\/wp\/v2\/product_brand?post=40522"},{"taxonomy":"product_cat","embeddable":true,"href":"https:\/\/antderground.com\/fr\/wp-json\/wp\/v2\/product_cat?post=40522"},{"taxonomy":"product_tag","embeddable":true,"href":"https:\/\/antderground.com\/fr\/wp-json\/wp\/v2\/product_tag?post=40522"}],"curies":[{"name":"wp","href":"https:\/\/api.w.org\/{rel}","templated":true}]}}