{"id":40692,"date":"2025-03-03T15:28:09","date_gmt":"2025-03-03T14:28:09","guid":{"rendered":"https:\/\/www.antderground.com\/producto\/neoregelia-pink\/"},"modified":"2025-07-18T15:52:06","modified_gmt":"2025-07-18T13:52:06","slug":"neoregelia-pink","status":"publish","type":"product","link":"https:\/\/antderground.com\/fr\/produit\/neoregelia-pink\/","title":{"rendered":"Neoregelia Pink"},"content":{"rendered":"<p data-start=\"36\" data-end=\"161\"><strong data-start=\"58\" data-end=\"72\">Nom commun<\/strong>: Neoregelia Pink<br data-start=\"89\" data-end=\"92\" \/><strong data-start=\"92\" data-end=\"112\">Nom scientifique<\/strong>: <em data-start=\"114\" data-end=\"131\">Neoregelia spp.<\/em><br data-start=\"131\" data-end=\"134\" \/><strong data-start=\"134\" data-end=\"145\">Famille<\/strong>: Bromeliaceae<\/p>\n<h3 data-start=\"163\" data-end=\"182\">Description :<\/h3>\n<p data-start=\"183\" data-end=\"457\">La <strong data-start=\"186\" data-end=\"205\">Neoregelia Pink<\/strong> est une brom\u00e9liac\u00e9e de petite \u00e0 moyenne taille, caract\u00e9ris\u00e9e par des feuilles rose vif, surtout au centre. Ses feuilles rigides forment une rosette en forme de cuvette, ce qui en fait une plante d\u00e9corative id\u00e9ale pour les int\u00e9rieurs et les terrariums.<\/p>\n<h3 data-start=\"459\" data-end=\"481\">Caract\u00e9ristiques :<\/h3>\n<ul data-start=\"482\" data-end=\"925\">\n<li data-start=\"482\" data-end=\"522\"><strong data-start=\"484\" data-end=\"494\">Taille<\/strong> : Jusqu&#8217;\u00e0 20 cm de hauteur.<\/li>\n<li data-start=\"523\" data-end=\"597\"><strong data-start=\"525\" data-end=\"536\">Couleur<\/strong> : Le centre des feuilles est rose vif, avec des bords verts.<\/li>\n<li data-start=\"598\" data-end=\"704\"><strong data-start=\"600\" data-end=\"627\">Exposition \u00e0 la lumi\u00e8re<\/strong> : Pr\u00e9f\u00e8re la lumi\u00e8re indirecte, mais tol\u00e8re aussi un peu de lumi\u00e8re directe.<\/li>\n<li data-start=\"705\" data-end=\"758\"><strong data-start=\"707\" data-end=\"722\">Temp\u00e9rature<\/strong> : Temp\u00e9rature id\u00e9ale entre 18-26\u00b0C.<\/li>\n<li data-start=\"759\" data-end=\"835\"><strong data-start=\"761\" data-end=\"773\">Humidit\u00e9<\/strong> : Aime l&#8217;humidit\u00e9, id\u00e9ale pour les terrariums et paludariums.<\/li>\n<li data-start=\"836\" data-end=\"925\"><strong data-start=\"838\" data-end=\"845\">Eau<\/strong> : Arrosez principalement par le centre de la rosette, en \u00e9vitant l&#8217;exc\u00e8s d&#8217;eau.<\/li>\n<\/ul>\n<h3 data-start=\"927\" data-end=\"945\">Utilisations :<\/h3>\n<ul data-start=\"946\" data-end=\"1179\">\n<li data-start=\"946\" data-end=\"1039\"><strong data-start=\"948\" data-end=\"973\">D\u00e9coration int\u00e9rieure<\/strong> : Parfaite pour la maison, les bureaux et les espaces int\u00e9rieurs.<\/li>\n<li data-start=\"1040\" data-end=\"1179\"><strong data-start=\"1042\" data-end=\"1071\">Terrariums et paludariums<\/strong> : Id\u00e9ale pour les terrariums tropicaux et paludariums gr\u00e2ce \u00e0 sa r\u00e9sistance et son adaptation \u00e0 l&#8217;humidit\u00e9.<\/li>\n<\/ul>\n<h3 data-start=\"1181\" data-end=\"1196\">Avantages :<\/h3>\n<ul data-start=\"1197\" data-end=\"1443\">\n<li data-start=\"1197\" data-end=\"1256\"><strong data-start=\"1199\" data-end=\"1216\">Purifie l&#8217;air<\/strong> : Aide \u00e0 am\u00e9liorer la qualit\u00e9 de l&#8217;air.<\/li>\n<li data-start=\"1257\" data-end=\"1339\"><strong data-start=\"1259\" data-end=\"1274\">Non toxique<\/strong> : S\u00fbre pour les animaux domestiques et les animaux de terrarium.<\/li>\n<li data-start=\"1340\" data-end=\"1443\"><strong data-start=\"1342\" data-end=\"1362\">Entretien facile<\/strong> : Id\u00e9ale pour ceux qui recherchent une plante d\u00e9corative et facile \u00e0 entretenir.<\/li>\n<\/ul>\n<h3 data-start=\"1445\" data-end=\"1456\">Soins :<\/h3>\n<ul data-start=\"1457\" data-end=\"1741\">\n<li data-start=\"1457\" data-end=\"1544\">\u00c9vitez l&#8217;arrosage direct sur les feuilles pour \u00e9viter l&#8217;accumulation d&#8217;eau stagnante.<\/li>\n<li data-start=\"1545\" data-end=\"1646\">Assurez-vous que la plante re\u00e7oit suffisamment de lumi\u00e8re indirecte pour conserver sa couleur vive.<\/li>\n<li data-start=\"1647\" data-end=\"1741\">Fertilisez occasionnellement avec un engrais dilu\u00e9 pour brom\u00e9liac\u00e9es au printemps et en \u00e9t\u00e9.<\/li>\n<\/ul>\n","protected":false},"excerpt":{"rendered":"<p>Apportez de la couleur et de la fra\u00eecheur avec la Neoregelia Pink ! Cette brom\u00e9liac\u00e9e vibrante est parfaite pour les int\u00e9rieurs et terrariums. Facile \u00e0 entretenir, non toxique et id\u00e9ale pour ajouter une touche tropicale \u00e0 votre maison.<\/p>\n<p><strong>Caract\u00e9ristiques:<\/strong><\/p>\n<ul>\n<li>Int\u00e9rieur de maison \/ terrariums.<\/li>\n<\/ul>\n","protected":false},"featured_media":40680,"template":"","meta":[],"product_brand":[],"product_cat":[637],"product_tag":[],"class_list":{"0":"post-40692","1":"product","2":"type-product","3":"status-publish","4":"has-post-thumbnail","6":"product_cat-plantes-naturelles","8":"first","9":"instock","10":"shipping-taxable","11":"purchasable","12":"product-type-simple"},"yoast_head":"<!-- This site is optimized with the Yoast SEO plugin v27.3 - https:\/\/yoast.com\/product\/yoast-seo-wordpress\/ -->\n<title>Neoregelia Pink | Plantes pour terrariums - ANTDERGROUND<\/title>\n<meta name=\"description\" content=\"Apportez de la couleur avec la Neoregelia Pink \ud83c\udf38. Parfaite pour les int\u00e9rieurs et terrariums, facile \u00e0 entretenir et non toxique pour les animaux \ud83d\udc3e.\" \/>\n<meta name=\"robots\" content=\"index, follow, max-snippet:-1, max-image-preview:large, max-video-preview:-1\" \/>\n<link rel=\"canonical\" href=\"https:\/\/antderground.com\/fr\/produit\/neoregelia-pink\/\" \/>\n<meta property=\"og:locale\" content=\"fr_FR\" \/>\n<meta property=\"og:type\" content=\"article\" \/>\n<meta property=\"og:title\" content=\"Neoregelia Pink | Plantes pour terrariums - ANTDERGROUND\" \/>\n<meta property=\"og:description\" content=\"Apportez de la couleur avec la Neoregelia Pink \ud83c\udf38. Parfaite pour les int\u00e9rieurs et terrariums, facile \u00e0 entretenir et non toxique pour les animaux \ud83d\udc3e.\" \/>\n<meta property=\"og:url\" content=\"https:\/\/antderground.com\/fr\/produit\/neoregelia-pink\/\" \/>\n<meta property=\"og:site_name\" content=\"ANTDERGROUND\" \/>\n<meta property=\"article:modified_time\" content=\"2025-07-18T13:52:06+00:00\" \/>\n<meta property=\"og:image\" content=\"https:\/\/antderground.com\/wp-content\/uploads\/2025\/03\/Neoregelia-Pink-1.jpeg\" \/>\n\t<meta property=\"og:image:width\" content=\"1600\" \/>\n\t<meta property=\"og:image:height\" content=\"1600\" \/>\n\t<meta property=\"og:image:type\" content=\"image\/jpeg\" \/>\n<meta name=\"twitter:card\" content=\"summary_large_image\" \/>\n<meta name=\"twitter:label1\" content=\"Dur\u00e9e de lecture estim\u00e9e\" \/>\n\t<meta name=\"twitter:data1\" content=\"1 minute\" \/>\n<script type=\"application\/ld+json\" class=\"yoast-schema-graph\">{\"@context\":\"https:\\\/\\\/schema.org\",\"@graph\":[{\"@type\":\"WebPage\",\"@id\":\"https:\\\/\\\/antderground.com\\\/fr\\\/produit\\\/neoregelia-pink\\\/\",\"url\":\"https:\\\/\\\/antderground.com\\\/fr\\\/produit\\\/neoregelia-pink\\\/\",\"name\":\"Neoregelia Pink | Plantes pour terrariums - ANTDERGROUND\",\"isPartOf\":{\"@id\":\"https:\\\/\\\/antderground.com\\\/fr\\\/#website\"},\"primaryImageOfPage\":{\"@id\":\"https:\\\/\\\/antderground.com\\\/fr\\\/produit\\\/neoregelia-pink\\\/#primaryimage\"},\"image\":{\"@id\":\"https:\\\/\\\/antderground.com\\\/fr\\\/produit\\\/neoregelia-pink\\\/#primaryimage\"},\"thumbnailUrl\":\"https:\\\/\\\/antderground.com\\\/wp-content\\\/uploads\\\/2025\\\/03\\\/Neoregelia-Pink-1.jpeg\",\"datePublished\":\"2025-03-03T14:28:09+00:00\",\"dateModified\":\"2025-07-18T13:52:06+00:00\",\"description\":\"Apportez de la couleur avec la Neoregelia Pink \ud83c\udf38. Parfaite pour les int\u00e9rieurs et terrariums, facile \u00e0 entretenir et non toxique pour les animaux \ud83d\udc3e.\",\"breadcrumb\":{\"@id\":\"https:\\\/\\\/antderground.com\\\/fr\\\/produit\\\/neoregelia-pink\\\/#breadcrumb\"},\"inLanguage\":\"fr-FR\",\"potentialAction\":[{\"@type\":\"ReadAction\",\"target\":[\"https:\\\/\\\/antderground.com\\\/fr\\\/produit\\\/neoregelia-pink\\\/\"]}]},{\"@type\":\"ImageObject\",\"inLanguage\":\"fr-FR\",\"@id\":\"https:\\\/\\\/antderground.com\\\/fr\\\/produit\\\/neoregelia-pink\\\/#primaryimage\",\"url\":\"https:\\\/\\\/antderground.com\\\/wp-content\\\/uploads\\\/2025\\\/03\\\/Neoregelia-Pink-1.jpeg\",\"contentUrl\":\"https:\\\/\\\/antderground.com\\\/wp-content\\\/uploads\\\/2025\\\/03\\\/Neoregelia-Pink-1.jpeg\",\"width\":1600,\"height\":1600,\"caption\":\"Neoregelia Pink\"},{\"@type\":\"BreadcrumbList\",\"@id\":\"https:\\\/\\\/antderground.com\\\/fr\\\/produit\\\/neoregelia-pink\\\/#breadcrumb\",\"itemListElement\":[{\"@type\":\"ListItem\",\"position\":1,\"name\":\"Portada\",\"item\":\"https:\\\/\\\/antderground.com\\\/fr\\\/\"},{\"@type\":\"ListItem\",\"position\":2,\"name\":\"Boutique\",\"item\":\"https:\\\/\\\/antderground.com\\\/fr\\\/boutique\\\/\"},{\"@type\":\"ListItem\",\"position\":3,\"name\":\"Neoregelia Pink\"}]},{\"@type\":\"WebSite\",\"@id\":\"https:\\\/\\\/antderground.com\\\/fr\\\/#website\",\"url\":\"https:\\\/\\\/antderground.com\\\/fr\\\/\",\"name\":\"ANTDERGROUND\",\"description\":\"Tu tienda de hormigas, gran variedad de hormigueros acr\u00edlicos,madera,arena,3D y mas.. Pide tus hormigas gratis con tu pedido, somos expertos en hormigueros antifugas.\",\"publisher\":{\"@id\":\"https:\\\/\\\/antderground.com\\\/fr\\\/#\\\/schema\\\/person\\\/0e322c505e84fe72c65e2f6d08f96b81\"},\"alternateName\":\"Antderground\",\"potentialAction\":[{\"@type\":\"SearchAction\",\"target\":{\"@type\":\"EntryPoint\",\"urlTemplate\":\"https:\\\/\\\/antderground.com\\\/fr\\\/?s={search_term_string}\"},\"query-input\":{\"@type\":\"PropertyValueSpecification\",\"valueRequired\":true,\"valueName\":\"search_term_string\"}}],\"inLanguage\":\"fr-FR\"},{\"@type\":[\"Person\",\"Organization\"],\"@id\":\"https:\\\/\\\/antderground.com\\\/fr\\\/#\\\/schema\\\/person\\\/0e322c505e84fe72c65e2f6d08f96b81\",\"name\":\"Eric de Antderground\",\"image\":{\"@type\":\"ImageObject\",\"inLanguage\":\"fr-FR\",\"@id\":\"https:\\\/\\\/secure.gravatar.com\\\/avatar\\\/c49a1b9f79216d1498cb73c1e85cd47f4465dda35f2a94c03790d491bd4423c3?s=96&d=mm&r=g\",\"url\":\"https:\\\/\\\/secure.gravatar.com\\\/avatar\\\/c49a1b9f79216d1498cb73c1e85cd47f4465dda35f2a94c03790d491bd4423c3?s=96&d=mm&r=g\",\"contentUrl\":\"https:\\\/\\\/secure.gravatar.com\\\/avatar\\\/c49a1b9f79216d1498cb73c1e85cd47f4465dda35f2a94c03790d491bd4423c3?s=96&d=mm&r=g\",\"caption\":\"Eric de Antderground\"},\"logo\":{\"@id\":\"https:\\\/\\\/secure.gravatar.com\\\/avatar\\\/c49a1b9f79216d1498cb73c1e85cd47f4465dda35f2a94c03790d491bd4423c3?s=96&d=mm&r=g\"},\"description\":\"Eric es el especialista y fundador de Antderground, con una amplia trayectoria en artr\u00f3podos y enfocado en la mirmecolog\u00eda y el dise\u00f1o de hormigueros artificiales. Su enfoque combina la innovaci\u00f3n t\u00e9cnica con el respeto por la biolog\u00eda de las hormigas, is\u00f3podos y otros, desarrollando sistemas de nidos modulares 3D y acr\u00edlicos que son referentes para aficionados y profesionales en toda Europa. Su objetivo es facilitar la cr\u00eda de hormigas y otros artr\u00f3podos mediante soluciones seguras y divulgaci\u00f3n de calidad.\",\"sameAs\":[\"https:\\\/\\\/antderground.com\\\/\",\"https:\\\/\\\/www.youtube.com\\\/channel\\\/UCio72z7TlbufkAthAJIJfPw\"]}]}<\/script>\n<!-- \/ Yoast SEO plugin. -->","yoast_head_json":{"title":"Neoregelia Pink | Plantes pour terrariums - ANTDERGROUND","description":"Apportez de la couleur avec la Neoregelia Pink \ud83c\udf38. Parfaite pour les int\u00e9rieurs et terrariums, facile \u00e0 entretenir et non toxique pour les animaux \ud83d\udc3e.","robots":{"index":"index","follow":"follow","max-snippet":"max-snippet:-1","max-image-preview":"max-image-preview:large","max-video-preview":"max-video-preview:-1"},"canonical":"https:\/\/antderground.com\/fr\/produit\/neoregelia-pink\/","og_locale":"fr_FR","og_type":"article","og_title":"Neoregelia Pink | Plantes pour terrariums - ANTDERGROUND","og_description":"Apportez de la couleur avec la Neoregelia Pink \ud83c\udf38. Parfaite pour les int\u00e9rieurs et terrariums, facile \u00e0 entretenir et non toxique pour les animaux \ud83d\udc3e.","og_url":"https:\/\/antderground.com\/fr\/produit\/neoregelia-pink\/","og_site_name":"ANTDERGROUND","article_modified_time":"2025-07-18T13:52:06+00:00","og_image":[{"width":1600,"height":1600,"url":"https:\/\/antderground.com\/wp-content\/uploads\/2025\/03\/Neoregelia-Pink-1.jpeg","type":"image\/jpeg"}],"twitter_card":"summary_large_image","twitter_misc":{"Dur\u00e9e de lecture estim\u00e9e":"1 minute"},"schema":{"@context":"https:\/\/schema.org","@graph":[{"@type":"WebPage","@id":"https:\/\/antderground.com\/fr\/produit\/neoregelia-pink\/","url":"https:\/\/antderground.com\/fr\/produit\/neoregelia-pink\/","name":"Neoregelia Pink | Plantes pour terrariums - ANTDERGROUND","isPartOf":{"@id":"https:\/\/antderground.com\/fr\/#website"},"primaryImageOfPage":{"@id":"https:\/\/antderground.com\/fr\/produit\/neoregelia-pink\/#primaryimage"},"image":{"@id":"https:\/\/antderground.com\/fr\/produit\/neoregelia-pink\/#primaryimage"},"thumbnailUrl":"https:\/\/antderground.com\/wp-content\/uploads\/2025\/03\/Neoregelia-Pink-1.jpeg","datePublished":"2025-03-03T14:28:09+00:00","dateModified":"2025-07-18T13:52:06+00:00","description":"Apportez de la couleur avec la Neoregelia Pink \ud83c\udf38. Parfaite pour les int\u00e9rieurs et terrariums, facile \u00e0 entretenir et non toxique pour les animaux \ud83d\udc3e.","breadcrumb":{"@id":"https:\/\/antderground.com\/fr\/produit\/neoregelia-pink\/#breadcrumb"},"inLanguage":"fr-FR","potentialAction":[{"@type":"ReadAction","target":["https:\/\/antderground.com\/fr\/produit\/neoregelia-pink\/"]}]},{"@type":"ImageObject","inLanguage":"fr-FR","@id":"https:\/\/antderground.com\/fr\/produit\/neoregelia-pink\/#primaryimage","url":"https:\/\/antderground.com\/wp-content\/uploads\/2025\/03\/Neoregelia-Pink-1.jpeg","contentUrl":"https:\/\/antderground.com\/wp-content\/uploads\/2025\/03\/Neoregelia-Pink-1.jpeg","width":1600,"height":1600,"caption":"Neoregelia Pink"},{"@type":"BreadcrumbList","@id":"https:\/\/antderground.com\/fr\/produit\/neoregelia-pink\/#breadcrumb","itemListElement":[{"@type":"ListItem","position":1,"name":"Portada","item":"https:\/\/antderground.com\/fr\/"},{"@type":"ListItem","position":2,"name":"Boutique","item":"https:\/\/antderground.com\/fr\/boutique\/"},{"@type":"ListItem","position":3,"name":"Neoregelia Pink"}]},{"@type":"WebSite","@id":"https:\/\/antderground.com\/fr\/#website","url":"https:\/\/antderground.com\/fr\/","name":"ANTDERGROUND","description":"Tu tienda de hormigas, gran variedad de hormigueros acr\u00edlicos,madera,arena,3D y mas.. Pide tus hormigas gratis con tu pedido, somos expertos en hormigueros antifugas.","publisher":{"@id":"https:\/\/antderground.com\/fr\/#\/schema\/person\/0e322c505e84fe72c65e2f6d08f96b81"},"alternateName":"Antderground","potentialAction":[{"@type":"SearchAction","target":{"@type":"EntryPoint","urlTemplate":"https:\/\/antderground.com\/fr\/?s={search_term_string}"},"query-input":{"@type":"PropertyValueSpecification","valueRequired":true,"valueName":"search_term_string"}}],"inLanguage":"fr-FR"},{"@type":["Person","Organization"],"@id":"https:\/\/antderground.com\/fr\/#\/schema\/person\/0e322c505e84fe72c65e2f6d08f96b81","name":"Eric de Antderground","image":{"@type":"ImageObject","inLanguage":"fr-FR","@id":"https:\/\/secure.gravatar.com\/avatar\/c49a1b9f79216d1498cb73c1e85cd47f4465dda35f2a94c03790d491bd4423c3?s=96&d=mm&r=g","url":"https:\/\/secure.gravatar.com\/avatar\/c49a1b9f79216d1498cb73c1e85cd47f4465dda35f2a94c03790d491bd4423c3?s=96&d=mm&r=g","contentUrl":"https:\/\/secure.gravatar.com\/avatar\/c49a1b9f79216d1498cb73c1e85cd47f4465dda35f2a94c03790d491bd4423c3?s=96&d=mm&r=g","caption":"Eric de Antderground"},"logo":{"@id":"https:\/\/secure.gravatar.com\/avatar\/c49a1b9f79216d1498cb73c1e85cd47f4465dda35f2a94c03790d491bd4423c3?s=96&d=mm&r=g"},"description":"Eric es el especialista y fundador de Antderground, con una amplia trayectoria en artr\u00f3podos y enfocado en la mirmecolog\u00eda y el dise\u00f1o de hormigueros artificiales. Su enfoque combina la innovaci\u00f3n t\u00e9cnica con el respeto por la biolog\u00eda de las hormigas, is\u00f3podos y otros, desarrollando sistemas de nidos modulares 3D y acr\u00edlicos que son referentes para aficionados y profesionales en toda Europa. Su objetivo es facilitar la cr\u00eda de hormigas y otros artr\u00f3podos mediante soluciones seguras y divulgaci\u00f3n de calidad.","sameAs":["https:\/\/antderground.com\/","https:\/\/www.youtube.com\/channel\/UCio72z7TlbufkAthAJIJfPw"]}]}},"_links":{"self":[{"href":"https:\/\/antderground.com\/fr\/wp-json\/wp\/v2\/product\/40692","targetHints":{"allow":["GET"]}}],"collection":[{"href":"https:\/\/antderground.com\/fr\/wp-json\/wp\/v2\/product"}],"about":[{"href":"https:\/\/antderground.com\/fr\/wp-json\/wp\/v2\/types\/product"}],"version-history":[{"count":0,"href":"https:\/\/antderground.com\/fr\/wp-json\/wp\/v2\/product\/40692\/revisions"}],"wp:featuredmedia":[{"embeddable":true,"href":"https:\/\/antderground.com\/fr\/wp-json\/wp\/v2\/media\/40680"}],"wp:attachment":[{"href":"https:\/\/antderground.com\/fr\/wp-json\/wp\/v2\/media?parent=40692"}],"wp:term":[{"taxonomy":"product_brand","embeddable":true,"href":"https:\/\/antderground.com\/fr\/wp-json\/wp\/v2\/product_brand?post=40692"},{"taxonomy":"product_cat","embeddable":true,"href":"https:\/\/antderground.com\/fr\/wp-json\/wp\/v2\/product_cat?post=40692"},{"taxonomy":"product_tag","embeddable":true,"href":"https:\/\/antderground.com\/fr\/wp-json\/wp\/v2\/product_tag?post=40692"}],"curies":[{"name":"wp","href":"https:\/\/api.w.org\/{rel}","templated":true}]}}