{"id":40947,"date":"2025-03-10T10:45:51","date_gmt":"2025-03-10T09:45:51","guid":{"rendered":"https:\/\/www.antderground.com\/producto\/oeufs-de-vers-a-soie\/"},"modified":"2026-04-04T08:20:22","modified_gmt":"2026-04-04T06:20:22","slug":"oeufs-de-vers-a-soie","status":"publish","type":"product","link":"https:\/\/antderground.com\/fr\/produit\/oeufs-de-vers-a-soie\/","title":{"rendered":"Oeufs de vers \u00e0 soie"},"content":{"rendered":"<p data-start=\"33\" data-end=\"90\"><strong data-start=\"33\" data-end=\"88\">Fiche Technique : \u0152ufs de Vers \u00e0 Soie (Bombyx mori)<\/strong><\/p>\n<p data-start=\"92\" data-end=\"167\"><strong data-start=\"92\" data-end=\"108\">Nom commun :<\/strong> \u0152ufs de vers \u00e0 soie<br data-start=\"128\" data-end=\"131\" \/><strong data-start=\"131\" data-end=\"153\">Nom scientifique :<\/strong> Bombyx mori (mixte)<\/p>\n<h3 data-start=\"169\" data-end=\"190\"><strong data-start=\"173\" data-end=\"188\">Description<\/strong><\/h3>\n<p data-start=\"191\" data-end=\"485\">Les \u0153ufs de vers \u00e0 soie (Bombyx mori) sont le premier stade de cet insecte, \u00e9lev\u00e9s pour la production de soie ou comme nourriture vivante pour reptiles, amphibiens et arthropodes. Faciles \u00e0 incuber, ils donnent naissance \u00e0 des chenilles qui se nourrissent exclusivement de feuilles de m\u00fbrier.<\/p>\n<h3 data-start=\"487\" data-end=\"518\"><strong data-start=\"491\" data-end=\"516\">Conditions d\u2019\u00e9closion<\/strong><\/h3>\n<ul data-start=\"519\" data-end=\"766\">\n<li data-start=\"519\" data-end=\"555\"><strong data-start=\"521\" data-end=\"545\">Temp\u00e9rature id\u00e9ale :<\/strong> 23-27\u00b0C<\/li>\n<li data-start=\"556\" data-end=\"590\"><strong data-start=\"558\" data-end=\"581\">Humidit\u00e9 relative :<\/strong> 75-85%<\/li>\n<li data-start=\"591\" data-end=\"670\"><strong data-start=\"593\" data-end=\"617\">Temps d\u2019incubation :<\/strong> 10-14 jours selon les conditions environnementales<\/li>\n<li data-start=\"671\" data-end=\"766\"><strong data-start=\"673\" data-end=\"703\">Photop\u00e9riode recommand\u00e9e :<\/strong> Lumi\u00e8re naturelle ou artificielle avec un cycle de 12 heures<\/li>\n<\/ul>\n<h3 data-start=\"768\" data-end=\"807\"><strong data-start=\"772\" data-end=\"805\">Alimentation apr\u00e8s l\u2019\u00e9closion<\/strong><\/h3>\n<p data-start=\"808\" data-end=\"1017\">Les jeunes vers \u00e0 soie doivent \u00eatre nourris exclusivement avec des feuilles fra\u00eeches de m\u00fbrier (Morus sp.). \u00c0 d\u00e9faut, il existe des r\u00e9gimes artificiels \u00e0 base de feuilles s\u00e9ch\u00e9es et de compl\u00e9ments nutritifs.<\/p>\n<h3 data-start=\"1019\" data-end=\"1041\"><strong data-start=\"1023\" data-end=\"1039\">Applications<\/strong><\/h3>\n<ul data-start=\"1042\" data-end=\"1190\">\n<li data-start=\"1042\" data-end=\"1080\">\u00c9levage pour la production de soie<\/li>\n<li data-start=\"1081\" data-end=\"1135\">Nourriture vivante pour reptiles et autres animaux<\/li>\n<li data-start=\"1136\" data-end=\"1190\">Projets \u00e9ducatifs sur le cycle de vie des insectes<\/li>\n<\/ul>\n<h3 data-start=\"1192\" data-end=\"1223\"><strong data-start=\"1196\" data-end=\"1221\">Conservation des \u0153ufs<\/strong><\/h3>\n<ul data-start=\"1224\" data-end=\"1360\">\n<li data-start=\"1224\" data-end=\"1287\">Pour retarder l\u2019\u00e9closion, conserver au r\u00e9frig\u00e9rateur \u00e0 5\u00b0C.<\/li>\n<li data-start=\"1288\" data-end=\"1360\">\u00c9viter l\u2019exc\u00e8s d\u2019humidit\u00e9 et les variations brutales de temp\u00e9rature.<\/li>\n<\/ul>\n<h3 data-start=\"1362\" data-end=\"1381\"><strong data-start=\"1366\" data-end=\"1379\">Remarques<\/strong><\/h3>\n<ul data-start=\"1382\" data-end=\"1467\">\n<li data-start=\"1382\" data-end=\"1467\">La qualit\u00e9 de la soie produite peut varier selon la g\u00e9n\u00e9tique de chaque individu.<\/li>\n<\/ul>\n","protected":false},"excerpt":{"rendered":"<p>D\u00e9couvrez l\u2019\u00e9levage des vers \u00e0 soie d\u00e8s leur premier stade ! \u0152ufs de haute qualit\u00e9, faciles \u00e0 incuber, parfaits pour l\u2019\u00e9ducation, l\u2019alimentation vivante ou la production de soie. Nourrissez-les avec des feuilles de m\u00fbrier fra\u00eeches et observez leur incroyable \u00e9volution !<\/p>\n","protected":false},"featured_media":40914,"template":"","meta":[],"product_brand":[],"product_cat":[109,685],"product_tag":[],"class_list":{"0":"post-40947","1":"product","2":"type-product","3":"status-publish","4":"has-post-thumbnail","6":"product_cat-aliments","7":"product_cat-deshydrates-et-autres","9":"first","10":"instock","11":"shipping-taxable","12":"purchasable","13":"product-type-variable"},"yoast_head":"<!-- This site is optimized with the Yoast SEO plugin v27.3 - https:\/\/yoast.com\/product\/yoast-seo-wordpress\/ -->\n<title>Oeufs de vers \u00e0 soie - ANTDERGROUND<\/title>\n<meta name=\"description\" content=\"Achetez des \u0153ufs de vers \u00e0 soie \ud83d\udc1b de qualit\u00e9. Id\u00e9als pour l\u2019\u00e9levage, l\u2019\u00e9ducation ou la nourriture vivante. Faciles \u00e0 incuber, nourris au m\u00fbrier. \ud83c\udf3f\" \/>\n<meta name=\"robots\" content=\"index, follow, max-snippet:-1, max-image-preview:large, max-video-preview:-1\" \/>\n<link rel=\"canonical\" href=\"https:\/\/antderground.com\/fr\/produit\/oeufs-de-vers-a-soie\/\" \/>\n<meta property=\"og:locale\" content=\"fr_FR\" \/>\n<meta property=\"og:type\" content=\"article\" \/>\n<meta property=\"og:title\" content=\"Oeufs de vers \u00e0 soie - ANTDERGROUND\" \/>\n<meta property=\"og:description\" content=\"Achetez des \u0153ufs de vers \u00e0 soie \ud83d\udc1b de qualit\u00e9. Id\u00e9als pour l\u2019\u00e9levage, l\u2019\u00e9ducation ou la nourriture vivante. Faciles \u00e0 incuber, nourris au m\u00fbrier. \ud83c\udf3f\" \/>\n<meta property=\"og:url\" content=\"https:\/\/antderground.com\/fr\/produit\/oeufs-de-vers-a-soie\/\" \/>\n<meta property=\"og:site_name\" content=\"ANTDERGROUND\" \/>\n<meta property=\"article:modified_time\" content=\"2026-04-04T06:20:22+00:00\" \/>\n<meta property=\"og:image\" content=\"https:\/\/antderground.com\/wp-content\/uploads\/2025\/03\/ous-cucs-de-seda.jpeg\" \/>\n\t<meta property=\"og:image:width\" content=\"1600\" \/>\n\t<meta property=\"og:image:height\" content=\"1600\" \/>\n\t<meta property=\"og:image:type\" content=\"image\/jpeg\" \/>\n<meta name=\"twitter:card\" content=\"summary_large_image\" \/>\n<meta name=\"twitter:label1\" content=\"Dur\u00e9e de lecture estim\u00e9e\" \/>\n\t<meta name=\"twitter:data1\" content=\"1 minute\" \/>\n<script type=\"application\/ld+json\" class=\"yoast-schema-graph\">{\"@context\":\"https:\\\/\\\/schema.org\",\"@graph\":[{\"@type\":\"WebPage\",\"@id\":\"https:\\\/\\\/antderground.com\\\/fr\\\/produit\\\/oeufs-de-vers-a-soie\\\/\",\"url\":\"https:\\\/\\\/antderground.com\\\/fr\\\/produit\\\/oeufs-de-vers-a-soie\\\/\",\"name\":\"Oeufs de vers \u00e0 soie - ANTDERGROUND\",\"isPartOf\":{\"@id\":\"https:\\\/\\\/antderground.com\\\/fr\\\/#website\"},\"primaryImageOfPage\":{\"@id\":\"https:\\\/\\\/antderground.com\\\/fr\\\/produit\\\/oeufs-de-vers-a-soie\\\/#primaryimage\"},\"image\":{\"@id\":\"https:\\\/\\\/antderground.com\\\/fr\\\/produit\\\/oeufs-de-vers-a-soie\\\/#primaryimage\"},\"thumbnailUrl\":\"https:\\\/\\\/antderground.com\\\/wp-content\\\/uploads\\\/2025\\\/03\\\/ous-cucs-de-seda.jpeg\",\"datePublished\":\"2025-03-10T09:45:51+00:00\",\"dateModified\":\"2026-04-04T06:20:22+00:00\",\"description\":\"Achetez des \u0153ufs de vers \u00e0 soie \ud83d\udc1b de qualit\u00e9. Id\u00e9als pour l\u2019\u00e9levage, l\u2019\u00e9ducation ou la nourriture vivante. Faciles \u00e0 incuber, nourris au m\u00fbrier. \ud83c\udf3f\",\"breadcrumb\":{\"@id\":\"https:\\\/\\\/antderground.com\\\/fr\\\/produit\\\/oeufs-de-vers-a-soie\\\/#breadcrumb\"},\"inLanguage\":\"fr-FR\",\"potentialAction\":[{\"@type\":\"ReadAction\",\"target\":[\"https:\\\/\\\/antderground.com\\\/fr\\\/produit\\\/oeufs-de-vers-a-soie\\\/\"]}]},{\"@type\":\"ImageObject\",\"inLanguage\":\"fr-FR\",\"@id\":\"https:\\\/\\\/antderground.com\\\/fr\\\/produit\\\/oeufs-de-vers-a-soie\\\/#primaryimage\",\"url\":\"https:\\\/\\\/antderground.com\\\/wp-content\\\/uploads\\\/2025\\\/03\\\/ous-cucs-de-seda.jpeg\",\"contentUrl\":\"https:\\\/\\\/antderground.com\\\/wp-content\\\/uploads\\\/2025\\\/03\\\/ous-cucs-de-seda.jpeg\",\"width\":1600,\"height\":1600,\"caption\":\"\u0152ufs de Vers \u00e0 Soie (Bombyx mori)\"},{\"@type\":\"BreadcrumbList\",\"@id\":\"https:\\\/\\\/antderground.com\\\/fr\\\/produit\\\/oeufs-de-vers-a-soie\\\/#breadcrumb\",\"itemListElement\":[{\"@type\":\"ListItem\",\"position\":1,\"name\":\"Portada\",\"item\":\"https:\\\/\\\/antderground.com\\\/fr\\\/\"},{\"@type\":\"ListItem\",\"position\":2,\"name\":\"Boutique\",\"item\":\"https:\\\/\\\/antderground.com\\\/fr\\\/boutique\\\/\"},{\"@type\":\"ListItem\",\"position\":3,\"name\":\"Oeufs de vers \u00e0 soie\"}]},{\"@type\":\"WebSite\",\"@id\":\"https:\\\/\\\/antderground.com\\\/fr\\\/#website\",\"url\":\"https:\\\/\\\/antderground.com\\\/fr\\\/\",\"name\":\"ANTDERGROUND\",\"description\":\"Tu tienda de hormigas, gran variedad de hormigueros acr\u00edlicos,madera,arena,3D y mas.. Pide tus hormigas gratis con tu pedido, somos expertos en hormigueros antifugas.\",\"publisher\":{\"@id\":\"https:\\\/\\\/antderground.com\\\/fr\\\/#\\\/schema\\\/person\\\/0e322c505e84fe72c65e2f6d08f96b81\"},\"alternateName\":\"Antderground\",\"potentialAction\":[{\"@type\":\"SearchAction\",\"target\":{\"@type\":\"EntryPoint\",\"urlTemplate\":\"https:\\\/\\\/antderground.com\\\/fr\\\/?s={search_term_string}\"},\"query-input\":{\"@type\":\"PropertyValueSpecification\",\"valueRequired\":true,\"valueName\":\"search_term_string\"}}],\"inLanguage\":\"fr-FR\"},{\"@type\":[\"Person\",\"Organization\"],\"@id\":\"https:\\\/\\\/antderground.com\\\/fr\\\/#\\\/schema\\\/person\\\/0e322c505e84fe72c65e2f6d08f96b81\",\"name\":\"Eric de Antderground\",\"image\":{\"@type\":\"ImageObject\",\"inLanguage\":\"fr-FR\",\"@id\":\"https:\\\/\\\/secure.gravatar.com\\\/avatar\\\/c49a1b9f79216d1498cb73c1e85cd47f4465dda35f2a94c03790d491bd4423c3?s=96&d=mm&r=g\",\"url\":\"https:\\\/\\\/secure.gravatar.com\\\/avatar\\\/c49a1b9f79216d1498cb73c1e85cd47f4465dda35f2a94c03790d491bd4423c3?s=96&d=mm&r=g\",\"contentUrl\":\"https:\\\/\\\/secure.gravatar.com\\\/avatar\\\/c49a1b9f79216d1498cb73c1e85cd47f4465dda35f2a94c03790d491bd4423c3?s=96&d=mm&r=g\",\"caption\":\"Eric de Antderground\"},\"logo\":{\"@id\":\"https:\\\/\\\/secure.gravatar.com\\\/avatar\\\/c49a1b9f79216d1498cb73c1e85cd47f4465dda35f2a94c03790d491bd4423c3?s=96&d=mm&r=g\"},\"description\":\"Eric es el especialista y fundador de Antderground, con una amplia trayectoria en artr\u00f3podos y enfocado en la mirmecolog\u00eda y el dise\u00f1o de hormigueros artificiales. Su enfoque combina la innovaci\u00f3n t\u00e9cnica con el respeto por la biolog\u00eda de las hormigas, is\u00f3podos y otros, desarrollando sistemas de nidos modulares 3D y acr\u00edlicos que son referentes para aficionados y profesionales en toda Europa. Su objetivo es facilitar la cr\u00eda de hormigas y otros artr\u00f3podos mediante soluciones seguras y divulgaci\u00f3n de calidad.\",\"sameAs\":[\"https:\\\/\\\/antderground.com\\\/\",\"https:\\\/\\\/www.youtube.com\\\/channel\\\/UCio72z7TlbufkAthAJIJfPw\"]}]}<\/script>\n<!-- \/ Yoast SEO plugin. -->","yoast_head_json":{"title":"Oeufs de vers \u00e0 soie - ANTDERGROUND","description":"Achetez des \u0153ufs de vers \u00e0 soie \ud83d\udc1b de qualit\u00e9. Id\u00e9als pour l\u2019\u00e9levage, l\u2019\u00e9ducation ou la nourriture vivante. Faciles \u00e0 incuber, nourris au m\u00fbrier. \ud83c\udf3f","robots":{"index":"index","follow":"follow","max-snippet":"max-snippet:-1","max-image-preview":"max-image-preview:large","max-video-preview":"max-video-preview:-1"},"canonical":"https:\/\/antderground.com\/fr\/produit\/oeufs-de-vers-a-soie\/","og_locale":"fr_FR","og_type":"article","og_title":"Oeufs de vers \u00e0 soie - ANTDERGROUND","og_description":"Achetez des \u0153ufs de vers \u00e0 soie \ud83d\udc1b de qualit\u00e9. Id\u00e9als pour l\u2019\u00e9levage, l\u2019\u00e9ducation ou la nourriture vivante. Faciles \u00e0 incuber, nourris au m\u00fbrier. \ud83c\udf3f","og_url":"https:\/\/antderground.com\/fr\/produit\/oeufs-de-vers-a-soie\/","og_site_name":"ANTDERGROUND","article_modified_time":"2026-04-04T06:20:22+00:00","og_image":[{"width":1600,"height":1600,"url":"https:\/\/antderground.com\/wp-content\/uploads\/2025\/03\/ous-cucs-de-seda.jpeg","type":"image\/jpeg"}],"twitter_card":"summary_large_image","twitter_misc":{"Dur\u00e9e de lecture estim\u00e9e":"1 minute"},"schema":{"@context":"https:\/\/schema.org","@graph":[{"@type":"WebPage","@id":"https:\/\/antderground.com\/fr\/produit\/oeufs-de-vers-a-soie\/","url":"https:\/\/antderground.com\/fr\/produit\/oeufs-de-vers-a-soie\/","name":"Oeufs de vers \u00e0 soie - ANTDERGROUND","isPartOf":{"@id":"https:\/\/antderground.com\/fr\/#website"},"primaryImageOfPage":{"@id":"https:\/\/antderground.com\/fr\/produit\/oeufs-de-vers-a-soie\/#primaryimage"},"image":{"@id":"https:\/\/antderground.com\/fr\/produit\/oeufs-de-vers-a-soie\/#primaryimage"},"thumbnailUrl":"https:\/\/antderground.com\/wp-content\/uploads\/2025\/03\/ous-cucs-de-seda.jpeg","datePublished":"2025-03-10T09:45:51+00:00","dateModified":"2026-04-04T06:20:22+00:00","description":"Achetez des \u0153ufs de vers \u00e0 soie \ud83d\udc1b de qualit\u00e9. Id\u00e9als pour l\u2019\u00e9levage, l\u2019\u00e9ducation ou la nourriture vivante. Faciles \u00e0 incuber, nourris au m\u00fbrier. \ud83c\udf3f","breadcrumb":{"@id":"https:\/\/antderground.com\/fr\/produit\/oeufs-de-vers-a-soie\/#breadcrumb"},"inLanguage":"fr-FR","potentialAction":[{"@type":"ReadAction","target":["https:\/\/antderground.com\/fr\/produit\/oeufs-de-vers-a-soie\/"]}]},{"@type":"ImageObject","inLanguage":"fr-FR","@id":"https:\/\/antderground.com\/fr\/produit\/oeufs-de-vers-a-soie\/#primaryimage","url":"https:\/\/antderground.com\/wp-content\/uploads\/2025\/03\/ous-cucs-de-seda.jpeg","contentUrl":"https:\/\/antderground.com\/wp-content\/uploads\/2025\/03\/ous-cucs-de-seda.jpeg","width":1600,"height":1600,"caption":"\u0152ufs de Vers \u00e0 Soie (Bombyx mori)"},{"@type":"BreadcrumbList","@id":"https:\/\/antderground.com\/fr\/produit\/oeufs-de-vers-a-soie\/#breadcrumb","itemListElement":[{"@type":"ListItem","position":1,"name":"Portada","item":"https:\/\/antderground.com\/fr\/"},{"@type":"ListItem","position":2,"name":"Boutique","item":"https:\/\/antderground.com\/fr\/boutique\/"},{"@type":"ListItem","position":3,"name":"Oeufs de vers \u00e0 soie"}]},{"@type":"WebSite","@id":"https:\/\/antderground.com\/fr\/#website","url":"https:\/\/antderground.com\/fr\/","name":"ANTDERGROUND","description":"Tu tienda de hormigas, gran variedad de hormigueros acr\u00edlicos,madera,arena,3D y mas.. Pide tus hormigas gratis con tu pedido, somos expertos en hormigueros antifugas.","publisher":{"@id":"https:\/\/antderground.com\/fr\/#\/schema\/person\/0e322c505e84fe72c65e2f6d08f96b81"},"alternateName":"Antderground","potentialAction":[{"@type":"SearchAction","target":{"@type":"EntryPoint","urlTemplate":"https:\/\/antderground.com\/fr\/?s={search_term_string}"},"query-input":{"@type":"PropertyValueSpecification","valueRequired":true,"valueName":"search_term_string"}}],"inLanguage":"fr-FR"},{"@type":["Person","Organization"],"@id":"https:\/\/antderground.com\/fr\/#\/schema\/person\/0e322c505e84fe72c65e2f6d08f96b81","name":"Eric de Antderground","image":{"@type":"ImageObject","inLanguage":"fr-FR","@id":"https:\/\/secure.gravatar.com\/avatar\/c49a1b9f79216d1498cb73c1e85cd47f4465dda35f2a94c03790d491bd4423c3?s=96&d=mm&r=g","url":"https:\/\/secure.gravatar.com\/avatar\/c49a1b9f79216d1498cb73c1e85cd47f4465dda35f2a94c03790d491bd4423c3?s=96&d=mm&r=g","contentUrl":"https:\/\/secure.gravatar.com\/avatar\/c49a1b9f79216d1498cb73c1e85cd47f4465dda35f2a94c03790d491bd4423c3?s=96&d=mm&r=g","caption":"Eric de Antderground"},"logo":{"@id":"https:\/\/secure.gravatar.com\/avatar\/c49a1b9f79216d1498cb73c1e85cd47f4465dda35f2a94c03790d491bd4423c3?s=96&d=mm&r=g"},"description":"Eric es el especialista y fundador de Antderground, con una amplia trayectoria en artr\u00f3podos y enfocado en la mirmecolog\u00eda y el dise\u00f1o de hormigueros artificiales. Su enfoque combina la innovaci\u00f3n t\u00e9cnica con el respeto por la biolog\u00eda de las hormigas, is\u00f3podos y otros, desarrollando sistemas de nidos modulares 3D y acr\u00edlicos que son referentes para aficionados y profesionales en toda Europa. Su objetivo es facilitar la cr\u00eda de hormigas y otros artr\u00f3podos mediante soluciones seguras y divulgaci\u00f3n de calidad.","sameAs":["https:\/\/antderground.com\/","https:\/\/www.youtube.com\/channel\/UCio72z7TlbufkAthAJIJfPw"]}]}},"_links":{"self":[{"href":"https:\/\/antderground.com\/fr\/wp-json\/wp\/v2\/product\/40947","targetHints":{"allow":["GET"]}}],"collection":[{"href":"https:\/\/antderground.com\/fr\/wp-json\/wp\/v2\/product"}],"about":[{"href":"https:\/\/antderground.com\/fr\/wp-json\/wp\/v2\/types\/product"}],"version-history":[{"count":0,"href":"https:\/\/antderground.com\/fr\/wp-json\/wp\/v2\/product\/40947\/revisions"}],"wp:featuredmedia":[{"embeddable":true,"href":"https:\/\/antderground.com\/fr\/wp-json\/wp\/v2\/media\/40914"}],"wp:attachment":[{"href":"https:\/\/antderground.com\/fr\/wp-json\/wp\/v2\/media?parent=40947"}],"wp:term":[{"taxonomy":"product_brand","embeddable":true,"href":"https:\/\/antderground.com\/fr\/wp-json\/wp\/v2\/product_brand?post=40947"},{"taxonomy":"product_cat","embeddable":true,"href":"https:\/\/antderground.com\/fr\/wp-json\/wp\/v2\/product_cat?post=40947"},{"taxonomy":"product_tag","embeddable":true,"href":"https:\/\/antderground.com\/fr\/wp-json\/wp\/v2\/product_tag?post=40947"}],"curies":[{"name":"wp","href":"https:\/\/api.w.org\/{rel}","templated":true}]}}