{"id":41023,"date":"2025-03-05T14:58:30","date_gmt":"2025-03-05T13:58:30","guid":{"rendered":"https:\/\/www.antderground.com\/producto\/sansevieria-cylindrica-mikado\/"},"modified":"2025-03-05T14:58:30","modified_gmt":"2025-03-05T13:58:30","slug":"sansevieria-cylindrica-mikado","status":"publish","type":"product","link":"https:\/\/antderground.com\/fr\/produit\/sansevieria-cylindrica-mikado\/","title":{"rendered":"Sansevieria cylindrica (Mikado)"},"content":{"rendered":"<p data-start=\"33\" data-end=\"88\"><strong data-start=\"33\" data-end=\"86\">Fiche technique : Sansevieria cylindrica (Mikado)<\/strong><\/p>\n<p data-start=\"90\" data-end=\"204\"><strong data-start=\"90\" data-end=\"106\">Nom commun :<\/strong> Sansevieria Mikado<br data-start=\"125\" data-end=\"128\" \/><strong data-start=\"128\" data-end=\"150\">Nom scientifique :<\/strong> Sansevieria cylindrica<br data-start=\"173\" data-end=\"176\" \/><strong data-start=\"176\" data-end=\"189\">Famille :<\/strong> Asparagaceae<\/p>\n<p data-start=\"206\" data-end=\"676\"><strong data-start=\"206\" data-end=\"221\">Description<\/strong><br data-start=\"221\" data-end=\"224\" \/>La <strong data-start=\"227\" data-end=\"260\">Sansevieria cylindrica Mikado<\/strong> est une plante d\u2019int\u00e9rieur originaire d\u2019Afrique. Elle se distingue par ses feuilles cylindriques, rigides et dress\u00e9es, qui poussent selon un motif g\u00e9om\u00e9trique. Ses feuilles, pouvant atteindre 60 cm de hauteur, arborent un vert intense avec des bandes plus fonc\u00e9es, ce qui en fait une plante d\u00e9corative id\u00e9ale pour tout environnement. Le Mikado a un aspect unique gr\u00e2ce \u00e0 la disposition en spirale de ses feuilles.<\/p>\n<p data-start=\"678\" data-end=\"695\"><strong data-start=\"678\" data-end=\"693\">Utilisation<\/strong><\/p>\n<ul data-start=\"696\" data-end=\"943\">\n<li data-start=\"696\" data-end=\"777\"><strong data-start=\"698\" data-end=\"725\">D\u00e9coration int\u00e9rieure :<\/strong> Id\u00e9ale pour les espaces modernes et minimalistes.<\/li>\n<li data-start=\"778\" data-end=\"943\"><strong data-start=\"780\" data-end=\"807\">Purification de l\u2019air :<\/strong> Comme d\u2019autres Sansevierias, elle contribue \u00e0 purifier l\u2019air en \u00e9liminant les toxines et en am\u00e9liorant la qualit\u00e9 de l\u2019environnement.<\/li>\n<\/ul>\n<p data-start=\"945\" data-end=\"960\"><strong data-start=\"945\" data-end=\"958\">Entretien<\/strong><\/p>\n<ul data-start=\"961\" data-end=\"1486\">\n<li data-start=\"961\" data-end=\"1062\"><strong data-start=\"963\" data-end=\"976\">Lumi\u00e8re :<\/strong> Pr\u00e9f\u00e8re une lumi\u00e8re indirecte vive mais tol\u00e8re les conditions de faible luminosit\u00e9.<\/li>\n<li data-start=\"1063\" data-end=\"1217\"><strong data-start=\"1065\" data-end=\"1079\">Arrosage :<\/strong> Arroser mod\u00e9r\u00e9ment. \u00c9vitez l\u2019exc\u00e8s d\u2019eau, qui peut entra\u00eener la pourriture des racines. Laissez s\u00e9cher le substrat entre les arrosages.<\/li>\n<li data-start=\"1218\" data-end=\"1310\"><strong data-start=\"1220\" data-end=\"1237\">Temp\u00e9rature :<\/strong> Id\u00e9ale entre 18\u00b0C et 24\u00b0C. \u00c9vitez les temp\u00e9ratures inf\u00e9rieures \u00e0 10\u00b0C.<\/li>\n<li data-start=\"1311\" data-end=\"1377\"><strong data-start=\"1313\" data-end=\"1327\">Humidit\u00e9 :<\/strong> S\u2019adapte \u00e0 l\u2019humidit\u00e9 ambiante des habitations.<\/li>\n<li data-start=\"1378\" data-end=\"1486\"><strong data-start=\"1380\" data-end=\"1394\">Substrat :<\/strong> Privil\u00e9giez un substrat bien drain\u00e9, comme un m\u00e9lange pour plantes succulentes ou cactus.<\/li>\n<\/ul>\n<p data-start=\"1488\" data-end=\"1503\"><strong data-start=\"1488\" data-end=\"1501\">Avantages<\/strong><\/p>\n<ul data-start=\"1504\" data-end=\"1789\">\n<li data-start=\"1504\" data-end=\"1627\"><strong data-start=\"1506\" data-end=\"1530\">Facile d\u2019entretien :<\/strong> Tr\u00e8s r\u00e9sistante et tol\u00e9rante aux conditions de faible luminosit\u00e9 et aux arrosages irr\u00e9guliers.<\/li>\n<li data-start=\"1628\" data-end=\"1709\"><strong data-start=\"1630\" data-end=\"1645\">Long\u00e9vit\u00e9 :<\/strong> Avec des soins adapt\u00e9s, elle peut vivre de nombreuses ann\u00e9es.<\/li>\n<li data-start=\"1710\" data-end=\"1789\"><strong data-start=\"1712\" data-end=\"1753\">Convient aux d\u00e9butants en jardinage :<\/strong> Ne n\u00e9cessite que peu d\u2019entretien.<\/li>\n<\/ul>\n<p data-start=\"1791\" data-end=\"1986\"><strong data-start=\"1791\" data-end=\"1803\">Toxicit\u00e9<\/strong><br data-start=\"1803\" data-end=\"1806\" \/>Il est recommand\u00e9 de la tenir hors de port\u00e9e des animaux domestiques et des enfants, car son ingestion peut provoquer des troubles digestifs et pr\u00e9senter des risques de toxicit\u00e9.<\/p>\n","protected":false},"excerpt":{"rendered":"<p>Apportez une touche moderne \u00e0 votre int\u00e9rieur avec la Sansevieria Mikado ! \ud83c\udf3f R\u00e9sistante, peu exigeante et purificatrice d\u2019air, elle est parfaite pour d\u00e9corer votre maison sans effort. Son feuillage cylindrique et graphique s\u2019int\u00e8gre id\u00e9alement \u00e0 tout style d\u2019espace.<\/p>\n<p data-start=\"0\" data-end=\"24\"><strong data-start=\"0\" data-end=\"22\">Caract\u00e9ristiques :<\/strong><\/p>\n<ul data-start=\"26\" data-end=\"63\" data-is-last-node=\"\" data-is-only-node=\"\">\n<li data-start=\"26\" data-end=\"46\">Pot<strong data-start=\"28\" data-end=\"37\"> :<\/strong> 6 cm.<\/li>\n<li data-start=\"47\" data-end=\"63\" data-is-last-node=\"\">Int\u00e9rieur.<\/li>\n<li data-start=\"47\" data-end=\"63\" data-is-last-node=\"\">Toxicit\u00e9 (lire la fiche technique)<\/li>\n<\/ul>\n","protected":false},"featured_media":40791,"template":"","meta":[],"product_brand":[],"product_cat":[637],"product_tag":[],"class_list":{"0":"post-41023","1":"product","2":"type-product","3":"status-publish","4":"has-post-thumbnail","6":"product_cat-plantes-naturelles","8":"first","9":"outofstock","10":"shipping-taxable","11":"purchasable","12":"product-type-simple"},"yoast_head":"<!-- This site is optimized with the Yoast SEO plugin v27.4 - https:\/\/yoast.com\/product\/yoast-seo-wordpress\/ -->\n<title>Sansevieria cylindrica (Mikado) | Plantes purificatrices d&#039;air - ANTDERGROUND<\/title>\n<meta name=\"description\" content=\"Apportez une touche \u00e9l\u00e9gante \u00e0 votre int\u00e9rieur avec la Sansevieria Mikado \ud83c\udf31. Facile d\u2019entretien et purificatrice d\u2019air, id\u00e9ale pour tous les espaces !\" \/>\n<meta name=\"robots\" content=\"index, follow, max-snippet:-1, max-image-preview:large, max-video-preview:-1\" \/>\n<link rel=\"canonical\" href=\"https:\/\/antderground.com\/fr\/produit\/sansevieria-cylindrica-mikado\/\" \/>\n<meta property=\"og:locale\" content=\"fr_FR\" \/>\n<meta property=\"og:type\" content=\"article\" \/>\n<meta property=\"og:title\" content=\"Sansevieria cylindrica (Mikado) | Plantes purificatrices d&#039;air - ANTDERGROUND\" \/>\n<meta property=\"og:description\" content=\"Apportez une touche \u00e9l\u00e9gante \u00e0 votre int\u00e9rieur avec la Sansevieria Mikado \ud83c\udf31. Facile d\u2019entretien et purificatrice d\u2019air, id\u00e9ale pour tous les espaces !\" \/>\n<meta property=\"og:url\" content=\"https:\/\/antderground.com\/fr\/produit\/sansevieria-cylindrica-mikado\/\" \/>\n<meta property=\"og:site_name\" content=\"ANTDERGROUND\" \/>\n<meta property=\"og:image\" content=\"https:\/\/antderground.com\/wp-content\/uploads\/2025\/03\/Sansevieria-cylindrica-Mikado.jpeg\" \/>\n\t<meta property=\"og:image:width\" content=\"1600\" \/>\n\t<meta property=\"og:image:height\" content=\"1600\" \/>\n\t<meta property=\"og:image:type\" content=\"image\/jpeg\" \/>\n<meta name=\"twitter:card\" content=\"summary_large_image\" \/>\n<meta name=\"twitter:label1\" content=\"Dur\u00e9e de lecture estim\u00e9e\" \/>\n\t<meta name=\"twitter:data1\" content=\"1 minute\" \/>\n<script type=\"application\/ld+json\" class=\"yoast-schema-graph\">{\"@context\":\"https:\\\/\\\/schema.org\",\"@graph\":[{\"@type\":\"WebPage\",\"@id\":\"https:\\\/\\\/antderground.com\\\/fr\\\/produit\\\/sansevieria-cylindrica-mikado\\\/\",\"url\":\"https:\\\/\\\/antderground.com\\\/fr\\\/produit\\\/sansevieria-cylindrica-mikado\\\/\",\"name\":\"Sansevieria cylindrica (Mikado) | Plantes purificatrices d'air - ANTDERGROUND\",\"isPartOf\":{\"@id\":\"https:\\\/\\\/antderground.com\\\/fr\\\/#website\"},\"primaryImageOfPage\":{\"@id\":\"https:\\\/\\\/antderground.com\\\/fr\\\/produit\\\/sansevieria-cylindrica-mikado\\\/#primaryimage\"},\"image\":{\"@id\":\"https:\\\/\\\/antderground.com\\\/fr\\\/produit\\\/sansevieria-cylindrica-mikado\\\/#primaryimage\"},\"thumbnailUrl\":\"https:\\\/\\\/antderground.com\\\/wp-content\\\/uploads\\\/2025\\\/03\\\/Sansevieria-cylindrica-Mikado.jpeg\",\"datePublished\":\"2025-03-05T13:58:30+00:00\",\"description\":\"Apportez une touche \u00e9l\u00e9gante \u00e0 votre int\u00e9rieur avec la Sansevieria Mikado \ud83c\udf31. Facile d\u2019entretien et purificatrice d\u2019air, id\u00e9ale pour tous les espaces !\",\"breadcrumb\":{\"@id\":\"https:\\\/\\\/antderground.com\\\/fr\\\/produit\\\/sansevieria-cylindrica-mikado\\\/#breadcrumb\"},\"inLanguage\":\"fr-FR\",\"potentialAction\":[{\"@type\":\"ReadAction\",\"target\":[\"https:\\\/\\\/antderground.com\\\/fr\\\/produit\\\/sansevieria-cylindrica-mikado\\\/\"]}]},{\"@type\":\"ImageObject\",\"inLanguage\":\"fr-FR\",\"@id\":\"https:\\\/\\\/antderground.com\\\/fr\\\/produit\\\/sansevieria-cylindrica-mikado\\\/#primaryimage\",\"url\":\"https:\\\/\\\/antderground.com\\\/wp-content\\\/uploads\\\/2025\\\/03\\\/Sansevieria-cylindrica-Mikado.jpeg\",\"contentUrl\":\"https:\\\/\\\/antderground.com\\\/wp-content\\\/uploads\\\/2025\\\/03\\\/Sansevieria-cylindrica-Mikado.jpeg\",\"width\":1600,\"height\":1600,\"caption\":\"Sansevieria cylindrica (Mikado)\"},{\"@type\":\"BreadcrumbList\",\"@id\":\"https:\\\/\\\/antderground.com\\\/fr\\\/produit\\\/sansevieria-cylindrica-mikado\\\/#breadcrumb\",\"itemListElement\":[{\"@type\":\"ListItem\",\"position\":1,\"name\":\"Portada\",\"item\":\"https:\\\/\\\/antderground.com\\\/fr\\\/\"},{\"@type\":\"ListItem\",\"position\":2,\"name\":\"Boutique\",\"item\":\"https:\\\/\\\/antderground.com\\\/fr\\\/boutique\\\/\"},{\"@type\":\"ListItem\",\"position\":3,\"name\":\"Sansevieria cylindrica (Mikado)\"}]},{\"@type\":\"WebSite\",\"@id\":\"https:\\\/\\\/antderground.com\\\/fr\\\/#website\",\"url\":\"https:\\\/\\\/antderground.com\\\/fr\\\/\",\"name\":\"ANTDERGROUND\",\"description\":\"Tu tienda de hormigas, gran variedad de hormigueros acr\u00edlicos,madera,arena,3D y mas.. Pide tus hormigas gratis con tu pedido, somos expertos en hormigueros antifugas.\",\"publisher\":{\"@id\":\"https:\\\/\\\/antderground.com\\\/fr\\\/#\\\/schema\\\/person\\\/0e322c505e84fe72c65e2f6d08f96b81\"},\"alternateName\":\"Antderground\",\"potentialAction\":[{\"@type\":\"SearchAction\",\"target\":{\"@type\":\"EntryPoint\",\"urlTemplate\":\"https:\\\/\\\/antderground.com\\\/fr\\\/?s={search_term_string}\"},\"query-input\":{\"@type\":\"PropertyValueSpecification\",\"valueRequired\":true,\"valueName\":\"search_term_string\"}}],\"inLanguage\":\"fr-FR\"},{\"@type\":[\"Person\",\"Organization\"],\"@id\":\"https:\\\/\\\/antderground.com\\\/fr\\\/#\\\/schema\\\/person\\\/0e322c505e84fe72c65e2f6d08f96b81\",\"name\":\"Eric de Antderground\",\"image\":{\"@type\":\"ImageObject\",\"inLanguage\":\"fr-FR\",\"@id\":\"https:\\\/\\\/secure.gravatar.com\\\/avatar\\\/c49a1b9f79216d1498cb73c1e85cd47f4465dda35f2a94c03790d491bd4423c3?s=96&d=mm&r=g\",\"url\":\"https:\\\/\\\/secure.gravatar.com\\\/avatar\\\/c49a1b9f79216d1498cb73c1e85cd47f4465dda35f2a94c03790d491bd4423c3?s=96&d=mm&r=g\",\"contentUrl\":\"https:\\\/\\\/secure.gravatar.com\\\/avatar\\\/c49a1b9f79216d1498cb73c1e85cd47f4465dda35f2a94c03790d491bd4423c3?s=96&d=mm&r=g\",\"caption\":\"Eric de Antderground\"},\"logo\":{\"@id\":\"https:\\\/\\\/secure.gravatar.com\\\/avatar\\\/c49a1b9f79216d1498cb73c1e85cd47f4465dda35f2a94c03790d491bd4423c3?s=96&d=mm&r=g\"},\"description\":\"Eric es el especialista y fundador de Antderground, con una amplia trayectoria en artr\u00f3podos y enfocado en la mirmecolog\u00eda y el dise\u00f1o de hormigueros artificiales. Su enfoque combina la innovaci\u00f3n t\u00e9cnica con el respeto por la biolog\u00eda de las hormigas, is\u00f3podos y otros, desarrollando sistemas de nidos modulares 3D y acr\u00edlicos que son referentes para aficionados y profesionales en toda Europa. Su objetivo es facilitar la cr\u00eda de hormigas y otros artr\u00f3podos mediante soluciones seguras y divulgaci\u00f3n de calidad.\",\"sameAs\":[\"https:\\\/\\\/antderground.com\\\/\",\"https:\\\/\\\/www.youtube.com\\\/channel\\\/UCio72z7TlbufkAthAJIJfPw\"]}]}<\/script>\n<!-- \/ Yoast SEO plugin. -->","yoast_head_json":{"title":"Sansevieria cylindrica (Mikado) | Plantes purificatrices d'air - ANTDERGROUND","description":"Apportez une touche \u00e9l\u00e9gante \u00e0 votre int\u00e9rieur avec la Sansevieria Mikado \ud83c\udf31. Facile d\u2019entretien et purificatrice d\u2019air, id\u00e9ale pour tous les espaces !","robots":{"index":"index","follow":"follow","max-snippet":"max-snippet:-1","max-image-preview":"max-image-preview:large","max-video-preview":"max-video-preview:-1"},"canonical":"https:\/\/antderground.com\/fr\/produit\/sansevieria-cylindrica-mikado\/","og_locale":"fr_FR","og_type":"article","og_title":"Sansevieria cylindrica (Mikado) | Plantes purificatrices d'air - ANTDERGROUND","og_description":"Apportez une touche \u00e9l\u00e9gante \u00e0 votre int\u00e9rieur avec la Sansevieria Mikado \ud83c\udf31. Facile d\u2019entretien et purificatrice d\u2019air, id\u00e9ale pour tous les espaces !","og_url":"https:\/\/antderground.com\/fr\/produit\/sansevieria-cylindrica-mikado\/","og_site_name":"ANTDERGROUND","og_image":[{"width":1600,"height":1600,"url":"https:\/\/antderground.com\/wp-content\/uploads\/2025\/03\/Sansevieria-cylindrica-Mikado.jpeg","type":"image\/jpeg"}],"twitter_card":"summary_large_image","twitter_misc":{"Dur\u00e9e de lecture estim\u00e9e":"1 minute"},"schema":{"@context":"https:\/\/schema.org","@graph":[{"@type":"WebPage","@id":"https:\/\/antderground.com\/fr\/produit\/sansevieria-cylindrica-mikado\/","url":"https:\/\/antderground.com\/fr\/produit\/sansevieria-cylindrica-mikado\/","name":"Sansevieria cylindrica (Mikado) | Plantes purificatrices d'air - ANTDERGROUND","isPartOf":{"@id":"https:\/\/antderground.com\/fr\/#website"},"primaryImageOfPage":{"@id":"https:\/\/antderground.com\/fr\/produit\/sansevieria-cylindrica-mikado\/#primaryimage"},"image":{"@id":"https:\/\/antderground.com\/fr\/produit\/sansevieria-cylindrica-mikado\/#primaryimage"},"thumbnailUrl":"https:\/\/antderground.com\/wp-content\/uploads\/2025\/03\/Sansevieria-cylindrica-Mikado.jpeg","datePublished":"2025-03-05T13:58:30+00:00","description":"Apportez une touche \u00e9l\u00e9gante \u00e0 votre int\u00e9rieur avec la Sansevieria Mikado \ud83c\udf31. Facile d\u2019entretien et purificatrice d\u2019air, id\u00e9ale pour tous les espaces !","breadcrumb":{"@id":"https:\/\/antderground.com\/fr\/produit\/sansevieria-cylindrica-mikado\/#breadcrumb"},"inLanguage":"fr-FR","potentialAction":[{"@type":"ReadAction","target":["https:\/\/antderground.com\/fr\/produit\/sansevieria-cylindrica-mikado\/"]}]},{"@type":"ImageObject","inLanguage":"fr-FR","@id":"https:\/\/antderground.com\/fr\/produit\/sansevieria-cylindrica-mikado\/#primaryimage","url":"https:\/\/antderground.com\/wp-content\/uploads\/2025\/03\/Sansevieria-cylindrica-Mikado.jpeg","contentUrl":"https:\/\/antderground.com\/wp-content\/uploads\/2025\/03\/Sansevieria-cylindrica-Mikado.jpeg","width":1600,"height":1600,"caption":"Sansevieria cylindrica (Mikado)"},{"@type":"BreadcrumbList","@id":"https:\/\/antderground.com\/fr\/produit\/sansevieria-cylindrica-mikado\/#breadcrumb","itemListElement":[{"@type":"ListItem","position":1,"name":"Portada","item":"https:\/\/antderground.com\/fr\/"},{"@type":"ListItem","position":2,"name":"Boutique","item":"https:\/\/antderground.com\/fr\/boutique\/"},{"@type":"ListItem","position":3,"name":"Sansevieria cylindrica (Mikado)"}]},{"@type":"WebSite","@id":"https:\/\/antderground.com\/fr\/#website","url":"https:\/\/antderground.com\/fr\/","name":"ANTDERGROUND","description":"Tu tienda de hormigas, gran variedad de hormigueros acr\u00edlicos,madera,arena,3D y mas.. Pide tus hormigas gratis con tu pedido, somos expertos en hormigueros antifugas.","publisher":{"@id":"https:\/\/antderground.com\/fr\/#\/schema\/person\/0e322c505e84fe72c65e2f6d08f96b81"},"alternateName":"Antderground","potentialAction":[{"@type":"SearchAction","target":{"@type":"EntryPoint","urlTemplate":"https:\/\/antderground.com\/fr\/?s={search_term_string}"},"query-input":{"@type":"PropertyValueSpecification","valueRequired":true,"valueName":"search_term_string"}}],"inLanguage":"fr-FR"},{"@type":["Person","Organization"],"@id":"https:\/\/antderground.com\/fr\/#\/schema\/person\/0e322c505e84fe72c65e2f6d08f96b81","name":"Eric de Antderground","image":{"@type":"ImageObject","inLanguage":"fr-FR","@id":"https:\/\/secure.gravatar.com\/avatar\/c49a1b9f79216d1498cb73c1e85cd47f4465dda35f2a94c03790d491bd4423c3?s=96&d=mm&r=g","url":"https:\/\/secure.gravatar.com\/avatar\/c49a1b9f79216d1498cb73c1e85cd47f4465dda35f2a94c03790d491bd4423c3?s=96&d=mm&r=g","contentUrl":"https:\/\/secure.gravatar.com\/avatar\/c49a1b9f79216d1498cb73c1e85cd47f4465dda35f2a94c03790d491bd4423c3?s=96&d=mm&r=g","caption":"Eric de Antderground"},"logo":{"@id":"https:\/\/secure.gravatar.com\/avatar\/c49a1b9f79216d1498cb73c1e85cd47f4465dda35f2a94c03790d491bd4423c3?s=96&d=mm&r=g"},"description":"Eric es el especialista y fundador de Antderground, con una amplia trayectoria en artr\u00f3podos y enfocado en la mirmecolog\u00eda y el dise\u00f1o de hormigueros artificiales. Su enfoque combina la innovaci\u00f3n t\u00e9cnica con el respeto por la biolog\u00eda de las hormigas, is\u00f3podos y otros, desarrollando sistemas de nidos modulares 3D y acr\u00edlicos que son referentes para aficionados y profesionales en toda Europa. Su objetivo es facilitar la cr\u00eda de hormigas y otros artr\u00f3podos mediante soluciones seguras y divulgaci\u00f3n de calidad.","sameAs":["https:\/\/antderground.com\/","https:\/\/www.youtube.com\/channel\/UCio72z7TlbufkAthAJIJfPw"]}]}},"_links":{"self":[{"href":"https:\/\/antderground.com\/fr\/wp-json\/wp\/v2\/product\/41023","targetHints":{"allow":["GET"]}}],"collection":[{"href":"https:\/\/antderground.com\/fr\/wp-json\/wp\/v2\/product"}],"about":[{"href":"https:\/\/antderground.com\/fr\/wp-json\/wp\/v2\/types\/product"}],"version-history":[{"count":0,"href":"https:\/\/antderground.com\/fr\/wp-json\/wp\/v2\/product\/41023\/revisions"}],"wp:featuredmedia":[{"embeddable":true,"href":"https:\/\/antderground.com\/fr\/wp-json\/wp\/v2\/media\/40791"}],"wp:attachment":[{"href":"https:\/\/antderground.com\/fr\/wp-json\/wp\/v2\/media?parent=41023"}],"wp:term":[{"taxonomy":"product_brand","embeddable":true,"href":"https:\/\/antderground.com\/fr\/wp-json\/wp\/v2\/product_brand?post=41023"},{"taxonomy":"product_cat","embeddable":true,"href":"https:\/\/antderground.com\/fr\/wp-json\/wp\/v2\/product_cat?post=41023"},{"taxonomy":"product_tag","embeddable":true,"href":"https:\/\/antderground.com\/fr\/wp-json\/wp\/v2\/product_tag?post=41023"}],"curies":[{"name":"wp","href":"https:\/\/api.w.org\/{rel}","templated":true}]}}