{"id":41082,"date":"2025-03-10T11:44:39","date_gmt":"2025-03-10T10:44:39","guid":{"rendered":"https:\/\/www.antderground.com\/producto\/grille-de-ventilation-pour-terrariums-et-bacs\/"},"modified":"2025-03-10T11:44:39","modified_gmt":"2025-03-10T10:44:39","slug":"grille-de-ventilation-pour-terrariums-et-bacs","status":"publish","type":"product","link":"https:\/\/antderground.com\/fr\/produit\/grille-de-ventilation-pour-terrariums-et-bacs\/","title":{"rendered":"Grille de Ventilation pour Terrariums et Bacs"},"content":{"rendered":"","protected":false},"excerpt":{"rendered":"<p data-start=\"119\" data-end=\"436\">Optimisez la ventilation de votre terrarium ou bac avec cette grille de ventilation de haute qualit\u00e9. Son design avec un filetage de 38 mm et un diam\u00e8tre ext\u00e9rieur de 50 mm permet une installation s\u00e9curis\u00e9e sur diff\u00e9rents types de contenants. De couleur noire, elle offre une esth\u00e9tique discr\u00e8te et professionnelle.<\/p>\n<h3 data-start=\"438\" data-end=\"460\"><strong data-start=\"442\" data-end=\"458\">Dimensions :<\/strong><\/h3>\n<ul data-start=\"461\" data-end=\"520\">\n<li data-start=\"461\" data-end=\"495\"><strong data-start=\"463\" data-end=\"487\">Diam\u00e8tre ext\u00e9rieur :<\/strong> 50 mm<\/li>\n<li data-start=\"496\" data-end=\"520\"><strong data-start=\"498\" data-end=\"512\">Filetage :<\/strong> 38 mm<\/li>\n<\/ul>\n<h3 data-start=\"522\" data-end=\"541\"><strong data-start=\"526\" data-end=\"539\">Couleur :<\/strong><\/h3>\n<ul data-start=\"542\" data-end=\"550\">\n<li data-start=\"542\" data-end=\"550\">Noir<\/li>\n<\/ul>\n<h3 data-start=\"552\" data-end=\"573\"><strong data-start=\"556\" data-end=\"571\">Avantages :<\/strong><\/h3>\n<p data-start=\"574\" data-end=\"951\">\u2705 <strong data-start=\"576\" data-end=\"612\">Am\u00e9liore la circulation de l&#8217;air<\/strong>, \u00e9vitant une humidit\u00e9 excessive et favorisant un environnement sain.<br data-start=\"681\" data-end=\"684\" \/>\u2705 <strong data-start=\"686\" data-end=\"708\">Mat\u00e9riau r\u00e9sistant<\/strong>, id\u00e9al pour les environnements \u00e0 forte humidit\u00e9 ou \u00e0 temp\u00e9rature variable.<br data-start=\"783\" data-end=\"786\" \/>\u2705 <strong data-start=\"788\" data-end=\"815\">Non adapt\u00e9e aux fourmis<\/strong>, car sa grille n&#8217;est pas assez fine pour les contenir, mais parfaite pour les reptiles, amphibiens et insectes de plus grande taille.<\/p>\n<p data-start=\"953\" data-end=\"1042\">Parfaite pour garantir un flux d&#8217;air optimal dans les terrariums et les bacs d\u2019\u00e9levage.<\/p>\n","protected":false},"featured_media":40926,"template":"","meta":[],"product_brand":[],"product_cat":[107,424],"product_tag":[],"class_list":{"0":"post-41082","1":"product","2":"type-product","3":"status-publish","4":"has-post-thumbnail","6":"product_cat-accessoires","7":"product_cat-terrariums","9":"first","10":"instock","11":"shipping-taxable","12":"purchasable","13":"product-type-simple"},"yoast_head":"<!-- This site is optimized with the Yoast SEO plugin v27.4 - https:\/\/yoast.com\/product\/yoast-seo-wordpress\/ -->\n<title>Grille de Ventilation pour Terrariums et Bacs - ANTDERGROUND<\/title>\n<meta name=\"description\" content=\"\ud83d\udd39 Grille de ventilation noire (50 mm, filetage 38 mm) pour terrariums et bacs. Am\u00e9liore la circulation de l&#039;air \ud83c\udf3f Non adapt\u00e9e aux fourmis ! \ud83d\udeab\ud83d\udc1c\" \/>\n<meta name=\"robots\" content=\"index, follow, max-snippet:-1, max-image-preview:large, max-video-preview:-1\" \/>\n<link rel=\"canonical\" href=\"https:\/\/antderground.com\/fr\/produit\/grille-de-ventilation-pour-terrariums-et-bacs\/\" \/>\n<meta property=\"og:locale\" content=\"fr_FR\" \/>\n<meta property=\"og:type\" content=\"article\" \/>\n<meta property=\"og:title\" content=\"Grille de Ventilation pour Terrariums et Bacs - ANTDERGROUND\" \/>\n<meta property=\"og:description\" content=\"\ud83d\udd39 Grille de ventilation noire (50 mm, filetage 38 mm) pour terrariums et bacs. Am\u00e9liore la circulation de l&#039;air \ud83c\udf3f Non adapt\u00e9e aux fourmis ! \ud83d\udeab\ud83d\udc1c\" \/>\n<meta property=\"og:url\" content=\"https:\/\/antderground.com\/fr\/produit\/grille-de-ventilation-pour-terrariums-et-bacs\/\" \/>\n<meta property=\"og:site_name\" content=\"ANTDERGROUND\" \/>\n<meta property=\"og:image\" content=\"https:\/\/antderground.com\/wp-content\/uploads\/2025\/03\/Rejilla-de-ventilacion-para-terrarios-y-tuppers-1.jpeg\" \/>\n\t<meta property=\"og:image:width\" content=\"1600\" \/>\n\t<meta property=\"og:image:height\" content=\"1600\" \/>\n\t<meta property=\"og:image:type\" content=\"image\/jpeg\" \/>\n<meta name=\"twitter:card\" content=\"summary_large_image\" \/>\n<script type=\"application\/ld+json\" class=\"yoast-schema-graph\">{\"@context\":\"https:\\\/\\\/schema.org\",\"@graph\":[{\"@type\":\"WebPage\",\"@id\":\"https:\\\/\\\/antderground.com\\\/fr\\\/produit\\\/grille-de-ventilation-pour-terrariums-et-bacs\\\/\",\"url\":\"https:\\\/\\\/antderground.com\\\/fr\\\/produit\\\/grille-de-ventilation-pour-terrariums-et-bacs\\\/\",\"name\":\"Grille de Ventilation pour Terrariums et Bacs - ANTDERGROUND\",\"isPartOf\":{\"@id\":\"https:\\\/\\\/antderground.com\\\/fr\\\/#website\"},\"primaryImageOfPage\":{\"@id\":\"https:\\\/\\\/antderground.com\\\/fr\\\/produit\\\/grille-de-ventilation-pour-terrariums-et-bacs\\\/#primaryimage\"},\"image\":{\"@id\":\"https:\\\/\\\/antderground.com\\\/fr\\\/produit\\\/grille-de-ventilation-pour-terrariums-et-bacs\\\/#primaryimage\"},\"thumbnailUrl\":\"https:\\\/\\\/antderground.com\\\/wp-content\\\/uploads\\\/2025\\\/03\\\/Rejilla-de-ventilacion-para-terrarios-y-tuppers-1.jpeg\",\"datePublished\":\"2025-03-10T10:44:39+00:00\",\"description\":\"\ud83d\udd39 Grille de ventilation noire (50 mm, filetage 38 mm) pour terrariums et bacs. Am\u00e9liore la circulation de l'air \ud83c\udf3f Non adapt\u00e9e aux fourmis ! \ud83d\udeab\ud83d\udc1c\",\"breadcrumb\":{\"@id\":\"https:\\\/\\\/antderground.com\\\/fr\\\/produit\\\/grille-de-ventilation-pour-terrariums-et-bacs\\\/#breadcrumb\"},\"inLanguage\":\"fr-FR\",\"potentialAction\":[{\"@type\":\"ReadAction\",\"target\":[\"https:\\\/\\\/antderground.com\\\/fr\\\/produit\\\/grille-de-ventilation-pour-terrariums-et-bacs\\\/\"]}]},{\"@type\":\"ImageObject\",\"inLanguage\":\"fr-FR\",\"@id\":\"https:\\\/\\\/antderground.com\\\/fr\\\/produit\\\/grille-de-ventilation-pour-terrariums-et-bacs\\\/#primaryimage\",\"url\":\"https:\\\/\\\/antderground.com\\\/wp-content\\\/uploads\\\/2025\\\/03\\\/Rejilla-de-ventilacion-para-terrarios-y-tuppers-1.jpeg\",\"contentUrl\":\"https:\\\/\\\/antderground.com\\\/wp-content\\\/uploads\\\/2025\\\/03\\\/Rejilla-de-ventilacion-para-terrarios-y-tuppers-1.jpeg\",\"width\":1600,\"height\":1600,\"caption\":\"Rejilla de ventilacion para terrarios y tuppers 1\"},{\"@type\":\"BreadcrumbList\",\"@id\":\"https:\\\/\\\/antderground.com\\\/fr\\\/produit\\\/grille-de-ventilation-pour-terrariums-et-bacs\\\/#breadcrumb\",\"itemListElement\":[{\"@type\":\"ListItem\",\"position\":1,\"name\":\"Portada\",\"item\":\"https:\\\/\\\/antderground.com\\\/fr\\\/\"},{\"@type\":\"ListItem\",\"position\":2,\"name\":\"Boutique\",\"item\":\"https:\\\/\\\/antderground.com\\\/fr\\\/boutique\\\/\"},{\"@type\":\"ListItem\",\"position\":3,\"name\":\"Grille de Ventilation pour Terrariums et Bacs\"}]},{\"@type\":\"WebSite\",\"@id\":\"https:\\\/\\\/antderground.com\\\/fr\\\/#website\",\"url\":\"https:\\\/\\\/antderground.com\\\/fr\\\/\",\"name\":\"ANTDERGROUND\",\"description\":\"Tu tienda de hormigas, gran variedad de hormigueros acr\u00edlicos,madera,arena,3D y mas.. Pide tus hormigas gratis con tu pedido, somos expertos en hormigueros antifugas.\",\"publisher\":{\"@id\":\"https:\\\/\\\/antderground.com\\\/fr\\\/#\\\/schema\\\/person\\\/0e322c505e84fe72c65e2f6d08f96b81\"},\"alternateName\":\"Antderground\",\"potentialAction\":[{\"@type\":\"SearchAction\",\"target\":{\"@type\":\"EntryPoint\",\"urlTemplate\":\"https:\\\/\\\/antderground.com\\\/fr\\\/?s={search_term_string}\"},\"query-input\":{\"@type\":\"PropertyValueSpecification\",\"valueRequired\":true,\"valueName\":\"search_term_string\"}}],\"inLanguage\":\"fr-FR\"},{\"@type\":[\"Person\",\"Organization\"],\"@id\":\"https:\\\/\\\/antderground.com\\\/fr\\\/#\\\/schema\\\/person\\\/0e322c505e84fe72c65e2f6d08f96b81\",\"name\":\"Eric de Antderground\",\"image\":{\"@type\":\"ImageObject\",\"inLanguage\":\"fr-FR\",\"@id\":\"https:\\\/\\\/secure.gravatar.com\\\/avatar\\\/c49a1b9f79216d1498cb73c1e85cd47f4465dda35f2a94c03790d491bd4423c3?s=96&d=mm&r=g\",\"url\":\"https:\\\/\\\/secure.gravatar.com\\\/avatar\\\/c49a1b9f79216d1498cb73c1e85cd47f4465dda35f2a94c03790d491bd4423c3?s=96&d=mm&r=g\",\"contentUrl\":\"https:\\\/\\\/secure.gravatar.com\\\/avatar\\\/c49a1b9f79216d1498cb73c1e85cd47f4465dda35f2a94c03790d491bd4423c3?s=96&d=mm&r=g\",\"caption\":\"Eric de Antderground\"},\"logo\":{\"@id\":\"https:\\\/\\\/secure.gravatar.com\\\/avatar\\\/c49a1b9f79216d1498cb73c1e85cd47f4465dda35f2a94c03790d491bd4423c3?s=96&d=mm&r=g\"},\"description\":\"Eric es el especialista y fundador de Antderground, con una amplia trayectoria en artr\u00f3podos y enfocado en la mirmecolog\u00eda y el dise\u00f1o de hormigueros artificiales. Su enfoque combina la innovaci\u00f3n t\u00e9cnica con el respeto por la biolog\u00eda de las hormigas, is\u00f3podos y otros, desarrollando sistemas de nidos modulares 3D y acr\u00edlicos que son referentes para aficionados y profesionales en toda Europa. Su objetivo es facilitar la cr\u00eda de hormigas y otros artr\u00f3podos mediante soluciones seguras y divulgaci\u00f3n de calidad.\",\"sameAs\":[\"https:\\\/\\\/antderground.com\\\/\",\"https:\\\/\\\/www.youtube.com\\\/channel\\\/UCio72z7TlbufkAthAJIJfPw\"]}]}<\/script>\n<!-- \/ Yoast SEO plugin. -->","yoast_head_json":{"title":"Grille de Ventilation pour Terrariums et Bacs - ANTDERGROUND","description":"\ud83d\udd39 Grille de ventilation noire (50 mm, filetage 38 mm) pour terrariums et bacs. Am\u00e9liore la circulation de l'air \ud83c\udf3f Non adapt\u00e9e aux fourmis ! \ud83d\udeab\ud83d\udc1c","robots":{"index":"index","follow":"follow","max-snippet":"max-snippet:-1","max-image-preview":"max-image-preview:large","max-video-preview":"max-video-preview:-1"},"canonical":"https:\/\/antderground.com\/fr\/produit\/grille-de-ventilation-pour-terrariums-et-bacs\/","og_locale":"fr_FR","og_type":"article","og_title":"Grille de Ventilation pour Terrariums et Bacs - ANTDERGROUND","og_description":"\ud83d\udd39 Grille de ventilation noire (50 mm, filetage 38 mm) pour terrariums et bacs. Am\u00e9liore la circulation de l'air \ud83c\udf3f Non adapt\u00e9e aux fourmis ! \ud83d\udeab\ud83d\udc1c","og_url":"https:\/\/antderground.com\/fr\/produit\/grille-de-ventilation-pour-terrariums-et-bacs\/","og_site_name":"ANTDERGROUND","og_image":[{"width":1600,"height":1600,"url":"https:\/\/antderground.com\/wp-content\/uploads\/2025\/03\/Rejilla-de-ventilacion-para-terrarios-y-tuppers-1.jpeg","type":"image\/jpeg"}],"twitter_card":"summary_large_image","schema":{"@context":"https:\/\/schema.org","@graph":[{"@type":"WebPage","@id":"https:\/\/antderground.com\/fr\/produit\/grille-de-ventilation-pour-terrariums-et-bacs\/","url":"https:\/\/antderground.com\/fr\/produit\/grille-de-ventilation-pour-terrariums-et-bacs\/","name":"Grille de Ventilation pour Terrariums et Bacs - ANTDERGROUND","isPartOf":{"@id":"https:\/\/antderground.com\/fr\/#website"},"primaryImageOfPage":{"@id":"https:\/\/antderground.com\/fr\/produit\/grille-de-ventilation-pour-terrariums-et-bacs\/#primaryimage"},"image":{"@id":"https:\/\/antderground.com\/fr\/produit\/grille-de-ventilation-pour-terrariums-et-bacs\/#primaryimage"},"thumbnailUrl":"https:\/\/antderground.com\/wp-content\/uploads\/2025\/03\/Rejilla-de-ventilacion-para-terrarios-y-tuppers-1.jpeg","datePublished":"2025-03-10T10:44:39+00:00","description":"\ud83d\udd39 Grille de ventilation noire (50 mm, filetage 38 mm) pour terrariums et bacs. Am\u00e9liore la circulation de l'air \ud83c\udf3f Non adapt\u00e9e aux fourmis ! \ud83d\udeab\ud83d\udc1c","breadcrumb":{"@id":"https:\/\/antderground.com\/fr\/produit\/grille-de-ventilation-pour-terrariums-et-bacs\/#breadcrumb"},"inLanguage":"fr-FR","potentialAction":[{"@type":"ReadAction","target":["https:\/\/antderground.com\/fr\/produit\/grille-de-ventilation-pour-terrariums-et-bacs\/"]}]},{"@type":"ImageObject","inLanguage":"fr-FR","@id":"https:\/\/antderground.com\/fr\/produit\/grille-de-ventilation-pour-terrariums-et-bacs\/#primaryimage","url":"https:\/\/antderground.com\/wp-content\/uploads\/2025\/03\/Rejilla-de-ventilacion-para-terrarios-y-tuppers-1.jpeg","contentUrl":"https:\/\/antderground.com\/wp-content\/uploads\/2025\/03\/Rejilla-de-ventilacion-para-terrarios-y-tuppers-1.jpeg","width":1600,"height":1600,"caption":"Rejilla de ventilacion para terrarios y tuppers 1"},{"@type":"BreadcrumbList","@id":"https:\/\/antderground.com\/fr\/produit\/grille-de-ventilation-pour-terrariums-et-bacs\/#breadcrumb","itemListElement":[{"@type":"ListItem","position":1,"name":"Portada","item":"https:\/\/antderground.com\/fr\/"},{"@type":"ListItem","position":2,"name":"Boutique","item":"https:\/\/antderground.com\/fr\/boutique\/"},{"@type":"ListItem","position":3,"name":"Grille de Ventilation pour Terrariums et Bacs"}]},{"@type":"WebSite","@id":"https:\/\/antderground.com\/fr\/#website","url":"https:\/\/antderground.com\/fr\/","name":"ANTDERGROUND","description":"Tu tienda de hormigas, gran variedad de hormigueros acr\u00edlicos,madera,arena,3D y mas.. Pide tus hormigas gratis con tu pedido, somos expertos en hormigueros antifugas.","publisher":{"@id":"https:\/\/antderground.com\/fr\/#\/schema\/person\/0e322c505e84fe72c65e2f6d08f96b81"},"alternateName":"Antderground","potentialAction":[{"@type":"SearchAction","target":{"@type":"EntryPoint","urlTemplate":"https:\/\/antderground.com\/fr\/?s={search_term_string}"},"query-input":{"@type":"PropertyValueSpecification","valueRequired":true,"valueName":"search_term_string"}}],"inLanguage":"fr-FR"},{"@type":["Person","Organization"],"@id":"https:\/\/antderground.com\/fr\/#\/schema\/person\/0e322c505e84fe72c65e2f6d08f96b81","name":"Eric de Antderground","image":{"@type":"ImageObject","inLanguage":"fr-FR","@id":"https:\/\/secure.gravatar.com\/avatar\/c49a1b9f79216d1498cb73c1e85cd47f4465dda35f2a94c03790d491bd4423c3?s=96&d=mm&r=g","url":"https:\/\/secure.gravatar.com\/avatar\/c49a1b9f79216d1498cb73c1e85cd47f4465dda35f2a94c03790d491bd4423c3?s=96&d=mm&r=g","contentUrl":"https:\/\/secure.gravatar.com\/avatar\/c49a1b9f79216d1498cb73c1e85cd47f4465dda35f2a94c03790d491bd4423c3?s=96&d=mm&r=g","caption":"Eric de Antderground"},"logo":{"@id":"https:\/\/secure.gravatar.com\/avatar\/c49a1b9f79216d1498cb73c1e85cd47f4465dda35f2a94c03790d491bd4423c3?s=96&d=mm&r=g"},"description":"Eric es el especialista y fundador de Antderground, con una amplia trayectoria en artr\u00f3podos y enfocado en la mirmecolog\u00eda y el dise\u00f1o de hormigueros artificiales. Su enfoque combina la innovaci\u00f3n t\u00e9cnica con el respeto por la biolog\u00eda de las hormigas, is\u00f3podos y otros, desarrollando sistemas de nidos modulares 3D y acr\u00edlicos que son referentes para aficionados y profesionales en toda Europa. Su objetivo es facilitar la cr\u00eda de hormigas y otros artr\u00f3podos mediante soluciones seguras y divulgaci\u00f3n de calidad.","sameAs":["https:\/\/antderground.com\/","https:\/\/www.youtube.com\/channel\/UCio72z7TlbufkAthAJIJfPw"]}]}},"_links":{"self":[{"href":"https:\/\/antderground.com\/fr\/wp-json\/wp\/v2\/product\/41082","targetHints":{"allow":["GET"]}}],"collection":[{"href":"https:\/\/antderground.com\/fr\/wp-json\/wp\/v2\/product"}],"about":[{"href":"https:\/\/antderground.com\/fr\/wp-json\/wp\/v2\/types\/product"}],"version-history":[{"count":0,"href":"https:\/\/antderground.com\/fr\/wp-json\/wp\/v2\/product\/41082\/revisions"}],"wp:featuredmedia":[{"embeddable":true,"href":"https:\/\/antderground.com\/fr\/wp-json\/wp\/v2\/media\/40926"}],"wp:attachment":[{"href":"https:\/\/antderground.com\/fr\/wp-json\/wp\/v2\/media?parent=41082"}],"wp:term":[{"taxonomy":"product_brand","embeddable":true,"href":"https:\/\/antderground.com\/fr\/wp-json\/wp\/v2\/product_brand?post=41082"},{"taxonomy":"product_cat","embeddable":true,"href":"https:\/\/antderground.com\/fr\/wp-json\/wp\/v2\/product_cat?post=41082"},{"taxonomy":"product_tag","embeddable":true,"href":"https:\/\/antderground.com\/fr\/wp-json\/wp\/v2\/product_tag?post=41082"}],"curies":[{"name":"wp","href":"https:\/\/api.w.org\/{rel}","templated":true}]}}