{"id":41088,"date":"2025-03-03T16:10:04","date_gmt":"2025-03-03T15:10:04","guid":{"rendered":"https:\/\/www.antderground.com\/producto\/neoregelia-punctatissima-x-green\/"},"modified":"2025-05-26T14:55:51","modified_gmt":"2025-05-26T12:55:51","slug":"neoregelia-punctatissima-x-green","status":"publish","type":"product","link":"https:\/\/antderground.com\/fr\/produit\/neoregelia-punctatissima-x-green\/","title":{"rendered":"Neoregelia punctatissima x Green"},"content":{"rendered":"<h4 data-start=\"33\" data-end=\"94\"><strong data-start=\"38\" data-end=\"92\">Fiche technique : Neoregelia punctatissima x Green<\/strong><\/h4>\n<p data-start=\"96\" data-end=\"287\"><strong data-start=\"96\" data-end=\"112\">Nom commun :<\/strong> Neoregelia punctatissima x Green<br data-start=\"145\" data-end=\"148\" \/><strong data-start=\"148\" data-end=\"170\">Nom scientifique :<\/strong> Neoregelia punctatissima x Green<br data-start=\"203\" data-end=\"206\" \/><strong data-start=\"206\" data-end=\"219\">Famille :<\/strong> Bromeliaceae<br data-start=\"232\" data-end=\"235\" \/><strong data-start=\"235\" data-end=\"248\">Origine :<\/strong> Am\u00e9rique centrale et Am\u00e9rique du Sud<\/p>\n<h3 data-start=\"289\" data-end=\"310\"><strong data-start=\"293\" data-end=\"308\">Description<\/strong><\/h3>\n<p data-start=\"311\" data-end=\"675\">La <strong data-start=\"314\" data-end=\"350\">Neoregelia punctatissima x Green<\/strong> est une plante hybride de la famille des Brom\u00e9liac\u00e9es, caract\u00e9ris\u00e9e par ses feuilles longues et \u00e9troites d\u2019un vert \u00e9clatant, parsem\u00e9es de taches plus sombres. Sa rosette centrale peut prendre une teinte plus claire ou rouge\u00e2tre selon l&#8217;exposition \u00e0 la lumi\u00e8re, ce qui en fait un choix id\u00e9al pour la d\u00e9coration d&#8217;int\u00e9rieur.<\/p>\n<h3 data-start=\"677\" data-end=\"692\"><strong data-start=\"681\" data-end=\"690\">Soins<\/strong><\/h3>\n<ul data-start=\"693\" data-end=\"1310\">\n<li data-start=\"693\" data-end=\"822\"><strong data-start=\"695\" data-end=\"708\">Lumi\u00e8re :<\/strong> Pr\u00e9f\u00e8re une lumi\u00e8re indirecte vive. \u00c9viter l&#8217;exposition directe au soleil qui pourrait endommager ses feuilles.<\/li>\n<li data-start=\"823\" data-end=\"957\"><strong data-start=\"825\" data-end=\"839\">Arrosage :<\/strong> Arroser mod\u00e9r\u00e9ment en maintenant le centre de la rosette rempli d&#8217;eau. Ne pas laisser d\u2019eau stagner au fond du pot.<\/li>\n<li data-start=\"958\" data-end=\"1064\"><strong data-start=\"960\" data-end=\"977\">Temp\u00e9rature :<\/strong> Id\u00e9ale entre 18 et 25\u00b0C. Tol\u00e8re des variations l\u00e9g\u00e8res, mais pas en dessous de 15\u00b0C.<\/li>\n<li data-start=\"1065\" data-end=\"1186\"><strong data-start=\"1067\" data-end=\"1081\">Humidit\u00e9 :<\/strong> Appr\u00e9cie une forte humidit\u00e9. Un humidificateur ou un placement dans des pi\u00e8ces humides est recommand\u00e9.<\/li>\n<li data-start=\"1187\" data-end=\"1310\"><strong data-start=\"1189\" data-end=\"1203\">Substrat :<\/strong> Utiliser un terreau bien a\u00e9r\u00e9, comme un m\u00e9lange de terre pour plantes et d\u2019\u00e9corce de pin ou de sphaigne.<\/li>\n<\/ul>\n<h3 data-start=\"1312\" data-end=\"1336\"><strong data-start=\"1316\" data-end=\"1334\">Multiplication<\/strong><\/h3>\n<p data-start=\"1337\" data-end=\"1486\">Se propage par les rejets qui poussent autour de la plante m\u00e8re. Ces pousses peuvent \u00eatre s\u00e9par\u00e9es et replant\u00e9es pour obtenir de nouvelles plantes.<\/p>\n<h3 data-start=\"1488\" data-end=\"1510\"><strong data-start=\"1492\" data-end=\"1508\">Utilisations<\/strong><\/h3>\n<ul data-start=\"1511\" data-end=\"1731\">\n<li data-start=\"1511\" data-end=\"1633\"><strong data-start=\"1513\" data-end=\"1540\">D\u00e9coration int\u00e9rieure :<\/strong> Id\u00e9ale pour la maison ou le bureau gr\u00e2ce \u00e0 son apparence exotique et son entretien facile.<\/li>\n<li data-start=\"1634\" data-end=\"1731\"><strong data-start=\"1636\" data-end=\"1667\">Terrariums et paludariums :<\/strong> Parfaitement adapt\u00e9e aux environnements humides et contr\u00f4l\u00e9s.<\/li>\n<\/ul>\n<h3 data-start=\"1733\" data-end=\"1752\"><strong data-start=\"1737\" data-end=\"1750\">Avantages<\/strong><\/h3>\n<ul data-start=\"1753\" data-end=\"2054\">\n<li data-start=\"1753\" data-end=\"1854\"><strong data-start=\"1755\" data-end=\"1786\">Parfaite pour l\u2019int\u00e9rieur :<\/strong> Adapt\u00e9e aux petits espaces, elle embellit n\u2019importe quelle pi\u00e8ce.<\/li>\n<li data-start=\"1855\" data-end=\"1947\"><strong data-start=\"1857\" data-end=\"1878\">Peu d\u2019entretien :<\/strong> R\u00e9sistante et facile \u00e0 entretenir, id\u00e9ale m\u00eame pour les d\u00e9butants.<\/li>\n<li data-start=\"1948\" data-end=\"2054\"><strong data-start=\"1950\" data-end=\"1981\">Esth\u00e9tiquement attrayante :<\/strong> Son feuillage unique et color\u00e9 en fait un v\u00e9ritable \u00e9l\u00e9ment d\u00e9coratif.<\/li>\n<\/ul>\n","protected":false},"excerpt":{"rendered":"<p data-start=\"2263\" data-end=\"2534\">Transformez votre int\u00e9rieur avec la <strong data-start=\"2299\" data-end=\"2335\">Neoregelia punctatissima x Green<\/strong> ! Cette plante exotique, facile d\u2019entretien, est id\u00e9ale pour la maison et les terrariums. Apportez couleur et fra\u00eecheur \u00e0 votre espace avec son \u00e9l\u00e9gante rosette verte. Adoptez-la d\u00e8s aujourd\u2019hui !<\/p>\n","protected":false},"featured_media":40702,"template":"","meta":[],"product_brand":[],"product_cat":[637],"product_tag":[],"class_list":{"0":"post-41088","1":"product","2":"type-product","3":"status-publish","4":"has-post-thumbnail","6":"product_cat-plantes-naturelles","8":"first","9":"instock","10":"shipping-taxable","11":"purchasable","12":"product-type-simple"},"yoast_head":"<!-- This site is optimized with the Yoast SEO plugin v27.4 - https:\/\/yoast.com\/product\/yoast-seo-wordpress\/ -->\n<title>Neoregelia punctatissima x Green | Plantes d&#039;int\u00e9rieur - ANTDERGROUND<\/title>\n<meta name=\"description\" content=\"Ajoutez une touche exotique avec la Neoregelia punctatissima x Green \ud83c\udf3f. Id\u00e9ale pour l\u2019int\u00e9rieur et les terrariums, facile \u00e0 entretenir. Commandez maintenant !\" \/>\n<meta name=\"robots\" content=\"index, follow, max-snippet:-1, max-image-preview:large, max-video-preview:-1\" \/>\n<link rel=\"canonical\" href=\"https:\/\/antderground.com\/fr\/produit\/neoregelia-punctatissima-x-green\/\" \/>\n<meta property=\"og:locale\" content=\"fr_FR\" \/>\n<meta property=\"og:type\" content=\"article\" \/>\n<meta property=\"og:title\" content=\"Neoregelia punctatissima x Green | Plantes d&#039;int\u00e9rieur - ANTDERGROUND\" \/>\n<meta property=\"og:description\" content=\"Ajoutez une touche exotique avec la Neoregelia punctatissima x Green \ud83c\udf3f. Id\u00e9ale pour l\u2019int\u00e9rieur et les terrariums, facile \u00e0 entretenir. Commandez maintenant !\" \/>\n<meta property=\"og:url\" content=\"https:\/\/antderground.com\/fr\/produit\/neoregelia-punctatissima-x-green\/\" \/>\n<meta property=\"og:site_name\" content=\"ANTDERGROUND\" \/>\n<meta property=\"article:modified_time\" content=\"2025-05-26T12:55:51+00:00\" \/>\n<meta property=\"og:image\" content=\"https:\/\/antderground.com\/wp-content\/uploads\/2025\/03\/Neoregelia-punctatissima-x-green.jpeg\" \/>\n\t<meta property=\"og:image:width\" content=\"1600\" \/>\n\t<meta property=\"og:image:height\" content=\"1600\" \/>\n\t<meta property=\"og:image:type\" content=\"image\/jpeg\" \/>\n<meta name=\"twitter:card\" content=\"summary_large_image\" \/>\n<meta name=\"twitter:label1\" content=\"Dur\u00e9e de lecture estim\u00e9e\" \/>\n\t<meta name=\"twitter:data1\" content=\"2 minutes\" \/>\n<script type=\"application\/ld+json\" class=\"yoast-schema-graph\">{\"@context\":\"https:\\\/\\\/schema.org\",\"@graph\":[{\"@type\":\"WebPage\",\"@id\":\"https:\\\/\\\/antderground.com\\\/fr\\\/produit\\\/neoregelia-punctatissima-x-green\\\/\",\"url\":\"https:\\\/\\\/antderground.com\\\/fr\\\/produit\\\/neoregelia-punctatissima-x-green\\\/\",\"name\":\"Neoregelia punctatissima x Green | Plantes d'int\u00e9rieur - ANTDERGROUND\",\"isPartOf\":{\"@id\":\"https:\\\/\\\/antderground.com\\\/fr\\\/#website\"},\"primaryImageOfPage\":{\"@id\":\"https:\\\/\\\/antderground.com\\\/fr\\\/produit\\\/neoregelia-punctatissima-x-green\\\/#primaryimage\"},\"image\":{\"@id\":\"https:\\\/\\\/antderground.com\\\/fr\\\/produit\\\/neoregelia-punctatissima-x-green\\\/#primaryimage\"},\"thumbnailUrl\":\"https:\\\/\\\/antderground.com\\\/wp-content\\\/uploads\\\/2025\\\/03\\\/Neoregelia-punctatissima-x-green.jpeg\",\"datePublished\":\"2025-03-03T15:10:04+00:00\",\"dateModified\":\"2025-05-26T12:55:51+00:00\",\"description\":\"Ajoutez une touche exotique avec la Neoregelia punctatissima x Green \ud83c\udf3f. Id\u00e9ale pour l\u2019int\u00e9rieur et les terrariums, facile \u00e0 entretenir. Commandez maintenant !\",\"breadcrumb\":{\"@id\":\"https:\\\/\\\/antderground.com\\\/fr\\\/produit\\\/neoregelia-punctatissima-x-green\\\/#breadcrumb\"},\"inLanguage\":\"fr-FR\",\"potentialAction\":[{\"@type\":\"ReadAction\",\"target\":[\"https:\\\/\\\/antderground.com\\\/fr\\\/produit\\\/neoregelia-punctatissima-x-green\\\/\"]}]},{\"@type\":\"ImageObject\",\"inLanguage\":\"fr-FR\",\"@id\":\"https:\\\/\\\/antderground.com\\\/fr\\\/produit\\\/neoregelia-punctatissima-x-green\\\/#primaryimage\",\"url\":\"https:\\\/\\\/antderground.com\\\/wp-content\\\/uploads\\\/2025\\\/03\\\/Neoregelia-punctatissima-x-green.jpeg\",\"contentUrl\":\"https:\\\/\\\/antderground.com\\\/wp-content\\\/uploads\\\/2025\\\/03\\\/Neoregelia-punctatissima-x-green.jpeg\",\"width\":1600,\"height\":1600,\"caption\":\"Decora tu hogar con la Neoregelia punctatissima x Green \ud83c\udf3f. Ideal para interiores y terrarios, f\u00e1cil de cuidar y llena de color. \u00a1Cons\u00edguela ahora!\"},{\"@type\":\"BreadcrumbList\",\"@id\":\"https:\\\/\\\/antderground.com\\\/fr\\\/produit\\\/neoregelia-punctatissima-x-green\\\/#breadcrumb\",\"itemListElement\":[{\"@type\":\"ListItem\",\"position\":1,\"name\":\"Portada\",\"item\":\"https:\\\/\\\/antderground.com\\\/fr\\\/\"},{\"@type\":\"ListItem\",\"position\":2,\"name\":\"Boutique\",\"item\":\"https:\\\/\\\/antderground.com\\\/fr\\\/boutique\\\/\"},{\"@type\":\"ListItem\",\"position\":3,\"name\":\"Neoregelia punctatissima x Green\"}]},{\"@type\":\"WebSite\",\"@id\":\"https:\\\/\\\/antderground.com\\\/fr\\\/#website\",\"url\":\"https:\\\/\\\/antderground.com\\\/fr\\\/\",\"name\":\"ANTDERGROUND\",\"description\":\"Tu tienda de hormigas, gran variedad de hormigueros acr\u00edlicos,madera,arena,3D y mas.. Pide tus hormigas gratis con tu pedido, somos expertos en hormigueros antifugas.\",\"publisher\":{\"@id\":\"https:\\\/\\\/antderground.com\\\/fr\\\/#\\\/schema\\\/person\\\/0e322c505e84fe72c65e2f6d08f96b81\"},\"alternateName\":\"Antderground\",\"potentialAction\":[{\"@type\":\"SearchAction\",\"target\":{\"@type\":\"EntryPoint\",\"urlTemplate\":\"https:\\\/\\\/antderground.com\\\/fr\\\/?s={search_term_string}\"},\"query-input\":{\"@type\":\"PropertyValueSpecification\",\"valueRequired\":true,\"valueName\":\"search_term_string\"}}],\"inLanguage\":\"fr-FR\"},{\"@type\":[\"Person\",\"Organization\"],\"@id\":\"https:\\\/\\\/antderground.com\\\/fr\\\/#\\\/schema\\\/person\\\/0e322c505e84fe72c65e2f6d08f96b81\",\"name\":\"Eric de Antderground\",\"image\":{\"@type\":\"ImageObject\",\"inLanguage\":\"fr-FR\",\"@id\":\"https:\\\/\\\/secure.gravatar.com\\\/avatar\\\/c49a1b9f79216d1498cb73c1e85cd47f4465dda35f2a94c03790d491bd4423c3?s=96&d=mm&r=g\",\"url\":\"https:\\\/\\\/secure.gravatar.com\\\/avatar\\\/c49a1b9f79216d1498cb73c1e85cd47f4465dda35f2a94c03790d491bd4423c3?s=96&d=mm&r=g\",\"contentUrl\":\"https:\\\/\\\/secure.gravatar.com\\\/avatar\\\/c49a1b9f79216d1498cb73c1e85cd47f4465dda35f2a94c03790d491bd4423c3?s=96&d=mm&r=g\",\"caption\":\"Eric de Antderground\"},\"logo\":{\"@id\":\"https:\\\/\\\/secure.gravatar.com\\\/avatar\\\/c49a1b9f79216d1498cb73c1e85cd47f4465dda35f2a94c03790d491bd4423c3?s=96&d=mm&r=g\"},\"description\":\"Eric es el especialista y fundador de Antderground, con una amplia trayectoria en artr\u00f3podos y enfocado en la mirmecolog\u00eda y el dise\u00f1o de hormigueros artificiales. Su enfoque combina la innovaci\u00f3n t\u00e9cnica con el respeto por la biolog\u00eda de las hormigas, is\u00f3podos y otros, desarrollando sistemas de nidos modulares 3D y acr\u00edlicos que son referentes para aficionados y profesionales en toda Europa. Su objetivo es facilitar la cr\u00eda de hormigas y otros artr\u00f3podos mediante soluciones seguras y divulgaci\u00f3n de calidad.\",\"sameAs\":[\"https:\\\/\\\/antderground.com\\\/\",\"https:\\\/\\\/www.youtube.com\\\/channel\\\/UCio72z7TlbufkAthAJIJfPw\"]}]}<\/script>\n<!-- \/ Yoast SEO plugin. -->","yoast_head_json":{"title":"Neoregelia punctatissima x Green | Plantes d'int\u00e9rieur - ANTDERGROUND","description":"Ajoutez une touche exotique avec la Neoregelia punctatissima x Green \ud83c\udf3f. Id\u00e9ale pour l\u2019int\u00e9rieur et les terrariums, facile \u00e0 entretenir. Commandez maintenant !","robots":{"index":"index","follow":"follow","max-snippet":"max-snippet:-1","max-image-preview":"max-image-preview:large","max-video-preview":"max-video-preview:-1"},"canonical":"https:\/\/antderground.com\/fr\/produit\/neoregelia-punctatissima-x-green\/","og_locale":"fr_FR","og_type":"article","og_title":"Neoregelia punctatissima x Green | Plantes d'int\u00e9rieur - ANTDERGROUND","og_description":"Ajoutez une touche exotique avec la Neoregelia punctatissima x Green \ud83c\udf3f. Id\u00e9ale pour l\u2019int\u00e9rieur et les terrariums, facile \u00e0 entretenir. Commandez maintenant !","og_url":"https:\/\/antderground.com\/fr\/produit\/neoregelia-punctatissima-x-green\/","og_site_name":"ANTDERGROUND","article_modified_time":"2025-05-26T12:55:51+00:00","og_image":[{"width":1600,"height":1600,"url":"https:\/\/antderground.com\/wp-content\/uploads\/2025\/03\/Neoregelia-punctatissima-x-green.jpeg","type":"image\/jpeg"}],"twitter_card":"summary_large_image","twitter_misc":{"Dur\u00e9e de lecture estim\u00e9e":"2 minutes"},"schema":{"@context":"https:\/\/schema.org","@graph":[{"@type":"WebPage","@id":"https:\/\/antderground.com\/fr\/produit\/neoregelia-punctatissima-x-green\/","url":"https:\/\/antderground.com\/fr\/produit\/neoregelia-punctatissima-x-green\/","name":"Neoregelia punctatissima x Green | Plantes d'int\u00e9rieur - ANTDERGROUND","isPartOf":{"@id":"https:\/\/antderground.com\/fr\/#website"},"primaryImageOfPage":{"@id":"https:\/\/antderground.com\/fr\/produit\/neoregelia-punctatissima-x-green\/#primaryimage"},"image":{"@id":"https:\/\/antderground.com\/fr\/produit\/neoregelia-punctatissima-x-green\/#primaryimage"},"thumbnailUrl":"https:\/\/antderground.com\/wp-content\/uploads\/2025\/03\/Neoregelia-punctatissima-x-green.jpeg","datePublished":"2025-03-03T15:10:04+00:00","dateModified":"2025-05-26T12:55:51+00:00","description":"Ajoutez une touche exotique avec la Neoregelia punctatissima x Green \ud83c\udf3f. Id\u00e9ale pour l\u2019int\u00e9rieur et les terrariums, facile \u00e0 entretenir. Commandez maintenant !","breadcrumb":{"@id":"https:\/\/antderground.com\/fr\/produit\/neoregelia-punctatissima-x-green\/#breadcrumb"},"inLanguage":"fr-FR","potentialAction":[{"@type":"ReadAction","target":["https:\/\/antderground.com\/fr\/produit\/neoregelia-punctatissima-x-green\/"]}]},{"@type":"ImageObject","inLanguage":"fr-FR","@id":"https:\/\/antderground.com\/fr\/produit\/neoregelia-punctatissima-x-green\/#primaryimage","url":"https:\/\/antderground.com\/wp-content\/uploads\/2025\/03\/Neoregelia-punctatissima-x-green.jpeg","contentUrl":"https:\/\/antderground.com\/wp-content\/uploads\/2025\/03\/Neoregelia-punctatissima-x-green.jpeg","width":1600,"height":1600,"caption":"Decora tu hogar con la Neoregelia punctatissima x Green \ud83c\udf3f. Ideal para interiores y terrarios, f\u00e1cil de cuidar y llena de color. \u00a1Cons\u00edguela ahora!"},{"@type":"BreadcrumbList","@id":"https:\/\/antderground.com\/fr\/produit\/neoregelia-punctatissima-x-green\/#breadcrumb","itemListElement":[{"@type":"ListItem","position":1,"name":"Portada","item":"https:\/\/antderground.com\/fr\/"},{"@type":"ListItem","position":2,"name":"Boutique","item":"https:\/\/antderground.com\/fr\/boutique\/"},{"@type":"ListItem","position":3,"name":"Neoregelia punctatissima x Green"}]},{"@type":"WebSite","@id":"https:\/\/antderground.com\/fr\/#website","url":"https:\/\/antderground.com\/fr\/","name":"ANTDERGROUND","description":"Tu tienda de hormigas, gran variedad de hormigueros acr\u00edlicos,madera,arena,3D y mas.. Pide tus hormigas gratis con tu pedido, somos expertos en hormigueros antifugas.","publisher":{"@id":"https:\/\/antderground.com\/fr\/#\/schema\/person\/0e322c505e84fe72c65e2f6d08f96b81"},"alternateName":"Antderground","potentialAction":[{"@type":"SearchAction","target":{"@type":"EntryPoint","urlTemplate":"https:\/\/antderground.com\/fr\/?s={search_term_string}"},"query-input":{"@type":"PropertyValueSpecification","valueRequired":true,"valueName":"search_term_string"}}],"inLanguage":"fr-FR"},{"@type":["Person","Organization"],"@id":"https:\/\/antderground.com\/fr\/#\/schema\/person\/0e322c505e84fe72c65e2f6d08f96b81","name":"Eric de Antderground","image":{"@type":"ImageObject","inLanguage":"fr-FR","@id":"https:\/\/secure.gravatar.com\/avatar\/c49a1b9f79216d1498cb73c1e85cd47f4465dda35f2a94c03790d491bd4423c3?s=96&d=mm&r=g","url":"https:\/\/secure.gravatar.com\/avatar\/c49a1b9f79216d1498cb73c1e85cd47f4465dda35f2a94c03790d491bd4423c3?s=96&d=mm&r=g","contentUrl":"https:\/\/secure.gravatar.com\/avatar\/c49a1b9f79216d1498cb73c1e85cd47f4465dda35f2a94c03790d491bd4423c3?s=96&d=mm&r=g","caption":"Eric de Antderground"},"logo":{"@id":"https:\/\/secure.gravatar.com\/avatar\/c49a1b9f79216d1498cb73c1e85cd47f4465dda35f2a94c03790d491bd4423c3?s=96&d=mm&r=g"},"description":"Eric es el especialista y fundador de Antderground, con una amplia trayectoria en artr\u00f3podos y enfocado en la mirmecolog\u00eda y el dise\u00f1o de hormigueros artificiales. Su enfoque combina la innovaci\u00f3n t\u00e9cnica con el respeto por la biolog\u00eda de las hormigas, is\u00f3podos y otros, desarrollando sistemas de nidos modulares 3D y acr\u00edlicos que son referentes para aficionados y profesionales en toda Europa. Su objetivo es facilitar la cr\u00eda de hormigas y otros artr\u00f3podos mediante soluciones seguras y divulgaci\u00f3n de calidad.","sameAs":["https:\/\/antderground.com\/","https:\/\/www.youtube.com\/channel\/UCio72z7TlbufkAthAJIJfPw"]}]}},"_links":{"self":[{"href":"https:\/\/antderground.com\/fr\/wp-json\/wp\/v2\/product\/41088","targetHints":{"allow":["GET"]}}],"collection":[{"href":"https:\/\/antderground.com\/fr\/wp-json\/wp\/v2\/product"}],"about":[{"href":"https:\/\/antderground.com\/fr\/wp-json\/wp\/v2\/types\/product"}],"version-history":[{"count":0,"href":"https:\/\/antderground.com\/fr\/wp-json\/wp\/v2\/product\/41088\/revisions"}],"wp:featuredmedia":[{"embeddable":true,"href":"https:\/\/antderground.com\/fr\/wp-json\/wp\/v2\/media\/40702"}],"wp:attachment":[{"href":"https:\/\/antderground.com\/fr\/wp-json\/wp\/v2\/media?parent=41088"}],"wp:term":[{"taxonomy":"product_brand","embeddable":true,"href":"https:\/\/antderground.com\/fr\/wp-json\/wp\/v2\/product_brand?post=41088"},{"taxonomy":"product_cat","embeddable":true,"href":"https:\/\/antderground.com\/fr\/wp-json\/wp\/v2\/product_cat?post=41088"},{"taxonomy":"product_tag","embeddable":true,"href":"https:\/\/antderground.com\/fr\/wp-json\/wp\/v2\/product_tag?post=41088"}],"curies":[{"name":"wp","href":"https:\/\/api.w.org\/{rel}","templated":true}]}}