{"id":41169,"date":"2025-03-21T16:33:02","date_gmt":"2025-03-21T15:33:02","guid":{"rendered":"https:\/\/www.antderground.com\/producto\/grammostola-rosea-red\/"},"modified":"2025-03-21T16:33:02","modified_gmt":"2025-03-21T15:33:02","slug":"grammostola-rosea-red","status":"publish","type":"product","link":"https:\/\/antderground.com\/fr\/produit\/grammostola-rosea-red\/","title":{"rendered":"Grammostola rosea &#8220;Red&#8221;"},"content":{"rendered":"<h4 class=\"\" data-start=\"33\" data-end=\"85\"><strong data-start=\"38\" data-end=\"83\">Fiche technique : Grammostola rosea &#8220;Red&#8221;<\/strong><\/h4>\n<p class=\"\" data-start=\"86\" data-end=\"252\"><strong data-start=\"86\" data-end=\"102\">Nom commun :<\/strong> Mygale chilienne rouge<br data-start=\"125\" data-end=\"128\" \/><strong data-start=\"128\" data-end=\"150\">Nom scientifique :<\/strong> <em data-start=\"151\" data-end=\"170\">Grammostola rosea<\/em> &#8220;Red&#8221;<br data-start=\"176\" data-end=\"179\" \/><strong data-start=\"179\" data-end=\"192\">Famille :<\/strong> Theraphosidae<br data-start=\"206\" data-end=\"209\" \/><strong data-start=\"209\" data-end=\"222\">Origine :<\/strong> Chili, Argentine et Bolivie<\/p>\n<h3 class=\"\" data-start=\"254\" data-end=\"275\"><strong data-start=\"258\" data-end=\"273\">Description<\/strong><\/h3>\n<p class=\"\" data-start=\"276\" data-end=\"587\">La <em data-start=\"279\" data-end=\"298\">Grammostola rosea<\/em> &#8220;Red&#8221; est une variante de la mygale chilienne, reconnaissable \u00e0 sa coloration rouge plus intense que la forme classique. Son corps est recouvert de fins poils variant entre des tons rouges, bruns et orang\u00e9s. C\u2019est une esp\u00e8ce robuste et long\u00e9vive, atteignant une envergure de 12 \u00e0 15 cm.<\/p>\n<h3 class=\"\" data-start=\"589\" data-end=\"611\"><strong data-start=\"593\" data-end=\"609\">Comportement<\/strong><\/h3>\n<p class=\"\" data-start=\"612\" data-end=\"899\">Mygale terrestre au temp\u00e9rament calme et relativement docile, elle peut toutefois montrer une certaine agressivit\u00e9 occasionnelle. Elle est peu active et peut rester longtemps sans se nourrir. Elle utilise rarement ses poils urticants et pr\u00e9f\u00e8re l\u2019intimidation passive face aux menaces.<\/p>\n<h3 class=\"\" data-start=\"901\" data-end=\"931\"><strong data-start=\"905\" data-end=\"929\">Besoins en terrarium<\/strong><\/h3>\n<ul data-start=\"932\" data-end=\"1222\">\n<li class=\"\" data-start=\"932\" data-end=\"970\">\n<p class=\"\" data-start=\"934\" data-end=\"970\"><strong data-start=\"934\" data-end=\"946\">Taille :<\/strong> 30x30x30 cm (minimum)<\/p>\n<\/li>\n<li class=\"\" data-start=\"971\" data-end=\"1045\">\n<p class=\"\" data-start=\"973\" data-end=\"1045\"><strong data-start=\"973\" data-end=\"987\">Substrat :<\/strong> Tourbe, fibre de coco ou mousse (5-10 cm de profondeur)<\/p>\n<\/li>\n<li class=\"\" data-start=\"1046\" data-end=\"1072\">\n<p class=\"\" data-start=\"1048\" data-end=\"1072\"><strong data-start=\"1048\" data-end=\"1062\">Humidit\u00e9 :<\/strong> 50-70 %<\/p>\n<\/li>\n<li class=\"\" data-start=\"1073\" data-end=\"1102\">\n<p class=\"\" data-start=\"1075\" data-end=\"1102\"><strong data-start=\"1075\" data-end=\"1092\">Temp\u00e9rature :<\/strong> 22-26\u00b0C<\/p>\n<\/li>\n<li class=\"\" data-start=\"1103\" data-end=\"1168\">\n<p class=\"\" data-start=\"1105\" data-end=\"1168\"><strong data-start=\"1105\" data-end=\"1121\">D\u00e9coration :<\/strong> Branches, cachettes et plantes artificielles<\/p>\n<\/li>\n<li class=\"\" data-start=\"1169\" data-end=\"1222\">\n<p class=\"\" data-start=\"1171\" data-end=\"1222\"><strong data-start=\"1171\" data-end=\"1186\">\u00c9clairage :<\/strong> Pas d\u2019\u00e9clairage sp\u00e9cifique requis<\/p>\n<\/li>\n<\/ul>\n<h3 class=\"\" data-start=\"1224\" data-end=\"1246\"><strong data-start=\"1228\" data-end=\"1244\">Alimentation<\/strong><\/h3>\n<p class=\"\" data-start=\"1247\" data-end=\"1432\">Elle se nourrit d\u2019insectes vivants comme les grillons, blattes, criquets et, occasionnellement, de souriceaux pour les sp\u00e9cimens adultes. La fr\u00e9quence d\u2019alimentation d\u00e9pend de l\u2019\u00e2ge :<\/p>\n<ul data-start=\"1433\" data-end=\"1531\">\n<li class=\"\" data-start=\"1433\" data-end=\"1470\">\n<p class=\"\" data-start=\"1435\" data-end=\"1470\"><strong data-start=\"1435\" data-end=\"1447\">Jeunes :<\/strong> 2-3 fois par semaine<\/p>\n<\/li>\n<li class=\"\" data-start=\"1471\" data-end=\"1531\">\n<p class=\"\" data-start=\"1473\" data-end=\"1531\"><strong data-start=\"1473\" data-end=\"1486\">Adultes :<\/strong> 1 fois par semaine ou tous les 10-15 jours<\/p>\n<\/li>\n<\/ul>\n<h3 class=\"\" data-start=\"1533\" data-end=\"1555\"><strong data-start=\"1537\" data-end=\"1553\">Reproduction<\/strong><\/h3>\n<p class=\"\" data-start=\"1556\" data-end=\"1724\">L\u2019accouplement doit \u00eatre r\u00e9alis\u00e9 avec pr\u00e9caution en raison du risque de cannibalisme. La femelle peut pondre entre 100 et 500 \u0153ufs, qui \u00e9closent apr\u00e8s 6 \u00e0 8 semaines.<\/p>\n<h3 class=\"\" data-start=\"1726\" data-end=\"1744\"><strong data-start=\"1730\" data-end=\"1742\">Toxicit\u00e9<\/strong><\/h3>\n<p class=\"\" data-start=\"1745\" data-end=\"1915\">Son venin est de faible dangerosit\u00e9 pour l\u2019homme, comparable \u00e0 une piq\u00fbre d\u2019abeille. Cependant, des r\u00e9actions allergiques peuvent survenir chez les personnes sensibles.<\/p>\n<h3 class=\"\" data-start=\"1917\" data-end=\"1936\"><strong data-start=\"1921\" data-end=\"1934\">Remarques<\/strong><\/h3>\n<ul data-start=\"1937\" data-end=\"2164\">\n<li class=\"\" data-start=\"1937\" data-end=\"2001\">\n<p class=\"\" data-start=\"1939\" data-end=\"2001\">\u00c9vitez les manipulations fr\u00e9quentes pour limiter son stress.<\/p>\n<\/li>\n<li class=\"\" data-start=\"2002\" data-end=\"2085\">\n<p class=\"\" data-start=\"2004\" data-end=\"2085\">Elle peut rester de longues p\u00e9riodes sans se nourrir sans risque pour sa sant\u00e9.<\/p>\n<\/li>\n<li class=\"\" data-start=\"2086\" data-end=\"2164\">\n<p class=\"\" data-start=\"2088\" data-end=\"2164\">Parfaite pour les d\u00e9butants gr\u00e2ce \u00e0 sa r\u00e9sistance et son faible entretien.<\/p>\n<\/li>\n<\/ul>\n","protected":false},"excerpt":{"rendered":"<p>D\u00e9couvrez la <em data-start=\"2396\" data-end=\"2415\">Grammostola rosea<\/em> &#8220;Red&#8221;, une mygale fascinante au temp\u00e9rament calme et \u00e0 la beaut\u00e9 envo\u00fbtante. Id\u00e9ale pour les d\u00e9butants, elle est robuste et facile \u00e0 entretenir. Son \u00e9clat rouge la rend unique. Ajoutez-la \u00e0 votre collection et admirez sa gr\u00e2ce naturelle !<\/p>\n","protected":false},"featured_media":41143,"template":"","meta":[],"product_brand":[],"product_cat":[417,585],"product_tag":[],"class_list":{"0":"post-41169","1":"product","2":"type-product","3":"status-publish","4":"has-post-thumbnail","6":"product_cat-arthropodes","7":"product_cat-tarentules","9":"first","10":"outofstock","11":"shipping-taxable","12":"purchasable","13":"product-type-variable"},"yoast_head":"<!-- This site is optimized with the Yoast SEO plugin v27.4 - https:\/\/yoast.com\/product\/yoast-seo-wordpress\/ -->\n<title>Grammostola rosea &quot;Red&quot; - ANTDERGROUND<\/title>\n<meta name=\"description\" content=\"D\u00e9couvrez la Grammostola rosea &quot;Red&quot; \ud83d\udd77\ufe0f, une mygale exotique facile \u00e0 entretenir et d\u2019une beaut\u00e9 saisissante. Parfaite pour les passionn\u00e9s d\u2019arachnides ! \ud83c\udf3f\" \/>\n<meta name=\"robots\" content=\"index, follow, max-snippet:-1, max-image-preview:large, max-video-preview:-1\" \/>\n<link rel=\"canonical\" href=\"https:\/\/antderground.com\/fr\/produit\/grammostola-rosea-red\/\" \/>\n<meta property=\"og:locale\" content=\"fr_FR\" \/>\n<meta property=\"og:type\" content=\"article\" \/>\n<meta property=\"og:title\" content=\"Grammostola rosea &quot;Red&quot; - ANTDERGROUND\" \/>\n<meta property=\"og:description\" content=\"D\u00e9couvrez la Grammostola rosea &quot;Red&quot; \ud83d\udd77\ufe0f, une mygale exotique facile \u00e0 entretenir et d\u2019une beaut\u00e9 saisissante. Parfaite pour les passionn\u00e9s d\u2019arachnides ! \ud83c\udf3f\" \/>\n<meta property=\"og:url\" content=\"https:\/\/antderground.com\/fr\/produit\/grammostola-rosea-red\/\" \/>\n<meta property=\"og:site_name\" content=\"ANTDERGROUND\" \/>\n<meta property=\"og:image\" content=\"https:\/\/antderground.com\/wp-content\/uploads\/2025\/03\/Grammostola-rosea-22red22.jpeg\" \/>\n\t<meta property=\"og:image:width\" content=\"1600\" \/>\n\t<meta property=\"og:image:height\" content=\"1600\" \/>\n\t<meta property=\"og:image:type\" content=\"image\/jpeg\" \/>\n<meta name=\"twitter:card\" content=\"summary_large_image\" \/>\n<meta name=\"twitter:label1\" content=\"Dur\u00e9e de lecture estim\u00e9e\" \/>\n\t<meta name=\"twitter:data1\" content=\"1 minute\" \/>\n<script type=\"application\/ld+json\" class=\"yoast-schema-graph\">{\"@context\":\"https:\\\/\\\/schema.org\",\"@graph\":[{\"@type\":\"WebPage\",\"@id\":\"https:\\\/\\\/antderground.com\\\/fr\\\/produit\\\/grammostola-rosea-red\\\/\",\"url\":\"https:\\\/\\\/antderground.com\\\/fr\\\/produit\\\/grammostola-rosea-red\\\/\",\"name\":\"Grammostola rosea \\\"Red\\\" - ANTDERGROUND\",\"isPartOf\":{\"@id\":\"https:\\\/\\\/antderground.com\\\/fr\\\/#website\"},\"primaryImageOfPage\":{\"@id\":\"https:\\\/\\\/antderground.com\\\/fr\\\/produit\\\/grammostola-rosea-red\\\/#primaryimage\"},\"image\":{\"@id\":\"https:\\\/\\\/antderground.com\\\/fr\\\/produit\\\/grammostola-rosea-red\\\/#primaryimage\"},\"thumbnailUrl\":\"https:\\\/\\\/antderground.com\\\/wp-content\\\/uploads\\\/2025\\\/03\\\/Grammostola-rosea-22red22.jpeg\",\"datePublished\":\"2025-03-21T15:33:02+00:00\",\"description\":\"D\u00e9couvrez la Grammostola rosea \\\"Red\\\" \ud83d\udd77\ufe0f, une mygale exotique facile \u00e0 entretenir et d\u2019une beaut\u00e9 saisissante. Parfaite pour les passionn\u00e9s d\u2019arachnides ! \ud83c\udf3f\",\"breadcrumb\":{\"@id\":\"https:\\\/\\\/antderground.com\\\/fr\\\/produit\\\/grammostola-rosea-red\\\/#breadcrumb\"},\"inLanguage\":\"fr-FR\",\"potentialAction\":[{\"@type\":\"ReadAction\",\"target\":[\"https:\\\/\\\/antderground.com\\\/fr\\\/produit\\\/grammostola-rosea-red\\\/\"]}]},{\"@type\":\"ImageObject\",\"inLanguage\":\"fr-FR\",\"@id\":\"https:\\\/\\\/antderground.com\\\/fr\\\/produit\\\/grammostola-rosea-red\\\/#primaryimage\",\"url\":\"https:\\\/\\\/antderground.com\\\/wp-content\\\/uploads\\\/2025\\\/03\\\/Grammostola-rosea-22red22.jpeg\",\"contentUrl\":\"https:\\\/\\\/antderground.com\\\/wp-content\\\/uploads\\\/2025\\\/03\\\/Grammostola-rosea-22red22.jpeg\",\"width\":1600,\"height\":1600,\"caption\":\"Grammostola rosea red\"},{\"@type\":\"BreadcrumbList\",\"@id\":\"https:\\\/\\\/antderground.com\\\/fr\\\/produit\\\/grammostola-rosea-red\\\/#breadcrumb\",\"itemListElement\":[{\"@type\":\"ListItem\",\"position\":1,\"name\":\"Portada\",\"item\":\"https:\\\/\\\/antderground.com\\\/fr\\\/\"},{\"@type\":\"ListItem\",\"position\":2,\"name\":\"Boutique\",\"item\":\"https:\\\/\\\/antderground.com\\\/fr\\\/boutique\\\/\"},{\"@type\":\"ListItem\",\"position\":3,\"name\":\"Grammostola rosea &#8220;Red&#8221;\"}]},{\"@type\":\"WebSite\",\"@id\":\"https:\\\/\\\/antderground.com\\\/fr\\\/#website\",\"url\":\"https:\\\/\\\/antderground.com\\\/fr\\\/\",\"name\":\"ANTDERGROUND\",\"description\":\"Tu tienda de hormigas, gran variedad de hormigueros acr\u00edlicos,madera,arena,3D y mas.. Pide tus hormigas gratis con tu pedido, somos expertos en hormigueros antifugas.\",\"publisher\":{\"@id\":\"https:\\\/\\\/antderground.com\\\/fr\\\/#\\\/schema\\\/person\\\/0e322c505e84fe72c65e2f6d08f96b81\"},\"alternateName\":\"Antderground\",\"potentialAction\":[{\"@type\":\"SearchAction\",\"target\":{\"@type\":\"EntryPoint\",\"urlTemplate\":\"https:\\\/\\\/antderground.com\\\/fr\\\/?s={search_term_string}\"},\"query-input\":{\"@type\":\"PropertyValueSpecification\",\"valueRequired\":true,\"valueName\":\"search_term_string\"}}],\"inLanguage\":\"fr-FR\"},{\"@type\":[\"Person\",\"Organization\"],\"@id\":\"https:\\\/\\\/antderground.com\\\/fr\\\/#\\\/schema\\\/person\\\/0e322c505e84fe72c65e2f6d08f96b81\",\"name\":\"Eric de Antderground\",\"image\":{\"@type\":\"ImageObject\",\"inLanguage\":\"fr-FR\",\"@id\":\"https:\\\/\\\/secure.gravatar.com\\\/avatar\\\/c49a1b9f79216d1498cb73c1e85cd47f4465dda35f2a94c03790d491bd4423c3?s=96&d=mm&r=g\",\"url\":\"https:\\\/\\\/secure.gravatar.com\\\/avatar\\\/c49a1b9f79216d1498cb73c1e85cd47f4465dda35f2a94c03790d491bd4423c3?s=96&d=mm&r=g\",\"contentUrl\":\"https:\\\/\\\/secure.gravatar.com\\\/avatar\\\/c49a1b9f79216d1498cb73c1e85cd47f4465dda35f2a94c03790d491bd4423c3?s=96&d=mm&r=g\",\"caption\":\"Eric de Antderground\"},\"logo\":{\"@id\":\"https:\\\/\\\/secure.gravatar.com\\\/avatar\\\/c49a1b9f79216d1498cb73c1e85cd47f4465dda35f2a94c03790d491bd4423c3?s=96&d=mm&r=g\"},\"description\":\"Eric es el especialista y fundador de Antderground, con una amplia trayectoria en artr\u00f3podos y enfocado en la mirmecolog\u00eda y el dise\u00f1o de hormigueros artificiales. Su enfoque combina la innovaci\u00f3n t\u00e9cnica con el respeto por la biolog\u00eda de las hormigas, is\u00f3podos y otros, desarrollando sistemas de nidos modulares 3D y acr\u00edlicos que son referentes para aficionados y profesionales en toda Europa. Su objetivo es facilitar la cr\u00eda de hormigas y otros artr\u00f3podos mediante soluciones seguras y divulgaci\u00f3n de calidad.\",\"sameAs\":[\"https:\\\/\\\/antderground.com\\\/\",\"https:\\\/\\\/www.youtube.com\\\/channel\\\/UCio72z7TlbufkAthAJIJfPw\"]}]}<\/script>\n<!-- \/ Yoast SEO plugin. -->","yoast_head_json":{"title":"Grammostola rosea \"Red\" - ANTDERGROUND","description":"D\u00e9couvrez la Grammostola rosea \"Red\" \ud83d\udd77\ufe0f, une mygale exotique facile \u00e0 entretenir et d\u2019une beaut\u00e9 saisissante. Parfaite pour les passionn\u00e9s d\u2019arachnides ! \ud83c\udf3f","robots":{"index":"index","follow":"follow","max-snippet":"max-snippet:-1","max-image-preview":"max-image-preview:large","max-video-preview":"max-video-preview:-1"},"canonical":"https:\/\/antderground.com\/fr\/produit\/grammostola-rosea-red\/","og_locale":"fr_FR","og_type":"article","og_title":"Grammostola rosea \"Red\" - ANTDERGROUND","og_description":"D\u00e9couvrez la Grammostola rosea \"Red\" \ud83d\udd77\ufe0f, une mygale exotique facile \u00e0 entretenir et d\u2019une beaut\u00e9 saisissante. Parfaite pour les passionn\u00e9s d\u2019arachnides ! \ud83c\udf3f","og_url":"https:\/\/antderground.com\/fr\/produit\/grammostola-rosea-red\/","og_site_name":"ANTDERGROUND","og_image":[{"width":1600,"height":1600,"url":"https:\/\/antderground.com\/wp-content\/uploads\/2025\/03\/Grammostola-rosea-22red22.jpeg","type":"image\/jpeg"}],"twitter_card":"summary_large_image","twitter_misc":{"Dur\u00e9e de lecture estim\u00e9e":"1 minute"},"schema":{"@context":"https:\/\/schema.org","@graph":[{"@type":"WebPage","@id":"https:\/\/antderground.com\/fr\/produit\/grammostola-rosea-red\/","url":"https:\/\/antderground.com\/fr\/produit\/grammostola-rosea-red\/","name":"Grammostola rosea \"Red\" - ANTDERGROUND","isPartOf":{"@id":"https:\/\/antderground.com\/fr\/#website"},"primaryImageOfPage":{"@id":"https:\/\/antderground.com\/fr\/produit\/grammostola-rosea-red\/#primaryimage"},"image":{"@id":"https:\/\/antderground.com\/fr\/produit\/grammostola-rosea-red\/#primaryimage"},"thumbnailUrl":"https:\/\/antderground.com\/wp-content\/uploads\/2025\/03\/Grammostola-rosea-22red22.jpeg","datePublished":"2025-03-21T15:33:02+00:00","description":"D\u00e9couvrez la Grammostola rosea \"Red\" \ud83d\udd77\ufe0f, une mygale exotique facile \u00e0 entretenir et d\u2019une beaut\u00e9 saisissante. Parfaite pour les passionn\u00e9s d\u2019arachnides ! \ud83c\udf3f","breadcrumb":{"@id":"https:\/\/antderground.com\/fr\/produit\/grammostola-rosea-red\/#breadcrumb"},"inLanguage":"fr-FR","potentialAction":[{"@type":"ReadAction","target":["https:\/\/antderground.com\/fr\/produit\/grammostola-rosea-red\/"]}]},{"@type":"ImageObject","inLanguage":"fr-FR","@id":"https:\/\/antderground.com\/fr\/produit\/grammostola-rosea-red\/#primaryimage","url":"https:\/\/antderground.com\/wp-content\/uploads\/2025\/03\/Grammostola-rosea-22red22.jpeg","contentUrl":"https:\/\/antderground.com\/wp-content\/uploads\/2025\/03\/Grammostola-rosea-22red22.jpeg","width":1600,"height":1600,"caption":"Grammostola rosea red"},{"@type":"BreadcrumbList","@id":"https:\/\/antderground.com\/fr\/produit\/grammostola-rosea-red\/#breadcrumb","itemListElement":[{"@type":"ListItem","position":1,"name":"Portada","item":"https:\/\/antderground.com\/fr\/"},{"@type":"ListItem","position":2,"name":"Boutique","item":"https:\/\/antderground.com\/fr\/boutique\/"},{"@type":"ListItem","position":3,"name":"Grammostola rosea &#8220;Red&#8221;"}]},{"@type":"WebSite","@id":"https:\/\/antderground.com\/fr\/#website","url":"https:\/\/antderground.com\/fr\/","name":"ANTDERGROUND","description":"Tu tienda de hormigas, gran variedad de hormigueros acr\u00edlicos,madera,arena,3D y mas.. Pide tus hormigas gratis con tu pedido, somos expertos en hormigueros antifugas.","publisher":{"@id":"https:\/\/antderground.com\/fr\/#\/schema\/person\/0e322c505e84fe72c65e2f6d08f96b81"},"alternateName":"Antderground","potentialAction":[{"@type":"SearchAction","target":{"@type":"EntryPoint","urlTemplate":"https:\/\/antderground.com\/fr\/?s={search_term_string}"},"query-input":{"@type":"PropertyValueSpecification","valueRequired":true,"valueName":"search_term_string"}}],"inLanguage":"fr-FR"},{"@type":["Person","Organization"],"@id":"https:\/\/antderground.com\/fr\/#\/schema\/person\/0e322c505e84fe72c65e2f6d08f96b81","name":"Eric de Antderground","image":{"@type":"ImageObject","inLanguage":"fr-FR","@id":"https:\/\/secure.gravatar.com\/avatar\/c49a1b9f79216d1498cb73c1e85cd47f4465dda35f2a94c03790d491bd4423c3?s=96&d=mm&r=g","url":"https:\/\/secure.gravatar.com\/avatar\/c49a1b9f79216d1498cb73c1e85cd47f4465dda35f2a94c03790d491bd4423c3?s=96&d=mm&r=g","contentUrl":"https:\/\/secure.gravatar.com\/avatar\/c49a1b9f79216d1498cb73c1e85cd47f4465dda35f2a94c03790d491bd4423c3?s=96&d=mm&r=g","caption":"Eric de Antderground"},"logo":{"@id":"https:\/\/secure.gravatar.com\/avatar\/c49a1b9f79216d1498cb73c1e85cd47f4465dda35f2a94c03790d491bd4423c3?s=96&d=mm&r=g"},"description":"Eric es el especialista y fundador de Antderground, con una amplia trayectoria en artr\u00f3podos y enfocado en la mirmecolog\u00eda y el dise\u00f1o de hormigueros artificiales. Su enfoque combina la innovaci\u00f3n t\u00e9cnica con el respeto por la biolog\u00eda de las hormigas, is\u00f3podos y otros, desarrollando sistemas de nidos modulares 3D y acr\u00edlicos que son referentes para aficionados y profesionales en toda Europa. Su objetivo es facilitar la cr\u00eda de hormigas y otros artr\u00f3podos mediante soluciones seguras y divulgaci\u00f3n de calidad.","sameAs":["https:\/\/antderground.com\/","https:\/\/www.youtube.com\/channel\/UCio72z7TlbufkAthAJIJfPw"]}]}},"_links":{"self":[{"href":"https:\/\/antderground.com\/fr\/wp-json\/wp\/v2\/product\/41169","targetHints":{"allow":["GET"]}}],"collection":[{"href":"https:\/\/antderground.com\/fr\/wp-json\/wp\/v2\/product"}],"about":[{"href":"https:\/\/antderground.com\/fr\/wp-json\/wp\/v2\/types\/product"}],"version-history":[{"count":0,"href":"https:\/\/antderground.com\/fr\/wp-json\/wp\/v2\/product\/41169\/revisions"}],"wp:featuredmedia":[{"embeddable":true,"href":"https:\/\/antderground.com\/fr\/wp-json\/wp\/v2\/media\/41143"}],"wp:attachment":[{"href":"https:\/\/antderground.com\/fr\/wp-json\/wp\/v2\/media?parent=41169"}],"wp:term":[{"taxonomy":"product_brand","embeddable":true,"href":"https:\/\/antderground.com\/fr\/wp-json\/wp\/v2\/product_brand?post=41169"},{"taxonomy":"product_cat","embeddable":true,"href":"https:\/\/antderground.com\/fr\/wp-json\/wp\/v2\/product_cat?post=41169"},{"taxonomy":"product_tag","embeddable":true,"href":"https:\/\/antderground.com\/fr\/wp-json\/wp\/v2\/product_tag?post=41169"}],"curies":[{"name":"wp","href":"https:\/\/api.w.org\/{rel}","templated":true}]}}