{"id":41338,"date":"2025-03-28T17:17:06","date_gmt":"2025-03-28T16:17:06","guid":{"rendered":"https:\/\/www.antderground.com\/producto\/porcellio-laevis-black\/"},"modified":"2026-01-02T16:25:29","modified_gmt":"2026-01-02T15:25:29","slug":"porcellio-laevis-black","status":"publish","type":"product","link":"https:\/\/antderground.com\/fr\/produit\/porcellio-laevis-black\/","title":{"rendered":"Porcellio laevis black"},"content":{"rendered":"<h4 class=\"\" data-start=\"19\" data-end=\"70\"><strong data-start=\"24\" data-end=\"68\">Fiche technique &#8211; Porcellio laevis Black<\/strong><\/h4>\n<p class=\"\" data-start=\"71\" data-end=\"804\"><strong data-start=\"71\" data-end=\"85\">Nom Commun<\/strong> : Cloporte Porcellio laevis Black<br data-start=\"119\" data-end=\"122\" \/><strong data-start=\"122\" data-end=\"142\">Nom Scientifique<\/strong> : <em data-start=\"145\" data-end=\"163\">Porcellio laevis<\/em><br data-start=\"163\" data-end=\"166\" \/><strong data-start=\"166\" data-end=\"177\">Famille<\/strong> : Armadillidiidae<br data-start=\"195\" data-end=\"198\" \/><strong data-start=\"198\" data-end=\"208\">Taille<\/strong> : 2,5 \u00e0 3,5 cm de long<br data-start=\"231\" data-end=\"234\" \/><strong data-start=\"234\" data-end=\"248\">Coloration<\/strong> : Noir brillant, sans marques ni motifs, avec une surface lisse et uniforme.<br data-start=\"325\" data-end=\"328\" \/><strong data-start=\"328\" data-end=\"348\">Esp\u00e9rance de vie<\/strong> : 2 \u00e0 3 ans<br data-start=\"360\" data-end=\"363\" \/><strong data-start=\"363\" data-end=\"374\">Habitat<\/strong> : Sol humide, substrat de feuilles et d\u2019\u00e9corce, id\u00e9al pour les terrariums tropicaux.<br data-start=\"459\" data-end=\"462\" \/><strong data-start=\"462\" data-end=\"484\">Temp\u00e9rature id\u00e9ale<\/strong> : 18-22\u00b0C<br data-start=\"494\" data-end=\"497\" \/><strong data-start=\"497\" data-end=\"516\">Humidit\u00e9 id\u00e9ale<\/strong> : 60-80%<br data-start=\"525\" data-end=\"528\" \/><strong data-start=\"528\" data-end=\"544\">Alimentation<\/strong> : Omnivore, se nourrit de mati\u00e8re v\u00e9g\u00e9tale en d\u00e9composition (feuilles, bois) et de restes organiques.<br data-start=\"646\" data-end=\"649\" \/><strong data-start=\"649\" data-end=\"665\">Reproduction<\/strong> : Ovovivipare, avec une gestation de 3 \u00e0 4 semaines. Les jeunes naissent enti\u00e8rement form\u00e9s et d&#8217;abord de couleur blanche.<br data-start=\"788\" data-end=\"791\" \/><strong data-start=\"791\" data-end=\"800\">Soins<\/strong> :<\/p>\n<ul data-start=\"805\" data-end=\"1296\">\n<li class=\"\" data-start=\"805\" data-end=\"865\">\n<p class=\"\" data-start=\"807\" data-end=\"865\">Maintenir un environnement humide mais sans exc\u00e8s d\u2019eau.<\/p>\n<\/li>\n<li class=\"\" data-start=\"866\" data-end=\"949\">\n<p class=\"\" data-start=\"868\" data-end=\"949\">Fournir un substrat adapt\u00e9 comme de la fibre de coco ou de la terre bien a\u00e9r\u00e9e.<\/p>\n<\/li>\n<li class=\"\" data-start=\"950\" data-end=\"1082\">\n<p class=\"\" data-start=\"952\" data-end=\"1082\">Offrir une alimentation vari\u00e9e : feuilles s\u00e8ches, fruits, l\u00e9gumes frais et une source de calcium.<br data-start=\"1049\" data-end=\"1052\" \/><strong data-start=\"1052\" data-end=\"1078\">Avantages en terrarium<\/strong> :<\/p>\n<\/li>\n<li class=\"\" data-start=\"1083\" data-end=\"1172\">\n<p class=\"\" data-start=\"1085\" data-end=\"1172\">Aide \u00e0 la d\u00e9composition des mati\u00e8res organiques, maintenant ainsi un substrat propre.<\/p>\n<\/li>\n<li class=\"\" data-start=\"1173\" data-end=\"1222\">\n<p class=\"\" data-start=\"1175\" data-end=\"1222\">Contribue \u00e0 l\u2019\u00e9quilibre d\u2019un \u00e9cosyst\u00e8me sain.<\/p>\n<\/li>\n<li class=\"\" data-start=\"1223\" data-end=\"1296\">\n<p class=\"\" data-start=\"1225\" data-end=\"1296\">Pacifique, il cohabite facilement avec d\u2019autres esp\u00e8ces en terrarium.<\/p>\n<\/li>\n<\/ul>\n","protected":false},"excerpt":{"rendered":"<p class=\"\" data-start=\"1342\" data-end=\"1602\">Le <em data-start=\"1345\" data-end=\"1363\">Porcellio laevis<\/em> Black est un cloporte fascinant au noir intense, parfait pour les terrariums. Un excellent recycleur naturel qui maintient l\u2019\u00e9quilibre de votre \u00e9cosyst\u00e8me. Facile \u00e0 \u00e9lever, id\u00e9al pour les passionn\u00e9s de terrariophilie et de biodiversit\u00e9.<\/p>\n","protected":false},"featured_media":41313,"template":"","meta":[],"product_brand":[],"product_cat":[417,419,724],"product_tag":[],"class_list":{"0":"post-41338","1":"product","2":"type-product","3":"status-publish","4":"has-post-thumbnail","6":"product_cat-arthropodes","7":"product_cat-isopodes","8":"product_cat-porcellio","10":"first","11":"outofstock","12":"shipping-taxable","13":"purchasable","14":"product-type-variable"},"yoast_head":"<!-- This site is optimized with the Yoast SEO plugin v27.3 - https:\/\/yoast.com\/product\/yoast-seo-wordpress\/ -->\n<title>Porcellio laevis black | Boutique d&#039;isopodes - ANTDERGROUND<\/title>\n<meta name=\"description\" content=\"Porcellio laevis Black, le cloporte id\u00e9al pour votre terrarium \ud83e\udd97. Parfait pour nettoyer et \u00e9quilibrer votre \u00e9cosyst\u00e8me naturel. D\u00e9couvrez-le !\" \/>\n<meta name=\"robots\" content=\"index, follow, max-snippet:-1, max-image-preview:large, max-video-preview:-1\" \/>\n<link rel=\"canonical\" href=\"https:\/\/antderground.com\/fr\/produit\/porcellio-laevis-black\/\" \/>\n<meta property=\"og:locale\" content=\"fr_FR\" \/>\n<meta property=\"og:type\" content=\"article\" \/>\n<meta property=\"og:title\" content=\"Porcellio laevis black | Boutique d&#039;isopodes - ANTDERGROUND\" \/>\n<meta property=\"og:description\" content=\"Porcellio laevis Black, le cloporte id\u00e9al pour votre terrarium \ud83e\udd97. Parfait pour nettoyer et \u00e9quilibrer votre \u00e9cosyst\u00e8me naturel. D\u00e9couvrez-le !\" \/>\n<meta property=\"og:url\" content=\"https:\/\/antderground.com\/fr\/produit\/porcellio-laevis-black\/\" \/>\n<meta property=\"og:site_name\" content=\"ANTDERGROUND\" \/>\n<meta property=\"article:modified_time\" content=\"2026-01-02T15:25:29+00:00\" \/>\n<meta property=\"og:image\" content=\"https:\/\/antderground.com\/wp-content\/uploads\/2025\/03\/Porcellio-laevis-Black.jpeg\" \/>\n\t<meta property=\"og:image:width\" content=\"1600\" \/>\n\t<meta property=\"og:image:height\" content=\"1600\" \/>\n\t<meta property=\"og:image:type\" content=\"image\/jpeg\" \/>\n<meta name=\"twitter:card\" content=\"summary_large_image\" \/>\n<meta name=\"twitter:label1\" content=\"Dur\u00e9e de lecture estim\u00e9e\" \/>\n\t<meta name=\"twitter:data1\" content=\"1 minute\" \/>\n<script type=\"application\/ld+json\" class=\"yoast-schema-graph\">{\"@context\":\"https:\\\/\\\/schema.org\",\"@graph\":[{\"@type\":\"WebPage\",\"@id\":\"https:\\\/\\\/antderground.com\\\/fr\\\/produit\\\/porcellio-laevis-black\\\/\",\"url\":\"https:\\\/\\\/antderground.com\\\/fr\\\/produit\\\/porcellio-laevis-black\\\/\",\"name\":\"Porcellio laevis black | Boutique d'isopodes - ANTDERGROUND\",\"isPartOf\":{\"@id\":\"https:\\\/\\\/antderground.com\\\/fr\\\/#website\"},\"primaryImageOfPage\":{\"@id\":\"https:\\\/\\\/antderground.com\\\/fr\\\/produit\\\/porcellio-laevis-black\\\/#primaryimage\"},\"image\":{\"@id\":\"https:\\\/\\\/antderground.com\\\/fr\\\/produit\\\/porcellio-laevis-black\\\/#primaryimage\"},\"thumbnailUrl\":\"https:\\\/\\\/antderground.com\\\/wp-content\\\/uploads\\\/2025\\\/03\\\/Porcellio-laevis-Black.jpeg\",\"datePublished\":\"2025-03-28T16:17:06+00:00\",\"dateModified\":\"2026-01-02T15:25:29+00:00\",\"description\":\"Porcellio laevis Black, le cloporte id\u00e9al pour votre terrarium \ud83e\udd97. Parfait pour nettoyer et \u00e9quilibrer votre \u00e9cosyst\u00e8me naturel. D\u00e9couvrez-le !\",\"breadcrumb\":{\"@id\":\"https:\\\/\\\/antderground.com\\\/fr\\\/produit\\\/porcellio-laevis-black\\\/#breadcrumb\"},\"inLanguage\":\"fr-FR\",\"potentialAction\":[{\"@type\":\"ReadAction\",\"target\":[\"https:\\\/\\\/antderground.com\\\/fr\\\/produit\\\/porcellio-laevis-black\\\/\"]}]},{\"@type\":\"ImageObject\",\"inLanguage\":\"fr-FR\",\"@id\":\"https:\\\/\\\/antderground.com\\\/fr\\\/produit\\\/porcellio-laevis-black\\\/#primaryimage\",\"url\":\"https:\\\/\\\/antderground.com\\\/wp-content\\\/uploads\\\/2025\\\/03\\\/Porcellio-laevis-Black.jpeg\",\"contentUrl\":\"https:\\\/\\\/antderground.com\\\/wp-content\\\/uploads\\\/2025\\\/03\\\/Porcellio-laevis-Black.jpeg\",\"width\":1600,\"height\":1600,\"caption\":\"Porcellio laevis Black\"},{\"@type\":\"BreadcrumbList\",\"@id\":\"https:\\\/\\\/antderground.com\\\/fr\\\/produit\\\/porcellio-laevis-black\\\/#breadcrumb\",\"itemListElement\":[{\"@type\":\"ListItem\",\"position\":1,\"name\":\"Portada\",\"item\":\"https:\\\/\\\/antderground.com\\\/fr\\\/\"},{\"@type\":\"ListItem\",\"position\":2,\"name\":\"Boutique\",\"item\":\"https:\\\/\\\/antderground.com\\\/fr\\\/boutique\\\/\"},{\"@type\":\"ListItem\",\"position\":3,\"name\":\"Porcellio laevis black\"}]},{\"@type\":\"WebSite\",\"@id\":\"https:\\\/\\\/antderground.com\\\/fr\\\/#website\",\"url\":\"https:\\\/\\\/antderground.com\\\/fr\\\/\",\"name\":\"ANTDERGROUND\",\"description\":\"Tu tienda de hormigas, gran variedad de hormigueros acr\u00edlicos,madera,arena,3D y mas.. Pide tus hormigas gratis con tu pedido, somos expertos en hormigueros antifugas.\",\"publisher\":{\"@id\":\"https:\\\/\\\/antderground.com\\\/fr\\\/#\\\/schema\\\/person\\\/0e322c505e84fe72c65e2f6d08f96b81\"},\"alternateName\":\"Antderground\",\"potentialAction\":[{\"@type\":\"SearchAction\",\"target\":{\"@type\":\"EntryPoint\",\"urlTemplate\":\"https:\\\/\\\/antderground.com\\\/fr\\\/?s={search_term_string}\"},\"query-input\":{\"@type\":\"PropertyValueSpecification\",\"valueRequired\":true,\"valueName\":\"search_term_string\"}}],\"inLanguage\":\"fr-FR\"},{\"@type\":[\"Person\",\"Organization\"],\"@id\":\"https:\\\/\\\/antderground.com\\\/fr\\\/#\\\/schema\\\/person\\\/0e322c505e84fe72c65e2f6d08f96b81\",\"name\":\"Eric de Antderground\",\"image\":{\"@type\":\"ImageObject\",\"inLanguage\":\"fr-FR\",\"@id\":\"https:\\\/\\\/secure.gravatar.com\\\/avatar\\\/c49a1b9f79216d1498cb73c1e85cd47f4465dda35f2a94c03790d491bd4423c3?s=96&d=mm&r=g\",\"url\":\"https:\\\/\\\/secure.gravatar.com\\\/avatar\\\/c49a1b9f79216d1498cb73c1e85cd47f4465dda35f2a94c03790d491bd4423c3?s=96&d=mm&r=g\",\"contentUrl\":\"https:\\\/\\\/secure.gravatar.com\\\/avatar\\\/c49a1b9f79216d1498cb73c1e85cd47f4465dda35f2a94c03790d491bd4423c3?s=96&d=mm&r=g\",\"caption\":\"Eric de Antderground\"},\"logo\":{\"@id\":\"https:\\\/\\\/secure.gravatar.com\\\/avatar\\\/c49a1b9f79216d1498cb73c1e85cd47f4465dda35f2a94c03790d491bd4423c3?s=96&d=mm&r=g\"},\"description\":\"Eric es el especialista y fundador de Antderground, con una amplia trayectoria en artr\u00f3podos y enfocado en la mirmecolog\u00eda y el dise\u00f1o de hormigueros artificiales. Su enfoque combina la innovaci\u00f3n t\u00e9cnica con el respeto por la biolog\u00eda de las hormigas, is\u00f3podos y otros, desarrollando sistemas de nidos modulares 3D y acr\u00edlicos que son referentes para aficionados y profesionales en toda Europa. Su objetivo es facilitar la cr\u00eda de hormigas y otros artr\u00f3podos mediante soluciones seguras y divulgaci\u00f3n de calidad.\",\"sameAs\":[\"https:\\\/\\\/antderground.com\\\/\",\"https:\\\/\\\/www.youtube.com\\\/channel\\\/UCio72z7TlbufkAthAJIJfPw\"]}]}<\/script>\n<!-- \/ Yoast SEO plugin. -->","yoast_head_json":{"title":"Porcellio laevis black | Boutique d'isopodes - ANTDERGROUND","description":"Porcellio laevis Black, le cloporte id\u00e9al pour votre terrarium \ud83e\udd97. Parfait pour nettoyer et \u00e9quilibrer votre \u00e9cosyst\u00e8me naturel. D\u00e9couvrez-le !","robots":{"index":"index","follow":"follow","max-snippet":"max-snippet:-1","max-image-preview":"max-image-preview:large","max-video-preview":"max-video-preview:-1"},"canonical":"https:\/\/antderground.com\/fr\/produit\/porcellio-laevis-black\/","og_locale":"fr_FR","og_type":"article","og_title":"Porcellio laevis black | Boutique d'isopodes - ANTDERGROUND","og_description":"Porcellio laevis Black, le cloporte id\u00e9al pour votre terrarium \ud83e\udd97. Parfait pour nettoyer et \u00e9quilibrer votre \u00e9cosyst\u00e8me naturel. D\u00e9couvrez-le !","og_url":"https:\/\/antderground.com\/fr\/produit\/porcellio-laevis-black\/","og_site_name":"ANTDERGROUND","article_modified_time":"2026-01-02T15:25:29+00:00","og_image":[{"width":1600,"height":1600,"url":"https:\/\/antderground.com\/wp-content\/uploads\/2025\/03\/Porcellio-laevis-Black.jpeg","type":"image\/jpeg"}],"twitter_card":"summary_large_image","twitter_misc":{"Dur\u00e9e de lecture estim\u00e9e":"1 minute"},"schema":{"@context":"https:\/\/schema.org","@graph":[{"@type":"WebPage","@id":"https:\/\/antderground.com\/fr\/produit\/porcellio-laevis-black\/","url":"https:\/\/antderground.com\/fr\/produit\/porcellio-laevis-black\/","name":"Porcellio laevis black | Boutique d'isopodes - ANTDERGROUND","isPartOf":{"@id":"https:\/\/antderground.com\/fr\/#website"},"primaryImageOfPage":{"@id":"https:\/\/antderground.com\/fr\/produit\/porcellio-laevis-black\/#primaryimage"},"image":{"@id":"https:\/\/antderground.com\/fr\/produit\/porcellio-laevis-black\/#primaryimage"},"thumbnailUrl":"https:\/\/antderground.com\/wp-content\/uploads\/2025\/03\/Porcellio-laevis-Black.jpeg","datePublished":"2025-03-28T16:17:06+00:00","dateModified":"2026-01-02T15:25:29+00:00","description":"Porcellio laevis Black, le cloporte id\u00e9al pour votre terrarium \ud83e\udd97. Parfait pour nettoyer et \u00e9quilibrer votre \u00e9cosyst\u00e8me naturel. D\u00e9couvrez-le !","breadcrumb":{"@id":"https:\/\/antderground.com\/fr\/produit\/porcellio-laevis-black\/#breadcrumb"},"inLanguage":"fr-FR","potentialAction":[{"@type":"ReadAction","target":["https:\/\/antderground.com\/fr\/produit\/porcellio-laevis-black\/"]}]},{"@type":"ImageObject","inLanguage":"fr-FR","@id":"https:\/\/antderground.com\/fr\/produit\/porcellio-laevis-black\/#primaryimage","url":"https:\/\/antderground.com\/wp-content\/uploads\/2025\/03\/Porcellio-laevis-Black.jpeg","contentUrl":"https:\/\/antderground.com\/wp-content\/uploads\/2025\/03\/Porcellio-laevis-Black.jpeg","width":1600,"height":1600,"caption":"Porcellio laevis Black"},{"@type":"BreadcrumbList","@id":"https:\/\/antderground.com\/fr\/produit\/porcellio-laevis-black\/#breadcrumb","itemListElement":[{"@type":"ListItem","position":1,"name":"Portada","item":"https:\/\/antderground.com\/fr\/"},{"@type":"ListItem","position":2,"name":"Boutique","item":"https:\/\/antderground.com\/fr\/boutique\/"},{"@type":"ListItem","position":3,"name":"Porcellio laevis black"}]},{"@type":"WebSite","@id":"https:\/\/antderground.com\/fr\/#website","url":"https:\/\/antderground.com\/fr\/","name":"ANTDERGROUND","description":"Tu tienda de hormigas, gran variedad de hormigueros acr\u00edlicos,madera,arena,3D y mas.. Pide tus hormigas gratis con tu pedido, somos expertos en hormigueros antifugas.","publisher":{"@id":"https:\/\/antderground.com\/fr\/#\/schema\/person\/0e322c505e84fe72c65e2f6d08f96b81"},"alternateName":"Antderground","potentialAction":[{"@type":"SearchAction","target":{"@type":"EntryPoint","urlTemplate":"https:\/\/antderground.com\/fr\/?s={search_term_string}"},"query-input":{"@type":"PropertyValueSpecification","valueRequired":true,"valueName":"search_term_string"}}],"inLanguage":"fr-FR"},{"@type":["Person","Organization"],"@id":"https:\/\/antderground.com\/fr\/#\/schema\/person\/0e322c505e84fe72c65e2f6d08f96b81","name":"Eric de Antderground","image":{"@type":"ImageObject","inLanguage":"fr-FR","@id":"https:\/\/secure.gravatar.com\/avatar\/c49a1b9f79216d1498cb73c1e85cd47f4465dda35f2a94c03790d491bd4423c3?s=96&d=mm&r=g","url":"https:\/\/secure.gravatar.com\/avatar\/c49a1b9f79216d1498cb73c1e85cd47f4465dda35f2a94c03790d491bd4423c3?s=96&d=mm&r=g","contentUrl":"https:\/\/secure.gravatar.com\/avatar\/c49a1b9f79216d1498cb73c1e85cd47f4465dda35f2a94c03790d491bd4423c3?s=96&d=mm&r=g","caption":"Eric de Antderground"},"logo":{"@id":"https:\/\/secure.gravatar.com\/avatar\/c49a1b9f79216d1498cb73c1e85cd47f4465dda35f2a94c03790d491bd4423c3?s=96&d=mm&r=g"},"description":"Eric es el especialista y fundador de Antderground, con una amplia trayectoria en artr\u00f3podos y enfocado en la mirmecolog\u00eda y el dise\u00f1o de hormigueros artificiales. Su enfoque combina la innovaci\u00f3n t\u00e9cnica con el respeto por la biolog\u00eda de las hormigas, is\u00f3podos y otros, desarrollando sistemas de nidos modulares 3D y acr\u00edlicos que son referentes para aficionados y profesionales en toda Europa. Su objetivo es facilitar la cr\u00eda de hormigas y otros artr\u00f3podos mediante soluciones seguras y divulgaci\u00f3n de calidad.","sameAs":["https:\/\/antderground.com\/","https:\/\/www.youtube.com\/channel\/UCio72z7TlbufkAthAJIJfPw"]}]}},"_links":{"self":[{"href":"https:\/\/antderground.com\/fr\/wp-json\/wp\/v2\/product\/41338","targetHints":{"allow":["GET"]}}],"collection":[{"href":"https:\/\/antderground.com\/fr\/wp-json\/wp\/v2\/product"}],"about":[{"href":"https:\/\/antderground.com\/fr\/wp-json\/wp\/v2\/types\/product"}],"version-history":[{"count":0,"href":"https:\/\/antderground.com\/fr\/wp-json\/wp\/v2\/product\/41338\/revisions"}],"wp:featuredmedia":[{"embeddable":true,"href":"https:\/\/antderground.com\/fr\/wp-json\/wp\/v2\/media\/41313"}],"wp:attachment":[{"href":"https:\/\/antderground.com\/fr\/wp-json\/wp\/v2\/media?parent=41338"}],"wp:term":[{"taxonomy":"product_brand","embeddable":true,"href":"https:\/\/antderground.com\/fr\/wp-json\/wp\/v2\/product_brand?post=41338"},{"taxonomy":"product_cat","embeddable":true,"href":"https:\/\/antderground.com\/fr\/wp-json\/wp\/v2\/product_cat?post=41338"},{"taxonomy":"product_tag","embeddable":true,"href":"https:\/\/antderground.com\/fr\/wp-json\/wp\/v2\/product_tag?post=41338"}],"curies":[{"name":"wp","href":"https:\/\/api.w.org\/{rel}","templated":true}]}}