{"id":41373,"date":"2025-03-28T14:50:30","date_gmt":"2025-03-28T13:50:30","guid":{"rendered":"https:\/\/www.antderground.com\/producto\/armadillo-officinalis-pink\/"},"modified":"2025-07-24T19:13:31","modified_gmt":"2025-07-24T17:13:31","slug":"armadillo-officinalis-pink","status":"publish","type":"product","link":"https:\/\/antderground.com\/fr\/produit\/armadillo-officinalis-pink\/","title":{"rendered":"Armadillo officinalis &#8220;Pink&#8221;"},"content":{"rendered":"<h4 class=\"\" data-start=\"152\" data-end=\"209\"><strong data-start=\"157\" data-end=\"207\">Fiche technique\u00a0 Armadillo officinalis &#8220;Pink&#8221;<\/strong><\/h4>\n<p class=\"\" data-start=\"210\" data-end=\"1756\"><strong data-start=\"210\" data-end=\"226\">Nom commun :<\/strong> Isopode Armadillo &#8220;Pink&#8221;<br data-start=\"251\" data-end=\"254\" \/><strong data-start=\"254\" data-end=\"276\">Nom scientifique :<\/strong> <em data-start=\"277\" data-end=\"300\">Armadillo officinalis<\/em> &#8220;Pink&#8221;<br data-start=\"307\" data-end=\"310\" \/><strong data-start=\"310\" data-end=\"323\">Famille :<\/strong> Armadillidiidae<br data-start=\"339\" data-end=\"342\" \/><strong data-start=\"342\" data-end=\"355\">Origine :<\/strong> Europe, principalement les r\u00e9gions m\u00e9diterran\u00e9ennes<br data-start=\"407\" data-end=\"410\" \/><strong data-start=\"410\" data-end=\"422\">Taille :<\/strong> 1 \u00e0 2 cm de long<br data-start=\"439\" data-end=\"442\" \/><strong data-start=\"442\" data-end=\"455\">Couleur :<\/strong> Rose p\u00e2le \u00e0 intense, avec une teinte douce qui lui donne son nom distinctif<br data-start=\"531\" data-end=\"534\" \/><strong data-start=\"534\" data-end=\"545\">Forme :<\/strong> Corps robuste et segment\u00e9, capable de se rouler en boule lorsqu\u2019il est menac\u00e9<br data-start=\"623\" data-end=\"626\" \/><strong data-start=\"626\" data-end=\"648\">Esp\u00e9rance de vie :<\/strong> Environ 2 ans en conditions optimales<br data-start=\"686\" data-end=\"689\" \/><strong data-start=\"689\" data-end=\"713\">Temp\u00e9rature id\u00e9ale :<\/strong> 18-24\u00b0C<br data-start=\"721\" data-end=\"724\" data-is-only-node=\"\" \/><strong data-start=\"724\" data-end=\"745\">Humidit\u00e9 id\u00e9ale :<\/strong> 70-85%<br data-start=\"752\" data-end=\"755\" \/><strong data-start=\"755\" data-end=\"773\">Alimentation :<\/strong> Omnivore ; se nourrit de mati\u00e8re organique en d\u00e9composition comme les feuilles mortes, le bois en d\u00e9composition et les restes v\u00e9g\u00e9taux. Il accepte \u00e9galement la nourriture sp\u00e9cifique pour isopodes.<br data-start=\"970\" data-end=\"973\" \/><strong data-start=\"973\" data-end=\"1004\">Utilisation en terrariums :<\/strong> Id\u00e9al pour les terrariums et paludariums, il contribue au recyclage des nutriments en d\u00e9composant la mati\u00e8re organique.<br data-start=\"1124\" data-end=\"1127\" \/><strong data-start=\"1127\" data-end=\"1145\">Comportement :<\/strong> Paisible et social, il pr\u00e9f\u00e8re les zones humides et sombres de son habitat.<br data-start=\"1221\" data-end=\"1224\" \/><strong data-start=\"1224\" data-end=\"1242\">Reproduction :<\/strong> Se reproduit par parth\u00e9nogen\u00e8se, ce qui signifie que les femelles peuvent se reproduire sans la pr\u00e9sence de m\u00e2les.<br data-start=\"1357\" data-end=\"1360\" \/><strong data-start=\"1360\" data-end=\"1384\">Soins particuliers :<\/strong> Maintenir un environnement humide avec suffisamment de mati\u00e8re organique en d\u00e9composition. \u00c9viter les temp\u00e9ratures \u00e9lev\u00e9es et fournir des cachettes sombres et fra\u00eeches.<br data-start=\"1553\" data-end=\"1556\" \/><strong data-start=\"1556\" data-end=\"1571\">Avantages :<\/strong> En plus de son r\u00f4le b\u00e9n\u00e9fique dans l\u2019\u00e9cosyst\u00e8me du terrarium, sa couleur rose unique en fait un atout esth\u00e9tique.<br data-start=\"1685\" data-end=\"1688\" \/><strong data-start=\"1688\" data-end=\"1710\">Non toxique pour :<\/strong> Reptiles, amphibiens et autres arthropodes.<\/p>\n","protected":false},"excerpt":{"rendered":"<p>D\u00e9couvrez l\u2019isopode<strong> <em data-start=\"1826\" data-end=\"1856\">Armadillo officinalis &#8220;Pink&#8221;<\/em><\/strong> ! \ud83c\udf38 Sa teinte rose unique en fait un v\u00e9ritable atout pour votre terrarium. Il aide \u00e0 la d\u00e9composition de la mati\u00e8re organique et participe \u00e0 l\u2019\u00e9quilibre de l\u2019\u00e9cosyst\u00e8me. Facile \u00e0 \u00e9lever, parfait pour terrariums et paludariums !<\/p>\n","protected":false},"featured_media":41275,"template":"","meta":[],"product_brand":[],"product_cat":[417,419],"product_tag":[],"class_list":{"0":"post-41373","1":"product","2":"type-product","3":"status-publish","4":"has-post-thumbnail","6":"product_cat-arthropodes","7":"product_cat-isopodes","9":"first","10":"outofstock","11":"shipping-taxable","12":"purchasable","13":"product-type-variable"},"yoast_head":"<!-- This site is optimized with the Yoast SEO plugin v27.4 - https:\/\/yoast.com\/product\/yoast-seo-wordpress\/ -->\n<title>Armadillo officinalis &quot;Pink&quot; | Isopodes - ANTDERGROUND<\/title>\n<meta name=\"description\" content=\"Isopode Armadillo officinalis &quot;Pink&quot; \ud83c\udf38 id\u00e9al pour terrariums. Il d\u00e9compose la mati\u00e8re organique et maintient l\u2019\u00e9cosyst\u00e8me en bonne sant\u00e9 !\" \/>\n<meta name=\"robots\" content=\"index, follow, max-snippet:-1, max-image-preview:large, max-video-preview:-1\" \/>\n<link rel=\"canonical\" href=\"https:\/\/antderground.com\/fr\/produit\/armadillo-officinalis-pink\/\" \/>\n<meta property=\"og:locale\" content=\"fr_FR\" \/>\n<meta property=\"og:type\" content=\"article\" \/>\n<meta property=\"og:title\" content=\"Armadillo officinalis &quot;Pink&quot; | Isopodes - ANTDERGROUND\" \/>\n<meta property=\"og:description\" content=\"Isopode Armadillo officinalis &quot;Pink&quot; \ud83c\udf38 id\u00e9al pour terrariums. Il d\u00e9compose la mati\u00e8re organique et maintient l\u2019\u00e9cosyst\u00e8me en bonne sant\u00e9 !\" \/>\n<meta property=\"og:url\" content=\"https:\/\/antderground.com\/fr\/produit\/armadillo-officinalis-pink\/\" \/>\n<meta property=\"og:site_name\" content=\"ANTDERGROUND\" \/>\n<meta property=\"article:modified_time\" content=\"2025-07-24T17:13:31+00:00\" \/>\n<meta property=\"og:image\" content=\"https:\/\/antderground.com\/wp-content\/uploads\/2025\/03\/armadillo-officinalis-22pink22.jpeg\" \/>\n\t<meta property=\"og:image:width\" content=\"1600\" \/>\n\t<meta property=\"og:image:height\" content=\"1600\" \/>\n\t<meta property=\"og:image:type\" content=\"image\/jpeg\" \/>\n<meta name=\"twitter:card\" content=\"summary_large_image\" \/>\n<meta name=\"twitter:label1\" content=\"Dur\u00e9e de lecture estim\u00e9e\" \/>\n\t<meta name=\"twitter:data1\" content=\"1 minute\" \/>\n<script type=\"application\/ld+json\" class=\"yoast-schema-graph\">{\"@context\":\"https:\\\/\\\/schema.org\",\"@graph\":[{\"@type\":\"WebPage\",\"@id\":\"https:\\\/\\\/antderground.com\\\/fr\\\/produit\\\/armadillo-officinalis-pink\\\/\",\"url\":\"https:\\\/\\\/antderground.com\\\/fr\\\/produit\\\/armadillo-officinalis-pink\\\/\",\"name\":\"Armadillo officinalis \\\"Pink\\\" | Isopodes - ANTDERGROUND\",\"isPartOf\":{\"@id\":\"https:\\\/\\\/antderground.com\\\/fr\\\/#website\"},\"primaryImageOfPage\":{\"@id\":\"https:\\\/\\\/antderground.com\\\/fr\\\/produit\\\/armadillo-officinalis-pink\\\/#primaryimage\"},\"image\":{\"@id\":\"https:\\\/\\\/antderground.com\\\/fr\\\/produit\\\/armadillo-officinalis-pink\\\/#primaryimage\"},\"thumbnailUrl\":\"https:\\\/\\\/antderground.com\\\/wp-content\\\/uploads\\\/2025\\\/03\\\/armadillo-officinalis-22pink22.jpeg\",\"datePublished\":\"2025-03-28T13:50:30+00:00\",\"dateModified\":\"2025-07-24T17:13:31+00:00\",\"description\":\"Isopode Armadillo officinalis \\\"Pink\\\" \ud83c\udf38 id\u00e9al pour terrariums. Il d\u00e9compose la mati\u00e8re organique et maintient l\u2019\u00e9cosyst\u00e8me en bonne sant\u00e9 !\",\"breadcrumb\":{\"@id\":\"https:\\\/\\\/antderground.com\\\/fr\\\/produit\\\/armadillo-officinalis-pink\\\/#breadcrumb\"},\"inLanguage\":\"fr-FR\",\"potentialAction\":[{\"@type\":\"ReadAction\",\"target\":[\"https:\\\/\\\/antderground.com\\\/fr\\\/produit\\\/armadillo-officinalis-pink\\\/\"]}]},{\"@type\":\"ImageObject\",\"inLanguage\":\"fr-FR\",\"@id\":\"https:\\\/\\\/antderground.com\\\/fr\\\/produit\\\/armadillo-officinalis-pink\\\/#primaryimage\",\"url\":\"https:\\\/\\\/antderground.com\\\/wp-content\\\/uploads\\\/2025\\\/03\\\/armadillo-officinalis-22pink22.jpeg\",\"contentUrl\":\"https:\\\/\\\/antderground.com\\\/wp-content\\\/uploads\\\/2025\\\/03\\\/armadillo-officinalis-22pink22.jpeg\",\"width\":1600,\"height\":1600,\"caption\":\"armadillo officinalis pink\"},{\"@type\":\"BreadcrumbList\",\"@id\":\"https:\\\/\\\/antderground.com\\\/fr\\\/produit\\\/armadillo-officinalis-pink\\\/#breadcrumb\",\"itemListElement\":[{\"@type\":\"ListItem\",\"position\":1,\"name\":\"Portada\",\"item\":\"https:\\\/\\\/antderground.com\\\/fr\\\/\"},{\"@type\":\"ListItem\",\"position\":2,\"name\":\"Boutique\",\"item\":\"https:\\\/\\\/antderground.com\\\/fr\\\/boutique\\\/\"},{\"@type\":\"ListItem\",\"position\":3,\"name\":\"Armadillo officinalis &#8220;Pink&#8221;\"}]},{\"@type\":\"WebSite\",\"@id\":\"https:\\\/\\\/antderground.com\\\/fr\\\/#website\",\"url\":\"https:\\\/\\\/antderground.com\\\/fr\\\/\",\"name\":\"ANTDERGROUND\",\"description\":\"Tu tienda de hormigas, gran variedad de hormigueros acr\u00edlicos,madera,arena,3D y mas.. Pide tus hormigas gratis con tu pedido, somos expertos en hormigueros antifugas.\",\"publisher\":{\"@id\":\"https:\\\/\\\/antderground.com\\\/fr\\\/#\\\/schema\\\/person\\\/0e322c505e84fe72c65e2f6d08f96b81\"},\"alternateName\":\"Antderground\",\"potentialAction\":[{\"@type\":\"SearchAction\",\"target\":{\"@type\":\"EntryPoint\",\"urlTemplate\":\"https:\\\/\\\/antderground.com\\\/fr\\\/?s={search_term_string}\"},\"query-input\":{\"@type\":\"PropertyValueSpecification\",\"valueRequired\":true,\"valueName\":\"search_term_string\"}}],\"inLanguage\":\"fr-FR\"},{\"@type\":[\"Person\",\"Organization\"],\"@id\":\"https:\\\/\\\/antderground.com\\\/fr\\\/#\\\/schema\\\/person\\\/0e322c505e84fe72c65e2f6d08f96b81\",\"name\":\"Eric de Antderground\",\"image\":{\"@type\":\"ImageObject\",\"inLanguage\":\"fr-FR\",\"@id\":\"https:\\\/\\\/secure.gravatar.com\\\/avatar\\\/c49a1b9f79216d1498cb73c1e85cd47f4465dda35f2a94c03790d491bd4423c3?s=96&d=mm&r=g\",\"url\":\"https:\\\/\\\/secure.gravatar.com\\\/avatar\\\/c49a1b9f79216d1498cb73c1e85cd47f4465dda35f2a94c03790d491bd4423c3?s=96&d=mm&r=g\",\"contentUrl\":\"https:\\\/\\\/secure.gravatar.com\\\/avatar\\\/c49a1b9f79216d1498cb73c1e85cd47f4465dda35f2a94c03790d491bd4423c3?s=96&d=mm&r=g\",\"caption\":\"Eric de Antderground\"},\"logo\":{\"@id\":\"https:\\\/\\\/secure.gravatar.com\\\/avatar\\\/c49a1b9f79216d1498cb73c1e85cd47f4465dda35f2a94c03790d491bd4423c3?s=96&d=mm&r=g\"},\"description\":\"Eric es el especialista y fundador de Antderground, con una amplia trayectoria en artr\u00f3podos y enfocado en la mirmecolog\u00eda y el dise\u00f1o de hormigueros artificiales. Su enfoque combina la innovaci\u00f3n t\u00e9cnica con el respeto por la biolog\u00eda de las hormigas, is\u00f3podos y otros, desarrollando sistemas de nidos modulares 3D y acr\u00edlicos que son referentes para aficionados y profesionales en toda Europa. Su objetivo es facilitar la cr\u00eda de hormigas y otros artr\u00f3podos mediante soluciones seguras y divulgaci\u00f3n de calidad.\",\"sameAs\":[\"https:\\\/\\\/antderground.com\\\/\",\"https:\\\/\\\/www.youtube.com\\\/channel\\\/UCio72z7TlbufkAthAJIJfPw\"]}]}<\/script>\n<!-- \/ Yoast SEO plugin. -->","yoast_head_json":{"title":"Armadillo officinalis \"Pink\" | Isopodes - ANTDERGROUND","description":"Isopode Armadillo officinalis \"Pink\" \ud83c\udf38 id\u00e9al pour terrariums. Il d\u00e9compose la mati\u00e8re organique et maintient l\u2019\u00e9cosyst\u00e8me en bonne sant\u00e9 !","robots":{"index":"index","follow":"follow","max-snippet":"max-snippet:-1","max-image-preview":"max-image-preview:large","max-video-preview":"max-video-preview:-1"},"canonical":"https:\/\/antderground.com\/fr\/produit\/armadillo-officinalis-pink\/","og_locale":"fr_FR","og_type":"article","og_title":"Armadillo officinalis \"Pink\" | Isopodes - ANTDERGROUND","og_description":"Isopode Armadillo officinalis \"Pink\" \ud83c\udf38 id\u00e9al pour terrariums. Il d\u00e9compose la mati\u00e8re organique et maintient l\u2019\u00e9cosyst\u00e8me en bonne sant\u00e9 !","og_url":"https:\/\/antderground.com\/fr\/produit\/armadillo-officinalis-pink\/","og_site_name":"ANTDERGROUND","article_modified_time":"2025-07-24T17:13:31+00:00","og_image":[{"width":1600,"height":1600,"url":"https:\/\/antderground.com\/wp-content\/uploads\/2025\/03\/armadillo-officinalis-22pink22.jpeg","type":"image\/jpeg"}],"twitter_card":"summary_large_image","twitter_misc":{"Dur\u00e9e de lecture estim\u00e9e":"1 minute"},"schema":{"@context":"https:\/\/schema.org","@graph":[{"@type":"WebPage","@id":"https:\/\/antderground.com\/fr\/produit\/armadillo-officinalis-pink\/","url":"https:\/\/antderground.com\/fr\/produit\/armadillo-officinalis-pink\/","name":"Armadillo officinalis \"Pink\" | Isopodes - ANTDERGROUND","isPartOf":{"@id":"https:\/\/antderground.com\/fr\/#website"},"primaryImageOfPage":{"@id":"https:\/\/antderground.com\/fr\/produit\/armadillo-officinalis-pink\/#primaryimage"},"image":{"@id":"https:\/\/antderground.com\/fr\/produit\/armadillo-officinalis-pink\/#primaryimage"},"thumbnailUrl":"https:\/\/antderground.com\/wp-content\/uploads\/2025\/03\/armadillo-officinalis-22pink22.jpeg","datePublished":"2025-03-28T13:50:30+00:00","dateModified":"2025-07-24T17:13:31+00:00","description":"Isopode Armadillo officinalis \"Pink\" \ud83c\udf38 id\u00e9al pour terrariums. Il d\u00e9compose la mati\u00e8re organique et maintient l\u2019\u00e9cosyst\u00e8me en bonne sant\u00e9 !","breadcrumb":{"@id":"https:\/\/antderground.com\/fr\/produit\/armadillo-officinalis-pink\/#breadcrumb"},"inLanguage":"fr-FR","potentialAction":[{"@type":"ReadAction","target":["https:\/\/antderground.com\/fr\/produit\/armadillo-officinalis-pink\/"]}]},{"@type":"ImageObject","inLanguage":"fr-FR","@id":"https:\/\/antderground.com\/fr\/produit\/armadillo-officinalis-pink\/#primaryimage","url":"https:\/\/antderground.com\/wp-content\/uploads\/2025\/03\/armadillo-officinalis-22pink22.jpeg","contentUrl":"https:\/\/antderground.com\/wp-content\/uploads\/2025\/03\/armadillo-officinalis-22pink22.jpeg","width":1600,"height":1600,"caption":"armadillo officinalis pink"},{"@type":"BreadcrumbList","@id":"https:\/\/antderground.com\/fr\/produit\/armadillo-officinalis-pink\/#breadcrumb","itemListElement":[{"@type":"ListItem","position":1,"name":"Portada","item":"https:\/\/antderground.com\/fr\/"},{"@type":"ListItem","position":2,"name":"Boutique","item":"https:\/\/antderground.com\/fr\/boutique\/"},{"@type":"ListItem","position":3,"name":"Armadillo officinalis &#8220;Pink&#8221;"}]},{"@type":"WebSite","@id":"https:\/\/antderground.com\/fr\/#website","url":"https:\/\/antderground.com\/fr\/","name":"ANTDERGROUND","description":"Tu tienda de hormigas, gran variedad de hormigueros acr\u00edlicos,madera,arena,3D y mas.. Pide tus hormigas gratis con tu pedido, somos expertos en hormigueros antifugas.","publisher":{"@id":"https:\/\/antderground.com\/fr\/#\/schema\/person\/0e322c505e84fe72c65e2f6d08f96b81"},"alternateName":"Antderground","potentialAction":[{"@type":"SearchAction","target":{"@type":"EntryPoint","urlTemplate":"https:\/\/antderground.com\/fr\/?s={search_term_string}"},"query-input":{"@type":"PropertyValueSpecification","valueRequired":true,"valueName":"search_term_string"}}],"inLanguage":"fr-FR"},{"@type":["Person","Organization"],"@id":"https:\/\/antderground.com\/fr\/#\/schema\/person\/0e322c505e84fe72c65e2f6d08f96b81","name":"Eric de Antderground","image":{"@type":"ImageObject","inLanguage":"fr-FR","@id":"https:\/\/secure.gravatar.com\/avatar\/c49a1b9f79216d1498cb73c1e85cd47f4465dda35f2a94c03790d491bd4423c3?s=96&d=mm&r=g","url":"https:\/\/secure.gravatar.com\/avatar\/c49a1b9f79216d1498cb73c1e85cd47f4465dda35f2a94c03790d491bd4423c3?s=96&d=mm&r=g","contentUrl":"https:\/\/secure.gravatar.com\/avatar\/c49a1b9f79216d1498cb73c1e85cd47f4465dda35f2a94c03790d491bd4423c3?s=96&d=mm&r=g","caption":"Eric de Antderground"},"logo":{"@id":"https:\/\/secure.gravatar.com\/avatar\/c49a1b9f79216d1498cb73c1e85cd47f4465dda35f2a94c03790d491bd4423c3?s=96&d=mm&r=g"},"description":"Eric es el especialista y fundador de Antderground, con una amplia trayectoria en artr\u00f3podos y enfocado en la mirmecolog\u00eda y el dise\u00f1o de hormigueros artificiales. Su enfoque combina la innovaci\u00f3n t\u00e9cnica con el respeto por la biolog\u00eda de las hormigas, is\u00f3podos y otros, desarrollando sistemas de nidos modulares 3D y acr\u00edlicos que son referentes para aficionados y profesionales en toda Europa. Su objetivo es facilitar la cr\u00eda de hormigas y otros artr\u00f3podos mediante soluciones seguras y divulgaci\u00f3n de calidad.","sameAs":["https:\/\/antderground.com\/","https:\/\/www.youtube.com\/channel\/UCio72z7TlbufkAthAJIJfPw"]}]}},"_links":{"self":[{"href":"https:\/\/antderground.com\/fr\/wp-json\/wp\/v2\/product\/41373","targetHints":{"allow":["GET"]}}],"collection":[{"href":"https:\/\/antderground.com\/fr\/wp-json\/wp\/v2\/product"}],"about":[{"href":"https:\/\/antderground.com\/fr\/wp-json\/wp\/v2\/types\/product"}],"version-history":[{"count":0,"href":"https:\/\/antderground.com\/fr\/wp-json\/wp\/v2\/product\/41373\/revisions"}],"wp:featuredmedia":[{"embeddable":true,"href":"https:\/\/antderground.com\/fr\/wp-json\/wp\/v2\/media\/41275"}],"wp:attachment":[{"href":"https:\/\/antderground.com\/fr\/wp-json\/wp\/v2\/media?parent=41373"}],"wp:term":[{"taxonomy":"product_brand","embeddable":true,"href":"https:\/\/antderground.com\/fr\/wp-json\/wp\/v2\/product_brand?post=41373"},{"taxonomy":"product_cat","embeddable":true,"href":"https:\/\/antderground.com\/fr\/wp-json\/wp\/v2\/product_cat?post=41373"},{"taxonomy":"product_tag","embeddable":true,"href":"https:\/\/antderground.com\/fr\/wp-json\/wp\/v2\/product_tag?post=41373"}],"curies":[{"name":"wp","href":"https:\/\/api.w.org\/{rel}","templated":true}]}}