{"id":41380,"date":"2025-03-28T13:01:42","date_gmt":"2025-03-28T12:01:42","guid":{"rendered":"https:\/\/www.antderground.com\/producto\/armadillo-officinalis-dalmatian\/"},"modified":"2025-07-24T19:13:31","modified_gmt":"2025-07-24T17:13:31","slug":"armadillo-officinalis-dalmatian","status":"publish","type":"product","link":"https:\/\/antderground.com\/fr\/produit\/armadillo-officinalis-dalmatian\/","title":{"rendered":"Armadillo officinalis Dalmatian"},"content":{"rendered":"<p class=\"\" data-start=\"46\" data-end=\"331\"><strong data-start=\"46\" data-end=\"60\">Nom commun<\/strong> : Cloporte Dalmatien<br data-start=\"81\" data-end=\"84\" \/><strong data-start=\"84\" data-end=\"104\">Nom scientifique<\/strong> : Armadillo officinalis Dalmatian<br data-start=\"138\" data-end=\"141\" \/><strong data-start=\"141\" data-end=\"152\">Famille<\/strong> : Armadillidiidae<br data-start=\"170\" data-end=\"173\" \/><strong data-start=\"173\" data-end=\"184\">Origine<\/strong> : Europe<br data-start=\"193\" data-end=\"196\" \/><strong data-start=\"196\" data-end=\"206\">Taille<\/strong> : 1,5 \u2013 2 cm de longueur<br data-start=\"231\" data-end=\"234\" \/><strong data-start=\"234\" data-end=\"245\">Couleur<\/strong> : Taches noires et blanches rappelant un dalmatien<br data-start=\"296\" data-end=\"299\" \/><strong data-start=\"299\" data-end=\"319\">Esp\u00e9rance de vie<\/strong> : 2-3 ans<\/p>\n<h3 class=\"\" data-start=\"333\" data-end=\"359\"><strong data-start=\"337\" data-end=\"357\">Caract\u00e9ristiques<\/strong><\/h3>\n<p class=\"\" data-start=\"360\" data-end=\"529\">L\u2019<strong data-start=\"362\" data-end=\"397\">Armadillo officinalis Dalmatian<\/strong> est un cloporte capable de se rouler en boule pour se prot\u00e9ger. Son motif tachet\u00e9 unique le rend tr\u00e8s appr\u00e9ci\u00e9 en terrariophilie.<\/p>\n<h3 class=\"\" data-start=\"531\" data-end=\"557\"><strong data-start=\"535\" data-end=\"555\">Habitat et soins<\/strong><\/h3>\n<ul data-start=\"558\" data-end=\"884\">\n<li class=\"\" data-start=\"558\" data-end=\"588\">\n<p class=\"\" data-start=\"560\" data-end=\"588\"><strong data-start=\"560\" data-end=\"575\">Temp\u00e9rature<\/strong> : 18-22 \u00b0C<\/p>\n<\/li>\n<li class=\"\" data-start=\"589\" data-end=\"669\">\n<p class=\"\" data-start=\"591\" data-end=\"669\"><strong data-start=\"591\" data-end=\"603\">Humidit\u00e9<\/strong> : 60-80 % avec un substrat l\u00e9g\u00e8rement humide mais non d\u00e9tremp\u00e9.<\/p>\n<\/li>\n<li class=\"\" data-start=\"670\" data-end=\"774\">\n<p class=\"\" data-start=\"672\" data-end=\"774\"><strong data-start=\"672\" data-end=\"684\">Substrat<\/strong> : M\u00e9lange de terre et de feuilles mortes avec des morceaux d\u2019\u00e9corce pour les cachettes.<\/p>\n<\/li>\n<li class=\"\" data-start=\"775\" data-end=\"884\">\n<p class=\"\" data-start=\"777\" data-end=\"884\"><strong data-start=\"777\" data-end=\"793\">Alimentation<\/strong> : Mati\u00e8re organique en d\u00e9composition, bois mort, l\u00e9gumes et fruits en petites quantit\u00e9s.<\/p>\n<\/li>\n<\/ul>\n<h3 class=\"\" data-start=\"886\" data-end=\"907\"><strong data-start=\"890\" data-end=\"905\">Utilisation<\/strong><\/h3>\n<p class=\"\" data-start=\"908\" data-end=\"1039\">Id\u00e9al pour les terrariums bioactifs, ce cloporte aide \u00e0 d\u00e9composer les d\u00e9chets organiques et \u00e0 maintenir un environnement propre.<\/p>\n<h3 class=\"\" data-start=\"1041\" data-end=\"1063\"><strong data-start=\"1045\" data-end=\"1061\">Reproduction<\/strong><\/h3>\n<p class=\"\" data-start=\"1064\" data-end=\"1180\">Les femelles incubent leurs \u0153ufs dans une poche ventrale. Les jeunes naissent d\u00e9j\u00e0 capables de se rouler en boule.<\/p>\n<h3 class=\"\" data-start=\"1182\" data-end=\"1201\"><strong data-start=\"1186\" data-end=\"1199\">Remarques<\/strong><\/h3>\n<ul data-start=\"1202\" data-end=\"1299\">\n<li class=\"\" data-start=\"1202\" data-end=\"1246\">\n<p class=\"\" data-start=\"1204\" data-end=\"1246\">Facile \u00e0 \u00e9lever, parfait pour d\u00e9butants.<\/p>\n<\/li>\n<li class=\"\" data-start=\"1247\" data-end=\"1299\">\n<p class=\"\" data-start=\"1249\" data-end=\"1299\">Non toxique et compatible avec d\u2019autres esp\u00e8ces.<\/p>\n<\/li>\n<\/ul>\n","protected":false},"excerpt":{"rendered":"<p>L\u2019<strong data-start=\"1343\" data-end=\"1378\">Armadillo officinalis Dalmatian<\/strong> est un cloporte aux taches noires et blanches. Parfait pour les terrariums bioactifs, il nettoie l\u2019environnement en d\u00e9composant les d\u00e9chets organiques. Facile \u00e0 \u00e9lever, il est fascinant \u00e0 observer dans son habitat.<\/p>\n","protected":false},"featured_media":41263,"template":"","meta":[],"product_brand":[],"product_cat":[417,419],"product_tag":[],"class_list":{"0":"post-41380","1":"product","2":"type-product","3":"status-publish","4":"has-post-thumbnail","6":"product_cat-arthropodes","7":"product_cat-isopodes","9":"first","10":"outofstock","11":"shipping-taxable","12":"purchasable","13":"product-type-variable"},"yoast_head":"<!-- This site is optimized with the Yoast SEO plugin v27.3 - https:\/\/yoast.com\/product\/yoast-seo-wordpress\/ -->\n<title>Armadillo officinalis Dalmatian | Tout pour les isopodes - ANTDERGROUND<\/title>\n<meta name=\"description\" content=\"Cloporte Armadillo officinalis Dalmatian au motif unique. Id\u00e9al pour terrarium bioactif \ud83c\udf3f. Facile \u00e0 \u00e9lever et tr\u00e8s utile pour l\u2019\u00e9cosyst\u00e8me \ud83e\udeb2.\" \/>\n<meta name=\"robots\" content=\"index, follow, max-snippet:-1, max-image-preview:large, max-video-preview:-1\" \/>\n<link rel=\"canonical\" href=\"https:\/\/antderground.com\/fr\/produit\/armadillo-officinalis-dalmatian\/\" \/>\n<meta property=\"og:locale\" content=\"fr_FR\" \/>\n<meta property=\"og:type\" content=\"article\" \/>\n<meta property=\"og:title\" content=\"Armadillo officinalis Dalmatian | Tout pour les isopodes - ANTDERGROUND\" \/>\n<meta property=\"og:description\" content=\"Cloporte Armadillo officinalis Dalmatian au motif unique. Id\u00e9al pour terrarium bioactif \ud83c\udf3f. Facile \u00e0 \u00e9lever et tr\u00e8s utile pour l\u2019\u00e9cosyst\u00e8me \ud83e\udeb2.\" \/>\n<meta property=\"og:url\" content=\"https:\/\/antderground.com\/fr\/produit\/armadillo-officinalis-dalmatian\/\" \/>\n<meta property=\"og:site_name\" content=\"ANTDERGROUND\" \/>\n<meta property=\"article:modified_time\" content=\"2025-07-24T17:13:31+00:00\" \/>\n<meta property=\"og:image\" content=\"https:\/\/antderground.com\/wp-content\/uploads\/2025\/03\/armadillo-officinalis-dalmatian.jpeg\" \/>\n\t<meta property=\"og:image:width\" content=\"1600\" \/>\n\t<meta property=\"og:image:height\" content=\"1600\" \/>\n\t<meta property=\"og:image:type\" content=\"image\/jpeg\" \/>\n<meta name=\"twitter:card\" content=\"summary_large_image\" \/>\n<meta name=\"twitter:label1\" content=\"Dur\u00e9e de lecture estim\u00e9e\" \/>\n\t<meta name=\"twitter:data1\" content=\"1 minute\" \/>\n<script type=\"application\/ld+json\" class=\"yoast-schema-graph\">{\"@context\":\"https:\\\/\\\/schema.org\",\"@graph\":[{\"@type\":\"WebPage\",\"@id\":\"https:\\\/\\\/antderground.com\\\/fr\\\/produit\\\/armadillo-officinalis-dalmatian\\\/\",\"url\":\"https:\\\/\\\/antderground.com\\\/fr\\\/produit\\\/armadillo-officinalis-dalmatian\\\/\",\"name\":\"Armadillo officinalis Dalmatian | Tout pour les isopodes - ANTDERGROUND\",\"isPartOf\":{\"@id\":\"https:\\\/\\\/antderground.com\\\/fr\\\/#website\"},\"primaryImageOfPage\":{\"@id\":\"https:\\\/\\\/antderground.com\\\/fr\\\/produit\\\/armadillo-officinalis-dalmatian\\\/#primaryimage\"},\"image\":{\"@id\":\"https:\\\/\\\/antderground.com\\\/fr\\\/produit\\\/armadillo-officinalis-dalmatian\\\/#primaryimage\"},\"thumbnailUrl\":\"https:\\\/\\\/antderground.com\\\/wp-content\\\/uploads\\\/2025\\\/03\\\/armadillo-officinalis-dalmatian.jpeg\",\"datePublished\":\"2025-03-28T12:01:42+00:00\",\"dateModified\":\"2025-07-24T17:13:31+00:00\",\"description\":\"Cloporte Armadillo officinalis Dalmatian au motif unique. Id\u00e9al pour terrarium bioactif \ud83c\udf3f. Facile \u00e0 \u00e9lever et tr\u00e8s utile pour l\u2019\u00e9cosyst\u00e8me \ud83e\udeb2.\",\"breadcrumb\":{\"@id\":\"https:\\\/\\\/antderground.com\\\/fr\\\/produit\\\/armadillo-officinalis-dalmatian\\\/#breadcrumb\"},\"inLanguage\":\"fr-FR\",\"potentialAction\":[{\"@type\":\"ReadAction\",\"target\":[\"https:\\\/\\\/antderground.com\\\/fr\\\/produit\\\/armadillo-officinalis-dalmatian\\\/\"]}]},{\"@type\":\"ImageObject\",\"inLanguage\":\"fr-FR\",\"@id\":\"https:\\\/\\\/antderground.com\\\/fr\\\/produit\\\/armadillo-officinalis-dalmatian\\\/#primaryimage\",\"url\":\"https:\\\/\\\/antderground.com\\\/wp-content\\\/uploads\\\/2025\\\/03\\\/armadillo-officinalis-dalmatian.jpeg\",\"contentUrl\":\"https:\\\/\\\/antderground.com\\\/wp-content\\\/uploads\\\/2025\\\/03\\\/armadillo-officinalis-dalmatian.jpeg\",\"width\":1600,\"height\":1600,\"caption\":\"armadillo officinalis dalmatian\"},{\"@type\":\"BreadcrumbList\",\"@id\":\"https:\\\/\\\/antderground.com\\\/fr\\\/produit\\\/armadillo-officinalis-dalmatian\\\/#breadcrumb\",\"itemListElement\":[{\"@type\":\"ListItem\",\"position\":1,\"name\":\"Portada\",\"item\":\"https:\\\/\\\/antderground.com\\\/fr\\\/\"},{\"@type\":\"ListItem\",\"position\":2,\"name\":\"Boutique\",\"item\":\"https:\\\/\\\/antderground.com\\\/fr\\\/boutique\\\/\"},{\"@type\":\"ListItem\",\"position\":3,\"name\":\"Armadillo officinalis Dalmatian\"}]},{\"@type\":\"WebSite\",\"@id\":\"https:\\\/\\\/antderground.com\\\/fr\\\/#website\",\"url\":\"https:\\\/\\\/antderground.com\\\/fr\\\/\",\"name\":\"ANTDERGROUND\",\"description\":\"Tu tienda de hormigas, gran variedad de hormigueros acr\u00edlicos,madera,arena,3D y mas.. Pide tus hormigas gratis con tu pedido, somos expertos en hormigueros antifugas.\",\"publisher\":{\"@id\":\"https:\\\/\\\/antderground.com\\\/fr\\\/#\\\/schema\\\/person\\\/0e322c505e84fe72c65e2f6d08f96b81\"},\"alternateName\":\"Antderground\",\"potentialAction\":[{\"@type\":\"SearchAction\",\"target\":{\"@type\":\"EntryPoint\",\"urlTemplate\":\"https:\\\/\\\/antderground.com\\\/fr\\\/?s={search_term_string}\"},\"query-input\":{\"@type\":\"PropertyValueSpecification\",\"valueRequired\":true,\"valueName\":\"search_term_string\"}}],\"inLanguage\":\"fr-FR\"},{\"@type\":[\"Person\",\"Organization\"],\"@id\":\"https:\\\/\\\/antderground.com\\\/fr\\\/#\\\/schema\\\/person\\\/0e322c505e84fe72c65e2f6d08f96b81\",\"name\":\"Eric de Antderground\",\"image\":{\"@type\":\"ImageObject\",\"inLanguage\":\"fr-FR\",\"@id\":\"https:\\\/\\\/secure.gravatar.com\\\/avatar\\\/c49a1b9f79216d1498cb73c1e85cd47f4465dda35f2a94c03790d491bd4423c3?s=96&d=mm&r=g\",\"url\":\"https:\\\/\\\/secure.gravatar.com\\\/avatar\\\/c49a1b9f79216d1498cb73c1e85cd47f4465dda35f2a94c03790d491bd4423c3?s=96&d=mm&r=g\",\"contentUrl\":\"https:\\\/\\\/secure.gravatar.com\\\/avatar\\\/c49a1b9f79216d1498cb73c1e85cd47f4465dda35f2a94c03790d491bd4423c3?s=96&d=mm&r=g\",\"caption\":\"Eric de Antderground\"},\"logo\":{\"@id\":\"https:\\\/\\\/secure.gravatar.com\\\/avatar\\\/c49a1b9f79216d1498cb73c1e85cd47f4465dda35f2a94c03790d491bd4423c3?s=96&d=mm&r=g\"},\"description\":\"Eric es el especialista y fundador de Antderground, con una amplia trayectoria en artr\u00f3podos y enfocado en la mirmecolog\u00eda y el dise\u00f1o de hormigueros artificiales. Su enfoque combina la innovaci\u00f3n t\u00e9cnica con el respeto por la biolog\u00eda de las hormigas, is\u00f3podos y otros, desarrollando sistemas de nidos modulares 3D y acr\u00edlicos que son referentes para aficionados y profesionales en toda Europa. Su objetivo es facilitar la cr\u00eda de hormigas y otros artr\u00f3podos mediante soluciones seguras y divulgaci\u00f3n de calidad.\",\"sameAs\":[\"https:\\\/\\\/antderground.com\\\/\",\"https:\\\/\\\/www.youtube.com\\\/channel\\\/UCio72z7TlbufkAthAJIJfPw\"]}]}<\/script>\n<!-- \/ Yoast SEO plugin. -->","yoast_head_json":{"title":"Armadillo officinalis Dalmatian | Tout pour les isopodes - ANTDERGROUND","description":"Cloporte Armadillo officinalis Dalmatian au motif unique. Id\u00e9al pour terrarium bioactif \ud83c\udf3f. Facile \u00e0 \u00e9lever et tr\u00e8s utile pour l\u2019\u00e9cosyst\u00e8me \ud83e\udeb2.","robots":{"index":"index","follow":"follow","max-snippet":"max-snippet:-1","max-image-preview":"max-image-preview:large","max-video-preview":"max-video-preview:-1"},"canonical":"https:\/\/antderground.com\/fr\/produit\/armadillo-officinalis-dalmatian\/","og_locale":"fr_FR","og_type":"article","og_title":"Armadillo officinalis Dalmatian | Tout pour les isopodes - ANTDERGROUND","og_description":"Cloporte Armadillo officinalis Dalmatian au motif unique. Id\u00e9al pour terrarium bioactif \ud83c\udf3f. Facile \u00e0 \u00e9lever et tr\u00e8s utile pour l\u2019\u00e9cosyst\u00e8me \ud83e\udeb2.","og_url":"https:\/\/antderground.com\/fr\/produit\/armadillo-officinalis-dalmatian\/","og_site_name":"ANTDERGROUND","article_modified_time":"2025-07-24T17:13:31+00:00","og_image":[{"width":1600,"height":1600,"url":"https:\/\/antderground.com\/wp-content\/uploads\/2025\/03\/armadillo-officinalis-dalmatian.jpeg","type":"image\/jpeg"}],"twitter_card":"summary_large_image","twitter_misc":{"Dur\u00e9e de lecture estim\u00e9e":"1 minute"},"schema":{"@context":"https:\/\/schema.org","@graph":[{"@type":"WebPage","@id":"https:\/\/antderground.com\/fr\/produit\/armadillo-officinalis-dalmatian\/","url":"https:\/\/antderground.com\/fr\/produit\/armadillo-officinalis-dalmatian\/","name":"Armadillo officinalis Dalmatian | Tout pour les isopodes - ANTDERGROUND","isPartOf":{"@id":"https:\/\/antderground.com\/fr\/#website"},"primaryImageOfPage":{"@id":"https:\/\/antderground.com\/fr\/produit\/armadillo-officinalis-dalmatian\/#primaryimage"},"image":{"@id":"https:\/\/antderground.com\/fr\/produit\/armadillo-officinalis-dalmatian\/#primaryimage"},"thumbnailUrl":"https:\/\/antderground.com\/wp-content\/uploads\/2025\/03\/armadillo-officinalis-dalmatian.jpeg","datePublished":"2025-03-28T12:01:42+00:00","dateModified":"2025-07-24T17:13:31+00:00","description":"Cloporte Armadillo officinalis Dalmatian au motif unique. Id\u00e9al pour terrarium bioactif \ud83c\udf3f. Facile \u00e0 \u00e9lever et tr\u00e8s utile pour l\u2019\u00e9cosyst\u00e8me \ud83e\udeb2.","breadcrumb":{"@id":"https:\/\/antderground.com\/fr\/produit\/armadillo-officinalis-dalmatian\/#breadcrumb"},"inLanguage":"fr-FR","potentialAction":[{"@type":"ReadAction","target":["https:\/\/antderground.com\/fr\/produit\/armadillo-officinalis-dalmatian\/"]}]},{"@type":"ImageObject","inLanguage":"fr-FR","@id":"https:\/\/antderground.com\/fr\/produit\/armadillo-officinalis-dalmatian\/#primaryimage","url":"https:\/\/antderground.com\/wp-content\/uploads\/2025\/03\/armadillo-officinalis-dalmatian.jpeg","contentUrl":"https:\/\/antderground.com\/wp-content\/uploads\/2025\/03\/armadillo-officinalis-dalmatian.jpeg","width":1600,"height":1600,"caption":"armadillo officinalis dalmatian"},{"@type":"BreadcrumbList","@id":"https:\/\/antderground.com\/fr\/produit\/armadillo-officinalis-dalmatian\/#breadcrumb","itemListElement":[{"@type":"ListItem","position":1,"name":"Portada","item":"https:\/\/antderground.com\/fr\/"},{"@type":"ListItem","position":2,"name":"Boutique","item":"https:\/\/antderground.com\/fr\/boutique\/"},{"@type":"ListItem","position":3,"name":"Armadillo officinalis Dalmatian"}]},{"@type":"WebSite","@id":"https:\/\/antderground.com\/fr\/#website","url":"https:\/\/antderground.com\/fr\/","name":"ANTDERGROUND","description":"Tu tienda de hormigas, gran variedad de hormigueros acr\u00edlicos,madera,arena,3D y mas.. Pide tus hormigas gratis con tu pedido, somos expertos en hormigueros antifugas.","publisher":{"@id":"https:\/\/antderground.com\/fr\/#\/schema\/person\/0e322c505e84fe72c65e2f6d08f96b81"},"alternateName":"Antderground","potentialAction":[{"@type":"SearchAction","target":{"@type":"EntryPoint","urlTemplate":"https:\/\/antderground.com\/fr\/?s={search_term_string}"},"query-input":{"@type":"PropertyValueSpecification","valueRequired":true,"valueName":"search_term_string"}}],"inLanguage":"fr-FR"},{"@type":["Person","Organization"],"@id":"https:\/\/antderground.com\/fr\/#\/schema\/person\/0e322c505e84fe72c65e2f6d08f96b81","name":"Eric de Antderground","image":{"@type":"ImageObject","inLanguage":"fr-FR","@id":"https:\/\/secure.gravatar.com\/avatar\/c49a1b9f79216d1498cb73c1e85cd47f4465dda35f2a94c03790d491bd4423c3?s=96&d=mm&r=g","url":"https:\/\/secure.gravatar.com\/avatar\/c49a1b9f79216d1498cb73c1e85cd47f4465dda35f2a94c03790d491bd4423c3?s=96&d=mm&r=g","contentUrl":"https:\/\/secure.gravatar.com\/avatar\/c49a1b9f79216d1498cb73c1e85cd47f4465dda35f2a94c03790d491bd4423c3?s=96&d=mm&r=g","caption":"Eric de Antderground"},"logo":{"@id":"https:\/\/secure.gravatar.com\/avatar\/c49a1b9f79216d1498cb73c1e85cd47f4465dda35f2a94c03790d491bd4423c3?s=96&d=mm&r=g"},"description":"Eric es el especialista y fundador de Antderground, con una amplia trayectoria en artr\u00f3podos y enfocado en la mirmecolog\u00eda y el dise\u00f1o de hormigueros artificiales. Su enfoque combina la innovaci\u00f3n t\u00e9cnica con el respeto por la biolog\u00eda de las hormigas, is\u00f3podos y otros, desarrollando sistemas de nidos modulares 3D y acr\u00edlicos que son referentes para aficionados y profesionales en toda Europa. Su objetivo es facilitar la cr\u00eda de hormigas y otros artr\u00f3podos mediante soluciones seguras y divulgaci\u00f3n de calidad.","sameAs":["https:\/\/antderground.com\/","https:\/\/www.youtube.com\/channel\/UCio72z7TlbufkAthAJIJfPw"]}]}},"_links":{"self":[{"href":"https:\/\/antderground.com\/fr\/wp-json\/wp\/v2\/product\/41380","targetHints":{"allow":["GET"]}}],"collection":[{"href":"https:\/\/antderground.com\/fr\/wp-json\/wp\/v2\/product"}],"about":[{"href":"https:\/\/antderground.com\/fr\/wp-json\/wp\/v2\/types\/product"}],"version-history":[{"count":0,"href":"https:\/\/antderground.com\/fr\/wp-json\/wp\/v2\/product\/41380\/revisions"}],"wp:featuredmedia":[{"embeddable":true,"href":"https:\/\/antderground.com\/fr\/wp-json\/wp\/v2\/media\/41263"}],"wp:attachment":[{"href":"https:\/\/antderground.com\/fr\/wp-json\/wp\/v2\/media?parent=41380"}],"wp:term":[{"taxonomy":"product_brand","embeddable":true,"href":"https:\/\/antderground.com\/fr\/wp-json\/wp\/v2\/product_brand?post=41380"},{"taxonomy":"product_cat","embeddable":true,"href":"https:\/\/antderground.com\/fr\/wp-json\/wp\/v2\/product_cat?post=41380"},{"taxonomy":"product_tag","embeddable":true,"href":"https:\/\/antderground.com\/fr\/wp-json\/wp\/v2\/product_tag?post=41380"}],"curies":[{"name":"wp","href":"https:\/\/api.w.org\/{rel}","templated":true}]}}