{"id":41669,"date":"2025-04-07T16:40:55","date_gmt":"2025-04-07T14:40:55","guid":{"rendered":"https:\/\/www.antderground.com\/producto\/matucana-madisoniorum\/"},"modified":"2025-04-07T16:40:55","modified_gmt":"2025-04-07T14:40:55","slug":"matucana-madisoniorum","status":"publish","type":"product","link":"https:\/\/antderground.com\/fr\/produit\/matucana-madisoniorum\/","title":{"rendered":"Matucana madisoniorum"},"content":{"rendered":"<h3 class=\"\" data-start=\"208\" data-end=\"256\">\ud83c\udf35 Fiche technique \u2013 <em data-start=\"233\" data-end=\"256\">Matucana madisoniorum<\/em><\/h3>\n<p class=\"\" data-start=\"258\" data-end=\"396\"><strong data-start=\"258\" data-end=\"274\">Nom commun :<\/strong> Matucana<br data-start=\"283\" data-end=\"286\" \/><strong data-start=\"286\" data-end=\"308\">Nom scientifique :<\/strong> <em data-start=\"309\" data-end=\"332\">Matucana madisoniorum<\/em><br data-start=\"332\" data-end=\"335\" \/><strong data-start=\"335\" data-end=\"348\">Famille :<\/strong> Cactaceae<br data-start=\"358\" data-end=\"361\" \/><strong data-start=\"361\" data-end=\"374\">Origine :<\/strong> P\u00e9rou (r\u00e9gion andine)<\/p>\n<h3 class=\"\" data-start=\"403\" data-end=\"423\">\ud83e\udeb4 Description<\/h3>\n<p class=\"\" data-start=\"424\" data-end=\"707\">Cactus globuleux ou l\u00e9g\u00e8rement cylindrique, avec des c\u00f4tes marqu\u00e9es et des \u00e9pines courtes (ou parfois sans \u00e9pines). Sa couleur varie du vert clair au gris\u00e2tre, avec une surface lisse et brillante. Il se distingue par ses grandes fleurs tubulaires rouge orang\u00e9 pouvant atteindre 8\u202fcm.<\/p>\n<h3 class=\"\" data-start=\"714\" data-end=\"730\">\ud83c\udf1e Entretien<\/h3>\n<ul data-start=\"732\" data-end=\"1140\">\n<li class=\"\" data-start=\"732\" data-end=\"806\">\n<p class=\"\" data-start=\"734\" data-end=\"806\"><strong data-start=\"734\" data-end=\"747\">Lumi\u00e8re :<\/strong> Besoin de beaucoup de lumi\u00e8re, soleil direct recommand\u00e9.<\/p>\n<\/li>\n<li class=\"\" data-start=\"807\" data-end=\"911\">\n<p class=\"\" data-start=\"809\" data-end=\"911\"><strong data-start=\"809\" data-end=\"823\">Arrosage :<\/strong> Mod\u00e9r\u00e9. Laisser s\u00e9cher compl\u00e8tement entre deux arrosages. R\u00e9duire fortement en hiver.<\/p>\n<\/li>\n<li class=\"\" data-start=\"912\" data-end=\"978\">\n<p class=\"\" data-start=\"914\" data-end=\"978\"><strong data-start=\"914\" data-end=\"931\">Temp\u00e9rature :<\/strong> Aime la chaleur, tol\u00e8re jusqu\u2019\u00e0 5\u202f\u00b0C au sec.<\/p>\n<\/li>\n<li class=\"\" data-start=\"979\" data-end=\"1061\">\n<p class=\"\" data-start=\"981\" data-end=\"1061\"><strong data-start=\"981\" data-end=\"995\">Substrat :<\/strong> Drainant, riche en \u00e9l\u00e9ments min\u00e9raux (sable, perlite, gravier).<\/p>\n<\/li>\n<li class=\"\" data-start=\"1062\" data-end=\"1140\">\n<p class=\"\" data-start=\"1064\" data-end=\"1140\"><strong data-start=\"1064\" data-end=\"1077\">Engrais :<\/strong> Une fois par mois au printemps et en \u00e9t\u00e9, engrais pour cactus.<\/p>\n<\/li>\n<\/ul>\n<h3 class=\"\" data-start=\"1147\" data-end=\"1181\">\ud83d\udccf Dimensions approximatives<\/h3>\n<ul data-start=\"1182\" data-end=\"1241\">\n<li class=\"\" data-start=\"1182\" data-end=\"1214\">\n<p class=\"\" data-start=\"1184\" data-end=\"1214\"><strong data-start=\"1184\" data-end=\"1204\">Hauteur adulte :<\/strong> 5\u201315 cm<\/p>\n<\/li>\n<li class=\"\" data-start=\"1215\" data-end=\"1241\">\n<p class=\"\" data-start=\"1217\" data-end=\"1241\"><strong data-start=\"1217\" data-end=\"1231\">Diam\u00e8tre :<\/strong> 5\u201310 cm<\/p>\n<\/li>\n<\/ul>\n<h3 class=\"\" data-start=\"1248\" data-end=\"1266\">\ud83c\udf38 Floraison<\/h3>\n<ul data-start=\"1267\" data-end=\"1418\">\n<li class=\"\" data-start=\"1267\" data-end=\"1301\">\n<p class=\"\" data-start=\"1269\" data-end=\"1301\"><strong data-start=\"1269\" data-end=\"1282\">P\u00e9riode :<\/strong> Printemps et \u00e9t\u00e9<\/p>\n<\/li>\n<li class=\"\" data-start=\"1302\" data-end=\"1344\">\n<p class=\"\" data-start=\"1304\" data-end=\"1344\"><strong data-start=\"1304\" data-end=\"1328\">Couleur des fleurs :<\/strong> Rouge, orange<\/p>\n<\/li>\n<li class=\"\" data-start=\"1345\" data-end=\"1418\">\n<p class=\"\" data-start=\"1347\" data-end=\"1418\"><strong data-start=\"1347\" data-end=\"1366\">Pollinisation :<\/strong> Attire les pollinisateurs dans son habitat naturel.<\/p>\n<\/li>\n<\/ul>\n<h3 class=\"\" data-start=\"1425\" data-end=\"1443\">\u26a0\ufe0f Remarques<\/h3>\n<ul data-start=\"1444\" data-end=\"1586\">\n<li class=\"\" data-start=\"1444\" data-end=\"1529\">\n<p class=\"\" data-start=\"1446\" data-end=\"1529\">Esp\u00e8ce facile \u00e0 cultiver, tr\u00e8s appr\u00e9ci\u00e9e des amateurs pour ses fleurs \u00e9clatantes.<\/p>\n<\/li>\n<li class=\"\" data-start=\"1530\" data-end=\"1586\">\n<p class=\"\" data-start=\"1532\" data-end=\"1586\">Attention \u00e0 l\u2019exc\u00e8s d\u2019humidit\u00e9 : risque de pourriture.<\/p>\n<\/li>\n<\/ul>\n","protected":false},"excerpt":{"rendered":"<p>Petit cactus p\u00e9ruvien au look unique et aux fleurs rouges flamboyantes \ud83c\udf3a. Facile \u00e0 vivre, il adore le soleil et d\u00e9teste l\u2019humidit\u00e9. Parfait pour ajouter une touche exotique \u00e0 ta collection de plantes !<\/p>\n<p data-start=\"0\" data-end=\"24\"><strong data-start=\"0\" data-end=\"22\">Caract\u00e9ristiques :<\/strong><\/p>\n<ul data-start=\"26\" data-end=\"63\" data-is-last-node=\"\" data-is-only-node=\"\">\n<li data-start=\"26\" data-end=\"46\"><strong data-start=\"28\" data-end=\"37\">Pot :<\/strong> 5,5 (cm).<\/li>\n<li data-start=\"47\" data-end=\"63\" data-is-last-node=\"\"><strong data-start=\"49\" data-end=\"63\" data-is-last-node=\"\">Int\u00e9rieur\/ext\u00e9rieur .<\/strong><\/li>\n<\/ul>\n","protected":false},"featured_media":41656,"template":"","meta":[],"product_brand":[],"product_cat":[637],"product_tag":[],"class_list":{"0":"post-41669","1":"product","2":"type-product","3":"status-publish","4":"has-post-thumbnail","6":"product_cat-plantes-naturelles","8":"first","9":"instock","10":"shipping-taxable","11":"purchasable","12":"product-type-simple"},"yoast_head":"<!-- This site is optimized with the Yoast SEO plugin v27.3 - https:\/\/yoast.com\/product\/yoast-seo-wordpress\/ -->\n<title>Matucana madisoniorum | Plantes pour la maison - ANTDERGROUND<\/title>\n<meta name=\"description\" content=\"Matucana madisoniorum, cactus andin aux fleurs rouges \ud83c\udf3a. Facile \u00e0 entretenir, parfait pour une touche exotique et originale !\" \/>\n<meta name=\"robots\" content=\"index, follow, max-snippet:-1, max-image-preview:large, max-video-preview:-1\" \/>\n<link rel=\"canonical\" href=\"https:\/\/antderground.com\/fr\/produit\/matucana-madisoniorum\/\" \/>\n<meta property=\"og:locale\" content=\"fr_FR\" \/>\n<meta property=\"og:type\" content=\"article\" \/>\n<meta property=\"og:title\" content=\"Matucana madisoniorum | Plantes pour la maison - ANTDERGROUND\" \/>\n<meta property=\"og:description\" content=\"Matucana madisoniorum, cactus andin aux fleurs rouges \ud83c\udf3a. Facile \u00e0 entretenir, parfait pour une touche exotique et originale !\" \/>\n<meta property=\"og:url\" content=\"https:\/\/antderground.com\/fr\/produit\/matucana-madisoniorum\/\" \/>\n<meta property=\"og:site_name\" content=\"ANTDERGROUND\" \/>\n<meta property=\"og:image\" content=\"https:\/\/antderground.com\/wp-content\/uploads\/2025\/04\/matucana-madisoniorum.jpeg\" \/>\n\t<meta property=\"og:image:width\" content=\"1600\" \/>\n\t<meta property=\"og:image:height\" content=\"1600\" \/>\n\t<meta property=\"og:image:type\" content=\"image\/jpeg\" \/>\n<meta name=\"twitter:card\" content=\"summary_large_image\" \/>\n<meta name=\"twitter:label1\" content=\"Dur\u00e9e de lecture estim\u00e9e\" \/>\n\t<meta name=\"twitter:data1\" content=\"1 minute\" \/>\n<script type=\"application\/ld+json\" class=\"yoast-schema-graph\">{\"@context\":\"https:\\\/\\\/schema.org\",\"@graph\":[{\"@type\":\"WebPage\",\"@id\":\"https:\\\/\\\/antderground.com\\\/fr\\\/produit\\\/matucana-madisoniorum\\\/\",\"url\":\"https:\\\/\\\/antderground.com\\\/fr\\\/produit\\\/matucana-madisoniorum\\\/\",\"name\":\"Matucana madisoniorum | Plantes pour la maison - ANTDERGROUND\",\"isPartOf\":{\"@id\":\"https:\\\/\\\/antderground.com\\\/fr\\\/#website\"},\"primaryImageOfPage\":{\"@id\":\"https:\\\/\\\/antderground.com\\\/fr\\\/produit\\\/matucana-madisoniorum\\\/#primaryimage\"},\"image\":{\"@id\":\"https:\\\/\\\/antderground.com\\\/fr\\\/produit\\\/matucana-madisoniorum\\\/#primaryimage\"},\"thumbnailUrl\":\"https:\\\/\\\/antderground.com\\\/wp-content\\\/uploads\\\/2025\\\/04\\\/matucana-madisoniorum.jpeg\",\"datePublished\":\"2025-04-07T14:40:55+00:00\",\"description\":\"Matucana madisoniorum, cactus andin aux fleurs rouges \ud83c\udf3a. Facile \u00e0 entretenir, parfait pour une touche exotique et originale !\",\"breadcrumb\":{\"@id\":\"https:\\\/\\\/antderground.com\\\/fr\\\/produit\\\/matucana-madisoniorum\\\/#breadcrumb\"},\"inLanguage\":\"fr-FR\",\"potentialAction\":[{\"@type\":\"ReadAction\",\"target\":[\"https:\\\/\\\/antderground.com\\\/fr\\\/produit\\\/matucana-madisoniorum\\\/\"]}]},{\"@type\":\"ImageObject\",\"inLanguage\":\"fr-FR\",\"@id\":\"https:\\\/\\\/antderground.com\\\/fr\\\/produit\\\/matucana-madisoniorum\\\/#primaryimage\",\"url\":\"https:\\\/\\\/antderground.com\\\/wp-content\\\/uploads\\\/2025\\\/04\\\/matucana-madisoniorum.jpeg\",\"contentUrl\":\"https:\\\/\\\/antderground.com\\\/wp-content\\\/uploads\\\/2025\\\/04\\\/matucana-madisoniorum.jpeg\",\"width\":1600,\"height\":1600,\"caption\":\"matucana madisoniorum\"},{\"@type\":\"BreadcrumbList\",\"@id\":\"https:\\\/\\\/antderground.com\\\/fr\\\/produit\\\/matucana-madisoniorum\\\/#breadcrumb\",\"itemListElement\":[{\"@type\":\"ListItem\",\"position\":1,\"name\":\"Portada\",\"item\":\"https:\\\/\\\/antderground.com\\\/fr\\\/\"},{\"@type\":\"ListItem\",\"position\":2,\"name\":\"Boutique\",\"item\":\"https:\\\/\\\/antderground.com\\\/fr\\\/boutique\\\/\"},{\"@type\":\"ListItem\",\"position\":3,\"name\":\"Matucana madisoniorum\"}]},{\"@type\":\"WebSite\",\"@id\":\"https:\\\/\\\/antderground.com\\\/fr\\\/#website\",\"url\":\"https:\\\/\\\/antderground.com\\\/fr\\\/\",\"name\":\"ANTDERGROUND\",\"description\":\"Tu tienda de hormigas, gran variedad de hormigueros acr\u00edlicos,madera,arena,3D y mas.. Pide tus hormigas gratis con tu pedido, somos expertos en hormigueros antifugas.\",\"publisher\":{\"@id\":\"https:\\\/\\\/antderground.com\\\/fr\\\/#\\\/schema\\\/person\\\/0e322c505e84fe72c65e2f6d08f96b81\"},\"alternateName\":\"Antderground\",\"potentialAction\":[{\"@type\":\"SearchAction\",\"target\":{\"@type\":\"EntryPoint\",\"urlTemplate\":\"https:\\\/\\\/antderground.com\\\/fr\\\/?s={search_term_string}\"},\"query-input\":{\"@type\":\"PropertyValueSpecification\",\"valueRequired\":true,\"valueName\":\"search_term_string\"}}],\"inLanguage\":\"fr-FR\"},{\"@type\":[\"Person\",\"Organization\"],\"@id\":\"https:\\\/\\\/antderground.com\\\/fr\\\/#\\\/schema\\\/person\\\/0e322c505e84fe72c65e2f6d08f96b81\",\"name\":\"Eric de Antderground\",\"image\":{\"@type\":\"ImageObject\",\"inLanguage\":\"fr-FR\",\"@id\":\"https:\\\/\\\/secure.gravatar.com\\\/avatar\\\/c49a1b9f79216d1498cb73c1e85cd47f4465dda35f2a94c03790d491bd4423c3?s=96&d=mm&r=g\",\"url\":\"https:\\\/\\\/secure.gravatar.com\\\/avatar\\\/c49a1b9f79216d1498cb73c1e85cd47f4465dda35f2a94c03790d491bd4423c3?s=96&d=mm&r=g\",\"contentUrl\":\"https:\\\/\\\/secure.gravatar.com\\\/avatar\\\/c49a1b9f79216d1498cb73c1e85cd47f4465dda35f2a94c03790d491bd4423c3?s=96&d=mm&r=g\",\"caption\":\"Eric de Antderground\"},\"logo\":{\"@id\":\"https:\\\/\\\/secure.gravatar.com\\\/avatar\\\/c49a1b9f79216d1498cb73c1e85cd47f4465dda35f2a94c03790d491bd4423c3?s=96&d=mm&r=g\"},\"description\":\"Eric es el especialista y fundador de Antderground, con una amplia trayectoria en artr\u00f3podos y enfocado en la mirmecolog\u00eda y el dise\u00f1o de hormigueros artificiales. Su enfoque combina la innovaci\u00f3n t\u00e9cnica con el respeto por la biolog\u00eda de las hormigas, is\u00f3podos y otros, desarrollando sistemas de nidos modulares 3D y acr\u00edlicos que son referentes para aficionados y profesionales en toda Europa. Su objetivo es facilitar la cr\u00eda de hormigas y otros artr\u00f3podos mediante soluciones seguras y divulgaci\u00f3n de calidad.\",\"sameAs\":[\"https:\\\/\\\/antderground.com\\\/\",\"https:\\\/\\\/www.youtube.com\\\/channel\\\/UCio72z7TlbufkAthAJIJfPw\"]}]}<\/script>\n<!-- \/ Yoast SEO plugin. -->","yoast_head_json":{"title":"Matucana madisoniorum | Plantes pour la maison - ANTDERGROUND","description":"Matucana madisoniorum, cactus andin aux fleurs rouges \ud83c\udf3a. Facile \u00e0 entretenir, parfait pour une touche exotique et originale !","robots":{"index":"index","follow":"follow","max-snippet":"max-snippet:-1","max-image-preview":"max-image-preview:large","max-video-preview":"max-video-preview:-1"},"canonical":"https:\/\/antderground.com\/fr\/produit\/matucana-madisoniorum\/","og_locale":"fr_FR","og_type":"article","og_title":"Matucana madisoniorum | Plantes pour la maison - ANTDERGROUND","og_description":"Matucana madisoniorum, cactus andin aux fleurs rouges \ud83c\udf3a. Facile \u00e0 entretenir, parfait pour une touche exotique et originale !","og_url":"https:\/\/antderground.com\/fr\/produit\/matucana-madisoniorum\/","og_site_name":"ANTDERGROUND","og_image":[{"width":1600,"height":1600,"url":"https:\/\/antderground.com\/wp-content\/uploads\/2025\/04\/matucana-madisoniorum.jpeg","type":"image\/jpeg"}],"twitter_card":"summary_large_image","twitter_misc":{"Dur\u00e9e de lecture estim\u00e9e":"1 minute"},"schema":{"@context":"https:\/\/schema.org","@graph":[{"@type":"WebPage","@id":"https:\/\/antderground.com\/fr\/produit\/matucana-madisoniorum\/","url":"https:\/\/antderground.com\/fr\/produit\/matucana-madisoniorum\/","name":"Matucana madisoniorum | Plantes pour la maison - ANTDERGROUND","isPartOf":{"@id":"https:\/\/antderground.com\/fr\/#website"},"primaryImageOfPage":{"@id":"https:\/\/antderground.com\/fr\/produit\/matucana-madisoniorum\/#primaryimage"},"image":{"@id":"https:\/\/antderground.com\/fr\/produit\/matucana-madisoniorum\/#primaryimage"},"thumbnailUrl":"https:\/\/antderground.com\/wp-content\/uploads\/2025\/04\/matucana-madisoniorum.jpeg","datePublished":"2025-04-07T14:40:55+00:00","description":"Matucana madisoniorum, cactus andin aux fleurs rouges \ud83c\udf3a. Facile \u00e0 entretenir, parfait pour une touche exotique et originale !","breadcrumb":{"@id":"https:\/\/antderground.com\/fr\/produit\/matucana-madisoniorum\/#breadcrumb"},"inLanguage":"fr-FR","potentialAction":[{"@type":"ReadAction","target":["https:\/\/antderground.com\/fr\/produit\/matucana-madisoniorum\/"]}]},{"@type":"ImageObject","inLanguage":"fr-FR","@id":"https:\/\/antderground.com\/fr\/produit\/matucana-madisoniorum\/#primaryimage","url":"https:\/\/antderground.com\/wp-content\/uploads\/2025\/04\/matucana-madisoniorum.jpeg","contentUrl":"https:\/\/antderground.com\/wp-content\/uploads\/2025\/04\/matucana-madisoniorum.jpeg","width":1600,"height":1600,"caption":"matucana madisoniorum"},{"@type":"BreadcrumbList","@id":"https:\/\/antderground.com\/fr\/produit\/matucana-madisoniorum\/#breadcrumb","itemListElement":[{"@type":"ListItem","position":1,"name":"Portada","item":"https:\/\/antderground.com\/fr\/"},{"@type":"ListItem","position":2,"name":"Boutique","item":"https:\/\/antderground.com\/fr\/boutique\/"},{"@type":"ListItem","position":3,"name":"Matucana madisoniorum"}]},{"@type":"WebSite","@id":"https:\/\/antderground.com\/fr\/#website","url":"https:\/\/antderground.com\/fr\/","name":"ANTDERGROUND","description":"Tu tienda de hormigas, gran variedad de hormigueros acr\u00edlicos,madera,arena,3D y mas.. Pide tus hormigas gratis con tu pedido, somos expertos en hormigueros antifugas.","publisher":{"@id":"https:\/\/antderground.com\/fr\/#\/schema\/person\/0e322c505e84fe72c65e2f6d08f96b81"},"alternateName":"Antderground","potentialAction":[{"@type":"SearchAction","target":{"@type":"EntryPoint","urlTemplate":"https:\/\/antderground.com\/fr\/?s={search_term_string}"},"query-input":{"@type":"PropertyValueSpecification","valueRequired":true,"valueName":"search_term_string"}}],"inLanguage":"fr-FR"},{"@type":["Person","Organization"],"@id":"https:\/\/antderground.com\/fr\/#\/schema\/person\/0e322c505e84fe72c65e2f6d08f96b81","name":"Eric de Antderground","image":{"@type":"ImageObject","inLanguage":"fr-FR","@id":"https:\/\/secure.gravatar.com\/avatar\/c49a1b9f79216d1498cb73c1e85cd47f4465dda35f2a94c03790d491bd4423c3?s=96&d=mm&r=g","url":"https:\/\/secure.gravatar.com\/avatar\/c49a1b9f79216d1498cb73c1e85cd47f4465dda35f2a94c03790d491bd4423c3?s=96&d=mm&r=g","contentUrl":"https:\/\/secure.gravatar.com\/avatar\/c49a1b9f79216d1498cb73c1e85cd47f4465dda35f2a94c03790d491bd4423c3?s=96&d=mm&r=g","caption":"Eric de Antderground"},"logo":{"@id":"https:\/\/secure.gravatar.com\/avatar\/c49a1b9f79216d1498cb73c1e85cd47f4465dda35f2a94c03790d491bd4423c3?s=96&d=mm&r=g"},"description":"Eric es el especialista y fundador de Antderground, con una amplia trayectoria en artr\u00f3podos y enfocado en la mirmecolog\u00eda y el dise\u00f1o de hormigueros artificiales. Su enfoque combina la innovaci\u00f3n t\u00e9cnica con el respeto por la biolog\u00eda de las hormigas, is\u00f3podos y otros, desarrollando sistemas de nidos modulares 3D y acr\u00edlicos que son referentes para aficionados y profesionales en toda Europa. Su objetivo es facilitar la cr\u00eda de hormigas y otros artr\u00f3podos mediante soluciones seguras y divulgaci\u00f3n de calidad.","sameAs":["https:\/\/antderground.com\/","https:\/\/www.youtube.com\/channel\/UCio72z7TlbufkAthAJIJfPw"]}]}},"_links":{"self":[{"href":"https:\/\/antderground.com\/fr\/wp-json\/wp\/v2\/product\/41669","targetHints":{"allow":["GET"]}}],"collection":[{"href":"https:\/\/antderground.com\/fr\/wp-json\/wp\/v2\/product"}],"about":[{"href":"https:\/\/antderground.com\/fr\/wp-json\/wp\/v2\/types\/product"}],"version-history":[{"count":0,"href":"https:\/\/antderground.com\/fr\/wp-json\/wp\/v2\/product\/41669\/revisions"}],"wp:featuredmedia":[{"embeddable":true,"href":"https:\/\/antderground.com\/fr\/wp-json\/wp\/v2\/media\/41656"}],"wp:attachment":[{"href":"https:\/\/antderground.com\/fr\/wp-json\/wp\/v2\/media?parent=41669"}],"wp:term":[{"taxonomy":"product_brand","embeddable":true,"href":"https:\/\/antderground.com\/fr\/wp-json\/wp\/v2\/product_brand?post=41669"},{"taxonomy":"product_cat","embeddable":true,"href":"https:\/\/antderground.com\/fr\/wp-json\/wp\/v2\/product_cat?post=41669"},{"taxonomy":"product_tag","embeddable":true,"href":"https:\/\/antderground.com\/fr\/wp-json\/wp\/v2\/product_tag?post=41669"}],"curies":[{"name":"wp","href":"https:\/\/api.w.org\/{rel}","templated":true}]}}