{"id":41678,"date":"2025-04-07T13:25:55","date_gmt":"2025-04-07T11:25:55","guid":{"rendered":"https:\/\/www.antderground.com\/producto\/echeveria-setosa\/"},"modified":"2025-04-07T13:25:55","modified_gmt":"2025-04-07T11:25:55","slug":"echeveria-setosa","status":"publish","type":"product","link":"https:\/\/antderground.com\/fr\/produit\/echeveria-setosa\/","title":{"rendered":"Echeveria setosa"},"content":{"rendered":"<h3 class=\"\" data-start=\"224\" data-end=\"266\"><strong data-start=\"228\" data-end=\"266\">Fiche technique \u2013 Echeveria setosa<\/strong><\/h3>\n<p class=\"\" data-start=\"268\" data-end=\"374\"><strong data-start=\"268\" data-end=\"282\">Nom commun<\/strong> : Echeveria setosa<br data-start=\"301\" data-end=\"304\" \/><strong data-start=\"304\" data-end=\"324\">Nom scientifique<\/strong> : <em data-start=\"327\" data-end=\"345\">Echeveria setosa<\/em><br data-start=\"345\" data-end=\"348\" \/><strong data-start=\"348\" data-end=\"359\">Famille<\/strong> : Crassulaceae<\/p>\n<h4 class=\"\" data-start=\"376\" data-end=\"401\"><strong data-start=\"381\" data-end=\"401\">Caract\u00e9ristiques<\/strong><\/h4>\n<ul data-start=\"402\" data-end=\"744\">\n<li class=\"\" data-start=\"402\" data-end=\"451\">\n<p class=\"\" data-start=\"404\" data-end=\"451\"><strong data-start=\"404\" data-end=\"422\">Type de plante<\/strong> : Plante succulente vivace<\/p>\n<\/li>\n<li class=\"\" data-start=\"452\" data-end=\"496\">\n<p class=\"\" data-start=\"454\" data-end=\"496\"><strong data-start=\"454\" data-end=\"464\">Taille<\/strong> : Jusqu\u2019\u00e0 15-20 cm de hauteur<\/p>\n<\/li>\n<li class=\"\" data-start=\"497\" data-end=\"575\">\n<p class=\"\" data-start=\"499\" data-end=\"575\"><strong data-start=\"499\" data-end=\"508\">Forme<\/strong> : Rosette de feuilles \u00e9paisses et lanc\u00e9ol\u00e9es, l\u00e9g\u00e8rement dent\u00e9es<\/p>\n<\/li>\n<li class=\"\" data-start=\"576\" data-end=\"688\">\n<p class=\"\" data-start=\"578\" data-end=\"688\"><strong data-start=\"578\" data-end=\"589\">Couleur<\/strong> : Feuilles vert-gris avec des pointes ros\u00e9es, couvertes de poils fins donnant un aspect duveteux<\/p>\n<\/li>\n<li class=\"\" data-start=\"689\" data-end=\"744\">\n<p class=\"\" data-start=\"691\" data-end=\"744\"><strong data-start=\"691\" data-end=\"701\">Fleurs<\/strong> : Petites fleurs orange \u00e0 rouge en grappes<\/p>\n<\/li>\n<\/ul>\n<h4 class=\"\" data-start=\"746\" data-end=\"764\"><strong data-start=\"751\" data-end=\"764\">Entretien<\/strong><\/h4>\n<ul data-start=\"765\" data-end=\"1241\">\n<li class=\"\" data-start=\"765\" data-end=\"861\">\n<p class=\"\" data-start=\"767\" data-end=\"861\"><strong data-start=\"767\" data-end=\"778\">Lumi\u00e8re<\/strong> : Lumi\u00e8re vive, de pr\u00e9f\u00e9rence en plein soleil. Tol\u00e8re aussi la lumi\u00e8re indirecte<\/p>\n<\/li>\n<li class=\"\" data-start=\"862\" data-end=\"915\">\n<p class=\"\" data-start=\"864\" data-end=\"915\"><strong data-start=\"864\" data-end=\"879\">Temp\u00e9rature<\/strong> : 18-25\u00b0C, ne supporte pas le gel<\/p>\n<\/li>\n<li class=\"\" data-start=\"916\" data-end=\"1003\">\n<p class=\"\" data-start=\"918\" data-end=\"1003\"><strong data-start=\"918\" data-end=\"930\">Arrosage<\/strong> : Mod\u00e9r\u00e9. Laisser s\u00e9cher compl\u00e8tement le substrat entre deux arrosages<\/p>\n<\/li>\n<li class=\"\" data-start=\"1004\" data-end=\"1095\">\n<p class=\"\" data-start=\"1006\" data-end=\"1095\"><strong data-start=\"1006\" data-end=\"1018\">Substrat<\/strong> : Bien drain\u00e9, m\u00e9lange pour cactus ou plantes grasses avec un peu de sable<\/p>\n<\/li>\n<li class=\"\" data-start=\"1096\" data-end=\"1187\">\n<p class=\"\" data-start=\"1098\" data-end=\"1187\"><strong data-start=\"1098\" data-end=\"1109\">Engrais<\/strong> : Une fois par mois au printemps et en \u00e9t\u00e9 avec un engrais pour succulentes<\/p>\n<\/li>\n<li class=\"\" data-start=\"1188\" data-end=\"1241\">\n<p class=\"\" data-start=\"1190\" data-end=\"1241\"><strong data-start=\"1190\" data-end=\"1208\">Repos hivernal<\/strong> : R\u00e9duire les arrosages en hiver<\/p>\n<\/li>\n<\/ul>\n<h4 class=\"\" data-start=\"1243\" data-end=\"1261\"><strong data-start=\"1248\" data-end=\"1261\">Avantages<\/strong><\/h4>\n<ul data-start=\"1262\" data-end=\"1391\">\n<li class=\"\" data-start=\"1262\" data-end=\"1341\">\n<p class=\"\" data-start=\"1264\" data-end=\"1341\"><strong data-start=\"1264\" data-end=\"1278\">D\u00e9coration<\/strong> : Id\u00e9ale pour terrasses, jardins secs ou int\u00e9rieurs lumineux<\/p>\n<\/li>\n<li class=\"\" data-start=\"1342\" data-end=\"1391\">\n<p class=\"\" data-start=\"1344\" data-end=\"1391\"><strong data-start=\"1344\" data-end=\"1361\">Peu exigeante<\/strong> : Parfaite pour les d\u00e9butants<\/p>\n<\/li>\n<\/ul>\n<h4 class=\"\" data-start=\"1393\" data-end=\"1411\"><strong data-start=\"1398\" data-end=\"1411\">Remarques<\/strong><\/h4>\n<ul data-start=\"1412\" data-end=\"1540\">\n<li class=\"\" data-start=\"1412\" data-end=\"1491\">\n<p class=\"\" data-start=\"1414\" data-end=\"1491\"><strong data-start=\"1414\" data-end=\"1426\">Toxicit\u00e9<\/strong> : Non toxique pour les animaux, mais ingestion non recommand\u00e9e<\/p>\n<\/li>\n<li class=\"\" data-start=\"1492\" data-end=\"1540\">\n<p class=\"\" data-start=\"1494\" data-end=\"1540\"><strong data-start=\"1494\" data-end=\"1512\">Multiplication<\/strong> : Par bouturage de feuilles.<\/p>\n<\/li>\n<\/ul>\n","protected":false},"excerpt":{"rendered":"<p class=\"\" data-start=\"1586\" data-end=\"1802\">Apportez une touche de nature chez vous avec l\u2019<strong data-start=\"1633\" data-end=\"1653\">Echeveria setosa<\/strong> ! \ud83c\udf35 Ses feuilles duveteuses et ses couleurs douces en font une succulente d\u00e9corative facile \u00e0 entretenir. Parfaite pour les int\u00e9rieurs lumineux. \ud83c\udf3f<\/p>\n<p data-start=\"0\" data-end=\"24\"><strong data-start=\"0\" data-end=\"22\">Caract\u00e9ristiques :<\/strong><\/p>\n<ul data-start=\"26\" data-end=\"63\" data-is-last-node=\"\" data-is-only-node=\"\">\n<li data-start=\"26\" data-end=\"46\"><strong data-start=\"28\" data-end=\"37\">Pot :<\/strong>\u00a05,5 (cm).<\/li>\n<li data-start=\"47\" data-end=\"63\" data-is-last-node=\"\"><strong data-start=\"49\" data-end=\"63\" data-is-last-node=\"\">Int\u00e9rieur\u00a0<\/strong><\/li>\n<\/ul>\n","protected":false},"featured_media":41643,"template":"","meta":[],"product_brand":[],"product_cat":[637],"product_tag":[],"class_list":{"0":"post-41678","1":"product","2":"type-product","3":"status-publish","4":"has-post-thumbnail","6":"product_cat-plantes-naturelles","8":"first","9":"outofstock","10":"shipping-taxable","11":"purchasable","12":"product-type-simple"},"yoast_head":"<!-- This site is optimized with the Yoast SEO plugin v27.3 - https:\/\/yoast.com\/product\/yoast-seo-wordpress\/ -->\n<title>Echeveria setosa | Plante succulente - ANTDERGROUND<\/title>\n<meta name=\"description\" content=\"Adoptez l\u2019Echeveria setosa \ud83c\udf35, une plante succulente facile \u00e0 entretenir. Id\u00e9ale pour d\u00e9corer vos int\u00e9rieurs lumineux. \ud83c\udf3f\" \/>\n<meta name=\"robots\" content=\"index, follow, max-snippet:-1, max-image-preview:large, max-video-preview:-1\" \/>\n<link rel=\"canonical\" href=\"https:\/\/antderground.com\/fr\/produit\/echeveria-setosa\/\" \/>\n<meta property=\"og:locale\" content=\"fr_FR\" \/>\n<meta property=\"og:type\" content=\"article\" \/>\n<meta property=\"og:title\" content=\"Echeveria setosa | Plante succulente - ANTDERGROUND\" \/>\n<meta property=\"og:description\" content=\"Adoptez l\u2019Echeveria setosa \ud83c\udf35, une plante succulente facile \u00e0 entretenir. Id\u00e9ale pour d\u00e9corer vos int\u00e9rieurs lumineux. \ud83c\udf3f\" \/>\n<meta property=\"og:url\" content=\"https:\/\/antderground.com\/fr\/produit\/echeveria-setosa\/\" \/>\n<meta property=\"og:site_name\" content=\"ANTDERGROUND\" \/>\n<meta property=\"og:image\" content=\"https:\/\/antderground.com\/wp-content\/uploads\/2025\/04\/Echeveria-setosa.jpeg\" \/>\n\t<meta property=\"og:image:width\" content=\"1600\" \/>\n\t<meta property=\"og:image:height\" content=\"1600\" \/>\n\t<meta property=\"og:image:type\" content=\"image\/jpeg\" \/>\n<meta name=\"twitter:card\" content=\"summary_large_image\" \/>\n<meta name=\"twitter:label1\" content=\"Dur\u00e9e de lecture estim\u00e9e\" \/>\n\t<meta name=\"twitter:data1\" content=\"1 minute\" \/>\n<script type=\"application\/ld+json\" class=\"yoast-schema-graph\">{\"@context\":\"https:\\\/\\\/schema.org\",\"@graph\":[{\"@type\":\"WebPage\",\"@id\":\"https:\\\/\\\/antderground.com\\\/fr\\\/produit\\\/echeveria-setosa\\\/\",\"url\":\"https:\\\/\\\/antderground.com\\\/fr\\\/produit\\\/echeveria-setosa\\\/\",\"name\":\"Echeveria setosa | Plante succulente - ANTDERGROUND\",\"isPartOf\":{\"@id\":\"https:\\\/\\\/antderground.com\\\/fr\\\/#website\"},\"primaryImageOfPage\":{\"@id\":\"https:\\\/\\\/antderground.com\\\/fr\\\/produit\\\/echeveria-setosa\\\/#primaryimage\"},\"image\":{\"@id\":\"https:\\\/\\\/antderground.com\\\/fr\\\/produit\\\/echeveria-setosa\\\/#primaryimage\"},\"thumbnailUrl\":\"https:\\\/\\\/antderground.com\\\/wp-content\\\/uploads\\\/2025\\\/04\\\/Echeveria-setosa.jpeg\",\"datePublished\":\"2025-04-07T11:25:55+00:00\",\"description\":\"Adoptez l\u2019Echeveria setosa \ud83c\udf35, une plante succulente facile \u00e0 entretenir. Id\u00e9ale pour d\u00e9corer vos int\u00e9rieurs lumineux. \ud83c\udf3f\",\"breadcrumb\":{\"@id\":\"https:\\\/\\\/antderground.com\\\/fr\\\/produit\\\/echeveria-setosa\\\/#breadcrumb\"},\"inLanguage\":\"fr-FR\",\"potentialAction\":[{\"@type\":\"ReadAction\",\"target\":[\"https:\\\/\\\/antderground.com\\\/fr\\\/produit\\\/echeveria-setosa\\\/\"]}]},{\"@type\":\"ImageObject\",\"inLanguage\":\"fr-FR\",\"@id\":\"https:\\\/\\\/antderground.com\\\/fr\\\/produit\\\/echeveria-setosa\\\/#primaryimage\",\"url\":\"https:\\\/\\\/antderground.com\\\/wp-content\\\/uploads\\\/2025\\\/04\\\/Echeveria-setosa.jpeg\",\"contentUrl\":\"https:\\\/\\\/antderground.com\\\/wp-content\\\/uploads\\\/2025\\\/04\\\/Echeveria-setosa.jpeg\",\"width\":1600,\"height\":1600,\"caption\":\"Echeveria setosa\"},{\"@type\":\"BreadcrumbList\",\"@id\":\"https:\\\/\\\/antderground.com\\\/fr\\\/produit\\\/echeveria-setosa\\\/#breadcrumb\",\"itemListElement\":[{\"@type\":\"ListItem\",\"position\":1,\"name\":\"Portada\",\"item\":\"https:\\\/\\\/antderground.com\\\/fr\\\/\"},{\"@type\":\"ListItem\",\"position\":2,\"name\":\"Boutique\",\"item\":\"https:\\\/\\\/antderground.com\\\/fr\\\/boutique\\\/\"},{\"@type\":\"ListItem\",\"position\":3,\"name\":\"Echeveria setosa\"}]},{\"@type\":\"WebSite\",\"@id\":\"https:\\\/\\\/antderground.com\\\/fr\\\/#website\",\"url\":\"https:\\\/\\\/antderground.com\\\/fr\\\/\",\"name\":\"ANTDERGROUND\",\"description\":\"Tu tienda de hormigas, gran variedad de hormigueros acr\u00edlicos,madera,arena,3D y mas.. Pide tus hormigas gratis con tu pedido, somos expertos en hormigueros antifugas.\",\"publisher\":{\"@id\":\"https:\\\/\\\/antderground.com\\\/fr\\\/#\\\/schema\\\/person\\\/0e322c505e84fe72c65e2f6d08f96b81\"},\"alternateName\":\"Antderground\",\"potentialAction\":[{\"@type\":\"SearchAction\",\"target\":{\"@type\":\"EntryPoint\",\"urlTemplate\":\"https:\\\/\\\/antderground.com\\\/fr\\\/?s={search_term_string}\"},\"query-input\":{\"@type\":\"PropertyValueSpecification\",\"valueRequired\":true,\"valueName\":\"search_term_string\"}}],\"inLanguage\":\"fr-FR\"},{\"@type\":[\"Person\",\"Organization\"],\"@id\":\"https:\\\/\\\/antderground.com\\\/fr\\\/#\\\/schema\\\/person\\\/0e322c505e84fe72c65e2f6d08f96b81\",\"name\":\"Eric de Antderground\",\"image\":{\"@type\":\"ImageObject\",\"inLanguage\":\"fr-FR\",\"@id\":\"https:\\\/\\\/secure.gravatar.com\\\/avatar\\\/c49a1b9f79216d1498cb73c1e85cd47f4465dda35f2a94c03790d491bd4423c3?s=96&d=mm&r=g\",\"url\":\"https:\\\/\\\/secure.gravatar.com\\\/avatar\\\/c49a1b9f79216d1498cb73c1e85cd47f4465dda35f2a94c03790d491bd4423c3?s=96&d=mm&r=g\",\"contentUrl\":\"https:\\\/\\\/secure.gravatar.com\\\/avatar\\\/c49a1b9f79216d1498cb73c1e85cd47f4465dda35f2a94c03790d491bd4423c3?s=96&d=mm&r=g\",\"caption\":\"Eric de Antderground\"},\"logo\":{\"@id\":\"https:\\\/\\\/secure.gravatar.com\\\/avatar\\\/c49a1b9f79216d1498cb73c1e85cd47f4465dda35f2a94c03790d491bd4423c3?s=96&d=mm&r=g\"},\"description\":\"Eric es el especialista y fundador de Antderground, con una amplia trayectoria en artr\u00f3podos y enfocado en la mirmecolog\u00eda y el dise\u00f1o de hormigueros artificiales. Su enfoque combina la innovaci\u00f3n t\u00e9cnica con el respeto por la biolog\u00eda de las hormigas, is\u00f3podos y otros, desarrollando sistemas de nidos modulares 3D y acr\u00edlicos que son referentes para aficionados y profesionales en toda Europa. Su objetivo es facilitar la cr\u00eda de hormigas y otros artr\u00f3podos mediante soluciones seguras y divulgaci\u00f3n de calidad.\",\"sameAs\":[\"https:\\\/\\\/antderground.com\\\/\",\"https:\\\/\\\/www.youtube.com\\\/channel\\\/UCio72z7TlbufkAthAJIJfPw\"]}]}<\/script>\n<!-- \/ Yoast SEO plugin. -->","yoast_head_json":{"title":"Echeveria setosa | Plante succulente - ANTDERGROUND","description":"Adoptez l\u2019Echeveria setosa \ud83c\udf35, une plante succulente facile \u00e0 entretenir. Id\u00e9ale pour d\u00e9corer vos int\u00e9rieurs lumineux. \ud83c\udf3f","robots":{"index":"index","follow":"follow","max-snippet":"max-snippet:-1","max-image-preview":"max-image-preview:large","max-video-preview":"max-video-preview:-1"},"canonical":"https:\/\/antderground.com\/fr\/produit\/echeveria-setosa\/","og_locale":"fr_FR","og_type":"article","og_title":"Echeveria setosa | Plante succulente - ANTDERGROUND","og_description":"Adoptez l\u2019Echeveria setosa \ud83c\udf35, une plante succulente facile \u00e0 entretenir. Id\u00e9ale pour d\u00e9corer vos int\u00e9rieurs lumineux. \ud83c\udf3f","og_url":"https:\/\/antderground.com\/fr\/produit\/echeveria-setosa\/","og_site_name":"ANTDERGROUND","og_image":[{"width":1600,"height":1600,"url":"https:\/\/antderground.com\/wp-content\/uploads\/2025\/04\/Echeveria-setosa.jpeg","type":"image\/jpeg"}],"twitter_card":"summary_large_image","twitter_misc":{"Dur\u00e9e de lecture estim\u00e9e":"1 minute"},"schema":{"@context":"https:\/\/schema.org","@graph":[{"@type":"WebPage","@id":"https:\/\/antderground.com\/fr\/produit\/echeveria-setosa\/","url":"https:\/\/antderground.com\/fr\/produit\/echeveria-setosa\/","name":"Echeveria setosa | Plante succulente - ANTDERGROUND","isPartOf":{"@id":"https:\/\/antderground.com\/fr\/#website"},"primaryImageOfPage":{"@id":"https:\/\/antderground.com\/fr\/produit\/echeveria-setosa\/#primaryimage"},"image":{"@id":"https:\/\/antderground.com\/fr\/produit\/echeveria-setosa\/#primaryimage"},"thumbnailUrl":"https:\/\/antderground.com\/wp-content\/uploads\/2025\/04\/Echeveria-setosa.jpeg","datePublished":"2025-04-07T11:25:55+00:00","description":"Adoptez l\u2019Echeveria setosa \ud83c\udf35, une plante succulente facile \u00e0 entretenir. Id\u00e9ale pour d\u00e9corer vos int\u00e9rieurs lumineux. \ud83c\udf3f","breadcrumb":{"@id":"https:\/\/antderground.com\/fr\/produit\/echeveria-setosa\/#breadcrumb"},"inLanguage":"fr-FR","potentialAction":[{"@type":"ReadAction","target":["https:\/\/antderground.com\/fr\/produit\/echeveria-setosa\/"]}]},{"@type":"ImageObject","inLanguage":"fr-FR","@id":"https:\/\/antderground.com\/fr\/produit\/echeveria-setosa\/#primaryimage","url":"https:\/\/antderground.com\/wp-content\/uploads\/2025\/04\/Echeveria-setosa.jpeg","contentUrl":"https:\/\/antderground.com\/wp-content\/uploads\/2025\/04\/Echeveria-setosa.jpeg","width":1600,"height":1600,"caption":"Echeveria setosa"},{"@type":"BreadcrumbList","@id":"https:\/\/antderground.com\/fr\/produit\/echeveria-setosa\/#breadcrumb","itemListElement":[{"@type":"ListItem","position":1,"name":"Portada","item":"https:\/\/antderground.com\/fr\/"},{"@type":"ListItem","position":2,"name":"Boutique","item":"https:\/\/antderground.com\/fr\/boutique\/"},{"@type":"ListItem","position":3,"name":"Echeveria setosa"}]},{"@type":"WebSite","@id":"https:\/\/antderground.com\/fr\/#website","url":"https:\/\/antderground.com\/fr\/","name":"ANTDERGROUND","description":"Tu tienda de hormigas, gran variedad de hormigueros acr\u00edlicos,madera,arena,3D y mas.. Pide tus hormigas gratis con tu pedido, somos expertos en hormigueros antifugas.","publisher":{"@id":"https:\/\/antderground.com\/fr\/#\/schema\/person\/0e322c505e84fe72c65e2f6d08f96b81"},"alternateName":"Antderground","potentialAction":[{"@type":"SearchAction","target":{"@type":"EntryPoint","urlTemplate":"https:\/\/antderground.com\/fr\/?s={search_term_string}"},"query-input":{"@type":"PropertyValueSpecification","valueRequired":true,"valueName":"search_term_string"}}],"inLanguage":"fr-FR"},{"@type":["Person","Organization"],"@id":"https:\/\/antderground.com\/fr\/#\/schema\/person\/0e322c505e84fe72c65e2f6d08f96b81","name":"Eric de Antderground","image":{"@type":"ImageObject","inLanguage":"fr-FR","@id":"https:\/\/secure.gravatar.com\/avatar\/c49a1b9f79216d1498cb73c1e85cd47f4465dda35f2a94c03790d491bd4423c3?s=96&d=mm&r=g","url":"https:\/\/secure.gravatar.com\/avatar\/c49a1b9f79216d1498cb73c1e85cd47f4465dda35f2a94c03790d491bd4423c3?s=96&d=mm&r=g","contentUrl":"https:\/\/secure.gravatar.com\/avatar\/c49a1b9f79216d1498cb73c1e85cd47f4465dda35f2a94c03790d491bd4423c3?s=96&d=mm&r=g","caption":"Eric de Antderground"},"logo":{"@id":"https:\/\/secure.gravatar.com\/avatar\/c49a1b9f79216d1498cb73c1e85cd47f4465dda35f2a94c03790d491bd4423c3?s=96&d=mm&r=g"},"description":"Eric es el especialista y fundador de Antderground, con una amplia trayectoria en artr\u00f3podos y enfocado en la mirmecolog\u00eda y el dise\u00f1o de hormigueros artificiales. Su enfoque combina la innovaci\u00f3n t\u00e9cnica con el respeto por la biolog\u00eda de las hormigas, is\u00f3podos y otros, desarrollando sistemas de nidos modulares 3D y acr\u00edlicos que son referentes para aficionados y profesionales en toda Europa. Su objetivo es facilitar la cr\u00eda de hormigas y otros artr\u00f3podos mediante soluciones seguras y divulgaci\u00f3n de calidad.","sameAs":["https:\/\/antderground.com\/","https:\/\/www.youtube.com\/channel\/UCio72z7TlbufkAthAJIJfPw"]}]}},"_links":{"self":[{"href":"https:\/\/antderground.com\/fr\/wp-json\/wp\/v2\/product\/41678","targetHints":{"allow":["GET"]}}],"collection":[{"href":"https:\/\/antderground.com\/fr\/wp-json\/wp\/v2\/product"}],"about":[{"href":"https:\/\/antderground.com\/fr\/wp-json\/wp\/v2\/types\/product"}],"version-history":[{"count":0,"href":"https:\/\/antderground.com\/fr\/wp-json\/wp\/v2\/product\/41678\/revisions"}],"wp:featuredmedia":[{"embeddable":true,"href":"https:\/\/antderground.com\/fr\/wp-json\/wp\/v2\/media\/41643"}],"wp:attachment":[{"href":"https:\/\/antderground.com\/fr\/wp-json\/wp\/v2\/media?parent=41678"}],"wp:term":[{"taxonomy":"product_brand","embeddable":true,"href":"https:\/\/antderground.com\/fr\/wp-json\/wp\/v2\/product_brand?post=41678"},{"taxonomy":"product_cat","embeddable":true,"href":"https:\/\/antderground.com\/fr\/wp-json\/wp\/v2\/product_cat?post=41678"},{"taxonomy":"product_tag","embeddable":true,"href":"https:\/\/antderground.com\/fr\/wp-json\/wp\/v2\/product_tag?post=41678"}],"curies":[{"name":"wp","href":"https:\/\/api.w.org\/{rel}","templated":true}]}}